{"id":92554,"date":"2025-10-09T12:36:51","date_gmt":"2025-10-09T11:36:51","guid":{"rendered":"https:\/\/truusk.store\/product\/sportnow-fitness-latdrag-gym-fitnessutrustning-kabeldrag-pulley-system-armstyrketraning-for-hemmet\/"},"modified":"2026-03-12T08:46:15","modified_gmt":"2026-03-12T07:46:15","slug":"truusk-fitness-latdrag-gym-kabeldrag-pulley-system-armstyrketraning-hemtraning-130-tecken","status":"publish","type":"product","link":"https:\/\/truusk.store\/sv\/produkt\/truusk-fitness-latdrag-gym-kabeldrag-pulley-system-armstyrketraning-hemtraning-130-tecken\/","title":{"rendered":"TRUUSK Fitness Latdrag Gym &#8211; Kabeldrag Pulley System &#8211; Armstyrketr\u00e4ning &#8211; Hemtr\u00e4ning &#8211; 130 tecken"},"content":{"rendered":"<p>St\u00f6rd av ett hemgym som begr\u00e4nsar dina m\u00f6jligheter och v\u00e4cker s\u00e4kerhetsfr\u00e5gor? SPORTNOW Fitness Latdrag Gym revolutionerar ditt tr\u00e4ningsomr\u00e5de. Tillverkad av robust st\u00e5l och designad med f\u00f6rst\u00e4rkta kablar f\u00f6r s\u00e4ker lyftning upp till 100 kg, \u00e4r latdragmaskinen kompatibel med alla rack och standardvikter och m\u00f6jligg\u00f6r en problemfri, flexibel tr\u00e4ningsupplevelse som f\u00f6rvandlar ditt hem till ett riktigt gym.<\/p>\n<p>Beskrivning:<\/p>\n<ul>\n<li> Latdragmaskinen inneh\u00e5ller flera tillbeh\u00f6r f\u00f6r olika \u00f6vningar som m\u00f6jligg\u00f6r helkroppstr\u00e4ning hemma<\/li>\n<li> Tillverkad av robust st\u00e5l f\u00f6r att s\u00e4kert st\u00f6dja upp till 100 kg<\/li>\n<li> Lastpinnen p\u00e5 Fitness Latdrag Gym passar b\u00e5de f\u00f6r 2,5 cm och 5 cm viktplattor f\u00f6r att s\u00e4kerst\u00e4lla kompatibilitet<\/li>\n<li> Det dubbla, ljudl\u00f6sa omkastningssystemet p\u00e5 Fitness Latdrag Gym m\u00f6jligg\u00f6r mer kreativa och individuellt anpassade tr\u00e4ningsrutiner<\/li>\n<li> Allt-i-ett-setet \u00e4r kompakt och b\u00e4rbar f\u00f6r sm\u00e5 hemgym<\/li>\n<\/ul>\n<p> Tekniska data:<\/p>\n<ul>\n<li> F\u00e4rg: R\u00f6d<\/li>\n<li> Material: St\u00e5l, Nylon<\/li>\n<li> Kabell\u00e4ngd: \u00d80,5 x 200L cm, \u00d80,5 x 140L cm<\/li>\n<li> Latdragst\u00e5ng storlek: \u00d82,5 x 98L cm<\/li>\n<li> Nylonhandtag storlek: \u00d82,5 x 68L cm<\/li>\n<li> Remhandtag storlek: 40L x 4B cm<\/li>\n<li> Viktstift storlek: \u00d85 x 35L cm<\/li>\n<li> Maximal belastning: 100 kg<\/li>\n<\/ul>\n<p>Leverans inneh\u00e5ller:<\/p>\n<ul>\n<li> 1 x Latdragst\u00e5ng<\/li>\n<li> 1 x Nylonhandtag<\/li>\n<li> 2 x Slinghandtag<\/li>\n<li> 2 x Tyst rulle<\/li>\n<li> 3 x Kabel<\/li>\n<li> 1 x Viktladdningspinne<\/li>\n<li> 2 x Upph\u00e4ngningsrem<\/li>\n<li> 6 x Karbinhake<\/li>\n<li> 2 x Remkrok<\/li>\n<li> 1 x Bruksanvisning<\/li>\n<\/ul>\n","protected":false},"excerpt":{"rendered":"<p>St\u00f6rd av ett hemgym som begr\u00e4nsar dina m\u00f6jligheter och v\u00e4cker s\u00e4kerhetsfr\u00e5gor? SPORTNOW Fitness Latdrag Gym revolutionerar ditt tr\u00e4ningsomr\u00e5de. Tillverkad av&#8230;<\/p>\n","protected":false},"featured_media":92545,"template":"","meta":[],"product_brand":[],"product_cat":[1030,867,1090],"product_tag":[],"class_list":{"0":"post-92554","1":"product","2":"type-product","3":"status-publish","4":"has-post-thumbnail","6":"product_cat-bilaccessoarer","7":"product_cat-byggmarknad","8":"product_cat-verktyg-verkstad","10":"first","11":"instock","12":"sale","13":"taxable","14":"shipping-taxable","15":"purchasable","16":"product-type-simple"},"yoast_head":"<!-- This site is optimized with the Yoast SEO plugin v25.4 - https:\/\/yoast.com\/wordpress\/plugins\/seo\/ -->\n<title>TRUUSK Fitness Latdrag Gym - Kabeldrag Pulley System - Armstyrketr\u00e4ning - Hemtr\u00e4ning - 130 tecken - TRUUSK - Hem, Tr\u00e4dg\u00e5rd &amp; Fritid<\/title>\n<meta name=\"robots\" content=\"index, follow, max-snippet:-1, max-image-preview:large, max-video-preview:-1\" \/>\n<link rel=\"canonical\" href=\"https:\/\/truusk.store\/sv\/produkt\/truusk-fitness-latdrag-gym-kabeldrag-pulley-system-armstyrketraning-hemtraning-130-tecken\/\" \/>\n<meta property=\"og:locale\" content=\"sv_SE\" \/>\n<meta property=\"og:type\" content=\"article\" \/>\n<meta property=\"og:title\" content=\"TRUUSK Fitness Latdrag Gym - Kabeldrag Pulley System - Armstyrketr\u00e4ning - Hemtr\u00e4ning - 130 tecken - TRUUSK - Hem, Tr\u00e4dg\u00e5rd &amp; Fritid\" \/>\n<meta property=\"og:description\" content=\"St\u00f6rd av ett hemgym som begr\u00e4nsar dina m\u00f6jligheter och v\u00e4cker s\u00e4kerhetsfr\u00e5gor? SPORTNOW Fitness Latdrag Gym revolutionerar ditt tr\u00e4ningsomr\u00e5de. Tillverkad av...\" \/>\n<meta property=\"og:url\" content=\"https:\/\/truusk.store\/sv\/produkt\/truusk-fitness-latdrag-gym-kabeldrag-pulley-system-armstyrketraning-hemtraning-130-tecken\/\" \/>\n<meta property=\"og:site_name\" content=\"TRUUSK - Hem, Tr\u00e4dg\u00e5rd &amp; Fritid\" \/>\n<meta property=\"article:modified_time\" content=\"2026-03-12T07:46:15+00:00\" \/>\n<meta property=\"og:image\" content=\"https:\/\/i0.wp.com\/truusk.se\/wp-content\/uploads\/2025\/10\/sportnow-fitness-latdrag-gym-fitnessutrustning-kabeldrag-pulley-system-armstyrketraning-for-hemmet-1.webp?fit=2000%2C2000&ssl=1\" \/>\n\t<meta property=\"og:image:width\" content=\"2000\" \/>\n\t<meta property=\"og:image:height\" content=\"2000\" \/>\n\t<meta property=\"og:image:type\" content=\"image\/webp\" \/>\n<meta name=\"twitter:card\" content=\"summary_large_image\" \/>\n<meta name=\"twitter:label1\" content=\"Ber\u00e4knad l\u00e4stid\" \/>\n\t<meta name=\"twitter:data1\" content=\"1 minut\" \/>\n<!-- \/ Yoast SEO plugin. -->","yoast_head_json":{"title":"TRUUSK Fitness Latdrag Gym - Kabeldrag Pulley System - Armstyrketr\u00e4ning - Hemtr\u00e4ning - 130 tecken - TRUUSK - Hem, Tr\u00e4dg\u00e5rd &amp; Fritid","robots":{"index":"index","follow":"follow","max-snippet":"max-snippet:-1","max-image-preview":"max-image-preview:large","max-video-preview":"max-video-preview:-1"},"canonical":"https:\/\/truusk.store\/sv\/produkt\/truusk-fitness-latdrag-gym-kabeldrag-pulley-system-armstyrketraning-hemtraning-130-tecken\/","og_locale":"sv_SE","og_type":"article","og_title":"TRUUSK Fitness Latdrag Gym - Kabeldrag Pulley System - Armstyrketr\u00e4ning - Hemtr\u00e4ning - 130 tecken - TRUUSK - Hem, Tr\u00e4dg\u00e5rd &amp; Fritid","og_description":"St\u00f6rd av ett hemgym som begr\u00e4nsar dina m\u00f6jligheter och v\u00e4cker s\u00e4kerhetsfr\u00e5gor? SPORTNOW Fitness Latdrag Gym revolutionerar ditt tr\u00e4ningsomr\u00e5de. Tillverkad av...","og_url":"https:\/\/truusk.store\/sv\/produkt\/truusk-fitness-latdrag-gym-kabeldrag-pulley-system-armstyrketraning-hemtraning-130-tecken\/","og_site_name":"TRUUSK - Hem, Tr\u00e4dg\u00e5rd &amp; Fritid","article_modified_time":"2026-03-12T07:46:15+00:00","og_image":[{"width":2000,"height":2000,"url":"https:\/\/i0.wp.com\/truusk.se\/wp-content\/uploads\/2025\/10\/sportnow-fitness-latdrag-gym-fitnessutrustning-kabeldrag-pulley-system-armstyrketraning-for-hemmet-1.webp?fit=2000%2C2000&ssl=1","type":"image\/webp"}],"twitter_card":"summary_large_image","twitter_misc":{"Ber\u00e4knad l\u00e4stid":"1 minut"},"schema":{"@context":"https:\/\/schema.org","@graph":[{"@type":"WebPage","@id":"https:\/\/truusk.store\/sv\/produkt\/truusk-fitness-latdrag-gym-kabeldrag-pulley-system-armstyrketraning-hemtraning-130-tecken\/","url":"https:\/\/truusk.store\/sv\/produkt\/truusk-fitness-latdrag-gym-kabeldrag-pulley-system-armstyrketraning-hemtraning-130-tecken\/","name":"TRUUSK Fitness Latdrag Gym - Kabeldrag Pulley System - Armstyrketr\u00e4ning - Hemtr\u00e4ning - 130 tecken - TRUUSK - Hem, Tr\u00e4dg\u00e5rd &amp; Fritid","isPartOf":{"@id":"https:\/\/truusk.store\/sv\/#website"},"primaryImageOfPage":{"@id":"https:\/\/truusk.store\/sv\/produkt\/truusk-fitness-latdrag-gym-kabeldrag-pulley-system-armstyrketraning-hemtraning-130-tecken\/#primaryimage"},"image":{"@id":"https:\/\/truusk.store\/sv\/produkt\/truusk-fitness-latdrag-gym-kabeldrag-pulley-system-armstyrketraning-hemtraning-130-tecken\/#primaryimage"},"thumbnailUrl":"https:\/\/i0.wp.com\/truusk.store\/wp-content\/uploads\/2025\/10\/sportnow-fitness-latdrag-gym-fitnessutrustning-kabeldrag-pulley-system-armstyrketraning-for-hemmet-1.webp?fit=2000%2C2000&ssl=1","datePublished":"2025-10-09T11:36:51+00:00","dateModified":"2026-03-12T07:46:15+00:00","breadcrumb":{"@id":"https:\/\/truusk.store\/sv\/produkt\/truusk-fitness-latdrag-gym-kabeldrag-pulley-system-armstyrketraning-hemtraning-130-tecken\/#breadcrumb"},"inLanguage":"sv-SE","potentialAction":[{"@type":"ReadAction","target":["https:\/\/truusk.store\/sv\/produkt\/truusk-fitness-latdrag-gym-kabeldrag-pulley-system-armstyrketraning-hemtraning-130-tecken\/"]}]},{"@type":"ImageObject","inLanguage":"sv-SE","@id":"https:\/\/truusk.store\/sv\/produkt\/truusk-fitness-latdrag-gym-kabeldrag-pulley-system-armstyrketraning-hemtraning-130-tecken\/#primaryimage","url":"https:\/\/i0.wp.com\/truusk.store\/wp-content\/uploads\/2025\/10\/sportnow-fitness-latdrag-gym-fitnessutrustning-kabeldrag-pulley-system-armstyrketraning-for-hemmet-1.webp?fit=2000%2C2000&ssl=1","contentUrl":"https:\/\/i0.wp.com\/truusk.store\/wp-content\/uploads\/2025\/10\/sportnow-fitness-latdrag-gym-fitnessutrustning-kabeldrag-pulley-system-armstyrketraning-for-hemmet-1.webp?fit=2000%2C2000&ssl=1","width":2000,"height":2000},{"@type":"BreadcrumbList","@id":"https:\/\/truusk.store\/sv\/produkt\/truusk-fitness-latdrag-gym-kabeldrag-pulley-system-armstyrketraning-hemtraning-130-tecken\/#breadcrumb","itemListElement":[{"@type":"ListItem","position":1,"name":"Home","item":"https:\/\/truusk.store\/sv\/"},{"@type":"ListItem","position":2,"name":"Shop","item":"https:\/\/truusk.store\/shop\/"},{"@type":"ListItem","position":3,"name":"TRUUSK Fitness Latdrag Gym &#8211; Kabeldrag Pulley System &#8211; Armstyrketr\u00e4ning &#8211; Hemtr\u00e4ning &#8211; 130 tecken"}]},{"@type":"WebSite","@id":"https:\/\/truusk.store\/sv\/#website","url":"https:\/\/truusk.store\/sv\/","name":"TRUUSK - Hem, Tr\u00e4dg\u00e5rd & Fritid","description":"","publisher":{"@id":"https:\/\/truusk.store\/sv\/#organization"},"potentialAction":[{"@type":"SearchAction","target":{"@type":"EntryPoint","urlTemplate":"https:\/\/truusk.store\/sv\/?s={search_term_string}"},"query-input":{"@type":"PropertyValueSpecification","valueRequired":true,"valueName":"search_term_string"}}],"inLanguage":"sv-SE"},{"@type":"Organization","@id":"https:\/\/truusk.store\/sv\/#organization","name":"TRUUSK - Hem, Tr\u00e4dg\u00e5rd & Fritid","url":"https:\/\/truusk.store\/sv\/","logo":{"@type":"ImageObject","inLanguage":"sv-SE","@id":"https:\/\/truusk.store\/sv\/#\/schema\/logo\/image\/","url":"https:\/\/i0.wp.com\/truusk.store\/wp-content\/uploads\/2026\/03\/cropped-TRUUSK.png?fit=2032%2C917&ssl=1","contentUrl":"https:\/\/i0.wp.com\/truusk.store\/wp-content\/uploads\/2026\/03\/cropped-TRUUSK.png?fit=2032%2C917&ssl=1","width":2032,"height":917,"caption":"TRUUSK - Hem, Tr\u00e4dg\u00e5rd & Fritid"},"image":{"@id":"https:\/\/truusk.store\/sv\/#\/schema\/logo\/image\/"}}]}},"jetpack_sharing_enabled":true,"_links":{"self":[{"href":"https:\/\/truusk.store\/sv\/wp-json\/wp\/v2\/product\/92554","targetHints":{"allow":["GET"]}}],"collection":[{"href":"https:\/\/truusk.store\/sv\/wp-json\/wp\/v2\/product"}],"about":[{"href":"https:\/\/truusk.store\/sv\/wp-json\/wp\/v2\/types\/product"}],"wp:featuredmedia":[{"embeddable":true,"href":"https:\/\/truusk.store\/sv\/wp-json\/wp\/v2\/media\/92545"}],"wp:attachment":[{"href":"https:\/\/truusk.store\/sv\/wp-json\/wp\/v2\/media?parent=92554"}],"wp:term":[{"taxonomy":"product_brand","embeddable":true,"href":"https:\/\/truusk.store\/sv\/wp-json\/wp\/v2\/product_brand?post=92554"},{"taxonomy":"product_cat","embeddable":true,"href":"https:\/\/truusk.store\/sv\/wp-json\/wp\/v2\/product_cat?post=92554"},{"taxonomy":"product_tag","embeddable":true,"href":"https:\/\/truusk.store\/sv\/wp-json\/wp\/v2\/product_tag?post=92554"}],"curies":[{"name":"wp","href":"https:\/\/api.w.org\/{rel}","templated":true}]}}