{"id":92574,"date":"2025-10-09T12:39:03","date_gmt":"2025-10-09T11:39:03","guid":{"rendered":"https:\/\/truusk.store\/product\/aiyaplay-5-delat-barnbord-och-stolset-med-forvaringsvaska-blomform-for-lekrum-barnrum-tra-fargglad\/"},"modified":"2026-03-12T08:46:39","modified_gmt":"2026-03-12T07:46:39","slug":"truusk-fallbar-barnvagn-och-kattvagn-regnskydd-natoppningar-kudde-forvaringskorg-for-hundar-och-katter-upp-till-10-kg","status":"publish","type":"product","link":"https:\/\/truusk.store\/sv\/produkt\/truusk-fallbar-barnvagn-och-kattvagn-regnskydd-natoppningar-kudde-forvaringskorg-for-hundar-och-katter-upp-till-10-kg\/","title":{"rendered":"TRUUSK F\u00e4llbar Barnvagn och Kattvagn &#8211; Regnskydd &#8211; N\u00e4t\u00f6ppningar &#8211; Kudde &#8211; F\u00f6rvaringskorg &#8211; F\u00f6r Hundar och Katter upp till 10 kg &#8211;"},"content":{"rendered":"<p>St\u00f6rd av oordning i lekrummet och instabila m\u00f6bler? St\u00e4ndig o\u00f6versk\u00e5dlighet och s\u00e4kerhetsrisker kan h\u00e4mma kreativiteten. AIYAPLAY barnbord och stolset skapar ett glatt, v\u00e4lorganiserat omr\u00e5de. Det centrala f\u00f6rvaringsutrymmet p\u00e5 barnbordet skapar ordning och den solida tr\u00e4konstruktionen ger en stabil, s\u00e4ker milj\u00f6 f\u00f6r alla aktiviteter, oavsett om det handlar om att pyssla, m\u00e5la, l\u00e4sa eller \u00e4ta.<\/p>\n<p>Beskrivning:<\/p>\n<ul>\n<li> Femdelat barnbord och stolset med livligt blomm\u00f6nster som lyser upp alla barnrum eller lekrum<\/li>\n<li> Har en central f\u00f6rvaringsv\u00e4ska som hj\u00e4lper barn att organisera sina leksaker ordentligt<\/li>\n<li> Tillverkad av massivt tr\u00e4, h\u00e5llbart och kan b\u00e4ra upp till 80 kg<\/li>\n<li> Alla kanter \u00e4r sl\u00e4ta och polerade och erbjuder ett s\u00e4kert och splintfritt lekomr\u00e5de<\/li>\n<li> Anpassad till barns storlek, fr\u00e4mjar sj\u00e4lvst\u00e4ndighet och en k\u00e4nsla av personligt utrymme<\/li>\n<li> Snabb 25-minuters montering g\u00f6r monteringen av barnsitsgruppen till en rolig och engagerande familjeaktivitet<\/li>\n<li> Robust lackerad yta \u00e4r rept\u00e5lig och kan enkelt reng\u00f6ras med en fuktig trasa<\/li>\n<\/ul>\n<p> Tekniska data:<\/p>\n<ul>\n<li> F\u00e4rg: Orange+Gul+Bl\u00e5+Ljusbl\u00e5<\/li>\n<li> Material: Tr\u00e4, Polyester<\/li>\n<li> Bordstorlek: 69L x 69B x 45H cm<\/li>\n<li> Stolstorlek: 34B x 34D x 44H cm<\/li>\n<li> Pallstorlek: 34B x 34D x 28H cm<\/li>\n<li> Bordsskivans storlek: 59,5L x 59,5B cm<\/li>\n<li> Sitsstorlek: 26B x 26D cm<\/li>\n<li> Sitth\u00f6jd: 28H cm<\/li>\n<li> Stolens ryggst\u00f6d: 23B x 16H cm<\/li>\n<li> Storlek p\u00e5 f\u00f6rvaringsv\u00e4skan: \u00d829 x 9,5H cm<\/li>\n<li> Rekommenderad \u00e5lder: 3-8 \u00e5r<\/li>\n<li> B\u00e4rkapacitet: 40 kg (bord), 80 kg (stol), 4 kg (bordsf\u00f6rvaring)<\/li>\n<\/ul>\n<p>Leveransinneh\u00e5ll:<\/p>\n<ul>\n<li> 1 x Barnbord<\/li>\n<li> 2 x Barnstol<\/li>\n<li> 2 x Barnpall<\/li>\n<li> 1 x Handbok<\/li>\n<\/ul>\n","protected":false},"excerpt":{"rendered":"<p>St\u00f6rd av oordning i lekrummet och instabila m\u00f6bler? St\u00e4ndig o\u00f6versk\u00e5dlighet och s\u00e4kerhetsrisker kan h\u00e4mma kreativiteten. AIYAPLAY barnbord och stolset skapar&#8230;<\/p>\n","protected":false},"featured_media":92565,"template":"","meta":[],"product_brand":[],"product_cat":[880,631,634],"product_tag":[],"class_list":{"0":"post-92574","1":"product","2":"type-product","3":"status-publish","4":"has-post-thumbnail","6":"product_cat-baby-barn-2","7":"product_cat-barnmobler","8":"product_cat-barnsittgrupper","10":"first","11":"instock","12":"sale","13":"taxable","14":"shipping-taxable","15":"purchasable","16":"product-type-simple"},"yoast_head":"<!-- This site is optimized with the Yoast SEO plugin v25.4 - https:\/\/yoast.com\/wordpress\/plugins\/seo\/ -->\n<title>TRUUSK F\u00e4llbar Barnvagn och Kattvagn - Regnskydd - N\u00e4t\u00f6ppningar - Kudde - F\u00f6rvaringskorg - F\u00f6r Hundar och Katter upp till 10 kg - TRUUSK - Hem, Tr\u00e4dg\u00e5rd &amp; Fritid<\/title>\n<meta name=\"robots\" content=\"index, follow, max-snippet:-1, max-image-preview:large, max-video-preview:-1\" \/>\n<link rel=\"canonical\" href=\"https:\/\/truusk.store\/sv\/produkt\/truusk-fallbar-barnvagn-och-kattvagn-regnskydd-natoppningar-kudde-forvaringskorg-for-hundar-och-katter-upp-till-10-kg\/\" \/>\n<meta property=\"og:locale\" content=\"sv_SE\" \/>\n<meta property=\"og:type\" content=\"article\" \/>\n<meta property=\"og:title\" content=\"TRUUSK F\u00e4llbar Barnvagn och Kattvagn - Regnskydd - N\u00e4t\u00f6ppningar - Kudde - F\u00f6rvaringskorg - F\u00f6r Hundar och Katter upp till 10 kg - TRUUSK - Hem, Tr\u00e4dg\u00e5rd &amp; Fritid\" \/>\n<meta property=\"og:description\" content=\"St\u00f6rd av oordning i lekrummet och instabila m\u00f6bler? St\u00e4ndig o\u00f6versk\u00e5dlighet och s\u00e4kerhetsrisker kan h\u00e4mma kreativiteten. AIYAPLAY barnbord och stolset skapar...\" \/>\n<meta property=\"og:url\" content=\"https:\/\/truusk.store\/sv\/produkt\/truusk-fallbar-barnvagn-och-kattvagn-regnskydd-natoppningar-kudde-forvaringskorg-for-hundar-och-katter-upp-till-10-kg\/\" \/>\n<meta property=\"og:site_name\" content=\"TRUUSK - Hem, Tr\u00e4dg\u00e5rd &amp; Fritid\" \/>\n<meta property=\"article:modified_time\" content=\"2026-03-12T07:46:39+00:00\" \/>\n<meta property=\"og:image\" content=\"https:\/\/i0.wp.com\/truusk.se\/wp-content\/uploads\/2025\/10\/aiyaplay-5-delat-barnbord-och-stolset-med-forvaringsvaska-blomform-for-lekrum-barnrum-tra-fargglad-1.webp?fit=2000%2C2000&ssl=1\" \/>\n\t<meta property=\"og:image:width\" content=\"2000\" \/>\n\t<meta property=\"og:image:height\" content=\"2000\" \/>\n\t<meta property=\"og:image:type\" content=\"image\/webp\" \/>\n<meta name=\"twitter:card\" content=\"summary_large_image\" \/>\n<meta name=\"twitter:label1\" content=\"Ber\u00e4knad l\u00e4stid\" \/>\n\t<meta name=\"twitter:data1\" content=\"1 minut\" \/>\n<!-- \/ Yoast SEO plugin. -->","yoast_head_json":{"title":"TRUUSK F\u00e4llbar Barnvagn och Kattvagn - Regnskydd - N\u00e4t\u00f6ppningar - Kudde - F\u00f6rvaringskorg - F\u00f6r Hundar och Katter upp till 10 kg - TRUUSK - Hem, Tr\u00e4dg\u00e5rd &amp; Fritid","robots":{"index":"index","follow":"follow","max-snippet":"max-snippet:-1","max-image-preview":"max-image-preview:large","max-video-preview":"max-video-preview:-1"},"canonical":"https:\/\/truusk.store\/sv\/produkt\/truusk-fallbar-barnvagn-och-kattvagn-regnskydd-natoppningar-kudde-forvaringskorg-for-hundar-och-katter-upp-till-10-kg\/","og_locale":"sv_SE","og_type":"article","og_title":"TRUUSK F\u00e4llbar Barnvagn och Kattvagn - Regnskydd - N\u00e4t\u00f6ppningar - Kudde - F\u00f6rvaringskorg - F\u00f6r Hundar och Katter upp till 10 kg - TRUUSK - Hem, Tr\u00e4dg\u00e5rd &amp; Fritid","og_description":"St\u00f6rd av oordning i lekrummet och instabila m\u00f6bler? St\u00e4ndig o\u00f6versk\u00e5dlighet och s\u00e4kerhetsrisker kan h\u00e4mma kreativiteten. AIYAPLAY barnbord och stolset skapar...","og_url":"https:\/\/truusk.store\/sv\/produkt\/truusk-fallbar-barnvagn-och-kattvagn-regnskydd-natoppningar-kudde-forvaringskorg-for-hundar-och-katter-upp-till-10-kg\/","og_site_name":"TRUUSK - Hem, Tr\u00e4dg\u00e5rd &amp; Fritid","article_modified_time":"2026-03-12T07:46:39+00:00","og_image":[{"width":2000,"height":2000,"url":"https:\/\/i0.wp.com\/truusk.se\/wp-content\/uploads\/2025\/10\/aiyaplay-5-delat-barnbord-och-stolset-med-forvaringsvaska-blomform-for-lekrum-barnrum-tra-fargglad-1.webp?fit=2000%2C2000&ssl=1","type":"image\/webp"}],"twitter_card":"summary_large_image","twitter_misc":{"Ber\u00e4knad l\u00e4stid":"1 minut"},"schema":{"@context":"https:\/\/schema.org","@graph":[{"@type":"WebPage","@id":"https:\/\/truusk.store\/sv\/produkt\/truusk-fallbar-barnvagn-och-kattvagn-regnskydd-natoppningar-kudde-forvaringskorg-for-hundar-och-katter-upp-till-10-kg\/","url":"https:\/\/truusk.store\/sv\/produkt\/truusk-fallbar-barnvagn-och-kattvagn-regnskydd-natoppningar-kudde-forvaringskorg-for-hundar-och-katter-upp-till-10-kg\/","name":"TRUUSK F\u00e4llbar Barnvagn och Kattvagn - Regnskydd - N\u00e4t\u00f6ppningar - Kudde - F\u00f6rvaringskorg - F\u00f6r Hundar och Katter upp till 10 kg - TRUUSK - Hem, Tr\u00e4dg\u00e5rd &amp; Fritid","isPartOf":{"@id":"https:\/\/truusk.store\/sv\/#website"},"primaryImageOfPage":{"@id":"https:\/\/truusk.store\/sv\/produkt\/truusk-fallbar-barnvagn-och-kattvagn-regnskydd-natoppningar-kudde-forvaringskorg-for-hundar-och-katter-upp-till-10-kg\/#primaryimage"},"image":{"@id":"https:\/\/truusk.store\/sv\/produkt\/truusk-fallbar-barnvagn-och-kattvagn-regnskydd-natoppningar-kudde-forvaringskorg-for-hundar-och-katter-upp-till-10-kg\/#primaryimage"},"thumbnailUrl":"https:\/\/i0.wp.com\/truusk.store\/wp-content\/uploads\/2025\/10\/aiyaplay-5-delat-barnbord-och-stolset-med-forvaringsvaska-blomform-for-lekrum-barnrum-tra-fargglad-1.webp?fit=2000%2C2000&ssl=1","datePublished":"2025-10-09T11:39:03+00:00","dateModified":"2026-03-12T07:46:39+00:00","breadcrumb":{"@id":"https:\/\/truusk.store\/sv\/produkt\/truusk-fallbar-barnvagn-och-kattvagn-regnskydd-natoppningar-kudde-forvaringskorg-for-hundar-och-katter-upp-till-10-kg\/#breadcrumb"},"inLanguage":"sv-SE","potentialAction":[{"@type":"ReadAction","target":["https:\/\/truusk.store\/sv\/produkt\/truusk-fallbar-barnvagn-och-kattvagn-regnskydd-natoppningar-kudde-forvaringskorg-for-hundar-och-katter-upp-till-10-kg\/"]}]},{"@type":"ImageObject","inLanguage":"sv-SE","@id":"https:\/\/truusk.store\/sv\/produkt\/truusk-fallbar-barnvagn-och-kattvagn-regnskydd-natoppningar-kudde-forvaringskorg-for-hundar-och-katter-upp-till-10-kg\/#primaryimage","url":"https:\/\/i0.wp.com\/truusk.store\/wp-content\/uploads\/2025\/10\/aiyaplay-5-delat-barnbord-och-stolset-med-forvaringsvaska-blomform-for-lekrum-barnrum-tra-fargglad-1.webp?fit=2000%2C2000&ssl=1","contentUrl":"https:\/\/i0.wp.com\/truusk.store\/wp-content\/uploads\/2025\/10\/aiyaplay-5-delat-barnbord-och-stolset-med-forvaringsvaska-blomform-for-lekrum-barnrum-tra-fargglad-1.webp?fit=2000%2C2000&ssl=1","width":2000,"height":2000},{"@type":"BreadcrumbList","@id":"https:\/\/truusk.store\/sv\/produkt\/truusk-fallbar-barnvagn-och-kattvagn-regnskydd-natoppningar-kudde-forvaringskorg-for-hundar-och-katter-upp-till-10-kg\/#breadcrumb","itemListElement":[{"@type":"ListItem","position":1,"name":"Home","item":"https:\/\/truusk.store\/sv\/"},{"@type":"ListItem","position":2,"name":"Shop","item":"https:\/\/truusk.store\/shop\/"},{"@type":"ListItem","position":3,"name":"TRUUSK F\u00e4llbar Barnvagn och Kattvagn &#8211; Regnskydd &#8211; N\u00e4t\u00f6ppningar &#8211; Kudde &#8211; F\u00f6rvaringskorg &#8211; F\u00f6r Hundar och Katter upp till 10 kg &#8211;"}]},{"@type":"WebSite","@id":"https:\/\/truusk.store\/sv\/#website","url":"https:\/\/truusk.store\/sv\/","name":"TRUUSK - Hem, Tr\u00e4dg\u00e5rd & Fritid","description":"","publisher":{"@id":"https:\/\/truusk.store\/sv\/#organization"},"potentialAction":[{"@type":"SearchAction","target":{"@type":"EntryPoint","urlTemplate":"https:\/\/truusk.store\/sv\/?s={search_term_string}"},"query-input":{"@type":"PropertyValueSpecification","valueRequired":true,"valueName":"search_term_string"}}],"inLanguage":"sv-SE"},{"@type":"Organization","@id":"https:\/\/truusk.store\/sv\/#organization","name":"TRUUSK - Hem, Tr\u00e4dg\u00e5rd & Fritid","url":"https:\/\/truusk.store\/sv\/","logo":{"@type":"ImageObject","inLanguage":"sv-SE","@id":"https:\/\/truusk.store\/sv\/#\/schema\/logo\/image\/","url":"https:\/\/i0.wp.com\/truusk.store\/wp-content\/uploads\/2026\/03\/cropped-TRUUSK.png?fit=2032%2C917&ssl=1","contentUrl":"https:\/\/i0.wp.com\/truusk.store\/wp-content\/uploads\/2026\/03\/cropped-TRUUSK.png?fit=2032%2C917&ssl=1","width":2032,"height":917,"caption":"TRUUSK - Hem, Tr\u00e4dg\u00e5rd & Fritid"},"image":{"@id":"https:\/\/truusk.store\/sv\/#\/schema\/logo\/image\/"}}]}},"jetpack_sharing_enabled":true,"_links":{"self":[{"href":"https:\/\/truusk.store\/sv\/wp-json\/wp\/v2\/product\/92574","targetHints":{"allow":["GET"]}}],"collection":[{"href":"https:\/\/truusk.store\/sv\/wp-json\/wp\/v2\/product"}],"about":[{"href":"https:\/\/truusk.store\/sv\/wp-json\/wp\/v2\/types\/product"}],"wp:featuredmedia":[{"embeddable":true,"href":"https:\/\/truusk.store\/sv\/wp-json\/wp\/v2\/media\/92565"}],"wp:attachment":[{"href":"https:\/\/truusk.store\/sv\/wp-json\/wp\/v2\/media?parent=92574"}],"wp:term":[{"taxonomy":"product_brand","embeddable":true,"href":"https:\/\/truusk.store\/sv\/wp-json\/wp\/v2\/product_brand?post=92574"},{"taxonomy":"product_cat","embeddable":true,"href":"https:\/\/truusk.store\/sv\/wp-json\/wp\/v2\/product_cat?post=92574"},{"taxonomy":"product_tag","embeddable":true,"href":"https:\/\/truusk.store\/sv\/wp-json\/wp\/v2\/product_tag?post=92574"}],"curies":[{"name":"wp","href":"https:\/\/api.w.org\/{rel}","templated":true}]}}