{"id":92584,"date":"2025-10-09T12:39:49","date_gmt":"2025-10-09T11:39:49","guid":{"rendered":"https:\/\/truusk.store\/product\/adventskalender-att-fylla-24-lador-fack-julkalender-med-led-ljus-naturtra-36-x-10-x-34-cm\/"},"modified":"2026-03-12T08:46:56","modified_gmt":"2026-03-12T07:46:56","slug":"truusk-adventskalender-med-led-ljus-naturtra-fylla-24-lador-julkalender-36-x-10-x-34-cm","status":"publish","type":"product","link":"https:\/\/truusk.store\/sv\/produkt\/truusk-adventskalender-med-led-ljus-naturtra-fylla-24-lador-julkalender-36-x-10-x-34-cm\/","title":{"rendered":"TRUUSK Adventskalender Med LED-ljus &#8211; Naturtr\u00e4 &#8211; Fylla 24 L\u00e5dor &#8211; Julkalender &#8211; 36 X 10 X 34 Cm"},"content":{"rendered":"<p>K\u00e4mpar du med julkalendern under allt st\u00e5hej? Den dagliga sp\u00e4nningen kan avta och julst\u00e4mningen kan minska. TRUUSK Belysande Tr\u00e4 Adventskalender g\u00f6r varje dag till en upplevelse med 24 fyllda l\u00e5dor. Den belysta byscenen p\u00e5 julkalendern skapar ett mjukt, magiskt sken och skapar en varm, mysig samlingspunkt f\u00f6r familjetr\u00e4ffar och varaktiga minnen.<\/p>\n<p>Beskrivning:<\/p>\n<ul>\n<li> Charmigt husdesign med byscen skapar en varm, festlig atmosf\u00e4r<\/li>\n<li> Adventskalendern har 24 sm\u00e5 l\u00e5dor, som varje dag fylls med sp\u00e4nnande \u00f6verraskningar<\/li>\n<li> Julkalendern inneh\u00e5ller 15 varma LED-lampor som skapar ett mysigt och magiskt ljus<\/li>\n<li> Tillverkad av flerskiktsplatta, vilket garanterar l\u00e5ng h\u00e5llbarhet \u00f6ver m\u00e5nga jular<\/li>\n<li> L\u00e5gsp\u00e4nningsdesignen p\u00e5 adventskalendern garanterar s\u00e4kerhet<\/li>\n<li> Batteridriven design med kompakt storlek, l\u00e4mplig f\u00f6r varje bord, varje hylla eller varje spiselkrans<\/li>\n<li> En hj\u00e4rtev\u00e4rmande present som delar gl\u00e4dje med familj och v\u00e4nner<\/li>\n<li> Ingen montering kr\u00e4vs<\/li>\n<\/ul>\n<p> Tekniska data:<\/p>\n<ul>\n<li> F\u00e4rg: Naturtr\u00e4<\/li>\n<li> Material: Flerskiktsplatta<\/li>\n<li> Totala dimensioner: 36L x 10B x 34H cm<\/li>\n<li> Inre l\u00e5dstorlek: 2,8B x 3T x 2,6H cm<\/li>\n<li> Antal ljus: 15<\/li>\n<li> Batteri: 2 x AA (ing\u00e5r ej)<\/li>\n<\/ul>\n<p>Leverans inneh\u00e5ller:<\/p>\n<ul>\n<li> 1 x Julkalender<\/li>\n<li> 1 x Bruksanvisning<\/li>\n<\/ul>\n","protected":false},"excerpt":{"rendered":"<p>K\u00e4mpar du med julkalendern under allt st\u00e5hej? Den dagliga sp\u00e4nningen kan avta och julst\u00e4mningen kan minska. TRUUSK Belysande Tr\u00e4 Adventskalender&#8230;<\/p>\n","protected":false},"featured_media":92575,"template":"","meta":[],"product_brand":[],"product_cat":[714,1078,894],"product_tag":[],"class_list":{"0":"post-92584","1":"product","2":"type-product","3":"status-publish","4":"has-post-thumbnail","6":"product_cat-adventskalender","7":"product_cat-juldekorationer","8":"product_cat-julvarld","10":"first","11":"instock","12":"sale","13":"taxable","14":"shipping-taxable","15":"purchasable","16":"product-type-simple"},"yoast_head":"<!-- This site is optimized with the Yoast SEO plugin v25.4 - https:\/\/yoast.com\/wordpress\/plugins\/seo\/ -->\n<title>TRUUSK Adventskalender Med LED-ljus - Naturtr\u00e4 - Fylla 24 L\u00e5dor - Julkalender - 36 X 10 X 34 Cm - TRUUSK - Hem, Tr\u00e4dg\u00e5rd &amp; Fritid<\/title>\n<meta name=\"robots\" content=\"index, follow, max-snippet:-1, max-image-preview:large, max-video-preview:-1\" \/>\n<link rel=\"canonical\" href=\"https:\/\/truusk.store\/sv\/produkt\/truusk-adventskalender-med-led-ljus-naturtra-fylla-24-lador-julkalender-36-x-10-x-34-cm\/\" \/>\n<meta property=\"og:locale\" content=\"sv_SE\" \/>\n<meta property=\"og:type\" content=\"article\" \/>\n<meta property=\"og:title\" content=\"TRUUSK Adventskalender Med LED-ljus - Naturtr\u00e4 - Fylla 24 L\u00e5dor - Julkalender - 36 X 10 X 34 Cm - TRUUSK - Hem, Tr\u00e4dg\u00e5rd &amp; Fritid\" \/>\n<meta property=\"og:description\" content=\"K\u00e4mpar du med julkalendern under allt st\u00e5hej? Den dagliga sp\u00e4nningen kan avta och julst\u00e4mningen kan minska. TRUUSK Belysande Tr\u00e4 Adventskalender...\" \/>\n<meta property=\"og:url\" content=\"https:\/\/truusk.store\/sv\/produkt\/truusk-adventskalender-med-led-ljus-naturtra-fylla-24-lador-julkalender-36-x-10-x-34-cm\/\" \/>\n<meta property=\"og:site_name\" content=\"TRUUSK - Hem, Tr\u00e4dg\u00e5rd &amp; Fritid\" \/>\n<meta property=\"article:modified_time\" content=\"2026-03-12T07:46:56+00:00\" \/>\n<meta property=\"og:image\" content=\"https:\/\/i0.wp.com\/truusk.se\/wp-content\/uploads\/2025\/10\/adventskalender-att-fylla-24-lador-fack-julkalender-med-led-ljus-naturtra-36-x-10-x-34-cm-1.webp?fit=2000%2C2000&ssl=1\" \/>\n\t<meta property=\"og:image:width\" content=\"2000\" \/>\n\t<meta property=\"og:image:height\" content=\"2000\" \/>\n\t<meta property=\"og:image:type\" content=\"image\/webp\" \/>\n<meta name=\"twitter:card\" content=\"summary_large_image\" \/>\n<meta name=\"twitter:label1\" content=\"Ber\u00e4knad l\u00e4stid\" \/>\n\t<meta name=\"twitter:data1\" content=\"1 minut\" \/>\n<!-- \/ Yoast SEO plugin. -->","yoast_head_json":{"title":"TRUUSK Adventskalender Med LED-ljus - Naturtr\u00e4 - Fylla 24 L\u00e5dor - Julkalender - 36 X 10 X 34 Cm - TRUUSK - Hem, Tr\u00e4dg\u00e5rd &amp; Fritid","robots":{"index":"index","follow":"follow","max-snippet":"max-snippet:-1","max-image-preview":"max-image-preview:large","max-video-preview":"max-video-preview:-1"},"canonical":"https:\/\/truusk.store\/sv\/produkt\/truusk-adventskalender-med-led-ljus-naturtra-fylla-24-lador-julkalender-36-x-10-x-34-cm\/","og_locale":"sv_SE","og_type":"article","og_title":"TRUUSK Adventskalender Med LED-ljus - Naturtr\u00e4 - Fylla 24 L\u00e5dor - Julkalender - 36 X 10 X 34 Cm - TRUUSK - Hem, Tr\u00e4dg\u00e5rd &amp; Fritid","og_description":"K\u00e4mpar du med julkalendern under allt st\u00e5hej? Den dagliga sp\u00e4nningen kan avta och julst\u00e4mningen kan minska. TRUUSK Belysande Tr\u00e4 Adventskalender...","og_url":"https:\/\/truusk.store\/sv\/produkt\/truusk-adventskalender-med-led-ljus-naturtra-fylla-24-lador-julkalender-36-x-10-x-34-cm\/","og_site_name":"TRUUSK - Hem, Tr\u00e4dg\u00e5rd &amp; Fritid","article_modified_time":"2026-03-12T07:46:56+00:00","og_image":[{"width":2000,"height":2000,"url":"https:\/\/i0.wp.com\/truusk.se\/wp-content\/uploads\/2025\/10\/adventskalender-att-fylla-24-lador-fack-julkalender-med-led-ljus-naturtra-36-x-10-x-34-cm-1.webp?fit=2000%2C2000&ssl=1","type":"image\/webp"}],"twitter_card":"summary_large_image","twitter_misc":{"Ber\u00e4knad l\u00e4stid":"1 minut"},"schema":{"@context":"https:\/\/schema.org","@graph":[{"@type":"WebPage","@id":"https:\/\/truusk.store\/sv\/produkt\/truusk-adventskalender-med-led-ljus-naturtra-fylla-24-lador-julkalender-36-x-10-x-34-cm\/","url":"https:\/\/truusk.store\/sv\/produkt\/truusk-adventskalender-med-led-ljus-naturtra-fylla-24-lador-julkalender-36-x-10-x-34-cm\/","name":"TRUUSK Adventskalender Med LED-ljus - Naturtr\u00e4 - Fylla 24 L\u00e5dor - Julkalender - 36 X 10 X 34 Cm - TRUUSK - Hem, Tr\u00e4dg\u00e5rd &amp; Fritid","isPartOf":{"@id":"https:\/\/truusk.store\/sv\/#website"},"primaryImageOfPage":{"@id":"https:\/\/truusk.store\/sv\/produkt\/truusk-adventskalender-med-led-ljus-naturtra-fylla-24-lador-julkalender-36-x-10-x-34-cm\/#primaryimage"},"image":{"@id":"https:\/\/truusk.store\/sv\/produkt\/truusk-adventskalender-med-led-ljus-naturtra-fylla-24-lador-julkalender-36-x-10-x-34-cm\/#primaryimage"},"thumbnailUrl":"https:\/\/i0.wp.com\/truusk.store\/wp-content\/uploads\/2025\/10\/adventskalender-att-fylla-24-lador-fack-julkalender-med-led-ljus-naturtra-36-x-10-x-34-cm-1.webp?fit=2000%2C2000&ssl=1","datePublished":"2025-10-09T11:39:49+00:00","dateModified":"2026-03-12T07:46:56+00:00","breadcrumb":{"@id":"https:\/\/truusk.store\/sv\/produkt\/truusk-adventskalender-med-led-ljus-naturtra-fylla-24-lador-julkalender-36-x-10-x-34-cm\/#breadcrumb"},"inLanguage":"sv-SE","potentialAction":[{"@type":"ReadAction","target":["https:\/\/truusk.store\/sv\/produkt\/truusk-adventskalender-med-led-ljus-naturtra-fylla-24-lador-julkalender-36-x-10-x-34-cm\/"]}]},{"@type":"ImageObject","inLanguage":"sv-SE","@id":"https:\/\/truusk.store\/sv\/produkt\/truusk-adventskalender-med-led-ljus-naturtra-fylla-24-lador-julkalender-36-x-10-x-34-cm\/#primaryimage","url":"https:\/\/i0.wp.com\/truusk.store\/wp-content\/uploads\/2025\/10\/adventskalender-att-fylla-24-lador-fack-julkalender-med-led-ljus-naturtra-36-x-10-x-34-cm-1.webp?fit=2000%2C2000&ssl=1","contentUrl":"https:\/\/i0.wp.com\/truusk.store\/wp-content\/uploads\/2025\/10\/adventskalender-att-fylla-24-lador-fack-julkalender-med-led-ljus-naturtra-36-x-10-x-34-cm-1.webp?fit=2000%2C2000&ssl=1","width":2000,"height":2000},{"@type":"BreadcrumbList","@id":"https:\/\/truusk.store\/sv\/produkt\/truusk-adventskalender-med-led-ljus-naturtra-fylla-24-lador-julkalender-36-x-10-x-34-cm\/#breadcrumb","itemListElement":[{"@type":"ListItem","position":1,"name":"Home","item":"https:\/\/truusk.store\/sv\/"},{"@type":"ListItem","position":2,"name":"Shop","item":"https:\/\/truusk.store\/shop\/"},{"@type":"ListItem","position":3,"name":"TRUUSK Adventskalender Med LED-ljus &#8211; Naturtr\u00e4 &#8211; Fylla 24 L\u00e5dor &#8211; Julkalender &#8211; 36 X 10 X 34 Cm"}]},{"@type":"WebSite","@id":"https:\/\/truusk.store\/sv\/#website","url":"https:\/\/truusk.store\/sv\/","name":"TRUUSK - Hem, Tr\u00e4dg\u00e5rd & Fritid","description":"","publisher":{"@id":"https:\/\/truusk.store\/sv\/#organization"},"potentialAction":[{"@type":"SearchAction","target":{"@type":"EntryPoint","urlTemplate":"https:\/\/truusk.store\/sv\/?s={search_term_string}"},"query-input":{"@type":"PropertyValueSpecification","valueRequired":true,"valueName":"search_term_string"}}],"inLanguage":"sv-SE"},{"@type":"Organization","@id":"https:\/\/truusk.store\/sv\/#organization","name":"TRUUSK - Hem, Tr\u00e4dg\u00e5rd & Fritid","url":"https:\/\/truusk.store\/sv\/","logo":{"@type":"ImageObject","inLanguage":"sv-SE","@id":"https:\/\/truusk.store\/sv\/#\/schema\/logo\/image\/","url":"https:\/\/i0.wp.com\/truusk.store\/wp-content\/uploads\/2026\/03\/cropped-TRUUSK.png?fit=2032%2C917&ssl=1","contentUrl":"https:\/\/i0.wp.com\/truusk.store\/wp-content\/uploads\/2026\/03\/cropped-TRUUSK.png?fit=2032%2C917&ssl=1","width":2032,"height":917,"caption":"TRUUSK - Hem, Tr\u00e4dg\u00e5rd & Fritid"},"image":{"@id":"https:\/\/truusk.store\/sv\/#\/schema\/logo\/image\/"}}]}},"jetpack_sharing_enabled":true,"_links":{"self":[{"href":"https:\/\/truusk.store\/sv\/wp-json\/wp\/v2\/product\/92584","targetHints":{"allow":["GET"]}}],"collection":[{"href":"https:\/\/truusk.store\/sv\/wp-json\/wp\/v2\/product"}],"about":[{"href":"https:\/\/truusk.store\/sv\/wp-json\/wp\/v2\/types\/product"}],"wp:featuredmedia":[{"embeddable":true,"href":"https:\/\/truusk.store\/sv\/wp-json\/wp\/v2\/media\/92575"}],"wp:attachment":[{"href":"https:\/\/truusk.store\/sv\/wp-json\/wp\/v2\/media?parent=92584"}],"wp:term":[{"taxonomy":"product_brand","embeddable":true,"href":"https:\/\/truusk.store\/sv\/wp-json\/wp\/v2\/product_brand?post=92584"},{"taxonomy":"product_cat","embeddable":true,"href":"https:\/\/truusk.store\/sv\/wp-json\/wp\/v2\/product_cat?post=92584"},{"taxonomy":"product_tag","embeddable":true,"href":"https:\/\/truusk.store\/sv\/wp-json\/wp\/v2\/product_tag?post=92584"}],"curies":[{"name":"wp","href":"https:\/\/api.w.org\/{rel}","templated":true}]}}