{"id":9260,"date":"2024-02-13T09:39:59","date_gmt":"2024-02-13T08:39:59","guid":{"rendered":"https:\/\/truusk.store\/product\/tradgardsskap-redskapsbod-i-tra-redskapshus-med-asfalttak-lamelldorr-redskapsskap-skjul-tradgard-4-fack-gra-87-x-465-x-160-cm\/"},"modified":"2026-03-12T08:55:58","modified_gmt":"2026-03-12T07:55:58","slug":"truusk-tradgardsskap-i-tra-redskapsbod-med-asfalttak-lamelldorr-skjul-for-tradgarden-4-fack-gra-87-x-465-x-160-cm","status":"publish","type":"product","link":"https:\/\/truusk.store\/sv\/produkt\/truusk-tradgardsskap-i-tra-redskapsbod-med-asfalttak-lamelldorr-skjul-for-tradgarden-4-fack-gra-87-x-465-x-160-cm\/","title":{"rendered":"TRUUSK Tr\u00e4dg\u00e5rdssk\u00e5p i tr\u00e4 &#8211; Redskapsbod med asfalttak &#8211; Lamelld\u00f6rr &#8211; Skjul f\u00f6r tr\u00e4dg\u00e5rden &#8211; 4 fack &#8211; Gr\u00e5 &#8211; 87 x 46,5 x 160 cm"},"content":{"rendered":"<p>\u00c5terst\u00e4ll harmonisk ordning i din tr\u00e4dg\u00e5rd med detta praktiska redskapsskjul. Boden \u00e4r utrustad med hyllor och erbjuder gott om plats f\u00f6r m\u00e5nga verktyg och utrustning. Det finns ocks\u00e5 tillr\u00e4ckligt med utrymme f\u00f6r krattor och spadar och de f\u00f6rblir s\u00e4kert skyddade fr\u00e5n regn. Huset av lackat grantr\u00e4 \u00e4r robust och v\u00e4derbest\u00e4ndigt. Tv\u00e5 l\u00e5sbara d\u00f6rrar s\u00e4krar dina tr\u00e4dg\u00e5rdsredskap och lamelld\u00f6rrarna s\u00e4kerst\u00e4ller optimal ventilation av interi\u00f6ren.<\/p>\n<h3>Beskrivning:<\/h3>\n<ul>\n<li>Redskapsbod f\u00f6r tr\u00e4dg\u00e5rdsredskap<\/li>\n<li>Huset \u00e4r tillverkat av lackerat grantr\u00e4 &#8211; robust och vattent\u00e4tt<\/li>\n<li>Taket \u00e4r t\u00e4ckt med bitumenpl\u00e5t, v\u00e4derbest\u00e4ndigt<\/li>\n<li>4 f\u00f6rvaringsfack ger tillr\u00e4ckligt med f\u00f6rvaringsutrymme f\u00f6r dina verktyg<\/li>\n<li>Dubbeld\u00f6rrar med lameller bidrar till god luftcirkulation i inredningen<\/li>\n<li>4 furust\u00e4llningar ger h\u00f6g stabilitet och stabilitet<\/li>\n<li>Med sp\u00e4rr f\u00f6r att st\u00e4nga d\u00f6rrarna<\/li>\n<li>Snabb och enkel montering<\/li>\n<\/ul>\n<h3>Teknisk data:<\/h3>\n<ul>\n<li>Material: furu, gran<\/li>\n<li>F\u00e4rg gr\u00e5<\/li>\n<li>Totala m\u00e5tt: 87L x 46,5W x 160H cm<\/li>\n<li>Max lastkapacitet f\u00f6r varje hylla: 15 kg<\/li>\n<\/ul>\n<h3>Leveransens omfattning:<\/h3>\n<ul>\n<li>1 x sk\u00f6rdebod;<\/li>\n<\/ul>\n","protected":false},"excerpt":{"rendered":"<p>\u00c5terst\u00e4ll harmonisk ordning i din tr\u00e4dg\u00e5rd med detta praktiska redskapsskjul. Boden \u00e4r utrustad med hyllor och erbjuder gott om plats&#8230;<\/p>\n","protected":false},"featured_media":9261,"template":"","meta":[],"product_brand":[],"product_cat":[436,435,437],"product_tag":[],"class_list":{"0":"post-9260","1":"product","2":"type-product","3":"status-publish","4":"has-post-thumbnail","6":"product_cat-bestall-i-tradgarden","7":"product_cat-tradgard-och-terrass","8":"product_cat-tradgardsskap","10":"first","11":"instock","12":"sale","13":"taxable","14":"shipping-taxable","15":"purchasable","16":"product-type-simple"},"yoast_head":"<!-- This site is optimized with the Yoast SEO plugin v25.4 - https:\/\/yoast.com\/wordpress\/plugins\/seo\/ -->\n<title>TRUUSK Tr\u00e4dg\u00e5rdssk\u00e5p i tr\u00e4 - Redskapsbod med asfalttak - Lamelld\u00f6rr - Skjul f\u00f6r tr\u00e4dg\u00e5rden - 4 fack - Gr\u00e5 - 87 x 46,5 x 160 cm - TRUUSK - Hem, Tr\u00e4dg\u00e5rd &amp; Fritid<\/title>\n<meta name=\"robots\" content=\"index, follow, max-snippet:-1, max-image-preview:large, max-video-preview:-1\" \/>\n<link rel=\"canonical\" href=\"https:\/\/truusk.store\/sv\/produkt\/truusk-tradgardsskap-i-tra-redskapsbod-med-asfalttak-lamelldorr-skjul-for-tradgarden-4-fack-gra-87-x-465-x-160-cm\/\" \/>\n<meta property=\"og:locale\" content=\"sv_SE\" \/>\n<meta property=\"og:type\" content=\"article\" \/>\n<meta property=\"og:title\" content=\"TRUUSK Tr\u00e4dg\u00e5rdssk\u00e5p i tr\u00e4 - Redskapsbod med asfalttak - Lamelld\u00f6rr - Skjul f\u00f6r tr\u00e4dg\u00e5rden - 4 fack - Gr\u00e5 - 87 x 46,5 x 160 cm - TRUUSK - Hem, Tr\u00e4dg\u00e5rd &amp; Fritid\" \/>\n<meta property=\"og:description\" content=\"\u00c5terst\u00e4ll harmonisk ordning i din tr\u00e4dg\u00e5rd med detta praktiska redskapsskjul. Boden \u00e4r utrustad med hyllor och erbjuder gott om plats...\" \/>\n<meta property=\"og:url\" content=\"https:\/\/truusk.store\/sv\/produkt\/truusk-tradgardsskap-i-tra-redskapsbod-med-asfalttak-lamelldorr-skjul-for-tradgarden-4-fack-gra-87-x-465-x-160-cm\/\" \/>\n<meta property=\"og:site_name\" content=\"TRUUSK - Hem, Tr\u00e4dg\u00e5rd &amp; Fritid\" \/>\n<meta property=\"article:modified_time\" content=\"2026-03-12T07:55:58+00:00\" \/>\n<meta property=\"og:image\" content=\"https:\/\/i0.wp.com\/truusk.se\/wp-content\/uploads\/2024\/02\/tradgardsskap-redskapsbod-i-tra-redskapshus-med-asfalttak-lamelldorr-redskapsskap-skjul-tradgard-4-fack-gra-87-x-465-x-160-cm.webp?fit=800%2C800&ssl=1\" \/>\n\t<meta property=\"og:image:width\" content=\"800\" \/>\n\t<meta property=\"og:image:height\" content=\"800\" \/>\n\t<meta property=\"og:image:type\" content=\"image\/webp\" \/>\n<meta name=\"twitter:card\" content=\"summary_large_image\" \/>\n<meta name=\"twitter:label1\" content=\"Ber\u00e4knad l\u00e4stid\" \/>\n\t<meta name=\"twitter:data1\" content=\"1 minut\" \/>\n<!-- \/ Yoast SEO plugin. -->","yoast_head_json":{"title":"TRUUSK Tr\u00e4dg\u00e5rdssk\u00e5p i tr\u00e4 - Redskapsbod med asfalttak - Lamelld\u00f6rr - Skjul f\u00f6r tr\u00e4dg\u00e5rden - 4 fack - Gr\u00e5 - 87 x 46,5 x 160 cm - TRUUSK - Hem, Tr\u00e4dg\u00e5rd &amp; Fritid","robots":{"index":"index","follow":"follow","max-snippet":"max-snippet:-1","max-image-preview":"max-image-preview:large","max-video-preview":"max-video-preview:-1"},"canonical":"https:\/\/truusk.store\/sv\/produkt\/truusk-tradgardsskap-i-tra-redskapsbod-med-asfalttak-lamelldorr-skjul-for-tradgarden-4-fack-gra-87-x-465-x-160-cm\/","og_locale":"sv_SE","og_type":"article","og_title":"TRUUSK Tr\u00e4dg\u00e5rdssk\u00e5p i tr\u00e4 - Redskapsbod med asfalttak - Lamelld\u00f6rr - Skjul f\u00f6r tr\u00e4dg\u00e5rden - 4 fack - Gr\u00e5 - 87 x 46,5 x 160 cm - TRUUSK - Hem, Tr\u00e4dg\u00e5rd &amp; Fritid","og_description":"\u00c5terst\u00e4ll harmonisk ordning i din tr\u00e4dg\u00e5rd med detta praktiska redskapsskjul. Boden \u00e4r utrustad med hyllor och erbjuder gott om plats...","og_url":"https:\/\/truusk.store\/sv\/produkt\/truusk-tradgardsskap-i-tra-redskapsbod-med-asfalttak-lamelldorr-skjul-for-tradgarden-4-fack-gra-87-x-465-x-160-cm\/","og_site_name":"TRUUSK - Hem, Tr\u00e4dg\u00e5rd &amp; Fritid","article_modified_time":"2026-03-12T07:55:58+00:00","og_image":[{"width":800,"height":800,"url":"https:\/\/i0.wp.com\/truusk.se\/wp-content\/uploads\/2024\/02\/tradgardsskap-redskapsbod-i-tra-redskapshus-med-asfalttak-lamelldorr-redskapsskap-skjul-tradgard-4-fack-gra-87-x-465-x-160-cm.webp?fit=800%2C800&ssl=1","type":"image\/webp"}],"twitter_card":"summary_large_image","twitter_misc":{"Ber\u00e4knad l\u00e4stid":"1 minut"},"schema":{"@context":"https:\/\/schema.org","@graph":[{"@type":"WebPage","@id":"https:\/\/truusk.store\/sv\/produkt\/truusk-tradgardsskap-i-tra-redskapsbod-med-asfalttak-lamelldorr-skjul-for-tradgarden-4-fack-gra-87-x-465-x-160-cm\/","url":"https:\/\/truusk.store\/sv\/produkt\/truusk-tradgardsskap-i-tra-redskapsbod-med-asfalttak-lamelldorr-skjul-for-tradgarden-4-fack-gra-87-x-465-x-160-cm\/","name":"TRUUSK Tr\u00e4dg\u00e5rdssk\u00e5p i tr\u00e4 - Redskapsbod med asfalttak - Lamelld\u00f6rr - Skjul f\u00f6r tr\u00e4dg\u00e5rden - 4 fack - Gr\u00e5 - 87 x 46,5 x 160 cm - TRUUSK - Hem, Tr\u00e4dg\u00e5rd &amp; Fritid","isPartOf":{"@id":"https:\/\/truusk.store\/sv\/#website"},"primaryImageOfPage":{"@id":"https:\/\/truusk.store\/sv\/produkt\/truusk-tradgardsskap-i-tra-redskapsbod-med-asfalttak-lamelldorr-skjul-for-tradgarden-4-fack-gra-87-x-465-x-160-cm\/#primaryimage"},"image":{"@id":"https:\/\/truusk.store\/sv\/produkt\/truusk-tradgardsskap-i-tra-redskapsbod-med-asfalttak-lamelldorr-skjul-for-tradgarden-4-fack-gra-87-x-465-x-160-cm\/#primaryimage"},"thumbnailUrl":"https:\/\/i0.wp.com\/truusk.store\/wp-content\/uploads\/2024\/02\/tradgardsskap-redskapsbod-i-tra-redskapshus-med-asfalttak-lamelldorr-redskapsskap-skjul-tradgard-4-fack-gra-87-x-465-x-160-cm.webp?fit=800%2C800&ssl=1","datePublished":"2024-02-13T08:39:59+00:00","dateModified":"2026-03-12T07:55:58+00:00","breadcrumb":{"@id":"https:\/\/truusk.store\/sv\/produkt\/truusk-tradgardsskap-i-tra-redskapsbod-med-asfalttak-lamelldorr-skjul-for-tradgarden-4-fack-gra-87-x-465-x-160-cm\/#breadcrumb"},"inLanguage":"sv-SE","potentialAction":[{"@type":"ReadAction","target":["https:\/\/truusk.store\/sv\/produkt\/truusk-tradgardsskap-i-tra-redskapsbod-med-asfalttak-lamelldorr-skjul-for-tradgarden-4-fack-gra-87-x-465-x-160-cm\/"]}]},{"@type":"ImageObject","inLanguage":"sv-SE","@id":"https:\/\/truusk.store\/sv\/produkt\/truusk-tradgardsskap-i-tra-redskapsbod-med-asfalttak-lamelldorr-skjul-for-tradgarden-4-fack-gra-87-x-465-x-160-cm\/#primaryimage","url":"https:\/\/i0.wp.com\/truusk.store\/wp-content\/uploads\/2024\/02\/tradgardsskap-redskapsbod-i-tra-redskapshus-med-asfalttak-lamelldorr-redskapsskap-skjul-tradgard-4-fack-gra-87-x-465-x-160-cm.webp?fit=800%2C800&ssl=1","contentUrl":"https:\/\/i0.wp.com\/truusk.store\/wp-content\/uploads\/2024\/02\/tradgardsskap-redskapsbod-i-tra-redskapshus-med-asfalttak-lamelldorr-redskapsskap-skjul-tradgard-4-fack-gra-87-x-465-x-160-cm.webp?fit=800%2C800&ssl=1","width":800,"height":800,"caption":"Tr\u00e4dg\u00e5rdssk\u00e5p, Redskapsbod I Tr\u00e4, Redskapshus Med Asfalttak, Lamelld\u00f6rr, Redskapssk\u00e5p, Skjul, Tr\u00e4dg\u00e5rd, 4 Fack, Gr\u00e5, 87 X 46,5 X 160 Cm 1"},{"@type":"BreadcrumbList","@id":"https:\/\/truusk.store\/sv\/produkt\/truusk-tradgardsskap-i-tra-redskapsbod-med-asfalttak-lamelldorr-skjul-for-tradgarden-4-fack-gra-87-x-465-x-160-cm\/#breadcrumb","itemListElement":[{"@type":"ListItem","position":1,"name":"Home","item":"https:\/\/truusk.store\/sv\/"},{"@type":"ListItem","position":2,"name":"Shop","item":"https:\/\/truusk.store\/shop\/"},{"@type":"ListItem","position":3,"name":"TRUUSK Tr\u00e4dg\u00e5rdssk\u00e5p i tr\u00e4 &#8211; Redskapsbod med asfalttak &#8211; Lamelld\u00f6rr &#8211; Skjul f\u00f6r tr\u00e4dg\u00e5rden &#8211; 4 fack &#8211; Gr\u00e5 &#8211; 87 x 46,5 x 160 cm"}]},{"@type":"WebSite","@id":"https:\/\/truusk.store\/sv\/#website","url":"https:\/\/truusk.store\/sv\/","name":"TRUUSK - Hem, Tr\u00e4dg\u00e5rd & Fritid","description":"","publisher":{"@id":"https:\/\/truusk.store\/sv\/#organization"},"potentialAction":[{"@type":"SearchAction","target":{"@type":"EntryPoint","urlTemplate":"https:\/\/truusk.store\/sv\/?s={search_term_string}"},"query-input":{"@type":"PropertyValueSpecification","valueRequired":true,"valueName":"search_term_string"}}],"inLanguage":"sv-SE"},{"@type":"Organization","@id":"https:\/\/truusk.store\/sv\/#organization","name":"TRUUSK - Hem, Tr\u00e4dg\u00e5rd & Fritid","url":"https:\/\/truusk.store\/sv\/","logo":{"@type":"ImageObject","inLanguage":"sv-SE","@id":"https:\/\/truusk.store\/sv\/#\/schema\/logo\/image\/","url":"https:\/\/i0.wp.com\/truusk.store\/wp-content\/uploads\/2026\/03\/cropped-TRUUSK.png?fit=2032%2C917&ssl=1","contentUrl":"https:\/\/i0.wp.com\/truusk.store\/wp-content\/uploads\/2026\/03\/cropped-TRUUSK.png?fit=2032%2C917&ssl=1","width":2032,"height":917,"caption":"TRUUSK - Hem, Tr\u00e4dg\u00e5rd & Fritid"},"image":{"@id":"https:\/\/truusk.store\/sv\/#\/schema\/logo\/image\/"}}]}},"jetpack_sharing_enabled":true,"_links":{"self":[{"href":"https:\/\/truusk.store\/sv\/wp-json\/wp\/v2\/product\/9260","targetHints":{"allow":["GET"]}}],"collection":[{"href":"https:\/\/truusk.store\/sv\/wp-json\/wp\/v2\/product"}],"about":[{"href":"https:\/\/truusk.store\/sv\/wp-json\/wp\/v2\/types\/product"}],"wp:featuredmedia":[{"embeddable":true,"href":"https:\/\/truusk.store\/sv\/wp-json\/wp\/v2\/media\/9261"}],"wp:attachment":[{"href":"https:\/\/truusk.store\/sv\/wp-json\/wp\/v2\/media?parent=9260"}],"wp:term":[{"taxonomy":"product_brand","embeddable":true,"href":"https:\/\/truusk.store\/sv\/wp-json\/wp\/v2\/product_brand?post=9260"},{"taxonomy":"product_cat","embeddable":true,"href":"https:\/\/truusk.store\/sv\/wp-json\/wp\/v2\/product_cat?post=9260"},{"taxonomy":"product_tag","embeddable":true,"href":"https:\/\/truusk.store\/sv\/wp-json\/wp\/v2\/product_tag?post=9260"}],"curies":[{"name":"wp","href":"https:\/\/api.w.org\/{rel}","templated":true}]}}