{"id":92624,"date":"2025-10-09T12:43:40","date_gmt":"2025-10-09T11:43:40","guid":{"rendered":"https:\/\/truusk.store\/product\/uppblasbar-snogubbe-familj-18-m-juldekoration-med-led-belysning-for-inomhus-och-utomhusbruk\/"},"modified":"2026-03-12T08:47:07","modified_gmt":"2026-03-12T07:47:07","slug":"truusk-uppblasbar-snogubbe-familj-18-m-juldekoration-med-led-belysning-inomhus-och-utomhusbruk","status":"publish","type":"product","link":"https:\/\/truusk.store\/sv\/produkt\/truusk-uppblasbar-snogubbe-familj-18-m-juldekoration-med-led-belysning-inomhus-och-utomhusbruk\/","title":{"rendered":"TRUUSK Uppbl\u00e5sbar Sn\u00f6gubbe Familj, 1,8 M &#8211; Juldekoration med LED-belysning &#8211; Inomhus- och utomhusbruk"},"content":{"rendered":"<p>Slit inte ut dig sj\u00e4lv med komplex dekoration som m\u00f6rkl\u00e4gger din utomhusmilj\u00f6. L\u00e5t inte monteringsproblem f\u00f6rst\u00f6ra din julst\u00e4mning. Denna uppbl\u00e5sbara juldekoration fr\u00e5n TRUUSK v\u00e4cker snabbt en glad sn\u00f6gubbsfamilj till liv. Utrustad med en kraftfull fl\u00e4kt f\u00f6r snabb montering och str\u00e5lande interna LED-lampor, skapar den en magisk kv\u00e4llsglans och f\u00f6rvandlar ditt hem till en str\u00e5lande plats f\u00f6r jultroll vid varje uppbl\u00e5sbart julevenemang.<\/p>\n<p>Beskrivning:<\/p>\n<ul>\n<li> Julfiguren har en charmig 1,8 meter h\u00f6g sn\u00f6gubbsfamilj som omedelbart f\u00f6rb\u00e4ttrar din heminredning<\/li>\n<li> Tre interna LED-moduler i den utomhus juldekorationen ger en lysande nattvisning som imponerar p\u00e5 alla<\/li>\n<li> Den uppbl\u00e5sbara juldekorationen bl\u00e5ser upp sig sj\u00e4lv p\u00e5 n\u00e5gra minuter med en inbyggd fl\u00e4kt, f\u00f6r en enkel montering<\/li>\n<li> Inkluderar markspikar, rep och sands\u00e4ckar f\u00f6r att s\u00e4kerst\u00e4lla en stabil fasts\u00e4ttning i din tr\u00e4dg\u00e5rd<\/li>\n<li> Tillverkad av IP44 vattent\u00e4tt polyester, garanterar h\u00e5llbarhet i regn eller sn\u00f6<\/li>\n<\/ul>\n<p> Tekniska data:<\/p>\n<ul>\n<li> F\u00e4rg: R\u00f6d+Gr\u00f6n+Svart<\/li>\n<li> Material: Polyester<\/li>\n<li> Totala dimensioner: 165L x 80B x 180H cm<\/li>\n<li> Kabell\u00e4ngd: 3 m<\/li>\n<li> LED-ljusprestanda: 0,25W<\/li>\n<li> Fl\u00e4kteffekt: DC 12V\/1A, 12W<\/li>\n<li> Ing\u00e5ng: 220V, 50\/60Hz<\/li>\n<li> Utg\u00e5ng: DC 12V, 1,5A<\/li>\n<li> Vattent\u00e4thetsklass: IP44<\/li>\n<\/ul>\n<p>Leveransinneh\u00e5ll:<\/p>\n<ul>\n<li> 1 x Uppbl\u00e5sbar sn\u00f6gubbe f\u00f6r julen<\/li>\n<li> 1 x Intern fl\u00e4kt<\/li>\n<li> 4 x Markspikar<\/li>\n<li> 2 x F\u00e4strep<\/li>\n<li> 3 x Sands\u00e4ckar<\/li>\n<li> 1 x Bruksanvisning<\/li>\n<\/ul>\n","protected":false},"excerpt":{"rendered":"<p>Slit inte ut dig sj\u00e4lv med komplex dekoration som m\u00f6rkl\u00e4gger din utomhusmilj\u00f6. L\u00e5t inte monteringsproblem f\u00f6rst\u00f6ra din julst\u00e4mning. Denna uppbl\u00e5sbara&#8230;<\/p>\n","protected":false},"featured_media":92615,"template":"","meta":[],"product_brand":[],"product_cat":[1085,985,987,894],"product_tag":[],"class_list":{"0":"post-92624","1":"product","2":"type-product","3":"status-publish","4":"has-post-thumbnail","6":"product_cat-aufblasbarer-schneemann","7":"product_cat-juldekoration","8":"product_cat-julfigurer","9":"product_cat-julvarld","11":"first","12":"instock","13":"sale","14":"taxable","15":"shipping-taxable","16":"purchasable","17":"product-type-simple"},"yoast_head":"<!-- This site is optimized with the Yoast SEO plugin v25.4 - https:\/\/yoast.com\/wordpress\/plugins\/seo\/ -->\n<title>TRUUSK Uppbl\u00e5sbar Sn\u00f6gubbe Familj, 1,8 M - Juldekoration med LED-belysning - Inomhus- och utomhusbruk - TRUUSK - Hem, Tr\u00e4dg\u00e5rd &amp; Fritid<\/title>\n<meta name=\"robots\" content=\"index, follow, max-snippet:-1, max-image-preview:large, max-video-preview:-1\" \/>\n<link rel=\"canonical\" href=\"https:\/\/truusk.store\/sv\/produkt\/truusk-uppblasbar-snogubbe-familj-18-m-juldekoration-med-led-belysning-inomhus-och-utomhusbruk\/\" \/>\n<meta property=\"og:locale\" content=\"sv_SE\" \/>\n<meta property=\"og:type\" content=\"article\" \/>\n<meta property=\"og:title\" content=\"TRUUSK Uppbl\u00e5sbar Sn\u00f6gubbe Familj, 1,8 M - Juldekoration med LED-belysning - Inomhus- och utomhusbruk - TRUUSK - Hem, Tr\u00e4dg\u00e5rd &amp; Fritid\" \/>\n<meta property=\"og:description\" content=\"Slit inte ut dig sj\u00e4lv med komplex dekoration som m\u00f6rkl\u00e4gger din utomhusmilj\u00f6. L\u00e5t inte monteringsproblem f\u00f6rst\u00f6ra din julst\u00e4mning. Denna uppbl\u00e5sbara...\" \/>\n<meta property=\"og:url\" content=\"https:\/\/truusk.store\/sv\/produkt\/truusk-uppblasbar-snogubbe-familj-18-m-juldekoration-med-led-belysning-inomhus-och-utomhusbruk\/\" \/>\n<meta property=\"og:site_name\" content=\"TRUUSK - Hem, Tr\u00e4dg\u00e5rd &amp; Fritid\" \/>\n<meta property=\"article:modified_time\" content=\"2026-03-12T07:47:07+00:00\" \/>\n<meta property=\"og:image\" content=\"https:\/\/i0.wp.com\/truusk.se\/wp-content\/uploads\/2025\/10\/uppblasbar-snogubbe-familj-18-m-juldekoration-med-led-belysning-for-inomhus-och-utomhusbruk-1.webp?fit=2000%2C2000&ssl=1\" \/>\n\t<meta property=\"og:image:width\" content=\"2000\" \/>\n\t<meta property=\"og:image:height\" content=\"2000\" \/>\n\t<meta property=\"og:image:type\" content=\"image\/webp\" \/>\n<meta name=\"twitter:card\" content=\"summary_large_image\" \/>\n<meta name=\"twitter:label1\" content=\"Ber\u00e4knad l\u00e4stid\" \/>\n\t<meta name=\"twitter:data1\" content=\"1 minut\" \/>\n<!-- \/ Yoast SEO plugin. -->","yoast_head_json":{"title":"TRUUSK Uppbl\u00e5sbar Sn\u00f6gubbe Familj, 1,8 M - Juldekoration med LED-belysning - Inomhus- och utomhusbruk - TRUUSK - Hem, Tr\u00e4dg\u00e5rd &amp; Fritid","robots":{"index":"index","follow":"follow","max-snippet":"max-snippet:-1","max-image-preview":"max-image-preview:large","max-video-preview":"max-video-preview:-1"},"canonical":"https:\/\/truusk.store\/sv\/produkt\/truusk-uppblasbar-snogubbe-familj-18-m-juldekoration-med-led-belysning-inomhus-och-utomhusbruk\/","og_locale":"sv_SE","og_type":"article","og_title":"TRUUSK Uppbl\u00e5sbar Sn\u00f6gubbe Familj, 1,8 M - Juldekoration med LED-belysning - Inomhus- och utomhusbruk - TRUUSK - Hem, Tr\u00e4dg\u00e5rd &amp; Fritid","og_description":"Slit inte ut dig sj\u00e4lv med komplex dekoration som m\u00f6rkl\u00e4gger din utomhusmilj\u00f6. L\u00e5t inte monteringsproblem f\u00f6rst\u00f6ra din julst\u00e4mning. Denna uppbl\u00e5sbara...","og_url":"https:\/\/truusk.store\/sv\/produkt\/truusk-uppblasbar-snogubbe-familj-18-m-juldekoration-med-led-belysning-inomhus-och-utomhusbruk\/","og_site_name":"TRUUSK - Hem, Tr\u00e4dg\u00e5rd &amp; Fritid","article_modified_time":"2026-03-12T07:47:07+00:00","og_image":[{"width":2000,"height":2000,"url":"https:\/\/i0.wp.com\/truusk.se\/wp-content\/uploads\/2025\/10\/uppblasbar-snogubbe-familj-18-m-juldekoration-med-led-belysning-for-inomhus-och-utomhusbruk-1.webp?fit=2000%2C2000&ssl=1","type":"image\/webp"}],"twitter_card":"summary_large_image","twitter_misc":{"Ber\u00e4knad l\u00e4stid":"1 minut"},"schema":{"@context":"https:\/\/schema.org","@graph":[{"@type":"WebPage","@id":"https:\/\/truusk.store\/sv\/produkt\/truusk-uppblasbar-snogubbe-familj-18-m-juldekoration-med-led-belysning-inomhus-och-utomhusbruk\/","url":"https:\/\/truusk.store\/sv\/produkt\/truusk-uppblasbar-snogubbe-familj-18-m-juldekoration-med-led-belysning-inomhus-och-utomhusbruk\/","name":"TRUUSK Uppbl\u00e5sbar Sn\u00f6gubbe Familj, 1,8 M - Juldekoration med LED-belysning - Inomhus- och utomhusbruk - TRUUSK - Hem, Tr\u00e4dg\u00e5rd &amp; Fritid","isPartOf":{"@id":"https:\/\/truusk.store\/sv\/#website"},"primaryImageOfPage":{"@id":"https:\/\/truusk.store\/sv\/produkt\/truusk-uppblasbar-snogubbe-familj-18-m-juldekoration-med-led-belysning-inomhus-och-utomhusbruk\/#primaryimage"},"image":{"@id":"https:\/\/truusk.store\/sv\/produkt\/truusk-uppblasbar-snogubbe-familj-18-m-juldekoration-med-led-belysning-inomhus-och-utomhusbruk\/#primaryimage"},"thumbnailUrl":"https:\/\/i0.wp.com\/truusk.store\/wp-content\/uploads\/2025\/10\/uppblasbar-snogubbe-familj-18-m-juldekoration-med-led-belysning-for-inomhus-och-utomhusbruk-1.webp?fit=2000%2C2000&ssl=1","datePublished":"2025-10-09T11:43:40+00:00","dateModified":"2026-03-12T07:47:07+00:00","breadcrumb":{"@id":"https:\/\/truusk.store\/sv\/produkt\/truusk-uppblasbar-snogubbe-familj-18-m-juldekoration-med-led-belysning-inomhus-och-utomhusbruk\/#breadcrumb"},"inLanguage":"sv-SE","potentialAction":[{"@type":"ReadAction","target":["https:\/\/truusk.store\/sv\/produkt\/truusk-uppblasbar-snogubbe-familj-18-m-juldekoration-med-led-belysning-inomhus-och-utomhusbruk\/"]}]},{"@type":"ImageObject","inLanguage":"sv-SE","@id":"https:\/\/truusk.store\/sv\/produkt\/truusk-uppblasbar-snogubbe-familj-18-m-juldekoration-med-led-belysning-inomhus-och-utomhusbruk\/#primaryimage","url":"https:\/\/i0.wp.com\/truusk.store\/wp-content\/uploads\/2025\/10\/uppblasbar-snogubbe-familj-18-m-juldekoration-med-led-belysning-for-inomhus-och-utomhusbruk-1.webp?fit=2000%2C2000&ssl=1","contentUrl":"https:\/\/i0.wp.com\/truusk.store\/wp-content\/uploads\/2025\/10\/uppblasbar-snogubbe-familj-18-m-juldekoration-med-led-belysning-for-inomhus-och-utomhusbruk-1.webp?fit=2000%2C2000&ssl=1","width":2000,"height":2000},{"@type":"BreadcrumbList","@id":"https:\/\/truusk.store\/sv\/produkt\/truusk-uppblasbar-snogubbe-familj-18-m-juldekoration-med-led-belysning-inomhus-och-utomhusbruk\/#breadcrumb","itemListElement":[{"@type":"ListItem","position":1,"name":"Home","item":"https:\/\/truusk.store\/sv\/"},{"@type":"ListItem","position":2,"name":"Shop","item":"https:\/\/truusk.store\/shop\/"},{"@type":"ListItem","position":3,"name":"TRUUSK Uppbl\u00e5sbar Sn\u00f6gubbe Familj, 1,8 M &#8211; Juldekoration med LED-belysning &#8211; Inomhus- och utomhusbruk"}]},{"@type":"WebSite","@id":"https:\/\/truusk.store\/sv\/#website","url":"https:\/\/truusk.store\/sv\/","name":"TRUUSK - Hem, Tr\u00e4dg\u00e5rd & Fritid","description":"","publisher":{"@id":"https:\/\/truusk.store\/sv\/#organization"},"potentialAction":[{"@type":"SearchAction","target":{"@type":"EntryPoint","urlTemplate":"https:\/\/truusk.store\/sv\/?s={search_term_string}"},"query-input":{"@type":"PropertyValueSpecification","valueRequired":true,"valueName":"search_term_string"}}],"inLanguage":"sv-SE"},{"@type":"Organization","@id":"https:\/\/truusk.store\/sv\/#organization","name":"TRUUSK - Hem, Tr\u00e4dg\u00e5rd & Fritid","url":"https:\/\/truusk.store\/sv\/","logo":{"@type":"ImageObject","inLanguage":"sv-SE","@id":"https:\/\/truusk.store\/sv\/#\/schema\/logo\/image\/","url":"https:\/\/i0.wp.com\/truusk.store\/wp-content\/uploads\/2026\/03\/cropped-TRUUSK.png?fit=2032%2C917&ssl=1","contentUrl":"https:\/\/i0.wp.com\/truusk.store\/wp-content\/uploads\/2026\/03\/cropped-TRUUSK.png?fit=2032%2C917&ssl=1","width":2032,"height":917,"caption":"TRUUSK - Hem, Tr\u00e4dg\u00e5rd & Fritid"},"image":{"@id":"https:\/\/truusk.store\/sv\/#\/schema\/logo\/image\/"}}]}},"jetpack_sharing_enabled":true,"_links":{"self":[{"href":"https:\/\/truusk.store\/sv\/wp-json\/wp\/v2\/product\/92624","targetHints":{"allow":["GET"]}}],"collection":[{"href":"https:\/\/truusk.store\/sv\/wp-json\/wp\/v2\/product"}],"about":[{"href":"https:\/\/truusk.store\/sv\/wp-json\/wp\/v2\/types\/product"}],"wp:featuredmedia":[{"embeddable":true,"href":"https:\/\/truusk.store\/sv\/wp-json\/wp\/v2\/media\/92615"}],"wp:attachment":[{"href":"https:\/\/truusk.store\/sv\/wp-json\/wp\/v2\/media?parent=92624"}],"wp:term":[{"taxonomy":"product_brand","embeddable":true,"href":"https:\/\/truusk.store\/sv\/wp-json\/wp\/v2\/product_brand?post=92624"},{"taxonomy":"product_cat","embeddable":true,"href":"https:\/\/truusk.store\/sv\/wp-json\/wp\/v2\/product_cat?post=92624"},{"taxonomy":"product_tag","embeddable":true,"href":"https:\/\/truusk.store\/sv\/wp-json\/wp\/v2\/product_tag?post=92624"}],"curies":[{"name":"wp","href":"https:\/\/api.w.org\/{rel}","templated":true}]}}