{"id":92684,"date":"2025-10-09T12:49:33","date_gmt":"2025-10-09T11:49:33","guid":{"rendered":"https:\/\/truusk.store\/product\/rullbar-kokso-2-lador-2-skap-flyttbar-kryddhylla-handdukshallare-knivhallare-mdf-vit\/"},"modified":"2026-03-12T08:47:13","modified_gmt":"2026-03-12T07:47:13","slug":"truusk-rullbar-kokso-2-lador-2-skap-flyttbar-kryddhylla-handdukshallare-knivhallare-mdf-vit","status":"publish","type":"product","link":"https:\/\/truusk.store\/sv\/produkt\/truusk-rullbar-kokso-2-lador-2-skap-flyttbar-kryddhylla-handdukshallare-knivhallare-mdf-vit\/","title":{"rendered":"TRUUSK Rullbar K\u00f6ks\u00f6 &#8211; 2 L\u00e5dor, 2 Sk\u00e5p &#8211; Flyttbar &#8211; Kryddhylla &#8211; Handduksh\u00e5llare &#8211; Knivh\u00e5llare &#8211; MDF &#8211; Vit"},"content":{"rendered":"<p>St\u00f6rs av ett tr\u00e5ngt k\u00f6k som st\u00f6r matlagningsprocessen genom kaos? Att jonglera med ingredienser p\u00e5 instabila ytor och leta efter k\u00f6ksredskap \u00f6kar bara stressen. TRUUSK k\u00f6ks\u00f6 \u00e5terst\u00e4ller ordning och lugn. Den kan enkelt skjutas dit den beh\u00f6vs och kan s\u00e4kert fixeras. Med gott om f\u00f6rvaringsutrymme och speciella h\u00e5llare f\u00f6r handdukar, kryddor och knivar \u00e4r allt \u00f6versiktligt och snabbt till hands.<\/p>\n<p>Beskrivning:<\/p>\n<ul>\n<li> Erbjuder tv\u00e5 tv\u00e5v\u00e5nings sk\u00e5p och tv\u00e5 l\u00e5dor f\u00f6r att h\u00e5lla ditt k\u00f6k organiserat<\/li>\n<li> Fem universella hjul med tv\u00e5 bromsar ger b\u00e5de r\u00f6rlighet och stabilitet<\/li>\n<li> Sidohyllor h\u00e5ller din handduk, knivar och kryddor precis d\u00e4r du beh\u00f6ver dem<\/li>\n<li> Den 120 x 43 cm stora arbetsytan erbjuder gott om utrymme f\u00f6r matlagning och \u00e4r l\u00e4tt att reng\u00f6ra<\/li>\n<li> Snygga paneler och en arbetsyta i naturligt tr\u00e4utseende ger en charmig stil<\/li>\n<li> Tillverkad av sp\u00e5nskiva och MDF f\u00f6r p\u00e5litlig daglig anv\u00e4ndning<\/li>\n<li> Montering kr\u00e4vs<\/li>\n<\/ul>\n<p> Tekniska data:<\/p>\n<ul>\n<li> F\u00e4rg: Vit+Naturtr\u00e4<\/li>\n<li> Material: Sp\u00e5nskiva, MDF<\/li>\n<li> Totala dimensioner: 147L x 43B x 89H cm<\/li>\n<li> Arbetsytestorlek: 120B x 43T cm<\/li>\n<li> Inre l\u00e5dm\u00e5tt: 52,3B x 28,7T x 8,9H cm<\/li>\n<li> Inre sk\u00e5pm\u00e5tt: 57,2B x 38T x 63,3H cm<\/li>\n<li> Maximal belastning: 46 kg (totalt), 10 kg (arbetsyta), 5 kg (hylla\/l\u00e5da), 3 kg (sidohylla)<\/li>\n<\/ul>\n<p>Leveransinneh\u00e5ll:<\/p>\n<ul>\n<li> 1 x K\u00f6ks\u00f6<\/li>\n<li> 1 x Bruksanvisning<\/li>\n<\/ul>\n","protected":false},"excerpt":{"rendered":"<p>St\u00f6rs av ett tr\u00e5ngt k\u00f6k som st\u00f6r matlagningsprocessen genom kaos? Att jonglera med ingredienser p\u00e5 instabila ytor och leta efter&#8230;<\/p>\n","protected":false},"featured_media":92675,"template":"","meta":[],"product_brand":[],"product_cat":[871,889,1017],"product_tag":[],"class_list":{"0":"post-92684","1":"product","2":"type-product","3":"status-publish","4":"has-post-thumbnail","6":"product_cat-hus-hem","7":"product_cat-kok-matsal","8":"product_cat-koksoar","10":"first","11":"instock","12":"sale","13":"taxable","14":"shipping-taxable","15":"purchasable","16":"product-type-simple"},"yoast_head":"<!-- This site is optimized with the Yoast SEO plugin v25.4 - https:\/\/yoast.com\/wordpress\/plugins\/seo\/ -->\n<title>TRUUSK Rullbar K\u00f6ks\u00f6 - 2 L\u00e5dor, 2 Sk\u00e5p - Flyttbar - Kryddhylla - Handduksh\u00e5llare - Knivh\u00e5llare - MDF - Vit - TRUUSK - Hem, Tr\u00e4dg\u00e5rd &amp; Fritid<\/title>\n<meta name=\"robots\" content=\"index, follow, max-snippet:-1, max-image-preview:large, max-video-preview:-1\" \/>\n<link rel=\"canonical\" href=\"https:\/\/truusk.store\/sv\/produkt\/truusk-rullbar-kokso-2-lador-2-skap-flyttbar-kryddhylla-handdukshallare-knivhallare-mdf-vit\/\" \/>\n<meta property=\"og:locale\" content=\"sv_SE\" \/>\n<meta property=\"og:type\" content=\"article\" \/>\n<meta property=\"og:title\" content=\"TRUUSK Rullbar K\u00f6ks\u00f6 - 2 L\u00e5dor, 2 Sk\u00e5p - Flyttbar - Kryddhylla - Handduksh\u00e5llare - Knivh\u00e5llare - MDF - Vit - TRUUSK - Hem, Tr\u00e4dg\u00e5rd &amp; Fritid\" \/>\n<meta property=\"og:description\" content=\"St\u00f6rs av ett tr\u00e5ngt k\u00f6k som st\u00f6r matlagningsprocessen genom kaos? Att jonglera med ingredienser p\u00e5 instabila ytor och leta efter...\" \/>\n<meta property=\"og:url\" content=\"https:\/\/truusk.store\/sv\/produkt\/truusk-rullbar-kokso-2-lador-2-skap-flyttbar-kryddhylla-handdukshallare-knivhallare-mdf-vit\/\" \/>\n<meta property=\"og:site_name\" content=\"TRUUSK - Hem, Tr\u00e4dg\u00e5rd &amp; Fritid\" \/>\n<meta property=\"article:modified_time\" content=\"2026-03-12T07:47:13+00:00\" \/>\n<meta property=\"og:image\" content=\"https:\/\/i0.wp.com\/truusk.se\/wp-content\/uploads\/2025\/10\/rullbar-kokso-2-lador-2-skap-flyttbar-kryddhylla-handdukshallare-knivhallare-mdf-vit-1.webp?fit=2000%2C2000&ssl=1\" \/>\n\t<meta property=\"og:image:width\" content=\"2000\" \/>\n\t<meta property=\"og:image:height\" content=\"2000\" \/>\n\t<meta property=\"og:image:type\" content=\"image\/webp\" \/>\n<meta name=\"twitter:card\" content=\"summary_large_image\" \/>\n<meta name=\"twitter:label1\" content=\"Ber\u00e4knad l\u00e4stid\" \/>\n\t<meta name=\"twitter:data1\" content=\"1 minut\" \/>\n<!-- \/ Yoast SEO plugin. -->","yoast_head_json":{"title":"TRUUSK Rullbar K\u00f6ks\u00f6 - 2 L\u00e5dor, 2 Sk\u00e5p - Flyttbar - Kryddhylla - Handduksh\u00e5llare - Knivh\u00e5llare - MDF - Vit - TRUUSK - Hem, Tr\u00e4dg\u00e5rd &amp; Fritid","robots":{"index":"index","follow":"follow","max-snippet":"max-snippet:-1","max-image-preview":"max-image-preview:large","max-video-preview":"max-video-preview:-1"},"canonical":"https:\/\/truusk.store\/sv\/produkt\/truusk-rullbar-kokso-2-lador-2-skap-flyttbar-kryddhylla-handdukshallare-knivhallare-mdf-vit\/","og_locale":"sv_SE","og_type":"article","og_title":"TRUUSK Rullbar K\u00f6ks\u00f6 - 2 L\u00e5dor, 2 Sk\u00e5p - Flyttbar - Kryddhylla - Handduksh\u00e5llare - Knivh\u00e5llare - MDF - Vit - TRUUSK - Hem, Tr\u00e4dg\u00e5rd &amp; Fritid","og_description":"St\u00f6rs av ett tr\u00e5ngt k\u00f6k som st\u00f6r matlagningsprocessen genom kaos? Att jonglera med ingredienser p\u00e5 instabila ytor och leta efter...","og_url":"https:\/\/truusk.store\/sv\/produkt\/truusk-rullbar-kokso-2-lador-2-skap-flyttbar-kryddhylla-handdukshallare-knivhallare-mdf-vit\/","og_site_name":"TRUUSK - Hem, Tr\u00e4dg\u00e5rd &amp; Fritid","article_modified_time":"2026-03-12T07:47:13+00:00","og_image":[{"width":2000,"height":2000,"url":"https:\/\/i0.wp.com\/truusk.se\/wp-content\/uploads\/2025\/10\/rullbar-kokso-2-lador-2-skap-flyttbar-kryddhylla-handdukshallare-knivhallare-mdf-vit-1.webp?fit=2000%2C2000&ssl=1","type":"image\/webp"}],"twitter_card":"summary_large_image","twitter_misc":{"Ber\u00e4knad l\u00e4stid":"1 minut"},"schema":{"@context":"https:\/\/schema.org","@graph":[{"@type":"WebPage","@id":"https:\/\/truusk.store\/sv\/produkt\/truusk-rullbar-kokso-2-lador-2-skap-flyttbar-kryddhylla-handdukshallare-knivhallare-mdf-vit\/","url":"https:\/\/truusk.store\/sv\/produkt\/truusk-rullbar-kokso-2-lador-2-skap-flyttbar-kryddhylla-handdukshallare-knivhallare-mdf-vit\/","name":"TRUUSK Rullbar K\u00f6ks\u00f6 - 2 L\u00e5dor, 2 Sk\u00e5p - Flyttbar - Kryddhylla - Handduksh\u00e5llare - Knivh\u00e5llare - MDF - Vit - TRUUSK - Hem, Tr\u00e4dg\u00e5rd &amp; Fritid","isPartOf":{"@id":"https:\/\/truusk.store\/sv\/#website"},"primaryImageOfPage":{"@id":"https:\/\/truusk.store\/sv\/produkt\/truusk-rullbar-kokso-2-lador-2-skap-flyttbar-kryddhylla-handdukshallare-knivhallare-mdf-vit\/#primaryimage"},"image":{"@id":"https:\/\/truusk.store\/sv\/produkt\/truusk-rullbar-kokso-2-lador-2-skap-flyttbar-kryddhylla-handdukshallare-knivhallare-mdf-vit\/#primaryimage"},"thumbnailUrl":"https:\/\/i0.wp.com\/truusk.store\/wp-content\/uploads\/2025\/10\/rullbar-kokso-2-lador-2-skap-flyttbar-kryddhylla-handdukshallare-knivhallare-mdf-vit-1.webp?fit=2000%2C2000&ssl=1","datePublished":"2025-10-09T11:49:33+00:00","dateModified":"2026-03-12T07:47:13+00:00","breadcrumb":{"@id":"https:\/\/truusk.store\/sv\/produkt\/truusk-rullbar-kokso-2-lador-2-skap-flyttbar-kryddhylla-handdukshallare-knivhallare-mdf-vit\/#breadcrumb"},"inLanguage":"sv-SE","potentialAction":[{"@type":"ReadAction","target":["https:\/\/truusk.store\/sv\/produkt\/truusk-rullbar-kokso-2-lador-2-skap-flyttbar-kryddhylla-handdukshallare-knivhallare-mdf-vit\/"]}]},{"@type":"ImageObject","inLanguage":"sv-SE","@id":"https:\/\/truusk.store\/sv\/produkt\/truusk-rullbar-kokso-2-lador-2-skap-flyttbar-kryddhylla-handdukshallare-knivhallare-mdf-vit\/#primaryimage","url":"https:\/\/i0.wp.com\/truusk.store\/wp-content\/uploads\/2025\/10\/rullbar-kokso-2-lador-2-skap-flyttbar-kryddhylla-handdukshallare-knivhallare-mdf-vit-1.webp?fit=2000%2C2000&ssl=1","contentUrl":"https:\/\/i0.wp.com\/truusk.store\/wp-content\/uploads\/2025\/10\/rullbar-kokso-2-lador-2-skap-flyttbar-kryddhylla-handdukshallare-knivhallare-mdf-vit-1.webp?fit=2000%2C2000&ssl=1","width":2000,"height":2000},{"@type":"BreadcrumbList","@id":"https:\/\/truusk.store\/sv\/produkt\/truusk-rullbar-kokso-2-lador-2-skap-flyttbar-kryddhylla-handdukshallare-knivhallare-mdf-vit\/#breadcrumb","itemListElement":[{"@type":"ListItem","position":1,"name":"Home","item":"https:\/\/truusk.store\/sv\/"},{"@type":"ListItem","position":2,"name":"Shop","item":"https:\/\/truusk.store\/shop\/"},{"@type":"ListItem","position":3,"name":"TRUUSK Rullbar K\u00f6ks\u00f6 &#8211; 2 L\u00e5dor, 2 Sk\u00e5p &#8211; Flyttbar &#8211; Kryddhylla &#8211; Handduksh\u00e5llare &#8211; Knivh\u00e5llare &#8211; MDF &#8211; Vit"}]},{"@type":"WebSite","@id":"https:\/\/truusk.store\/sv\/#website","url":"https:\/\/truusk.store\/sv\/","name":"TRUUSK - Hem, Tr\u00e4dg\u00e5rd & Fritid","description":"","publisher":{"@id":"https:\/\/truusk.store\/sv\/#organization"},"potentialAction":[{"@type":"SearchAction","target":{"@type":"EntryPoint","urlTemplate":"https:\/\/truusk.store\/sv\/?s={search_term_string}"},"query-input":{"@type":"PropertyValueSpecification","valueRequired":true,"valueName":"search_term_string"}}],"inLanguage":"sv-SE"},{"@type":"Organization","@id":"https:\/\/truusk.store\/sv\/#organization","name":"TRUUSK - Hem, Tr\u00e4dg\u00e5rd & Fritid","url":"https:\/\/truusk.store\/sv\/","logo":{"@type":"ImageObject","inLanguage":"sv-SE","@id":"https:\/\/truusk.store\/sv\/#\/schema\/logo\/image\/","url":"https:\/\/i0.wp.com\/truusk.store\/wp-content\/uploads\/2026\/03\/cropped-TRUUSK.png?fit=2032%2C917&ssl=1","contentUrl":"https:\/\/i0.wp.com\/truusk.store\/wp-content\/uploads\/2026\/03\/cropped-TRUUSK.png?fit=2032%2C917&ssl=1","width":2032,"height":917,"caption":"TRUUSK - Hem, Tr\u00e4dg\u00e5rd & Fritid"},"image":{"@id":"https:\/\/truusk.store\/sv\/#\/schema\/logo\/image\/"}}]}},"jetpack_sharing_enabled":true,"_links":{"self":[{"href":"https:\/\/truusk.store\/sv\/wp-json\/wp\/v2\/product\/92684","targetHints":{"allow":["GET"]}}],"collection":[{"href":"https:\/\/truusk.store\/sv\/wp-json\/wp\/v2\/product"}],"about":[{"href":"https:\/\/truusk.store\/sv\/wp-json\/wp\/v2\/types\/product"}],"wp:featuredmedia":[{"embeddable":true,"href":"https:\/\/truusk.store\/sv\/wp-json\/wp\/v2\/media\/92675"}],"wp:attachment":[{"href":"https:\/\/truusk.store\/sv\/wp-json\/wp\/v2\/media?parent=92684"}],"wp:term":[{"taxonomy":"product_brand","embeddable":true,"href":"https:\/\/truusk.store\/sv\/wp-json\/wp\/v2\/product_brand?post=92684"},{"taxonomy":"product_cat","embeddable":true,"href":"https:\/\/truusk.store\/sv\/wp-json\/wp\/v2\/product_cat?post=92684"},{"taxonomy":"product_tag","embeddable":true,"href":"https:\/\/truusk.store\/sv\/wp-json\/wp\/v2\/product_tag?post=92684"}],"curies":[{"name":"wp","href":"https:\/\/api.w.org\/{rel}","templated":true}]}}