{"id":92734,"date":"2025-10-09T12:54:34","date_gmt":"2025-10-09T11:54:34","guid":{"rendered":"https:\/\/truusk.store\/product\/bagerihylla-3-niva-kokshylla-med-stalram-rustikt-brunsvart\/"},"modified":"2026-03-12T08:47:16","modified_gmt":"2026-03-12T07:47:16","slug":"truusk-bagerihylla-3-niva-kokshylla-med-stalram-rustikt-brunsvart","status":"publish","type":"product","link":"https:\/\/truusk.store\/sv\/produkt\/truusk-bagerihylla-3-niva-kokshylla-med-stalram-rustikt-brunsvart\/","title":{"rendered":"TRUUSK Bagerihylla &#8211; 3-niv\u00e5 K\u00f6kshylla Med St\u00e5lram &#8211; Rustikt Brun+svart"},"content":{"rendered":"<p>K\u00e4mpar du mot kaoset i ditt k\u00f6k? Oordning \u00f6verallt g\u00f6r matlagningen stressig. TRUUSK k\u00f6kshyllan skapar l\u00f6sningen med en rymlig yta och flera niv\u00e5er f\u00f6r allt fr\u00e5n kaffemaskinen till tunga grytor, b\u00e4rs av en stabil st\u00e5lram av bagerihyllan som kan b\u00e4ra upp till 120 kg.<\/p>\n<p>Beskrivning:<\/p>\n<ul>\n<li> Den frist\u00e5ende k\u00f6kshyllan erbjuder en rymlig yta p\u00e5 100 x 50 cm f\u00f6r sm\u00e5 apparater och matlagning<\/li>\n<li> 3-niv\u00e5 hyllor organiserar allt snyggt, fr\u00e5n kryddor till en mikrov\u00e5gsugn<\/li>\n<li> Robust st\u00e5lram och tjocka hyllor s\u00e4kerst\u00e4ller stabiliteten f\u00f6r k\u00f6ksredskap<\/li>\n<li> M\u00e5ngsidig industriell design av bagerihyllan, fungerar som k\u00f6kshylla, bardisk eller kaffebord<\/li>\n<li> Justerbara fotdynor h\u00e5ller k\u00f6kshyllan stabil och balanserad, \u00e4ven p\u00e5 oj\u00e4mna golv<\/li>\n<li> Den 13 cm h\u00f6ga fria utrymmet under bagerihyllan l\u00e5ter dammsugare eller robotreng\u00f6rare glida under utan anstr\u00e4ngning<\/li>\n<li> Enkel montering kr\u00e4vs<\/li>\n<\/ul>\n<p> Tekniska data:<\/p>\n<ul>\n<li> F\u00e4rg: Rustik brun + svart<\/li>\n<li> Material: Sp\u00e5nskiva, st\u00e5l<\/li>\n<li> Totala dimensioner: 100L x 50B x 90H cm<\/li>\n<li> Storlek p\u00e5 varje hylla: 100L x 50B x 34\/39H cm<\/li>\n<li> Golvklaring: 13 cm<\/li>\n<li> Maximal belastning: 40 kg (per hylla), 120 kg (totalt)<\/li>\n<\/ul>\n<p>Leveransinneh\u00e5ll:<\/p>\n<ul>\n<li> 1 x Bagerihylla<\/li>\n<li> 1 x Bruksanvisning<\/li>\n<\/ul>\n","protected":false},"excerpt":{"rendered":"<p>K\u00e4mpar du mot kaoset i ditt k\u00f6k? Oordning \u00f6verallt g\u00f6r matlagningen stressig. TRUUSK k\u00f6kshyllan skapar l\u00f6sningen med en rymlig yta&#8230;<\/p>\n","protected":false},"featured_media":92725,"template":"","meta":[],"product_brand":[],"product_cat":[871,889,534],"product_tag":[],"class_list":{"0":"post-92734","1":"product","2":"type-product","3":"status-publish","4":"has-post-thumbnail","6":"product_cat-hus-hem","7":"product_cat-kok-matsal","8":"product_cat-koksskap","10":"first","11":"instock","12":"sale","13":"taxable","14":"shipping-taxable","15":"purchasable","16":"product-type-simple"},"yoast_head":"<!-- This site is optimized with the Yoast SEO plugin v25.4 - https:\/\/yoast.com\/wordpress\/plugins\/seo\/ -->\n<title>TRUUSK Bagerihylla - 3-niv\u00e5 K\u00f6kshylla Med St\u00e5lram - Rustikt Brun+svart - TRUUSK - Hem, Tr\u00e4dg\u00e5rd &amp; Fritid<\/title>\n<meta name=\"robots\" content=\"index, follow, max-snippet:-1, max-image-preview:large, max-video-preview:-1\" \/>\n<link rel=\"canonical\" href=\"https:\/\/truusk.store\/sv\/produkt\/truusk-bagerihylla-3-niva-kokshylla-med-stalram-rustikt-brunsvart\/\" \/>\n<meta property=\"og:locale\" content=\"sv_SE\" \/>\n<meta property=\"og:type\" content=\"article\" \/>\n<meta property=\"og:title\" content=\"TRUUSK Bagerihylla - 3-niv\u00e5 K\u00f6kshylla Med St\u00e5lram - Rustikt Brun+svart - TRUUSK - Hem, Tr\u00e4dg\u00e5rd &amp; Fritid\" \/>\n<meta property=\"og:description\" content=\"K\u00e4mpar du mot kaoset i ditt k\u00f6k? Oordning \u00f6verallt g\u00f6r matlagningen stressig. TRUUSK k\u00f6kshyllan skapar l\u00f6sningen med en rymlig yta...\" \/>\n<meta property=\"og:url\" content=\"https:\/\/truusk.store\/sv\/produkt\/truusk-bagerihylla-3-niva-kokshylla-med-stalram-rustikt-brunsvart\/\" \/>\n<meta property=\"og:site_name\" content=\"TRUUSK - Hem, Tr\u00e4dg\u00e5rd &amp; Fritid\" \/>\n<meta property=\"article:modified_time\" content=\"2026-03-12T07:47:16+00:00\" \/>\n<meta property=\"og:image\" content=\"https:\/\/i0.wp.com\/truusk.se\/wp-content\/uploads\/2025\/10\/bagerihylla-3-niva-kokshylla-med-stalram-rustikt-brunsvart-1.webp?fit=2000%2C2000&ssl=1\" \/>\n\t<meta property=\"og:image:width\" content=\"2000\" \/>\n\t<meta property=\"og:image:height\" content=\"2000\" \/>\n\t<meta property=\"og:image:type\" content=\"image\/webp\" \/>\n<meta name=\"twitter:card\" content=\"summary_large_image\" \/>\n<meta name=\"twitter:label1\" content=\"Ber\u00e4knad l\u00e4stid\" \/>\n\t<meta name=\"twitter:data1\" content=\"1 minut\" \/>\n<!-- \/ Yoast SEO plugin. -->","yoast_head_json":{"title":"TRUUSK Bagerihylla - 3-niv\u00e5 K\u00f6kshylla Med St\u00e5lram - Rustikt Brun+svart - TRUUSK - Hem, Tr\u00e4dg\u00e5rd &amp; Fritid","robots":{"index":"index","follow":"follow","max-snippet":"max-snippet:-1","max-image-preview":"max-image-preview:large","max-video-preview":"max-video-preview:-1"},"canonical":"https:\/\/truusk.store\/sv\/produkt\/truusk-bagerihylla-3-niva-kokshylla-med-stalram-rustikt-brunsvart\/","og_locale":"sv_SE","og_type":"article","og_title":"TRUUSK Bagerihylla - 3-niv\u00e5 K\u00f6kshylla Med St\u00e5lram - Rustikt Brun+svart - TRUUSK - Hem, Tr\u00e4dg\u00e5rd &amp; Fritid","og_description":"K\u00e4mpar du mot kaoset i ditt k\u00f6k? Oordning \u00f6verallt g\u00f6r matlagningen stressig. TRUUSK k\u00f6kshyllan skapar l\u00f6sningen med en rymlig yta...","og_url":"https:\/\/truusk.store\/sv\/produkt\/truusk-bagerihylla-3-niva-kokshylla-med-stalram-rustikt-brunsvart\/","og_site_name":"TRUUSK - Hem, Tr\u00e4dg\u00e5rd &amp; Fritid","article_modified_time":"2026-03-12T07:47:16+00:00","og_image":[{"width":2000,"height":2000,"url":"https:\/\/i0.wp.com\/truusk.se\/wp-content\/uploads\/2025\/10\/bagerihylla-3-niva-kokshylla-med-stalram-rustikt-brunsvart-1.webp?fit=2000%2C2000&ssl=1","type":"image\/webp"}],"twitter_card":"summary_large_image","twitter_misc":{"Ber\u00e4knad l\u00e4stid":"1 minut"},"schema":{"@context":"https:\/\/schema.org","@graph":[{"@type":"WebPage","@id":"https:\/\/truusk.store\/sv\/produkt\/truusk-bagerihylla-3-niva-kokshylla-med-stalram-rustikt-brunsvart\/","url":"https:\/\/truusk.store\/sv\/produkt\/truusk-bagerihylla-3-niva-kokshylla-med-stalram-rustikt-brunsvart\/","name":"TRUUSK Bagerihylla - 3-niv\u00e5 K\u00f6kshylla Med St\u00e5lram - Rustikt Brun+svart - TRUUSK - Hem, Tr\u00e4dg\u00e5rd &amp; Fritid","isPartOf":{"@id":"https:\/\/truusk.store\/sv\/#website"},"primaryImageOfPage":{"@id":"https:\/\/truusk.store\/sv\/produkt\/truusk-bagerihylla-3-niva-kokshylla-med-stalram-rustikt-brunsvart\/#primaryimage"},"image":{"@id":"https:\/\/truusk.store\/sv\/produkt\/truusk-bagerihylla-3-niva-kokshylla-med-stalram-rustikt-brunsvart\/#primaryimage"},"thumbnailUrl":"https:\/\/i0.wp.com\/truusk.store\/wp-content\/uploads\/2025\/10\/bagerihylla-3-niva-kokshylla-med-stalram-rustikt-brunsvart-1.webp?fit=2000%2C2000&ssl=1","datePublished":"2025-10-09T11:54:34+00:00","dateModified":"2026-03-12T07:47:16+00:00","breadcrumb":{"@id":"https:\/\/truusk.store\/sv\/produkt\/truusk-bagerihylla-3-niva-kokshylla-med-stalram-rustikt-brunsvart\/#breadcrumb"},"inLanguage":"sv-SE","potentialAction":[{"@type":"ReadAction","target":["https:\/\/truusk.store\/sv\/produkt\/truusk-bagerihylla-3-niva-kokshylla-med-stalram-rustikt-brunsvart\/"]}]},{"@type":"ImageObject","inLanguage":"sv-SE","@id":"https:\/\/truusk.store\/sv\/produkt\/truusk-bagerihylla-3-niva-kokshylla-med-stalram-rustikt-brunsvart\/#primaryimage","url":"https:\/\/i0.wp.com\/truusk.store\/wp-content\/uploads\/2025\/10\/bagerihylla-3-niva-kokshylla-med-stalram-rustikt-brunsvart-1.webp?fit=2000%2C2000&ssl=1","contentUrl":"https:\/\/i0.wp.com\/truusk.store\/wp-content\/uploads\/2025\/10\/bagerihylla-3-niva-kokshylla-med-stalram-rustikt-brunsvart-1.webp?fit=2000%2C2000&ssl=1","width":2000,"height":2000},{"@type":"BreadcrumbList","@id":"https:\/\/truusk.store\/sv\/produkt\/truusk-bagerihylla-3-niva-kokshylla-med-stalram-rustikt-brunsvart\/#breadcrumb","itemListElement":[{"@type":"ListItem","position":1,"name":"Home","item":"https:\/\/truusk.store\/sv\/"},{"@type":"ListItem","position":2,"name":"Shop","item":"https:\/\/truusk.store\/shop\/"},{"@type":"ListItem","position":3,"name":"TRUUSK Bagerihylla &#8211; 3-niv\u00e5 K\u00f6kshylla Med St\u00e5lram &#8211; Rustikt Brun+svart"}]},{"@type":"WebSite","@id":"https:\/\/truusk.store\/sv\/#website","url":"https:\/\/truusk.store\/sv\/","name":"TRUUSK - Hem, Tr\u00e4dg\u00e5rd & Fritid","description":"","publisher":{"@id":"https:\/\/truusk.store\/sv\/#organization"},"potentialAction":[{"@type":"SearchAction","target":{"@type":"EntryPoint","urlTemplate":"https:\/\/truusk.store\/sv\/?s={search_term_string}"},"query-input":{"@type":"PropertyValueSpecification","valueRequired":true,"valueName":"search_term_string"}}],"inLanguage":"sv-SE"},{"@type":"Organization","@id":"https:\/\/truusk.store\/sv\/#organization","name":"TRUUSK - Hem, Tr\u00e4dg\u00e5rd & Fritid","url":"https:\/\/truusk.store\/sv\/","logo":{"@type":"ImageObject","inLanguage":"sv-SE","@id":"https:\/\/truusk.store\/sv\/#\/schema\/logo\/image\/","url":"https:\/\/i0.wp.com\/truusk.store\/wp-content\/uploads\/2026\/03\/cropped-TRUUSK.png?fit=2032%2C917&ssl=1","contentUrl":"https:\/\/i0.wp.com\/truusk.store\/wp-content\/uploads\/2026\/03\/cropped-TRUUSK.png?fit=2032%2C917&ssl=1","width":2032,"height":917,"caption":"TRUUSK - Hem, Tr\u00e4dg\u00e5rd & Fritid"},"image":{"@id":"https:\/\/truusk.store\/sv\/#\/schema\/logo\/image\/"}}]}},"jetpack_sharing_enabled":true,"_links":{"self":[{"href":"https:\/\/truusk.store\/sv\/wp-json\/wp\/v2\/product\/92734","targetHints":{"allow":["GET"]}}],"collection":[{"href":"https:\/\/truusk.store\/sv\/wp-json\/wp\/v2\/product"}],"about":[{"href":"https:\/\/truusk.store\/sv\/wp-json\/wp\/v2\/types\/product"}],"wp:featuredmedia":[{"embeddable":true,"href":"https:\/\/truusk.store\/sv\/wp-json\/wp\/v2\/media\/92725"}],"wp:attachment":[{"href":"https:\/\/truusk.store\/sv\/wp-json\/wp\/v2\/media?parent=92734"}],"wp:term":[{"taxonomy":"product_brand","embeddable":true,"href":"https:\/\/truusk.store\/sv\/wp-json\/wp\/v2\/product_brand?post=92734"},{"taxonomy":"product_cat","embeddable":true,"href":"https:\/\/truusk.store\/sv\/wp-json\/wp\/v2\/product_cat?post=92734"},{"taxonomy":"product_tag","embeddable":true,"href":"https:\/\/truusk.store\/sv\/wp-json\/wp\/v2\/product_tag?post=92734"}],"curies":[{"name":"wp","href":"https:\/\/api.w.org\/{rel}","templated":true}]}}