{"id":92744,"date":"2025-10-09T12:55:38","date_gmt":"2025-10-09T11:55:38","guid":{"rendered":"https:\/\/truusk.store\/product\/sidobord-byra-med-2-lador-3-oppna-hyllor-koksskap-for-kok-vardagsrum-90-x-40-x-91-cm-naturligt-tra\/"},"modified":"2026-03-12T08:48:08","modified_gmt":"2026-03-12T07:48:08","slug":"truusk-sidobord-med-2-lador-och-3-oppna-hyllor-koksskap-for-kok-och-vardagsrum-naturligt-tra-90-x-40-x-91-cm","status":"publish","type":"product","link":"https:\/\/truusk.store\/sv\/produkt\/truusk-sidobord-med-2-lador-och-3-oppna-hyllor-koksskap-for-kok-och-vardagsrum-naturligt-tra-90-x-40-x-91-cm\/","title":{"rendered":"TRUUSK Sidobord med 2 l\u00e5dor och 3 \u00f6ppna hyllor &#8211; K\u00f6kssk\u00e5p f\u00f6r k\u00f6k och vardagsrum &#8211; Naturligt tr\u00e4 &#8211; 90 x 40 x 91 cm"},"content":{"rendered":"<p>K\u00e4mpar du med ett o\u00f6versk\u00e5dligt rum utan n\u00e5gon riktig blickf\u00e5ngare? Denna oordning kan f\u00e5 ditt hem att se mer kaotiskt ut \u00e4n lugnande. TRUUSK sideboardet \u00e4r den ideala l\u00f6sningen med stil. Dess industriella design ger karakt\u00e4r och niv\u00e5erna erbjuder gott om plats f\u00f6r dina saker. Ovanp\u00e5 skapas en perfekt kaffebardisk eller presentationsyta som f\u00f6rvandlar ditt rum till en prydlig, inbjudande oas. Detta k\u00f6kssk\u00e5p \u00f6kar stil och funktionalitet lika mycket.<\/p>\n<p>Beskrivning:<\/p>\n<ul>\n<li> Tv\u00e5 l\u00e5dor i sideboardet h\u00e5ller dagliga f\u00f6rem\u00e5l snyggt undanstoppade och l\u00e4ttillg\u00e4ngliga<\/li>\n<li> Tre \u00f6ppna hyllor i k\u00f6kssk\u00e5pet med arbetsb\u00e4nk erbjuder plats f\u00f6r l\u00e4ttillg\u00e4ngligt f\u00f6rvaringsutrymme<\/li>\n<li> Stark st\u00e5lram p\u00e5 k\u00f6ksbuff\u00e9n b\u00e4r upp till 100 kg f\u00f6r p\u00e5litlig daglig anv\u00e4ndning<\/li>\n<li> Naturlig tr\u00e4finish och svarta st\u00e5lr\u00f6r sm\u00e4lter samman till en sl\u00e5ende industriell look<\/li>\n<li> M\u00e5ngsidig enhet passar i k\u00f6ket, hallen, matplatsen eller vardagsrummet<\/li>\n<li> Justerbara fotdynor p\u00e5 k\u00f6kssk\u00e5pet ger stabilitet p\u00e5 oj\u00e4mna golv<\/li>\n<li> Tipp-s\u00e4ker design garanterar s\u00e4ker anv\u00e4ndning i familjehem<\/li>\n<li> Enkel montering kr\u00e4vs<\/li>\n<\/ul>\n<p> Tekniska data:<\/p>\n<ul>\n<li> F\u00e4rg: Naturtr\u00e4+Svart<\/li>\n<li> Material: Sp\u00e5nskiva, St\u00e5l<\/li>\n<li> Totala dimensioner: 90L x 40B x 91H cm<\/li>\n<li> Inre storlek p\u00e5 l\u00e5dan: 35B x 28,5T x 8,5H cm<\/li>\n<li> Storlek liten hylla: 44B x 34T cm<\/li>\n<li> Storlek l\u00e5ng hylla: 82B x 34,5T cm<\/li>\n<li> Hyllh\u00f6jd: 17 cm, 18 cm, 24 cm<\/li>\n<li> H\u00f6jd fr\u00e5n golvet till botten: 10 cm<\/li>\n<li> B\u00e4rkapacitet: 40 kg (bordsplatta), 10 kg (l\u00e5da\/hylla), 100 kg (totalt)<\/li>\n<\/ul>\n<p>Leveransinneh\u00e5ll:<\/p>\n<ul>\n<li> 1 x Sideboard<\/li>\n<li> 1 x Bruksanvisning<\/li>\n<\/ul>\n","protected":false},"excerpt":{"rendered":"<p>K\u00e4mpar du med ett o\u00f6versk\u00e5dligt rum utan n\u00e5gon riktig blickf\u00e5ngare? Denna oordning kan f\u00e5 ditt hem att se mer kaotiskt&#8230;<\/p>\n","protected":false},"featured_media":92735,"template":"","meta":[],"product_brand":[],"product_cat":[956,871,910],"product_tag":[],"class_list":{"0":"post-92744","1":"product","2":"type-product","3":"status-publish","4":"has-post-thumbnail","6":"product_cat-byraer-sideboards","7":"product_cat-hus-hem","8":"product_cat-vardagsrum","10":"first","11":"instock","12":"sale","13":"taxable","14":"shipping-taxable","15":"purchasable","16":"product-type-simple"},"yoast_head":"<!-- This site is optimized with the Yoast SEO plugin v25.4 - https:\/\/yoast.com\/wordpress\/plugins\/seo\/ -->\n<title>TRUUSK Sidobord med 2 l\u00e5dor och 3 \u00f6ppna hyllor - K\u00f6kssk\u00e5p f\u00f6r k\u00f6k och vardagsrum - Naturligt tr\u00e4 - 90 x 40 x 91 cm - TRUUSK - Hem, Tr\u00e4dg\u00e5rd &amp; Fritid<\/title>\n<meta name=\"robots\" content=\"index, follow, max-snippet:-1, max-image-preview:large, max-video-preview:-1\" \/>\n<link rel=\"canonical\" href=\"https:\/\/truusk.store\/sv\/produkt\/truusk-sidobord-med-2-lador-och-3-oppna-hyllor-koksskap-for-kok-och-vardagsrum-naturligt-tra-90-x-40-x-91-cm\/\" \/>\n<meta property=\"og:locale\" content=\"sv_SE\" \/>\n<meta property=\"og:type\" content=\"article\" \/>\n<meta property=\"og:title\" content=\"TRUUSK Sidobord med 2 l\u00e5dor och 3 \u00f6ppna hyllor - K\u00f6kssk\u00e5p f\u00f6r k\u00f6k och vardagsrum - Naturligt tr\u00e4 - 90 x 40 x 91 cm - TRUUSK - Hem, Tr\u00e4dg\u00e5rd &amp; Fritid\" \/>\n<meta property=\"og:description\" content=\"K\u00e4mpar du med ett o\u00f6versk\u00e5dligt rum utan n\u00e5gon riktig blickf\u00e5ngare? Denna oordning kan f\u00e5 ditt hem att se mer kaotiskt...\" \/>\n<meta property=\"og:url\" content=\"https:\/\/truusk.store\/sv\/produkt\/truusk-sidobord-med-2-lador-och-3-oppna-hyllor-koksskap-for-kok-och-vardagsrum-naturligt-tra-90-x-40-x-91-cm\/\" \/>\n<meta property=\"og:site_name\" content=\"TRUUSK - Hem, Tr\u00e4dg\u00e5rd &amp; Fritid\" \/>\n<meta property=\"article:modified_time\" content=\"2026-03-12T07:48:08+00:00\" \/>\n<meta property=\"og:image\" content=\"https:\/\/i0.wp.com\/truusk.se\/wp-content\/uploads\/2025\/10\/sidobord-byra-med-2-lador-3-oppna-hyllor-koksskap-for-kok-vardagsrum-90-x-40-x-91-cm-naturligt-tra-1.webp?fit=2000%2C2000&ssl=1\" \/>\n\t<meta property=\"og:image:width\" content=\"2000\" \/>\n\t<meta property=\"og:image:height\" content=\"2000\" \/>\n\t<meta property=\"og:image:type\" content=\"image\/webp\" \/>\n<meta name=\"twitter:card\" content=\"summary_large_image\" \/>\n<meta name=\"twitter:label1\" content=\"Ber\u00e4knad l\u00e4stid\" \/>\n\t<meta name=\"twitter:data1\" content=\"1 minut\" \/>\n<!-- \/ Yoast SEO plugin. -->","yoast_head_json":{"title":"TRUUSK Sidobord med 2 l\u00e5dor och 3 \u00f6ppna hyllor - K\u00f6kssk\u00e5p f\u00f6r k\u00f6k och vardagsrum - Naturligt tr\u00e4 - 90 x 40 x 91 cm - TRUUSK - Hem, Tr\u00e4dg\u00e5rd &amp; Fritid","robots":{"index":"index","follow":"follow","max-snippet":"max-snippet:-1","max-image-preview":"max-image-preview:large","max-video-preview":"max-video-preview:-1"},"canonical":"https:\/\/truusk.store\/sv\/produkt\/truusk-sidobord-med-2-lador-och-3-oppna-hyllor-koksskap-for-kok-och-vardagsrum-naturligt-tra-90-x-40-x-91-cm\/","og_locale":"sv_SE","og_type":"article","og_title":"TRUUSK Sidobord med 2 l\u00e5dor och 3 \u00f6ppna hyllor - K\u00f6kssk\u00e5p f\u00f6r k\u00f6k och vardagsrum - Naturligt tr\u00e4 - 90 x 40 x 91 cm - TRUUSK - Hem, Tr\u00e4dg\u00e5rd &amp; Fritid","og_description":"K\u00e4mpar du med ett o\u00f6versk\u00e5dligt rum utan n\u00e5gon riktig blickf\u00e5ngare? Denna oordning kan f\u00e5 ditt hem att se mer kaotiskt...","og_url":"https:\/\/truusk.store\/sv\/produkt\/truusk-sidobord-med-2-lador-och-3-oppna-hyllor-koksskap-for-kok-och-vardagsrum-naturligt-tra-90-x-40-x-91-cm\/","og_site_name":"TRUUSK - Hem, Tr\u00e4dg\u00e5rd &amp; Fritid","article_modified_time":"2026-03-12T07:48:08+00:00","og_image":[{"width":2000,"height":2000,"url":"https:\/\/i0.wp.com\/truusk.se\/wp-content\/uploads\/2025\/10\/sidobord-byra-med-2-lador-3-oppna-hyllor-koksskap-for-kok-vardagsrum-90-x-40-x-91-cm-naturligt-tra-1.webp?fit=2000%2C2000&ssl=1","type":"image\/webp"}],"twitter_card":"summary_large_image","twitter_misc":{"Ber\u00e4knad l\u00e4stid":"1 minut"},"schema":{"@context":"https:\/\/schema.org","@graph":[{"@type":"WebPage","@id":"https:\/\/truusk.store\/sv\/produkt\/truusk-sidobord-med-2-lador-och-3-oppna-hyllor-koksskap-for-kok-och-vardagsrum-naturligt-tra-90-x-40-x-91-cm\/","url":"https:\/\/truusk.store\/sv\/produkt\/truusk-sidobord-med-2-lador-och-3-oppna-hyllor-koksskap-for-kok-och-vardagsrum-naturligt-tra-90-x-40-x-91-cm\/","name":"TRUUSK Sidobord med 2 l\u00e5dor och 3 \u00f6ppna hyllor - K\u00f6kssk\u00e5p f\u00f6r k\u00f6k och vardagsrum - Naturligt tr\u00e4 - 90 x 40 x 91 cm - TRUUSK - Hem, Tr\u00e4dg\u00e5rd &amp; Fritid","isPartOf":{"@id":"https:\/\/truusk.store\/sv\/#website"},"primaryImageOfPage":{"@id":"https:\/\/truusk.store\/sv\/produkt\/truusk-sidobord-med-2-lador-och-3-oppna-hyllor-koksskap-for-kok-och-vardagsrum-naturligt-tra-90-x-40-x-91-cm\/#primaryimage"},"image":{"@id":"https:\/\/truusk.store\/sv\/produkt\/truusk-sidobord-med-2-lador-och-3-oppna-hyllor-koksskap-for-kok-och-vardagsrum-naturligt-tra-90-x-40-x-91-cm\/#primaryimage"},"thumbnailUrl":"https:\/\/i0.wp.com\/truusk.store\/wp-content\/uploads\/2025\/10\/sidobord-byra-med-2-lador-3-oppna-hyllor-koksskap-for-kok-vardagsrum-90-x-40-x-91-cm-naturligt-tra-1.webp?fit=2000%2C2000&ssl=1","datePublished":"2025-10-09T11:55:38+00:00","dateModified":"2026-03-12T07:48:08+00:00","breadcrumb":{"@id":"https:\/\/truusk.store\/sv\/produkt\/truusk-sidobord-med-2-lador-och-3-oppna-hyllor-koksskap-for-kok-och-vardagsrum-naturligt-tra-90-x-40-x-91-cm\/#breadcrumb"},"inLanguage":"sv-SE","potentialAction":[{"@type":"ReadAction","target":["https:\/\/truusk.store\/sv\/produkt\/truusk-sidobord-med-2-lador-och-3-oppna-hyllor-koksskap-for-kok-och-vardagsrum-naturligt-tra-90-x-40-x-91-cm\/"]}]},{"@type":"ImageObject","inLanguage":"sv-SE","@id":"https:\/\/truusk.store\/sv\/produkt\/truusk-sidobord-med-2-lador-och-3-oppna-hyllor-koksskap-for-kok-och-vardagsrum-naturligt-tra-90-x-40-x-91-cm\/#primaryimage","url":"https:\/\/i0.wp.com\/truusk.store\/wp-content\/uploads\/2025\/10\/sidobord-byra-med-2-lador-3-oppna-hyllor-koksskap-for-kok-vardagsrum-90-x-40-x-91-cm-naturligt-tra-1.webp?fit=2000%2C2000&ssl=1","contentUrl":"https:\/\/i0.wp.com\/truusk.store\/wp-content\/uploads\/2025\/10\/sidobord-byra-med-2-lador-3-oppna-hyllor-koksskap-for-kok-vardagsrum-90-x-40-x-91-cm-naturligt-tra-1.webp?fit=2000%2C2000&ssl=1","width":2000,"height":2000},{"@type":"BreadcrumbList","@id":"https:\/\/truusk.store\/sv\/produkt\/truusk-sidobord-med-2-lador-och-3-oppna-hyllor-koksskap-for-kok-och-vardagsrum-naturligt-tra-90-x-40-x-91-cm\/#breadcrumb","itemListElement":[{"@type":"ListItem","position":1,"name":"Home","item":"https:\/\/truusk.store\/sv\/"},{"@type":"ListItem","position":2,"name":"Shop","item":"https:\/\/truusk.store\/shop\/"},{"@type":"ListItem","position":3,"name":"TRUUSK Sidobord med 2 l\u00e5dor och 3 \u00f6ppna hyllor &#8211; K\u00f6kssk\u00e5p f\u00f6r k\u00f6k och vardagsrum &#8211; Naturligt tr\u00e4 &#8211; 90 x 40 x 91 cm"}]},{"@type":"WebSite","@id":"https:\/\/truusk.store\/sv\/#website","url":"https:\/\/truusk.store\/sv\/","name":"TRUUSK - Hem, Tr\u00e4dg\u00e5rd & Fritid","description":"","publisher":{"@id":"https:\/\/truusk.store\/sv\/#organization"},"potentialAction":[{"@type":"SearchAction","target":{"@type":"EntryPoint","urlTemplate":"https:\/\/truusk.store\/sv\/?s={search_term_string}"},"query-input":{"@type":"PropertyValueSpecification","valueRequired":true,"valueName":"search_term_string"}}],"inLanguage":"sv-SE"},{"@type":"Organization","@id":"https:\/\/truusk.store\/sv\/#organization","name":"TRUUSK - Hem, Tr\u00e4dg\u00e5rd & Fritid","url":"https:\/\/truusk.store\/sv\/","logo":{"@type":"ImageObject","inLanguage":"sv-SE","@id":"https:\/\/truusk.store\/sv\/#\/schema\/logo\/image\/","url":"https:\/\/i0.wp.com\/truusk.store\/wp-content\/uploads\/2026\/03\/cropped-TRUUSK.png?fit=2032%2C917&ssl=1","contentUrl":"https:\/\/i0.wp.com\/truusk.store\/wp-content\/uploads\/2026\/03\/cropped-TRUUSK.png?fit=2032%2C917&ssl=1","width":2032,"height":917,"caption":"TRUUSK - Hem, Tr\u00e4dg\u00e5rd & Fritid"},"image":{"@id":"https:\/\/truusk.store\/sv\/#\/schema\/logo\/image\/"}}]}},"jetpack_sharing_enabled":true,"_links":{"self":[{"href":"https:\/\/truusk.store\/sv\/wp-json\/wp\/v2\/product\/92744","targetHints":{"allow":["GET"]}}],"collection":[{"href":"https:\/\/truusk.store\/sv\/wp-json\/wp\/v2\/product"}],"about":[{"href":"https:\/\/truusk.store\/sv\/wp-json\/wp\/v2\/types\/product"}],"wp:featuredmedia":[{"embeddable":true,"href":"https:\/\/truusk.store\/sv\/wp-json\/wp\/v2\/media\/92735"}],"wp:attachment":[{"href":"https:\/\/truusk.store\/sv\/wp-json\/wp\/v2\/media?parent=92744"}],"wp:term":[{"taxonomy":"product_brand","embeddable":true,"href":"https:\/\/truusk.store\/sv\/wp-json\/wp\/v2\/product_brand?post=92744"},{"taxonomy":"product_cat","embeddable":true,"href":"https:\/\/truusk.store\/sv\/wp-json\/wp\/v2\/product_cat?post=92744"},{"taxonomy":"product_tag","embeddable":true,"href":"https:\/\/truusk.store\/sv\/wp-json\/wp\/v2\/product_tag?post=92744"}],"curies":[{"name":"wp","href":"https:\/\/api.w.org\/{rel}","templated":true}]}}