{"id":92754,"date":"2025-10-09T12:56:31","date_gmt":"2025-10-09T11:56:31","guid":{"rendered":"https:\/\/truusk.store\/product\/mikrovagsskap-hylla-dubbeldorrskap-lada-hjul-vit\/"},"modified":"2026-03-12T08:48:08","modified_gmt":"2026-03-12T07:48:08","slug":"truusk-mikrovagsskap-med-hylla-och-dubbeldorrar-vit-hjul-lada-praktisk-for-hemmet","status":"publish","type":"product","link":"https:\/\/truusk.store\/sv\/produkt\/truusk-mikrovagsskap-med-hylla-och-dubbeldorrar-vit-hjul-lada-praktisk-for-hemmet\/","title":{"rendered":"TRUUSK Mikrov\u00e5gssk\u00e5p med Hylla och Dubbeld\u00f6rrar &#8211; Vit &#8211; Hjul &#8211; L\u00e5da &#8211; Praktisk f\u00f6r hemmet"},"content":{"rendered":"<p>K\u00e4mpar du med f\u00f6r lite utrymme i k\u00f6ket? Denna TRUUSK mikrov\u00e5gssk\u00e5p med rymlig arbetsyta, utdragbar hylla, l\u00e5da och undersk\u00e5p organiserar dina k\u00f6ksredskap. Tack vare sv\u00e4nghjul kan k\u00f6kssk\u00e5pet l\u00e4tt flyttas, optimerar din k\u00f6kslayout och ger s\u00e4kert st\u00f6d f\u00f6r din mikrov\u00e5gsugn och andra apparater. Detta k\u00f6ksbuff\u00e9 ger absolut s\u00e4kerhet i ett verkligen funktionellt och s\u00e4kert k\u00f6k.<\/p>\n<p>Beskrivning:<\/p>\n<ul>\n<li> Det utdragbara hyllan ger enkel tillg\u00e5ng till koppar eller handdukar<\/li>\n<li> Dubbeld\u00f6rrsk\u00e5pet p\u00e5 k\u00f6ksbuff\u00e9n d\u00f6ljer dina kastruller och stekpannor<\/li>\n<li> \u00d6ppet fack och l\u00e5da p\u00e5 k\u00f6kssk\u00e5pet ger extra f\u00f6rvaringsutrymme f\u00f6r porslin<\/li>\n<li> Fyra smidiga hjul p\u00e5 k\u00f6kssk\u00e5pet f\u00f6r enkel r\u00f6rlighet<\/li>\n<li> Helt i vitt med silverf\u00e4rgade handtag f\u00f6r en modern k\u00e4nsla<\/li>\n<li> Fungerar ocks\u00e5 som kaffebord eller f\u00f6rvaringssk\u00e5p<\/li>\n<li> Repfri melaminyta, l\u00e4tt att reng\u00f6ra<\/li>\n<li> Montering kr\u00e4vs<\/li>\n<\/ul>\n<p> Tekniska data:<\/p>\n<ul>\n<li> F\u00e4rg: Vit<\/li>\n<li> Material: Sp\u00e5nskiva<\/li>\n<li> Totala dimensioner: 59L x 40B x 92H cm<\/li>\n<li> Ytdimensioner: 56B x 40T cm<\/li>\n<li> Utdragbara hyllm\u00e5tt: 56B x 30T x 13\/15H cm (Nedan\/\u00d6ver)<\/li>\n<li> Inre l\u00e5dm\u00e5tt: 51,5B x 29T x 7H cm<\/li>\n<li> Inre sk\u00e5pm\u00e5tt: 56B x 38,5T x 40H cm<\/li>\n<li> Maximal belastning: 20 kg (ovan), 5 kg (hylla\/l\u00e5da), 40 kg (totalt)<\/li>\n<\/ul>\n<p>Leveransinneh\u00e5ll:<\/p>\n<ul>\n<li> 1 x Mikrov\u00e5gssk\u00e5p<\/li>\n<li> 1 x Handbok<\/li>\n<\/ul>\n","protected":false},"excerpt":{"rendered":"<p>K\u00e4mpar du med f\u00f6r lite utrymme i k\u00f6ket? Denna TRUUSK mikrov\u00e5gssk\u00e5p med rymlig arbetsyta, utdragbar hylla, l\u00e5da och undersk\u00e5p organiserar&#8230;<\/p>\n","protected":false},"featured_media":92745,"template":"","meta":[],"product_brand":[],"product_cat":[871,889,534],"product_tag":[],"class_list":{"0":"post-92754","1":"product","2":"type-product","3":"status-publish","4":"has-post-thumbnail","6":"product_cat-hus-hem","7":"product_cat-kok-matsal","8":"product_cat-koksskap","10":"first","11":"instock","12":"sale","13":"taxable","14":"shipping-taxable","15":"purchasable","16":"product-type-simple"},"yoast_head":"<!-- This site is optimized with the Yoast SEO plugin v25.4 - https:\/\/yoast.com\/wordpress\/plugins\/seo\/ -->\n<title>TRUUSK Mikrov\u00e5gssk\u00e5p med Hylla och Dubbeld\u00f6rrar - Vit - Hjul - L\u00e5da - Praktisk f\u00f6r hemmet - TRUUSK - Hem, Tr\u00e4dg\u00e5rd &amp; Fritid<\/title>\n<meta name=\"robots\" content=\"index, follow, max-snippet:-1, max-image-preview:large, max-video-preview:-1\" \/>\n<link rel=\"canonical\" href=\"https:\/\/truusk.store\/sv\/produkt\/truusk-mikrovagsskap-med-hylla-och-dubbeldorrar-vit-hjul-lada-praktisk-for-hemmet\/\" \/>\n<meta property=\"og:locale\" content=\"sv_SE\" \/>\n<meta property=\"og:type\" content=\"article\" \/>\n<meta property=\"og:title\" content=\"TRUUSK Mikrov\u00e5gssk\u00e5p med Hylla och Dubbeld\u00f6rrar - Vit - Hjul - L\u00e5da - Praktisk f\u00f6r hemmet - TRUUSK - Hem, Tr\u00e4dg\u00e5rd &amp; Fritid\" \/>\n<meta property=\"og:description\" content=\"K\u00e4mpar du med f\u00f6r lite utrymme i k\u00f6ket? Denna TRUUSK mikrov\u00e5gssk\u00e5p med rymlig arbetsyta, utdragbar hylla, l\u00e5da och undersk\u00e5p organiserar...\" \/>\n<meta property=\"og:url\" content=\"https:\/\/truusk.store\/sv\/produkt\/truusk-mikrovagsskap-med-hylla-och-dubbeldorrar-vit-hjul-lada-praktisk-for-hemmet\/\" \/>\n<meta property=\"og:site_name\" content=\"TRUUSK - Hem, Tr\u00e4dg\u00e5rd &amp; Fritid\" \/>\n<meta property=\"article:modified_time\" content=\"2026-03-12T07:48:08+00:00\" \/>\n<meta property=\"og:image\" content=\"https:\/\/i0.wp.com\/truusk.se\/wp-content\/uploads\/2025\/10\/mikrovagsskap-hylla-dubbeldorrskap-lada-hjul-vit-1.webp?fit=2000%2C2000&ssl=1\" \/>\n\t<meta property=\"og:image:width\" content=\"2000\" \/>\n\t<meta property=\"og:image:height\" content=\"2000\" \/>\n\t<meta property=\"og:image:type\" content=\"image\/webp\" \/>\n<meta name=\"twitter:card\" content=\"summary_large_image\" \/>\n<meta name=\"twitter:label1\" content=\"Ber\u00e4knad l\u00e4stid\" \/>\n\t<meta name=\"twitter:data1\" content=\"1 minut\" \/>\n<!-- \/ Yoast SEO plugin. -->","yoast_head_json":{"title":"TRUUSK Mikrov\u00e5gssk\u00e5p med Hylla och Dubbeld\u00f6rrar - Vit - Hjul - L\u00e5da - Praktisk f\u00f6r hemmet - TRUUSK - Hem, Tr\u00e4dg\u00e5rd &amp; Fritid","robots":{"index":"index","follow":"follow","max-snippet":"max-snippet:-1","max-image-preview":"max-image-preview:large","max-video-preview":"max-video-preview:-1"},"canonical":"https:\/\/truusk.store\/sv\/produkt\/truusk-mikrovagsskap-med-hylla-och-dubbeldorrar-vit-hjul-lada-praktisk-for-hemmet\/","og_locale":"sv_SE","og_type":"article","og_title":"TRUUSK Mikrov\u00e5gssk\u00e5p med Hylla och Dubbeld\u00f6rrar - Vit - Hjul - L\u00e5da - Praktisk f\u00f6r hemmet - TRUUSK - Hem, Tr\u00e4dg\u00e5rd &amp; Fritid","og_description":"K\u00e4mpar du med f\u00f6r lite utrymme i k\u00f6ket? Denna TRUUSK mikrov\u00e5gssk\u00e5p med rymlig arbetsyta, utdragbar hylla, l\u00e5da och undersk\u00e5p organiserar...","og_url":"https:\/\/truusk.store\/sv\/produkt\/truusk-mikrovagsskap-med-hylla-och-dubbeldorrar-vit-hjul-lada-praktisk-for-hemmet\/","og_site_name":"TRUUSK - Hem, Tr\u00e4dg\u00e5rd &amp; Fritid","article_modified_time":"2026-03-12T07:48:08+00:00","og_image":[{"width":2000,"height":2000,"url":"https:\/\/i0.wp.com\/truusk.se\/wp-content\/uploads\/2025\/10\/mikrovagsskap-hylla-dubbeldorrskap-lada-hjul-vit-1.webp?fit=2000%2C2000&ssl=1","type":"image\/webp"}],"twitter_card":"summary_large_image","twitter_misc":{"Ber\u00e4knad l\u00e4stid":"1 minut"},"schema":{"@context":"https:\/\/schema.org","@graph":[{"@type":"WebPage","@id":"https:\/\/truusk.store\/sv\/produkt\/truusk-mikrovagsskap-med-hylla-och-dubbeldorrar-vit-hjul-lada-praktisk-for-hemmet\/","url":"https:\/\/truusk.store\/sv\/produkt\/truusk-mikrovagsskap-med-hylla-och-dubbeldorrar-vit-hjul-lada-praktisk-for-hemmet\/","name":"TRUUSK Mikrov\u00e5gssk\u00e5p med Hylla och Dubbeld\u00f6rrar - Vit - Hjul - L\u00e5da - Praktisk f\u00f6r hemmet - TRUUSK - Hem, Tr\u00e4dg\u00e5rd &amp; Fritid","isPartOf":{"@id":"https:\/\/truusk.store\/sv\/#website"},"primaryImageOfPage":{"@id":"https:\/\/truusk.store\/sv\/produkt\/truusk-mikrovagsskap-med-hylla-och-dubbeldorrar-vit-hjul-lada-praktisk-for-hemmet\/#primaryimage"},"image":{"@id":"https:\/\/truusk.store\/sv\/produkt\/truusk-mikrovagsskap-med-hylla-och-dubbeldorrar-vit-hjul-lada-praktisk-for-hemmet\/#primaryimage"},"thumbnailUrl":"https:\/\/i0.wp.com\/truusk.store\/wp-content\/uploads\/2025\/10\/mikrovagsskap-hylla-dubbeldorrskap-lada-hjul-vit-1.webp?fit=2000%2C2000&ssl=1","datePublished":"2025-10-09T11:56:31+00:00","dateModified":"2026-03-12T07:48:08+00:00","breadcrumb":{"@id":"https:\/\/truusk.store\/sv\/produkt\/truusk-mikrovagsskap-med-hylla-och-dubbeldorrar-vit-hjul-lada-praktisk-for-hemmet\/#breadcrumb"},"inLanguage":"sv-SE","potentialAction":[{"@type":"ReadAction","target":["https:\/\/truusk.store\/sv\/produkt\/truusk-mikrovagsskap-med-hylla-och-dubbeldorrar-vit-hjul-lada-praktisk-for-hemmet\/"]}]},{"@type":"ImageObject","inLanguage":"sv-SE","@id":"https:\/\/truusk.store\/sv\/produkt\/truusk-mikrovagsskap-med-hylla-och-dubbeldorrar-vit-hjul-lada-praktisk-for-hemmet\/#primaryimage","url":"https:\/\/i0.wp.com\/truusk.store\/wp-content\/uploads\/2025\/10\/mikrovagsskap-hylla-dubbeldorrskap-lada-hjul-vit-1.webp?fit=2000%2C2000&ssl=1","contentUrl":"https:\/\/i0.wp.com\/truusk.store\/wp-content\/uploads\/2025\/10\/mikrovagsskap-hylla-dubbeldorrskap-lada-hjul-vit-1.webp?fit=2000%2C2000&ssl=1","width":2000,"height":2000},{"@type":"BreadcrumbList","@id":"https:\/\/truusk.store\/sv\/produkt\/truusk-mikrovagsskap-med-hylla-och-dubbeldorrar-vit-hjul-lada-praktisk-for-hemmet\/#breadcrumb","itemListElement":[{"@type":"ListItem","position":1,"name":"Home","item":"https:\/\/truusk.store\/sv\/"},{"@type":"ListItem","position":2,"name":"Shop","item":"https:\/\/truusk.store\/shop\/"},{"@type":"ListItem","position":3,"name":"TRUUSK Mikrov\u00e5gssk\u00e5p med Hylla och Dubbeld\u00f6rrar &#8211; Vit &#8211; Hjul &#8211; L\u00e5da &#8211; Praktisk f\u00f6r hemmet"}]},{"@type":"WebSite","@id":"https:\/\/truusk.store\/sv\/#website","url":"https:\/\/truusk.store\/sv\/","name":"TRUUSK - Hem, Tr\u00e4dg\u00e5rd & Fritid","description":"","publisher":{"@id":"https:\/\/truusk.store\/sv\/#organization"},"potentialAction":[{"@type":"SearchAction","target":{"@type":"EntryPoint","urlTemplate":"https:\/\/truusk.store\/sv\/?s={search_term_string}"},"query-input":{"@type":"PropertyValueSpecification","valueRequired":true,"valueName":"search_term_string"}}],"inLanguage":"sv-SE"},{"@type":"Organization","@id":"https:\/\/truusk.store\/sv\/#organization","name":"TRUUSK - Hem, Tr\u00e4dg\u00e5rd & Fritid","url":"https:\/\/truusk.store\/sv\/","logo":{"@type":"ImageObject","inLanguage":"sv-SE","@id":"https:\/\/truusk.store\/sv\/#\/schema\/logo\/image\/","url":"https:\/\/i0.wp.com\/truusk.store\/wp-content\/uploads\/2026\/03\/cropped-TRUUSK.png?fit=2032%2C917&ssl=1","contentUrl":"https:\/\/i0.wp.com\/truusk.store\/wp-content\/uploads\/2026\/03\/cropped-TRUUSK.png?fit=2032%2C917&ssl=1","width":2032,"height":917,"caption":"TRUUSK - Hem, Tr\u00e4dg\u00e5rd & Fritid"},"image":{"@id":"https:\/\/truusk.store\/sv\/#\/schema\/logo\/image\/"}}]}},"jetpack_sharing_enabled":true,"_links":{"self":[{"href":"https:\/\/truusk.store\/sv\/wp-json\/wp\/v2\/product\/92754","targetHints":{"allow":["GET"]}}],"collection":[{"href":"https:\/\/truusk.store\/sv\/wp-json\/wp\/v2\/product"}],"about":[{"href":"https:\/\/truusk.store\/sv\/wp-json\/wp\/v2\/types\/product"}],"wp:featuredmedia":[{"embeddable":true,"href":"https:\/\/truusk.store\/sv\/wp-json\/wp\/v2\/media\/92745"}],"wp:attachment":[{"href":"https:\/\/truusk.store\/sv\/wp-json\/wp\/v2\/media?parent=92754"}],"wp:term":[{"taxonomy":"product_brand","embeddable":true,"href":"https:\/\/truusk.store\/sv\/wp-json\/wp\/v2\/product_brand?post=92754"},{"taxonomy":"product_cat","embeddable":true,"href":"https:\/\/truusk.store\/sv\/wp-json\/wp\/v2\/product_cat?post=92754"},{"taxonomy":"product_tag","embeddable":true,"href":"https:\/\/truusk.store\/sv\/wp-json\/wp\/v2\/product_tag?post=92754"}],"curies":[{"name":"wp","href":"https:\/\/api.w.org\/{rel}","templated":true}]}}