{"id":92794,"date":"2025-10-09T13:00:30","date_gmt":"2025-10-09T12:00:30","guid":{"rendered":"https:\/\/truusk.store\/product\/arkivskap-kontorsskap-lasbart-multifunktionsskap-i-stal-med-2-dorrar-justerbara-hyllor-vit\/"},"modified":"2026-03-12T08:48:15","modified_gmt":"2026-03-12T07:48:15","slug":"truusk-arkivskap-kontorsskap-lasbart-multifunktionsskap-i-stal-2-dorrar-justerbara-hyllor-vit","status":"publish","type":"product","link":"https:\/\/truusk.store\/sv\/produkt\/truusk-arkivskap-kontorsskap-lasbart-multifunktionsskap-i-stal-2-dorrar-justerbara-hyllor-vit\/","title":{"rendered":"TRUUSK Arkivsk\u00e5p Kontorssk\u00e5p L\u00e5sbart &#8211; Multifunktionssk\u00e5p i St\u00e5l &#8211; 2 D\u00f6rrar &#8211; Justerbara Hyllor &#8211; Vit"},"content":{"rendered":"<p>Strider du mot en kaotisk arbetsplats och oro f\u00f6r os\u00e4kra dokument? TRUUSK arkivsk\u00e5pet erbjuder en l\u00f6sning. Tillverkat av solid st\u00e5l, erbjuder detta arkivsk\u00e5p med l\u00e5s p\u00e5 d\u00f6rrar och l\u00e5da dubbel skydd. Rensa upp med de justerbara hyllorna i kontorssk\u00e5pet och \u00e5terst\u00e4ll ordning och lugn till ditt hemmakontor eller din garage.<\/p>\n<p>Beskrivning:<\/p>\n<ul>\n<li> Anpassa ditt lagringsutrymme med en 10-stegs justerbar hylla f\u00f6r olika artikelh\u00f6jder<\/li>\n<li> Kontorssk\u00e5pets l\u00e5da inneh\u00e5ller en justerbar h\u00e4ngst\u00e5ng, passar f\u00f6r A4-, brev-, legal- och F4-storlekar<\/li>\n<li> Tack vare de mjuka kullagerstyrningarna glider l\u00e5dan l\u00e4tt in och ut varje g\u00e5ng<\/li>\n<li> Tillverkad av pulverlackerat st\u00e5l, b\u00e4r arkivsk\u00e5pet upp till 100 kg<\/li>\n<li> Utrustad med tv\u00e5 separata l\u00e5s p\u00e5 d\u00f6rrar och l\u00e5da f\u00f6r att s\u00e4kert f\u00f6rvara dina viktiga dokument<\/li>\n<li> M\u00e5ngsidig anv\u00e4ndning f\u00f6r b\u00f6cker, filer, dokument, verktyg och mer<\/li>\n<li> Anti-tip-setet i kontorssk\u00e5pet \u00f6kar s\u00e4kerheten i daglig anv\u00e4ndning, medan halkskyddade fotdynor f\u00f6rhindrar skador p\u00e5 golvet<\/li>\n<li> Enkel montering kr\u00e4vs<\/li>\n<\/ul>\n<p> Tekniska data:<\/p>\n<ul>\n<li> F\u00e4rg: Vit<\/li>\n<li> Material: St\u00e5l<\/li>\n<li> Totala dimensioner: 80L x 40B x 95H cm<\/li>\n<li> Inre m\u00e5tt sk\u00e5p: 74,9B x 36T x 46,3H cm<\/li>\n<li> Inre m\u00e5tt l\u00e5da: 71,8B x 33T x 24,5H cm<\/li>\n<li> B\u00e4rkapacitet: 100 kg (totalt), 35 kg (ovanp\u00e5), 25 kg (l\u00e5da), 20 kg (hylla)<\/li>\n<\/ul>\n<p>Leverans inneh\u00e5ller:<\/p>\n<ul>\n<li> 1 x Metallsk\u00e5p<\/li>\n<li> 4 x Nycklar<\/li>\n<li> 1 x Bruksanvisning<\/li>\n<\/ul>\n","protected":false},"excerpt":{"rendered":"<p>Strider du mot en kaotisk arbetsplats och oro f\u00f6r os\u00e4kra dokument? TRUUSK arkivsk\u00e5pet erbjuder en l\u00f6sning. Tillverkat av solid st\u00e5l,&#8230;<\/p>\n","protected":false},"featured_media":92785,"template":"","meta":[],"product_brand":[],"product_cat":[533,872,871],"product_tag":[],"class_list":{"0":"post-92794","1":"product","2":"type-product","3":"status-publish","4":"has-post-thumbnail","6":"product_cat-arkivskap-rullcontainer","7":"product_cat-hemmakontor-arbetsplats","8":"product_cat-hus-hem","10":"first","11":"instock","12":"sale","13":"taxable","14":"shipping-taxable","15":"purchasable","16":"product-type-simple"},"yoast_head":"<!-- This site is optimized with the Yoast SEO plugin v25.4 - https:\/\/yoast.com\/wordpress\/plugins\/seo\/ -->\n<title>TRUUSK Arkivsk\u00e5p Kontorssk\u00e5p L\u00e5sbart - Multifunktionssk\u00e5p i St\u00e5l - 2 D\u00f6rrar - Justerbara Hyllor - Vit - TRUUSK - Hem, Tr\u00e4dg\u00e5rd &amp; Fritid<\/title>\n<meta name=\"robots\" content=\"index, follow, max-snippet:-1, max-image-preview:large, max-video-preview:-1\" \/>\n<link rel=\"canonical\" href=\"https:\/\/truusk.store\/sv\/produkt\/truusk-arkivskap-kontorsskap-lasbart-multifunktionsskap-i-stal-2-dorrar-justerbara-hyllor-vit\/\" \/>\n<meta property=\"og:locale\" content=\"sv_SE\" \/>\n<meta property=\"og:type\" content=\"article\" \/>\n<meta property=\"og:title\" content=\"TRUUSK Arkivsk\u00e5p Kontorssk\u00e5p L\u00e5sbart - Multifunktionssk\u00e5p i St\u00e5l - 2 D\u00f6rrar - Justerbara Hyllor - Vit - TRUUSK - Hem, Tr\u00e4dg\u00e5rd &amp; Fritid\" \/>\n<meta property=\"og:description\" content=\"Strider du mot en kaotisk arbetsplats och oro f\u00f6r os\u00e4kra dokument? TRUUSK arkivsk\u00e5pet erbjuder en l\u00f6sning. Tillverkat av solid st\u00e5l,...\" \/>\n<meta property=\"og:url\" content=\"https:\/\/truusk.store\/sv\/produkt\/truusk-arkivskap-kontorsskap-lasbart-multifunktionsskap-i-stal-2-dorrar-justerbara-hyllor-vit\/\" \/>\n<meta property=\"og:site_name\" content=\"TRUUSK - Hem, Tr\u00e4dg\u00e5rd &amp; Fritid\" \/>\n<meta property=\"article:modified_time\" content=\"2026-03-12T07:48:15+00:00\" \/>\n<meta property=\"og:image\" content=\"https:\/\/i0.wp.com\/truusk.se\/wp-content\/uploads\/2025\/10\/arkivskap-kontorsskap-lasbart-multifunktionsskap-i-stal-med-2-dorrar-justerbara-hyllor-vit-1.webp?fit=2000%2C2000&ssl=1\" \/>\n\t<meta property=\"og:image:width\" content=\"2000\" \/>\n\t<meta property=\"og:image:height\" content=\"2000\" \/>\n\t<meta property=\"og:image:type\" content=\"image\/webp\" \/>\n<meta name=\"twitter:card\" content=\"summary_large_image\" \/>\n<meta name=\"twitter:label1\" content=\"Ber\u00e4knad l\u00e4stid\" \/>\n\t<meta name=\"twitter:data1\" content=\"1 minut\" \/>\n<!-- \/ Yoast SEO plugin. -->","yoast_head_json":{"title":"TRUUSK Arkivsk\u00e5p Kontorssk\u00e5p L\u00e5sbart - Multifunktionssk\u00e5p i St\u00e5l - 2 D\u00f6rrar - Justerbara Hyllor - Vit - TRUUSK - Hem, Tr\u00e4dg\u00e5rd &amp; Fritid","robots":{"index":"index","follow":"follow","max-snippet":"max-snippet:-1","max-image-preview":"max-image-preview:large","max-video-preview":"max-video-preview:-1"},"canonical":"https:\/\/truusk.store\/sv\/produkt\/truusk-arkivskap-kontorsskap-lasbart-multifunktionsskap-i-stal-2-dorrar-justerbara-hyllor-vit\/","og_locale":"sv_SE","og_type":"article","og_title":"TRUUSK Arkivsk\u00e5p Kontorssk\u00e5p L\u00e5sbart - Multifunktionssk\u00e5p i St\u00e5l - 2 D\u00f6rrar - Justerbara Hyllor - Vit - TRUUSK - Hem, Tr\u00e4dg\u00e5rd &amp; Fritid","og_description":"Strider du mot en kaotisk arbetsplats och oro f\u00f6r os\u00e4kra dokument? TRUUSK arkivsk\u00e5pet erbjuder en l\u00f6sning. Tillverkat av solid st\u00e5l,...","og_url":"https:\/\/truusk.store\/sv\/produkt\/truusk-arkivskap-kontorsskap-lasbart-multifunktionsskap-i-stal-2-dorrar-justerbara-hyllor-vit\/","og_site_name":"TRUUSK - Hem, Tr\u00e4dg\u00e5rd &amp; Fritid","article_modified_time":"2026-03-12T07:48:15+00:00","og_image":[{"width":2000,"height":2000,"url":"https:\/\/i0.wp.com\/truusk.se\/wp-content\/uploads\/2025\/10\/arkivskap-kontorsskap-lasbart-multifunktionsskap-i-stal-med-2-dorrar-justerbara-hyllor-vit-1.webp?fit=2000%2C2000&ssl=1","type":"image\/webp"}],"twitter_card":"summary_large_image","twitter_misc":{"Ber\u00e4knad l\u00e4stid":"1 minut"},"schema":{"@context":"https:\/\/schema.org","@graph":[{"@type":"WebPage","@id":"https:\/\/truusk.store\/sv\/produkt\/truusk-arkivskap-kontorsskap-lasbart-multifunktionsskap-i-stal-2-dorrar-justerbara-hyllor-vit\/","url":"https:\/\/truusk.store\/sv\/produkt\/truusk-arkivskap-kontorsskap-lasbart-multifunktionsskap-i-stal-2-dorrar-justerbara-hyllor-vit\/","name":"TRUUSK Arkivsk\u00e5p Kontorssk\u00e5p L\u00e5sbart - Multifunktionssk\u00e5p i St\u00e5l - 2 D\u00f6rrar - Justerbara Hyllor - Vit - TRUUSK - Hem, Tr\u00e4dg\u00e5rd &amp; Fritid","isPartOf":{"@id":"https:\/\/truusk.store\/sv\/#website"},"primaryImageOfPage":{"@id":"https:\/\/truusk.store\/sv\/produkt\/truusk-arkivskap-kontorsskap-lasbart-multifunktionsskap-i-stal-2-dorrar-justerbara-hyllor-vit\/#primaryimage"},"image":{"@id":"https:\/\/truusk.store\/sv\/produkt\/truusk-arkivskap-kontorsskap-lasbart-multifunktionsskap-i-stal-2-dorrar-justerbara-hyllor-vit\/#primaryimage"},"thumbnailUrl":"https:\/\/i0.wp.com\/truusk.store\/wp-content\/uploads\/2025\/10\/arkivskap-kontorsskap-lasbart-multifunktionsskap-i-stal-med-2-dorrar-justerbara-hyllor-vit-1.webp?fit=2000%2C2000&ssl=1","datePublished":"2025-10-09T12:00:30+00:00","dateModified":"2026-03-12T07:48:15+00:00","breadcrumb":{"@id":"https:\/\/truusk.store\/sv\/produkt\/truusk-arkivskap-kontorsskap-lasbart-multifunktionsskap-i-stal-2-dorrar-justerbara-hyllor-vit\/#breadcrumb"},"inLanguage":"sv-SE","potentialAction":[{"@type":"ReadAction","target":["https:\/\/truusk.store\/sv\/produkt\/truusk-arkivskap-kontorsskap-lasbart-multifunktionsskap-i-stal-2-dorrar-justerbara-hyllor-vit\/"]}]},{"@type":"ImageObject","inLanguage":"sv-SE","@id":"https:\/\/truusk.store\/sv\/produkt\/truusk-arkivskap-kontorsskap-lasbart-multifunktionsskap-i-stal-2-dorrar-justerbara-hyllor-vit\/#primaryimage","url":"https:\/\/i0.wp.com\/truusk.store\/wp-content\/uploads\/2025\/10\/arkivskap-kontorsskap-lasbart-multifunktionsskap-i-stal-med-2-dorrar-justerbara-hyllor-vit-1.webp?fit=2000%2C2000&ssl=1","contentUrl":"https:\/\/i0.wp.com\/truusk.store\/wp-content\/uploads\/2025\/10\/arkivskap-kontorsskap-lasbart-multifunktionsskap-i-stal-med-2-dorrar-justerbara-hyllor-vit-1.webp?fit=2000%2C2000&ssl=1","width":2000,"height":2000},{"@type":"BreadcrumbList","@id":"https:\/\/truusk.store\/sv\/produkt\/truusk-arkivskap-kontorsskap-lasbart-multifunktionsskap-i-stal-2-dorrar-justerbara-hyllor-vit\/#breadcrumb","itemListElement":[{"@type":"ListItem","position":1,"name":"Home","item":"https:\/\/truusk.store\/sv\/"},{"@type":"ListItem","position":2,"name":"Shop","item":"https:\/\/truusk.store\/shop\/"},{"@type":"ListItem","position":3,"name":"TRUUSK Arkivsk\u00e5p Kontorssk\u00e5p L\u00e5sbart &#8211; Multifunktionssk\u00e5p i St\u00e5l &#8211; 2 D\u00f6rrar &#8211; Justerbara Hyllor &#8211; Vit"}]},{"@type":"WebSite","@id":"https:\/\/truusk.store\/sv\/#website","url":"https:\/\/truusk.store\/sv\/","name":"TRUUSK - Hem, Tr\u00e4dg\u00e5rd & Fritid","description":"","publisher":{"@id":"https:\/\/truusk.store\/sv\/#organization"},"potentialAction":[{"@type":"SearchAction","target":{"@type":"EntryPoint","urlTemplate":"https:\/\/truusk.store\/sv\/?s={search_term_string}"},"query-input":{"@type":"PropertyValueSpecification","valueRequired":true,"valueName":"search_term_string"}}],"inLanguage":"sv-SE"},{"@type":"Organization","@id":"https:\/\/truusk.store\/sv\/#organization","name":"TRUUSK - Hem, Tr\u00e4dg\u00e5rd & Fritid","url":"https:\/\/truusk.store\/sv\/","logo":{"@type":"ImageObject","inLanguage":"sv-SE","@id":"https:\/\/truusk.store\/sv\/#\/schema\/logo\/image\/","url":"https:\/\/i0.wp.com\/truusk.store\/wp-content\/uploads\/2026\/03\/cropped-TRUUSK.png?fit=2032%2C917&ssl=1","contentUrl":"https:\/\/i0.wp.com\/truusk.store\/wp-content\/uploads\/2026\/03\/cropped-TRUUSK.png?fit=2032%2C917&ssl=1","width":2032,"height":917,"caption":"TRUUSK - Hem, Tr\u00e4dg\u00e5rd & Fritid"},"image":{"@id":"https:\/\/truusk.store\/sv\/#\/schema\/logo\/image\/"}}]}},"jetpack_sharing_enabled":true,"_links":{"self":[{"href":"https:\/\/truusk.store\/sv\/wp-json\/wp\/v2\/product\/92794","targetHints":{"allow":["GET"]}}],"collection":[{"href":"https:\/\/truusk.store\/sv\/wp-json\/wp\/v2\/product"}],"about":[{"href":"https:\/\/truusk.store\/sv\/wp-json\/wp\/v2\/types\/product"}],"wp:featuredmedia":[{"embeddable":true,"href":"https:\/\/truusk.store\/sv\/wp-json\/wp\/v2\/media\/92785"}],"wp:attachment":[{"href":"https:\/\/truusk.store\/sv\/wp-json\/wp\/v2\/media?parent=92794"}],"wp:term":[{"taxonomy":"product_brand","embeddable":true,"href":"https:\/\/truusk.store\/sv\/wp-json\/wp\/v2\/product_brand?post=92794"},{"taxonomy":"product_cat","embeddable":true,"href":"https:\/\/truusk.store\/sv\/wp-json\/wp\/v2\/product_cat?post=92794"},{"taxonomy":"product_tag","embeddable":true,"href":"https:\/\/truusk.store\/sv\/wp-json\/wp\/v2\/product_tag?post=92794"}],"curies":[{"name":"wp","href":"https:\/\/api.w.org\/{rel}","templated":true}]}}