{"id":92814,"date":"2025-10-09T13:02:44","date_gmt":"2025-10-09T12:02:44","guid":{"rendered":"https:\/\/truusk.store\/product\/ismaskin-isdispenser-ice-maker-20-kg-24h-iskubtillverkare-med-21-l-vattentank-silver\/"},"modified":"2026-03-12T08:48:18","modified_gmt":"2026-03-12T07:48:18","slug":"truusk-ismaskin-och-isdispenser-20-kg-24h-isproduktion-21-l-vattentank-silver","status":"publish","type":"product","link":"https:\/\/truusk.store\/sv\/produkt\/truusk-ismaskin-och-isdispenser-20-kg-24h-isproduktion-21-l-vattentank-silver\/","title":{"rendered":"TRUUSK Ismaskin och Isdispenser &#8211; 20 kg\/24h Isproduktion &#8211; 2,1 L Vattentank &#8211; Silver"},"content":{"rendered":"<p>Letar du efter en ismaskin som kan f\u00f6rse dig med isbitar \u00e5ret runt? D\u00e5 \u00e4r denna kompakta ismaskin fr\u00e5n TRUUSK precis vad du beh\u00f6ver: Den kan producera totalt 20 kg isbitar p\u00e5 en dag och har ett inspektionsf\u00f6nster d\u00e4r du kan f\u00f6lja produktionsprocessen. Tydliga indikatorer informerar om de n\u00f6dv\u00e4ndiga driftstegen och den praktiska sj\u00e4lvreng\u00f6ringsfunktionen h\u00e5ller ismaskinen alltid ren.<\/p>\n<p>Beskrivning:<\/p>\n<ul>\n<li> Snabb isproduktion &#8211; njut av en f\u00e4rsk isbit var 3:e sekund, upp till 20 kg per dag<\/li>\n<li> Dricksvatten f\u00f6r ismaskinen kan fyllas direkt eller anv\u00e4ndas via separata hinkar<\/li>\n<li> Tjockleken p\u00e5 isbitarna kan justeras efter behov<\/li>\n<li> Sj\u00e4lvreng\u00f6ringsfunktionen \u00e4r bekv\u00e4m och tidsbesparande<\/li>\n<li> Den kompakta ismaskinen passar f\u00f6r k\u00f6k, fest, husvagn etc.<\/li>\n<li> Med vattenavloppsh\u00e5l<\/li>\n<li> Olika indikatorer som vattenbrist, vattentillf\u00f6rsel, isproduktion, istagning, is full, omgivningstemperatur \u00e4r l\u00e4ttl\u00e4sta<\/li>\n<li> Den rostfria ramen garanterar en l\u00e5ng livsl\u00e4ngd<\/li>\n<\/ul>\n<p> Tekniska data:<\/p>\n<ul>\n<li> F\u00e4rg: Silver<\/li>\n<li> Material: Rostfritt st\u00e5l, plast, koppar<\/li>\n<li> Totala m\u00e5tt: 24L x 33,5B x 39H cm<\/li>\n<li> Isproduktion: 20 kg\/dag, 24 bitar\/6-15 min<\/li>\n<li> Vattentankvolym: 2,1 L<\/li>\n<li> Kapacitet isbeh\u00e5llare: 2,4 L, 1,62 kg<\/li>\n<li> Sp\u00e4nning: 220-240 V\/50 Hz<\/li>\n<li> Effekt: 186W (f\u00f6r att g\u00f6ra is)<\/li>\n<li> L\u00e4ngd p\u00e5 str\u00f6mkabel: 1,8 m<\/li>\n<li> Max ljudniv\u00e5: 46 db(A)<\/li>\n<\/ul>\n<p>Leveransinneh\u00e5ll:<\/p>\n<ul>\n<li> 1 x Ismaskin<\/li>\n<li> 1 x Iskorg<\/li>\n<li> 1 x Isskopa<\/li>\n<li> 1 x Handbok<\/li>\n<\/ul>\n","protected":false},"excerpt":{"rendered":"<p>Letar du efter en ismaskin som kan f\u00f6rse dig med isbitar \u00e5ret runt? D\u00e5 \u00e4r denna kompakta ismaskin fr\u00e5n TRUUSK&#8230;<\/p>\n","protected":false},"featured_media":92805,"template":"","meta":[],"product_brand":[],"product_cat":[1039,871,498,933],"product_tag":[],"class_list":{"0":"post-92814","1":"product","2":"type-product","3":"status-publish","4":"has-post-thumbnail","6":"product_cat-eiswurfelmaschinen","7":"product_cat-hus-hem","8":"product_cat-hushallsapparater","9":"product_cat-koksapparater","11":"first","12":"instock","13":"sale","14":"taxable","15":"shipping-taxable","16":"purchasable","17":"product-type-simple"},"yoast_head":"<!-- This site is optimized with the Yoast SEO plugin v25.4 - https:\/\/yoast.com\/wordpress\/plugins\/seo\/ -->\n<title>TRUUSK Ismaskin och Isdispenser - 20 kg\/24h Isproduktion - 2,1 L Vattentank - Silver - TRUUSK - Hem, Tr\u00e4dg\u00e5rd &amp; Fritid<\/title>\n<meta name=\"robots\" content=\"index, follow, max-snippet:-1, max-image-preview:large, max-video-preview:-1\" \/>\n<link rel=\"canonical\" href=\"https:\/\/truusk.store\/sv\/produkt\/truusk-ismaskin-och-isdispenser-20-kg-24h-isproduktion-21-l-vattentank-silver\/\" \/>\n<meta property=\"og:locale\" content=\"sv_SE\" \/>\n<meta property=\"og:type\" content=\"article\" \/>\n<meta property=\"og:title\" content=\"TRUUSK Ismaskin och Isdispenser - 20 kg\/24h Isproduktion - 2,1 L Vattentank - Silver - TRUUSK - Hem, Tr\u00e4dg\u00e5rd &amp; Fritid\" \/>\n<meta property=\"og:description\" content=\"Letar du efter en ismaskin som kan f\u00f6rse dig med isbitar \u00e5ret runt? D\u00e5 \u00e4r denna kompakta ismaskin fr\u00e5n TRUUSK...\" \/>\n<meta property=\"og:url\" content=\"https:\/\/truusk.store\/sv\/produkt\/truusk-ismaskin-och-isdispenser-20-kg-24h-isproduktion-21-l-vattentank-silver\/\" \/>\n<meta property=\"og:site_name\" content=\"TRUUSK - Hem, Tr\u00e4dg\u00e5rd &amp; Fritid\" \/>\n<meta property=\"article:modified_time\" content=\"2026-03-12T07:48:18+00:00\" \/>\n<meta property=\"og:image\" content=\"https:\/\/i0.wp.com\/truusk.se\/wp-content\/uploads\/2025\/10\/ismaskin-isdispenser-ice-maker-20-kg-24h-iskubtillverkare-med-21-l-vattentank-silver-1.webp?fit=2000%2C2000&ssl=1\" \/>\n\t<meta property=\"og:image:width\" content=\"2000\" \/>\n\t<meta property=\"og:image:height\" content=\"2000\" \/>\n\t<meta property=\"og:image:type\" content=\"image\/webp\" \/>\n<meta name=\"twitter:card\" content=\"summary_large_image\" \/>\n<meta name=\"twitter:label1\" content=\"Ber\u00e4knad l\u00e4stid\" \/>\n\t<meta name=\"twitter:data1\" content=\"1 minut\" \/>\n<!-- \/ Yoast SEO plugin. -->","yoast_head_json":{"title":"TRUUSK Ismaskin och Isdispenser - 20 kg\/24h Isproduktion - 2,1 L Vattentank - Silver - TRUUSK - Hem, Tr\u00e4dg\u00e5rd &amp; Fritid","robots":{"index":"index","follow":"follow","max-snippet":"max-snippet:-1","max-image-preview":"max-image-preview:large","max-video-preview":"max-video-preview:-1"},"canonical":"https:\/\/truusk.store\/sv\/produkt\/truusk-ismaskin-och-isdispenser-20-kg-24h-isproduktion-21-l-vattentank-silver\/","og_locale":"sv_SE","og_type":"article","og_title":"TRUUSK Ismaskin och Isdispenser - 20 kg\/24h Isproduktion - 2,1 L Vattentank - Silver - TRUUSK - Hem, Tr\u00e4dg\u00e5rd &amp; Fritid","og_description":"Letar du efter en ismaskin som kan f\u00f6rse dig med isbitar \u00e5ret runt? D\u00e5 \u00e4r denna kompakta ismaskin fr\u00e5n TRUUSK...","og_url":"https:\/\/truusk.store\/sv\/produkt\/truusk-ismaskin-och-isdispenser-20-kg-24h-isproduktion-21-l-vattentank-silver\/","og_site_name":"TRUUSK - Hem, Tr\u00e4dg\u00e5rd &amp; Fritid","article_modified_time":"2026-03-12T07:48:18+00:00","og_image":[{"width":2000,"height":2000,"url":"https:\/\/i0.wp.com\/truusk.se\/wp-content\/uploads\/2025\/10\/ismaskin-isdispenser-ice-maker-20-kg-24h-iskubtillverkare-med-21-l-vattentank-silver-1.webp?fit=2000%2C2000&ssl=1","type":"image\/webp"}],"twitter_card":"summary_large_image","twitter_misc":{"Ber\u00e4knad l\u00e4stid":"1 minut"},"schema":{"@context":"https:\/\/schema.org","@graph":[{"@type":"WebPage","@id":"https:\/\/truusk.store\/sv\/produkt\/truusk-ismaskin-och-isdispenser-20-kg-24h-isproduktion-21-l-vattentank-silver\/","url":"https:\/\/truusk.store\/sv\/produkt\/truusk-ismaskin-och-isdispenser-20-kg-24h-isproduktion-21-l-vattentank-silver\/","name":"TRUUSK Ismaskin och Isdispenser - 20 kg\/24h Isproduktion - 2,1 L Vattentank - Silver - TRUUSK - Hem, Tr\u00e4dg\u00e5rd &amp; Fritid","isPartOf":{"@id":"https:\/\/truusk.store\/sv\/#website"},"primaryImageOfPage":{"@id":"https:\/\/truusk.store\/sv\/produkt\/truusk-ismaskin-och-isdispenser-20-kg-24h-isproduktion-21-l-vattentank-silver\/#primaryimage"},"image":{"@id":"https:\/\/truusk.store\/sv\/produkt\/truusk-ismaskin-och-isdispenser-20-kg-24h-isproduktion-21-l-vattentank-silver\/#primaryimage"},"thumbnailUrl":"https:\/\/i0.wp.com\/truusk.store\/wp-content\/uploads\/2025\/10\/ismaskin-isdispenser-ice-maker-20-kg-24h-iskubtillverkare-med-21-l-vattentank-silver-1.webp?fit=2000%2C2000&ssl=1","datePublished":"2025-10-09T12:02:44+00:00","dateModified":"2026-03-12T07:48:18+00:00","breadcrumb":{"@id":"https:\/\/truusk.store\/sv\/produkt\/truusk-ismaskin-och-isdispenser-20-kg-24h-isproduktion-21-l-vattentank-silver\/#breadcrumb"},"inLanguage":"sv-SE","potentialAction":[{"@type":"ReadAction","target":["https:\/\/truusk.store\/sv\/produkt\/truusk-ismaskin-och-isdispenser-20-kg-24h-isproduktion-21-l-vattentank-silver\/"]}]},{"@type":"ImageObject","inLanguage":"sv-SE","@id":"https:\/\/truusk.store\/sv\/produkt\/truusk-ismaskin-och-isdispenser-20-kg-24h-isproduktion-21-l-vattentank-silver\/#primaryimage","url":"https:\/\/i0.wp.com\/truusk.store\/wp-content\/uploads\/2025\/10\/ismaskin-isdispenser-ice-maker-20-kg-24h-iskubtillverkare-med-21-l-vattentank-silver-1.webp?fit=2000%2C2000&ssl=1","contentUrl":"https:\/\/i0.wp.com\/truusk.store\/wp-content\/uploads\/2025\/10\/ismaskin-isdispenser-ice-maker-20-kg-24h-iskubtillverkare-med-21-l-vattentank-silver-1.webp?fit=2000%2C2000&ssl=1","width":2000,"height":2000},{"@type":"BreadcrumbList","@id":"https:\/\/truusk.store\/sv\/produkt\/truusk-ismaskin-och-isdispenser-20-kg-24h-isproduktion-21-l-vattentank-silver\/#breadcrumb","itemListElement":[{"@type":"ListItem","position":1,"name":"Home","item":"https:\/\/truusk.store\/sv\/"},{"@type":"ListItem","position":2,"name":"Shop","item":"https:\/\/truusk.store\/shop\/"},{"@type":"ListItem","position":3,"name":"TRUUSK Ismaskin och Isdispenser &#8211; 20 kg\/24h Isproduktion &#8211; 2,1 L Vattentank &#8211; Silver"}]},{"@type":"WebSite","@id":"https:\/\/truusk.store\/sv\/#website","url":"https:\/\/truusk.store\/sv\/","name":"TRUUSK - Hem, Tr\u00e4dg\u00e5rd & Fritid","description":"","publisher":{"@id":"https:\/\/truusk.store\/sv\/#organization"},"potentialAction":[{"@type":"SearchAction","target":{"@type":"EntryPoint","urlTemplate":"https:\/\/truusk.store\/sv\/?s={search_term_string}"},"query-input":{"@type":"PropertyValueSpecification","valueRequired":true,"valueName":"search_term_string"}}],"inLanguage":"sv-SE"},{"@type":"Organization","@id":"https:\/\/truusk.store\/sv\/#organization","name":"TRUUSK - Hem, Tr\u00e4dg\u00e5rd & Fritid","url":"https:\/\/truusk.store\/sv\/","logo":{"@type":"ImageObject","inLanguage":"sv-SE","@id":"https:\/\/truusk.store\/sv\/#\/schema\/logo\/image\/","url":"https:\/\/i0.wp.com\/truusk.store\/wp-content\/uploads\/2026\/03\/cropped-TRUUSK.png?fit=2032%2C917&ssl=1","contentUrl":"https:\/\/i0.wp.com\/truusk.store\/wp-content\/uploads\/2026\/03\/cropped-TRUUSK.png?fit=2032%2C917&ssl=1","width":2032,"height":917,"caption":"TRUUSK - Hem, Tr\u00e4dg\u00e5rd & Fritid"},"image":{"@id":"https:\/\/truusk.store\/sv\/#\/schema\/logo\/image\/"}}]}},"jetpack_sharing_enabled":true,"_links":{"self":[{"href":"https:\/\/truusk.store\/sv\/wp-json\/wp\/v2\/product\/92814","targetHints":{"allow":["GET"]}}],"collection":[{"href":"https:\/\/truusk.store\/sv\/wp-json\/wp\/v2\/product"}],"about":[{"href":"https:\/\/truusk.store\/sv\/wp-json\/wp\/v2\/types\/product"}],"wp:featuredmedia":[{"embeddable":true,"href":"https:\/\/truusk.store\/sv\/wp-json\/wp\/v2\/media\/92805"}],"wp:attachment":[{"href":"https:\/\/truusk.store\/sv\/wp-json\/wp\/v2\/media?parent=92814"}],"wp:term":[{"taxonomy":"product_brand","embeddable":true,"href":"https:\/\/truusk.store\/sv\/wp-json\/wp\/v2\/product_brand?post=92814"},{"taxonomy":"product_cat","embeddable":true,"href":"https:\/\/truusk.store\/sv\/wp-json\/wp\/v2\/product_cat?post=92814"},{"taxonomy":"product_tag","embeddable":true,"href":"https:\/\/truusk.store\/sv\/wp-json\/wp\/v2\/product_tag?post=92814"}],"curies":[{"name":"wp","href":"https:\/\/api.w.org\/{rel}","templated":true}]}}