{"id":92854,"date":"2025-10-09T13:06:48","date_gmt":"2025-10-09T12:06:48","guid":{"rendered":"https:\/\/truusk.store\/product\/140-cm-kattrads-klatterstallning-flera-nivaer-sisal-klospelare-grottor-plyschplattformar-hangmatta-stege-leksaksbollar\/"},"modified":"2026-03-12T08:48:24","modified_gmt":"2026-03-12T07:48:24","slug":"truusk-kattrads-klatterstallning-140-cm-flera-nivaer-sisal-klospelare-grottor-plyschplattformar-hangmatta-stege","status":"publish","type":"product","link":"https:\/\/truusk.store\/sv\/produkt\/truusk-kattrads-klatterstallning-140-cm-flera-nivaer-sisal-klospelare-grottor-plyschplattformar-hangmatta-stege\/","title":{"rendered":"TRUUSK Kattr\u00e4ds Kl\u00e4tterst\u00e4llning &#8211; 140 cm &#8211; Flera Niv\u00e5er &#8211; Sisal Kl\u00f6spelare &#8211; Grottor &#8211; Plyschplattformar &#8211; H\u00e4ngmatta &#8211; Stege &#8211;"},"content":{"rendered":"<p>St\u00f6rd av din huskatts tristess och oron \u00f6ver instabila leksaker? F\u00f6rest\u00e4ll dig ett omkullfallen torn. TRUUSK inomhus kattr\u00e4d ger s\u00e4kerhet. Tack vare f\u00f6rst\u00e4rkt fot och tippskydd, erbjuder detta kattr\u00e4d p\u00e5 flera niv\u00e5er en s\u00e4ker plats att kl\u00e4ttra, sova och leka, och du kan vara lugn.<\/p>\n<p>Beskrivning:<\/p>\n<ul>\n<li> Har en sovgrotta, en h\u00e4ngmatta och plattformar som uppfyller alla din katts behov<\/li>\n<li> Den \u00f6versta plattformen med katt\u00f6ron och en h\u00e4ngande boll fr\u00e5n kattr\u00e4det erbjuder en trevlig utsikt<\/li>\n<li> Tjock bas och anti-tip-rem av aktivitetskattr\u00e4det garanterar stabilitet f\u00f6r 1-3 katters lek<\/li>\n<li> Stolpar inslagna med sisal tillfredsst\u00e4ller kl\u00e5dan att kl\u00f6sa och skyddar dina m\u00f6bler fr\u00e5n skador<\/li>\n<li> En stege och ett stegvis layout g\u00f6r det enkelt f\u00f6r alla katter att kl\u00e4ttra<\/li>\n<li> T\u00e4ckt med mjuk, hudv\u00e4nlig plysch f\u00f6r en mysig vila<\/li>\n<li> Montering kr\u00e4vs<\/li>\n<\/ul>\n<p> Tekniska specifikationer:<\/p>\n<ul>\n<li> F\u00e4rg: Ljusgr\u00e5+Cremevit<\/li>\n<li> Material: Sp\u00e5nskiva, plysch (100% polyester), sisal<\/li>\n<li> Totala dimensioner: 48B x 48T x 140H cm<\/li>\n<li> Katts\u00e4ngstorlek: \u00d830 x 10H cm<\/li>\n<li> Nedre grottstorlek: 30B x 30T x 25H cm<\/li>\n<li> \u00d6vre grottstorlek: 45B x 30T x 25H cm<\/li>\n<li> H\u00e4ngmattestorlek: \u00d830 cm<\/li>\n<li> Stegstorlek: 32L x 18B cm<\/li>\n<li> Basplattestorlek: 45B x 48T cm<\/li>\n<li> Maximal belastning: 15 kg<\/li>\n<li> Rekommenderad kattvikt: Under 5 kg<\/li>\n<\/ul>\n<p>Leveransinneh\u00e5ll:<\/p>\n<ul>\n<li> 1 x Kattr\u00e4d<\/li>\n<li> 1 x Bruksanvisning<\/li>\n<\/ul>\n","protected":false},"excerpt":{"rendered":"<p>St\u00f6rd av din huskatts tristess och oron \u00f6ver instabila leksaker? F\u00f6rest\u00e4ll dig ett omkullfallen torn. TRUUSK inomhus kattr\u00e4d ger s\u00e4kerhet&#8230;.<\/p>\n","protected":false},"featured_media":92845,"template":"","meta":[],"product_brand":[],"product_cat":[878,588,879],"product_tag":[],"class_list":{"0":"post-92854","1":"product","2":"type-product","3":"status-publish","4":"has-post-thumbnail","6":"product_cat-djurbehov","7":"product_cat-katttillbehor","8":"product_cat-klostrad","10":"first","11":"instock","12":"sale","13":"taxable","14":"shipping-taxable","15":"purchasable","16":"product-type-simple"},"yoast_head":"<!-- This site is optimized with the Yoast SEO plugin v25.4 - https:\/\/yoast.com\/wordpress\/plugins\/seo\/ -->\n<title>TRUUSK Kattr\u00e4ds Kl\u00e4tterst\u00e4llning - 140 cm - Flera Niv\u00e5er - Sisal Kl\u00f6spelare - Grottor - Plyschplattformar - H\u00e4ngmatta - Stege - TRUUSK - Hem, Tr\u00e4dg\u00e5rd &amp; Fritid<\/title>\n<meta name=\"robots\" content=\"index, follow, max-snippet:-1, max-image-preview:large, max-video-preview:-1\" \/>\n<link rel=\"canonical\" href=\"https:\/\/truusk.store\/sv\/produkt\/truusk-kattrads-klatterstallning-140-cm-flera-nivaer-sisal-klospelare-grottor-plyschplattformar-hangmatta-stege\/\" \/>\n<meta property=\"og:locale\" content=\"sv_SE\" \/>\n<meta property=\"og:type\" content=\"article\" \/>\n<meta property=\"og:title\" content=\"TRUUSK Kattr\u00e4ds Kl\u00e4tterst\u00e4llning - 140 cm - Flera Niv\u00e5er - Sisal Kl\u00f6spelare - Grottor - Plyschplattformar - H\u00e4ngmatta - Stege - TRUUSK - Hem, Tr\u00e4dg\u00e5rd &amp; Fritid\" \/>\n<meta property=\"og:description\" content=\"St\u00f6rd av din huskatts tristess och oron \u00f6ver instabila leksaker? F\u00f6rest\u00e4ll dig ett omkullfallen torn. TRUUSK inomhus kattr\u00e4d ger s\u00e4kerhet....\" \/>\n<meta property=\"og:url\" content=\"https:\/\/truusk.store\/sv\/produkt\/truusk-kattrads-klatterstallning-140-cm-flera-nivaer-sisal-klospelare-grottor-plyschplattformar-hangmatta-stege\/\" \/>\n<meta property=\"og:site_name\" content=\"TRUUSK - Hem, Tr\u00e4dg\u00e5rd &amp; Fritid\" \/>\n<meta property=\"article:modified_time\" content=\"2026-03-12T07:48:24+00:00\" \/>\n<meta property=\"og:image\" content=\"https:\/\/i0.wp.com\/truusk.se\/wp-content\/uploads\/2025\/10\/140-cm-kattrads-klatterstallning-flera-nivaer-sisal-klospelare-grottor-plyschplattformar-hangmatta-stege-leksaksbollar-1.webp?fit=2000%2C2000&ssl=1\" \/>\n\t<meta property=\"og:image:width\" content=\"2000\" \/>\n\t<meta property=\"og:image:height\" content=\"2000\" \/>\n\t<meta property=\"og:image:type\" content=\"image\/webp\" \/>\n<meta name=\"twitter:card\" content=\"summary_large_image\" \/>\n<meta name=\"twitter:label1\" content=\"Ber\u00e4knad l\u00e4stid\" \/>\n\t<meta name=\"twitter:data1\" content=\"1 minut\" \/>\n<!-- \/ Yoast SEO plugin. -->","yoast_head_json":{"title":"TRUUSK Kattr\u00e4ds Kl\u00e4tterst\u00e4llning - 140 cm - Flera Niv\u00e5er - Sisal Kl\u00f6spelare - Grottor - Plyschplattformar - H\u00e4ngmatta - Stege - TRUUSK - Hem, Tr\u00e4dg\u00e5rd &amp; Fritid","robots":{"index":"index","follow":"follow","max-snippet":"max-snippet:-1","max-image-preview":"max-image-preview:large","max-video-preview":"max-video-preview:-1"},"canonical":"https:\/\/truusk.store\/sv\/produkt\/truusk-kattrads-klatterstallning-140-cm-flera-nivaer-sisal-klospelare-grottor-plyschplattformar-hangmatta-stege\/","og_locale":"sv_SE","og_type":"article","og_title":"TRUUSK Kattr\u00e4ds Kl\u00e4tterst\u00e4llning - 140 cm - Flera Niv\u00e5er - Sisal Kl\u00f6spelare - Grottor - Plyschplattformar - H\u00e4ngmatta - Stege - TRUUSK - Hem, Tr\u00e4dg\u00e5rd &amp; Fritid","og_description":"St\u00f6rd av din huskatts tristess och oron \u00f6ver instabila leksaker? F\u00f6rest\u00e4ll dig ett omkullfallen torn. TRUUSK inomhus kattr\u00e4d ger s\u00e4kerhet....","og_url":"https:\/\/truusk.store\/sv\/produkt\/truusk-kattrads-klatterstallning-140-cm-flera-nivaer-sisal-klospelare-grottor-plyschplattformar-hangmatta-stege\/","og_site_name":"TRUUSK - Hem, Tr\u00e4dg\u00e5rd &amp; Fritid","article_modified_time":"2026-03-12T07:48:24+00:00","og_image":[{"width":2000,"height":2000,"url":"https:\/\/i0.wp.com\/truusk.se\/wp-content\/uploads\/2025\/10\/140-cm-kattrads-klatterstallning-flera-nivaer-sisal-klospelare-grottor-plyschplattformar-hangmatta-stege-leksaksbollar-1.webp?fit=2000%2C2000&ssl=1","type":"image\/webp"}],"twitter_card":"summary_large_image","twitter_misc":{"Ber\u00e4knad l\u00e4stid":"1 minut"},"schema":{"@context":"https:\/\/schema.org","@graph":[{"@type":"WebPage","@id":"https:\/\/truusk.store\/sv\/produkt\/truusk-kattrads-klatterstallning-140-cm-flera-nivaer-sisal-klospelare-grottor-plyschplattformar-hangmatta-stege\/","url":"https:\/\/truusk.store\/sv\/produkt\/truusk-kattrads-klatterstallning-140-cm-flera-nivaer-sisal-klospelare-grottor-plyschplattformar-hangmatta-stege\/","name":"TRUUSK Kattr\u00e4ds Kl\u00e4tterst\u00e4llning - 140 cm - Flera Niv\u00e5er - Sisal Kl\u00f6spelare - Grottor - Plyschplattformar - H\u00e4ngmatta - Stege - TRUUSK - Hem, Tr\u00e4dg\u00e5rd &amp; Fritid","isPartOf":{"@id":"https:\/\/truusk.store\/sv\/#website"},"primaryImageOfPage":{"@id":"https:\/\/truusk.store\/sv\/produkt\/truusk-kattrads-klatterstallning-140-cm-flera-nivaer-sisal-klospelare-grottor-plyschplattformar-hangmatta-stege\/#primaryimage"},"image":{"@id":"https:\/\/truusk.store\/sv\/produkt\/truusk-kattrads-klatterstallning-140-cm-flera-nivaer-sisal-klospelare-grottor-plyschplattformar-hangmatta-stege\/#primaryimage"},"thumbnailUrl":"https:\/\/i0.wp.com\/truusk.store\/wp-content\/uploads\/2025\/10\/140-cm-kattrads-klatterstallning-flera-nivaer-sisal-klospelare-grottor-plyschplattformar-hangmatta-stege-leksaksbollar-1.webp?fit=2000%2C2000&ssl=1","datePublished":"2025-10-09T12:06:48+00:00","dateModified":"2026-03-12T07:48:24+00:00","breadcrumb":{"@id":"https:\/\/truusk.store\/sv\/produkt\/truusk-kattrads-klatterstallning-140-cm-flera-nivaer-sisal-klospelare-grottor-plyschplattformar-hangmatta-stege\/#breadcrumb"},"inLanguage":"sv-SE","potentialAction":[{"@type":"ReadAction","target":["https:\/\/truusk.store\/sv\/produkt\/truusk-kattrads-klatterstallning-140-cm-flera-nivaer-sisal-klospelare-grottor-plyschplattformar-hangmatta-stege\/"]}]},{"@type":"ImageObject","inLanguage":"sv-SE","@id":"https:\/\/truusk.store\/sv\/produkt\/truusk-kattrads-klatterstallning-140-cm-flera-nivaer-sisal-klospelare-grottor-plyschplattformar-hangmatta-stege\/#primaryimage","url":"https:\/\/i0.wp.com\/truusk.store\/wp-content\/uploads\/2025\/10\/140-cm-kattrads-klatterstallning-flera-nivaer-sisal-klospelare-grottor-plyschplattformar-hangmatta-stege-leksaksbollar-1.webp?fit=2000%2C2000&ssl=1","contentUrl":"https:\/\/i0.wp.com\/truusk.store\/wp-content\/uploads\/2025\/10\/140-cm-kattrads-klatterstallning-flera-nivaer-sisal-klospelare-grottor-plyschplattformar-hangmatta-stege-leksaksbollar-1.webp?fit=2000%2C2000&ssl=1","width":2000,"height":2000},{"@type":"BreadcrumbList","@id":"https:\/\/truusk.store\/sv\/produkt\/truusk-kattrads-klatterstallning-140-cm-flera-nivaer-sisal-klospelare-grottor-plyschplattformar-hangmatta-stege\/#breadcrumb","itemListElement":[{"@type":"ListItem","position":1,"name":"Home","item":"https:\/\/truusk.store\/sv\/"},{"@type":"ListItem","position":2,"name":"Shop","item":"https:\/\/truusk.store\/shop\/"},{"@type":"ListItem","position":3,"name":"TRUUSK Kattr\u00e4ds Kl\u00e4tterst\u00e4llning &#8211; 140 cm &#8211; Flera Niv\u00e5er &#8211; Sisal Kl\u00f6spelare &#8211; Grottor &#8211; Plyschplattformar &#8211; H\u00e4ngmatta &#8211; Stege &#8211;"}]},{"@type":"WebSite","@id":"https:\/\/truusk.store\/sv\/#website","url":"https:\/\/truusk.store\/sv\/","name":"TRUUSK - Hem, Tr\u00e4dg\u00e5rd & Fritid","description":"","publisher":{"@id":"https:\/\/truusk.store\/sv\/#organization"},"potentialAction":[{"@type":"SearchAction","target":{"@type":"EntryPoint","urlTemplate":"https:\/\/truusk.store\/sv\/?s={search_term_string}"},"query-input":{"@type":"PropertyValueSpecification","valueRequired":true,"valueName":"search_term_string"}}],"inLanguage":"sv-SE"},{"@type":"Organization","@id":"https:\/\/truusk.store\/sv\/#organization","name":"TRUUSK - Hem, Tr\u00e4dg\u00e5rd & Fritid","url":"https:\/\/truusk.store\/sv\/","logo":{"@type":"ImageObject","inLanguage":"sv-SE","@id":"https:\/\/truusk.store\/sv\/#\/schema\/logo\/image\/","url":"https:\/\/i0.wp.com\/truusk.store\/wp-content\/uploads\/2026\/03\/cropped-TRUUSK.png?fit=2032%2C917&ssl=1","contentUrl":"https:\/\/i0.wp.com\/truusk.store\/wp-content\/uploads\/2026\/03\/cropped-TRUUSK.png?fit=2032%2C917&ssl=1","width":2032,"height":917,"caption":"TRUUSK - Hem, Tr\u00e4dg\u00e5rd & Fritid"},"image":{"@id":"https:\/\/truusk.store\/sv\/#\/schema\/logo\/image\/"}}]}},"jetpack_sharing_enabled":true,"_links":{"self":[{"href":"https:\/\/truusk.store\/sv\/wp-json\/wp\/v2\/product\/92854","targetHints":{"allow":["GET"]}}],"collection":[{"href":"https:\/\/truusk.store\/sv\/wp-json\/wp\/v2\/product"}],"about":[{"href":"https:\/\/truusk.store\/sv\/wp-json\/wp\/v2\/types\/product"}],"wp:featuredmedia":[{"embeddable":true,"href":"https:\/\/truusk.store\/sv\/wp-json\/wp\/v2\/media\/92845"}],"wp:attachment":[{"href":"https:\/\/truusk.store\/sv\/wp-json\/wp\/v2\/media?parent=92854"}],"wp:term":[{"taxonomy":"product_brand","embeddable":true,"href":"https:\/\/truusk.store\/sv\/wp-json\/wp\/v2\/product_brand?post=92854"},{"taxonomy":"product_cat","embeddable":true,"href":"https:\/\/truusk.store\/sv\/wp-json\/wp\/v2\/product_cat?post=92854"},{"taxonomy":"product_tag","embeddable":true,"href":"https:\/\/truusk.store\/sv\/wp-json\/wp\/v2\/product_tag?post=92854"}],"curies":[{"name":"wp","href":"https:\/\/api.w.org\/{rel}","templated":true}]}}