{"id":92864,"date":"2025-10-09T13:07:30","date_gmt":"2025-10-09T12:07:30","guid":{"rendered":"https:\/\/truusk.store\/product\/klostrad-107-cm-kattorn-med-grotta-2-plyschbollar-sisalstammar-stor-plattform-55x40x107-cm-gra\/"},"modified":"2026-03-12T08:48:25","modified_gmt":"2026-03-12T07:48:25","slug":"truusk-katttrad-107-cm-med-grotta-2-plyschbollar-sisalstammar-stor-plattform-55x40x107-cm-gra","status":"publish","type":"product","link":"https:\/\/truusk.store\/sv\/produkt\/truusk-katttrad-107-cm-med-grotta-2-plyschbollar-sisalstammar-stor-plattform-55x40x107-cm-gra\/","title":{"rendered":"TRUUSK Katttr\u00e4d 107 cm med Grotta &#8211; 2 Plyschbollar &#8211; Sisalstammar &#8211; Stor Plattform &#8211; 55x40x107 cm &#8211; Gr\u00e5"},"content":{"rendered":"<p>\u00c4r din katt st\u00e4ndigt aktiv p\u00e5 dina m\u00f6bler? TRUUSK kattr\u00e4det \u00e4r den ideala multifunktionella l\u00f6sningen f\u00f6r innekatter. Sisal repytorna h\u00e5ller katten borta fr\u00e5n soffan och stolarna. Utrustad med bekv\u00e4ma plattformar och ett mysigt kondo, erbjuder kattr\u00e4det en attraktiv tillflyktsort f\u00f6r kl\u00e4ttring, kl\u00f6sning, lek och avkoppling. Skapa ett harmoniskt hem med aktivitetskl\u00f6str\u00e4det d\u00e4r du och din kattv\u00e4n kan koppla av med stil.<\/p>\n<p>Beskrivning:<\/p>\n<ul>\n<li> 107 cm flerniv\u00e5 kattr\u00e4d h\u00e5ller katterna sysselsatta hela dagen<\/li>\n<li> Stabil design av kl\u00f6str\u00e4det garanterar s\u00e4kerhet och sparar utrymme<\/li>\n<li> Sisalstammarna och kuddarna p\u00e5 kattr\u00e4det skyddar m\u00f6bler fr\u00e5n repor<\/li>\n<li> Plyschkondominium och s\u00e4ng p\u00e5 kattr\u00e4det ger din katt en mysig vila<\/li>\n<li> Tv\u00e5 dinglande fluffiga bollar erbjuder timmar av interaktivt spel<\/li>\n<li> Modern gr\u00e5-vit design av aktivitetskl\u00f6str\u00e4det kompletterar stilfullt rummets dekoration<\/li>\n<li> L\u00e4mplig f\u00f6r 1-2 katter, varje upp till 5 kg<\/li>\n<li> Montering kr\u00e4vs<\/li>\n<\/ul>\n<p> Tekniska data:<\/p>\n<ul>\n<li> F\u00e4rg: Gr\u00e5+Vit<\/li>\n<li> Material: Sp\u00e5nskiva, plysch (100% polyester), PP-bomull, sisal<\/li>\n<li> Totala dimensioner: 55L x 40B x 107H cm<\/li>\n<li> Katts\u00e4ngstorlek: 30B x 30T x 8H cm<\/li>\n<li> Kattshusstorlek: 30B x 30T x 30H cm<\/li>\n<li> D\u00f6rrstorlek: (framsida) \u00d814 cm<\/li>\n<li> D\u00f6rrstorlek: (sida) 14B x 18H cm<\/li>\n<li> Liten plattformsstorlek: 20B x 40T cm<\/li>\n<li> Andra plattformsstorlek: 40B x 30T cm<\/li>\n<li> Stolpstorlek: \u00d86,5 cm<\/li>\n<li> Sisalkuddstorlek: 20L x 20B cm<\/li>\n<li> L\u00e4gsta plattformstorlek: (under kattshuset) 30B x 30T cm<\/li>\n<li> L\u00e4gsta plattformstorlek: (h\u00f6ger sida) 24L x 40B cm<\/li>\n<li> B\u00e4rkapacitet: 25 kg<\/li>\n<li> Rekommenderad kattvikt: Under 5 kg<\/li>\n<\/ul>\n<p>Leveransinneh\u00e5ll:<\/p>\n<ul>\n<li> 1 x Kl\u00f6str\u00e4d<\/li>\n<li> 1 x Bruksanvisning<\/li>\n<\/ul>\n","protected":false},"excerpt":{"rendered":"<p>\u00c4r din katt st\u00e4ndigt aktiv p\u00e5 dina m\u00f6bler? TRUUSK kattr\u00e4det \u00e4r den ideala multifunktionella l\u00f6sningen f\u00f6r innekatter. Sisal repytorna h\u00e5ller&#8230;<\/p>\n","protected":false},"featured_media":92855,"template":"","meta":[],"product_brand":[],"product_cat":[878,588,879],"product_tag":[],"class_list":{"0":"post-92864","1":"product","2":"type-product","3":"status-publish","4":"has-post-thumbnail","6":"product_cat-djurbehov","7":"product_cat-katttillbehor","8":"product_cat-klostrad","10":"first","11":"instock","12":"sale","13":"taxable","14":"shipping-taxable","15":"purchasable","16":"product-type-simple"},"yoast_head":"<!-- This site is optimized with the Yoast SEO plugin v25.4 - https:\/\/yoast.com\/wordpress\/plugins\/seo\/ -->\n<title>TRUUSK Katttr\u00e4d 107 cm med Grotta - 2 Plyschbollar - Sisalstammar - Stor Plattform - 55x40x107 cm - Gr\u00e5 - TRUUSK - Hem, Tr\u00e4dg\u00e5rd &amp; Fritid<\/title>\n<meta name=\"robots\" content=\"index, follow, max-snippet:-1, max-image-preview:large, max-video-preview:-1\" \/>\n<link rel=\"canonical\" href=\"https:\/\/truusk.store\/sv\/produkt\/truusk-katttrad-107-cm-med-grotta-2-plyschbollar-sisalstammar-stor-plattform-55x40x107-cm-gra\/\" \/>\n<meta property=\"og:locale\" content=\"sv_SE\" \/>\n<meta property=\"og:type\" content=\"article\" \/>\n<meta property=\"og:title\" content=\"TRUUSK Katttr\u00e4d 107 cm med Grotta - 2 Plyschbollar - Sisalstammar - Stor Plattform - 55x40x107 cm - Gr\u00e5 - TRUUSK - Hem, Tr\u00e4dg\u00e5rd &amp; Fritid\" \/>\n<meta property=\"og:description\" content=\"\u00c4r din katt st\u00e4ndigt aktiv p\u00e5 dina m\u00f6bler? TRUUSK kattr\u00e4det \u00e4r den ideala multifunktionella l\u00f6sningen f\u00f6r innekatter. Sisal repytorna h\u00e5ller...\" \/>\n<meta property=\"og:url\" content=\"https:\/\/truusk.store\/sv\/produkt\/truusk-katttrad-107-cm-med-grotta-2-plyschbollar-sisalstammar-stor-plattform-55x40x107-cm-gra\/\" \/>\n<meta property=\"og:site_name\" content=\"TRUUSK - Hem, Tr\u00e4dg\u00e5rd &amp; Fritid\" \/>\n<meta property=\"article:modified_time\" content=\"2026-03-12T07:48:25+00:00\" \/>\n<meta property=\"og:image\" content=\"https:\/\/i0.wp.com\/truusk.se\/wp-content\/uploads\/2025\/10\/klostrad-107-cm-kattorn-med-grotta-2-plyschbollar-sisalstammar-stor-plattform-55x40x107-cm-gra-1.webp?fit=2000%2C2000&ssl=1\" \/>\n\t<meta property=\"og:image:width\" content=\"2000\" \/>\n\t<meta property=\"og:image:height\" content=\"2000\" \/>\n\t<meta property=\"og:image:type\" content=\"image\/webp\" \/>\n<meta name=\"twitter:card\" content=\"summary_large_image\" \/>\n<meta name=\"twitter:label1\" content=\"Ber\u00e4knad l\u00e4stid\" \/>\n\t<meta name=\"twitter:data1\" content=\"1 minut\" \/>\n<!-- \/ Yoast SEO plugin. -->","yoast_head_json":{"title":"TRUUSK Katttr\u00e4d 107 cm med Grotta - 2 Plyschbollar - Sisalstammar - Stor Plattform - 55x40x107 cm - Gr\u00e5 - TRUUSK - Hem, Tr\u00e4dg\u00e5rd &amp; Fritid","robots":{"index":"index","follow":"follow","max-snippet":"max-snippet:-1","max-image-preview":"max-image-preview:large","max-video-preview":"max-video-preview:-1"},"canonical":"https:\/\/truusk.store\/sv\/produkt\/truusk-katttrad-107-cm-med-grotta-2-plyschbollar-sisalstammar-stor-plattform-55x40x107-cm-gra\/","og_locale":"sv_SE","og_type":"article","og_title":"TRUUSK Katttr\u00e4d 107 cm med Grotta - 2 Plyschbollar - Sisalstammar - Stor Plattform - 55x40x107 cm - Gr\u00e5 - TRUUSK - Hem, Tr\u00e4dg\u00e5rd &amp; Fritid","og_description":"\u00c4r din katt st\u00e4ndigt aktiv p\u00e5 dina m\u00f6bler? TRUUSK kattr\u00e4det \u00e4r den ideala multifunktionella l\u00f6sningen f\u00f6r innekatter. Sisal repytorna h\u00e5ller...","og_url":"https:\/\/truusk.store\/sv\/produkt\/truusk-katttrad-107-cm-med-grotta-2-plyschbollar-sisalstammar-stor-plattform-55x40x107-cm-gra\/","og_site_name":"TRUUSK - Hem, Tr\u00e4dg\u00e5rd &amp; Fritid","article_modified_time":"2026-03-12T07:48:25+00:00","og_image":[{"width":2000,"height":2000,"url":"https:\/\/i0.wp.com\/truusk.se\/wp-content\/uploads\/2025\/10\/klostrad-107-cm-kattorn-med-grotta-2-plyschbollar-sisalstammar-stor-plattform-55x40x107-cm-gra-1.webp?fit=2000%2C2000&ssl=1","type":"image\/webp"}],"twitter_card":"summary_large_image","twitter_misc":{"Ber\u00e4knad l\u00e4stid":"1 minut"},"schema":{"@context":"https:\/\/schema.org","@graph":[{"@type":"WebPage","@id":"https:\/\/truusk.store\/sv\/produkt\/truusk-katttrad-107-cm-med-grotta-2-plyschbollar-sisalstammar-stor-plattform-55x40x107-cm-gra\/","url":"https:\/\/truusk.store\/sv\/produkt\/truusk-katttrad-107-cm-med-grotta-2-plyschbollar-sisalstammar-stor-plattform-55x40x107-cm-gra\/","name":"TRUUSK Katttr\u00e4d 107 cm med Grotta - 2 Plyschbollar - Sisalstammar - Stor Plattform - 55x40x107 cm - Gr\u00e5 - TRUUSK - Hem, Tr\u00e4dg\u00e5rd &amp; Fritid","isPartOf":{"@id":"https:\/\/truusk.store\/sv\/#website"},"primaryImageOfPage":{"@id":"https:\/\/truusk.store\/sv\/produkt\/truusk-katttrad-107-cm-med-grotta-2-plyschbollar-sisalstammar-stor-plattform-55x40x107-cm-gra\/#primaryimage"},"image":{"@id":"https:\/\/truusk.store\/sv\/produkt\/truusk-katttrad-107-cm-med-grotta-2-plyschbollar-sisalstammar-stor-plattform-55x40x107-cm-gra\/#primaryimage"},"thumbnailUrl":"https:\/\/i0.wp.com\/truusk.store\/wp-content\/uploads\/2025\/10\/klostrad-107-cm-kattorn-med-grotta-2-plyschbollar-sisalstammar-stor-plattform-55x40x107-cm-gra-1.webp?fit=2000%2C2000&ssl=1","datePublished":"2025-10-09T12:07:30+00:00","dateModified":"2026-03-12T07:48:25+00:00","breadcrumb":{"@id":"https:\/\/truusk.store\/sv\/produkt\/truusk-katttrad-107-cm-med-grotta-2-plyschbollar-sisalstammar-stor-plattform-55x40x107-cm-gra\/#breadcrumb"},"inLanguage":"sv-SE","potentialAction":[{"@type":"ReadAction","target":["https:\/\/truusk.store\/sv\/produkt\/truusk-katttrad-107-cm-med-grotta-2-plyschbollar-sisalstammar-stor-plattform-55x40x107-cm-gra\/"]}]},{"@type":"ImageObject","inLanguage":"sv-SE","@id":"https:\/\/truusk.store\/sv\/produkt\/truusk-katttrad-107-cm-med-grotta-2-plyschbollar-sisalstammar-stor-plattform-55x40x107-cm-gra\/#primaryimage","url":"https:\/\/i0.wp.com\/truusk.store\/wp-content\/uploads\/2025\/10\/klostrad-107-cm-kattorn-med-grotta-2-plyschbollar-sisalstammar-stor-plattform-55x40x107-cm-gra-1.webp?fit=2000%2C2000&ssl=1","contentUrl":"https:\/\/i0.wp.com\/truusk.store\/wp-content\/uploads\/2025\/10\/klostrad-107-cm-kattorn-med-grotta-2-plyschbollar-sisalstammar-stor-plattform-55x40x107-cm-gra-1.webp?fit=2000%2C2000&ssl=1","width":2000,"height":2000},{"@type":"BreadcrumbList","@id":"https:\/\/truusk.store\/sv\/produkt\/truusk-katttrad-107-cm-med-grotta-2-plyschbollar-sisalstammar-stor-plattform-55x40x107-cm-gra\/#breadcrumb","itemListElement":[{"@type":"ListItem","position":1,"name":"Home","item":"https:\/\/truusk.store\/sv\/"},{"@type":"ListItem","position":2,"name":"Shop","item":"https:\/\/truusk.store\/shop\/"},{"@type":"ListItem","position":3,"name":"TRUUSK Katttr\u00e4d 107 cm med Grotta &#8211; 2 Plyschbollar &#8211; Sisalstammar &#8211; Stor Plattform &#8211; 55x40x107 cm &#8211; Gr\u00e5"}]},{"@type":"WebSite","@id":"https:\/\/truusk.store\/sv\/#website","url":"https:\/\/truusk.store\/sv\/","name":"TRUUSK - Hem, Tr\u00e4dg\u00e5rd & Fritid","description":"","publisher":{"@id":"https:\/\/truusk.store\/sv\/#organization"},"potentialAction":[{"@type":"SearchAction","target":{"@type":"EntryPoint","urlTemplate":"https:\/\/truusk.store\/sv\/?s={search_term_string}"},"query-input":{"@type":"PropertyValueSpecification","valueRequired":true,"valueName":"search_term_string"}}],"inLanguage":"sv-SE"},{"@type":"Organization","@id":"https:\/\/truusk.store\/sv\/#organization","name":"TRUUSK - Hem, Tr\u00e4dg\u00e5rd & Fritid","url":"https:\/\/truusk.store\/sv\/","logo":{"@type":"ImageObject","inLanguage":"sv-SE","@id":"https:\/\/truusk.store\/sv\/#\/schema\/logo\/image\/","url":"https:\/\/i0.wp.com\/truusk.store\/wp-content\/uploads\/2026\/03\/cropped-TRUUSK.png?fit=2032%2C917&ssl=1","contentUrl":"https:\/\/i0.wp.com\/truusk.store\/wp-content\/uploads\/2026\/03\/cropped-TRUUSK.png?fit=2032%2C917&ssl=1","width":2032,"height":917,"caption":"TRUUSK - Hem, Tr\u00e4dg\u00e5rd & Fritid"},"image":{"@id":"https:\/\/truusk.store\/sv\/#\/schema\/logo\/image\/"}}]}},"jetpack_sharing_enabled":true,"_links":{"self":[{"href":"https:\/\/truusk.store\/sv\/wp-json\/wp\/v2\/product\/92864","targetHints":{"allow":["GET"]}}],"collection":[{"href":"https:\/\/truusk.store\/sv\/wp-json\/wp\/v2\/product"}],"about":[{"href":"https:\/\/truusk.store\/sv\/wp-json\/wp\/v2\/types\/product"}],"wp:featuredmedia":[{"embeddable":true,"href":"https:\/\/truusk.store\/sv\/wp-json\/wp\/v2\/media\/92855"}],"wp:attachment":[{"href":"https:\/\/truusk.store\/sv\/wp-json\/wp\/v2\/media?parent=92864"}],"wp:term":[{"taxonomy":"product_brand","embeddable":true,"href":"https:\/\/truusk.store\/sv\/wp-json\/wp\/v2\/product_brand?post=92864"},{"taxonomy":"product_cat","embeddable":true,"href":"https:\/\/truusk.store\/sv\/wp-json\/wp\/v2\/product_cat?post=92864"},{"taxonomy":"product_tag","embeddable":true,"href":"https:\/\/truusk.store\/sv\/wp-json\/wp\/v2\/product_tag?post=92864"}],"curies":[{"name":"wp","href":"https:\/\/api.w.org\/{rel}","templated":true}]}}