{"id":92894,"date":"2025-10-09T13:10:31","date_gmt":"2025-10-09T12:10:31","guid":{"rendered":"https:\/\/truusk.store\/product\/klostrad-och-kattstege-bred-bas-plyschtyg-sisalklospelare-gra\/"},"modified":"2026-03-12T08:48:27","modified_gmt":"2026-03-12T07:48:27","slug":"truusk-kattklostrad-och-kattstege-bred-bas-plyschtyg-sisalklospelare-gra","status":"publish","type":"product","link":"https:\/\/truusk.store\/sv\/produkt\/truusk-kattklostrad-och-kattstege-bred-bas-plyschtyg-sisalklospelare-gra\/","title":{"rendered":"TRUUSK Kattkl\u00f6str\u00e4d och Kattstege &#8211; Bred Bas &#8211; Plyschtyg &#8211; Sisalkl\u00f6spelare &#8211; Gr\u00e5"},"content":{"rendered":"<p>St\u00f6rd f\u00f6r att din katt har sv\u00e5rt att komma upp p\u00e5 soffan, vilket orsakar oro f\u00f6r dess s\u00e4kerhet och dina m\u00f6bler? Denna st\u00e4ndiga oro kan st\u00f6ra lugnet hemma. TRUUSK hundrampen \u00e4r en stabil, enkel att montera l\u00f6sning. 2 i 1-designen f\u00f6r djurtrappan ger s\u00e4ker tillg\u00e5ng och ovanp\u00e5 en bekv\u00e4m, tv\u00e4ttbar s\u00e4ng, vilket ger bekv\u00e4mlighet och harmoni till ditt hem.<\/p>\n<p>Beskrivning:<\/p>\n<ul>\n<li> Kombinerar ett kattr\u00e4d med husdjurstrappor, l\u00e4mpligt f\u00f6r lek och tillg\u00e5ng<\/li>\n<li> Hundtrappan har en avtagbar och tv\u00e4ttbar mysig s\u00e4ng<\/li>\n<li> Byggd med en bred bas och en tjock platta f\u00f6r stabil stabilitet utan vackling<\/li>\n<li> T\u00e4ckt med mjuk, varm plyschtyg f\u00f6r komfort<\/li>\n<li> Inneh\u00e5ller en sisal skrapstolpe och en h\u00e4ngande boll f\u00f6r naturliga instinkter<\/li>\n<li> Tre-stegsdesignen f\u00f6r hundrampen uppmuntrar r\u00f6relse och kl\u00e4ttring hos aktiva katter<\/li>\n<li> Montering kr\u00e4vs<\/li>\n<\/ul>\n<p> Tekniska data:<\/p>\n<ul>\n<li> F\u00e4rg: Gr\u00e5+Svart+Beige<\/li>\n<li> Material: Sp\u00e5nskiva, plysch (100% polyester), skum, sisal<\/li>\n<li> Totala dimensioner: 60L x 40B x 56H cm<\/li>\n<li> Stegstorlek (nedifr\u00e5n och upp): \u00d830 cm, 40L x 33B cm, 40L x 33B cm<\/li>\n<li> Stegh\u00f6jder: 17H cm, 34H cm, 48H cm<\/li>\n<li> Sidoplattformstorlek: 20L x 10B cm<\/li>\n<li> Basstorlek: 60L x 40B cm<\/li>\n<li> Storlek p\u00e5 \u00f6vre katts\u00e4ng: 40L x 30B x 7H cm<\/li>\n<li> Stolpstorlek: \u00d86,5 cm<\/li>\n<\/ul>\n<p>Leveransinneh\u00e5ll:<\/p>\n<ul>\n<li> 1 x Husdjurstrappa<\/li>\n<li> 1 x Bruksanvisning<\/li>\n<\/ul>\n","protected":false},"excerpt":{"rendered":"<p>St\u00f6rd f\u00f6r att din katt har sv\u00e5rt att komma upp p\u00e5 soffan, vilket orsakar oro f\u00f6r dess s\u00e4kerhet och dina&#8230;<\/p>\n","protected":false},"featured_media":92885,"template":"","meta":[],"product_brand":[],"product_cat":[878,588,592],"product_tag":[],"class_list":{"0":"post-92894","1":"product","2":"type-product","3":"status-publish","4":"has-post-thumbnail","6":"product_cat-djurbehov","7":"product_cat-katttillbehor","8":"product_cat-katttrappa","10":"first","11":"instock","12":"sale","13":"taxable","14":"shipping-taxable","15":"purchasable","16":"product-type-simple"},"yoast_head":"<!-- This site is optimized with the Yoast SEO plugin v25.4 - https:\/\/yoast.com\/wordpress\/plugins\/seo\/ -->\n<title>TRUUSK Kattkl\u00f6str\u00e4d och Kattstege - Bred Bas - Plyschtyg - Sisalkl\u00f6spelare - Gr\u00e5 - TRUUSK - Hem, Tr\u00e4dg\u00e5rd &amp; Fritid<\/title>\n<meta name=\"robots\" content=\"index, follow, max-snippet:-1, max-image-preview:large, max-video-preview:-1\" \/>\n<link rel=\"canonical\" href=\"https:\/\/truusk.store\/sv\/produkt\/truusk-kattklostrad-och-kattstege-bred-bas-plyschtyg-sisalklospelare-gra\/\" \/>\n<meta property=\"og:locale\" content=\"sv_SE\" \/>\n<meta property=\"og:type\" content=\"article\" \/>\n<meta property=\"og:title\" content=\"TRUUSK Kattkl\u00f6str\u00e4d och Kattstege - Bred Bas - Plyschtyg - Sisalkl\u00f6spelare - Gr\u00e5 - TRUUSK - Hem, Tr\u00e4dg\u00e5rd &amp; Fritid\" \/>\n<meta property=\"og:description\" content=\"St\u00f6rd f\u00f6r att din katt har sv\u00e5rt att komma upp p\u00e5 soffan, vilket orsakar oro f\u00f6r dess s\u00e4kerhet och dina...\" \/>\n<meta property=\"og:url\" content=\"https:\/\/truusk.store\/sv\/produkt\/truusk-kattklostrad-och-kattstege-bred-bas-plyschtyg-sisalklospelare-gra\/\" \/>\n<meta property=\"og:site_name\" content=\"TRUUSK - Hem, Tr\u00e4dg\u00e5rd &amp; Fritid\" \/>\n<meta property=\"article:modified_time\" content=\"2026-03-12T07:48:27+00:00\" \/>\n<meta property=\"og:image\" content=\"https:\/\/i0.wp.com\/truusk.se\/wp-content\/uploads\/2025\/10\/klostrad-och-kattstege-bred-bas-plyschtyg-sisalklospelare-gra-1.webp?fit=2000%2C2000&ssl=1\" \/>\n\t<meta property=\"og:image:width\" content=\"2000\" \/>\n\t<meta property=\"og:image:height\" content=\"2000\" \/>\n\t<meta property=\"og:image:type\" content=\"image\/webp\" \/>\n<meta name=\"twitter:card\" content=\"summary_large_image\" \/>\n<meta name=\"twitter:label1\" content=\"Ber\u00e4knad l\u00e4stid\" \/>\n\t<meta name=\"twitter:data1\" content=\"1 minut\" \/>\n<!-- \/ Yoast SEO plugin. -->","yoast_head_json":{"title":"TRUUSK Kattkl\u00f6str\u00e4d och Kattstege - Bred Bas - Plyschtyg - Sisalkl\u00f6spelare - Gr\u00e5 - TRUUSK - Hem, Tr\u00e4dg\u00e5rd &amp; Fritid","robots":{"index":"index","follow":"follow","max-snippet":"max-snippet:-1","max-image-preview":"max-image-preview:large","max-video-preview":"max-video-preview:-1"},"canonical":"https:\/\/truusk.store\/sv\/produkt\/truusk-kattklostrad-och-kattstege-bred-bas-plyschtyg-sisalklospelare-gra\/","og_locale":"sv_SE","og_type":"article","og_title":"TRUUSK Kattkl\u00f6str\u00e4d och Kattstege - Bred Bas - Plyschtyg - Sisalkl\u00f6spelare - Gr\u00e5 - TRUUSK - Hem, Tr\u00e4dg\u00e5rd &amp; Fritid","og_description":"St\u00f6rd f\u00f6r att din katt har sv\u00e5rt att komma upp p\u00e5 soffan, vilket orsakar oro f\u00f6r dess s\u00e4kerhet och dina...","og_url":"https:\/\/truusk.store\/sv\/produkt\/truusk-kattklostrad-och-kattstege-bred-bas-plyschtyg-sisalklospelare-gra\/","og_site_name":"TRUUSK - Hem, Tr\u00e4dg\u00e5rd &amp; Fritid","article_modified_time":"2026-03-12T07:48:27+00:00","og_image":[{"width":2000,"height":2000,"url":"https:\/\/i0.wp.com\/truusk.se\/wp-content\/uploads\/2025\/10\/klostrad-och-kattstege-bred-bas-plyschtyg-sisalklospelare-gra-1.webp?fit=2000%2C2000&ssl=1","type":"image\/webp"}],"twitter_card":"summary_large_image","twitter_misc":{"Ber\u00e4knad l\u00e4stid":"1 minut"},"schema":{"@context":"https:\/\/schema.org","@graph":[{"@type":"WebPage","@id":"https:\/\/truusk.store\/sv\/produkt\/truusk-kattklostrad-och-kattstege-bred-bas-plyschtyg-sisalklospelare-gra\/","url":"https:\/\/truusk.store\/sv\/produkt\/truusk-kattklostrad-och-kattstege-bred-bas-plyschtyg-sisalklospelare-gra\/","name":"TRUUSK Kattkl\u00f6str\u00e4d och Kattstege - Bred Bas - Plyschtyg - Sisalkl\u00f6spelare - Gr\u00e5 - TRUUSK - Hem, Tr\u00e4dg\u00e5rd &amp; Fritid","isPartOf":{"@id":"https:\/\/truusk.store\/sv\/#website"},"primaryImageOfPage":{"@id":"https:\/\/truusk.store\/sv\/produkt\/truusk-kattklostrad-och-kattstege-bred-bas-plyschtyg-sisalklospelare-gra\/#primaryimage"},"image":{"@id":"https:\/\/truusk.store\/sv\/produkt\/truusk-kattklostrad-och-kattstege-bred-bas-plyschtyg-sisalklospelare-gra\/#primaryimage"},"thumbnailUrl":"https:\/\/i0.wp.com\/truusk.store\/wp-content\/uploads\/2025\/10\/klostrad-och-kattstege-bred-bas-plyschtyg-sisalklospelare-gra-1.webp?fit=2000%2C2000&ssl=1","datePublished":"2025-10-09T12:10:31+00:00","dateModified":"2026-03-12T07:48:27+00:00","breadcrumb":{"@id":"https:\/\/truusk.store\/sv\/produkt\/truusk-kattklostrad-och-kattstege-bred-bas-plyschtyg-sisalklospelare-gra\/#breadcrumb"},"inLanguage":"sv-SE","potentialAction":[{"@type":"ReadAction","target":["https:\/\/truusk.store\/sv\/produkt\/truusk-kattklostrad-och-kattstege-bred-bas-plyschtyg-sisalklospelare-gra\/"]}]},{"@type":"ImageObject","inLanguage":"sv-SE","@id":"https:\/\/truusk.store\/sv\/produkt\/truusk-kattklostrad-och-kattstege-bred-bas-plyschtyg-sisalklospelare-gra\/#primaryimage","url":"https:\/\/i0.wp.com\/truusk.store\/wp-content\/uploads\/2025\/10\/klostrad-och-kattstege-bred-bas-plyschtyg-sisalklospelare-gra-1.webp?fit=2000%2C2000&ssl=1","contentUrl":"https:\/\/i0.wp.com\/truusk.store\/wp-content\/uploads\/2025\/10\/klostrad-och-kattstege-bred-bas-plyschtyg-sisalklospelare-gra-1.webp?fit=2000%2C2000&ssl=1","width":2000,"height":2000},{"@type":"BreadcrumbList","@id":"https:\/\/truusk.store\/sv\/produkt\/truusk-kattklostrad-och-kattstege-bred-bas-plyschtyg-sisalklospelare-gra\/#breadcrumb","itemListElement":[{"@type":"ListItem","position":1,"name":"Home","item":"https:\/\/truusk.store\/sv\/"},{"@type":"ListItem","position":2,"name":"Shop","item":"https:\/\/truusk.store\/shop\/"},{"@type":"ListItem","position":3,"name":"TRUUSK Kattkl\u00f6str\u00e4d och Kattstege &#8211; Bred Bas &#8211; Plyschtyg &#8211; Sisalkl\u00f6spelare &#8211; Gr\u00e5"}]},{"@type":"WebSite","@id":"https:\/\/truusk.store\/sv\/#website","url":"https:\/\/truusk.store\/sv\/","name":"TRUUSK - Hem, Tr\u00e4dg\u00e5rd & Fritid","description":"","publisher":{"@id":"https:\/\/truusk.store\/sv\/#organization"},"potentialAction":[{"@type":"SearchAction","target":{"@type":"EntryPoint","urlTemplate":"https:\/\/truusk.store\/sv\/?s={search_term_string}"},"query-input":{"@type":"PropertyValueSpecification","valueRequired":true,"valueName":"search_term_string"}}],"inLanguage":"sv-SE"},{"@type":"Organization","@id":"https:\/\/truusk.store\/sv\/#organization","name":"TRUUSK - Hem, Tr\u00e4dg\u00e5rd & Fritid","url":"https:\/\/truusk.store\/sv\/","logo":{"@type":"ImageObject","inLanguage":"sv-SE","@id":"https:\/\/truusk.store\/sv\/#\/schema\/logo\/image\/","url":"https:\/\/i0.wp.com\/truusk.store\/wp-content\/uploads\/2026\/03\/cropped-TRUUSK.png?fit=2032%2C917&ssl=1","contentUrl":"https:\/\/i0.wp.com\/truusk.store\/wp-content\/uploads\/2026\/03\/cropped-TRUUSK.png?fit=2032%2C917&ssl=1","width":2032,"height":917,"caption":"TRUUSK - Hem, Tr\u00e4dg\u00e5rd & Fritid"},"image":{"@id":"https:\/\/truusk.store\/sv\/#\/schema\/logo\/image\/"}}]}},"jetpack_sharing_enabled":true,"_links":{"self":[{"href":"https:\/\/truusk.store\/sv\/wp-json\/wp\/v2\/product\/92894","targetHints":{"allow":["GET"]}}],"collection":[{"href":"https:\/\/truusk.store\/sv\/wp-json\/wp\/v2\/product"}],"about":[{"href":"https:\/\/truusk.store\/sv\/wp-json\/wp\/v2\/types\/product"}],"wp:featuredmedia":[{"embeddable":true,"href":"https:\/\/truusk.store\/sv\/wp-json\/wp\/v2\/media\/92885"}],"wp:attachment":[{"href":"https:\/\/truusk.store\/sv\/wp-json\/wp\/v2\/media?parent=92894"}],"wp:term":[{"taxonomy":"product_brand","embeddable":true,"href":"https:\/\/truusk.store\/sv\/wp-json\/wp\/v2\/product_brand?post=92894"},{"taxonomy":"product_cat","embeddable":true,"href":"https:\/\/truusk.store\/sv\/wp-json\/wp\/v2\/product_cat?post=92894"},{"taxonomy":"product_tag","embeddable":true,"href":"https:\/\/truusk.store\/sv\/wp-json\/wp\/v2\/product_tag?post=92894"}],"curies":[{"name":"wp","href":"https:\/\/api.w.org\/{rel}","templated":true}]}}