{"id":92906,"date":"2025-10-09T13:11:50","date_gmt":"2025-10-09T12:11:50","guid":{"rendered":"https:\/\/truusk.store\/product\/luftavfuktare-45-liters-tank-24-timmars-timer-led-display-plast-vit\/"},"modified":"2026-03-12T08:48:27","modified_gmt":"2026-03-12T07:48:27","slug":"truusk-luftavfuktare-45-liters-tank-24-timmars-timer-led-display-vit","status":"publish","type":"product","link":"https:\/\/truusk.store\/sv\/produkt\/truusk-luftavfuktare-45-liters-tank-24-timmars-timer-led-display-vit\/","title":{"rendered":"TRUUSK Luftavfuktare &#8211; 4,5 Liters Tank &#8211; 24-timmars Timer &#8211; LED-display &#8211; Vit"},"content":{"rendered":"<p>Lider du av fuktig och kvav luft efter regndagar? Ih\u00e5llande fukt och h\u00f6gljudda apparater kan p\u00e5verka din familjs v\u00e4lbefinnande, s\u00e4rskilt i tysta barnrum. TRUUSK luftavfuktaren \u00e5terst\u00e4ller frisk luft med sin kraftfulla dagliga kapacitet. Tack vare avfuktarens intelligenta sensor kan du enkelt \u00f6vervaka luftfuktigheten, och den tysta s\u00f6mnmoden garanterar ost\u00f6rda, lugna n\u00e4tter.<\/p>\n<p>Beskrivning:<\/p>\n<ul>\n<li> Effektiv avfuktning och torkning av tv\u00e4tt hemma<\/li>\n<li> Tyst drift med 41 dB, garanterar ost\u00f6rd vila<\/li>\n<li> 24-timmars timer och R290-kylmedel i rummets avfuktare f\u00f6r energibesparing<\/li>\n<li> Har auto-\/kontinuerlig-\/s\u00f6mnmoder, exakt fuktighetskontroll, tv\u00e5 fl\u00e4kthastigheter samt barnl\u00e5s. Enkel kontroll via LED-panelen<\/li>\n<li> \u00d6vre indikatorer p\u00e5 luftavfuktaren visar fuktighetsniv\u00e5er genom f\u00e4rgkodning. LED-sk\u00e4rmen visar aktuell rumfuktighet<\/li>\n<li> Stor tank med automatisk avst\u00e4ngning m\u00f6jligg\u00f6r l\u00e4ngre, bekymmersfri drift. Dessutom en avloppsslang f\u00f6r kontinuerlig avvattning<\/li>\n<li> Utrustad med 360\u00b0-hjul f\u00f6r enkel r\u00f6rlighet<\/li>\n<li> Tv\u00e4ttbart luftfilter, h\u00e5ller luften ren och \u00e4r l\u00e4tt att reng\u00f6ra. Den automatiska avfrostningsfunktionen f\u00f6rhindrar att spolarna fryser och s\u00e4kerst\u00e4ller en effektiv drift<\/li>\n<\/ul>\n<p> Tekniska data:<\/p>\n<ul>\n<li> F\u00e4rg: Vit<\/li>\n<li> Material: Plast<\/li>\n<li> Totala dimensioner: 30,5B x 23,5T x 49,5H cm<\/li>\n<li> Avfuktningseffekt: 20 L\/dag<\/li>\n<li> Vattentankkapacitet: 4,5 L<\/li>\n<li> Fuktighetsinst\u00e4llning: 30%-80%<\/li>\n<li> Kabell\u00e4ngd: 1,5 m<\/li>\n<li> T\u00e4ckningsomr\u00e5de: 20-40 m\u00b2<\/li>\n<li> Ljud: 41 dB (standardl\u00e4ge), 38 dB (s\u00f6mnmod)<\/li>\n<li> Ing\u00e5ng: AC 220-240V, 50Hz<\/li>\n<li> Effekt: 330W\/1,5A<\/li>\n<li> Kylmedel: R290<\/li>\n<li> Arbetstemperatur: 5-35\u00b0C<\/li>\n<\/ul>\n<p>Leverans:<\/p>\n<ul>\n<li> 1 x Luftavfuktare<\/li>\n<li> 1 x Avloppsslang<\/li>\n<li> 1 x Bruksanvisning<\/li>\n<\/ul>\n","protected":false},"excerpt":{"rendered":"<p>Lider du av fuktig och kvav luft efter regndagar? Ih\u00e5llande fukt och h\u00f6gljudda apparater kan p\u00e5verka din familjs v\u00e4lbefinnande, s\u00e4rskilt&#8230;<\/p>\n","protected":false},"featured_media":92895,"template":"","meta":[],"product_brand":[],"product_cat":[698,867,905],"product_tag":[],"class_list":{"0":"post-92906","1":"product","2":"type-product","3":"status-publish","4":"has-post-thumbnail","6":"product_cat-avfuktare-luftfuktare","7":"product_cat-byggmarknad","8":"product_cat-klimatkontroll-flaktar","10":"first","11":"instock","12":"sale","13":"taxable","14":"shipping-taxable","15":"purchasable","16":"product-type-simple"},"yoast_head":"<!-- This site is optimized with the Yoast SEO plugin v25.4 - https:\/\/yoast.com\/wordpress\/plugins\/seo\/ -->\n<title>TRUUSK Luftavfuktare - 4,5 Liters Tank - 24-timmars Timer - LED-display - Vit - TRUUSK - Hem, Tr\u00e4dg\u00e5rd &amp; Fritid<\/title>\n<meta name=\"robots\" content=\"index, follow, max-snippet:-1, max-image-preview:large, max-video-preview:-1\" \/>\n<link rel=\"canonical\" href=\"https:\/\/truusk.store\/sv\/produkt\/truusk-luftavfuktare-45-liters-tank-24-timmars-timer-led-display-vit\/\" \/>\n<meta property=\"og:locale\" content=\"sv_SE\" \/>\n<meta property=\"og:type\" content=\"article\" \/>\n<meta property=\"og:title\" content=\"TRUUSK Luftavfuktare - 4,5 Liters Tank - 24-timmars Timer - LED-display - Vit - TRUUSK - Hem, Tr\u00e4dg\u00e5rd &amp; Fritid\" \/>\n<meta property=\"og:description\" content=\"Lider du av fuktig och kvav luft efter regndagar? Ih\u00e5llande fukt och h\u00f6gljudda apparater kan p\u00e5verka din familjs v\u00e4lbefinnande, s\u00e4rskilt...\" \/>\n<meta property=\"og:url\" content=\"https:\/\/truusk.store\/sv\/produkt\/truusk-luftavfuktare-45-liters-tank-24-timmars-timer-led-display-vit\/\" \/>\n<meta property=\"og:site_name\" content=\"TRUUSK - Hem, Tr\u00e4dg\u00e5rd &amp; Fritid\" \/>\n<meta property=\"article:modified_time\" content=\"2026-03-12T07:48:27+00:00\" \/>\n<meta property=\"og:image\" content=\"https:\/\/i0.wp.com\/truusk.se\/wp-content\/uploads\/2025\/10\/luftavfuktare-45-liters-tank-24-timmars-timer-led-display-plast-vit-1.webp?fit=2000%2C2000&ssl=1\" \/>\n\t<meta property=\"og:image:width\" content=\"2000\" \/>\n\t<meta property=\"og:image:height\" content=\"2000\" \/>\n\t<meta property=\"og:image:type\" content=\"image\/webp\" \/>\n<meta name=\"twitter:card\" content=\"summary_large_image\" \/>\n<meta name=\"twitter:label1\" content=\"Ber\u00e4knad l\u00e4stid\" \/>\n\t<meta name=\"twitter:data1\" content=\"1 minut\" \/>\n<!-- \/ Yoast SEO plugin. -->","yoast_head_json":{"title":"TRUUSK Luftavfuktare - 4,5 Liters Tank - 24-timmars Timer - LED-display - Vit - TRUUSK - Hem, Tr\u00e4dg\u00e5rd &amp; Fritid","robots":{"index":"index","follow":"follow","max-snippet":"max-snippet:-1","max-image-preview":"max-image-preview:large","max-video-preview":"max-video-preview:-1"},"canonical":"https:\/\/truusk.store\/sv\/produkt\/truusk-luftavfuktare-45-liters-tank-24-timmars-timer-led-display-vit\/","og_locale":"sv_SE","og_type":"article","og_title":"TRUUSK Luftavfuktare - 4,5 Liters Tank - 24-timmars Timer - LED-display - Vit - TRUUSK - Hem, Tr\u00e4dg\u00e5rd &amp; Fritid","og_description":"Lider du av fuktig och kvav luft efter regndagar? Ih\u00e5llande fukt och h\u00f6gljudda apparater kan p\u00e5verka din familjs v\u00e4lbefinnande, s\u00e4rskilt...","og_url":"https:\/\/truusk.store\/sv\/produkt\/truusk-luftavfuktare-45-liters-tank-24-timmars-timer-led-display-vit\/","og_site_name":"TRUUSK - Hem, Tr\u00e4dg\u00e5rd &amp; Fritid","article_modified_time":"2026-03-12T07:48:27+00:00","og_image":[{"width":2000,"height":2000,"url":"https:\/\/i0.wp.com\/truusk.se\/wp-content\/uploads\/2025\/10\/luftavfuktare-45-liters-tank-24-timmars-timer-led-display-plast-vit-1.webp?fit=2000%2C2000&ssl=1","type":"image\/webp"}],"twitter_card":"summary_large_image","twitter_misc":{"Ber\u00e4knad l\u00e4stid":"1 minut"},"schema":{"@context":"https:\/\/schema.org","@graph":[{"@type":"WebPage","@id":"https:\/\/truusk.store\/sv\/produkt\/truusk-luftavfuktare-45-liters-tank-24-timmars-timer-led-display-vit\/","url":"https:\/\/truusk.store\/sv\/produkt\/truusk-luftavfuktare-45-liters-tank-24-timmars-timer-led-display-vit\/","name":"TRUUSK Luftavfuktare - 4,5 Liters Tank - 24-timmars Timer - LED-display - Vit - TRUUSK - Hem, Tr\u00e4dg\u00e5rd &amp; Fritid","isPartOf":{"@id":"https:\/\/truusk.store\/sv\/#website"},"primaryImageOfPage":{"@id":"https:\/\/truusk.store\/sv\/produkt\/truusk-luftavfuktare-45-liters-tank-24-timmars-timer-led-display-vit\/#primaryimage"},"image":{"@id":"https:\/\/truusk.store\/sv\/produkt\/truusk-luftavfuktare-45-liters-tank-24-timmars-timer-led-display-vit\/#primaryimage"},"thumbnailUrl":"https:\/\/i0.wp.com\/truusk.store\/wp-content\/uploads\/2025\/10\/luftavfuktare-45-liters-tank-24-timmars-timer-led-display-plast-vit-1.webp?fit=2000%2C2000&ssl=1","datePublished":"2025-10-09T12:11:50+00:00","dateModified":"2026-03-12T07:48:27+00:00","breadcrumb":{"@id":"https:\/\/truusk.store\/sv\/produkt\/truusk-luftavfuktare-45-liters-tank-24-timmars-timer-led-display-vit\/#breadcrumb"},"inLanguage":"sv-SE","potentialAction":[{"@type":"ReadAction","target":["https:\/\/truusk.store\/sv\/produkt\/truusk-luftavfuktare-45-liters-tank-24-timmars-timer-led-display-vit\/"]}]},{"@type":"ImageObject","inLanguage":"sv-SE","@id":"https:\/\/truusk.store\/sv\/produkt\/truusk-luftavfuktare-45-liters-tank-24-timmars-timer-led-display-vit\/#primaryimage","url":"https:\/\/i0.wp.com\/truusk.store\/wp-content\/uploads\/2025\/10\/luftavfuktare-45-liters-tank-24-timmars-timer-led-display-plast-vit-1.webp?fit=2000%2C2000&ssl=1","contentUrl":"https:\/\/i0.wp.com\/truusk.store\/wp-content\/uploads\/2025\/10\/luftavfuktare-45-liters-tank-24-timmars-timer-led-display-plast-vit-1.webp?fit=2000%2C2000&ssl=1","width":2000,"height":2000},{"@type":"BreadcrumbList","@id":"https:\/\/truusk.store\/sv\/produkt\/truusk-luftavfuktare-45-liters-tank-24-timmars-timer-led-display-vit\/#breadcrumb","itemListElement":[{"@type":"ListItem","position":1,"name":"Home","item":"https:\/\/truusk.store\/sv\/"},{"@type":"ListItem","position":2,"name":"Shop","item":"https:\/\/truusk.store\/shop\/"},{"@type":"ListItem","position":3,"name":"TRUUSK Luftavfuktare &#8211; 4,5 Liters Tank &#8211; 24-timmars Timer &#8211; LED-display &#8211; Vit"}]},{"@type":"WebSite","@id":"https:\/\/truusk.store\/sv\/#website","url":"https:\/\/truusk.store\/sv\/","name":"TRUUSK - Hem, Tr\u00e4dg\u00e5rd & Fritid","description":"","publisher":{"@id":"https:\/\/truusk.store\/sv\/#organization"},"potentialAction":[{"@type":"SearchAction","target":{"@type":"EntryPoint","urlTemplate":"https:\/\/truusk.store\/sv\/?s={search_term_string}"},"query-input":{"@type":"PropertyValueSpecification","valueRequired":true,"valueName":"search_term_string"}}],"inLanguage":"sv-SE"},{"@type":"Organization","@id":"https:\/\/truusk.store\/sv\/#organization","name":"TRUUSK - Hem, Tr\u00e4dg\u00e5rd & Fritid","url":"https:\/\/truusk.store\/sv\/","logo":{"@type":"ImageObject","inLanguage":"sv-SE","@id":"https:\/\/truusk.store\/sv\/#\/schema\/logo\/image\/","url":"https:\/\/i0.wp.com\/truusk.store\/wp-content\/uploads\/2026\/03\/cropped-TRUUSK.png?fit=2032%2C917&ssl=1","contentUrl":"https:\/\/i0.wp.com\/truusk.store\/wp-content\/uploads\/2026\/03\/cropped-TRUUSK.png?fit=2032%2C917&ssl=1","width":2032,"height":917,"caption":"TRUUSK - Hem, Tr\u00e4dg\u00e5rd & Fritid"},"image":{"@id":"https:\/\/truusk.store\/sv\/#\/schema\/logo\/image\/"}}]}},"jetpack_sharing_enabled":true,"_links":{"self":[{"href":"https:\/\/truusk.store\/sv\/wp-json\/wp\/v2\/product\/92906","targetHints":{"allow":["GET"]}}],"collection":[{"href":"https:\/\/truusk.store\/sv\/wp-json\/wp\/v2\/product"}],"about":[{"href":"https:\/\/truusk.store\/sv\/wp-json\/wp\/v2\/types\/product"}],"wp:featuredmedia":[{"embeddable":true,"href":"https:\/\/truusk.store\/sv\/wp-json\/wp\/v2\/media\/92895"}],"wp:attachment":[{"href":"https:\/\/truusk.store\/sv\/wp-json\/wp\/v2\/media?parent=92906"}],"wp:term":[{"taxonomy":"product_brand","embeddable":true,"href":"https:\/\/truusk.store\/sv\/wp-json\/wp\/v2\/product_brand?post=92906"},{"taxonomy":"product_cat","embeddable":true,"href":"https:\/\/truusk.store\/sv\/wp-json\/wp\/v2\/product_cat?post=92906"},{"taxonomy":"product_tag","embeddable":true,"href":"https:\/\/truusk.store\/sv\/wp-json\/wp\/v2\/product_tag?post=92906"}],"curies":[{"name":"wp","href":"https:\/\/api.w.org\/{rel}","templated":true}]}}