{"id":92934,"date":"2025-10-09T13:14:42","date_gmt":"2025-10-09T12:14:42","guid":{"rendered":"https:\/\/truusk.store\/product\/skrivbordslampa-justerbar-ljusstyrka-och-farg-metallklamma-96-led-lampor-svart\/"},"modified":"2026-03-12T08:48:31","modified_gmt":"2026-03-12T07:48:31","slug":"truusk-skrivbordslampa-justerbar-ljusstyrka-och-farg-metallklamma-96-led-lampor-svart","status":"publish","type":"product","link":"https:\/\/truusk.store\/sv\/produkt\/truusk-skrivbordslampa-justerbar-ljusstyrka-och-farg-metallklamma-96-led-lampor-svart\/","title":{"rendered":"TRUUSK Skrivbordslampa &#8211; Justerbar Ljusstyrka Och F\u00e4rg &#8211; Metallkl\u00e4mma &#8211; 96 LED-lampor &#8211; Svart"},"content":{"rendered":"<p>Sluta anstr\u00e4nga dig med ett \u00f6verbelastat skrivbord och otillr\u00e4cklig belysning. TRUUSK skrivbordslampan med s\u00e4ker kl\u00e4mma och en 1,2 meter arm lyser upp hela ditt setup. Justera enkelt ljusstyrkan och f\u00e4rgtemperaturen med touch, perfekt f\u00f6r alla aktiviteter. F\u00f6rvandla ditt skrivbord till en oas av ordning och flexibel produktivitet.<\/p>\n<p>Beskrivning:<\/p>\n<ul>\n<li> Justera ljusstyrka och f\u00e4rg (2700K-6500K) f\u00f6r optimal \u00f6gonkomfort och koncentration<\/li>\n<li> Den extra l\u00e5nga sv\u00e4ngarmen p\u00e5 nattbordslampan belyser l\u00e4tt stora skrivbord och dubbla sk\u00e4rmar<\/li>\n<li> Tre flexibla leder ger exakt, d\u00f6dvinkel-fri belysning f\u00f6r alla detaljarbeten<\/li>\n<li> Stark metallkl\u00e4mma p\u00e5 skrivbordslampan passar p\u00e5 skrivbord upp till 7 cm, f\u00f6r att maximera ditt v\u00e4rdefulla arbetsutrymme<\/li>\n<li> Bred 27 cm huvud med 96 LED-lampor ger mjukt, flimmerfritt ljus som \u00e4r skonsamt f\u00f6r \u00f6gonen<\/li>\n<li> Konstruktionen av slank aluminiumlegering l\u00e4gger till en modern, minimalistisk touch till din inredning<\/li>\n<li> Ingen montering kr\u00e4vs<\/li>\n<\/ul>\n<p> Tekniska data:<\/p>\n<ul>\n<li> F\u00e4rg: Svart<\/li>\n<li> Material: Aluminium, Plast<\/li>\n<li> Totala dimensioner: 121,5L x 3,8B x 5,5H cm<\/li>\n<li> Lampsk\u00e4rmstorlek: 27L x 1,52B cm<\/li>\n<li> Lampfotsstorlek: 8,5L x 3,81B x 5,47H cm<\/li>\n<li> Ljusk\u00e4lla: 2700K-6500K, 300lm, 10W<\/li>\n<li> Adaptering\u00e5ng: AC 220-240V 50\/60Hz<\/li>\n<li> Adapterutg\u00e5ng: DC 12V, 1,0A MAX, 12W MAX<\/li>\n<li> Kabell\u00e4ngd f\u00f6r adapter: 1,5 m<\/li>\n<li> Kl\u00e4mm\u00f6ppning: 7 cm<\/li>\n<\/ul>\n<p>Leveransinneh\u00e5ll:<\/p>\n<ul>\n<li> 1 x Skrivbordslampa<\/li>\n<li> 1 x N\u00e4tdel<\/li>\n<li> 1 x Anv\u00e4ndarmanual<\/li>\n<\/ul>\n","protected":false},"excerpt":{"rendered":"<p>Sluta anstr\u00e4nga dig med ett \u00f6verbelastat skrivbord och otillr\u00e4cklig belysning. TRUUSK skrivbordslampan med s\u00e4ker kl\u00e4mma och en 1,2 meter arm&#8230;<\/p>\n","protected":false},"featured_media":92925,"template":"","meta":[],"product_brand":[],"product_cat":[486,960,871],"product_tag":[],"class_list":{"0":"post-92934","1":"product","2":"type-product","3":"status-publish","4":"has-post-thumbnail","6":"product_cat-belysning","7":"product_cat-bordlampor","8":"product_cat-hus-hem","10":"first","11":"instock","12":"sale","13":"taxable","14":"shipping-taxable","15":"purchasable","16":"product-type-simple"},"yoast_head":"<!-- This site is optimized with the Yoast SEO plugin v25.4 - https:\/\/yoast.com\/wordpress\/plugins\/seo\/ -->\n<title>TRUUSK Skrivbordslampa - Justerbar Ljusstyrka Och F\u00e4rg - Metallkl\u00e4mma - 96 LED-lampor - Svart - TRUUSK - Hem, Tr\u00e4dg\u00e5rd &amp; Fritid<\/title>\n<meta name=\"robots\" content=\"index, follow, max-snippet:-1, max-image-preview:large, max-video-preview:-1\" \/>\n<link rel=\"canonical\" href=\"https:\/\/truusk.store\/sv\/produkt\/truusk-skrivbordslampa-justerbar-ljusstyrka-och-farg-metallklamma-96-led-lampor-svart\/\" \/>\n<meta property=\"og:locale\" content=\"sv_SE\" \/>\n<meta property=\"og:type\" content=\"article\" \/>\n<meta property=\"og:title\" content=\"TRUUSK Skrivbordslampa - Justerbar Ljusstyrka Och F\u00e4rg - Metallkl\u00e4mma - 96 LED-lampor - Svart - TRUUSK - Hem, Tr\u00e4dg\u00e5rd &amp; Fritid\" \/>\n<meta property=\"og:description\" content=\"Sluta anstr\u00e4nga dig med ett \u00f6verbelastat skrivbord och otillr\u00e4cklig belysning. TRUUSK skrivbordslampan med s\u00e4ker kl\u00e4mma och en 1,2 meter arm...\" \/>\n<meta property=\"og:url\" content=\"https:\/\/truusk.store\/sv\/produkt\/truusk-skrivbordslampa-justerbar-ljusstyrka-och-farg-metallklamma-96-led-lampor-svart\/\" \/>\n<meta property=\"og:site_name\" content=\"TRUUSK - Hem, Tr\u00e4dg\u00e5rd &amp; Fritid\" \/>\n<meta property=\"article:modified_time\" content=\"2026-03-12T07:48:31+00:00\" \/>\n<meta property=\"og:image\" content=\"https:\/\/i0.wp.com\/truusk.se\/wp-content\/uploads\/2025\/10\/skrivbordslampa-justerbar-ljusstyrka-och-farg-metallklamma-96-led-lampor-svart-1.webp?fit=2000%2C2000&ssl=1\" \/>\n\t<meta property=\"og:image:width\" content=\"2000\" \/>\n\t<meta property=\"og:image:height\" content=\"2000\" \/>\n\t<meta property=\"og:image:type\" content=\"image\/webp\" \/>\n<meta name=\"twitter:card\" content=\"summary_large_image\" \/>\n<meta name=\"twitter:label1\" content=\"Ber\u00e4knad l\u00e4stid\" \/>\n\t<meta name=\"twitter:data1\" content=\"1 minut\" \/>\n<!-- \/ Yoast SEO plugin. -->","yoast_head_json":{"title":"TRUUSK Skrivbordslampa - Justerbar Ljusstyrka Och F\u00e4rg - Metallkl\u00e4mma - 96 LED-lampor - Svart - TRUUSK - Hem, Tr\u00e4dg\u00e5rd &amp; Fritid","robots":{"index":"index","follow":"follow","max-snippet":"max-snippet:-1","max-image-preview":"max-image-preview:large","max-video-preview":"max-video-preview:-1"},"canonical":"https:\/\/truusk.store\/sv\/produkt\/truusk-skrivbordslampa-justerbar-ljusstyrka-och-farg-metallklamma-96-led-lampor-svart\/","og_locale":"sv_SE","og_type":"article","og_title":"TRUUSK Skrivbordslampa - Justerbar Ljusstyrka Och F\u00e4rg - Metallkl\u00e4mma - 96 LED-lampor - Svart - TRUUSK - Hem, Tr\u00e4dg\u00e5rd &amp; Fritid","og_description":"Sluta anstr\u00e4nga dig med ett \u00f6verbelastat skrivbord och otillr\u00e4cklig belysning. TRUUSK skrivbordslampan med s\u00e4ker kl\u00e4mma och en 1,2 meter arm...","og_url":"https:\/\/truusk.store\/sv\/produkt\/truusk-skrivbordslampa-justerbar-ljusstyrka-och-farg-metallklamma-96-led-lampor-svart\/","og_site_name":"TRUUSK - Hem, Tr\u00e4dg\u00e5rd &amp; Fritid","article_modified_time":"2026-03-12T07:48:31+00:00","og_image":[{"width":2000,"height":2000,"url":"https:\/\/i0.wp.com\/truusk.se\/wp-content\/uploads\/2025\/10\/skrivbordslampa-justerbar-ljusstyrka-och-farg-metallklamma-96-led-lampor-svart-1.webp?fit=2000%2C2000&ssl=1","type":"image\/webp"}],"twitter_card":"summary_large_image","twitter_misc":{"Ber\u00e4knad l\u00e4stid":"1 minut"},"schema":{"@context":"https:\/\/schema.org","@graph":[{"@type":"WebPage","@id":"https:\/\/truusk.store\/sv\/produkt\/truusk-skrivbordslampa-justerbar-ljusstyrka-och-farg-metallklamma-96-led-lampor-svart\/","url":"https:\/\/truusk.store\/sv\/produkt\/truusk-skrivbordslampa-justerbar-ljusstyrka-och-farg-metallklamma-96-led-lampor-svart\/","name":"TRUUSK Skrivbordslampa - Justerbar Ljusstyrka Och F\u00e4rg - Metallkl\u00e4mma - 96 LED-lampor - Svart - TRUUSK - Hem, Tr\u00e4dg\u00e5rd &amp; Fritid","isPartOf":{"@id":"https:\/\/truusk.store\/sv\/#website"},"primaryImageOfPage":{"@id":"https:\/\/truusk.store\/sv\/produkt\/truusk-skrivbordslampa-justerbar-ljusstyrka-och-farg-metallklamma-96-led-lampor-svart\/#primaryimage"},"image":{"@id":"https:\/\/truusk.store\/sv\/produkt\/truusk-skrivbordslampa-justerbar-ljusstyrka-och-farg-metallklamma-96-led-lampor-svart\/#primaryimage"},"thumbnailUrl":"https:\/\/i0.wp.com\/truusk.store\/wp-content\/uploads\/2025\/10\/skrivbordslampa-justerbar-ljusstyrka-och-farg-metallklamma-96-led-lampor-svart-1.webp?fit=2000%2C2000&ssl=1","datePublished":"2025-10-09T12:14:42+00:00","dateModified":"2026-03-12T07:48:31+00:00","breadcrumb":{"@id":"https:\/\/truusk.store\/sv\/produkt\/truusk-skrivbordslampa-justerbar-ljusstyrka-och-farg-metallklamma-96-led-lampor-svart\/#breadcrumb"},"inLanguage":"sv-SE","potentialAction":[{"@type":"ReadAction","target":["https:\/\/truusk.store\/sv\/produkt\/truusk-skrivbordslampa-justerbar-ljusstyrka-och-farg-metallklamma-96-led-lampor-svart\/"]}]},{"@type":"ImageObject","inLanguage":"sv-SE","@id":"https:\/\/truusk.store\/sv\/produkt\/truusk-skrivbordslampa-justerbar-ljusstyrka-och-farg-metallklamma-96-led-lampor-svart\/#primaryimage","url":"https:\/\/i0.wp.com\/truusk.store\/wp-content\/uploads\/2025\/10\/skrivbordslampa-justerbar-ljusstyrka-och-farg-metallklamma-96-led-lampor-svart-1.webp?fit=2000%2C2000&ssl=1","contentUrl":"https:\/\/i0.wp.com\/truusk.store\/wp-content\/uploads\/2025\/10\/skrivbordslampa-justerbar-ljusstyrka-och-farg-metallklamma-96-led-lampor-svart-1.webp?fit=2000%2C2000&ssl=1","width":2000,"height":2000},{"@type":"BreadcrumbList","@id":"https:\/\/truusk.store\/sv\/produkt\/truusk-skrivbordslampa-justerbar-ljusstyrka-och-farg-metallklamma-96-led-lampor-svart\/#breadcrumb","itemListElement":[{"@type":"ListItem","position":1,"name":"Home","item":"https:\/\/truusk.store\/sv\/"},{"@type":"ListItem","position":2,"name":"Shop","item":"https:\/\/truusk.store\/shop\/"},{"@type":"ListItem","position":3,"name":"TRUUSK Skrivbordslampa &#8211; Justerbar Ljusstyrka Och F\u00e4rg &#8211; Metallkl\u00e4mma &#8211; 96 LED-lampor &#8211; Svart"}]},{"@type":"WebSite","@id":"https:\/\/truusk.store\/sv\/#website","url":"https:\/\/truusk.store\/sv\/","name":"TRUUSK - Hem, Tr\u00e4dg\u00e5rd & Fritid","description":"","publisher":{"@id":"https:\/\/truusk.store\/sv\/#organization"},"potentialAction":[{"@type":"SearchAction","target":{"@type":"EntryPoint","urlTemplate":"https:\/\/truusk.store\/sv\/?s={search_term_string}"},"query-input":{"@type":"PropertyValueSpecification","valueRequired":true,"valueName":"search_term_string"}}],"inLanguage":"sv-SE"},{"@type":"Organization","@id":"https:\/\/truusk.store\/sv\/#organization","name":"TRUUSK - Hem, Tr\u00e4dg\u00e5rd & Fritid","url":"https:\/\/truusk.store\/sv\/","logo":{"@type":"ImageObject","inLanguage":"sv-SE","@id":"https:\/\/truusk.store\/sv\/#\/schema\/logo\/image\/","url":"https:\/\/i0.wp.com\/truusk.store\/wp-content\/uploads\/2026\/03\/cropped-TRUUSK.png?fit=2032%2C917&ssl=1","contentUrl":"https:\/\/i0.wp.com\/truusk.store\/wp-content\/uploads\/2026\/03\/cropped-TRUUSK.png?fit=2032%2C917&ssl=1","width":2032,"height":917,"caption":"TRUUSK - Hem, Tr\u00e4dg\u00e5rd & Fritid"},"image":{"@id":"https:\/\/truusk.store\/sv\/#\/schema\/logo\/image\/"}}]}},"jetpack_sharing_enabled":true,"_links":{"self":[{"href":"https:\/\/truusk.store\/sv\/wp-json\/wp\/v2\/product\/92934","targetHints":{"allow":["GET"]}}],"collection":[{"href":"https:\/\/truusk.store\/sv\/wp-json\/wp\/v2\/product"}],"about":[{"href":"https:\/\/truusk.store\/sv\/wp-json\/wp\/v2\/types\/product"}],"wp:featuredmedia":[{"embeddable":true,"href":"https:\/\/truusk.store\/sv\/wp-json\/wp\/v2\/media\/92925"}],"wp:attachment":[{"href":"https:\/\/truusk.store\/sv\/wp-json\/wp\/v2\/media?parent=92934"}],"wp:term":[{"taxonomy":"product_brand","embeddable":true,"href":"https:\/\/truusk.store\/sv\/wp-json\/wp\/v2\/product_brand?post=92934"},{"taxonomy":"product_cat","embeddable":true,"href":"https:\/\/truusk.store\/sv\/wp-json\/wp\/v2\/product_cat?post=92934"},{"taxonomy":"product_tag","embeddable":true,"href":"https:\/\/truusk.store\/sv\/wp-json\/wp\/v2\/product_tag?post=92934"}],"curies":[{"name":"wp","href":"https:\/\/api.w.org\/{rel}","templated":true}]}}