{"id":92954,"date":"2025-10-09T13:16:48","date_gmt":"2025-10-09T12:16:48","guid":{"rendered":"https:\/\/truusk.store\/product\/fristaende-vinkyl-16-flaskor-for-hemmabaren-vardagsrum-kok-touchscreen-glasdorr-led-belysning\/"},"modified":"2026-03-12T08:48:34","modified_gmt":"2026-03-12T07:48:34","slug":"truusk-fristaende-vinkyl-16-flaskor-for-hemmabaren-touchscreen-glasdorr-led-belysning","status":"publish","type":"product","link":"https:\/\/truusk.store\/sv\/produkt\/truusk-fristaende-vinkyl-16-flaskor-for-hemmabaren-touchscreen-glasdorr-led-belysning\/","title":{"rendered":"TRUUSK Frist\u00e5ende Vinkyl &#8211; 16 Flaskor &#8211; F\u00f6r Hemmabaren &#8211; Touchscreen &#8211; Glasd\u00f6rr &#8211; LED-belysning"},"content":{"rendered":"<p>S\u00e4g adj\u00f6 till r\u00f6riga arbetsytor och fel tempererade viner: TRUUSK vin kylsk\u00e5p kyler dina favorit r\u00f6da, vita viner eller \u00f6l exakt och effektivt. Tack vare UV-skyddsglasd\u00f6rren \u00e4r dina flaskor skyddade fr\u00e5n ljus och den tysta driften s\u00e4kerst\u00e4ller st\u00f6rningsfria kv\u00e4llar. Trots sin kompakthet rymmer den upp till 16 flaskor och \u00e4r utrustad med uttagbara hyllor, vilket g\u00f6r den till ett elegant, anv\u00e4ndbart tillskott till k\u00f6ket, vardagsrummet eller hemmabaren.<\/p>\n<p>Beskrivning:<\/p>\n<ul>\n<li> Avancerad kompressor erbjuder en temperaturintervall p\u00e5 5-18\u2103 och bevarar s\u00e5ledes varje vins unika smak<\/li>\n<li> Kompakt design rymmer upp till 16 flaskor, l\u00e4mplig f\u00f6r diskar eller barer<\/li>\n<li> Uttagbara hyllor och bl\u00e5 LED-belysning av vinkylsk\u00e5pet erbjuder flexibel lagring och elegant presentation<\/li>\n<li> Dubbelglasd\u00f6rren blockerar UV-str\u00e5lar och skyddar din v\u00e4rdefulla vinsamling<\/li>\n<li> Intuitivt pekpanel med LED-display m\u00f6jligg\u00f6r enkel kontroll av temperatur och ljus<\/li>\n<li> Justerbara fotdynor p\u00e5 vinkylsk\u00e5pet stabiliserar enheten p\u00e5 oj\u00e4mna ytor<\/li>\n<li> Bakre uppsamlingsbricka med avloppsh\u00e5l samlar kondensvatten f\u00f6r enkel reng\u00f6ring<\/li>\n<\/ul>\n<p> Tekniska data:<\/p>\n<ul>\n<li> F\u00e4rg: Svart<\/li>\n<li> Material: St\u00e5l, tr\u00e5dhylla, h\u00e4rdat glas<\/li>\n<li> Totala dimensioner: 43B x 45T x 56,5H cm<\/li>\n<li> D\u00f6rrstorlek: 43B x 4T x 53H cm<\/li>\n<li> Inre kapacitet: 42 L<\/li>\n<li> Hyllbelastningskapacitet: 10 kg<\/li>\n<li> Ljudniv\u00e5: 41 dB<\/li>\n<li> Kabell\u00e4ngd: 1,7 m<\/li>\n<li> Sp\u00e4nning\/Frekvens: AC 220-240V 50Hz<\/li>\n<li> Nominell str\u00f6m: 0,5A<\/li>\n<li> Nominell effekt: 50W<\/li>\n<li> Energif\u00f6rbrukning: 133 kWh\/\u00e5r<\/li>\n<li> Temperaturomr\u00e5de: 5-18\u2103\/41-64\u2109<\/li>\n<li> Kylmedel: R600a<\/li>\n<li> Flaskkapacitet: 16 flaskor (Standard 750 ml, \u00d87 cm x 31,5H cm)<\/li>\n<li> Energiklass: G<\/li>\n<\/ul>\n<p>Leveransinneh\u00e5ll:<\/p>\n<ul>\n<li> 1 x Vinkylsk\u00e5p<\/li>\n<li> 1 x Bruksanvisning<\/li>\n<\/ul>\n","protected":false},"excerpt":{"rendered":"<p>S\u00e4g adj\u00f6 till r\u00f6riga arbetsytor och fel tempererade viner: TRUUSK vin kylsk\u00e5p kyler dina favorit r\u00f6da, vita viner eller \u00f6l&#8230;<\/p>\n","protected":false},"featured_media":92945,"template":"","meta":[],"product_brand":[],"product_cat":[871,889,954],"product_tag":[],"class_list":{"0":"post-92954","1":"product","2":"type-product","3":"status-publish","4":"has-post-thumbnail","6":"product_cat-hus-hem","7":"product_cat-kok-matsal","8":"product_cat-vinhyllor","10":"first","11":"instock","12":"sale","13":"taxable","14":"shipping-taxable","15":"purchasable","16":"product-type-simple"},"yoast_head":"<!-- This site is optimized with the Yoast SEO plugin v25.4 - https:\/\/yoast.com\/wordpress\/plugins\/seo\/ -->\n<title>TRUUSK Frist\u00e5ende Vinkyl - 16 Flaskor - F\u00f6r Hemmabaren - Touchscreen - Glasd\u00f6rr - LED-belysning - TRUUSK - Hem, Tr\u00e4dg\u00e5rd &amp; Fritid<\/title>\n<meta name=\"robots\" content=\"index, follow, max-snippet:-1, max-image-preview:large, max-video-preview:-1\" \/>\n<link rel=\"canonical\" href=\"https:\/\/truusk.store\/sv\/produkt\/truusk-fristaende-vinkyl-16-flaskor-for-hemmabaren-touchscreen-glasdorr-led-belysning\/\" \/>\n<meta property=\"og:locale\" content=\"sv_SE\" \/>\n<meta property=\"og:type\" content=\"article\" \/>\n<meta property=\"og:title\" content=\"TRUUSK Frist\u00e5ende Vinkyl - 16 Flaskor - F\u00f6r Hemmabaren - Touchscreen - Glasd\u00f6rr - LED-belysning - TRUUSK - Hem, Tr\u00e4dg\u00e5rd &amp; Fritid\" \/>\n<meta property=\"og:description\" content=\"S\u00e4g adj\u00f6 till r\u00f6riga arbetsytor och fel tempererade viner: TRUUSK vin kylsk\u00e5p kyler dina favorit r\u00f6da, vita viner eller \u00f6l...\" \/>\n<meta property=\"og:url\" content=\"https:\/\/truusk.store\/sv\/produkt\/truusk-fristaende-vinkyl-16-flaskor-for-hemmabaren-touchscreen-glasdorr-led-belysning\/\" \/>\n<meta property=\"og:site_name\" content=\"TRUUSK - Hem, Tr\u00e4dg\u00e5rd &amp; Fritid\" \/>\n<meta property=\"article:modified_time\" content=\"2026-03-12T07:48:34+00:00\" \/>\n<meta property=\"og:image\" content=\"https:\/\/i0.wp.com\/truusk.se\/wp-content\/uploads\/2025\/10\/fristaende-vinkyl-16-flaskor-for-hemmabaren-vardagsrum-kok-touchscreen-glasdorr-led-belysning-1.webp?fit=2000%2C2000&ssl=1\" \/>\n\t<meta property=\"og:image:width\" content=\"2000\" \/>\n\t<meta property=\"og:image:height\" content=\"2000\" \/>\n\t<meta property=\"og:image:type\" content=\"image\/webp\" \/>\n<meta name=\"twitter:card\" content=\"summary_large_image\" \/>\n<meta name=\"twitter:label1\" content=\"Ber\u00e4knad l\u00e4stid\" \/>\n\t<meta name=\"twitter:data1\" content=\"1 minut\" \/>\n<!-- \/ Yoast SEO plugin. -->","yoast_head_json":{"title":"TRUUSK Frist\u00e5ende Vinkyl - 16 Flaskor - F\u00f6r Hemmabaren - Touchscreen - Glasd\u00f6rr - LED-belysning - TRUUSK - Hem, Tr\u00e4dg\u00e5rd &amp; Fritid","robots":{"index":"index","follow":"follow","max-snippet":"max-snippet:-1","max-image-preview":"max-image-preview:large","max-video-preview":"max-video-preview:-1"},"canonical":"https:\/\/truusk.store\/sv\/produkt\/truusk-fristaende-vinkyl-16-flaskor-for-hemmabaren-touchscreen-glasdorr-led-belysning\/","og_locale":"sv_SE","og_type":"article","og_title":"TRUUSK Frist\u00e5ende Vinkyl - 16 Flaskor - F\u00f6r Hemmabaren - Touchscreen - Glasd\u00f6rr - LED-belysning - TRUUSK - Hem, Tr\u00e4dg\u00e5rd &amp; Fritid","og_description":"S\u00e4g adj\u00f6 till r\u00f6riga arbetsytor och fel tempererade viner: TRUUSK vin kylsk\u00e5p kyler dina favorit r\u00f6da, vita viner eller \u00f6l...","og_url":"https:\/\/truusk.store\/sv\/produkt\/truusk-fristaende-vinkyl-16-flaskor-for-hemmabaren-touchscreen-glasdorr-led-belysning\/","og_site_name":"TRUUSK - Hem, Tr\u00e4dg\u00e5rd &amp; Fritid","article_modified_time":"2026-03-12T07:48:34+00:00","og_image":[{"width":2000,"height":2000,"url":"https:\/\/i0.wp.com\/truusk.se\/wp-content\/uploads\/2025\/10\/fristaende-vinkyl-16-flaskor-for-hemmabaren-vardagsrum-kok-touchscreen-glasdorr-led-belysning-1.webp?fit=2000%2C2000&ssl=1","type":"image\/webp"}],"twitter_card":"summary_large_image","twitter_misc":{"Ber\u00e4knad l\u00e4stid":"1 minut"},"schema":{"@context":"https:\/\/schema.org","@graph":[{"@type":"WebPage","@id":"https:\/\/truusk.store\/sv\/produkt\/truusk-fristaende-vinkyl-16-flaskor-for-hemmabaren-touchscreen-glasdorr-led-belysning\/","url":"https:\/\/truusk.store\/sv\/produkt\/truusk-fristaende-vinkyl-16-flaskor-for-hemmabaren-touchscreen-glasdorr-led-belysning\/","name":"TRUUSK Frist\u00e5ende Vinkyl - 16 Flaskor - F\u00f6r Hemmabaren - Touchscreen - Glasd\u00f6rr - LED-belysning - TRUUSK - Hem, Tr\u00e4dg\u00e5rd &amp; Fritid","isPartOf":{"@id":"https:\/\/truusk.store\/sv\/#website"},"primaryImageOfPage":{"@id":"https:\/\/truusk.store\/sv\/produkt\/truusk-fristaende-vinkyl-16-flaskor-for-hemmabaren-touchscreen-glasdorr-led-belysning\/#primaryimage"},"image":{"@id":"https:\/\/truusk.store\/sv\/produkt\/truusk-fristaende-vinkyl-16-flaskor-for-hemmabaren-touchscreen-glasdorr-led-belysning\/#primaryimage"},"thumbnailUrl":"https:\/\/i0.wp.com\/truusk.store\/wp-content\/uploads\/2025\/10\/fristaende-vinkyl-16-flaskor-for-hemmabaren-vardagsrum-kok-touchscreen-glasdorr-led-belysning-1.webp?fit=2000%2C2000&ssl=1","datePublished":"2025-10-09T12:16:48+00:00","dateModified":"2026-03-12T07:48:34+00:00","breadcrumb":{"@id":"https:\/\/truusk.store\/sv\/produkt\/truusk-fristaende-vinkyl-16-flaskor-for-hemmabaren-touchscreen-glasdorr-led-belysning\/#breadcrumb"},"inLanguage":"sv-SE","potentialAction":[{"@type":"ReadAction","target":["https:\/\/truusk.store\/sv\/produkt\/truusk-fristaende-vinkyl-16-flaskor-for-hemmabaren-touchscreen-glasdorr-led-belysning\/"]}]},{"@type":"ImageObject","inLanguage":"sv-SE","@id":"https:\/\/truusk.store\/sv\/produkt\/truusk-fristaende-vinkyl-16-flaskor-for-hemmabaren-touchscreen-glasdorr-led-belysning\/#primaryimage","url":"https:\/\/i0.wp.com\/truusk.store\/wp-content\/uploads\/2025\/10\/fristaende-vinkyl-16-flaskor-for-hemmabaren-vardagsrum-kok-touchscreen-glasdorr-led-belysning-1.webp?fit=2000%2C2000&ssl=1","contentUrl":"https:\/\/i0.wp.com\/truusk.store\/wp-content\/uploads\/2025\/10\/fristaende-vinkyl-16-flaskor-for-hemmabaren-vardagsrum-kok-touchscreen-glasdorr-led-belysning-1.webp?fit=2000%2C2000&ssl=1","width":2000,"height":2000},{"@type":"BreadcrumbList","@id":"https:\/\/truusk.store\/sv\/produkt\/truusk-fristaende-vinkyl-16-flaskor-for-hemmabaren-touchscreen-glasdorr-led-belysning\/#breadcrumb","itemListElement":[{"@type":"ListItem","position":1,"name":"Home","item":"https:\/\/truusk.store\/sv\/"},{"@type":"ListItem","position":2,"name":"Shop","item":"https:\/\/truusk.store\/shop\/"},{"@type":"ListItem","position":3,"name":"TRUUSK Frist\u00e5ende Vinkyl &#8211; 16 Flaskor &#8211; F\u00f6r Hemmabaren &#8211; Touchscreen &#8211; Glasd\u00f6rr &#8211; LED-belysning"}]},{"@type":"WebSite","@id":"https:\/\/truusk.store\/sv\/#website","url":"https:\/\/truusk.store\/sv\/","name":"TRUUSK - Hem, Tr\u00e4dg\u00e5rd & Fritid","description":"","publisher":{"@id":"https:\/\/truusk.store\/sv\/#organization"},"potentialAction":[{"@type":"SearchAction","target":{"@type":"EntryPoint","urlTemplate":"https:\/\/truusk.store\/sv\/?s={search_term_string}"},"query-input":{"@type":"PropertyValueSpecification","valueRequired":true,"valueName":"search_term_string"}}],"inLanguage":"sv-SE"},{"@type":"Organization","@id":"https:\/\/truusk.store\/sv\/#organization","name":"TRUUSK - Hem, Tr\u00e4dg\u00e5rd & Fritid","url":"https:\/\/truusk.store\/sv\/","logo":{"@type":"ImageObject","inLanguage":"sv-SE","@id":"https:\/\/truusk.store\/sv\/#\/schema\/logo\/image\/","url":"https:\/\/i0.wp.com\/truusk.store\/wp-content\/uploads\/2026\/03\/cropped-TRUUSK.png?fit=2032%2C917&ssl=1","contentUrl":"https:\/\/i0.wp.com\/truusk.store\/wp-content\/uploads\/2026\/03\/cropped-TRUUSK.png?fit=2032%2C917&ssl=1","width":2032,"height":917,"caption":"TRUUSK - Hem, Tr\u00e4dg\u00e5rd & Fritid"},"image":{"@id":"https:\/\/truusk.store\/sv\/#\/schema\/logo\/image\/"}}]}},"jetpack_sharing_enabled":true,"_links":{"self":[{"href":"https:\/\/truusk.store\/sv\/wp-json\/wp\/v2\/product\/92954","targetHints":{"allow":["GET"]}}],"collection":[{"href":"https:\/\/truusk.store\/sv\/wp-json\/wp\/v2\/product"}],"about":[{"href":"https:\/\/truusk.store\/sv\/wp-json\/wp\/v2\/types\/product"}],"wp:featuredmedia":[{"embeddable":true,"href":"https:\/\/truusk.store\/sv\/wp-json\/wp\/v2\/media\/92945"}],"wp:attachment":[{"href":"https:\/\/truusk.store\/sv\/wp-json\/wp\/v2\/media?parent=92954"}],"wp:term":[{"taxonomy":"product_brand","embeddable":true,"href":"https:\/\/truusk.store\/sv\/wp-json\/wp\/v2\/product_brand?post=92954"},{"taxonomy":"product_cat","embeddable":true,"href":"https:\/\/truusk.store\/sv\/wp-json\/wp\/v2\/product_cat?post=92954"},{"taxonomy":"product_tag","embeddable":true,"href":"https:\/\/truusk.store\/sv\/wp-json\/wp\/v2\/product_tag?post=92954"}],"curies":[{"name":"wp","href":"https:\/\/api.w.org\/{rel}","templated":true}]}}