{"id":92984,"date":"2025-10-09T13:19:35","date_gmt":"2025-10-09T12:19:35","guid":{"rendered":"https:\/\/truusk.store\/product\/vaggmonterad-tradgardsslangrulle-automatisk-aterdragning-20-bar-vattentryck-151-m-vattenslang-metall\/"},"modified":"2026-03-12T08:48:40","modified_gmt":"2026-03-12T07:48:40","slug":"truusk-vaggmonterad-tradgardsslangrulle-automatisk-aterdragning-20-bar-vattentryck-151-m-vattenslang-metall","status":"publish","type":"product","link":"https:\/\/truusk.store\/sv\/produkt\/truusk-vaggmonterad-tradgardsslangrulle-automatisk-aterdragning-20-bar-vattentryck-151-m-vattenslang-metall\/","title":{"rendered":"TRUUSK V\u00e4ggmonterad Tr\u00e4dg\u00e5rdsslangrulle &#8211; Automatisk \u00e5terdragning &#8211; 20 Bar Vattentryck &#8211; 15+1 M Vattenslang &#8211; Metall"},"content":{"rendered":"<p>St\u00f6rd av trassliga slangar och instabila spolar som misslyckas? TRUUSK tr\u00e4dg\u00e5rdsslangrullen \u00e4r l\u00f6sningen: En robust metallram och kraftigt 20-bar tryck fr\u00e5n tryckluftsslangrullen hj\u00e4lper till med effektiv reng\u00f6ring av tr\u00e4dg\u00e5rdsredskap, uppfarter och g\u00e5ngv\u00e4gar samt bevattning av v\u00e4xter. En l\u00e4tt dragning r\u00e4cker, och den inf\u00e4llbara slangen kan g\u00f6ra sitt jobb.<\/p>\n<p>Beskrivning:<\/p>\n<ul>\n<li> Har ett automatiskt upprullningssystem som h\u00e5ller din tr\u00e4dg\u00e5rd snygg och s\u00e4ker<\/li>\n<li> Den 15 m flexibla plastslangen p\u00e5 slangrullen \u00e4r knickfri f\u00f6r en smidig, enkel hantering<\/li>\n<li> Uppn\u00e5r ett starkt tryck p\u00e5 20 bar f\u00f6r att enkelt hantera \u00e4ven de tuffaste reng\u00f6ringsuppgifterna<\/li>\n<li> Slangen p\u00e5 tryckluftsslangrullen kan l\u00e5sas vid vilken l\u00e4ngd som helst, vilket ger dig exakt kontroll \u00f6ver arbetet<\/li>\n<li> Byggd med en robust helmetallram som garanterar exceptionell h\u00e5llbarhet och livsl\u00e4ngd<\/li>\n<\/ul>\n<p> Tekniska data:<\/p>\n<ul>\n<li> F\u00e4rg: Svart+R\u00f6d<\/li>\n<li> Material: Metall, Plast<\/li>\n<li> Totala dimensioner: 40,5L x 11,5B x 44H cm<\/li>\n<li> Slangstorlek: 9,5 x 15,8 mm (3\/8&#8243;)<\/li>\n<li> Slangl\u00e4ngd: 15+1 m<\/li>\n<li> Anslutning: 1\/4&#8243; BSPT\/NPT<\/li>\n<li> Driftstryck: 20 bar<\/li>\n<\/ul>\n<p>Leveransinneh\u00e5ll:<\/p>\n<ul>\n<li> 1 x Tr\u00e4dg\u00e5rdsslangrulle<\/li>\n<li> 1 x Manual<\/li>\n<\/ul>\n","protected":false},"excerpt":{"rendered":"<p>St\u00f6rd av trassliga slangar och instabila spolar som misslyckas? TRUUSK tr\u00e4dg\u00e5rdsslangrullen \u00e4r l\u00f6sningen: En robust metallram och kraftigt 20-bar tryck&#8230;<\/p>\n","protected":false},"featured_media":92975,"template":"","meta":[],"product_brand":[],"product_cat":[858,449,443],"product_tag":[],"class_list":{"0":"post-92984","1":"product","2":"type-product","3":"status-publish","4":"has-post-thumbnail","6":"product_cat-tradgard-terrass","7":"product_cat-tradgardsslangar","8":"product_cat-vaxthus-tradgardsskotsel","10":"first","11":"instock","12":"sale","13":"taxable","14":"shipping-taxable","15":"purchasable","16":"product-type-simple"},"yoast_head":"<!-- This site is optimized with the Yoast SEO plugin v25.4 - https:\/\/yoast.com\/wordpress\/plugins\/seo\/ -->\n<title>TRUUSK V\u00e4ggmonterad Tr\u00e4dg\u00e5rdsslangrulle - Automatisk \u00e5terdragning - 20 Bar Vattentryck - 15+1 M Vattenslang - Metall - TRUUSK - Hem, Tr\u00e4dg\u00e5rd &amp; Fritid<\/title>\n<meta name=\"robots\" content=\"index, follow, max-snippet:-1, max-image-preview:large, max-video-preview:-1\" \/>\n<link rel=\"canonical\" href=\"https:\/\/truusk.store\/sv\/produkt\/truusk-vaggmonterad-tradgardsslangrulle-automatisk-aterdragning-20-bar-vattentryck-151-m-vattenslang-metall\/\" \/>\n<meta property=\"og:locale\" content=\"sv_SE\" \/>\n<meta property=\"og:type\" content=\"article\" \/>\n<meta property=\"og:title\" content=\"TRUUSK V\u00e4ggmonterad Tr\u00e4dg\u00e5rdsslangrulle - Automatisk \u00e5terdragning - 20 Bar Vattentryck - 15+1 M Vattenslang - Metall - TRUUSK - Hem, Tr\u00e4dg\u00e5rd &amp; Fritid\" \/>\n<meta property=\"og:description\" content=\"St\u00f6rd av trassliga slangar och instabila spolar som misslyckas? TRUUSK tr\u00e4dg\u00e5rdsslangrullen \u00e4r l\u00f6sningen: En robust metallram och kraftigt 20-bar tryck...\" \/>\n<meta property=\"og:url\" content=\"https:\/\/truusk.store\/sv\/produkt\/truusk-vaggmonterad-tradgardsslangrulle-automatisk-aterdragning-20-bar-vattentryck-151-m-vattenslang-metall\/\" \/>\n<meta property=\"og:site_name\" content=\"TRUUSK - Hem, Tr\u00e4dg\u00e5rd &amp; Fritid\" \/>\n<meta property=\"article:modified_time\" content=\"2026-03-12T07:48:40+00:00\" \/>\n<meta property=\"og:image\" content=\"https:\/\/i0.wp.com\/truusk.se\/wp-content\/uploads\/2025\/10\/vaggmonterad-tradgardsslangrulle-automatisk-aterdragning-20-bar-vattentryck-151-m-vattenslang-metall-1.webp?fit=2000%2C2000&ssl=1\" \/>\n\t<meta property=\"og:image:width\" content=\"2000\" \/>\n\t<meta property=\"og:image:height\" content=\"2000\" \/>\n\t<meta property=\"og:image:type\" content=\"image\/webp\" \/>\n<meta name=\"twitter:card\" content=\"summary_large_image\" \/>\n<meta name=\"twitter:label1\" content=\"Ber\u00e4knad l\u00e4stid\" \/>\n\t<meta name=\"twitter:data1\" content=\"1 minut\" \/>\n<!-- \/ Yoast SEO plugin. -->","yoast_head_json":{"title":"TRUUSK V\u00e4ggmonterad Tr\u00e4dg\u00e5rdsslangrulle - Automatisk \u00e5terdragning - 20 Bar Vattentryck - 15+1 M Vattenslang - Metall - TRUUSK - Hem, Tr\u00e4dg\u00e5rd &amp; Fritid","robots":{"index":"index","follow":"follow","max-snippet":"max-snippet:-1","max-image-preview":"max-image-preview:large","max-video-preview":"max-video-preview:-1"},"canonical":"https:\/\/truusk.store\/sv\/produkt\/truusk-vaggmonterad-tradgardsslangrulle-automatisk-aterdragning-20-bar-vattentryck-151-m-vattenslang-metall\/","og_locale":"sv_SE","og_type":"article","og_title":"TRUUSK V\u00e4ggmonterad Tr\u00e4dg\u00e5rdsslangrulle - Automatisk \u00e5terdragning - 20 Bar Vattentryck - 15+1 M Vattenslang - Metall - TRUUSK - Hem, Tr\u00e4dg\u00e5rd &amp; Fritid","og_description":"St\u00f6rd av trassliga slangar och instabila spolar som misslyckas? TRUUSK tr\u00e4dg\u00e5rdsslangrullen \u00e4r l\u00f6sningen: En robust metallram och kraftigt 20-bar tryck...","og_url":"https:\/\/truusk.store\/sv\/produkt\/truusk-vaggmonterad-tradgardsslangrulle-automatisk-aterdragning-20-bar-vattentryck-151-m-vattenslang-metall\/","og_site_name":"TRUUSK - Hem, Tr\u00e4dg\u00e5rd &amp; Fritid","article_modified_time":"2026-03-12T07:48:40+00:00","og_image":[{"width":2000,"height":2000,"url":"https:\/\/i0.wp.com\/truusk.se\/wp-content\/uploads\/2025\/10\/vaggmonterad-tradgardsslangrulle-automatisk-aterdragning-20-bar-vattentryck-151-m-vattenslang-metall-1.webp?fit=2000%2C2000&ssl=1","type":"image\/webp"}],"twitter_card":"summary_large_image","twitter_misc":{"Ber\u00e4knad l\u00e4stid":"1 minut"},"schema":{"@context":"https:\/\/schema.org","@graph":[{"@type":"WebPage","@id":"https:\/\/truusk.store\/sv\/produkt\/truusk-vaggmonterad-tradgardsslangrulle-automatisk-aterdragning-20-bar-vattentryck-151-m-vattenslang-metall\/","url":"https:\/\/truusk.store\/sv\/produkt\/truusk-vaggmonterad-tradgardsslangrulle-automatisk-aterdragning-20-bar-vattentryck-151-m-vattenslang-metall\/","name":"TRUUSK V\u00e4ggmonterad Tr\u00e4dg\u00e5rdsslangrulle - Automatisk \u00e5terdragning - 20 Bar Vattentryck - 15+1 M Vattenslang - Metall - TRUUSK - Hem, Tr\u00e4dg\u00e5rd &amp; Fritid","isPartOf":{"@id":"https:\/\/truusk.store\/sv\/#website"},"primaryImageOfPage":{"@id":"https:\/\/truusk.store\/sv\/produkt\/truusk-vaggmonterad-tradgardsslangrulle-automatisk-aterdragning-20-bar-vattentryck-151-m-vattenslang-metall\/#primaryimage"},"image":{"@id":"https:\/\/truusk.store\/sv\/produkt\/truusk-vaggmonterad-tradgardsslangrulle-automatisk-aterdragning-20-bar-vattentryck-151-m-vattenslang-metall\/#primaryimage"},"thumbnailUrl":"https:\/\/i0.wp.com\/truusk.store\/wp-content\/uploads\/2025\/10\/vaggmonterad-tradgardsslangrulle-automatisk-aterdragning-20-bar-vattentryck-151-m-vattenslang-metall-1.webp?fit=2000%2C2000&ssl=1","datePublished":"2025-10-09T12:19:35+00:00","dateModified":"2026-03-12T07:48:40+00:00","breadcrumb":{"@id":"https:\/\/truusk.store\/sv\/produkt\/truusk-vaggmonterad-tradgardsslangrulle-automatisk-aterdragning-20-bar-vattentryck-151-m-vattenslang-metall\/#breadcrumb"},"inLanguage":"sv-SE","potentialAction":[{"@type":"ReadAction","target":["https:\/\/truusk.store\/sv\/produkt\/truusk-vaggmonterad-tradgardsslangrulle-automatisk-aterdragning-20-bar-vattentryck-151-m-vattenslang-metall\/"]}]},{"@type":"ImageObject","inLanguage":"sv-SE","@id":"https:\/\/truusk.store\/sv\/produkt\/truusk-vaggmonterad-tradgardsslangrulle-automatisk-aterdragning-20-bar-vattentryck-151-m-vattenslang-metall\/#primaryimage","url":"https:\/\/i0.wp.com\/truusk.store\/wp-content\/uploads\/2025\/10\/vaggmonterad-tradgardsslangrulle-automatisk-aterdragning-20-bar-vattentryck-151-m-vattenslang-metall-1.webp?fit=2000%2C2000&ssl=1","contentUrl":"https:\/\/i0.wp.com\/truusk.store\/wp-content\/uploads\/2025\/10\/vaggmonterad-tradgardsslangrulle-automatisk-aterdragning-20-bar-vattentryck-151-m-vattenslang-metall-1.webp?fit=2000%2C2000&ssl=1","width":2000,"height":2000},{"@type":"BreadcrumbList","@id":"https:\/\/truusk.store\/sv\/produkt\/truusk-vaggmonterad-tradgardsslangrulle-automatisk-aterdragning-20-bar-vattentryck-151-m-vattenslang-metall\/#breadcrumb","itemListElement":[{"@type":"ListItem","position":1,"name":"Home","item":"https:\/\/truusk.store\/sv\/"},{"@type":"ListItem","position":2,"name":"Shop","item":"https:\/\/truusk.store\/shop\/"},{"@type":"ListItem","position":3,"name":"TRUUSK V\u00e4ggmonterad Tr\u00e4dg\u00e5rdsslangrulle &#8211; Automatisk \u00e5terdragning &#8211; 20 Bar Vattentryck &#8211; 15+1 M Vattenslang &#8211; Metall"}]},{"@type":"WebSite","@id":"https:\/\/truusk.store\/sv\/#website","url":"https:\/\/truusk.store\/sv\/","name":"TRUUSK - Hem, Tr\u00e4dg\u00e5rd & Fritid","description":"","publisher":{"@id":"https:\/\/truusk.store\/sv\/#organization"},"potentialAction":[{"@type":"SearchAction","target":{"@type":"EntryPoint","urlTemplate":"https:\/\/truusk.store\/sv\/?s={search_term_string}"},"query-input":{"@type":"PropertyValueSpecification","valueRequired":true,"valueName":"search_term_string"}}],"inLanguage":"sv-SE"},{"@type":"Organization","@id":"https:\/\/truusk.store\/sv\/#organization","name":"TRUUSK - Hem, Tr\u00e4dg\u00e5rd & Fritid","url":"https:\/\/truusk.store\/sv\/","logo":{"@type":"ImageObject","inLanguage":"sv-SE","@id":"https:\/\/truusk.store\/sv\/#\/schema\/logo\/image\/","url":"https:\/\/i0.wp.com\/truusk.store\/wp-content\/uploads\/2026\/03\/cropped-TRUUSK.png?fit=2032%2C917&ssl=1","contentUrl":"https:\/\/i0.wp.com\/truusk.store\/wp-content\/uploads\/2026\/03\/cropped-TRUUSK.png?fit=2032%2C917&ssl=1","width":2032,"height":917,"caption":"TRUUSK - Hem, Tr\u00e4dg\u00e5rd & Fritid"},"image":{"@id":"https:\/\/truusk.store\/sv\/#\/schema\/logo\/image\/"}}]}},"jetpack_sharing_enabled":true,"_links":{"self":[{"href":"https:\/\/truusk.store\/sv\/wp-json\/wp\/v2\/product\/92984","targetHints":{"allow":["GET"]}}],"collection":[{"href":"https:\/\/truusk.store\/sv\/wp-json\/wp\/v2\/product"}],"about":[{"href":"https:\/\/truusk.store\/sv\/wp-json\/wp\/v2\/types\/product"}],"wp:featuredmedia":[{"embeddable":true,"href":"https:\/\/truusk.store\/sv\/wp-json\/wp\/v2\/media\/92975"}],"wp:attachment":[{"href":"https:\/\/truusk.store\/sv\/wp-json\/wp\/v2\/media?parent=92984"}],"wp:term":[{"taxonomy":"product_brand","embeddable":true,"href":"https:\/\/truusk.store\/sv\/wp-json\/wp\/v2\/product_brand?post=92984"},{"taxonomy":"product_cat","embeddable":true,"href":"https:\/\/truusk.store\/sv\/wp-json\/wp\/v2\/product_cat?post=92984"},{"taxonomy":"product_tag","embeddable":true,"href":"https:\/\/truusk.store\/sv\/wp-json\/wp\/v2\/product_tag?post=92984"}],"curies":[{"name":"wp","href":"https:\/\/api.w.org\/{rel}","templated":true}]}}