{"id":92994,"date":"2025-10-09T13:20:30","date_gmt":"2025-10-09T12:20:30","guid":{"rendered":"https:\/\/truusk.store\/product\/aiyaplay-barnkok-leksakskok-med-ugn-diskbank-ljudfunktion-och-tillbehor-present-for-flickor-pojkar-3-6-ar-vit\/"},"modified":"2026-03-12T08:48:41","modified_gmt":"2026-03-12T07:48:41","slug":"truusk-leksakskok-for-barn-med-ugn-diskbank-och-ljudfunktion-for-flickor-och-pojkar-3-6-ar-vit","status":"publish","type":"product","link":"https:\/\/truusk.store\/sv\/produkt\/truusk-leksakskok-for-barn-med-ugn-diskbank-och-ljudfunktion-for-flickor-och-pojkar-3-6-ar-vit\/","title":{"rendered":"TRUUSK Leksaksk\u00f6k f\u00f6r Barn &#8211; Med Ugn, Diskb\u00e4nk och Ljudfunktion &#8211; F\u00f6r Flickor och Pojkar 3-6 \u00e5r &#8211; Vit"},"content":{"rendered":"<p>AIYAPLAY k\u00f6ket f\u00f6r barn skapar en fantasifull tillflyktsort med praktiska fack och krokar f\u00f6r enkel st\u00e4dning. Barnspelk\u00f6ket ger en levande k\u00f6ksupplevelse som stimulerar kreativitet och aktivt spel. F\u00f6rvandla en r\u00f6rig plats till ett strukturerat barnk\u00f6k, d\u00e4r lekfull matlagning och rollspel skapar glada minnen i ett snyggt, tilltalande omr\u00e5de f\u00f6r daglig roligt.<\/p>\n<p>Beskrivning:<\/p>\n<ul>\n<li> V\u00e4ck fantasin med realistiska k\u00f6ksdetaljer f\u00f6r barn<\/li>\n<li> Fr\u00e4mjar rollspel, utveckling av praktiska f\u00e4rdigheter och k\u00e4nslan av familjesamh\u00f6righet<\/li>\n<li> Den barnv\u00e4nliga arbetsytan p\u00e5 lekk\u00f6ket \u00e4r anpassad f\u00f6r barn och fr\u00e4mjar sj\u00e4lvst\u00e4ndighet<\/li>\n<li> Hj\u00e4lper barn att utveckla organisatoriska f\u00e4rdigheter och h\u00e5lla omr\u00e5den snygga<\/li>\n<li> En inbyggd lekklocka i barnk\u00f6ket l\u00e4r ut tidsbegrepp medan barnen leker<\/li>\n<li> Flera sk\u00e5p och hyllor i leksaksk\u00f6ket erbjuder gott om f\u00f6rvaringsutrymme och l\u00e4r barnen att st\u00e4da upp<\/li>\n<li> Rundade h\u00f6rn f\u00f6r s\u00e4kerhet och sl\u00e4ta ytor f\u00f6r enkel reng\u00f6ring<\/li>\n<li> Kr\u00e4ver en 60-minuters montering.<\/li>\n<\/ul>\n<p>Tekniska data:<\/p>\n<ul>\n<li> F\u00e4rg: Vit<\/li>\n<li> Material: MDF, rostfritt st\u00e5l<\/li>\n<li> Totala dimensioner: 79,5L x 24B x 94H cm<\/li>\n<li> Arbetsytestorlek: 74L x 21,8B cm<\/li>\n<li> Arbetsyteh\u00f6jd: 41,5 cm<\/li>\n<li> Mikrov\u00e5gsugnens inre m\u00e5tt: 22B x 7,9T x 12H cm<\/li>\n<li> Inre m\u00e5tt p\u00e5 sk\u00e5pet: (v\u00e4nster) 24B x 21,6T x 20,2H cm, 24B x 21,6T x 14H cm<\/li>\n<li> Inre m\u00e5tt p\u00e5 sk\u00e5pet: (mitten) 24B x 21,6T x 22,1H cm<\/li>\n<li> Inre m\u00e5tt p\u00e5 mittenhyllan: 24B x 21,6T x 11,1H cm<\/li>\n<li> Inre m\u00e5tt p\u00e5 tv\u00e4ttmaskinen: 24B x 21,6T x 34,1H cm<\/li>\n<li> Handduksst\u00e4llstorlek: 18,5L x 4B cm<\/li>\n<li> Rekommenderad \u00e5lder: 3-6 \u00e5r<\/li>\n<li> Godk\u00e4nd \u00e5lder: 3+ \u00e5r<\/li>\n<\/ul>\n<p>Leveransinneh\u00e5ll:<\/p>\n<ul>\n<li> 1 x Barnk\u00f6ksspelset<\/li>\n<li> 1 x Rostfritt st\u00e5l kockset<\/li>\n<li> 1 x Bruksanvisning<\/li>\n<\/ul>\n","protected":false},"excerpt":{"rendered":"<p>AIYAPLAY k\u00f6ket f\u00f6r barn skapar en fantasifull tillflyktsort med praktiska fack och krokar f\u00f6r enkel st\u00e4dning. Barnspelk\u00f6ket ger en levande&#8230;<\/p>\n","protected":false},"featured_media":92985,"template":"","meta":[],"product_brand":[],"product_cat":[880,626,918],"product_tag":[],"class_list":{"0":"post-92994","1":"product","2":"type-product","3":"status-publish","4":"has-post-thumbnail","6":"product_cat-baby-barn-2","7":"product_cat-barns-rollspel","8":"product_cat-leksaker","10":"first","11":"instock","12":"sale","13":"taxable","14":"shipping-taxable","15":"purchasable","16":"product-type-simple"},"yoast_head":"<!-- This site is optimized with the Yoast SEO plugin v25.4 - https:\/\/yoast.com\/wordpress\/plugins\/seo\/ -->\n<title>TRUUSK Leksaksk\u00f6k f\u00f6r Barn - Med Ugn, Diskb\u00e4nk och Ljudfunktion - F\u00f6r Flickor och Pojkar 3-6 \u00e5r - Vit - TRUUSK - Hem, Tr\u00e4dg\u00e5rd &amp; Fritid<\/title>\n<meta name=\"robots\" content=\"index, follow, max-snippet:-1, max-image-preview:large, max-video-preview:-1\" \/>\n<link rel=\"canonical\" href=\"https:\/\/truusk.store\/sv\/produkt\/truusk-leksakskok-for-barn-med-ugn-diskbank-och-ljudfunktion-for-flickor-och-pojkar-3-6-ar-vit\/\" \/>\n<meta property=\"og:locale\" content=\"sv_SE\" \/>\n<meta property=\"og:type\" content=\"article\" \/>\n<meta property=\"og:title\" content=\"TRUUSK Leksaksk\u00f6k f\u00f6r Barn - Med Ugn, Diskb\u00e4nk och Ljudfunktion - F\u00f6r Flickor och Pojkar 3-6 \u00e5r - Vit - TRUUSK - Hem, Tr\u00e4dg\u00e5rd &amp; Fritid\" \/>\n<meta property=\"og:description\" content=\"AIYAPLAY k\u00f6ket f\u00f6r barn skapar en fantasifull tillflyktsort med praktiska fack och krokar f\u00f6r enkel st\u00e4dning. Barnspelk\u00f6ket ger en levande...\" \/>\n<meta property=\"og:url\" content=\"https:\/\/truusk.store\/sv\/produkt\/truusk-leksakskok-for-barn-med-ugn-diskbank-och-ljudfunktion-for-flickor-och-pojkar-3-6-ar-vit\/\" \/>\n<meta property=\"og:site_name\" content=\"TRUUSK - Hem, Tr\u00e4dg\u00e5rd &amp; Fritid\" \/>\n<meta property=\"article:modified_time\" content=\"2026-03-12T07:48:41+00:00\" \/>\n<meta property=\"og:image\" content=\"https:\/\/i0.wp.com\/truusk.se\/wp-content\/uploads\/2025\/10\/aiyaplay-barnkok-leksakskok-med-ugn-diskbank-ljudfunktion-och-tillbehor-present-for-flickor-pojkar-3-6-ar-vit-1.webp?fit=2000%2C2000&ssl=1\" \/>\n\t<meta property=\"og:image:width\" content=\"2000\" \/>\n\t<meta property=\"og:image:height\" content=\"2000\" \/>\n\t<meta property=\"og:image:type\" content=\"image\/webp\" \/>\n<meta name=\"twitter:card\" content=\"summary_large_image\" \/>\n<meta name=\"twitter:label1\" content=\"Ber\u00e4knad l\u00e4stid\" \/>\n\t<meta name=\"twitter:data1\" content=\"1 minut\" \/>\n<!-- \/ Yoast SEO plugin. -->","yoast_head_json":{"title":"TRUUSK Leksaksk\u00f6k f\u00f6r Barn - Med Ugn, Diskb\u00e4nk och Ljudfunktion - F\u00f6r Flickor och Pojkar 3-6 \u00e5r - Vit - TRUUSK - Hem, Tr\u00e4dg\u00e5rd &amp; Fritid","robots":{"index":"index","follow":"follow","max-snippet":"max-snippet:-1","max-image-preview":"max-image-preview:large","max-video-preview":"max-video-preview:-1"},"canonical":"https:\/\/truusk.store\/sv\/produkt\/truusk-leksakskok-for-barn-med-ugn-diskbank-och-ljudfunktion-for-flickor-och-pojkar-3-6-ar-vit\/","og_locale":"sv_SE","og_type":"article","og_title":"TRUUSK Leksaksk\u00f6k f\u00f6r Barn - Med Ugn, Diskb\u00e4nk och Ljudfunktion - F\u00f6r Flickor och Pojkar 3-6 \u00e5r - Vit - TRUUSK - Hem, Tr\u00e4dg\u00e5rd &amp; Fritid","og_description":"AIYAPLAY k\u00f6ket f\u00f6r barn skapar en fantasifull tillflyktsort med praktiska fack och krokar f\u00f6r enkel st\u00e4dning. Barnspelk\u00f6ket ger en levande...","og_url":"https:\/\/truusk.store\/sv\/produkt\/truusk-leksakskok-for-barn-med-ugn-diskbank-och-ljudfunktion-for-flickor-och-pojkar-3-6-ar-vit\/","og_site_name":"TRUUSK - Hem, Tr\u00e4dg\u00e5rd &amp; Fritid","article_modified_time":"2026-03-12T07:48:41+00:00","og_image":[{"width":2000,"height":2000,"url":"https:\/\/i0.wp.com\/truusk.se\/wp-content\/uploads\/2025\/10\/aiyaplay-barnkok-leksakskok-med-ugn-diskbank-ljudfunktion-och-tillbehor-present-for-flickor-pojkar-3-6-ar-vit-1.webp?fit=2000%2C2000&ssl=1","type":"image\/webp"}],"twitter_card":"summary_large_image","twitter_misc":{"Ber\u00e4knad l\u00e4stid":"1 minut"},"schema":{"@context":"https:\/\/schema.org","@graph":[{"@type":"WebPage","@id":"https:\/\/truusk.store\/sv\/produkt\/truusk-leksakskok-for-barn-med-ugn-diskbank-och-ljudfunktion-for-flickor-och-pojkar-3-6-ar-vit\/","url":"https:\/\/truusk.store\/sv\/produkt\/truusk-leksakskok-for-barn-med-ugn-diskbank-och-ljudfunktion-for-flickor-och-pojkar-3-6-ar-vit\/","name":"TRUUSK Leksaksk\u00f6k f\u00f6r Barn - Med Ugn, Diskb\u00e4nk och Ljudfunktion - F\u00f6r Flickor och Pojkar 3-6 \u00e5r - Vit - TRUUSK - Hem, Tr\u00e4dg\u00e5rd &amp; Fritid","isPartOf":{"@id":"https:\/\/truusk.store\/sv\/#website"},"primaryImageOfPage":{"@id":"https:\/\/truusk.store\/sv\/produkt\/truusk-leksakskok-for-barn-med-ugn-diskbank-och-ljudfunktion-for-flickor-och-pojkar-3-6-ar-vit\/#primaryimage"},"image":{"@id":"https:\/\/truusk.store\/sv\/produkt\/truusk-leksakskok-for-barn-med-ugn-diskbank-och-ljudfunktion-for-flickor-och-pojkar-3-6-ar-vit\/#primaryimage"},"thumbnailUrl":"https:\/\/i0.wp.com\/truusk.store\/wp-content\/uploads\/2025\/10\/aiyaplay-barnkok-leksakskok-med-ugn-diskbank-ljudfunktion-och-tillbehor-present-for-flickor-pojkar-3-6-ar-vit-1.webp?fit=2000%2C2000&ssl=1","datePublished":"2025-10-09T12:20:30+00:00","dateModified":"2026-03-12T07:48:41+00:00","breadcrumb":{"@id":"https:\/\/truusk.store\/sv\/produkt\/truusk-leksakskok-for-barn-med-ugn-diskbank-och-ljudfunktion-for-flickor-och-pojkar-3-6-ar-vit\/#breadcrumb"},"inLanguage":"sv-SE","potentialAction":[{"@type":"ReadAction","target":["https:\/\/truusk.store\/sv\/produkt\/truusk-leksakskok-for-barn-med-ugn-diskbank-och-ljudfunktion-for-flickor-och-pojkar-3-6-ar-vit\/"]}]},{"@type":"ImageObject","inLanguage":"sv-SE","@id":"https:\/\/truusk.store\/sv\/produkt\/truusk-leksakskok-for-barn-med-ugn-diskbank-och-ljudfunktion-for-flickor-och-pojkar-3-6-ar-vit\/#primaryimage","url":"https:\/\/i0.wp.com\/truusk.store\/wp-content\/uploads\/2025\/10\/aiyaplay-barnkok-leksakskok-med-ugn-diskbank-ljudfunktion-och-tillbehor-present-for-flickor-pojkar-3-6-ar-vit-1.webp?fit=2000%2C2000&ssl=1","contentUrl":"https:\/\/i0.wp.com\/truusk.store\/wp-content\/uploads\/2025\/10\/aiyaplay-barnkok-leksakskok-med-ugn-diskbank-ljudfunktion-och-tillbehor-present-for-flickor-pojkar-3-6-ar-vit-1.webp?fit=2000%2C2000&ssl=1","width":2000,"height":2000},{"@type":"BreadcrumbList","@id":"https:\/\/truusk.store\/sv\/produkt\/truusk-leksakskok-for-barn-med-ugn-diskbank-och-ljudfunktion-for-flickor-och-pojkar-3-6-ar-vit\/#breadcrumb","itemListElement":[{"@type":"ListItem","position":1,"name":"Home","item":"https:\/\/truusk.store\/sv\/"},{"@type":"ListItem","position":2,"name":"Shop","item":"https:\/\/truusk.store\/shop\/"},{"@type":"ListItem","position":3,"name":"TRUUSK Leksaksk\u00f6k f\u00f6r Barn &#8211; Med Ugn, Diskb\u00e4nk och Ljudfunktion &#8211; F\u00f6r Flickor och Pojkar 3-6 \u00e5r &#8211; Vit"}]},{"@type":"WebSite","@id":"https:\/\/truusk.store\/sv\/#website","url":"https:\/\/truusk.store\/sv\/","name":"TRUUSK - Hem, Tr\u00e4dg\u00e5rd & Fritid","description":"","publisher":{"@id":"https:\/\/truusk.store\/sv\/#organization"},"potentialAction":[{"@type":"SearchAction","target":{"@type":"EntryPoint","urlTemplate":"https:\/\/truusk.store\/sv\/?s={search_term_string}"},"query-input":{"@type":"PropertyValueSpecification","valueRequired":true,"valueName":"search_term_string"}}],"inLanguage":"sv-SE"},{"@type":"Organization","@id":"https:\/\/truusk.store\/sv\/#organization","name":"TRUUSK - Hem, Tr\u00e4dg\u00e5rd & Fritid","url":"https:\/\/truusk.store\/sv\/","logo":{"@type":"ImageObject","inLanguage":"sv-SE","@id":"https:\/\/truusk.store\/sv\/#\/schema\/logo\/image\/","url":"https:\/\/i0.wp.com\/truusk.store\/wp-content\/uploads\/2026\/03\/cropped-TRUUSK.png?fit=2032%2C917&ssl=1","contentUrl":"https:\/\/i0.wp.com\/truusk.store\/wp-content\/uploads\/2026\/03\/cropped-TRUUSK.png?fit=2032%2C917&ssl=1","width":2032,"height":917,"caption":"TRUUSK - Hem, Tr\u00e4dg\u00e5rd & Fritid"},"image":{"@id":"https:\/\/truusk.store\/sv\/#\/schema\/logo\/image\/"}}]}},"jetpack_sharing_enabled":true,"_links":{"self":[{"href":"https:\/\/truusk.store\/sv\/wp-json\/wp\/v2\/product\/92994","targetHints":{"allow":["GET"]}}],"collection":[{"href":"https:\/\/truusk.store\/sv\/wp-json\/wp\/v2\/product"}],"about":[{"href":"https:\/\/truusk.store\/sv\/wp-json\/wp\/v2\/types\/product"}],"wp:featuredmedia":[{"embeddable":true,"href":"https:\/\/truusk.store\/sv\/wp-json\/wp\/v2\/media\/92985"}],"wp:attachment":[{"href":"https:\/\/truusk.store\/sv\/wp-json\/wp\/v2\/media?parent=92994"}],"wp:term":[{"taxonomy":"product_brand","embeddable":true,"href":"https:\/\/truusk.store\/sv\/wp-json\/wp\/v2\/product_brand?post=92994"},{"taxonomy":"product_cat","embeddable":true,"href":"https:\/\/truusk.store\/sv\/wp-json\/wp\/v2\/product_cat?post=92994"},{"taxonomy":"product_tag","embeddable":true,"href":"https:\/\/truusk.store\/sv\/wp-json\/wp\/v2\/product_tag?post=92994"}],"curies":[{"name":"wp","href":"https:\/\/api.w.org\/{rel}","templated":true}]}}