{"id":93034,"date":"2025-10-09T13:24:31","date_gmt":"2025-10-09T12:24:31","guid":{"rendered":"https:\/\/truusk.store\/product\/hopfallbar-trappklattrare-trolley-6-hjulssystem-bar-70-kg-aluminium-rod\/"},"modified":"2026-03-12T08:48:42","modified_gmt":"2026-03-12T07:48:42","slug":"truusk-hopfallbar-trappklattrare-trolley-6-hjulssystem-bar-70-kg-aluminium-rod","status":"publish","type":"product","link":"https:\/\/truusk.store\/sv\/produkt\/truusk-hopfallbar-trappklattrare-trolley-6-hjulssystem-bar-70-kg-aluminium-rod\/","title":{"rendered":"TRUUSK Hopf\u00e4llbar Trappkl\u00e4ttrare-trolley &#8211; 6-hjulssystem &#8211; B\u00e4r 70 Kg &#8211; Aluminium &#8211; R\u00f6d"},"content":{"rendered":"<p>Tr\u00f6tt p\u00e5 att sl\u00e4pa dina tunga ink\u00f6p eller l\u00e5dor uppf\u00f6r trapporna? Varje transport kan leda till fall eller skador. TRUUSK trappkl\u00e4ttraren underl\u00e4ttar detta besv\u00e4r. Tack vare sexhjulsdesignen klarar transportvagnen steg utan anstr\u00e4ngning, medan dess l\u00e4tta, stabila ram b\u00e4r upp till 70 kg. Efter anv\u00e4ndning kan den enkelt f\u00e4llas ihop, skapar ordning och tar bort stress fr\u00e5n dina transportuppgifter f\u00f6r att underl\u00e4tta din vardag.<\/p>\n<p>Beskrivning:<\/p>\n<ul>\n<li> Enkelt kl\u00e4ttring av trappor med ett unikt 6-hjulssystem f\u00f6r maximal bekv\u00e4mlighet<\/li>\n<li> L\u00e4tt aluminiumram f\u00f6r sackk\u00e4rran b\u00e4r 70 kg p\u00e5 plan mark och 30 kg p\u00e5 trappor<\/li>\n<li> Kan snabbt f\u00e4llas ihop till endast 10 cm tjocklek och passar l\u00e4tt i bagageutrymmet p\u00e5 en bil<\/li>\n<li> Handtaget p\u00e5 transportvagnen kan justeras i tre h\u00f6jder f\u00f6r bekv\u00e4m, ergonomisk kontroll av varje anv\u00e4ndare<\/li>\n<li> En bred bottenplatta och den medf\u00f6ljande sp\u00e4nnremmen h\u00e5ller dina f\u00f6rem\u00e5l s\u00e4kert<\/li>\n<li> Ingen montering kr\u00e4vs<\/li>\n<\/ul>\n<p> Tekniska data:<\/p>\n<ul>\n<li> F\u00e4rg: Silverton+R\u00f6d<\/li>\n<li> Material: Aluminium, Metall, Plast<\/li>\n<li> Totala dimensioner: 46L x 44B x 100H cm<\/li>\n<li> F\u00e4llstorlek: 38,5L x 10B x 64H cm<\/li>\n<li> Skovelplattestorlek: 38,5L x 28B cm<\/li>\n<li> Handtagsh\u00f6jd: 63 cm (l\u00e4gsta), 90 cm (mellan), 100 cm (h\u00f6gsta)<\/li>\n<li> Maximal belastning: 70 kg (platt), 30 kg (trappor)<\/li>\n<li> Reml\u00e4ngd: 1,5 m<\/li>\n<\/ul>\n<p>Leveransinneh\u00e5ll:<\/p>\n<ul>\n<li> 1 x Trappkl\u00e4ttrare<\/li>\n<li> 1 x Bruksanvisning<\/li>\n<\/ul>\n","protected":false},"excerpt":{"rendered":"<p>Tr\u00f6tt p\u00e5 att sl\u00e4pa dina tunga ink\u00f6p eller l\u00e5dor uppf\u00f6r trapporna? Varje transport kan leda till fall eller skador. TRUUSK&#8230;<\/p>\n","protected":false},"featured_media":93025,"template":"","meta":[],"product_brand":[],"product_cat":[867,695,693],"product_tag":[],"class_list":{"0":"post-93034","1":"product","2":"type-product","3":"status-publish","4":"has-post-thumbnail","6":"product_cat-byggmarknad","7":"product_cat-sackkarra","8":"product_cat-transport","10":"first","11":"instock","12":"sale","13":"taxable","14":"shipping-taxable","15":"purchasable","16":"product-type-simple"},"yoast_head":"<!-- This site is optimized with the Yoast SEO plugin v25.4 - https:\/\/yoast.com\/wordpress\/plugins\/seo\/ -->\n<title>TRUUSK Hopf\u00e4llbar Trappkl\u00e4ttrare-trolley - 6-hjulssystem - B\u00e4r 70 Kg - Aluminium - R\u00f6d - TRUUSK - Hem, Tr\u00e4dg\u00e5rd &amp; Fritid<\/title>\n<meta name=\"robots\" content=\"index, follow, max-snippet:-1, max-image-preview:large, max-video-preview:-1\" \/>\n<link rel=\"canonical\" href=\"https:\/\/truusk.store\/sv\/produkt\/truusk-hopfallbar-trappklattrare-trolley-6-hjulssystem-bar-70-kg-aluminium-rod\/\" \/>\n<meta property=\"og:locale\" content=\"sv_SE\" \/>\n<meta property=\"og:type\" content=\"article\" \/>\n<meta property=\"og:title\" content=\"TRUUSK Hopf\u00e4llbar Trappkl\u00e4ttrare-trolley - 6-hjulssystem - B\u00e4r 70 Kg - Aluminium - R\u00f6d - TRUUSK - Hem, Tr\u00e4dg\u00e5rd &amp; Fritid\" \/>\n<meta property=\"og:description\" content=\"Tr\u00f6tt p\u00e5 att sl\u00e4pa dina tunga ink\u00f6p eller l\u00e5dor uppf\u00f6r trapporna? Varje transport kan leda till fall eller skador. TRUUSK...\" \/>\n<meta property=\"og:url\" content=\"https:\/\/truusk.store\/sv\/produkt\/truusk-hopfallbar-trappklattrare-trolley-6-hjulssystem-bar-70-kg-aluminium-rod\/\" \/>\n<meta property=\"og:site_name\" content=\"TRUUSK - Hem, Tr\u00e4dg\u00e5rd &amp; Fritid\" \/>\n<meta property=\"article:modified_time\" content=\"2026-03-12T07:48:42+00:00\" \/>\n<meta property=\"og:image\" content=\"https:\/\/i0.wp.com\/truusk.se\/wp-content\/uploads\/2025\/10\/hopfallbar-trappklattrare-trolley-6-hjulssystem-bar-70-kg-aluminium-rod-1.webp?fit=2000%2C2000&ssl=1\" \/>\n\t<meta property=\"og:image:width\" content=\"2000\" \/>\n\t<meta property=\"og:image:height\" content=\"2000\" \/>\n\t<meta property=\"og:image:type\" content=\"image\/webp\" \/>\n<meta name=\"twitter:card\" content=\"summary_large_image\" \/>\n<meta name=\"twitter:label1\" content=\"Ber\u00e4knad l\u00e4stid\" \/>\n\t<meta name=\"twitter:data1\" content=\"1 minut\" \/>\n<!-- \/ Yoast SEO plugin. -->","yoast_head_json":{"title":"TRUUSK Hopf\u00e4llbar Trappkl\u00e4ttrare-trolley - 6-hjulssystem - B\u00e4r 70 Kg - Aluminium - R\u00f6d - TRUUSK - Hem, Tr\u00e4dg\u00e5rd &amp; Fritid","robots":{"index":"index","follow":"follow","max-snippet":"max-snippet:-1","max-image-preview":"max-image-preview:large","max-video-preview":"max-video-preview:-1"},"canonical":"https:\/\/truusk.store\/sv\/produkt\/truusk-hopfallbar-trappklattrare-trolley-6-hjulssystem-bar-70-kg-aluminium-rod\/","og_locale":"sv_SE","og_type":"article","og_title":"TRUUSK Hopf\u00e4llbar Trappkl\u00e4ttrare-trolley - 6-hjulssystem - B\u00e4r 70 Kg - Aluminium - R\u00f6d - TRUUSK - Hem, Tr\u00e4dg\u00e5rd &amp; Fritid","og_description":"Tr\u00f6tt p\u00e5 att sl\u00e4pa dina tunga ink\u00f6p eller l\u00e5dor uppf\u00f6r trapporna? Varje transport kan leda till fall eller skador. TRUUSK...","og_url":"https:\/\/truusk.store\/sv\/produkt\/truusk-hopfallbar-trappklattrare-trolley-6-hjulssystem-bar-70-kg-aluminium-rod\/","og_site_name":"TRUUSK - Hem, Tr\u00e4dg\u00e5rd &amp; Fritid","article_modified_time":"2026-03-12T07:48:42+00:00","og_image":[{"width":2000,"height":2000,"url":"https:\/\/i0.wp.com\/truusk.se\/wp-content\/uploads\/2025\/10\/hopfallbar-trappklattrare-trolley-6-hjulssystem-bar-70-kg-aluminium-rod-1.webp?fit=2000%2C2000&ssl=1","type":"image\/webp"}],"twitter_card":"summary_large_image","twitter_misc":{"Ber\u00e4knad l\u00e4stid":"1 minut"},"schema":{"@context":"https:\/\/schema.org","@graph":[{"@type":"WebPage","@id":"https:\/\/truusk.store\/sv\/produkt\/truusk-hopfallbar-trappklattrare-trolley-6-hjulssystem-bar-70-kg-aluminium-rod\/","url":"https:\/\/truusk.store\/sv\/produkt\/truusk-hopfallbar-trappklattrare-trolley-6-hjulssystem-bar-70-kg-aluminium-rod\/","name":"TRUUSK Hopf\u00e4llbar Trappkl\u00e4ttrare-trolley - 6-hjulssystem - B\u00e4r 70 Kg - Aluminium - R\u00f6d - TRUUSK - Hem, Tr\u00e4dg\u00e5rd &amp; Fritid","isPartOf":{"@id":"https:\/\/truusk.store\/sv\/#website"},"primaryImageOfPage":{"@id":"https:\/\/truusk.store\/sv\/produkt\/truusk-hopfallbar-trappklattrare-trolley-6-hjulssystem-bar-70-kg-aluminium-rod\/#primaryimage"},"image":{"@id":"https:\/\/truusk.store\/sv\/produkt\/truusk-hopfallbar-trappklattrare-trolley-6-hjulssystem-bar-70-kg-aluminium-rod\/#primaryimage"},"thumbnailUrl":"https:\/\/i0.wp.com\/truusk.store\/wp-content\/uploads\/2025\/10\/hopfallbar-trappklattrare-trolley-6-hjulssystem-bar-70-kg-aluminium-rod-1.webp?fit=2000%2C2000&ssl=1","datePublished":"2025-10-09T12:24:31+00:00","dateModified":"2026-03-12T07:48:42+00:00","breadcrumb":{"@id":"https:\/\/truusk.store\/sv\/produkt\/truusk-hopfallbar-trappklattrare-trolley-6-hjulssystem-bar-70-kg-aluminium-rod\/#breadcrumb"},"inLanguage":"sv-SE","potentialAction":[{"@type":"ReadAction","target":["https:\/\/truusk.store\/sv\/produkt\/truusk-hopfallbar-trappklattrare-trolley-6-hjulssystem-bar-70-kg-aluminium-rod\/"]}]},{"@type":"ImageObject","inLanguage":"sv-SE","@id":"https:\/\/truusk.store\/sv\/produkt\/truusk-hopfallbar-trappklattrare-trolley-6-hjulssystem-bar-70-kg-aluminium-rod\/#primaryimage","url":"https:\/\/i0.wp.com\/truusk.store\/wp-content\/uploads\/2025\/10\/hopfallbar-trappklattrare-trolley-6-hjulssystem-bar-70-kg-aluminium-rod-1.webp?fit=2000%2C2000&ssl=1","contentUrl":"https:\/\/i0.wp.com\/truusk.store\/wp-content\/uploads\/2025\/10\/hopfallbar-trappklattrare-trolley-6-hjulssystem-bar-70-kg-aluminium-rod-1.webp?fit=2000%2C2000&ssl=1","width":2000,"height":2000},{"@type":"BreadcrumbList","@id":"https:\/\/truusk.store\/sv\/produkt\/truusk-hopfallbar-trappklattrare-trolley-6-hjulssystem-bar-70-kg-aluminium-rod\/#breadcrumb","itemListElement":[{"@type":"ListItem","position":1,"name":"Home","item":"https:\/\/truusk.store\/sv\/"},{"@type":"ListItem","position":2,"name":"Shop","item":"https:\/\/truusk.store\/shop\/"},{"@type":"ListItem","position":3,"name":"TRUUSK Hopf\u00e4llbar Trappkl\u00e4ttrare-trolley &#8211; 6-hjulssystem &#8211; B\u00e4r 70 Kg &#8211; Aluminium &#8211; R\u00f6d"}]},{"@type":"WebSite","@id":"https:\/\/truusk.store\/sv\/#website","url":"https:\/\/truusk.store\/sv\/","name":"TRUUSK - Hem, Tr\u00e4dg\u00e5rd & Fritid","description":"","publisher":{"@id":"https:\/\/truusk.store\/sv\/#organization"},"potentialAction":[{"@type":"SearchAction","target":{"@type":"EntryPoint","urlTemplate":"https:\/\/truusk.store\/sv\/?s={search_term_string}"},"query-input":{"@type":"PropertyValueSpecification","valueRequired":true,"valueName":"search_term_string"}}],"inLanguage":"sv-SE"},{"@type":"Organization","@id":"https:\/\/truusk.store\/sv\/#organization","name":"TRUUSK - Hem, Tr\u00e4dg\u00e5rd & Fritid","url":"https:\/\/truusk.store\/sv\/","logo":{"@type":"ImageObject","inLanguage":"sv-SE","@id":"https:\/\/truusk.store\/sv\/#\/schema\/logo\/image\/","url":"https:\/\/i0.wp.com\/truusk.store\/wp-content\/uploads\/2026\/03\/cropped-TRUUSK.png?fit=2032%2C917&ssl=1","contentUrl":"https:\/\/i0.wp.com\/truusk.store\/wp-content\/uploads\/2026\/03\/cropped-TRUUSK.png?fit=2032%2C917&ssl=1","width":2032,"height":917,"caption":"TRUUSK - Hem, Tr\u00e4dg\u00e5rd & Fritid"},"image":{"@id":"https:\/\/truusk.store\/sv\/#\/schema\/logo\/image\/"}}]}},"jetpack_sharing_enabled":true,"_links":{"self":[{"href":"https:\/\/truusk.store\/sv\/wp-json\/wp\/v2\/product\/93034","targetHints":{"allow":["GET"]}}],"collection":[{"href":"https:\/\/truusk.store\/sv\/wp-json\/wp\/v2\/product"}],"about":[{"href":"https:\/\/truusk.store\/sv\/wp-json\/wp\/v2\/types\/product"}],"wp:featuredmedia":[{"embeddable":true,"href":"https:\/\/truusk.store\/sv\/wp-json\/wp\/v2\/media\/93025"}],"wp:attachment":[{"href":"https:\/\/truusk.store\/sv\/wp-json\/wp\/v2\/media?parent=93034"}],"wp:term":[{"taxonomy":"product_brand","embeddable":true,"href":"https:\/\/truusk.store\/sv\/wp-json\/wp\/v2\/product_brand?post=93034"},{"taxonomy":"product_cat","embeddable":true,"href":"https:\/\/truusk.store\/sv\/wp-json\/wp\/v2\/product_cat?post=93034"},{"taxonomy":"product_tag","embeddable":true,"href":"https:\/\/truusk.store\/sv\/wp-json\/wp\/v2\/product_tag?post=93034"}],"curies":[{"name":"wp","href":"https:\/\/api.w.org\/{rel}","templated":true}]}}