{"id":93054,"date":"2025-10-09T13:26:32","date_gmt":"2025-10-09T12:26:32","guid":{"rendered":"https:\/\/truusk.store\/product\/sittplatspall-med-forvaring-pall-med-lock-kvadratisk-fotpall-sittpuff-i-konstlader-40-x-40-x-40-cm-gra\/"},"modified":"2026-03-12T08:48:42","modified_gmt":"2026-03-12T07:48:42","slug":"truusk-forvaringspall-i-konstlader-med-lock-kvadratisk-design-matt-40-x-40-x-40-cm-gra","status":"publish","type":"product","link":"https:\/\/truusk.store\/sv\/produkt\/truusk-forvaringspall-i-konstlader-med-lock-kvadratisk-design-matt-40-x-40-x-40-cm-gra\/","title":{"rendered":"TRUUSK F\u00f6rvaringspall i Konstl\u00e4der &#8211; Med Lock &#8211; Kvadratisk Design &#8211; M\u00e5tt 40 x 40 x 40 cm &#8211; Gr\u00e5"},"content":{"rendered":"<p>Lider du av hush\u00e5llskaos som st\u00f6r din ro? Ett r\u00f6rigt vardagsrum kan k\u00e4nnas \u00f6verv\u00e4ldigande och inte erbjuda n\u00e5got utrymme f\u00f6r verklig avkoppling. TRUUSK kistan med lock \u00e4r din m\u00e5ngsidiga l\u00f6sning. Sittboxen d\u00f6ljer f\u00f6rvaringsutrymme och fungerar ocks\u00e5 som en stabil fotpall eller extra sittplats. Med denna praktiska sittpall \u00e5tervinner du ditt utrymme och skapar ett ordnat, fridfullt hem.<\/p>\n<p>Beskrivning:<\/p>\n<ul>\n<li> Fungerar som fotpall, sidobord eller extra sittplats f\u00f6r m\u00e5ngsidig anv\u00e4ndning<\/li>\n<li> Pall erbjuder rymligt f\u00f6rvaringsutrymme f\u00f6r att h\u00e5lla ditt utrymme snyggt och organiserat<\/li>\n<li> Sittpallen har l\u00e4tt att reng\u00f6ra konstl\u00e4der med mjuk skumstoppning f\u00f6r l\u00e5ngvarig komfort<\/li>\n<li> B\u00e4r upp till 120 kg med robust MDF-ram och fanerad yta<\/li>\n<li> Fotdynor p\u00e5 kistan f\u00f6rhindrar r\u00f6relser och skyddar golvet<\/li>\n<li> Passar in med modern inredning genom minimalistisk kvadratisk design<\/li>\n<li> Ingen montering kr\u00e4vs f\u00f6r snabb och enkel installation<\/li>\n<\/ul>\n<p> Tekniska data:<\/p>\n<ul>\n<li> F\u00e4rg: Gr\u00e5<\/li>\n<li> Material: Konstl\u00e4der, skum, MDF<\/li>\n<li> Totala dimensioner: 40L x 40B x 40H cm<\/li>\n<li> F\u00f6rvaringsdimensioner: 36B x 36T x 34H cm<\/li>\n<li> Lockdimensioner: 34L x 34B x 4H cm<\/li>\n<li> B\u00e4rkapacitet: 120 kg<\/li>\n<\/ul>\n<p>Leveransinneh\u00e5ll:<\/p>\n<ul>\n<li> 1 x F\u00f6rvaringspall<\/li>\n<li> 1 x Bruksanvisning<\/li>\n<\/ul>\n","protected":false},"excerpt":{"rendered":"<p>Lider du av hush\u00e5llskaos som st\u00f6r din ro? Ett r\u00f6rigt vardagsrum kan k\u00e4nnas \u00f6verv\u00e4ldigande och inte erbjuda n\u00e5got utrymme f\u00f6r&#8230;<\/p>\n","protected":false},"featured_media":93045,"template":"","meta":[],"product_brand":[],"product_cat":[871,944,910],"product_tag":[],"class_list":{"0":"post-93054","1":"product","2":"type-product","3":"status-publish","4":"has-post-thumbnail","6":"product_cat-hus-hem","7":"product_cat-pallar-fotpallar","8":"product_cat-vardagsrum","10":"first","11":"instock","12":"sale","13":"taxable","14":"shipping-taxable","15":"purchasable","16":"product-type-simple"},"yoast_head":"<!-- This site is optimized with the Yoast SEO plugin v25.4 - https:\/\/yoast.com\/wordpress\/plugins\/seo\/ -->\n<title>TRUUSK F\u00f6rvaringspall i Konstl\u00e4der - Med Lock - Kvadratisk Design - M\u00e5tt 40 x 40 x 40 cm - Gr\u00e5 - TRUUSK - Hem, Tr\u00e4dg\u00e5rd &amp; Fritid<\/title>\n<meta name=\"robots\" content=\"index, follow, max-snippet:-1, max-image-preview:large, max-video-preview:-1\" \/>\n<link rel=\"canonical\" href=\"https:\/\/truusk.store\/sv\/produkt\/truusk-forvaringspall-i-konstlader-med-lock-kvadratisk-design-matt-40-x-40-x-40-cm-gra\/\" \/>\n<meta property=\"og:locale\" content=\"sv_SE\" \/>\n<meta property=\"og:type\" content=\"article\" \/>\n<meta property=\"og:title\" content=\"TRUUSK F\u00f6rvaringspall i Konstl\u00e4der - Med Lock - Kvadratisk Design - M\u00e5tt 40 x 40 x 40 cm - Gr\u00e5 - TRUUSK - Hem, Tr\u00e4dg\u00e5rd &amp; Fritid\" \/>\n<meta property=\"og:description\" content=\"Lider du av hush\u00e5llskaos som st\u00f6r din ro? Ett r\u00f6rigt vardagsrum kan k\u00e4nnas \u00f6verv\u00e4ldigande och inte erbjuda n\u00e5got utrymme f\u00f6r...\" \/>\n<meta property=\"og:url\" content=\"https:\/\/truusk.store\/sv\/produkt\/truusk-forvaringspall-i-konstlader-med-lock-kvadratisk-design-matt-40-x-40-x-40-cm-gra\/\" \/>\n<meta property=\"og:site_name\" content=\"TRUUSK - Hem, Tr\u00e4dg\u00e5rd &amp; Fritid\" \/>\n<meta property=\"article:modified_time\" content=\"2026-03-12T07:48:42+00:00\" \/>\n<meta property=\"og:image\" content=\"https:\/\/i0.wp.com\/truusk.se\/wp-content\/uploads\/2025\/10\/sittplatspall-med-forvaring-pall-med-lock-kvadratisk-fotpall-sittpuff-i-konstlader-40-x-40-x-40-cm-gra-1.webp?fit=2000%2C2000&ssl=1\" \/>\n\t<meta property=\"og:image:width\" content=\"2000\" \/>\n\t<meta property=\"og:image:height\" content=\"2000\" \/>\n\t<meta property=\"og:image:type\" content=\"image\/webp\" \/>\n<meta name=\"twitter:card\" content=\"summary_large_image\" \/>\n<meta name=\"twitter:label1\" content=\"Ber\u00e4knad l\u00e4stid\" \/>\n\t<meta name=\"twitter:data1\" content=\"1 minut\" \/>\n<!-- \/ Yoast SEO plugin. -->","yoast_head_json":{"title":"TRUUSK F\u00f6rvaringspall i Konstl\u00e4der - Med Lock - Kvadratisk Design - M\u00e5tt 40 x 40 x 40 cm - Gr\u00e5 - TRUUSK - Hem, Tr\u00e4dg\u00e5rd &amp; Fritid","robots":{"index":"index","follow":"follow","max-snippet":"max-snippet:-1","max-image-preview":"max-image-preview:large","max-video-preview":"max-video-preview:-1"},"canonical":"https:\/\/truusk.store\/sv\/produkt\/truusk-forvaringspall-i-konstlader-med-lock-kvadratisk-design-matt-40-x-40-x-40-cm-gra\/","og_locale":"sv_SE","og_type":"article","og_title":"TRUUSK F\u00f6rvaringspall i Konstl\u00e4der - Med Lock - Kvadratisk Design - M\u00e5tt 40 x 40 x 40 cm - Gr\u00e5 - TRUUSK - Hem, Tr\u00e4dg\u00e5rd &amp; Fritid","og_description":"Lider du av hush\u00e5llskaos som st\u00f6r din ro? Ett r\u00f6rigt vardagsrum kan k\u00e4nnas \u00f6verv\u00e4ldigande och inte erbjuda n\u00e5got utrymme f\u00f6r...","og_url":"https:\/\/truusk.store\/sv\/produkt\/truusk-forvaringspall-i-konstlader-med-lock-kvadratisk-design-matt-40-x-40-x-40-cm-gra\/","og_site_name":"TRUUSK - Hem, Tr\u00e4dg\u00e5rd &amp; Fritid","article_modified_time":"2026-03-12T07:48:42+00:00","og_image":[{"width":2000,"height":2000,"url":"https:\/\/i0.wp.com\/truusk.se\/wp-content\/uploads\/2025\/10\/sittplatspall-med-forvaring-pall-med-lock-kvadratisk-fotpall-sittpuff-i-konstlader-40-x-40-x-40-cm-gra-1.webp?fit=2000%2C2000&ssl=1","type":"image\/webp"}],"twitter_card":"summary_large_image","twitter_misc":{"Ber\u00e4knad l\u00e4stid":"1 minut"},"schema":{"@context":"https:\/\/schema.org","@graph":[{"@type":"WebPage","@id":"https:\/\/truusk.store\/sv\/produkt\/truusk-forvaringspall-i-konstlader-med-lock-kvadratisk-design-matt-40-x-40-x-40-cm-gra\/","url":"https:\/\/truusk.store\/sv\/produkt\/truusk-forvaringspall-i-konstlader-med-lock-kvadratisk-design-matt-40-x-40-x-40-cm-gra\/","name":"TRUUSK F\u00f6rvaringspall i Konstl\u00e4der - Med Lock - Kvadratisk Design - M\u00e5tt 40 x 40 x 40 cm - Gr\u00e5 - TRUUSK - Hem, Tr\u00e4dg\u00e5rd &amp; Fritid","isPartOf":{"@id":"https:\/\/truusk.store\/sv\/#website"},"primaryImageOfPage":{"@id":"https:\/\/truusk.store\/sv\/produkt\/truusk-forvaringspall-i-konstlader-med-lock-kvadratisk-design-matt-40-x-40-x-40-cm-gra\/#primaryimage"},"image":{"@id":"https:\/\/truusk.store\/sv\/produkt\/truusk-forvaringspall-i-konstlader-med-lock-kvadratisk-design-matt-40-x-40-x-40-cm-gra\/#primaryimage"},"thumbnailUrl":"https:\/\/i0.wp.com\/truusk.store\/wp-content\/uploads\/2025\/10\/sittplatspall-med-forvaring-pall-med-lock-kvadratisk-fotpall-sittpuff-i-konstlader-40-x-40-x-40-cm-gra-1.webp?fit=2000%2C2000&ssl=1","datePublished":"2025-10-09T12:26:32+00:00","dateModified":"2026-03-12T07:48:42+00:00","breadcrumb":{"@id":"https:\/\/truusk.store\/sv\/produkt\/truusk-forvaringspall-i-konstlader-med-lock-kvadratisk-design-matt-40-x-40-x-40-cm-gra\/#breadcrumb"},"inLanguage":"sv-SE","potentialAction":[{"@type":"ReadAction","target":["https:\/\/truusk.store\/sv\/produkt\/truusk-forvaringspall-i-konstlader-med-lock-kvadratisk-design-matt-40-x-40-x-40-cm-gra\/"]}]},{"@type":"ImageObject","inLanguage":"sv-SE","@id":"https:\/\/truusk.store\/sv\/produkt\/truusk-forvaringspall-i-konstlader-med-lock-kvadratisk-design-matt-40-x-40-x-40-cm-gra\/#primaryimage","url":"https:\/\/i0.wp.com\/truusk.store\/wp-content\/uploads\/2025\/10\/sittplatspall-med-forvaring-pall-med-lock-kvadratisk-fotpall-sittpuff-i-konstlader-40-x-40-x-40-cm-gra-1.webp?fit=2000%2C2000&ssl=1","contentUrl":"https:\/\/i0.wp.com\/truusk.store\/wp-content\/uploads\/2025\/10\/sittplatspall-med-forvaring-pall-med-lock-kvadratisk-fotpall-sittpuff-i-konstlader-40-x-40-x-40-cm-gra-1.webp?fit=2000%2C2000&ssl=1","width":2000,"height":2000},{"@type":"BreadcrumbList","@id":"https:\/\/truusk.store\/sv\/produkt\/truusk-forvaringspall-i-konstlader-med-lock-kvadratisk-design-matt-40-x-40-x-40-cm-gra\/#breadcrumb","itemListElement":[{"@type":"ListItem","position":1,"name":"Home","item":"https:\/\/truusk.store\/sv\/"},{"@type":"ListItem","position":2,"name":"Shop","item":"https:\/\/truusk.store\/shop\/"},{"@type":"ListItem","position":3,"name":"TRUUSK F\u00f6rvaringspall i Konstl\u00e4der &#8211; Med Lock &#8211; Kvadratisk Design &#8211; M\u00e5tt 40 x 40 x 40 cm &#8211; Gr\u00e5"}]},{"@type":"WebSite","@id":"https:\/\/truusk.store\/sv\/#website","url":"https:\/\/truusk.store\/sv\/","name":"TRUUSK - Hem, Tr\u00e4dg\u00e5rd & Fritid","description":"","publisher":{"@id":"https:\/\/truusk.store\/sv\/#organization"},"potentialAction":[{"@type":"SearchAction","target":{"@type":"EntryPoint","urlTemplate":"https:\/\/truusk.store\/sv\/?s={search_term_string}"},"query-input":{"@type":"PropertyValueSpecification","valueRequired":true,"valueName":"search_term_string"}}],"inLanguage":"sv-SE"},{"@type":"Organization","@id":"https:\/\/truusk.store\/sv\/#organization","name":"TRUUSK - Hem, Tr\u00e4dg\u00e5rd & Fritid","url":"https:\/\/truusk.store\/sv\/","logo":{"@type":"ImageObject","inLanguage":"sv-SE","@id":"https:\/\/truusk.store\/sv\/#\/schema\/logo\/image\/","url":"https:\/\/i0.wp.com\/truusk.store\/wp-content\/uploads\/2026\/03\/cropped-TRUUSK.png?fit=2032%2C917&ssl=1","contentUrl":"https:\/\/i0.wp.com\/truusk.store\/wp-content\/uploads\/2026\/03\/cropped-TRUUSK.png?fit=2032%2C917&ssl=1","width":2032,"height":917,"caption":"TRUUSK - Hem, Tr\u00e4dg\u00e5rd & Fritid"},"image":{"@id":"https:\/\/truusk.store\/sv\/#\/schema\/logo\/image\/"}}]}},"jetpack_sharing_enabled":true,"_links":{"self":[{"href":"https:\/\/truusk.store\/sv\/wp-json\/wp\/v2\/product\/93054","targetHints":{"allow":["GET"]}}],"collection":[{"href":"https:\/\/truusk.store\/sv\/wp-json\/wp\/v2\/product"}],"about":[{"href":"https:\/\/truusk.store\/sv\/wp-json\/wp\/v2\/types\/product"}],"wp:featuredmedia":[{"embeddable":true,"href":"https:\/\/truusk.store\/sv\/wp-json\/wp\/v2\/media\/93045"}],"wp:attachment":[{"href":"https:\/\/truusk.store\/sv\/wp-json\/wp\/v2\/media?parent=93054"}],"wp:term":[{"taxonomy":"product_brand","embeddable":true,"href":"https:\/\/truusk.store\/sv\/wp-json\/wp\/v2\/product_brand?post=93054"},{"taxonomy":"product_cat","embeddable":true,"href":"https:\/\/truusk.store\/sv\/wp-json\/wp\/v2\/product_cat?post=93054"},{"taxonomy":"product_tag","embeddable":true,"href":"https:\/\/truusk.store\/sv\/wp-json\/wp\/v2\/product_tag?post=93054"}],"curies":[{"name":"wp","href":"https:\/\/api.w.org\/{rel}","templated":true}]}}