{"id":93064,"date":"2025-10-09T13:27:28","date_gmt":"2025-10-09T12:27:28","guid":{"rendered":"https:\/\/truusk.store\/product\/aiyaplay-gungshast-med-lejondesign-25-kg-barkapacitet-2-5-ar-tra-orange\/"},"modified":"2026-03-12T08:48:44","modified_gmt":"2026-03-12T07:48:44","slug":"truusk-barnvagn-med-lejonmotiv-maxvikt-25-kg-for-aldrarna-2-5-ar-tra-orange","status":"publish","type":"product","link":"https:\/\/truusk.store\/sv\/produkt\/truusk-barnvagn-med-lejonmotiv-maxvikt-25-kg-for-aldrarna-2-5-ar-tra-orange\/","title":{"rendered":"TRUUSK Barnvagn med Lejonmotiv &#8211; Maxvikt 25 kg &#8211; F\u00f6r \u00e5ldrarna 2-5 \u00e5r &#8211; Tr\u00e4 &#8211; Orange"},"content":{"rendered":"<p>\u00c4r du orolig \u00f6ver att f\u00f6r mycket sk\u00e4rmtid inte \u00e4r bra f\u00f6r ditt barn? Det \u00e4r oroande n\u00e4r inga viktiga f\u00e4rdigheter fr\u00e4mjas under spelet. Gungah\u00e4sten fr\u00e5n AIYAPLAY erbjuder en underh\u00e5llande l\u00f6sning. Med den breda, tipp-s\u00e4kra basen och den mjuka r\u00f6relsen hos gungdjuret st\u00e4rker det ditt barns k\u00e4rnmuskulatur och koordination, och omvandlar spelgl\u00e4dje till h\u00e4lsosam tillv\u00e4xt.<\/p>\n<p>Beskrivning:<\/p>\n<ul>\n<li> Unik lejon-design med levande f\u00e4rger stimulerar fantasin<\/li>\n<li> Bred bas och rundade kanter p\u00e5 babygungan erbjuder s\u00e4ker gunggl\u00e4dje<\/li>\n<li> Barnets gungstol fr\u00e4mjar utvecklingen av k\u00e4rnstyrka, balans och koordination<\/li>\n<li> Tillverkad av stabilt tr\u00e4 f\u00f6r att \u00f6verleva sm\u00e5barns\u00e5ren<\/li>\n<li> Stabil konstruktion av barnets gungstol b\u00e4r upp till 25 kg, l\u00e4mplig f\u00f6r barn fr\u00e5n 2-5 \u00e5r<\/li>\n<li> Fantastisk present f\u00f6r att skapa v\u00e4rdefulla familjeminne<\/li>\n<li> Montering kr\u00e4vs<\/li>\n<\/ul>\n<p> Tekniska specifikationer:<\/p>\n<ul>\n<li> F\u00e4rg: Orange<\/li>\n<li> Material: Flerlagerskiva<\/li>\n<li> Totala dimensioner: 59L x 27B x 44H cm<\/li>\n<li> Sitsstorlek: 15B x 30T cm<\/li>\n<li> Sitth\u00f6jd: 28,5 cm<\/li>\n<li> Basstorlek: 59L x 27B cm<\/li>\n<li> Godk\u00e4nd \u00e5lder: 2+ \u00e5r<\/li>\n<li> Rekommenderad \u00e5lder: 2\u20135 \u00e5r<\/li>\n<li> B\u00e4rkapacitet: 25 kg<\/li>\n<\/ul>\n<p>Leveransinneh\u00e5ll:<\/p>\n<ul>\n<li> 1 x Barn-gungah\u00e4st<\/li>\n<li> 1 x Bruksanvisning<\/li>\n<\/ul>\n","protected":false},"excerpt":{"rendered":"<p>\u00c4r du orolig \u00f6ver att f\u00f6r mycket sk\u00e4rmtid inte \u00e4r bra f\u00f6r ditt barn? Det \u00e4r oroande n\u00e4r inga viktiga&#8230;<\/p>\n","protected":false},"featured_media":93055,"template":"","meta":[],"product_brand":[],"product_cat":[880,988,918],"product_tag":[],"class_list":{"0":"post-93064","1":"product","2":"type-product","3":"status-publish","4":"has-post-thumbnail","6":"product_cat-baby-barn-2","7":"product_cat-gungdjur","8":"product_cat-leksaker","10":"first","11":"instock","12":"sale","13":"taxable","14":"shipping-taxable","15":"purchasable","16":"product-type-simple"},"yoast_head":"<!-- This site is optimized with the Yoast SEO plugin v25.4 - https:\/\/yoast.com\/wordpress\/plugins\/seo\/ -->\n<title>TRUUSK Barnvagn med Lejonmotiv - Maxvikt 25 kg - F\u00f6r \u00e5ldrarna 2-5 \u00e5r - Tr\u00e4 - Orange - TRUUSK - Hem, Tr\u00e4dg\u00e5rd &amp; Fritid<\/title>\n<meta name=\"robots\" content=\"index, follow, max-snippet:-1, max-image-preview:large, max-video-preview:-1\" \/>\n<link rel=\"canonical\" href=\"https:\/\/truusk.store\/sv\/produkt\/truusk-barnvagn-med-lejonmotiv-maxvikt-25-kg-for-aldrarna-2-5-ar-tra-orange\/\" \/>\n<meta property=\"og:locale\" content=\"sv_SE\" \/>\n<meta property=\"og:type\" content=\"article\" \/>\n<meta property=\"og:title\" content=\"TRUUSK Barnvagn med Lejonmotiv - Maxvikt 25 kg - F\u00f6r \u00e5ldrarna 2-5 \u00e5r - Tr\u00e4 - Orange - TRUUSK - Hem, Tr\u00e4dg\u00e5rd &amp; Fritid\" \/>\n<meta property=\"og:description\" content=\"\u00c4r du orolig \u00f6ver att f\u00f6r mycket sk\u00e4rmtid inte \u00e4r bra f\u00f6r ditt barn? Det \u00e4r oroande n\u00e4r inga viktiga...\" \/>\n<meta property=\"og:url\" content=\"https:\/\/truusk.store\/sv\/produkt\/truusk-barnvagn-med-lejonmotiv-maxvikt-25-kg-for-aldrarna-2-5-ar-tra-orange\/\" \/>\n<meta property=\"og:site_name\" content=\"TRUUSK - Hem, Tr\u00e4dg\u00e5rd &amp; Fritid\" \/>\n<meta property=\"article:modified_time\" content=\"2026-03-12T07:48:44+00:00\" \/>\n<meta property=\"og:image\" content=\"https:\/\/i0.wp.com\/truusk.se\/wp-content\/uploads\/2025\/10\/aiyaplay-gungshast-med-lejondesign-25-kg-barkapacitet-2-5-ar-tra-orange-1.webp?fit=2000%2C2000&ssl=1\" \/>\n\t<meta property=\"og:image:width\" content=\"2000\" \/>\n\t<meta property=\"og:image:height\" content=\"2000\" \/>\n\t<meta property=\"og:image:type\" content=\"image\/webp\" \/>\n<meta name=\"twitter:card\" content=\"summary_large_image\" \/>\n<meta name=\"twitter:label1\" content=\"Ber\u00e4knad l\u00e4stid\" \/>\n\t<meta name=\"twitter:data1\" content=\"1 minut\" \/>\n<!-- \/ Yoast SEO plugin. -->","yoast_head_json":{"title":"TRUUSK Barnvagn med Lejonmotiv - Maxvikt 25 kg - F\u00f6r \u00e5ldrarna 2-5 \u00e5r - Tr\u00e4 - Orange - TRUUSK - Hem, Tr\u00e4dg\u00e5rd &amp; Fritid","robots":{"index":"index","follow":"follow","max-snippet":"max-snippet:-1","max-image-preview":"max-image-preview:large","max-video-preview":"max-video-preview:-1"},"canonical":"https:\/\/truusk.store\/sv\/produkt\/truusk-barnvagn-med-lejonmotiv-maxvikt-25-kg-for-aldrarna-2-5-ar-tra-orange\/","og_locale":"sv_SE","og_type":"article","og_title":"TRUUSK Barnvagn med Lejonmotiv - Maxvikt 25 kg - F\u00f6r \u00e5ldrarna 2-5 \u00e5r - Tr\u00e4 - Orange - TRUUSK - Hem, Tr\u00e4dg\u00e5rd &amp; Fritid","og_description":"\u00c4r du orolig \u00f6ver att f\u00f6r mycket sk\u00e4rmtid inte \u00e4r bra f\u00f6r ditt barn? Det \u00e4r oroande n\u00e4r inga viktiga...","og_url":"https:\/\/truusk.store\/sv\/produkt\/truusk-barnvagn-med-lejonmotiv-maxvikt-25-kg-for-aldrarna-2-5-ar-tra-orange\/","og_site_name":"TRUUSK - Hem, Tr\u00e4dg\u00e5rd &amp; Fritid","article_modified_time":"2026-03-12T07:48:44+00:00","og_image":[{"width":2000,"height":2000,"url":"https:\/\/i0.wp.com\/truusk.se\/wp-content\/uploads\/2025\/10\/aiyaplay-gungshast-med-lejondesign-25-kg-barkapacitet-2-5-ar-tra-orange-1.webp?fit=2000%2C2000&ssl=1","type":"image\/webp"}],"twitter_card":"summary_large_image","twitter_misc":{"Ber\u00e4knad l\u00e4stid":"1 minut"},"schema":{"@context":"https:\/\/schema.org","@graph":[{"@type":"WebPage","@id":"https:\/\/truusk.store\/sv\/produkt\/truusk-barnvagn-med-lejonmotiv-maxvikt-25-kg-for-aldrarna-2-5-ar-tra-orange\/","url":"https:\/\/truusk.store\/sv\/produkt\/truusk-barnvagn-med-lejonmotiv-maxvikt-25-kg-for-aldrarna-2-5-ar-tra-orange\/","name":"TRUUSK Barnvagn med Lejonmotiv - Maxvikt 25 kg - F\u00f6r \u00e5ldrarna 2-5 \u00e5r - Tr\u00e4 - Orange - TRUUSK - Hem, Tr\u00e4dg\u00e5rd &amp; Fritid","isPartOf":{"@id":"https:\/\/truusk.store\/sv\/#website"},"primaryImageOfPage":{"@id":"https:\/\/truusk.store\/sv\/produkt\/truusk-barnvagn-med-lejonmotiv-maxvikt-25-kg-for-aldrarna-2-5-ar-tra-orange\/#primaryimage"},"image":{"@id":"https:\/\/truusk.store\/sv\/produkt\/truusk-barnvagn-med-lejonmotiv-maxvikt-25-kg-for-aldrarna-2-5-ar-tra-orange\/#primaryimage"},"thumbnailUrl":"https:\/\/i0.wp.com\/truusk.store\/wp-content\/uploads\/2025\/10\/aiyaplay-gungshast-med-lejondesign-25-kg-barkapacitet-2-5-ar-tra-orange-1.webp?fit=2000%2C2000&ssl=1","datePublished":"2025-10-09T12:27:28+00:00","dateModified":"2026-03-12T07:48:44+00:00","breadcrumb":{"@id":"https:\/\/truusk.store\/sv\/produkt\/truusk-barnvagn-med-lejonmotiv-maxvikt-25-kg-for-aldrarna-2-5-ar-tra-orange\/#breadcrumb"},"inLanguage":"sv-SE","potentialAction":[{"@type":"ReadAction","target":["https:\/\/truusk.store\/sv\/produkt\/truusk-barnvagn-med-lejonmotiv-maxvikt-25-kg-for-aldrarna-2-5-ar-tra-orange\/"]}]},{"@type":"ImageObject","inLanguage":"sv-SE","@id":"https:\/\/truusk.store\/sv\/produkt\/truusk-barnvagn-med-lejonmotiv-maxvikt-25-kg-for-aldrarna-2-5-ar-tra-orange\/#primaryimage","url":"https:\/\/i0.wp.com\/truusk.store\/wp-content\/uploads\/2025\/10\/aiyaplay-gungshast-med-lejondesign-25-kg-barkapacitet-2-5-ar-tra-orange-1.webp?fit=2000%2C2000&ssl=1","contentUrl":"https:\/\/i0.wp.com\/truusk.store\/wp-content\/uploads\/2025\/10\/aiyaplay-gungshast-med-lejondesign-25-kg-barkapacitet-2-5-ar-tra-orange-1.webp?fit=2000%2C2000&ssl=1","width":2000,"height":2000},{"@type":"BreadcrumbList","@id":"https:\/\/truusk.store\/sv\/produkt\/truusk-barnvagn-med-lejonmotiv-maxvikt-25-kg-for-aldrarna-2-5-ar-tra-orange\/#breadcrumb","itemListElement":[{"@type":"ListItem","position":1,"name":"Home","item":"https:\/\/truusk.store\/sv\/"},{"@type":"ListItem","position":2,"name":"Shop","item":"https:\/\/truusk.store\/shop\/"},{"@type":"ListItem","position":3,"name":"TRUUSK Barnvagn med Lejonmotiv &#8211; Maxvikt 25 kg &#8211; F\u00f6r \u00e5ldrarna 2-5 \u00e5r &#8211; Tr\u00e4 &#8211; Orange"}]},{"@type":"WebSite","@id":"https:\/\/truusk.store\/sv\/#website","url":"https:\/\/truusk.store\/sv\/","name":"TRUUSK - Hem, Tr\u00e4dg\u00e5rd & Fritid","description":"","publisher":{"@id":"https:\/\/truusk.store\/sv\/#organization"},"potentialAction":[{"@type":"SearchAction","target":{"@type":"EntryPoint","urlTemplate":"https:\/\/truusk.store\/sv\/?s={search_term_string}"},"query-input":{"@type":"PropertyValueSpecification","valueRequired":true,"valueName":"search_term_string"}}],"inLanguage":"sv-SE"},{"@type":"Organization","@id":"https:\/\/truusk.store\/sv\/#organization","name":"TRUUSK - Hem, Tr\u00e4dg\u00e5rd & Fritid","url":"https:\/\/truusk.store\/sv\/","logo":{"@type":"ImageObject","inLanguage":"sv-SE","@id":"https:\/\/truusk.store\/sv\/#\/schema\/logo\/image\/","url":"https:\/\/i0.wp.com\/truusk.store\/wp-content\/uploads\/2026\/03\/cropped-TRUUSK.png?fit=2032%2C917&ssl=1","contentUrl":"https:\/\/i0.wp.com\/truusk.store\/wp-content\/uploads\/2026\/03\/cropped-TRUUSK.png?fit=2032%2C917&ssl=1","width":2032,"height":917,"caption":"TRUUSK - Hem, Tr\u00e4dg\u00e5rd & Fritid"},"image":{"@id":"https:\/\/truusk.store\/sv\/#\/schema\/logo\/image\/"}}]}},"jetpack_sharing_enabled":true,"_links":{"self":[{"href":"https:\/\/truusk.store\/sv\/wp-json\/wp\/v2\/product\/93064","targetHints":{"allow":["GET"]}}],"collection":[{"href":"https:\/\/truusk.store\/sv\/wp-json\/wp\/v2\/product"}],"about":[{"href":"https:\/\/truusk.store\/sv\/wp-json\/wp\/v2\/types\/product"}],"wp:featuredmedia":[{"embeddable":true,"href":"https:\/\/truusk.store\/sv\/wp-json\/wp\/v2\/media\/93055"}],"wp:attachment":[{"href":"https:\/\/truusk.store\/sv\/wp-json\/wp\/v2\/media?parent=93064"}],"wp:term":[{"taxonomy":"product_brand","embeddable":true,"href":"https:\/\/truusk.store\/sv\/wp-json\/wp\/v2\/product_brand?post=93064"},{"taxonomy":"product_cat","embeddable":true,"href":"https:\/\/truusk.store\/sv\/wp-json\/wp\/v2\/product_cat?post=93064"},{"taxonomy":"product_tag","embeddable":true,"href":"https:\/\/truusk.store\/sv\/wp-json\/wp\/v2\/product_tag?post=93064"}],"curies":[{"name":"wp","href":"https:\/\/api.w.org\/{rel}","templated":true}]}}