{"id":93074,"date":"2025-10-09T13:28:32","date_gmt":"2025-10-09T12:28:32","guid":{"rendered":"https:\/\/truusk.store\/product\/aiyaplay-barnhylla-2-vanings-barnbokhylla-med-hjul-4-hyllor-for-barnrum-lekrum-54x50x56-cm-vit\/"},"modified":"2026-03-12T08:49:14","modified_gmt":"2026-03-12T07:49:14","slug":"truusk-barnhylla-med-hjul-2-vaningar-for-barnrum-och-lekrum-4-hyllor-54x50x56-cm-vit","status":"publish","type":"product","link":"https:\/\/truusk.store\/sv\/produkt\/truusk-barnhylla-med-hjul-2-vaningar-for-barnrum-och-lekrum-4-hyllor-54x50x56-cm-vit\/","title":{"rendered":"TRUUSK Barnhylla med Hjul, 2 V\u00e5ningar &#8211; F\u00f6r Barnrum och Lekrum &#8211; 4 Hyllor &#8211; 54x50x56 cm &#8211; Vit"},"content":{"rendered":"<p>Skapa ordning och s\u00e4kerhet i barnrummet med AIYAPLAY barnhylla. Det tv\u00e5stegs lagringsdesignen p\u00e5 barnbokhyllan erbjuder gott om plats f\u00f6r leksaker och b\u00f6cker och fr\u00e4mjar dina barns organisationsf\u00f6rm\u00e5ga. Tillverkad av barns\u00e4kra plattor med rundade kanter, skapar denna bokhylla en s\u00e4ker lekmilj\u00f6 utan stress. Sluta med kaos &#8211; se fram emot ett st\u00e4dat, avslappnat hem f\u00f6r dig och ditt barn.<\/p>\n<p>Beskrivning:<\/p>\n<ul>\n<li> Erbjuder tv\u00e5 niv\u00e5er f\u00f6r b\u00f6cker och leksaker, h\u00e5ller rummen snygga<\/li>\n<li> Tillverkad av barnv\u00e4nligt material f\u00f6r en s\u00e4ker och stabil struktur<\/li>\n<li> Alla h\u00f6rn p\u00e5 barnbokhyllan \u00e4r rundade f\u00f6r att undvika st\u00f6tar och garantera barnens s\u00e4kerhet<\/li>\n<li> Fyra universella hjul p\u00e5 barnrumshyllan ger smidig r\u00f6rlighet, l\u00e4tt f\u00f6r barn att skjuta<\/li>\n<li> L\u00e4mplig h\u00f6jd p\u00e5 leksakshyllan f\u00f6r barn i \u00e5ldern 3-8 \u00e5r, fr\u00e4mjar sj\u00e4lvst\u00e4ndig tillg\u00e5ng och st\u00e4dning<\/li>\n<li> H\u00e5ller upp till 30kg, erbjuder stabil och l\u00e5ngvarig f\u00f6rvaring<\/li>\n<li> Enkel vit design p\u00e5 barnhyllan sm\u00e4lter s\u00f6ml\u00f6st in i alla rumdekorationer<\/li>\n<li> Montering kr\u00e4vs<\/li>\n<\/ul>\n<p> Tekniska data:<\/p>\n<ul>\n<li> F\u00e4rg: Vit<\/li>\n<li> Material: MDF<\/li>\n<li> Totala dimensioner: 54L x 50B x 56H cm<\/li>\n<li> \u00d6vre fack: 47,6L x 18B x 22,7H cm<\/li>\n<li> Nedre fack: 47,6L x 23,2B x 24,3H cm<\/li>\n<li> Hjuldiameter: \u00d82 cm<\/li>\n<li> Godk\u00e4nd \u00e5lder: 3+ \u00e5r<\/li>\n<li> Rekommenderad \u00e5lder: 3-8 \u00e5r<\/li>\n<li> Maximal belastning: 30 kg (totalt), 5 kg (\u00f6vre fack), 10 kg (nedre fack)<\/li>\n<\/ul>\n<p>Leverans inneh\u00e5ller:<\/p>\n<ul>\n<li> 1 x Leksaksf\u00f6rvaring<\/li>\n<li> 1 x Bruksanvisning<\/li>\n<\/ul>\n","protected":false},"excerpt":{"rendered":"<p>Skapa ordning och s\u00e4kerhet i barnrummet med AIYAPLAY barnhylla. Det tv\u00e5stegs lagringsdesignen p\u00e5 barnbokhyllan erbjuder gott om plats f\u00f6r leksaker&#8230;<\/p>\n","protected":false},"featured_media":93065,"template":"","meta":[],"product_brand":[],"product_cat":[880,631,909],"product_tag":[],"class_list":{"0":"post-93074","1":"product","2":"type-product","3":"status-publish","4":"has-post-thumbnail","6":"product_cat-baby-barn-2","7":"product_cat-barnmobler","8":"product_cat-forvaring-av-leksaker","10":"first","11":"instock","12":"sale","13":"taxable","14":"shipping-taxable","15":"purchasable","16":"product-type-simple"},"yoast_head":"<!-- This site is optimized with the Yoast SEO plugin v25.4 - https:\/\/yoast.com\/wordpress\/plugins\/seo\/ -->\n<title>TRUUSK Barnhylla med Hjul, 2 V\u00e5ningar - F\u00f6r Barnrum och Lekrum - 4 Hyllor - 54x50x56 cm - Vit - TRUUSK - Hem, Tr\u00e4dg\u00e5rd &amp; Fritid<\/title>\n<meta name=\"robots\" content=\"index, follow, max-snippet:-1, max-image-preview:large, max-video-preview:-1\" \/>\n<link rel=\"canonical\" href=\"https:\/\/truusk.store\/sv\/produkt\/truusk-barnhylla-med-hjul-2-vaningar-for-barnrum-och-lekrum-4-hyllor-54x50x56-cm-vit\/\" \/>\n<meta property=\"og:locale\" content=\"sv_SE\" \/>\n<meta property=\"og:type\" content=\"article\" \/>\n<meta property=\"og:title\" content=\"TRUUSK Barnhylla med Hjul, 2 V\u00e5ningar - F\u00f6r Barnrum och Lekrum - 4 Hyllor - 54x50x56 cm - Vit - TRUUSK - Hem, Tr\u00e4dg\u00e5rd &amp; Fritid\" \/>\n<meta property=\"og:description\" content=\"Skapa ordning och s\u00e4kerhet i barnrummet med AIYAPLAY barnhylla. Det tv\u00e5stegs lagringsdesignen p\u00e5 barnbokhyllan erbjuder gott om plats f\u00f6r leksaker...\" \/>\n<meta property=\"og:url\" content=\"https:\/\/truusk.store\/sv\/produkt\/truusk-barnhylla-med-hjul-2-vaningar-for-barnrum-och-lekrum-4-hyllor-54x50x56-cm-vit\/\" \/>\n<meta property=\"og:site_name\" content=\"TRUUSK - Hem, Tr\u00e4dg\u00e5rd &amp; Fritid\" \/>\n<meta property=\"article:modified_time\" content=\"2026-03-12T07:49:14+00:00\" \/>\n<meta property=\"og:image\" content=\"https:\/\/i0.wp.com\/truusk.se\/wp-content\/uploads\/2025\/10\/aiyaplay-barnhylla-2-vanings-barnbokhylla-med-hjul-4-hyllor-for-barnrum-lekrum-54x50x56-cm-vit-1.webp?fit=2000%2C2000&ssl=1\" \/>\n\t<meta property=\"og:image:width\" content=\"2000\" \/>\n\t<meta property=\"og:image:height\" content=\"2000\" \/>\n\t<meta property=\"og:image:type\" content=\"image\/webp\" \/>\n<meta name=\"twitter:card\" content=\"summary_large_image\" \/>\n<meta name=\"twitter:label1\" content=\"Ber\u00e4knad l\u00e4stid\" \/>\n\t<meta name=\"twitter:data1\" content=\"1 minut\" \/>\n<!-- \/ Yoast SEO plugin. -->","yoast_head_json":{"title":"TRUUSK Barnhylla med Hjul, 2 V\u00e5ningar - F\u00f6r Barnrum och Lekrum - 4 Hyllor - 54x50x56 cm - Vit - TRUUSK - Hem, Tr\u00e4dg\u00e5rd &amp; Fritid","robots":{"index":"index","follow":"follow","max-snippet":"max-snippet:-1","max-image-preview":"max-image-preview:large","max-video-preview":"max-video-preview:-1"},"canonical":"https:\/\/truusk.store\/sv\/produkt\/truusk-barnhylla-med-hjul-2-vaningar-for-barnrum-och-lekrum-4-hyllor-54x50x56-cm-vit\/","og_locale":"sv_SE","og_type":"article","og_title":"TRUUSK Barnhylla med Hjul, 2 V\u00e5ningar - F\u00f6r Barnrum och Lekrum - 4 Hyllor - 54x50x56 cm - Vit - TRUUSK - Hem, Tr\u00e4dg\u00e5rd &amp; Fritid","og_description":"Skapa ordning och s\u00e4kerhet i barnrummet med AIYAPLAY barnhylla. Det tv\u00e5stegs lagringsdesignen p\u00e5 barnbokhyllan erbjuder gott om plats f\u00f6r leksaker...","og_url":"https:\/\/truusk.store\/sv\/produkt\/truusk-barnhylla-med-hjul-2-vaningar-for-barnrum-och-lekrum-4-hyllor-54x50x56-cm-vit\/","og_site_name":"TRUUSK - Hem, Tr\u00e4dg\u00e5rd &amp; Fritid","article_modified_time":"2026-03-12T07:49:14+00:00","og_image":[{"width":2000,"height":2000,"url":"https:\/\/i0.wp.com\/truusk.se\/wp-content\/uploads\/2025\/10\/aiyaplay-barnhylla-2-vanings-barnbokhylla-med-hjul-4-hyllor-for-barnrum-lekrum-54x50x56-cm-vit-1.webp?fit=2000%2C2000&ssl=1","type":"image\/webp"}],"twitter_card":"summary_large_image","twitter_misc":{"Ber\u00e4knad l\u00e4stid":"1 minut"},"schema":{"@context":"https:\/\/schema.org","@graph":[{"@type":"WebPage","@id":"https:\/\/truusk.store\/sv\/produkt\/truusk-barnhylla-med-hjul-2-vaningar-for-barnrum-och-lekrum-4-hyllor-54x50x56-cm-vit\/","url":"https:\/\/truusk.store\/sv\/produkt\/truusk-barnhylla-med-hjul-2-vaningar-for-barnrum-och-lekrum-4-hyllor-54x50x56-cm-vit\/","name":"TRUUSK Barnhylla med Hjul, 2 V\u00e5ningar - F\u00f6r Barnrum och Lekrum - 4 Hyllor - 54x50x56 cm - Vit - TRUUSK - Hem, Tr\u00e4dg\u00e5rd &amp; Fritid","isPartOf":{"@id":"https:\/\/truusk.store\/sv\/#website"},"primaryImageOfPage":{"@id":"https:\/\/truusk.store\/sv\/produkt\/truusk-barnhylla-med-hjul-2-vaningar-for-barnrum-och-lekrum-4-hyllor-54x50x56-cm-vit\/#primaryimage"},"image":{"@id":"https:\/\/truusk.store\/sv\/produkt\/truusk-barnhylla-med-hjul-2-vaningar-for-barnrum-och-lekrum-4-hyllor-54x50x56-cm-vit\/#primaryimage"},"thumbnailUrl":"https:\/\/i0.wp.com\/truusk.store\/wp-content\/uploads\/2025\/10\/aiyaplay-barnhylla-2-vanings-barnbokhylla-med-hjul-4-hyllor-for-barnrum-lekrum-54x50x56-cm-vit-1.webp?fit=2000%2C2000&ssl=1","datePublished":"2025-10-09T12:28:32+00:00","dateModified":"2026-03-12T07:49:14+00:00","breadcrumb":{"@id":"https:\/\/truusk.store\/sv\/produkt\/truusk-barnhylla-med-hjul-2-vaningar-for-barnrum-och-lekrum-4-hyllor-54x50x56-cm-vit\/#breadcrumb"},"inLanguage":"sv-SE","potentialAction":[{"@type":"ReadAction","target":["https:\/\/truusk.store\/sv\/produkt\/truusk-barnhylla-med-hjul-2-vaningar-for-barnrum-och-lekrum-4-hyllor-54x50x56-cm-vit\/"]}]},{"@type":"ImageObject","inLanguage":"sv-SE","@id":"https:\/\/truusk.store\/sv\/produkt\/truusk-barnhylla-med-hjul-2-vaningar-for-barnrum-och-lekrum-4-hyllor-54x50x56-cm-vit\/#primaryimage","url":"https:\/\/i0.wp.com\/truusk.store\/wp-content\/uploads\/2025\/10\/aiyaplay-barnhylla-2-vanings-barnbokhylla-med-hjul-4-hyllor-for-barnrum-lekrum-54x50x56-cm-vit-1.webp?fit=2000%2C2000&ssl=1","contentUrl":"https:\/\/i0.wp.com\/truusk.store\/wp-content\/uploads\/2025\/10\/aiyaplay-barnhylla-2-vanings-barnbokhylla-med-hjul-4-hyllor-for-barnrum-lekrum-54x50x56-cm-vit-1.webp?fit=2000%2C2000&ssl=1","width":2000,"height":2000},{"@type":"BreadcrumbList","@id":"https:\/\/truusk.store\/sv\/produkt\/truusk-barnhylla-med-hjul-2-vaningar-for-barnrum-och-lekrum-4-hyllor-54x50x56-cm-vit\/#breadcrumb","itemListElement":[{"@type":"ListItem","position":1,"name":"Home","item":"https:\/\/truusk.store\/sv\/"},{"@type":"ListItem","position":2,"name":"Shop","item":"https:\/\/truusk.store\/shop\/"},{"@type":"ListItem","position":3,"name":"TRUUSK Barnhylla med Hjul, 2 V\u00e5ningar &#8211; F\u00f6r Barnrum och Lekrum &#8211; 4 Hyllor &#8211; 54x50x56 cm &#8211; Vit"}]},{"@type":"WebSite","@id":"https:\/\/truusk.store\/sv\/#website","url":"https:\/\/truusk.store\/sv\/","name":"TRUUSK - Hem, Tr\u00e4dg\u00e5rd & Fritid","description":"","publisher":{"@id":"https:\/\/truusk.store\/sv\/#organization"},"potentialAction":[{"@type":"SearchAction","target":{"@type":"EntryPoint","urlTemplate":"https:\/\/truusk.store\/sv\/?s={search_term_string}"},"query-input":{"@type":"PropertyValueSpecification","valueRequired":true,"valueName":"search_term_string"}}],"inLanguage":"sv-SE"},{"@type":"Organization","@id":"https:\/\/truusk.store\/sv\/#organization","name":"TRUUSK - Hem, Tr\u00e4dg\u00e5rd & Fritid","url":"https:\/\/truusk.store\/sv\/","logo":{"@type":"ImageObject","inLanguage":"sv-SE","@id":"https:\/\/truusk.store\/sv\/#\/schema\/logo\/image\/","url":"https:\/\/i0.wp.com\/truusk.store\/wp-content\/uploads\/2026\/03\/cropped-TRUUSK.png?fit=2032%2C917&ssl=1","contentUrl":"https:\/\/i0.wp.com\/truusk.store\/wp-content\/uploads\/2026\/03\/cropped-TRUUSK.png?fit=2032%2C917&ssl=1","width":2032,"height":917,"caption":"TRUUSK - Hem, Tr\u00e4dg\u00e5rd & Fritid"},"image":{"@id":"https:\/\/truusk.store\/sv\/#\/schema\/logo\/image\/"}}]}},"jetpack_sharing_enabled":true,"_links":{"self":[{"href":"https:\/\/truusk.store\/sv\/wp-json\/wp\/v2\/product\/93074","targetHints":{"allow":["GET"]}}],"collection":[{"href":"https:\/\/truusk.store\/sv\/wp-json\/wp\/v2\/product"}],"about":[{"href":"https:\/\/truusk.store\/sv\/wp-json\/wp\/v2\/types\/product"}],"wp:featuredmedia":[{"embeddable":true,"href":"https:\/\/truusk.store\/sv\/wp-json\/wp\/v2\/media\/93065"}],"wp:attachment":[{"href":"https:\/\/truusk.store\/sv\/wp-json\/wp\/v2\/media?parent=93074"}],"wp:term":[{"taxonomy":"product_brand","embeddable":true,"href":"https:\/\/truusk.store\/sv\/wp-json\/wp\/v2\/product_brand?post=93074"},{"taxonomy":"product_cat","embeddable":true,"href":"https:\/\/truusk.store\/sv\/wp-json\/wp\/v2\/product_cat?post=93074"},{"taxonomy":"product_tag","embeddable":true,"href":"https:\/\/truusk.store\/sv\/wp-json\/wp\/v2\/product_tag?post=93074"}],"curies":[{"name":"wp","href":"https:\/\/api.w.org\/{rel}","templated":true}]}}