{"id":93094,"date":"2025-10-09T13:30:39","date_gmt":"2025-10-09T12:30:39","guid":{"rendered":"https:\/\/truusk.store\/product\/aiyaplay-barnhylla-med-7-hyllor-for-bocker-leksaker-rundade-kanter-bar-40-kg-vit\/"},"modified":"2026-03-12T08:50:17","modified_gmt":"2026-03-12T07:50:17","slug":"truusk-barnhylla-7-hyllor-rundade-kanter-bar-40-kg-vit","status":"publish","type":"product","link":"https:\/\/truusk.store\/sv\/produkt\/truusk-barnhylla-7-hyllor-rundade-kanter-bar-40-kg-vit\/","title":{"rendered":"TRUUSK Barnhylla &#8211; 7 Hyllor &#8211; Rundade Kanter &#8211; B\u00e4r 40 Kg &#8211; Vit"},"content":{"rendered":"<p>AIYAPLAY barnhyllan erbjuder gott om utrymme och separata fack f\u00f6r b\u00f6cker, leksaker och hantverksmaterial. De Montessori-inspirerade, fr\u00e4mre barnhyllorna fr\u00e4mjar sj\u00e4lvst\u00e4ndig l\u00e4sning. Tillverkad av FSC-certifierat tr\u00e4 f\u00f6r ett s\u00e4kert och h\u00e5llbart val, sl\u00e4ta, rundade kanter och en upph\u00f6jd botten f\u00f6r att skydda mot fukt. Med en b\u00e4rkapacitet p\u00e5 40 kg \u00e4r denna barnhylla extremt robust och f\u00f6rvr\u00e4nger sig inte. Perfekt f\u00f6r sm\u00e5 utrymmen och \u00e4r l\u00e4tt att reng\u00f6ra.<\/p>\n<p>Beskrivning:<\/p>\n<ul>\n<li> Har 7 f\u00f6rvaringshyllor f\u00f6r b\u00f6cker och leksaker f\u00f6r att h\u00e5lla ditt barns rum snyggt<\/li>\n<li> Den Montessori-inspirerade designen g\u00f6r det m\u00f6jligt f\u00f6r barn att enkelt greppa b\u00f6cker och fr\u00e4mjar k\u00e4rleken till l\u00e4sning<\/li>\n<li> Tillverkad av FSC-certifierat tr\u00e4, s\u00e5 att barn kan g\u00f6ra ett s\u00e4kert och milj\u00f6v\u00e4nligt val<\/li>\n<li> Alla kanter \u00e4r rundade f\u00f6r att undvika st\u00f6tar och s\u00e4kerst\u00e4lla ditt barns s\u00e4kerhet<\/li>\n<li> Den upph\u00f6jda basen p\u00e5 f\u00f6rvaringshyllan skyddar mot fukt och underl\u00e4ttar reng\u00f6ring<\/li>\n<li> Med en b\u00e4rkapacitet p\u00e5 40 kg st\u00f6der det v\u00e4xande samlingar av b\u00f6cker och leksaker<\/li>\n<li> Levereras med tydliga instruktioner f\u00f6r snabb och enkel montering p\u00e5 40 minuter<\/li>\n<\/ul>\n<p> Tekniska specifikationer:<\/p>\n<ul>\n<li> F\u00e4rg: Vit<\/li>\n<li> Material: MDF, furutr\u00e4<\/li>\n<li> Totala dimensioner: 80L x 30B x 79,7H cm<\/li>\n<li> V\u00e4nstra \u00f6vre hyllan: 47,5L x 8,3T x 18,4H cm (3 st.)<\/li>\n<li> V\u00e4nstra nedre hyllan: 47,5L x 28,7T x 15,2H cm<\/li>\n<li> H\u00f6gra \u00f6vre hyllan: 30L x 16T x 21,7H cm<\/li>\n<li> H\u00f6gra nedre hyllorna: 30L x 28,6T x 22H cm (2 st.)<\/li>\n<li> Golv h\u00f6jd: 4 cm<\/li>\n<li> Rekommenderad \u00e5lder: 3-8 \u00e5r<\/li>\n<li> Godk\u00e4nd \u00e5lder: 3+ \u00e5r<\/li>\n<li> Maximal belastning: V\u00e4nstra \u00f6vre hyllorna 5 kg (varje), v\u00e4nstra nedre hyllan 10 kg, h\u00f6gra hyllorna 5 kg (varje), totalt 40 kg<\/li>\n<\/ul>\n<p>Leverans inneh\u00e5ller:<\/p>\n<ul>\n<li> 1 x bokhylla<\/li>\n<li> 1 x manual<\/li>\n<\/ul>\n","protected":false},"excerpt":{"rendered":"<p>AIYAPLAY barnhyllan erbjuder gott om utrymme och separata fack f\u00f6r b\u00f6cker, leksaker och hantverksmaterial. De Montessori-inspirerade, fr\u00e4mre barnhyllorna fr\u00e4mjar sj\u00e4lvst\u00e4ndig&#8230;<\/p>\n","protected":false},"featured_media":93085,"template":"","meta":[],"product_brand":[],"product_cat":[880,636,631],"product_tag":[],"class_list":{"0":"post-93094","1":"product","2":"type-product","3":"status-publish","4":"has-post-thumbnail","6":"product_cat-baby-barn-2","7":"product_cat-barnhyllor-barnskap","8":"product_cat-barnmobler","10":"first","11":"instock","12":"sale","13":"taxable","14":"shipping-taxable","15":"purchasable","16":"product-type-simple"},"yoast_head":"<!-- This site is optimized with the Yoast SEO plugin v25.4 - https:\/\/yoast.com\/wordpress\/plugins\/seo\/ -->\n<title>TRUUSK Barnhylla - 7 Hyllor - Rundade Kanter - B\u00e4r 40 Kg - Vit - TRUUSK - Hem, Tr\u00e4dg\u00e5rd &amp; Fritid<\/title>\n<meta name=\"robots\" content=\"index, follow, max-snippet:-1, max-image-preview:large, max-video-preview:-1\" \/>\n<link rel=\"canonical\" href=\"https:\/\/truusk.store\/sv\/produkt\/truusk-barnhylla-7-hyllor-rundade-kanter-bar-40-kg-vit\/\" \/>\n<meta property=\"og:locale\" content=\"sv_SE\" \/>\n<meta property=\"og:type\" content=\"article\" \/>\n<meta property=\"og:title\" content=\"TRUUSK Barnhylla - 7 Hyllor - Rundade Kanter - B\u00e4r 40 Kg - Vit - TRUUSK - Hem, Tr\u00e4dg\u00e5rd &amp; Fritid\" \/>\n<meta property=\"og:description\" content=\"AIYAPLAY barnhyllan erbjuder gott om utrymme och separata fack f\u00f6r b\u00f6cker, leksaker och hantverksmaterial. De Montessori-inspirerade, fr\u00e4mre barnhyllorna fr\u00e4mjar sj\u00e4lvst\u00e4ndig...\" \/>\n<meta property=\"og:url\" content=\"https:\/\/truusk.store\/sv\/produkt\/truusk-barnhylla-7-hyllor-rundade-kanter-bar-40-kg-vit\/\" \/>\n<meta property=\"og:site_name\" content=\"TRUUSK - Hem, Tr\u00e4dg\u00e5rd &amp; Fritid\" \/>\n<meta property=\"article:modified_time\" content=\"2026-03-12T07:50:17+00:00\" \/>\n<meta property=\"og:image\" content=\"https:\/\/i0.wp.com\/truusk.se\/wp-content\/uploads\/2025\/10\/aiyaplay-barnhylla-med-7-hyllor-for-bocker-leksaker-rundade-kanter-bar-40-kg-vit-1.webp?fit=2000%2C2000&ssl=1\" \/>\n\t<meta property=\"og:image:width\" content=\"2000\" \/>\n\t<meta property=\"og:image:height\" content=\"2000\" \/>\n\t<meta property=\"og:image:type\" content=\"image\/webp\" \/>\n<meta name=\"twitter:card\" content=\"summary_large_image\" \/>\n<meta name=\"twitter:label1\" content=\"Ber\u00e4knad l\u00e4stid\" \/>\n\t<meta name=\"twitter:data1\" content=\"2 minuter\" \/>\n<!-- \/ Yoast SEO plugin. -->","yoast_head_json":{"title":"TRUUSK Barnhylla - 7 Hyllor - Rundade Kanter - B\u00e4r 40 Kg - Vit - TRUUSK - Hem, Tr\u00e4dg\u00e5rd &amp; Fritid","robots":{"index":"index","follow":"follow","max-snippet":"max-snippet:-1","max-image-preview":"max-image-preview:large","max-video-preview":"max-video-preview:-1"},"canonical":"https:\/\/truusk.store\/sv\/produkt\/truusk-barnhylla-7-hyllor-rundade-kanter-bar-40-kg-vit\/","og_locale":"sv_SE","og_type":"article","og_title":"TRUUSK Barnhylla - 7 Hyllor - Rundade Kanter - B\u00e4r 40 Kg - Vit - TRUUSK - Hem, Tr\u00e4dg\u00e5rd &amp; Fritid","og_description":"AIYAPLAY barnhyllan erbjuder gott om utrymme och separata fack f\u00f6r b\u00f6cker, leksaker och hantverksmaterial. De Montessori-inspirerade, fr\u00e4mre barnhyllorna fr\u00e4mjar sj\u00e4lvst\u00e4ndig...","og_url":"https:\/\/truusk.store\/sv\/produkt\/truusk-barnhylla-7-hyllor-rundade-kanter-bar-40-kg-vit\/","og_site_name":"TRUUSK - Hem, Tr\u00e4dg\u00e5rd &amp; Fritid","article_modified_time":"2026-03-12T07:50:17+00:00","og_image":[{"width":2000,"height":2000,"url":"https:\/\/i0.wp.com\/truusk.se\/wp-content\/uploads\/2025\/10\/aiyaplay-barnhylla-med-7-hyllor-for-bocker-leksaker-rundade-kanter-bar-40-kg-vit-1.webp?fit=2000%2C2000&ssl=1","type":"image\/webp"}],"twitter_card":"summary_large_image","twitter_misc":{"Ber\u00e4knad l\u00e4stid":"2 minuter"},"schema":{"@context":"https:\/\/schema.org","@graph":[{"@type":"WebPage","@id":"https:\/\/truusk.store\/sv\/produkt\/truusk-barnhylla-7-hyllor-rundade-kanter-bar-40-kg-vit\/","url":"https:\/\/truusk.store\/sv\/produkt\/truusk-barnhylla-7-hyllor-rundade-kanter-bar-40-kg-vit\/","name":"TRUUSK Barnhylla - 7 Hyllor - Rundade Kanter - B\u00e4r 40 Kg - Vit - TRUUSK - Hem, Tr\u00e4dg\u00e5rd &amp; Fritid","isPartOf":{"@id":"https:\/\/truusk.store\/sv\/#website"},"primaryImageOfPage":{"@id":"https:\/\/truusk.store\/sv\/produkt\/truusk-barnhylla-7-hyllor-rundade-kanter-bar-40-kg-vit\/#primaryimage"},"image":{"@id":"https:\/\/truusk.store\/sv\/produkt\/truusk-barnhylla-7-hyllor-rundade-kanter-bar-40-kg-vit\/#primaryimage"},"thumbnailUrl":"https:\/\/i0.wp.com\/truusk.store\/wp-content\/uploads\/2025\/10\/aiyaplay-barnhylla-med-7-hyllor-for-bocker-leksaker-rundade-kanter-bar-40-kg-vit-1.webp?fit=2000%2C2000&ssl=1","datePublished":"2025-10-09T12:30:39+00:00","dateModified":"2026-03-12T07:50:17+00:00","breadcrumb":{"@id":"https:\/\/truusk.store\/sv\/produkt\/truusk-barnhylla-7-hyllor-rundade-kanter-bar-40-kg-vit\/#breadcrumb"},"inLanguage":"sv-SE","potentialAction":[{"@type":"ReadAction","target":["https:\/\/truusk.store\/sv\/produkt\/truusk-barnhylla-7-hyllor-rundade-kanter-bar-40-kg-vit\/"]}]},{"@type":"ImageObject","inLanguage":"sv-SE","@id":"https:\/\/truusk.store\/sv\/produkt\/truusk-barnhylla-7-hyllor-rundade-kanter-bar-40-kg-vit\/#primaryimage","url":"https:\/\/i0.wp.com\/truusk.store\/wp-content\/uploads\/2025\/10\/aiyaplay-barnhylla-med-7-hyllor-for-bocker-leksaker-rundade-kanter-bar-40-kg-vit-1.webp?fit=2000%2C2000&ssl=1","contentUrl":"https:\/\/i0.wp.com\/truusk.store\/wp-content\/uploads\/2025\/10\/aiyaplay-barnhylla-med-7-hyllor-for-bocker-leksaker-rundade-kanter-bar-40-kg-vit-1.webp?fit=2000%2C2000&ssl=1","width":2000,"height":2000},{"@type":"BreadcrumbList","@id":"https:\/\/truusk.store\/sv\/produkt\/truusk-barnhylla-7-hyllor-rundade-kanter-bar-40-kg-vit\/#breadcrumb","itemListElement":[{"@type":"ListItem","position":1,"name":"Home","item":"https:\/\/truusk.store\/sv\/"},{"@type":"ListItem","position":2,"name":"Shop","item":"https:\/\/truusk.store\/shop\/"},{"@type":"ListItem","position":3,"name":"TRUUSK Barnhylla &#8211; 7 Hyllor &#8211; Rundade Kanter &#8211; B\u00e4r 40 Kg &#8211; Vit"}]},{"@type":"WebSite","@id":"https:\/\/truusk.store\/sv\/#website","url":"https:\/\/truusk.store\/sv\/","name":"TRUUSK - Hem, Tr\u00e4dg\u00e5rd & Fritid","description":"","publisher":{"@id":"https:\/\/truusk.store\/sv\/#organization"},"potentialAction":[{"@type":"SearchAction","target":{"@type":"EntryPoint","urlTemplate":"https:\/\/truusk.store\/sv\/?s={search_term_string}"},"query-input":{"@type":"PropertyValueSpecification","valueRequired":true,"valueName":"search_term_string"}}],"inLanguage":"sv-SE"},{"@type":"Organization","@id":"https:\/\/truusk.store\/sv\/#organization","name":"TRUUSK - Hem, Tr\u00e4dg\u00e5rd & Fritid","url":"https:\/\/truusk.store\/sv\/","logo":{"@type":"ImageObject","inLanguage":"sv-SE","@id":"https:\/\/truusk.store\/sv\/#\/schema\/logo\/image\/","url":"https:\/\/i0.wp.com\/truusk.store\/wp-content\/uploads\/2026\/03\/cropped-TRUUSK.png?fit=2032%2C917&ssl=1","contentUrl":"https:\/\/i0.wp.com\/truusk.store\/wp-content\/uploads\/2026\/03\/cropped-TRUUSK.png?fit=2032%2C917&ssl=1","width":2032,"height":917,"caption":"TRUUSK - Hem, Tr\u00e4dg\u00e5rd & Fritid"},"image":{"@id":"https:\/\/truusk.store\/sv\/#\/schema\/logo\/image\/"}}]}},"jetpack_sharing_enabled":true,"_links":{"self":[{"href":"https:\/\/truusk.store\/sv\/wp-json\/wp\/v2\/product\/93094","targetHints":{"allow":["GET"]}}],"collection":[{"href":"https:\/\/truusk.store\/sv\/wp-json\/wp\/v2\/product"}],"about":[{"href":"https:\/\/truusk.store\/sv\/wp-json\/wp\/v2\/types\/product"}],"wp:featuredmedia":[{"embeddable":true,"href":"https:\/\/truusk.store\/sv\/wp-json\/wp\/v2\/media\/93085"}],"wp:attachment":[{"href":"https:\/\/truusk.store\/sv\/wp-json\/wp\/v2\/media?parent=93094"}],"wp:term":[{"taxonomy":"product_brand","embeddable":true,"href":"https:\/\/truusk.store\/sv\/wp-json\/wp\/v2\/product_brand?post=93094"},{"taxonomy":"product_cat","embeddable":true,"href":"https:\/\/truusk.store\/sv\/wp-json\/wp\/v2\/product_cat?post=93094"},{"taxonomy":"product_tag","embeddable":true,"href":"https:\/\/truusk.store\/sv\/wp-json\/wp\/v2\/product_tag?post=93094"}],"curies":[{"name":"wp","href":"https:\/\/api.w.org\/{rel}","templated":true}]}}