{"id":93144,"date":"2025-10-09T13:35:31","date_gmt":"2025-10-09T12:35:31","guid":{"rendered":"https:\/\/truusk.store\/product\/klostrad-114-cm-kattorn-med-grotta-sisalstammar-plattform-flervanings-for-medelstora-katter-under-6-kg-ljusgra\/"},"modified":"2026-03-12T08:50:33","modified_gmt":"2026-03-12T07:50:33","slug":"truusk-klostrad-114-cm-kattorn-med-grotta-sisalstammar-plattform-for-katter-under-6-kg-ljusgra","status":"publish","type":"product","link":"https:\/\/truusk.store\/sv\/produkt\/truusk-klostrad-114-cm-kattorn-med-grotta-sisalstammar-plattform-for-katter-under-6-kg-ljusgra\/","title":{"rendered":"TRUUSK Kl\u00f6str\u00e4d 114 cm &#8211; Kattorn med grotta &#8211; Sisalstammar &#8211; Plattform &#8211; F\u00f6r katter under 6 kg &#8211; Ljusgr\u00e5"},"content":{"rendered":"<p>Sk\u00e4m bort din katt med detta TRUUSK kattr\u00e4d p\u00e5 flera niv\u00e5er &#8211; perfekt f\u00f6r kl\u00e4ttring, kl\u00f6sning och vila. Det robusta sp\u00e5nskivechassit och den f\u00f6rst\u00e4rkta basen p\u00e5 kattr\u00e4det garanterar stabilitet och balans. Med mysiga plyschb\u00e4ddar, ett dolt l\u00e4genhet och underh\u00e5llande viloytor, f\u00f6rblir din katt alltid bekv\u00e4m och n\u00f6jd. Sisalbekl\u00e4dda stammar skyddar dina m\u00f6bler och den sv\u00e4ngande bollen ger varierande roligt. Ett perfekt aktivitetscenter!<\/p>\n<p>Beskrivning:<\/p>\n<ul>\n<li> Ett aktivitets- och spelcenter som underh\u00e5ller katter<\/li>\n<li> Inneh\u00e5ller ett mysigt katt hus f\u00f6r avkopplande tupplurer<\/li>\n<li> Konstruktion av sp\u00e5nskiva och sisal f\u00f6r stabilitet<\/li>\n<li> Kattr\u00e4dets viloytor och trappor fr\u00e4mjar kl\u00e4ttergl\u00e4dje<\/li>\n<li> H\u00e4ngande boll p\u00e5 kattr\u00e4det simulerar lekfull aktivitet<\/li>\n<li> Sisalomslutna kl\u00f6spelare skyddar m\u00f6bler<\/li>\n<li> Mjuk tyg\u00f6verdrag p\u00e5 kl\u00f6str\u00e4det f\u00f6r komfort<\/li>\n<li> L\u00e4mplig f\u00f6r 1-2 katter, varje upp till 6 kg<\/li>\n<li> Montering kr\u00e4vs<\/li>\n<\/ul>\n<p> Tekniska data:<\/p>\n<ul>\n<li> F\u00e4rg: Ljusgr\u00e5<\/li>\n<li> Material: Sp\u00e5nskiva, plysch, skum, sisal<\/li>\n<li> Totala dimensioner: 60L x 45B x 114H cm<\/li>\n<li> Katts\u00e4ng: 44,5B x 30,5T x 8H cm<\/li>\n<li> Kattl\u00e4genhet: 34B x 34T x 35H cm<\/li>\n<li> D\u00f6rrh\u00e5l: 21B x 25H cm<\/li>\n<li> Plattform: (Fr\u00e5n botten till topp) 45L x 31B cm, 49L x 31B cm<\/li>\n<li> Pelare: \u00d88,1 cm<\/li>\n<li> Bas: 60B x 45T cm<\/li>\n<li> B\u00e4rf\u00f6rm\u00e5ga: 12 kg<\/li>\n<\/ul>\n<p>Leveransinneh\u00e5ll:<\/p>\n<ul>\n<li> 1 x Kl\u00f6str\u00e4d<\/li>\n<li> 1 x Bruksanvisning<\/li>\n<\/ul>\n","protected":false},"excerpt":{"rendered":"<p>Sk\u00e4m bort din katt med detta TRUUSK kattr\u00e4d p\u00e5 flera niv\u00e5er &#8211; perfekt f\u00f6r kl\u00e4ttring, kl\u00f6sning och vila. Det robusta&#8230;<\/p>\n","protected":false},"featured_media":93135,"template":"","meta":[],"product_brand":[],"product_cat":[895,588,879],"product_tag":[],"class_list":{"0":"post-93144","1":"product","2":"type-product","3":"status-publish","4":"has-post-thumbnail","6":"product_cat-djurutrustning","7":"product_cat-katttillbehor","8":"product_cat-klostrad","10":"first","11":"instock","12":"sale","13":"taxable","14":"shipping-taxable","15":"purchasable","16":"product-type-simple"},"yoast_head":"<!-- This site is optimized with the Yoast SEO plugin v25.4 - https:\/\/yoast.com\/wordpress\/plugins\/seo\/ -->\n<title>TRUUSK Kl\u00f6str\u00e4d 114 cm - Kattorn med grotta - Sisalstammar - Plattform - F\u00f6r katter under 6 kg - Ljusgr\u00e5 - TRUUSK - Hem, Tr\u00e4dg\u00e5rd &amp; Fritid<\/title>\n<meta name=\"robots\" content=\"index, follow, max-snippet:-1, max-image-preview:large, max-video-preview:-1\" \/>\n<link rel=\"canonical\" href=\"https:\/\/truusk.store\/sv\/produkt\/truusk-klostrad-114-cm-kattorn-med-grotta-sisalstammar-plattform-for-katter-under-6-kg-ljusgra\/\" \/>\n<meta property=\"og:locale\" content=\"sv_SE\" \/>\n<meta property=\"og:type\" content=\"article\" \/>\n<meta property=\"og:title\" content=\"TRUUSK Kl\u00f6str\u00e4d 114 cm - Kattorn med grotta - Sisalstammar - Plattform - F\u00f6r katter under 6 kg - Ljusgr\u00e5 - TRUUSK - Hem, Tr\u00e4dg\u00e5rd &amp; Fritid\" \/>\n<meta property=\"og:description\" content=\"Sk\u00e4m bort din katt med detta TRUUSK kattr\u00e4d p\u00e5 flera niv\u00e5er &#8211; perfekt f\u00f6r kl\u00e4ttring, kl\u00f6sning och vila. Det robusta...\" \/>\n<meta property=\"og:url\" content=\"https:\/\/truusk.store\/sv\/produkt\/truusk-klostrad-114-cm-kattorn-med-grotta-sisalstammar-plattform-for-katter-under-6-kg-ljusgra\/\" \/>\n<meta property=\"og:site_name\" content=\"TRUUSK - Hem, Tr\u00e4dg\u00e5rd &amp; Fritid\" \/>\n<meta property=\"article:modified_time\" content=\"2026-03-12T07:50:33+00:00\" \/>\n<meta property=\"og:image\" content=\"https:\/\/i0.wp.com\/truusk.se\/wp-content\/uploads\/2025\/10\/klostrad-114-cm-kattorn-med-grotta-sisalstammar-plattform-flervanings-for-medelstora-katter-under-6-kg-ljusgra-1.webp?fit=2000%2C2000&ssl=1\" \/>\n\t<meta property=\"og:image:width\" content=\"2000\" \/>\n\t<meta property=\"og:image:height\" content=\"2000\" \/>\n\t<meta property=\"og:image:type\" content=\"image\/webp\" \/>\n<meta name=\"twitter:card\" content=\"summary_large_image\" \/>\n<meta name=\"twitter:label1\" content=\"Ber\u00e4knad l\u00e4stid\" \/>\n\t<meta name=\"twitter:data1\" content=\"1 minut\" \/>\n<!-- \/ Yoast SEO plugin. -->","yoast_head_json":{"title":"TRUUSK Kl\u00f6str\u00e4d 114 cm - Kattorn med grotta - Sisalstammar - Plattform - F\u00f6r katter under 6 kg - Ljusgr\u00e5 - TRUUSK - Hem, Tr\u00e4dg\u00e5rd &amp; Fritid","robots":{"index":"index","follow":"follow","max-snippet":"max-snippet:-1","max-image-preview":"max-image-preview:large","max-video-preview":"max-video-preview:-1"},"canonical":"https:\/\/truusk.store\/sv\/produkt\/truusk-klostrad-114-cm-kattorn-med-grotta-sisalstammar-plattform-for-katter-under-6-kg-ljusgra\/","og_locale":"sv_SE","og_type":"article","og_title":"TRUUSK Kl\u00f6str\u00e4d 114 cm - Kattorn med grotta - Sisalstammar - Plattform - F\u00f6r katter under 6 kg - Ljusgr\u00e5 - TRUUSK - Hem, Tr\u00e4dg\u00e5rd &amp; Fritid","og_description":"Sk\u00e4m bort din katt med detta TRUUSK kattr\u00e4d p\u00e5 flera niv\u00e5er &#8211; perfekt f\u00f6r kl\u00e4ttring, kl\u00f6sning och vila. Det robusta...","og_url":"https:\/\/truusk.store\/sv\/produkt\/truusk-klostrad-114-cm-kattorn-med-grotta-sisalstammar-plattform-for-katter-under-6-kg-ljusgra\/","og_site_name":"TRUUSK - Hem, Tr\u00e4dg\u00e5rd &amp; Fritid","article_modified_time":"2026-03-12T07:50:33+00:00","og_image":[{"width":2000,"height":2000,"url":"https:\/\/i0.wp.com\/truusk.se\/wp-content\/uploads\/2025\/10\/klostrad-114-cm-kattorn-med-grotta-sisalstammar-plattform-flervanings-for-medelstora-katter-under-6-kg-ljusgra-1.webp?fit=2000%2C2000&ssl=1","type":"image\/webp"}],"twitter_card":"summary_large_image","twitter_misc":{"Ber\u00e4knad l\u00e4stid":"1 minut"},"schema":{"@context":"https:\/\/schema.org","@graph":[{"@type":"WebPage","@id":"https:\/\/truusk.store\/sv\/produkt\/truusk-klostrad-114-cm-kattorn-med-grotta-sisalstammar-plattform-for-katter-under-6-kg-ljusgra\/","url":"https:\/\/truusk.store\/sv\/produkt\/truusk-klostrad-114-cm-kattorn-med-grotta-sisalstammar-plattform-for-katter-under-6-kg-ljusgra\/","name":"TRUUSK Kl\u00f6str\u00e4d 114 cm - Kattorn med grotta - Sisalstammar - Plattform - F\u00f6r katter under 6 kg - Ljusgr\u00e5 - TRUUSK - Hem, Tr\u00e4dg\u00e5rd &amp; Fritid","isPartOf":{"@id":"https:\/\/truusk.store\/sv\/#website"},"primaryImageOfPage":{"@id":"https:\/\/truusk.store\/sv\/produkt\/truusk-klostrad-114-cm-kattorn-med-grotta-sisalstammar-plattform-for-katter-under-6-kg-ljusgra\/#primaryimage"},"image":{"@id":"https:\/\/truusk.store\/sv\/produkt\/truusk-klostrad-114-cm-kattorn-med-grotta-sisalstammar-plattform-for-katter-under-6-kg-ljusgra\/#primaryimage"},"thumbnailUrl":"https:\/\/i0.wp.com\/truusk.store\/wp-content\/uploads\/2025\/10\/klostrad-114-cm-kattorn-med-grotta-sisalstammar-plattform-flervanings-for-medelstora-katter-under-6-kg-ljusgra-1.webp?fit=2000%2C2000&ssl=1","datePublished":"2025-10-09T12:35:31+00:00","dateModified":"2026-03-12T07:50:33+00:00","breadcrumb":{"@id":"https:\/\/truusk.store\/sv\/produkt\/truusk-klostrad-114-cm-kattorn-med-grotta-sisalstammar-plattform-for-katter-under-6-kg-ljusgra\/#breadcrumb"},"inLanguage":"sv-SE","potentialAction":[{"@type":"ReadAction","target":["https:\/\/truusk.store\/sv\/produkt\/truusk-klostrad-114-cm-kattorn-med-grotta-sisalstammar-plattform-for-katter-under-6-kg-ljusgra\/"]}]},{"@type":"ImageObject","inLanguage":"sv-SE","@id":"https:\/\/truusk.store\/sv\/produkt\/truusk-klostrad-114-cm-kattorn-med-grotta-sisalstammar-plattform-for-katter-under-6-kg-ljusgra\/#primaryimage","url":"https:\/\/i0.wp.com\/truusk.store\/wp-content\/uploads\/2025\/10\/klostrad-114-cm-kattorn-med-grotta-sisalstammar-plattform-flervanings-for-medelstora-katter-under-6-kg-ljusgra-1.webp?fit=2000%2C2000&ssl=1","contentUrl":"https:\/\/i0.wp.com\/truusk.store\/wp-content\/uploads\/2025\/10\/klostrad-114-cm-kattorn-med-grotta-sisalstammar-plattform-flervanings-for-medelstora-katter-under-6-kg-ljusgra-1.webp?fit=2000%2C2000&ssl=1","width":2000,"height":2000},{"@type":"BreadcrumbList","@id":"https:\/\/truusk.store\/sv\/produkt\/truusk-klostrad-114-cm-kattorn-med-grotta-sisalstammar-plattform-for-katter-under-6-kg-ljusgra\/#breadcrumb","itemListElement":[{"@type":"ListItem","position":1,"name":"Home","item":"https:\/\/truusk.store\/sv\/"},{"@type":"ListItem","position":2,"name":"Shop","item":"https:\/\/truusk.store\/shop\/"},{"@type":"ListItem","position":3,"name":"TRUUSK Kl\u00f6str\u00e4d 114 cm &#8211; Kattorn med grotta &#8211; Sisalstammar &#8211; Plattform &#8211; F\u00f6r katter under 6 kg &#8211; Ljusgr\u00e5"}]},{"@type":"WebSite","@id":"https:\/\/truusk.store\/sv\/#website","url":"https:\/\/truusk.store\/sv\/","name":"TRUUSK - Hem, Tr\u00e4dg\u00e5rd & Fritid","description":"","publisher":{"@id":"https:\/\/truusk.store\/sv\/#organization"},"potentialAction":[{"@type":"SearchAction","target":{"@type":"EntryPoint","urlTemplate":"https:\/\/truusk.store\/sv\/?s={search_term_string}"},"query-input":{"@type":"PropertyValueSpecification","valueRequired":true,"valueName":"search_term_string"}}],"inLanguage":"sv-SE"},{"@type":"Organization","@id":"https:\/\/truusk.store\/sv\/#organization","name":"TRUUSK - Hem, Tr\u00e4dg\u00e5rd & Fritid","url":"https:\/\/truusk.store\/sv\/","logo":{"@type":"ImageObject","inLanguage":"sv-SE","@id":"https:\/\/truusk.store\/sv\/#\/schema\/logo\/image\/","url":"https:\/\/i0.wp.com\/truusk.store\/wp-content\/uploads\/2026\/03\/cropped-TRUUSK.png?fit=2032%2C917&ssl=1","contentUrl":"https:\/\/i0.wp.com\/truusk.store\/wp-content\/uploads\/2026\/03\/cropped-TRUUSK.png?fit=2032%2C917&ssl=1","width":2032,"height":917,"caption":"TRUUSK - Hem, Tr\u00e4dg\u00e5rd & Fritid"},"image":{"@id":"https:\/\/truusk.store\/sv\/#\/schema\/logo\/image\/"}}]}},"jetpack_sharing_enabled":true,"_links":{"self":[{"href":"https:\/\/truusk.store\/sv\/wp-json\/wp\/v2\/product\/93144","targetHints":{"allow":["GET"]}}],"collection":[{"href":"https:\/\/truusk.store\/sv\/wp-json\/wp\/v2\/product"}],"about":[{"href":"https:\/\/truusk.store\/sv\/wp-json\/wp\/v2\/types\/product"}],"wp:featuredmedia":[{"embeddable":true,"href":"https:\/\/truusk.store\/sv\/wp-json\/wp\/v2\/media\/93135"}],"wp:attachment":[{"href":"https:\/\/truusk.store\/sv\/wp-json\/wp\/v2\/media?parent=93144"}],"wp:term":[{"taxonomy":"product_brand","embeddable":true,"href":"https:\/\/truusk.store\/sv\/wp-json\/wp\/v2\/product_brand?post=93144"},{"taxonomy":"product_cat","embeddable":true,"href":"https:\/\/truusk.store\/sv\/wp-json\/wp\/v2\/product_cat?post=93144"},{"taxonomy":"product_tag","embeddable":true,"href":"https:\/\/truusk.store\/sv\/wp-json\/wp\/v2\/product_tag?post=93144"}],"curies":[{"name":"wp","href":"https:\/\/api.w.org\/{rel}","templated":true}]}}