{"id":9315,"date":"2024-02-13T09:41:44","date_gmt":"2024-02-13T08:41:44","guid":{"rendered":"https:\/\/truusk.store\/product\/4-delad-upphojd-badd-kruka-vaxtlada-av-tra-4-kombinationslagen-i-tradgarden-och-balkongen-50-x-30-x-60-cm-natur\/"},"modified":"2026-03-12T08:55:59","modified_gmt":"2026-03-12T07:55:59","slug":"truusk-4-delad-upphojd-tralada-for-vaxter-4-kombinationslagen-perfekt-for-tradgard-och-balkong-50-x-30-x-60-cm-natur","status":"publish","type":"product","link":"https:\/\/truusk.store\/sv\/produkt\/truusk-4-delad-upphojd-tralada-for-vaxter-4-kombinationslagen-perfekt-for-tradgard-och-balkong-50-x-30-x-60-cm-natur\/","title":{"rendered":"TRUUSK 4-delad Upph\u00f6jd Tr\u00e4l\u00e5da f\u00f6r V\u00e4xter &#8211; 4 Kombinationsl\u00e4gen &#8211; Perfekt f\u00f6r Tr\u00e4dg\u00e5rd och Balkong &#8211; 50 x 30 x 60 cm &#8211; Natur"},"content":{"rendered":"<p>Dessa karakt\u00e4rsfulla upph\u00f6jda b\u00e4ddar g\u00f6r tr\u00e4dg\u00e5rdsarbete mycket roligt! Oavsett om du \u00e4r i din egen tr\u00e4dg\u00e5rd, p\u00e5 terrassen eller p\u00e5 g\u00e5rden &#8211; med dessa upph\u00f6jda b\u00e4ddar kan du skapa ett dekorativt utrymme f\u00f6r tr\u00e4dg\u00e5rdsarbete var som helst. Plantera gr\u00f6nsaker, \u00f6rter eller blommor och l\u00e5t dem v\u00e4xa och frodas h\u00e4lsosamt. Tack vare olika kombinationsm\u00f6jligheter kan du designa dessa s\u00e4ngar efter din smak och ge din tr\u00e4dg\u00e5rd en individuell accent.<\/p>\n<h3>Beskrivning:<\/h3>\n<ul>\n<li>4 delar set<\/li>\n<li>L\u00e4mplig f\u00f6r v\u00e4xter, gr\u00f6nsaker, \u00f6rter, blommor etc.<\/li>\n<li>Perfekt f\u00f6r tr\u00e4dg\u00e5rdsarbete p\u00e5 verandan, uteplatsen eller bakg\u00e5rden<\/li>\n<li>Ytterligare planteringsytor f\u00f6r tr\u00e4dg\u00e5rden eller balkongen<\/li>\n<li>Plastfoder t\u00e4tar h\u00f6jdb\u00e4dden och f\u00f6rhindrar jorderosion<\/li>\n<li>Dr\u00e4nerings\u00f6ppningar skyddar v\u00e4xter fr\u00e5n \u00f6vervattning<\/li>\n<li>H\u00f6js\u00e4ngarna \u00e4r staplingsbara och kan kombineras individuellt<\/li>\n<li>Montering kr\u00e4vs<\/li>\n<\/ul>\n<h3>Teknisk data:<\/h3>\n<ul>\n<li>F\u00e4rg: Naturlig<\/li>\n<li>Material: gran, plast<\/li>\n<li>M\u00e5tt per bloml\u00e5da: 50L x 30W x 60H cm<\/li>\n<li>Innerm\u00e5tt p\u00e5 varje bloml\u00e5da: 48L x 28W x 26H cm<\/li>\n<li>H\u00f6jd: 30 cm<\/li>\n<li>Lastkapacitet per bloml\u00e5da: 50 kg<\/li>\n<li>Artikelnamn: 845-350<\/li>\n<\/ul>\n<h3>Leveransens omfattning:<\/h3>\n<ul>\n<li>4 x upph\u00f6jda s\u00e4ngar<\/li>\n<li>1 x Instruktioner<\/li>\n<\/ul>\n","protected":false},"excerpt":{"rendered":"<p>Dessa karakt\u00e4rsfulla upph\u00f6jda b\u00e4ddar g\u00f6r tr\u00e4dg\u00e5rdsarbete mycket roligt! Oavsett om du \u00e4r i din egen tr\u00e4dg\u00e5rd, p\u00e5 terrassen eller p\u00e5&#8230;<\/p>\n","protected":false},"featured_media":9316,"template":"","meta":[],"product_brand":[],"product_cat":[447,435,443],"product_tag":[],"class_list":{"0":"post-9315","1":"product","2":"type-product","3":"status-publish","4":"has-post-thumbnail","6":"product_cat-planteringsmaskiner","7":"product_cat-tradgard-och-terrass","8":"product_cat-vaxthus-tradgardsskotsel","10":"first","11":"instock","12":"sale","13":"taxable","14":"shipping-taxable","15":"purchasable","16":"product-type-simple"},"yoast_head":"<!-- This site is optimized with the Yoast SEO plugin v25.4 - https:\/\/yoast.com\/wordpress\/plugins\/seo\/ -->\n<title>TRUUSK 4-delad Upph\u00f6jd Tr\u00e4l\u00e5da f\u00f6r V\u00e4xter - 4 Kombinationsl\u00e4gen - Perfekt f\u00f6r Tr\u00e4dg\u00e5rd och Balkong - 50 x 30 x 60 cm - Natur - TRUUSK - Hem, Tr\u00e4dg\u00e5rd &amp; Fritid<\/title>\n<meta name=\"robots\" content=\"index, follow, max-snippet:-1, max-image-preview:large, max-video-preview:-1\" \/>\n<link rel=\"canonical\" href=\"https:\/\/truusk.store\/sv\/produkt\/truusk-4-delad-upphojd-tralada-for-vaxter-4-kombinationslagen-perfekt-for-tradgard-och-balkong-50-x-30-x-60-cm-natur\/\" \/>\n<meta property=\"og:locale\" content=\"sv_SE\" \/>\n<meta property=\"og:type\" content=\"article\" \/>\n<meta property=\"og:title\" content=\"TRUUSK 4-delad Upph\u00f6jd Tr\u00e4l\u00e5da f\u00f6r V\u00e4xter - 4 Kombinationsl\u00e4gen - Perfekt f\u00f6r Tr\u00e4dg\u00e5rd och Balkong - 50 x 30 x 60 cm - Natur - TRUUSK - Hem, Tr\u00e4dg\u00e5rd &amp; Fritid\" \/>\n<meta property=\"og:description\" content=\"Dessa karakt\u00e4rsfulla upph\u00f6jda b\u00e4ddar g\u00f6r tr\u00e4dg\u00e5rdsarbete mycket roligt! Oavsett om du \u00e4r i din egen tr\u00e4dg\u00e5rd, p\u00e5 terrassen eller p\u00e5...\" \/>\n<meta property=\"og:url\" content=\"https:\/\/truusk.store\/sv\/produkt\/truusk-4-delad-upphojd-tralada-for-vaxter-4-kombinationslagen-perfekt-for-tradgard-och-balkong-50-x-30-x-60-cm-natur\/\" \/>\n<meta property=\"og:site_name\" content=\"TRUUSK - Hem, Tr\u00e4dg\u00e5rd &amp; Fritid\" \/>\n<meta property=\"article:modified_time\" content=\"2026-03-12T07:55:59+00:00\" \/>\n<meta property=\"og:image\" content=\"https:\/\/i0.wp.com\/truusk.se\/wp-content\/uploads\/2024\/02\/4-delad-upphojd-badd-kruka-vaxtlada-av-tra-4-kombinationslagen-i-tradgarden-och-balkongen-50-x-30-x-60-cm-natur.webp?fit=800%2C800&ssl=1\" \/>\n\t<meta property=\"og:image:width\" content=\"800\" \/>\n\t<meta property=\"og:image:height\" content=\"800\" \/>\n\t<meta property=\"og:image:type\" content=\"image\/webp\" \/>\n<meta name=\"twitter:card\" content=\"summary_large_image\" \/>\n<meta name=\"twitter:label1\" content=\"Ber\u00e4knad l\u00e4stid\" \/>\n\t<meta name=\"twitter:data1\" content=\"1 minut\" \/>\n<!-- \/ Yoast SEO plugin. -->","yoast_head_json":{"title":"TRUUSK 4-delad Upph\u00f6jd Tr\u00e4l\u00e5da f\u00f6r V\u00e4xter - 4 Kombinationsl\u00e4gen - Perfekt f\u00f6r Tr\u00e4dg\u00e5rd och Balkong - 50 x 30 x 60 cm - Natur - TRUUSK - Hem, Tr\u00e4dg\u00e5rd &amp; Fritid","robots":{"index":"index","follow":"follow","max-snippet":"max-snippet:-1","max-image-preview":"max-image-preview:large","max-video-preview":"max-video-preview:-1"},"canonical":"https:\/\/truusk.store\/sv\/produkt\/truusk-4-delad-upphojd-tralada-for-vaxter-4-kombinationslagen-perfekt-for-tradgard-och-balkong-50-x-30-x-60-cm-natur\/","og_locale":"sv_SE","og_type":"article","og_title":"TRUUSK 4-delad Upph\u00f6jd Tr\u00e4l\u00e5da f\u00f6r V\u00e4xter - 4 Kombinationsl\u00e4gen - Perfekt f\u00f6r Tr\u00e4dg\u00e5rd och Balkong - 50 x 30 x 60 cm - Natur - TRUUSK - Hem, Tr\u00e4dg\u00e5rd &amp; Fritid","og_description":"Dessa karakt\u00e4rsfulla upph\u00f6jda b\u00e4ddar g\u00f6r tr\u00e4dg\u00e5rdsarbete mycket roligt! Oavsett om du \u00e4r i din egen tr\u00e4dg\u00e5rd, p\u00e5 terrassen eller p\u00e5...","og_url":"https:\/\/truusk.store\/sv\/produkt\/truusk-4-delad-upphojd-tralada-for-vaxter-4-kombinationslagen-perfekt-for-tradgard-och-balkong-50-x-30-x-60-cm-natur\/","og_site_name":"TRUUSK - Hem, Tr\u00e4dg\u00e5rd &amp; Fritid","article_modified_time":"2026-03-12T07:55:59+00:00","og_image":[{"width":800,"height":800,"url":"https:\/\/i0.wp.com\/truusk.se\/wp-content\/uploads\/2024\/02\/4-delad-upphojd-badd-kruka-vaxtlada-av-tra-4-kombinationslagen-i-tradgarden-och-balkongen-50-x-30-x-60-cm-natur.webp?fit=800%2C800&ssl=1","type":"image\/webp"}],"twitter_card":"summary_large_image","twitter_misc":{"Ber\u00e4knad l\u00e4stid":"1 minut"},"schema":{"@context":"https:\/\/schema.org","@graph":[{"@type":"WebPage","@id":"https:\/\/truusk.store\/sv\/produkt\/truusk-4-delad-upphojd-tralada-for-vaxter-4-kombinationslagen-perfekt-for-tradgard-och-balkong-50-x-30-x-60-cm-natur\/","url":"https:\/\/truusk.store\/sv\/produkt\/truusk-4-delad-upphojd-tralada-for-vaxter-4-kombinationslagen-perfekt-for-tradgard-och-balkong-50-x-30-x-60-cm-natur\/","name":"TRUUSK 4-delad Upph\u00f6jd Tr\u00e4l\u00e5da f\u00f6r V\u00e4xter - 4 Kombinationsl\u00e4gen - Perfekt f\u00f6r Tr\u00e4dg\u00e5rd och Balkong - 50 x 30 x 60 cm - Natur - TRUUSK - Hem, Tr\u00e4dg\u00e5rd &amp; Fritid","isPartOf":{"@id":"https:\/\/truusk.store\/sv\/#website"},"primaryImageOfPage":{"@id":"https:\/\/truusk.store\/sv\/produkt\/truusk-4-delad-upphojd-tralada-for-vaxter-4-kombinationslagen-perfekt-for-tradgard-och-balkong-50-x-30-x-60-cm-natur\/#primaryimage"},"image":{"@id":"https:\/\/truusk.store\/sv\/produkt\/truusk-4-delad-upphojd-tralada-for-vaxter-4-kombinationslagen-perfekt-for-tradgard-och-balkong-50-x-30-x-60-cm-natur\/#primaryimage"},"thumbnailUrl":"https:\/\/i0.wp.com\/truusk.store\/wp-content\/uploads\/2024\/02\/4-delad-upphojd-badd-kruka-vaxtlada-av-tra-4-kombinationslagen-i-tradgarden-och-balkongen-50-x-30-x-60-cm-natur.webp?fit=800%2C800&ssl=1","datePublished":"2024-02-13T08:41:44+00:00","dateModified":"2026-03-12T07:55:59+00:00","breadcrumb":{"@id":"https:\/\/truusk.store\/sv\/produkt\/truusk-4-delad-upphojd-tralada-for-vaxter-4-kombinationslagen-perfekt-for-tradgard-och-balkong-50-x-30-x-60-cm-natur\/#breadcrumb"},"inLanguage":"sv-SE","potentialAction":[{"@type":"ReadAction","target":["https:\/\/truusk.store\/sv\/produkt\/truusk-4-delad-upphojd-tralada-for-vaxter-4-kombinationslagen-perfekt-for-tradgard-och-balkong-50-x-30-x-60-cm-natur\/"]}]},{"@type":"ImageObject","inLanguage":"sv-SE","@id":"https:\/\/truusk.store\/sv\/produkt\/truusk-4-delad-upphojd-tralada-for-vaxter-4-kombinationslagen-perfekt-for-tradgard-och-balkong-50-x-30-x-60-cm-natur\/#primaryimage","url":"https:\/\/i0.wp.com\/truusk.store\/wp-content\/uploads\/2024\/02\/4-delad-upphojd-badd-kruka-vaxtlada-av-tra-4-kombinationslagen-i-tradgarden-och-balkongen-50-x-30-x-60-cm-natur.webp?fit=800%2C800&ssl=1","contentUrl":"https:\/\/i0.wp.com\/truusk.store\/wp-content\/uploads\/2024\/02\/4-delad-upphojd-badd-kruka-vaxtlada-av-tra-4-kombinationslagen-i-tradgarden-och-balkongen-50-x-30-x-60-cm-natur.webp?fit=800%2C800&ssl=1","width":800,"height":800,"caption":"4-delad Upph\u00f6jd B\u00e4dd Kruka V\u00e4xtl\u00e5da Av Tr\u00e4 4 Kombinationsl\u00e4gen I Tr\u00e4dg\u00e5rden Och Balkongen 50 X 30 X 60 Cm Natur 1"},{"@type":"BreadcrumbList","@id":"https:\/\/truusk.store\/sv\/produkt\/truusk-4-delad-upphojd-tralada-for-vaxter-4-kombinationslagen-perfekt-for-tradgard-och-balkong-50-x-30-x-60-cm-natur\/#breadcrumb","itemListElement":[{"@type":"ListItem","position":1,"name":"Home","item":"https:\/\/truusk.store\/sv\/"},{"@type":"ListItem","position":2,"name":"Shop","item":"https:\/\/truusk.store\/shop\/"},{"@type":"ListItem","position":3,"name":"TRUUSK 4-delad Upph\u00f6jd Tr\u00e4l\u00e5da f\u00f6r V\u00e4xter &#8211; 4 Kombinationsl\u00e4gen &#8211; Perfekt f\u00f6r Tr\u00e4dg\u00e5rd och Balkong &#8211; 50 x 30 x 60 cm &#8211; Natur"}]},{"@type":"WebSite","@id":"https:\/\/truusk.store\/sv\/#website","url":"https:\/\/truusk.store\/sv\/","name":"TRUUSK - Hem, Tr\u00e4dg\u00e5rd & Fritid","description":"","publisher":{"@id":"https:\/\/truusk.store\/sv\/#organization"},"potentialAction":[{"@type":"SearchAction","target":{"@type":"EntryPoint","urlTemplate":"https:\/\/truusk.store\/sv\/?s={search_term_string}"},"query-input":{"@type":"PropertyValueSpecification","valueRequired":true,"valueName":"search_term_string"}}],"inLanguage":"sv-SE"},{"@type":"Organization","@id":"https:\/\/truusk.store\/sv\/#organization","name":"TRUUSK - Hem, Tr\u00e4dg\u00e5rd & Fritid","url":"https:\/\/truusk.store\/sv\/","logo":{"@type":"ImageObject","inLanguage":"sv-SE","@id":"https:\/\/truusk.store\/sv\/#\/schema\/logo\/image\/","url":"https:\/\/i0.wp.com\/truusk.store\/wp-content\/uploads\/2026\/03\/cropped-TRUUSK.png?fit=2032%2C917&ssl=1","contentUrl":"https:\/\/i0.wp.com\/truusk.store\/wp-content\/uploads\/2026\/03\/cropped-TRUUSK.png?fit=2032%2C917&ssl=1","width":2032,"height":917,"caption":"TRUUSK - Hem, Tr\u00e4dg\u00e5rd & Fritid"},"image":{"@id":"https:\/\/truusk.store\/sv\/#\/schema\/logo\/image\/"}}]}},"jetpack_sharing_enabled":true,"_links":{"self":[{"href":"https:\/\/truusk.store\/sv\/wp-json\/wp\/v2\/product\/9315","targetHints":{"allow":["GET"]}}],"collection":[{"href":"https:\/\/truusk.store\/sv\/wp-json\/wp\/v2\/product"}],"about":[{"href":"https:\/\/truusk.store\/sv\/wp-json\/wp\/v2\/types\/product"}],"wp:featuredmedia":[{"embeddable":true,"href":"https:\/\/truusk.store\/sv\/wp-json\/wp\/v2\/media\/9316"}],"wp:attachment":[{"href":"https:\/\/truusk.store\/sv\/wp-json\/wp\/v2\/media?parent=9315"}],"wp:term":[{"taxonomy":"product_brand","embeddable":true,"href":"https:\/\/truusk.store\/sv\/wp-json\/wp\/v2\/product_brand?post=9315"},{"taxonomy":"product_cat","embeddable":true,"href":"https:\/\/truusk.store\/sv\/wp-json\/wp\/v2\/product_cat?post=9315"},{"taxonomy":"product_tag","embeddable":true,"href":"https:\/\/truusk.store\/sv\/wp-json\/wp\/v2\/product_tag?post=9315"}],"curies":[{"name":"wp","href":"https:\/\/api.w.org\/{rel}","templated":true}]}}