{"id":93154,"date":"2025-10-09T13:36:30","date_gmt":"2025-10-09T12:36:30","guid":{"rendered":"https:\/\/truusk.store\/product\/vattenkokare-och-brodrost-set-led-display-17-liter-2200w-retrodesign-minnesfunktion-svart\/"},"modified":"2026-03-12T08:50:33","modified_gmt":"2026-03-12T07:50:33","slug":"truusk-vattenkokare-och-brodrost-set-17-liter-led-display-2200w-retrodesign-minnesfunktion-svart","status":"publish","type":"product","link":"https:\/\/truusk.store\/sv\/produkt\/truusk-vattenkokare-och-brodrost-set-17-liter-led-display-2200w-retrodesign-minnesfunktion-svart\/","title":{"rendered":"TRUUSK Vattenkokare och Br\u00f6drost-set &#8211; 1,7 Liter &#8211; LED-display &#8211; 2200W &#8211; Retrodesign &#8211; Minnesfunktion &#8211; Svart"},"content":{"rendered":"<p>St\u00f6rd av ett kaotiskt k\u00f6k och en of\u00f6ruts\u00e4gbar start p\u00e5 dagen? Retro-br\u00f6drost- och vattenkokarsetet fr\u00e5n TRUUSK ger precision och elegans. Vattenkokaren i frukostsetet m\u00f6jligg\u00f6r exakta temperaturinst\u00e4llningar, har en 300-sekunders minnesfunktion och h\u00e5ller vattnet varmt, medan br\u00f6drosten perfekt rostar enligt din smak.<\/p>\n<p>Beskrivning:<\/p>\n<ul>\n<li> Stor 1,7 L kapacitet p\u00e5 vattenkokaren f\u00f6r familj eller g\u00e4ster<\/li>\n<li> Samordnad retrodesign<\/li>\n<li> Vattenkokaren erbjuder exakt temperaturkontroll och h\u00e5ller vattnet varmt i 3 timmar<\/li>\n<li> Minnesfunktionen p\u00e5 vattenkokaren forts\u00e4tter inst\u00e4llningarna s\u00f6ml\u00f6st efter lyft, f\u00f6r enkel anv\u00e4ndning<\/li>\n<li> Tv\u00e5-skivig br\u00f6drost i frukostsetet med 6 rostningsniv\u00e5er samt upptinings-, uppv\u00e4rmnings- och avbrytningsfunktion<\/li>\n<li> Har en automatisk avst\u00e4ngning och torrkokningsskydd f\u00f6r din fullst\u00e4ndiga s\u00e4kerhet<\/li>\n<li> Avtagbart lock och smulbricka underl\u00e4ttar reng\u00f6ring och underh\u00e5ll<\/li>\n<\/ul>\n<p> Tekniska data:<\/p>\n<ul>\n<li> F\u00e4rg: Svart+Silverton<\/li>\n<li> Material: Plast, st\u00e5l, rostfritt st\u00e5l<\/li>\n<li> Vattenkokarens dimensioner: 23,2L x 15,9B x 24,8H cm<\/li>\n<li> Br\u00f6drostens dimensioner: 28,7L x 17B x 19,1H cm<\/li>\n<li> Vattenkokarens handtag inre dimensioner: 12L x 3,2B cm<\/li>\n<li> Vattenkokarens basstorlek: \u00d815,5 x 1,5H cm<\/li>\n<li> Vattenkokarens kapacitet: 1,7 L<\/li>\n<li> Vattenkokarens effekt: 1850-2200W<\/li>\n<li> Br\u00f6drostens effekt: 750-900W<\/li>\n<li> Sp\u00e4nning: 220-240V, 50\/60Hz<\/li>\n<\/ul>\n<p>Leveransinneh\u00e5ll:<\/p>\n<ul>\n<li> 1 x Elektrisk vattenkokare<\/li>\n<li> 1 x Br\u00f6drost<\/li>\n<li> 1 x Bruksanvisning<\/li>\n<\/ul>\n","protected":false},"excerpt":{"rendered":"<p>St\u00f6rd av ett kaotiskt k\u00f6k och en of\u00f6ruts\u00e4gbar start p\u00e5 dagen? Retro-br\u00f6drost- och vattenkokarsetet fr\u00e5n TRUUSK ger precision och elegans&#8230;.<\/p>\n","protected":false},"featured_media":93145,"template":"","meta":[],"product_brand":[],"product_cat":[871,498,933,1074],"product_tag":[],"class_list":{"0":"post-93154","1":"product","2":"type-product","3":"status-publish","4":"has-post-thumbnail","6":"product_cat-hus-hem","7":"product_cat-hushallsapparater","8":"product_cat-koksapparater","9":"product_cat-wasserkocher-toaster-sets","11":"first","12":"instock","13":"sale","14":"taxable","15":"shipping-taxable","16":"purchasable","17":"product-type-simple"},"yoast_head":"<!-- This site is optimized with the Yoast SEO plugin v25.4 - https:\/\/yoast.com\/wordpress\/plugins\/seo\/ -->\n<title>TRUUSK Vattenkokare och Br\u00f6drost-set - 1,7 Liter - LED-display - 2200W - Retrodesign - Minnesfunktion - Svart - TRUUSK - Hem, Tr\u00e4dg\u00e5rd &amp; Fritid<\/title>\n<meta name=\"robots\" content=\"index, follow, max-snippet:-1, max-image-preview:large, max-video-preview:-1\" \/>\n<link rel=\"canonical\" href=\"https:\/\/truusk.store\/sv\/produkt\/truusk-vattenkokare-och-brodrost-set-17-liter-led-display-2200w-retrodesign-minnesfunktion-svart\/\" \/>\n<meta property=\"og:locale\" content=\"sv_SE\" \/>\n<meta property=\"og:type\" content=\"article\" \/>\n<meta property=\"og:title\" content=\"TRUUSK Vattenkokare och Br\u00f6drost-set - 1,7 Liter - LED-display - 2200W - Retrodesign - Minnesfunktion - Svart - TRUUSK - Hem, Tr\u00e4dg\u00e5rd &amp; Fritid\" \/>\n<meta property=\"og:description\" content=\"St\u00f6rd av ett kaotiskt k\u00f6k och en of\u00f6ruts\u00e4gbar start p\u00e5 dagen? Retro-br\u00f6drost- och vattenkokarsetet fr\u00e5n TRUUSK ger precision och elegans....\" \/>\n<meta property=\"og:url\" content=\"https:\/\/truusk.store\/sv\/produkt\/truusk-vattenkokare-och-brodrost-set-17-liter-led-display-2200w-retrodesign-minnesfunktion-svart\/\" \/>\n<meta property=\"og:site_name\" content=\"TRUUSK - Hem, Tr\u00e4dg\u00e5rd &amp; Fritid\" \/>\n<meta property=\"article:modified_time\" content=\"2026-03-12T07:50:33+00:00\" \/>\n<meta property=\"og:image\" content=\"https:\/\/i0.wp.com\/truusk.se\/wp-content\/uploads\/2025\/10\/vattenkokare-och-brodrost-set-led-display-17-liter-2200w-retrodesign-minnesfunktion-svart-1.webp?fit=2000%2C2000&ssl=1\" \/>\n\t<meta property=\"og:image:width\" content=\"2000\" \/>\n\t<meta property=\"og:image:height\" content=\"2000\" \/>\n\t<meta property=\"og:image:type\" content=\"image\/webp\" \/>\n<meta name=\"twitter:card\" content=\"summary_large_image\" \/>\n<meta name=\"twitter:label1\" content=\"Ber\u00e4knad l\u00e4stid\" \/>\n\t<meta name=\"twitter:data1\" content=\"1 minut\" \/>\n<!-- \/ Yoast SEO plugin. -->","yoast_head_json":{"title":"TRUUSK Vattenkokare och Br\u00f6drost-set - 1,7 Liter - LED-display - 2200W - Retrodesign - Minnesfunktion - Svart - TRUUSK - Hem, Tr\u00e4dg\u00e5rd &amp; Fritid","robots":{"index":"index","follow":"follow","max-snippet":"max-snippet:-1","max-image-preview":"max-image-preview:large","max-video-preview":"max-video-preview:-1"},"canonical":"https:\/\/truusk.store\/sv\/produkt\/truusk-vattenkokare-och-brodrost-set-17-liter-led-display-2200w-retrodesign-minnesfunktion-svart\/","og_locale":"sv_SE","og_type":"article","og_title":"TRUUSK Vattenkokare och Br\u00f6drost-set - 1,7 Liter - LED-display - 2200W - Retrodesign - Minnesfunktion - Svart - TRUUSK - Hem, Tr\u00e4dg\u00e5rd &amp; Fritid","og_description":"St\u00f6rd av ett kaotiskt k\u00f6k och en of\u00f6ruts\u00e4gbar start p\u00e5 dagen? Retro-br\u00f6drost- och vattenkokarsetet fr\u00e5n TRUUSK ger precision och elegans....","og_url":"https:\/\/truusk.store\/sv\/produkt\/truusk-vattenkokare-och-brodrost-set-17-liter-led-display-2200w-retrodesign-minnesfunktion-svart\/","og_site_name":"TRUUSK - Hem, Tr\u00e4dg\u00e5rd &amp; Fritid","article_modified_time":"2026-03-12T07:50:33+00:00","og_image":[{"width":2000,"height":2000,"url":"https:\/\/i0.wp.com\/truusk.se\/wp-content\/uploads\/2025\/10\/vattenkokare-och-brodrost-set-led-display-17-liter-2200w-retrodesign-minnesfunktion-svart-1.webp?fit=2000%2C2000&ssl=1","type":"image\/webp"}],"twitter_card":"summary_large_image","twitter_misc":{"Ber\u00e4knad l\u00e4stid":"1 minut"},"schema":{"@context":"https:\/\/schema.org","@graph":[{"@type":"WebPage","@id":"https:\/\/truusk.store\/sv\/produkt\/truusk-vattenkokare-och-brodrost-set-17-liter-led-display-2200w-retrodesign-minnesfunktion-svart\/","url":"https:\/\/truusk.store\/sv\/produkt\/truusk-vattenkokare-och-brodrost-set-17-liter-led-display-2200w-retrodesign-minnesfunktion-svart\/","name":"TRUUSK Vattenkokare och Br\u00f6drost-set - 1,7 Liter - LED-display - 2200W - Retrodesign - Minnesfunktion - Svart - TRUUSK - Hem, Tr\u00e4dg\u00e5rd &amp; Fritid","isPartOf":{"@id":"https:\/\/truusk.store\/sv\/#website"},"primaryImageOfPage":{"@id":"https:\/\/truusk.store\/sv\/produkt\/truusk-vattenkokare-och-brodrost-set-17-liter-led-display-2200w-retrodesign-minnesfunktion-svart\/#primaryimage"},"image":{"@id":"https:\/\/truusk.store\/sv\/produkt\/truusk-vattenkokare-och-brodrost-set-17-liter-led-display-2200w-retrodesign-minnesfunktion-svart\/#primaryimage"},"thumbnailUrl":"https:\/\/i0.wp.com\/truusk.store\/wp-content\/uploads\/2025\/10\/vattenkokare-och-brodrost-set-led-display-17-liter-2200w-retrodesign-minnesfunktion-svart-1.webp?fit=2000%2C2000&ssl=1","datePublished":"2025-10-09T12:36:30+00:00","dateModified":"2026-03-12T07:50:33+00:00","breadcrumb":{"@id":"https:\/\/truusk.store\/sv\/produkt\/truusk-vattenkokare-och-brodrost-set-17-liter-led-display-2200w-retrodesign-minnesfunktion-svart\/#breadcrumb"},"inLanguage":"sv-SE","potentialAction":[{"@type":"ReadAction","target":["https:\/\/truusk.store\/sv\/produkt\/truusk-vattenkokare-och-brodrost-set-17-liter-led-display-2200w-retrodesign-minnesfunktion-svart\/"]}]},{"@type":"ImageObject","inLanguage":"sv-SE","@id":"https:\/\/truusk.store\/sv\/produkt\/truusk-vattenkokare-och-brodrost-set-17-liter-led-display-2200w-retrodesign-minnesfunktion-svart\/#primaryimage","url":"https:\/\/i0.wp.com\/truusk.store\/wp-content\/uploads\/2025\/10\/vattenkokare-och-brodrost-set-led-display-17-liter-2200w-retrodesign-minnesfunktion-svart-1.webp?fit=2000%2C2000&ssl=1","contentUrl":"https:\/\/i0.wp.com\/truusk.store\/wp-content\/uploads\/2025\/10\/vattenkokare-och-brodrost-set-led-display-17-liter-2200w-retrodesign-minnesfunktion-svart-1.webp?fit=2000%2C2000&ssl=1","width":2000,"height":2000},{"@type":"BreadcrumbList","@id":"https:\/\/truusk.store\/sv\/produkt\/truusk-vattenkokare-och-brodrost-set-17-liter-led-display-2200w-retrodesign-minnesfunktion-svart\/#breadcrumb","itemListElement":[{"@type":"ListItem","position":1,"name":"Home","item":"https:\/\/truusk.store\/sv\/"},{"@type":"ListItem","position":2,"name":"Shop","item":"https:\/\/truusk.store\/shop\/"},{"@type":"ListItem","position":3,"name":"TRUUSK Vattenkokare och Br\u00f6drost-set &#8211; 1,7 Liter &#8211; LED-display &#8211; 2200W &#8211; Retrodesign &#8211; Minnesfunktion &#8211; Svart"}]},{"@type":"WebSite","@id":"https:\/\/truusk.store\/sv\/#website","url":"https:\/\/truusk.store\/sv\/","name":"TRUUSK - Hem, Tr\u00e4dg\u00e5rd & Fritid","description":"","publisher":{"@id":"https:\/\/truusk.store\/sv\/#organization"},"potentialAction":[{"@type":"SearchAction","target":{"@type":"EntryPoint","urlTemplate":"https:\/\/truusk.store\/sv\/?s={search_term_string}"},"query-input":{"@type":"PropertyValueSpecification","valueRequired":true,"valueName":"search_term_string"}}],"inLanguage":"sv-SE"},{"@type":"Organization","@id":"https:\/\/truusk.store\/sv\/#organization","name":"TRUUSK - Hem, Tr\u00e4dg\u00e5rd & Fritid","url":"https:\/\/truusk.store\/sv\/","logo":{"@type":"ImageObject","inLanguage":"sv-SE","@id":"https:\/\/truusk.store\/sv\/#\/schema\/logo\/image\/","url":"https:\/\/i0.wp.com\/truusk.store\/wp-content\/uploads\/2026\/03\/cropped-TRUUSK.png?fit=2032%2C917&ssl=1","contentUrl":"https:\/\/i0.wp.com\/truusk.store\/wp-content\/uploads\/2026\/03\/cropped-TRUUSK.png?fit=2032%2C917&ssl=1","width":2032,"height":917,"caption":"TRUUSK - Hem, Tr\u00e4dg\u00e5rd & Fritid"},"image":{"@id":"https:\/\/truusk.store\/sv\/#\/schema\/logo\/image\/"}}]}},"jetpack_sharing_enabled":true,"_links":{"self":[{"href":"https:\/\/truusk.store\/sv\/wp-json\/wp\/v2\/product\/93154","targetHints":{"allow":["GET"]}}],"collection":[{"href":"https:\/\/truusk.store\/sv\/wp-json\/wp\/v2\/product"}],"about":[{"href":"https:\/\/truusk.store\/sv\/wp-json\/wp\/v2\/types\/product"}],"wp:featuredmedia":[{"embeddable":true,"href":"https:\/\/truusk.store\/sv\/wp-json\/wp\/v2\/media\/93145"}],"wp:attachment":[{"href":"https:\/\/truusk.store\/sv\/wp-json\/wp\/v2\/media?parent=93154"}],"wp:term":[{"taxonomy":"product_brand","embeddable":true,"href":"https:\/\/truusk.store\/sv\/wp-json\/wp\/v2\/product_brand?post=93154"},{"taxonomy":"product_cat","embeddable":true,"href":"https:\/\/truusk.store\/sv\/wp-json\/wp\/v2\/product_cat?post=93154"},{"taxonomy":"product_tag","embeddable":true,"href":"https:\/\/truusk.store\/sv\/wp-json\/wp\/v2\/product_tag?post=93154"}],"curies":[{"name":"wp","href":"https:\/\/api.w.org\/{rel}","templated":true}]}}