{"id":93164,"date":"2025-10-09T13:37:29","date_gmt":"2025-10-09T12:37:29","guid":{"rendered":"https:\/\/truusk.store\/product\/verktygsskap-med-5-lador-rullande-verktygslada-verktygsvagn-i-stal-silvertonsvart\/"},"modified":"2026-03-12T08:50:33","modified_gmt":"2026-03-12T07:50:33","slug":"truusk-verktygsvagn-i-stal-5-lador-rullande-silverton-och-svart","status":"publish","type":"product","link":"https:\/\/truusk.store\/sv\/produkt\/truusk-verktygsvagn-i-stal-5-lador-rullande-silverton-och-svart\/","title":{"rendered":"TRUUSK Verktygsvagn i St\u00e5l &#8211; 5 L\u00e5dor &#8211; Rullande &#8211; Silverton och Svart"},"content":{"rendered":"<p>St\u00f6rd av en r\u00f6rig verkstad som bromsar dig? TRUUSK verktygsvagnen s\u00e4tter stopp f\u00f6r oordningen: Fem djupa, EVA-belagda l\u00e5dor erbjuder organiserat f\u00f6rvaringsutrymme, den f\u00f6rst\u00e4rkta st\u00e5lytan fungerar som en solid arbetsyta. Tillverkad av pulverlackerat st\u00e5l och utrustad med ett s\u00e4kerhetsl\u00e5s, h\u00e5ller denna stabila verkstadsbil dina verktyg organiserade, s\u00e4kra och redo att anv\u00e4ndas &#8211; f\u00f6r \u00f6kad effektivitet och lugn i ditt arbete.<\/p>\n<p>Beskrivning:<\/p>\n<ul>\n<li> Har fem djupa l\u00e5dor med kullagerguider, vilket m\u00f6jligg\u00f6r organiserad och snabb tillg\u00e5ng<\/li>\n<li> En rostfri st\u00e5lyta erbjuder en p\u00e5litlig, l\u00e4tt att reng\u00f6ra mobil arbetsyta<\/li>\n<li> Den unika anslutningsdesignen g\u00f6r det m\u00f6jligt att kombinera tv\u00e5 enheter f\u00f6r ett st\u00f6rre arbetsomr\u00e5de<\/li>\n<li> Verkstadsvagnens centrala l\u00e5ssystem med tv\u00e5 nycklar s\u00e4krar alla l\u00e5dor samtidigt<\/li>\n<li> Kan enkelt flyttas med sidohandtag och fyra hjul, varav tv\u00e5 med bromsar<\/li>\n<li> Byggd av robust st\u00e5l, b\u00e4r upp till 80 kg f\u00f6r p\u00e5litligt verktygsskydd<\/li>\n<li> EVA -l\u00e5dinsatserna p\u00e5 verktygsvagnen skyddar dina verktyg mot repor och f\u00f6rhindrar att de glider<\/li>\n<li> Montering kr\u00e4vs<\/li>\n<\/ul>\n<p> Tekniska data:<\/p>\n<ul>\n<li> F\u00e4rg: Svart+Silverton<\/li>\n<li> Material: St\u00e5l, Rostfritt st\u00e5l<\/li>\n<li> Totala dimensioner: 65,5L x 34,5B x 76H cm<\/li>\n<li> Sk\u00e5pm\u00e5tt: (utan hjul, handtag, bordsplatta) 61,6B x 33T x 66H cm<\/li>\n<li> Inre l\u00e5dm\u00e5tt: 51B x 27T x 10H cm<\/li>\n<li> Handtagsm\u00e5tt: 14L x 4B cm<\/li>\n<li> Maximal belastning: 80 kg (totalt), 30 kg (bordsplatta), 10 kg (per l\u00e5da)<\/li>\n<\/ul>\n<p>Leveransinneh\u00e5ll:<\/p>\n<ul>\n<li> 1 x Verkstadsvagn<\/li>\n<li> 1 x Handbok<\/li>\n<\/ul>\n","protected":false},"excerpt":{"rendered":"<p>St\u00f6rd av en r\u00f6rig verkstad som bromsar dig? TRUUSK verktygsvagnen s\u00e4tter stopp f\u00f6r oordningen: Fem djupa, EVA-belagda l\u00e5dor erbjuder organiserat&#8230;<\/p>\n","protected":false},"featured_media":93155,"template":"","meta":[],"product_brand":[],"product_cat":[867,898,899],"product_tag":[],"class_list":{"0":"post-93164","1":"product","2":"type-product","3":"status-publish","4":"has-post-thumbnail","6":"product_cat-byggmarknad","7":"product_cat-gor-det-sjalv","8":"product_cat-organiseringssystemer","10":"first","11":"instock","12":"sale","13":"taxable","14":"shipping-taxable","15":"purchasable","16":"product-type-simple"},"yoast_head":"<!-- This site is optimized with the Yoast SEO plugin v25.4 - https:\/\/yoast.com\/wordpress\/plugins\/seo\/ -->\n<title>TRUUSK Verktygsvagn i St\u00e5l - 5 L\u00e5dor - Rullande - Silverton och Svart - TRUUSK - Hem, Tr\u00e4dg\u00e5rd &amp; Fritid<\/title>\n<meta name=\"robots\" content=\"index, follow, max-snippet:-1, max-image-preview:large, max-video-preview:-1\" \/>\n<link rel=\"canonical\" href=\"https:\/\/truusk.store\/sv\/produkt\/truusk-verktygsvagn-i-stal-5-lador-rullande-silverton-och-svart\/\" \/>\n<meta property=\"og:locale\" content=\"sv_SE\" \/>\n<meta property=\"og:type\" content=\"article\" \/>\n<meta property=\"og:title\" content=\"TRUUSK Verktygsvagn i St\u00e5l - 5 L\u00e5dor - Rullande - Silverton och Svart - TRUUSK - Hem, Tr\u00e4dg\u00e5rd &amp; Fritid\" \/>\n<meta property=\"og:description\" content=\"St\u00f6rd av en r\u00f6rig verkstad som bromsar dig? TRUUSK verktygsvagnen s\u00e4tter stopp f\u00f6r oordningen: Fem djupa, EVA-belagda l\u00e5dor erbjuder organiserat...\" \/>\n<meta property=\"og:url\" content=\"https:\/\/truusk.store\/sv\/produkt\/truusk-verktygsvagn-i-stal-5-lador-rullande-silverton-och-svart\/\" \/>\n<meta property=\"og:site_name\" content=\"TRUUSK - Hem, Tr\u00e4dg\u00e5rd &amp; Fritid\" \/>\n<meta property=\"article:modified_time\" content=\"2026-03-12T07:50:33+00:00\" \/>\n<meta property=\"og:image\" content=\"https:\/\/i0.wp.com\/truusk.se\/wp-content\/uploads\/2025\/10\/verktygsskap-med-5-lador-rullande-verktygslada-verktygsvagn-i-stal-silvertonsvart-1.webp?fit=2000%2C2000&ssl=1\" \/>\n\t<meta property=\"og:image:width\" content=\"2000\" \/>\n\t<meta property=\"og:image:height\" content=\"2000\" \/>\n\t<meta property=\"og:image:type\" content=\"image\/webp\" \/>\n<meta name=\"twitter:card\" content=\"summary_large_image\" \/>\n<meta name=\"twitter:label1\" content=\"Ber\u00e4knad l\u00e4stid\" \/>\n\t<meta name=\"twitter:data1\" content=\"1 minut\" \/>\n<!-- \/ Yoast SEO plugin. -->","yoast_head_json":{"title":"TRUUSK Verktygsvagn i St\u00e5l - 5 L\u00e5dor - Rullande - Silverton och Svart - TRUUSK - Hem, Tr\u00e4dg\u00e5rd &amp; Fritid","robots":{"index":"index","follow":"follow","max-snippet":"max-snippet:-1","max-image-preview":"max-image-preview:large","max-video-preview":"max-video-preview:-1"},"canonical":"https:\/\/truusk.store\/sv\/produkt\/truusk-verktygsvagn-i-stal-5-lador-rullande-silverton-och-svart\/","og_locale":"sv_SE","og_type":"article","og_title":"TRUUSK Verktygsvagn i St\u00e5l - 5 L\u00e5dor - Rullande - Silverton och Svart - TRUUSK - Hem, Tr\u00e4dg\u00e5rd &amp; Fritid","og_description":"St\u00f6rd av en r\u00f6rig verkstad som bromsar dig? TRUUSK verktygsvagnen s\u00e4tter stopp f\u00f6r oordningen: Fem djupa, EVA-belagda l\u00e5dor erbjuder organiserat...","og_url":"https:\/\/truusk.store\/sv\/produkt\/truusk-verktygsvagn-i-stal-5-lador-rullande-silverton-och-svart\/","og_site_name":"TRUUSK - Hem, Tr\u00e4dg\u00e5rd &amp; Fritid","article_modified_time":"2026-03-12T07:50:33+00:00","og_image":[{"width":2000,"height":2000,"url":"https:\/\/i0.wp.com\/truusk.se\/wp-content\/uploads\/2025\/10\/verktygsskap-med-5-lador-rullande-verktygslada-verktygsvagn-i-stal-silvertonsvart-1.webp?fit=2000%2C2000&ssl=1","type":"image\/webp"}],"twitter_card":"summary_large_image","twitter_misc":{"Ber\u00e4knad l\u00e4stid":"1 minut"},"schema":{"@context":"https:\/\/schema.org","@graph":[{"@type":"WebPage","@id":"https:\/\/truusk.store\/sv\/produkt\/truusk-verktygsvagn-i-stal-5-lador-rullande-silverton-och-svart\/","url":"https:\/\/truusk.store\/sv\/produkt\/truusk-verktygsvagn-i-stal-5-lador-rullande-silverton-och-svart\/","name":"TRUUSK Verktygsvagn i St\u00e5l - 5 L\u00e5dor - Rullande - Silverton och Svart - TRUUSK - Hem, Tr\u00e4dg\u00e5rd &amp; Fritid","isPartOf":{"@id":"https:\/\/truusk.store\/sv\/#website"},"primaryImageOfPage":{"@id":"https:\/\/truusk.store\/sv\/produkt\/truusk-verktygsvagn-i-stal-5-lador-rullande-silverton-och-svart\/#primaryimage"},"image":{"@id":"https:\/\/truusk.store\/sv\/produkt\/truusk-verktygsvagn-i-stal-5-lador-rullande-silverton-och-svart\/#primaryimage"},"thumbnailUrl":"https:\/\/i0.wp.com\/truusk.store\/wp-content\/uploads\/2025\/10\/verktygsskap-med-5-lador-rullande-verktygslada-verktygsvagn-i-stal-silvertonsvart-1.webp?fit=2000%2C2000&ssl=1","datePublished":"2025-10-09T12:37:29+00:00","dateModified":"2026-03-12T07:50:33+00:00","breadcrumb":{"@id":"https:\/\/truusk.store\/sv\/produkt\/truusk-verktygsvagn-i-stal-5-lador-rullande-silverton-och-svart\/#breadcrumb"},"inLanguage":"sv-SE","potentialAction":[{"@type":"ReadAction","target":["https:\/\/truusk.store\/sv\/produkt\/truusk-verktygsvagn-i-stal-5-lador-rullande-silverton-och-svart\/"]}]},{"@type":"ImageObject","inLanguage":"sv-SE","@id":"https:\/\/truusk.store\/sv\/produkt\/truusk-verktygsvagn-i-stal-5-lador-rullande-silverton-och-svart\/#primaryimage","url":"https:\/\/i0.wp.com\/truusk.store\/wp-content\/uploads\/2025\/10\/verktygsskap-med-5-lador-rullande-verktygslada-verktygsvagn-i-stal-silvertonsvart-1.webp?fit=2000%2C2000&ssl=1","contentUrl":"https:\/\/i0.wp.com\/truusk.store\/wp-content\/uploads\/2025\/10\/verktygsskap-med-5-lador-rullande-verktygslada-verktygsvagn-i-stal-silvertonsvart-1.webp?fit=2000%2C2000&ssl=1","width":2000,"height":2000},{"@type":"BreadcrumbList","@id":"https:\/\/truusk.store\/sv\/produkt\/truusk-verktygsvagn-i-stal-5-lador-rullande-silverton-och-svart\/#breadcrumb","itemListElement":[{"@type":"ListItem","position":1,"name":"Home","item":"https:\/\/truusk.store\/sv\/"},{"@type":"ListItem","position":2,"name":"Shop","item":"https:\/\/truusk.store\/shop\/"},{"@type":"ListItem","position":3,"name":"TRUUSK Verktygsvagn i St\u00e5l &#8211; 5 L\u00e5dor &#8211; Rullande &#8211; Silverton och Svart"}]},{"@type":"WebSite","@id":"https:\/\/truusk.store\/sv\/#website","url":"https:\/\/truusk.store\/sv\/","name":"TRUUSK - Hem, Tr\u00e4dg\u00e5rd & Fritid","description":"","publisher":{"@id":"https:\/\/truusk.store\/sv\/#organization"},"potentialAction":[{"@type":"SearchAction","target":{"@type":"EntryPoint","urlTemplate":"https:\/\/truusk.store\/sv\/?s={search_term_string}"},"query-input":{"@type":"PropertyValueSpecification","valueRequired":true,"valueName":"search_term_string"}}],"inLanguage":"sv-SE"},{"@type":"Organization","@id":"https:\/\/truusk.store\/sv\/#organization","name":"TRUUSK - Hem, Tr\u00e4dg\u00e5rd & Fritid","url":"https:\/\/truusk.store\/sv\/","logo":{"@type":"ImageObject","inLanguage":"sv-SE","@id":"https:\/\/truusk.store\/sv\/#\/schema\/logo\/image\/","url":"https:\/\/i0.wp.com\/truusk.store\/wp-content\/uploads\/2026\/03\/cropped-TRUUSK.png?fit=2032%2C917&ssl=1","contentUrl":"https:\/\/i0.wp.com\/truusk.store\/wp-content\/uploads\/2026\/03\/cropped-TRUUSK.png?fit=2032%2C917&ssl=1","width":2032,"height":917,"caption":"TRUUSK - Hem, Tr\u00e4dg\u00e5rd & Fritid"},"image":{"@id":"https:\/\/truusk.store\/sv\/#\/schema\/logo\/image\/"}}]}},"jetpack_sharing_enabled":true,"_links":{"self":[{"href":"https:\/\/truusk.store\/sv\/wp-json\/wp\/v2\/product\/93164","targetHints":{"allow":["GET"]}}],"collection":[{"href":"https:\/\/truusk.store\/sv\/wp-json\/wp\/v2\/product"}],"about":[{"href":"https:\/\/truusk.store\/sv\/wp-json\/wp\/v2\/types\/product"}],"wp:featuredmedia":[{"embeddable":true,"href":"https:\/\/truusk.store\/sv\/wp-json\/wp\/v2\/media\/93155"}],"wp:attachment":[{"href":"https:\/\/truusk.store\/sv\/wp-json\/wp\/v2\/media?parent=93164"}],"wp:term":[{"taxonomy":"product_brand","embeddable":true,"href":"https:\/\/truusk.store\/sv\/wp-json\/wp\/v2\/product_brand?post=93164"},{"taxonomy":"product_cat","embeddable":true,"href":"https:\/\/truusk.store\/sv\/wp-json\/wp\/v2\/product_cat?post=93164"},{"taxonomy":"product_tag","embeddable":true,"href":"https:\/\/truusk.store\/sv\/wp-json\/wp\/v2\/product_tag?post=93164"}],"curies":[{"name":"wp","href":"https:\/\/api.w.org\/{rel}","templated":true}]}}