{"id":93184,"date":"2025-10-09T13:39:46","date_gmt":"2025-10-09T12:39:46","guid":{"rendered":"https:\/\/truusk.store\/product\/hundtrappa-3-steg-54-cm-hog-husdjurstrappa-for-sma-hundar-katttrappa-med-sisal-klostrad-leksaksboll\/"},"modified":"2026-03-12T08:50:35","modified_gmt":"2026-03-12T07:50:35","slug":"truusk-hundtrappa-3-steg-54-cm-hojd-for-sma-hundar-och-katter-sisal-klostrad-leksaksboll-enkel-att-montera","status":"publish","type":"product","link":"https:\/\/truusk.store\/sv\/produkt\/truusk-hundtrappa-3-steg-54-cm-hojd-for-sma-hundar-och-katter-sisal-klostrad-leksaksboll-enkel-att-montera\/","title":{"rendered":"TRUUSK Hundtrappa 3 Steg &#8211; 54 cm H\u00f6jd &#8211; F\u00f6r Sm\u00e5 Hundar och Katter &#8211; Sisal Kl\u00f6str\u00e4d &#8211; Leksaksboll &#8211; Enkel Att Montera"},"content":{"rendered":"<p>Ororar du f\u00f6r din djurs s\u00e4kerhet p\u00e5 ostabila steg eller skadade m\u00f6bler p\u00e5 grund av klor? Ofta skapar en l\u00f6sning f\u00f6r ett husdjur nya problem f\u00f6r andra. TRUUSK husdjurstrappor m\u00f6jligg\u00f6r en stabil, s\u00e4ker kl\u00e4ttring f\u00f6r djur upp till 10 kg. Den anpassningsbara designen passar perfekt in i ditt utrymme, och inbyggda sisalstolpar p\u00e5 dessa hundrampar stillar kl\u00e5dan, skyddar dina m\u00f6bler och ser till ditt v\u00e4lbefinnande.<\/p>\n<p>Beskrivning:<\/p>\n<ul>\n<li> St\u00f6der upp till 10 kg med tjock sp\u00e5nskiva, vilket s\u00e4kerst\u00e4ller en stabil struktur<\/li>\n<li> Hundstegen har en flexibel \u00f6versta steg som m\u00f6jligg\u00f6r olika konfigurationer f\u00f6r att anpassa sig till utrymmet<\/li>\n<li> Robust sisalrepstolpe p\u00e5 djurtrappan fr\u00e4mjar kl\u00e5da och skyddar dina m\u00f6bler hemma<\/li>\n<li> T\u00e4ckt med mjuk plyschtyg, ger komfort f\u00f6r husdjur<\/li>\n<li> Djurtrappans stegvisa trestegsdesign underl\u00e4ttar kl\u00e4ttring f\u00f6r husdjur och minskar belastningen p\u00e5 deras leder<\/li>\n<li> Inkluderar ett h\u00e4ngande bollleksak som ger extra roligt f\u00f6r interaktivt spel<\/li>\n<li> Montering kr\u00e4vs, snabbt p\u00e5 bara 15 minuter, sparar dig tid och anstr\u00e4ngning.<\/li>\n<\/ul>\n<p> Tekniska specifikationer:<\/p>\n<ul>\n<li> F\u00e4rg: Gr\u00e5+Cremevit<\/li>\n<li> Material: Sp\u00e5nskiva, plysch (100% polyester), sisal<\/li>\n<li> Totala dimensioner: 52L x 34,5B x 54H cm<\/li>\n<li> Basstorlek: 52L x 34,5B cm<\/li>\n<li> Stegstorlek: 18L x 34,5B cm (F\u00f6rsta\/Tredje), 34,5L x 34,5B cm (Andra)<\/li>\n<li> Stolpstorlek: \u00d86,5 cm<\/li>\n<li> Rekommenderad husdjursvikt: Katter under 5 kg, hundar under 10 kg<\/li>\n<\/ul>\n<p>Leverans inneh\u00e5ller:<\/p>\n<ul>\n<li> 1 x Husdjurstrappa<\/li>\n<li> 1 x Bruksanvisning<\/li>\n<\/ul>\n","protected":false},"excerpt":{"rendered":"<p>Ororar du f\u00f6r din djurs s\u00e4kerhet p\u00e5 ostabila steg eller skadade m\u00f6bler p\u00e5 grund av klor? Ofta skapar en l\u00f6sning&#8230;<\/p>\n","protected":false},"featured_media":93175,"template":"","meta":[],"product_brand":[],"product_cat":[947,574,990],"product_tag":[],"class_list":{"0":"post-93184","1":"product","2":"type-product","3":"status-publish","4":"has-post-thumbnail","6":"product_cat-djurtillbehor","7":"product_cat-hundtillbehor","8":"product_cat-hundtrappor-hundramp","10":"first","11":"instock","12":"sale","13":"taxable","14":"shipping-taxable","15":"purchasable","16":"product-type-simple"},"yoast_head":"<!-- This site is optimized with the Yoast SEO plugin v25.4 - https:\/\/yoast.com\/wordpress\/plugins\/seo\/ -->\n<title>TRUUSK Hundtrappa 3 Steg - 54 cm H\u00f6jd - F\u00f6r Sm\u00e5 Hundar och Katter - Sisal Kl\u00f6str\u00e4d - Leksaksboll - Enkel Att Montera - TRUUSK - Hem, Tr\u00e4dg\u00e5rd &amp; Fritid<\/title>\n<meta name=\"robots\" content=\"index, follow, max-snippet:-1, max-image-preview:large, max-video-preview:-1\" \/>\n<link rel=\"canonical\" href=\"https:\/\/truusk.store\/sv\/produkt\/truusk-hundtrappa-3-steg-54-cm-hojd-for-sma-hundar-och-katter-sisal-klostrad-leksaksboll-enkel-att-montera\/\" \/>\n<meta property=\"og:locale\" content=\"sv_SE\" \/>\n<meta property=\"og:type\" content=\"article\" \/>\n<meta property=\"og:title\" content=\"TRUUSK Hundtrappa 3 Steg - 54 cm H\u00f6jd - F\u00f6r Sm\u00e5 Hundar och Katter - Sisal Kl\u00f6str\u00e4d - Leksaksboll - Enkel Att Montera - TRUUSK - Hem, Tr\u00e4dg\u00e5rd &amp; Fritid\" \/>\n<meta property=\"og:description\" content=\"Ororar du f\u00f6r din djurs s\u00e4kerhet p\u00e5 ostabila steg eller skadade m\u00f6bler p\u00e5 grund av klor? Ofta skapar en l\u00f6sning...\" \/>\n<meta property=\"og:url\" content=\"https:\/\/truusk.store\/sv\/produkt\/truusk-hundtrappa-3-steg-54-cm-hojd-for-sma-hundar-och-katter-sisal-klostrad-leksaksboll-enkel-att-montera\/\" \/>\n<meta property=\"og:site_name\" content=\"TRUUSK - Hem, Tr\u00e4dg\u00e5rd &amp; Fritid\" \/>\n<meta property=\"article:modified_time\" content=\"2026-03-12T07:50:35+00:00\" \/>\n<meta property=\"og:image\" content=\"https:\/\/i0.wp.com\/truusk.se\/wp-content\/uploads\/2025\/10\/hundtrappa-3-steg-54-cm-hog-husdjurstrappa-for-sma-hundar-katttrappa-med-sisal-klostrad-leksaksboll-1.webp?fit=2000%2C2000&ssl=1\" \/>\n\t<meta property=\"og:image:width\" content=\"2000\" \/>\n\t<meta property=\"og:image:height\" content=\"2000\" \/>\n\t<meta property=\"og:image:type\" content=\"image\/webp\" \/>\n<meta name=\"twitter:card\" content=\"summary_large_image\" \/>\n<meta name=\"twitter:label1\" content=\"Ber\u00e4knad l\u00e4stid\" \/>\n\t<meta name=\"twitter:data1\" content=\"1 minut\" \/>\n<!-- \/ Yoast SEO plugin. -->","yoast_head_json":{"title":"TRUUSK Hundtrappa 3 Steg - 54 cm H\u00f6jd - F\u00f6r Sm\u00e5 Hundar och Katter - Sisal Kl\u00f6str\u00e4d - Leksaksboll - Enkel Att Montera - TRUUSK - Hem, Tr\u00e4dg\u00e5rd &amp; Fritid","robots":{"index":"index","follow":"follow","max-snippet":"max-snippet:-1","max-image-preview":"max-image-preview:large","max-video-preview":"max-video-preview:-1"},"canonical":"https:\/\/truusk.store\/sv\/produkt\/truusk-hundtrappa-3-steg-54-cm-hojd-for-sma-hundar-och-katter-sisal-klostrad-leksaksboll-enkel-att-montera\/","og_locale":"sv_SE","og_type":"article","og_title":"TRUUSK Hundtrappa 3 Steg - 54 cm H\u00f6jd - F\u00f6r Sm\u00e5 Hundar och Katter - Sisal Kl\u00f6str\u00e4d - Leksaksboll - Enkel Att Montera - TRUUSK - Hem, Tr\u00e4dg\u00e5rd &amp; Fritid","og_description":"Ororar du f\u00f6r din djurs s\u00e4kerhet p\u00e5 ostabila steg eller skadade m\u00f6bler p\u00e5 grund av klor? Ofta skapar en l\u00f6sning...","og_url":"https:\/\/truusk.store\/sv\/produkt\/truusk-hundtrappa-3-steg-54-cm-hojd-for-sma-hundar-och-katter-sisal-klostrad-leksaksboll-enkel-att-montera\/","og_site_name":"TRUUSK - Hem, Tr\u00e4dg\u00e5rd &amp; Fritid","article_modified_time":"2026-03-12T07:50:35+00:00","og_image":[{"width":2000,"height":2000,"url":"https:\/\/i0.wp.com\/truusk.se\/wp-content\/uploads\/2025\/10\/hundtrappa-3-steg-54-cm-hog-husdjurstrappa-for-sma-hundar-katttrappa-med-sisal-klostrad-leksaksboll-1.webp?fit=2000%2C2000&ssl=1","type":"image\/webp"}],"twitter_card":"summary_large_image","twitter_misc":{"Ber\u00e4knad l\u00e4stid":"1 minut"},"schema":{"@context":"https:\/\/schema.org","@graph":[{"@type":"WebPage","@id":"https:\/\/truusk.store\/sv\/produkt\/truusk-hundtrappa-3-steg-54-cm-hojd-for-sma-hundar-och-katter-sisal-klostrad-leksaksboll-enkel-att-montera\/","url":"https:\/\/truusk.store\/sv\/produkt\/truusk-hundtrappa-3-steg-54-cm-hojd-for-sma-hundar-och-katter-sisal-klostrad-leksaksboll-enkel-att-montera\/","name":"TRUUSK Hundtrappa 3 Steg - 54 cm H\u00f6jd - F\u00f6r Sm\u00e5 Hundar och Katter - Sisal Kl\u00f6str\u00e4d - Leksaksboll - Enkel Att Montera - TRUUSK - Hem, Tr\u00e4dg\u00e5rd &amp; Fritid","isPartOf":{"@id":"https:\/\/truusk.store\/sv\/#website"},"primaryImageOfPage":{"@id":"https:\/\/truusk.store\/sv\/produkt\/truusk-hundtrappa-3-steg-54-cm-hojd-for-sma-hundar-och-katter-sisal-klostrad-leksaksboll-enkel-att-montera\/#primaryimage"},"image":{"@id":"https:\/\/truusk.store\/sv\/produkt\/truusk-hundtrappa-3-steg-54-cm-hojd-for-sma-hundar-och-katter-sisal-klostrad-leksaksboll-enkel-att-montera\/#primaryimage"},"thumbnailUrl":"https:\/\/i0.wp.com\/truusk.store\/wp-content\/uploads\/2025\/10\/hundtrappa-3-steg-54-cm-hog-husdjurstrappa-for-sma-hundar-katttrappa-med-sisal-klostrad-leksaksboll-1.webp?fit=2000%2C2000&ssl=1","datePublished":"2025-10-09T12:39:46+00:00","dateModified":"2026-03-12T07:50:35+00:00","breadcrumb":{"@id":"https:\/\/truusk.store\/sv\/produkt\/truusk-hundtrappa-3-steg-54-cm-hojd-for-sma-hundar-och-katter-sisal-klostrad-leksaksboll-enkel-att-montera\/#breadcrumb"},"inLanguage":"sv-SE","potentialAction":[{"@type":"ReadAction","target":["https:\/\/truusk.store\/sv\/produkt\/truusk-hundtrappa-3-steg-54-cm-hojd-for-sma-hundar-och-katter-sisal-klostrad-leksaksboll-enkel-att-montera\/"]}]},{"@type":"ImageObject","inLanguage":"sv-SE","@id":"https:\/\/truusk.store\/sv\/produkt\/truusk-hundtrappa-3-steg-54-cm-hojd-for-sma-hundar-och-katter-sisal-klostrad-leksaksboll-enkel-att-montera\/#primaryimage","url":"https:\/\/i0.wp.com\/truusk.store\/wp-content\/uploads\/2025\/10\/hundtrappa-3-steg-54-cm-hog-husdjurstrappa-for-sma-hundar-katttrappa-med-sisal-klostrad-leksaksboll-1.webp?fit=2000%2C2000&ssl=1","contentUrl":"https:\/\/i0.wp.com\/truusk.store\/wp-content\/uploads\/2025\/10\/hundtrappa-3-steg-54-cm-hog-husdjurstrappa-for-sma-hundar-katttrappa-med-sisal-klostrad-leksaksboll-1.webp?fit=2000%2C2000&ssl=1","width":2000,"height":2000},{"@type":"BreadcrumbList","@id":"https:\/\/truusk.store\/sv\/produkt\/truusk-hundtrappa-3-steg-54-cm-hojd-for-sma-hundar-och-katter-sisal-klostrad-leksaksboll-enkel-att-montera\/#breadcrumb","itemListElement":[{"@type":"ListItem","position":1,"name":"Home","item":"https:\/\/truusk.store\/sv\/"},{"@type":"ListItem","position":2,"name":"Shop","item":"https:\/\/truusk.store\/shop\/"},{"@type":"ListItem","position":3,"name":"TRUUSK Hundtrappa 3 Steg &#8211; 54 cm H\u00f6jd &#8211; F\u00f6r Sm\u00e5 Hundar och Katter &#8211; Sisal Kl\u00f6str\u00e4d &#8211; Leksaksboll &#8211; Enkel Att Montera"}]},{"@type":"WebSite","@id":"https:\/\/truusk.store\/sv\/#website","url":"https:\/\/truusk.store\/sv\/","name":"TRUUSK - Hem, Tr\u00e4dg\u00e5rd & Fritid","description":"","publisher":{"@id":"https:\/\/truusk.store\/sv\/#organization"},"potentialAction":[{"@type":"SearchAction","target":{"@type":"EntryPoint","urlTemplate":"https:\/\/truusk.store\/sv\/?s={search_term_string}"},"query-input":{"@type":"PropertyValueSpecification","valueRequired":true,"valueName":"search_term_string"}}],"inLanguage":"sv-SE"},{"@type":"Organization","@id":"https:\/\/truusk.store\/sv\/#organization","name":"TRUUSK - Hem, Tr\u00e4dg\u00e5rd & Fritid","url":"https:\/\/truusk.store\/sv\/","logo":{"@type":"ImageObject","inLanguage":"sv-SE","@id":"https:\/\/truusk.store\/sv\/#\/schema\/logo\/image\/","url":"https:\/\/i0.wp.com\/truusk.store\/wp-content\/uploads\/2026\/03\/cropped-TRUUSK.png?fit=2032%2C917&ssl=1","contentUrl":"https:\/\/i0.wp.com\/truusk.store\/wp-content\/uploads\/2026\/03\/cropped-TRUUSK.png?fit=2032%2C917&ssl=1","width":2032,"height":917,"caption":"TRUUSK - Hem, Tr\u00e4dg\u00e5rd & Fritid"},"image":{"@id":"https:\/\/truusk.store\/sv\/#\/schema\/logo\/image\/"}}]}},"jetpack_sharing_enabled":true,"_links":{"self":[{"href":"https:\/\/truusk.store\/sv\/wp-json\/wp\/v2\/product\/93184","targetHints":{"allow":["GET"]}}],"collection":[{"href":"https:\/\/truusk.store\/sv\/wp-json\/wp\/v2\/product"}],"about":[{"href":"https:\/\/truusk.store\/sv\/wp-json\/wp\/v2\/types\/product"}],"wp:featuredmedia":[{"embeddable":true,"href":"https:\/\/truusk.store\/sv\/wp-json\/wp\/v2\/media\/93175"}],"wp:attachment":[{"href":"https:\/\/truusk.store\/sv\/wp-json\/wp\/v2\/media?parent=93184"}],"wp:term":[{"taxonomy":"product_brand","embeddable":true,"href":"https:\/\/truusk.store\/sv\/wp-json\/wp\/v2\/product_brand?post=93184"},{"taxonomy":"product_cat","embeddable":true,"href":"https:\/\/truusk.store\/sv\/wp-json\/wp\/v2\/product_cat?post=93184"},{"taxonomy":"product_tag","embeddable":true,"href":"https:\/\/truusk.store\/sv\/wp-json\/wp\/v2\/product_tag?post=93184"}],"curies":[{"name":"wp","href":"https:\/\/api.w.org\/{rel}","templated":true}]}}