{"id":93194,"date":"2025-10-09T13:40:33","date_gmt":"2025-10-09T12:40:33","guid":{"rendered":"https:\/\/truusk.store\/product\/avsparrningsgrind-for-hundar-fristaende-skyddsgrind-med-fotter-hopfallbar-hundgrind-5-paneler-2615-x-295-x-61-cm-svart\/"},"modified":"2026-03-12T08:50:38","modified_gmt":"2026-03-12T07:50:38","slug":"truusk-avsparrningsgrind-for-hundar-fristaende-skyddsgrind-hopfallbar-5-paneler-svart-2615-x-295-x-61-cm","status":"publish","type":"product","link":"https:\/\/truusk.store\/sv\/produkt\/truusk-avsparrningsgrind-for-hundar-fristaende-skyddsgrind-hopfallbar-5-paneler-svart-2615-x-295-x-61-cm\/","title":{"rendered":"TRUUSK Avsp\u00e4rrningsgrind f\u00f6r Hundar &#8211; Frist\u00e5ende Skyddsgrind &#8211; Hopf\u00e4llbar &#8211; 5 Paneler &#8211; Svart &#8211; 261,5 x 29,5 x 61 cm"},"content":{"rendered":"<p>V\u00e5rt avsp\u00e4rrningsstaket f\u00f6r hundar i stilren design fr\u00e5n TRUUSK ger dig ett enkelt och effektivt s\u00e4tt att sp\u00e4rra in ditt husdjur som katt eller hund i ett visst rum, utan behov av borrning eller installation. Detta hundstaket best\u00e5r av 5 delar som \u00e4r sammanbundna med metallg\u00e5ngj\u00e4rn och kan d\u00e4rf\u00f6r flexibelt st\u00e4llas upp i den \u00f6nskade formen. Skydda b\u00e5de ditt husdjur och din inredning med v\u00e5rt avsp\u00e4rrningsstaket.<\/p>\n<p>Beskrivning:<\/p>\n<ul>\n<li> Avsp\u00e4rrningsstaket f\u00f6r att sp\u00e4rra in sm\u00e5 husdjur<\/li>\n<li> Best\u00e5r av robust, lackerat tr\u00e4 och MDF<\/li>\n<li> 5 separata delar av hundstaketet \u00e4r sammanbundna med metallg\u00e5ngj\u00e4rn, flexibelt att st\u00e4lla upp<\/li>\n<li> Med st\u00f6df\u00f6tter p\u00e5 undersidan f\u00f6r s\u00e4ker st\u00e5ende<\/li>\n<li> Avrundad topp p\u00e5 hundavsp\u00e4rrningsstaketet skyddar mot skador och ger en dekorativ look<\/li>\n<li> Kan f\u00e4llas ihop f\u00f6r att spara utrymme n\u00e4r det inte anv\u00e4nds<\/li>\n<\/ul>\n<p> Tekniska data:<\/p>\n<ul>\n<li> Material: MDF, tr\u00e4<\/li>\n<li> F\u00e4rg: Svart<\/li>\n<li> Totala m\u00e5tt: 261,5L x 29,5B x 61H cm<\/li>\n<li> M\u00e5tt per stycke: 50,8L x 1,8T x 61H cm<\/li>\n<li> Staketavst\u00e5nd: 5 cm<\/li>\n<li> Vikt storlek: 50,8L x 9,6T x 61H cm<\/li>\n<li> Fotl\u00e4ngd: 29,5 cm<\/li>\n<\/ul>\n<p>Leveransinneh\u00e5ll:<\/p>\n<ul>\n<li> 1 x Hundavsp\u00e4rrningsstaket;<\/li>\n<\/ul>\n","protected":false},"excerpt":{"rendered":"<p>V\u00e5rt avsp\u00e4rrningsstaket f\u00f6r hundar i stilren design fr\u00e5n TRUUSK ger dig ett enkelt och effektivt s\u00e4tt att sp\u00e4rra in ditt&#8230;<\/p>\n","protected":false},"featured_media":93185,"template":"","meta":[],"product_brand":[],"product_cat":[878,948,574],"product_tag":[],"class_list":{"0":"post-93194","1":"product","2":"type-product","3":"status-publish","4":"has-post-thumbnail","6":"product_cat-djurbehov","7":"product_cat-hundgaller-skiljevaggar","8":"product_cat-hundtillbehor","10":"first","11":"instock","12":"sale","13":"taxable","14":"shipping-taxable","15":"purchasable","16":"product-type-simple"},"yoast_head":"<!-- This site is optimized with the Yoast SEO plugin v25.4 - https:\/\/yoast.com\/wordpress\/plugins\/seo\/ -->\n<title>TRUUSK Avsp\u00e4rrningsgrind f\u00f6r Hundar - Frist\u00e5ende Skyddsgrind - Hopf\u00e4llbar - 5 Paneler - Svart - 261,5 x 29,5 x 61 cm - TRUUSK - Hem, Tr\u00e4dg\u00e5rd &amp; Fritid<\/title>\n<meta name=\"robots\" content=\"index, follow, max-snippet:-1, max-image-preview:large, max-video-preview:-1\" \/>\n<link rel=\"canonical\" href=\"https:\/\/truusk.store\/sv\/produkt\/truusk-avsparrningsgrind-for-hundar-fristaende-skyddsgrind-hopfallbar-5-paneler-svart-2615-x-295-x-61-cm\/\" \/>\n<meta property=\"og:locale\" content=\"sv_SE\" \/>\n<meta property=\"og:type\" content=\"article\" \/>\n<meta property=\"og:title\" content=\"TRUUSK Avsp\u00e4rrningsgrind f\u00f6r Hundar - Frist\u00e5ende Skyddsgrind - Hopf\u00e4llbar - 5 Paneler - Svart - 261,5 x 29,5 x 61 cm - TRUUSK - Hem, Tr\u00e4dg\u00e5rd &amp; Fritid\" \/>\n<meta property=\"og:description\" content=\"V\u00e5rt avsp\u00e4rrningsstaket f\u00f6r hundar i stilren design fr\u00e5n TRUUSK ger dig ett enkelt och effektivt s\u00e4tt att sp\u00e4rra in ditt...\" \/>\n<meta property=\"og:url\" content=\"https:\/\/truusk.store\/sv\/produkt\/truusk-avsparrningsgrind-for-hundar-fristaende-skyddsgrind-hopfallbar-5-paneler-svart-2615-x-295-x-61-cm\/\" \/>\n<meta property=\"og:site_name\" content=\"TRUUSK - Hem, Tr\u00e4dg\u00e5rd &amp; Fritid\" \/>\n<meta property=\"article:modified_time\" content=\"2026-03-12T07:50:38+00:00\" \/>\n<meta property=\"og:image\" content=\"https:\/\/i0.wp.com\/truusk.se\/wp-content\/uploads\/2025\/10\/avsparrningsgrind-for-hundar-fristaende-skyddsgrind-med-fotter-hopfallbar-hundgrind-5-paneler-2615-x-295-x-61-cm-svart-1.webp?fit=2000%2C2000&ssl=1\" \/>\n\t<meta property=\"og:image:width\" content=\"2000\" \/>\n\t<meta property=\"og:image:height\" content=\"2000\" \/>\n\t<meta property=\"og:image:type\" content=\"image\/webp\" \/>\n<meta name=\"twitter:card\" content=\"summary_large_image\" \/>\n<meta name=\"twitter:label1\" content=\"Ber\u00e4knad l\u00e4stid\" \/>\n\t<meta name=\"twitter:data1\" content=\"1 minut\" \/>\n<!-- \/ Yoast SEO plugin. -->","yoast_head_json":{"title":"TRUUSK Avsp\u00e4rrningsgrind f\u00f6r Hundar - Frist\u00e5ende Skyddsgrind - Hopf\u00e4llbar - 5 Paneler - Svart - 261,5 x 29,5 x 61 cm - TRUUSK - Hem, Tr\u00e4dg\u00e5rd &amp; Fritid","robots":{"index":"index","follow":"follow","max-snippet":"max-snippet:-1","max-image-preview":"max-image-preview:large","max-video-preview":"max-video-preview:-1"},"canonical":"https:\/\/truusk.store\/sv\/produkt\/truusk-avsparrningsgrind-for-hundar-fristaende-skyddsgrind-hopfallbar-5-paneler-svart-2615-x-295-x-61-cm\/","og_locale":"sv_SE","og_type":"article","og_title":"TRUUSK Avsp\u00e4rrningsgrind f\u00f6r Hundar - Frist\u00e5ende Skyddsgrind - Hopf\u00e4llbar - 5 Paneler - Svart - 261,5 x 29,5 x 61 cm - TRUUSK - Hem, Tr\u00e4dg\u00e5rd &amp; Fritid","og_description":"V\u00e5rt avsp\u00e4rrningsstaket f\u00f6r hundar i stilren design fr\u00e5n TRUUSK ger dig ett enkelt och effektivt s\u00e4tt att sp\u00e4rra in ditt...","og_url":"https:\/\/truusk.store\/sv\/produkt\/truusk-avsparrningsgrind-for-hundar-fristaende-skyddsgrind-hopfallbar-5-paneler-svart-2615-x-295-x-61-cm\/","og_site_name":"TRUUSK - Hem, Tr\u00e4dg\u00e5rd &amp; Fritid","article_modified_time":"2026-03-12T07:50:38+00:00","og_image":[{"width":2000,"height":2000,"url":"https:\/\/i0.wp.com\/truusk.se\/wp-content\/uploads\/2025\/10\/avsparrningsgrind-for-hundar-fristaende-skyddsgrind-med-fotter-hopfallbar-hundgrind-5-paneler-2615-x-295-x-61-cm-svart-1.webp?fit=2000%2C2000&ssl=1","type":"image\/webp"}],"twitter_card":"summary_large_image","twitter_misc":{"Ber\u00e4knad l\u00e4stid":"1 minut"},"schema":{"@context":"https:\/\/schema.org","@graph":[{"@type":"WebPage","@id":"https:\/\/truusk.store\/sv\/produkt\/truusk-avsparrningsgrind-for-hundar-fristaende-skyddsgrind-hopfallbar-5-paneler-svart-2615-x-295-x-61-cm\/","url":"https:\/\/truusk.store\/sv\/produkt\/truusk-avsparrningsgrind-for-hundar-fristaende-skyddsgrind-hopfallbar-5-paneler-svart-2615-x-295-x-61-cm\/","name":"TRUUSK Avsp\u00e4rrningsgrind f\u00f6r Hundar - Frist\u00e5ende Skyddsgrind - Hopf\u00e4llbar - 5 Paneler - Svart - 261,5 x 29,5 x 61 cm - TRUUSK - Hem, Tr\u00e4dg\u00e5rd &amp; Fritid","isPartOf":{"@id":"https:\/\/truusk.store\/sv\/#website"},"primaryImageOfPage":{"@id":"https:\/\/truusk.store\/sv\/produkt\/truusk-avsparrningsgrind-for-hundar-fristaende-skyddsgrind-hopfallbar-5-paneler-svart-2615-x-295-x-61-cm\/#primaryimage"},"image":{"@id":"https:\/\/truusk.store\/sv\/produkt\/truusk-avsparrningsgrind-for-hundar-fristaende-skyddsgrind-hopfallbar-5-paneler-svart-2615-x-295-x-61-cm\/#primaryimage"},"thumbnailUrl":"https:\/\/i0.wp.com\/truusk.store\/wp-content\/uploads\/2025\/10\/avsparrningsgrind-for-hundar-fristaende-skyddsgrind-med-fotter-hopfallbar-hundgrind-5-paneler-2615-x-295-x-61-cm-svart-1.webp?fit=2000%2C2000&ssl=1","datePublished":"2025-10-09T12:40:33+00:00","dateModified":"2026-03-12T07:50:38+00:00","breadcrumb":{"@id":"https:\/\/truusk.store\/sv\/produkt\/truusk-avsparrningsgrind-for-hundar-fristaende-skyddsgrind-hopfallbar-5-paneler-svart-2615-x-295-x-61-cm\/#breadcrumb"},"inLanguage":"sv-SE","potentialAction":[{"@type":"ReadAction","target":["https:\/\/truusk.store\/sv\/produkt\/truusk-avsparrningsgrind-for-hundar-fristaende-skyddsgrind-hopfallbar-5-paneler-svart-2615-x-295-x-61-cm\/"]}]},{"@type":"ImageObject","inLanguage":"sv-SE","@id":"https:\/\/truusk.store\/sv\/produkt\/truusk-avsparrningsgrind-for-hundar-fristaende-skyddsgrind-hopfallbar-5-paneler-svart-2615-x-295-x-61-cm\/#primaryimage","url":"https:\/\/i0.wp.com\/truusk.store\/wp-content\/uploads\/2025\/10\/avsparrningsgrind-for-hundar-fristaende-skyddsgrind-med-fotter-hopfallbar-hundgrind-5-paneler-2615-x-295-x-61-cm-svart-1.webp?fit=2000%2C2000&ssl=1","contentUrl":"https:\/\/i0.wp.com\/truusk.store\/wp-content\/uploads\/2025\/10\/avsparrningsgrind-for-hundar-fristaende-skyddsgrind-med-fotter-hopfallbar-hundgrind-5-paneler-2615-x-295-x-61-cm-svart-1.webp?fit=2000%2C2000&ssl=1","width":2000,"height":2000},{"@type":"BreadcrumbList","@id":"https:\/\/truusk.store\/sv\/produkt\/truusk-avsparrningsgrind-for-hundar-fristaende-skyddsgrind-hopfallbar-5-paneler-svart-2615-x-295-x-61-cm\/#breadcrumb","itemListElement":[{"@type":"ListItem","position":1,"name":"Home","item":"https:\/\/truusk.store\/sv\/"},{"@type":"ListItem","position":2,"name":"Shop","item":"https:\/\/truusk.store\/shop\/"},{"@type":"ListItem","position":3,"name":"TRUUSK Avsp\u00e4rrningsgrind f\u00f6r Hundar &#8211; Frist\u00e5ende Skyddsgrind &#8211; Hopf\u00e4llbar &#8211; 5 Paneler &#8211; Svart &#8211; 261,5 x 29,5 x 61 cm"}]},{"@type":"WebSite","@id":"https:\/\/truusk.store\/sv\/#website","url":"https:\/\/truusk.store\/sv\/","name":"TRUUSK - Hem, Tr\u00e4dg\u00e5rd & Fritid","description":"","publisher":{"@id":"https:\/\/truusk.store\/sv\/#organization"},"potentialAction":[{"@type":"SearchAction","target":{"@type":"EntryPoint","urlTemplate":"https:\/\/truusk.store\/sv\/?s={search_term_string}"},"query-input":{"@type":"PropertyValueSpecification","valueRequired":true,"valueName":"search_term_string"}}],"inLanguage":"sv-SE"},{"@type":"Organization","@id":"https:\/\/truusk.store\/sv\/#organization","name":"TRUUSK - Hem, Tr\u00e4dg\u00e5rd & Fritid","url":"https:\/\/truusk.store\/sv\/","logo":{"@type":"ImageObject","inLanguage":"sv-SE","@id":"https:\/\/truusk.store\/sv\/#\/schema\/logo\/image\/","url":"https:\/\/i0.wp.com\/truusk.store\/wp-content\/uploads\/2026\/03\/cropped-TRUUSK.png?fit=2032%2C917&ssl=1","contentUrl":"https:\/\/i0.wp.com\/truusk.store\/wp-content\/uploads\/2026\/03\/cropped-TRUUSK.png?fit=2032%2C917&ssl=1","width":2032,"height":917,"caption":"TRUUSK - Hem, Tr\u00e4dg\u00e5rd & Fritid"},"image":{"@id":"https:\/\/truusk.store\/sv\/#\/schema\/logo\/image\/"}}]}},"jetpack_sharing_enabled":true,"_links":{"self":[{"href":"https:\/\/truusk.store\/sv\/wp-json\/wp\/v2\/product\/93194","targetHints":{"allow":["GET"]}}],"collection":[{"href":"https:\/\/truusk.store\/sv\/wp-json\/wp\/v2\/product"}],"about":[{"href":"https:\/\/truusk.store\/sv\/wp-json\/wp\/v2\/types\/product"}],"wp:featuredmedia":[{"embeddable":true,"href":"https:\/\/truusk.store\/sv\/wp-json\/wp\/v2\/media\/93185"}],"wp:attachment":[{"href":"https:\/\/truusk.store\/sv\/wp-json\/wp\/v2\/media?parent=93194"}],"wp:term":[{"taxonomy":"product_brand","embeddable":true,"href":"https:\/\/truusk.store\/sv\/wp-json\/wp\/v2\/product_brand?post=93194"},{"taxonomy":"product_cat","embeddable":true,"href":"https:\/\/truusk.store\/sv\/wp-json\/wp\/v2\/product_cat?post=93194"},{"taxonomy":"product_tag","embeddable":true,"href":"https:\/\/truusk.store\/sv\/wp-json\/wp\/v2\/product_tag?post=93194"}],"curies":[{"name":"wp","href":"https:\/\/api.w.org\/{rel}","templated":true}]}}