{"id":93204,"date":"2025-10-09T13:41:37","date_gmt":"2025-10-09T12:41:37","guid":{"rendered":"https:\/\/truusk.store\/product\/vattenkokare-och-brodrost-set-2200w-otter-termostat-2-slots-brodrost-7-rostningsnivaer-smulbricka-svart\/"},"modified":"2026-03-12T08:50:39","modified_gmt":"2026-03-12T07:50:39","slug":"truusk-vattenkokare-och-brodrost-set-2200w-otter-termostat-2-slots-brodrost-7-rostningsnivaer-smulbricka-svart","status":"publish","type":"product","link":"https:\/\/truusk.store\/sv\/produkt\/truusk-vattenkokare-och-brodrost-set-2200w-otter-termostat-2-slots-brodrost-7-rostningsnivaer-smulbricka-svart\/","title":{"rendered":"TRUUSK Vattenkokare och Br\u00f6drost-set &#8211; 2200W &#8211; Otter-termostat &#8211; 2-slots Br\u00f6drost &#8211; 7 Rostningsniv\u00e5er &#8211; Smulbricka &#8211; Svart"},"content":{"rendered":"<p>Utvecklad f\u00f6r hektiska familjer eller hemmakontoret, ger 1,7 L vattenkokaren med Otter-termostat snabb och exakt kokning. Med funktioner som automatisk avst\u00e4ngning, torrkokningsskydd och \u00f6verhettningsskydd garanterar den h\u00f6gsta s\u00e4kerhet. Br\u00f6drosten i frukostsetet med tv\u00e5 sp\u00e5r har 7 inst\u00e4llningar f\u00f6r alltid perfekt rostat br\u00f6d, oavsett om det \u00e4r fryst eller f\u00e4rskt.<\/p>\n<p>Beskrivning:<\/p>\n<ul>\n<li> Matchande vattenkokare och br\u00f6drost-set f\u00f6rb\u00e4ttrar ditt k\u00f6k med modern stil<\/li>\n<li> Kokar vatten p\u00e5 minuter med 2200 W effekt, idealiskt f\u00f6r upptagna morgnar<\/li>\n<li> Gener\u00f6s 1,7 L kapacitet t\u00e4cker familjens behov, med ett praktiskt vattenf\u00f6nster<\/li>\n<li> Njut av optimal rostning med 7 rostningsniv\u00e5er och m\u00e5ngsidiga funktionsknappar<\/li>\n<li> Automatisk avst\u00e4ngning och torrkokningsskydd i frukostsetet garanterar fullst\u00e4ndig s\u00e4kerhet<\/li>\n<li> 360\u00b0 vattenkokarebas med inbyggd kabelhantering h\u00e5ller ditt k\u00f6ksomr\u00e5de snyggt<\/li>\n<li> Avtagbar smulbricka och kalkfilter f\u00f6r enkel reng\u00f6ring<\/li>\n<\/ul>\n<p> Tekniska data:<\/p>\n<ul>\n<li> F\u00e4rg: Svart+Silverton<\/li>\n<li> Material: Plast, St\u00e5l<\/li>\n<li> Vattenkokarens dimensioner: 22,2L x 16,7B x 23,2H cm<\/li>\n<li> Br\u00f6drostens dimensioner: 26,6L x 16,4B x 18,3H cm<\/li>\n<li> Basen f\u00f6r vattenkokaren: \u00d815,6 x 1,5H cm<\/li>\n<li> Br\u00f6drostens sp\u00e5rstorlek: 13,5L x 3,5B x 13,5H cm<\/li>\n<li> Kapacitet f\u00f6r vattenkokaren: 1,7 L<\/li>\n<li> Effekt f\u00f6r vattenkokaren: 1850-2200W<\/li>\n<li> Effekt f\u00f6r br\u00f6drosten: 750-900W<\/li>\n<li> Sp\u00e4nning: 220-240V, 50\/60Hz<\/li>\n<li> Kabell\u00e4ngd: 0,7 m<\/li>\n<\/ul>\n<p>Leveransinneh\u00e5ll:<\/p>\n<ul>\n<li> 1 x Elektrisk vattenkokare<\/li>\n<li> 1 x Br\u00f6drost<\/li>\n<li> 1 x Bruksanvisning<\/li>\n<\/ul>\n","protected":false},"excerpt":{"rendered":"<p>Utvecklad f\u00f6r hektiska familjer eller hemmakontoret, ger 1,7 L vattenkokaren med Otter-termostat snabb och exakt kokning. Med funktioner som automatisk&#8230;<\/p>\n","protected":false},"featured_media":93195,"template":"","meta":[],"product_brand":[],"product_cat":[871,498,933,1074],"product_tag":[],"class_list":{"0":"post-93204","1":"product","2":"type-product","3":"status-publish","4":"has-post-thumbnail","6":"product_cat-hus-hem","7":"product_cat-hushallsapparater","8":"product_cat-koksapparater","9":"product_cat-wasserkocher-toaster-sets","11":"first","12":"instock","13":"sale","14":"taxable","15":"shipping-taxable","16":"purchasable","17":"product-type-simple"},"yoast_head":"<!-- This site is optimized with the Yoast SEO plugin v25.4 - https:\/\/yoast.com\/wordpress\/plugins\/seo\/ -->\n<title>TRUUSK Vattenkokare och Br\u00f6drost-set - 2200W - Otter-termostat - 2-slots Br\u00f6drost - 7 Rostningsniv\u00e5er - Smulbricka - Svart - TRUUSK - Hem, Tr\u00e4dg\u00e5rd &amp; Fritid<\/title>\n<meta name=\"robots\" content=\"index, follow, max-snippet:-1, max-image-preview:large, max-video-preview:-1\" \/>\n<link rel=\"canonical\" href=\"https:\/\/truusk.store\/sv\/produkt\/truusk-vattenkokare-och-brodrost-set-2200w-otter-termostat-2-slots-brodrost-7-rostningsnivaer-smulbricka-svart\/\" \/>\n<meta property=\"og:locale\" content=\"sv_SE\" \/>\n<meta property=\"og:type\" content=\"article\" \/>\n<meta property=\"og:title\" content=\"TRUUSK Vattenkokare och Br\u00f6drost-set - 2200W - Otter-termostat - 2-slots Br\u00f6drost - 7 Rostningsniv\u00e5er - Smulbricka - Svart - TRUUSK - Hem, Tr\u00e4dg\u00e5rd &amp; Fritid\" \/>\n<meta property=\"og:description\" content=\"Utvecklad f\u00f6r hektiska familjer eller hemmakontoret, ger 1,7 L vattenkokaren med Otter-termostat snabb och exakt kokning. Med funktioner som automatisk...\" \/>\n<meta property=\"og:url\" content=\"https:\/\/truusk.store\/sv\/produkt\/truusk-vattenkokare-och-brodrost-set-2200w-otter-termostat-2-slots-brodrost-7-rostningsnivaer-smulbricka-svart\/\" \/>\n<meta property=\"og:site_name\" content=\"TRUUSK - Hem, Tr\u00e4dg\u00e5rd &amp; Fritid\" \/>\n<meta property=\"article:modified_time\" content=\"2026-03-12T07:50:39+00:00\" \/>\n<meta property=\"og:image\" content=\"https:\/\/i0.wp.com\/truusk.se\/wp-content\/uploads\/2025\/10\/vattenkokare-och-brodrost-set-2200w-otter-termostat-2-slots-brodrost-7-rostningsnivaer-smulbricka-svart-1.webp?fit=2000%2C2000&ssl=1\" \/>\n\t<meta property=\"og:image:width\" content=\"2000\" \/>\n\t<meta property=\"og:image:height\" content=\"2000\" \/>\n\t<meta property=\"og:image:type\" content=\"image\/webp\" \/>\n<meta name=\"twitter:card\" content=\"summary_large_image\" \/>\n<meta name=\"twitter:label1\" content=\"Ber\u00e4knad l\u00e4stid\" \/>\n\t<meta name=\"twitter:data1\" content=\"1 minut\" \/>\n<!-- \/ Yoast SEO plugin. -->","yoast_head_json":{"title":"TRUUSK Vattenkokare och Br\u00f6drost-set - 2200W - Otter-termostat - 2-slots Br\u00f6drost - 7 Rostningsniv\u00e5er - Smulbricka - Svart - TRUUSK - Hem, Tr\u00e4dg\u00e5rd &amp; Fritid","robots":{"index":"index","follow":"follow","max-snippet":"max-snippet:-1","max-image-preview":"max-image-preview:large","max-video-preview":"max-video-preview:-1"},"canonical":"https:\/\/truusk.store\/sv\/produkt\/truusk-vattenkokare-och-brodrost-set-2200w-otter-termostat-2-slots-brodrost-7-rostningsnivaer-smulbricka-svart\/","og_locale":"sv_SE","og_type":"article","og_title":"TRUUSK Vattenkokare och Br\u00f6drost-set - 2200W - Otter-termostat - 2-slots Br\u00f6drost - 7 Rostningsniv\u00e5er - Smulbricka - Svart - TRUUSK - Hem, Tr\u00e4dg\u00e5rd &amp; Fritid","og_description":"Utvecklad f\u00f6r hektiska familjer eller hemmakontoret, ger 1,7 L vattenkokaren med Otter-termostat snabb och exakt kokning. Med funktioner som automatisk...","og_url":"https:\/\/truusk.store\/sv\/produkt\/truusk-vattenkokare-och-brodrost-set-2200w-otter-termostat-2-slots-brodrost-7-rostningsnivaer-smulbricka-svart\/","og_site_name":"TRUUSK - Hem, Tr\u00e4dg\u00e5rd &amp; Fritid","article_modified_time":"2026-03-12T07:50:39+00:00","og_image":[{"width":2000,"height":2000,"url":"https:\/\/i0.wp.com\/truusk.se\/wp-content\/uploads\/2025\/10\/vattenkokare-och-brodrost-set-2200w-otter-termostat-2-slots-brodrost-7-rostningsnivaer-smulbricka-svart-1.webp?fit=2000%2C2000&ssl=1","type":"image\/webp"}],"twitter_card":"summary_large_image","twitter_misc":{"Ber\u00e4knad l\u00e4stid":"1 minut"},"schema":{"@context":"https:\/\/schema.org","@graph":[{"@type":"WebPage","@id":"https:\/\/truusk.store\/sv\/produkt\/truusk-vattenkokare-och-brodrost-set-2200w-otter-termostat-2-slots-brodrost-7-rostningsnivaer-smulbricka-svart\/","url":"https:\/\/truusk.store\/sv\/produkt\/truusk-vattenkokare-och-brodrost-set-2200w-otter-termostat-2-slots-brodrost-7-rostningsnivaer-smulbricka-svart\/","name":"TRUUSK Vattenkokare och Br\u00f6drost-set - 2200W - Otter-termostat - 2-slots Br\u00f6drost - 7 Rostningsniv\u00e5er - Smulbricka - Svart - TRUUSK - Hem, Tr\u00e4dg\u00e5rd &amp; Fritid","isPartOf":{"@id":"https:\/\/truusk.store\/sv\/#website"},"primaryImageOfPage":{"@id":"https:\/\/truusk.store\/sv\/produkt\/truusk-vattenkokare-och-brodrost-set-2200w-otter-termostat-2-slots-brodrost-7-rostningsnivaer-smulbricka-svart\/#primaryimage"},"image":{"@id":"https:\/\/truusk.store\/sv\/produkt\/truusk-vattenkokare-och-brodrost-set-2200w-otter-termostat-2-slots-brodrost-7-rostningsnivaer-smulbricka-svart\/#primaryimage"},"thumbnailUrl":"https:\/\/i0.wp.com\/truusk.store\/wp-content\/uploads\/2025\/10\/vattenkokare-och-brodrost-set-2200w-otter-termostat-2-slots-brodrost-7-rostningsnivaer-smulbricka-svart-1.webp?fit=2000%2C2000&ssl=1","datePublished":"2025-10-09T12:41:37+00:00","dateModified":"2026-03-12T07:50:39+00:00","breadcrumb":{"@id":"https:\/\/truusk.store\/sv\/produkt\/truusk-vattenkokare-och-brodrost-set-2200w-otter-termostat-2-slots-brodrost-7-rostningsnivaer-smulbricka-svart\/#breadcrumb"},"inLanguage":"sv-SE","potentialAction":[{"@type":"ReadAction","target":["https:\/\/truusk.store\/sv\/produkt\/truusk-vattenkokare-och-brodrost-set-2200w-otter-termostat-2-slots-brodrost-7-rostningsnivaer-smulbricka-svart\/"]}]},{"@type":"ImageObject","inLanguage":"sv-SE","@id":"https:\/\/truusk.store\/sv\/produkt\/truusk-vattenkokare-och-brodrost-set-2200w-otter-termostat-2-slots-brodrost-7-rostningsnivaer-smulbricka-svart\/#primaryimage","url":"https:\/\/i0.wp.com\/truusk.store\/wp-content\/uploads\/2025\/10\/vattenkokare-och-brodrost-set-2200w-otter-termostat-2-slots-brodrost-7-rostningsnivaer-smulbricka-svart-1.webp?fit=2000%2C2000&ssl=1","contentUrl":"https:\/\/i0.wp.com\/truusk.store\/wp-content\/uploads\/2025\/10\/vattenkokare-och-brodrost-set-2200w-otter-termostat-2-slots-brodrost-7-rostningsnivaer-smulbricka-svart-1.webp?fit=2000%2C2000&ssl=1","width":2000,"height":2000},{"@type":"BreadcrumbList","@id":"https:\/\/truusk.store\/sv\/produkt\/truusk-vattenkokare-och-brodrost-set-2200w-otter-termostat-2-slots-brodrost-7-rostningsnivaer-smulbricka-svart\/#breadcrumb","itemListElement":[{"@type":"ListItem","position":1,"name":"Home","item":"https:\/\/truusk.store\/sv\/"},{"@type":"ListItem","position":2,"name":"Shop","item":"https:\/\/truusk.store\/shop\/"},{"@type":"ListItem","position":3,"name":"TRUUSK Vattenkokare och Br\u00f6drost-set &#8211; 2200W &#8211; Otter-termostat &#8211; 2-slots Br\u00f6drost &#8211; 7 Rostningsniv\u00e5er &#8211; Smulbricka &#8211; Svart"}]},{"@type":"WebSite","@id":"https:\/\/truusk.store\/sv\/#website","url":"https:\/\/truusk.store\/sv\/","name":"TRUUSK - Hem, Tr\u00e4dg\u00e5rd & Fritid","description":"","publisher":{"@id":"https:\/\/truusk.store\/sv\/#organization"},"potentialAction":[{"@type":"SearchAction","target":{"@type":"EntryPoint","urlTemplate":"https:\/\/truusk.store\/sv\/?s={search_term_string}"},"query-input":{"@type":"PropertyValueSpecification","valueRequired":true,"valueName":"search_term_string"}}],"inLanguage":"sv-SE"},{"@type":"Organization","@id":"https:\/\/truusk.store\/sv\/#organization","name":"TRUUSK - Hem, Tr\u00e4dg\u00e5rd & Fritid","url":"https:\/\/truusk.store\/sv\/","logo":{"@type":"ImageObject","inLanguage":"sv-SE","@id":"https:\/\/truusk.store\/sv\/#\/schema\/logo\/image\/","url":"https:\/\/i0.wp.com\/truusk.store\/wp-content\/uploads\/2026\/03\/cropped-TRUUSK.png?fit=2032%2C917&ssl=1","contentUrl":"https:\/\/i0.wp.com\/truusk.store\/wp-content\/uploads\/2026\/03\/cropped-TRUUSK.png?fit=2032%2C917&ssl=1","width":2032,"height":917,"caption":"TRUUSK - Hem, Tr\u00e4dg\u00e5rd & Fritid"},"image":{"@id":"https:\/\/truusk.store\/sv\/#\/schema\/logo\/image\/"}}]}},"jetpack_sharing_enabled":true,"_links":{"self":[{"href":"https:\/\/truusk.store\/sv\/wp-json\/wp\/v2\/product\/93204","targetHints":{"allow":["GET"]}}],"collection":[{"href":"https:\/\/truusk.store\/sv\/wp-json\/wp\/v2\/product"}],"about":[{"href":"https:\/\/truusk.store\/sv\/wp-json\/wp\/v2\/types\/product"}],"wp:featuredmedia":[{"embeddable":true,"href":"https:\/\/truusk.store\/sv\/wp-json\/wp\/v2\/media\/93195"}],"wp:attachment":[{"href":"https:\/\/truusk.store\/sv\/wp-json\/wp\/v2\/media?parent=93204"}],"wp:term":[{"taxonomy":"product_brand","embeddable":true,"href":"https:\/\/truusk.store\/sv\/wp-json\/wp\/v2\/product_brand?post=93204"},{"taxonomy":"product_cat","embeddable":true,"href":"https:\/\/truusk.store\/sv\/wp-json\/wp\/v2\/product_cat?post=93204"},{"taxonomy":"product_tag","embeddable":true,"href":"https:\/\/truusk.store\/sv\/wp-json\/wp\/v2\/product_tag?post=93204"}],"curies":[{"name":"wp","href":"https:\/\/api.w.org\/{rel}","templated":true}]}}