{"id":93234,"date":"2025-10-09T13:44:26","date_gmt":"2025-10-09T12:44:26","guid":{"rendered":"https:\/\/truusk.store\/product\/tygskap-kladskap-med-kladstang-hyllor-for-sovrum-omkladningsrum-111-x-43-x-185-cm-svart\/"},"modified":"2026-03-12T08:50:40","modified_gmt":"2026-03-12T07:50:40","slug":"truusk-kladskap-med-kladstang-och-hyllor-for-sovrum-och-omkladningsrum-svart-111-x-43-x-185-cm","status":"publish","type":"product","link":"https:\/\/truusk.store\/sv\/produkt\/truusk-kladskap-med-kladstang-och-hyllor-for-sovrum-och-omkladningsrum-svart-111-x-43-x-185-cm\/","title":{"rendered":"TRUUSK Kl\u00e4dsk\u00e5p &#8211; Med Kl\u00e4dst\u00e5ng och Hyllor &#8211; F\u00f6r Sovrum och Omkl\u00e4dningsrum &#8211; Svart &#8211; 111 x 43 x 185 cm"},"content":{"rendered":"<p>K\u00e4mpar du med ett \u00f6verfullt sovrum och r\u00e4dslan f\u00f6r en ostabil garderob som kan kollapsa under vikten av dina vinterjackor? Dina aftonkl\u00e4nningar hamnar skrynkliga p\u00e5 golvet. Den b\u00e4rbara TRUUSK garderoben i tyg \u00e4r l\u00f6sningen. Med sin f\u00f6rst\u00e4rkta st\u00e5lram kan den s\u00e4kert b\u00e4ra upp till 120 kg. Tv\u00e5 l\u00e5nga kl\u00e4dst\u00e4nger och sex hyllor i tygsk\u00e5pet ger ordning och \u00f6verblick, s\u00e5 att varje kl\u00e4desplagg \u00e4r l\u00e4tt att hitta och v\u00e4l sorterat.<\/p>\n<p>Beskrivning:<\/p>\n<ul>\n<li> Tyggarderoben erbjuder 2 kl\u00e4dst\u00e4nger och 6 hyllor f\u00f6r ordnad, prydlig f\u00f6rvaring<\/li>\n<li> Tv\u00e5 89 cm h\u00f6ga upph\u00e4ngningssektioner i tygsk\u00e5pet f\u00f6rhindrar att l\u00e5nga rockar r\u00f6r vid golvet<\/li>\n<li> Tillverkad av f\u00f6rst\u00e4rkta st\u00e5lr\u00f6r, h\u00e5ller tygsk\u00e5pet upp till 120 kg utan att vackla<\/li>\n<li> Montering kr\u00e4vs utan verktyg, l\u00e4mplig f\u00f6r de som ofta flyttar<\/li>\n<li> Den minimalistiska svarta designen p\u00e5 tyggarderoben kompletterar alla sovrum-, entr\u00e9- eller vardagsrumsdekorationer<\/li>\n<li> Hyllorna i non-woven tyg \u00e4r andningsbara och skyddar dina kl\u00e4der fr\u00e5n damm<\/li>\n<\/ul>\n<p> Tekniska data:<\/p>\n<ul>\n<li> F\u00e4rg: Svart<\/li>\n<li> Material: Non-woven tyg, plast, st\u00e5lr\u00f6r<\/li>\n<li> Totala dimensioner: 111L x 43B x 185H cm<\/li>\n<li> Stor fackstorlek: 66B x 39T x 89H cm<\/li>\n<li> Liten fackstorlek: 37B x 39T x 44H cm<\/li>\n<li> L\u00e4ngd p\u00e5 kl\u00e4dst\u00e5ng: 66 cm (2 st\u00e4nger)<\/li>\n<li> Maximal belastning: 120 kg (totalt), 15 kg (stort fack\/kl\u00e4dst\u00e5ng), 5 kg (litet fack)<\/li>\n<\/ul>\n<p>Leveransinneh\u00e5ll:<\/p>\n<ul>\n<li> 1 x B\u00e4rbar garderob<\/li>\n<li> 1 x Bruksanvisning<\/li>\n<\/ul>\n","protected":false},"excerpt":{"rendered":"<p>K\u00e4mpar du med ett \u00f6verfullt sovrum och r\u00e4dslan f\u00f6r en ostabil garderob som kan kollapsa under vikten av dina vinterjackor?&#8230;<\/p>\n","protected":false},"featured_media":93225,"template":"","meta":[],"product_brand":[],"product_cat":[558,871,897],"product_tag":[],"class_list":{"0":"post-93234","1":"product","2":"type-product","3":"status-publish","4":"has-post-thumbnail","6":"product_cat-garderober","7":"product_cat-hus-hem","8":"product_cat-sovrum","10":"first","11":"instock","12":"sale","13":"taxable","14":"shipping-taxable","15":"purchasable","16":"product-type-simple"},"yoast_head":"<!-- This site is optimized with the Yoast SEO plugin v25.4 - https:\/\/yoast.com\/wordpress\/plugins\/seo\/ -->\n<title>TRUUSK Kl\u00e4dsk\u00e5p - Med Kl\u00e4dst\u00e5ng och Hyllor - F\u00f6r Sovrum och Omkl\u00e4dningsrum - Svart - 111 x 43 x 185 cm - TRUUSK - Hem, Tr\u00e4dg\u00e5rd &amp; Fritid<\/title>\n<meta name=\"robots\" content=\"index, follow, max-snippet:-1, max-image-preview:large, max-video-preview:-1\" \/>\n<link rel=\"canonical\" href=\"https:\/\/truusk.store\/sv\/produkt\/truusk-kladskap-med-kladstang-och-hyllor-for-sovrum-och-omkladningsrum-svart-111-x-43-x-185-cm\/\" \/>\n<meta property=\"og:locale\" content=\"sv_SE\" \/>\n<meta property=\"og:type\" content=\"article\" \/>\n<meta property=\"og:title\" content=\"TRUUSK Kl\u00e4dsk\u00e5p - Med Kl\u00e4dst\u00e5ng och Hyllor - F\u00f6r Sovrum och Omkl\u00e4dningsrum - Svart - 111 x 43 x 185 cm - TRUUSK - Hem, Tr\u00e4dg\u00e5rd &amp; Fritid\" \/>\n<meta property=\"og:description\" content=\"K\u00e4mpar du med ett \u00f6verfullt sovrum och r\u00e4dslan f\u00f6r en ostabil garderob som kan kollapsa under vikten av dina vinterjackor?...\" \/>\n<meta property=\"og:url\" content=\"https:\/\/truusk.store\/sv\/produkt\/truusk-kladskap-med-kladstang-och-hyllor-for-sovrum-och-omkladningsrum-svart-111-x-43-x-185-cm\/\" \/>\n<meta property=\"og:site_name\" content=\"TRUUSK - Hem, Tr\u00e4dg\u00e5rd &amp; Fritid\" \/>\n<meta property=\"article:modified_time\" content=\"2026-03-12T07:50:40+00:00\" \/>\n<meta property=\"og:image\" content=\"https:\/\/i0.wp.com\/truusk.se\/wp-content\/uploads\/2025\/10\/tygskap-kladskap-med-kladstang-hyllor-for-sovrum-omkladningsrum-111-x-43-x-185-cm-svart-1.webp?fit=2000%2C2000&ssl=1\" \/>\n\t<meta property=\"og:image:width\" content=\"2000\" \/>\n\t<meta property=\"og:image:height\" content=\"2000\" \/>\n\t<meta property=\"og:image:type\" content=\"image\/webp\" \/>\n<meta name=\"twitter:card\" content=\"summary_large_image\" \/>\n<meta name=\"twitter:label1\" content=\"Ber\u00e4knad l\u00e4stid\" \/>\n\t<meta name=\"twitter:data1\" content=\"1 minut\" \/>\n<!-- \/ Yoast SEO plugin. -->","yoast_head_json":{"title":"TRUUSK Kl\u00e4dsk\u00e5p - Med Kl\u00e4dst\u00e5ng och Hyllor - F\u00f6r Sovrum och Omkl\u00e4dningsrum - Svart - 111 x 43 x 185 cm - TRUUSK - Hem, Tr\u00e4dg\u00e5rd &amp; Fritid","robots":{"index":"index","follow":"follow","max-snippet":"max-snippet:-1","max-image-preview":"max-image-preview:large","max-video-preview":"max-video-preview:-1"},"canonical":"https:\/\/truusk.store\/sv\/produkt\/truusk-kladskap-med-kladstang-och-hyllor-for-sovrum-och-omkladningsrum-svart-111-x-43-x-185-cm\/","og_locale":"sv_SE","og_type":"article","og_title":"TRUUSK Kl\u00e4dsk\u00e5p - Med Kl\u00e4dst\u00e5ng och Hyllor - F\u00f6r Sovrum och Omkl\u00e4dningsrum - Svart - 111 x 43 x 185 cm - TRUUSK - Hem, Tr\u00e4dg\u00e5rd &amp; Fritid","og_description":"K\u00e4mpar du med ett \u00f6verfullt sovrum och r\u00e4dslan f\u00f6r en ostabil garderob som kan kollapsa under vikten av dina vinterjackor?...","og_url":"https:\/\/truusk.store\/sv\/produkt\/truusk-kladskap-med-kladstang-och-hyllor-for-sovrum-och-omkladningsrum-svart-111-x-43-x-185-cm\/","og_site_name":"TRUUSK - Hem, Tr\u00e4dg\u00e5rd &amp; Fritid","article_modified_time":"2026-03-12T07:50:40+00:00","og_image":[{"width":2000,"height":2000,"url":"https:\/\/i0.wp.com\/truusk.se\/wp-content\/uploads\/2025\/10\/tygskap-kladskap-med-kladstang-hyllor-for-sovrum-omkladningsrum-111-x-43-x-185-cm-svart-1.webp?fit=2000%2C2000&ssl=1","type":"image\/webp"}],"twitter_card":"summary_large_image","twitter_misc":{"Ber\u00e4knad l\u00e4stid":"1 minut"},"schema":{"@context":"https:\/\/schema.org","@graph":[{"@type":"WebPage","@id":"https:\/\/truusk.store\/sv\/produkt\/truusk-kladskap-med-kladstang-och-hyllor-for-sovrum-och-omkladningsrum-svart-111-x-43-x-185-cm\/","url":"https:\/\/truusk.store\/sv\/produkt\/truusk-kladskap-med-kladstang-och-hyllor-for-sovrum-och-omkladningsrum-svart-111-x-43-x-185-cm\/","name":"TRUUSK Kl\u00e4dsk\u00e5p - Med Kl\u00e4dst\u00e5ng och Hyllor - F\u00f6r Sovrum och Omkl\u00e4dningsrum - Svart - 111 x 43 x 185 cm - TRUUSK - Hem, Tr\u00e4dg\u00e5rd &amp; Fritid","isPartOf":{"@id":"https:\/\/truusk.store\/sv\/#website"},"primaryImageOfPage":{"@id":"https:\/\/truusk.store\/sv\/produkt\/truusk-kladskap-med-kladstang-och-hyllor-for-sovrum-och-omkladningsrum-svart-111-x-43-x-185-cm\/#primaryimage"},"image":{"@id":"https:\/\/truusk.store\/sv\/produkt\/truusk-kladskap-med-kladstang-och-hyllor-for-sovrum-och-omkladningsrum-svart-111-x-43-x-185-cm\/#primaryimage"},"thumbnailUrl":"https:\/\/i0.wp.com\/truusk.store\/wp-content\/uploads\/2025\/10\/tygskap-kladskap-med-kladstang-hyllor-for-sovrum-omkladningsrum-111-x-43-x-185-cm-svart-1.webp?fit=2000%2C2000&ssl=1","datePublished":"2025-10-09T12:44:26+00:00","dateModified":"2026-03-12T07:50:40+00:00","breadcrumb":{"@id":"https:\/\/truusk.store\/sv\/produkt\/truusk-kladskap-med-kladstang-och-hyllor-for-sovrum-och-omkladningsrum-svart-111-x-43-x-185-cm\/#breadcrumb"},"inLanguage":"sv-SE","potentialAction":[{"@type":"ReadAction","target":["https:\/\/truusk.store\/sv\/produkt\/truusk-kladskap-med-kladstang-och-hyllor-for-sovrum-och-omkladningsrum-svart-111-x-43-x-185-cm\/"]}]},{"@type":"ImageObject","inLanguage":"sv-SE","@id":"https:\/\/truusk.store\/sv\/produkt\/truusk-kladskap-med-kladstang-och-hyllor-for-sovrum-och-omkladningsrum-svart-111-x-43-x-185-cm\/#primaryimage","url":"https:\/\/i0.wp.com\/truusk.store\/wp-content\/uploads\/2025\/10\/tygskap-kladskap-med-kladstang-hyllor-for-sovrum-omkladningsrum-111-x-43-x-185-cm-svart-1.webp?fit=2000%2C2000&ssl=1","contentUrl":"https:\/\/i0.wp.com\/truusk.store\/wp-content\/uploads\/2025\/10\/tygskap-kladskap-med-kladstang-hyllor-for-sovrum-omkladningsrum-111-x-43-x-185-cm-svart-1.webp?fit=2000%2C2000&ssl=1","width":2000,"height":2000},{"@type":"BreadcrumbList","@id":"https:\/\/truusk.store\/sv\/produkt\/truusk-kladskap-med-kladstang-och-hyllor-for-sovrum-och-omkladningsrum-svart-111-x-43-x-185-cm\/#breadcrumb","itemListElement":[{"@type":"ListItem","position":1,"name":"Home","item":"https:\/\/truusk.store\/sv\/"},{"@type":"ListItem","position":2,"name":"Shop","item":"https:\/\/truusk.store\/shop\/"},{"@type":"ListItem","position":3,"name":"TRUUSK Kl\u00e4dsk\u00e5p &#8211; Med Kl\u00e4dst\u00e5ng och Hyllor &#8211; F\u00f6r Sovrum och Omkl\u00e4dningsrum &#8211; Svart &#8211; 111 x 43 x 185 cm"}]},{"@type":"WebSite","@id":"https:\/\/truusk.store\/sv\/#website","url":"https:\/\/truusk.store\/sv\/","name":"TRUUSK - Hem, Tr\u00e4dg\u00e5rd & Fritid","description":"","publisher":{"@id":"https:\/\/truusk.store\/sv\/#organization"},"potentialAction":[{"@type":"SearchAction","target":{"@type":"EntryPoint","urlTemplate":"https:\/\/truusk.store\/sv\/?s={search_term_string}"},"query-input":{"@type":"PropertyValueSpecification","valueRequired":true,"valueName":"search_term_string"}}],"inLanguage":"sv-SE"},{"@type":"Organization","@id":"https:\/\/truusk.store\/sv\/#organization","name":"TRUUSK - Hem, Tr\u00e4dg\u00e5rd & Fritid","url":"https:\/\/truusk.store\/sv\/","logo":{"@type":"ImageObject","inLanguage":"sv-SE","@id":"https:\/\/truusk.store\/sv\/#\/schema\/logo\/image\/","url":"https:\/\/i0.wp.com\/truusk.store\/wp-content\/uploads\/2026\/03\/cropped-TRUUSK.png?fit=2032%2C917&ssl=1","contentUrl":"https:\/\/i0.wp.com\/truusk.store\/wp-content\/uploads\/2026\/03\/cropped-TRUUSK.png?fit=2032%2C917&ssl=1","width":2032,"height":917,"caption":"TRUUSK - Hem, Tr\u00e4dg\u00e5rd & Fritid"},"image":{"@id":"https:\/\/truusk.store\/sv\/#\/schema\/logo\/image\/"}}]}},"jetpack_sharing_enabled":true,"_links":{"self":[{"href":"https:\/\/truusk.store\/sv\/wp-json\/wp\/v2\/product\/93234","targetHints":{"allow":["GET"]}}],"collection":[{"href":"https:\/\/truusk.store\/sv\/wp-json\/wp\/v2\/product"}],"about":[{"href":"https:\/\/truusk.store\/sv\/wp-json\/wp\/v2\/types\/product"}],"wp:featuredmedia":[{"embeddable":true,"href":"https:\/\/truusk.store\/sv\/wp-json\/wp\/v2\/media\/93225"}],"wp:attachment":[{"href":"https:\/\/truusk.store\/sv\/wp-json\/wp\/v2\/media?parent=93234"}],"wp:term":[{"taxonomy":"product_brand","embeddable":true,"href":"https:\/\/truusk.store\/sv\/wp-json\/wp\/v2\/product_brand?post=93234"},{"taxonomy":"product_cat","embeddable":true,"href":"https:\/\/truusk.store\/sv\/wp-json\/wp\/v2\/product_cat?post=93234"},{"taxonomy":"product_tag","embeddable":true,"href":"https:\/\/truusk.store\/sv\/wp-json\/wp\/v2\/product_tag?post=93234"}],"curies":[{"name":"wp","href":"https:\/\/api.w.org\/{rel}","templated":true}]}}