{"id":93284,"date":"2025-10-09T13:49:38","date_gmt":"2025-10-09T12:49:38","guid":{"rendered":"https:\/\/truusk.store\/product\/barbar-kladstallning-metallram-tyghyllor-mycket-utrymme-svart\/"},"modified":"2026-03-12T08:50:42","modified_gmt":"2026-03-12T07:50:42","slug":"truusk-barbar-kladstallning-metallram-tyghyllor-mycket-utrymme-svart","status":"publish","type":"product","link":"https:\/\/truusk.store\/sv\/produkt\/truusk-barbar-kladstallning-metallram-tyghyllor-mycket-utrymme-svart\/","title":{"rendered":"TRUUSK B\u00e4rbar Kl\u00e4dst\u00e4llning &#8211; Metallram &#8211; Tyghyllor &#8211; Mycket Utrymme &#8211; Svart"},"content":{"rendered":"<p>K\u00e4mpar du med oordning och instabila f\u00f6rvaringsl\u00f6sningar i din hyresbostad? TRUUSKs b\u00e4rbara garderob skapar l\u00f6sningen med en robust st\u00e5lram och enorm kapacitet. Ett speciellt h\u00f6gt omr\u00e5de i tyggarderoben m\u00f6jligg\u00f6r h\u00e4ngning av l\u00e5nga kl\u00e4der utan skrynklor och f\u00f6rbereder dig f\u00f6r alla evenemang. Denna garderob transformerar ditt utrymme, ger stabilitet och enkel organisation f\u00f6r en mer avslappnad och elegant vardag.<\/p>\n<p> Beskrivning:<\/p>\n<ul>\n<li> Tyggarderoben har fyra hyllor och tre kl\u00e4dst\u00e4nger, vilket g\u00f6r det enkelt att organisera alla kl\u00e4desplagg<\/li>\n<li> Tv\u00e5 upph\u00f6jda korta h\u00e4ngomr\u00e5den (89 cm) och ett l\u00e5ngt (133 cm) h\u00e5ller kl\u00e4derna skrynkelfria<\/li>\n<li> Robust st\u00e5lram p\u00e5 tyggarderoben b\u00e4r upp till 105 kg och garanterar stabilitet och h\u00e5llbarhet<\/li>\n<li> Montering kr\u00e4vs utan verktyg, l\u00e4mplig f\u00f6r frekventa flyttare<\/li>\n<li> Den minimalistiska designen p\u00e5 garderoben kompletterar alla sovrum-, entr\u00e9- eller vardagsrumsdekorationer<\/li>\n<li> De andningsbara, icke-v\u00e4vda tyghyllorna skyddar dina kl\u00e4der fr\u00e5n damm<\/li>\n<\/ul>\n<p> Tekniska data:<\/p>\n<ul>\n<li> F\u00e4rg: Svart<\/li>\n<li> Material: Non-woven tyg, plast, st\u00e5l<\/li>\n<li> Totala dimensioner: 142L x 43B x 185H cm<\/li>\n<li> Storlek p\u00e5 v\u00e4nstra h\u00e4ngomr\u00e5det: (upp &amp; ner)66B x 39T x 89H cm<\/li>\n<li> Storlek p\u00e5 h\u00f6gra h\u00e4ngomr\u00e5det: 66B x 43T x 133H cm<\/li>\n<li> Storlek p\u00e5 det \u00f6ppna facket till h\u00f6ger: 66B x 39T x 44H cm<\/li>\n<li> Storlek p\u00e5 kl\u00e4dst\u00e5ngen: 66B cm<\/li>\n<li> Maximal belastning: 15 kg (per fack\/per st\u00e5ng), 105 kg (totalt)<\/li>\n<\/ul>\n<p>Leveransinneh\u00e5ll:<\/p>\n<ul>\n<li> 1 x B\u00e4rbar garderob<\/li>\n<li> 1 x Bruksanvisning<\/li>\n<\/ul>\n","protected":false},"excerpt":{"rendered":"<p>K\u00e4mpar du med oordning och instabila f\u00f6rvaringsl\u00f6sningar i din hyresbostad? TRUUSKs b\u00e4rbara garderob skapar l\u00f6sningen med en robust st\u00e5lram och&#8230;<\/p>\n","protected":false},"featured_media":93275,"template":"","meta":[],"product_brand":[],"product_cat":[558,871,897],"product_tag":[],"class_list":{"0":"post-93284","1":"product","2":"type-product","3":"status-publish","4":"has-post-thumbnail","6":"product_cat-garderober","7":"product_cat-hus-hem","8":"product_cat-sovrum","10":"first","11":"instock","12":"sale","13":"taxable","14":"shipping-taxable","15":"purchasable","16":"product-type-simple"},"yoast_head":"<!-- This site is optimized with the Yoast SEO plugin v25.4 - https:\/\/yoast.com\/wordpress\/plugins\/seo\/ -->\n<title>TRUUSK B\u00e4rbar Kl\u00e4dst\u00e4llning - Metallram - Tyghyllor - Mycket Utrymme - Svart - TRUUSK - Hem, Tr\u00e4dg\u00e5rd &amp; Fritid<\/title>\n<meta name=\"robots\" content=\"index, follow, max-snippet:-1, max-image-preview:large, max-video-preview:-1\" \/>\n<link rel=\"canonical\" href=\"https:\/\/truusk.store\/sv\/produkt\/truusk-barbar-kladstallning-metallram-tyghyllor-mycket-utrymme-svart\/\" \/>\n<meta property=\"og:locale\" content=\"sv_SE\" \/>\n<meta property=\"og:type\" content=\"article\" \/>\n<meta property=\"og:title\" content=\"TRUUSK B\u00e4rbar Kl\u00e4dst\u00e4llning - Metallram - Tyghyllor - Mycket Utrymme - Svart - TRUUSK - Hem, Tr\u00e4dg\u00e5rd &amp; Fritid\" \/>\n<meta property=\"og:description\" content=\"K\u00e4mpar du med oordning och instabila f\u00f6rvaringsl\u00f6sningar i din hyresbostad? TRUUSKs b\u00e4rbara garderob skapar l\u00f6sningen med en robust st\u00e5lram och...\" \/>\n<meta property=\"og:url\" content=\"https:\/\/truusk.store\/sv\/produkt\/truusk-barbar-kladstallning-metallram-tyghyllor-mycket-utrymme-svart\/\" \/>\n<meta property=\"og:site_name\" content=\"TRUUSK - Hem, Tr\u00e4dg\u00e5rd &amp; Fritid\" \/>\n<meta property=\"article:modified_time\" content=\"2026-03-12T07:50:42+00:00\" \/>\n<meta property=\"og:image\" content=\"https:\/\/i0.wp.com\/truusk.se\/wp-content\/uploads\/2025\/10\/barbar-kladstallning-metallram-tyghyllor-mycket-utrymme-svart-1.webp?fit=2000%2C2000&ssl=1\" \/>\n\t<meta property=\"og:image:width\" content=\"2000\" \/>\n\t<meta property=\"og:image:height\" content=\"2000\" \/>\n\t<meta property=\"og:image:type\" content=\"image\/webp\" \/>\n<meta name=\"twitter:card\" content=\"summary_large_image\" \/>\n<meta name=\"twitter:label1\" content=\"Ber\u00e4knad l\u00e4stid\" \/>\n\t<meta name=\"twitter:data1\" content=\"1 minut\" \/>\n<!-- \/ Yoast SEO plugin. -->","yoast_head_json":{"title":"TRUUSK B\u00e4rbar Kl\u00e4dst\u00e4llning - Metallram - Tyghyllor - Mycket Utrymme - Svart - TRUUSK - Hem, Tr\u00e4dg\u00e5rd &amp; Fritid","robots":{"index":"index","follow":"follow","max-snippet":"max-snippet:-1","max-image-preview":"max-image-preview:large","max-video-preview":"max-video-preview:-1"},"canonical":"https:\/\/truusk.store\/sv\/produkt\/truusk-barbar-kladstallning-metallram-tyghyllor-mycket-utrymme-svart\/","og_locale":"sv_SE","og_type":"article","og_title":"TRUUSK B\u00e4rbar Kl\u00e4dst\u00e4llning - Metallram - Tyghyllor - Mycket Utrymme - Svart - TRUUSK - Hem, Tr\u00e4dg\u00e5rd &amp; Fritid","og_description":"K\u00e4mpar du med oordning och instabila f\u00f6rvaringsl\u00f6sningar i din hyresbostad? TRUUSKs b\u00e4rbara garderob skapar l\u00f6sningen med en robust st\u00e5lram och...","og_url":"https:\/\/truusk.store\/sv\/produkt\/truusk-barbar-kladstallning-metallram-tyghyllor-mycket-utrymme-svart\/","og_site_name":"TRUUSK - Hem, Tr\u00e4dg\u00e5rd &amp; Fritid","article_modified_time":"2026-03-12T07:50:42+00:00","og_image":[{"width":2000,"height":2000,"url":"https:\/\/i0.wp.com\/truusk.se\/wp-content\/uploads\/2025\/10\/barbar-kladstallning-metallram-tyghyllor-mycket-utrymme-svart-1.webp?fit=2000%2C2000&ssl=1","type":"image\/webp"}],"twitter_card":"summary_large_image","twitter_misc":{"Ber\u00e4knad l\u00e4stid":"1 minut"},"schema":{"@context":"https:\/\/schema.org","@graph":[{"@type":"WebPage","@id":"https:\/\/truusk.store\/sv\/produkt\/truusk-barbar-kladstallning-metallram-tyghyllor-mycket-utrymme-svart\/","url":"https:\/\/truusk.store\/sv\/produkt\/truusk-barbar-kladstallning-metallram-tyghyllor-mycket-utrymme-svart\/","name":"TRUUSK B\u00e4rbar Kl\u00e4dst\u00e4llning - Metallram - Tyghyllor - Mycket Utrymme - Svart - TRUUSK - Hem, Tr\u00e4dg\u00e5rd &amp; Fritid","isPartOf":{"@id":"https:\/\/truusk.store\/sv\/#website"},"primaryImageOfPage":{"@id":"https:\/\/truusk.store\/sv\/produkt\/truusk-barbar-kladstallning-metallram-tyghyllor-mycket-utrymme-svart\/#primaryimage"},"image":{"@id":"https:\/\/truusk.store\/sv\/produkt\/truusk-barbar-kladstallning-metallram-tyghyllor-mycket-utrymme-svart\/#primaryimage"},"thumbnailUrl":"https:\/\/i0.wp.com\/truusk.store\/wp-content\/uploads\/2025\/10\/barbar-kladstallning-metallram-tyghyllor-mycket-utrymme-svart-1.webp?fit=2000%2C2000&ssl=1","datePublished":"2025-10-09T12:49:38+00:00","dateModified":"2026-03-12T07:50:42+00:00","breadcrumb":{"@id":"https:\/\/truusk.store\/sv\/produkt\/truusk-barbar-kladstallning-metallram-tyghyllor-mycket-utrymme-svart\/#breadcrumb"},"inLanguage":"sv-SE","potentialAction":[{"@type":"ReadAction","target":["https:\/\/truusk.store\/sv\/produkt\/truusk-barbar-kladstallning-metallram-tyghyllor-mycket-utrymme-svart\/"]}]},{"@type":"ImageObject","inLanguage":"sv-SE","@id":"https:\/\/truusk.store\/sv\/produkt\/truusk-barbar-kladstallning-metallram-tyghyllor-mycket-utrymme-svart\/#primaryimage","url":"https:\/\/i0.wp.com\/truusk.store\/wp-content\/uploads\/2025\/10\/barbar-kladstallning-metallram-tyghyllor-mycket-utrymme-svart-1.webp?fit=2000%2C2000&ssl=1","contentUrl":"https:\/\/i0.wp.com\/truusk.store\/wp-content\/uploads\/2025\/10\/barbar-kladstallning-metallram-tyghyllor-mycket-utrymme-svart-1.webp?fit=2000%2C2000&ssl=1","width":2000,"height":2000},{"@type":"BreadcrumbList","@id":"https:\/\/truusk.store\/sv\/produkt\/truusk-barbar-kladstallning-metallram-tyghyllor-mycket-utrymme-svart\/#breadcrumb","itemListElement":[{"@type":"ListItem","position":1,"name":"Home","item":"https:\/\/truusk.store\/sv\/"},{"@type":"ListItem","position":2,"name":"Shop","item":"https:\/\/truusk.store\/shop\/"},{"@type":"ListItem","position":3,"name":"TRUUSK B\u00e4rbar Kl\u00e4dst\u00e4llning &#8211; Metallram &#8211; Tyghyllor &#8211; Mycket Utrymme &#8211; Svart"}]},{"@type":"WebSite","@id":"https:\/\/truusk.store\/sv\/#website","url":"https:\/\/truusk.store\/sv\/","name":"TRUUSK - Hem, Tr\u00e4dg\u00e5rd & Fritid","description":"","publisher":{"@id":"https:\/\/truusk.store\/sv\/#organization"},"potentialAction":[{"@type":"SearchAction","target":{"@type":"EntryPoint","urlTemplate":"https:\/\/truusk.store\/sv\/?s={search_term_string}"},"query-input":{"@type":"PropertyValueSpecification","valueRequired":true,"valueName":"search_term_string"}}],"inLanguage":"sv-SE"},{"@type":"Organization","@id":"https:\/\/truusk.store\/sv\/#organization","name":"TRUUSK - Hem, Tr\u00e4dg\u00e5rd & Fritid","url":"https:\/\/truusk.store\/sv\/","logo":{"@type":"ImageObject","inLanguage":"sv-SE","@id":"https:\/\/truusk.store\/sv\/#\/schema\/logo\/image\/","url":"https:\/\/i0.wp.com\/truusk.store\/wp-content\/uploads\/2026\/03\/cropped-TRUUSK.png?fit=2032%2C917&ssl=1","contentUrl":"https:\/\/i0.wp.com\/truusk.store\/wp-content\/uploads\/2026\/03\/cropped-TRUUSK.png?fit=2032%2C917&ssl=1","width":2032,"height":917,"caption":"TRUUSK - Hem, Tr\u00e4dg\u00e5rd & Fritid"},"image":{"@id":"https:\/\/truusk.store\/sv\/#\/schema\/logo\/image\/"}}]}},"jetpack_sharing_enabled":true,"_links":{"self":[{"href":"https:\/\/truusk.store\/sv\/wp-json\/wp\/v2\/product\/93284","targetHints":{"allow":["GET"]}}],"collection":[{"href":"https:\/\/truusk.store\/sv\/wp-json\/wp\/v2\/product"}],"about":[{"href":"https:\/\/truusk.store\/sv\/wp-json\/wp\/v2\/types\/product"}],"wp:featuredmedia":[{"embeddable":true,"href":"https:\/\/truusk.store\/sv\/wp-json\/wp\/v2\/media\/93275"}],"wp:attachment":[{"href":"https:\/\/truusk.store\/sv\/wp-json\/wp\/v2\/media?parent=93284"}],"wp:term":[{"taxonomy":"product_brand","embeddable":true,"href":"https:\/\/truusk.store\/sv\/wp-json\/wp\/v2\/product_brand?post=93284"},{"taxonomy":"product_cat","embeddable":true,"href":"https:\/\/truusk.store\/sv\/wp-json\/wp\/v2\/product_cat?post=93284"},{"taxonomy":"product_tag","embeddable":true,"href":"https:\/\/truusk.store\/sv\/wp-json\/wp\/v2\/product_tag?post=93284"}],"curies":[{"name":"wp","href":"https:\/\/api.w.org\/{rel}","templated":true}]}}