{"id":93294,"date":"2025-10-09T13:50:36","date_gmt":"2025-10-09T12:50:36","guid":{"rendered":"https:\/\/truusk.store\/product\/2-meter-hogt-klattertrad-for-2-3-katter-klospelare-grottor-hangmatta-gomstallen-flervaningsdesign-sisal-tra-plysch-beige\/"},"modified":"2026-03-12T08:50:45","modified_gmt":"2026-03-12T07:50:45","slug":"truusk-2-meter-hogt-klattertrad-for-2-3-katter-klospelare-grottor-hangmatta-gomstallen-beige","status":"publish","type":"product","link":"https:\/\/truusk.store\/sv\/produkt\/truusk-2-meter-hogt-klattertrad-for-2-3-katter-klospelare-grottor-hangmatta-gomstallen-beige\/","title":{"rendered":"TRUUSK 2 Meter H\u00f6gt Kl\u00e4ttertr\u00e4d F\u00f6r 2-3 Katter &#8211; Kl\u00f6spelare &#8211; Grottor &#8211; H\u00e4ngmatta &#8211; G\u00f6mst\u00e4llen &#8211; Beige"},"content":{"rendered":"<p>\u00c4r ditt hush\u00e5ll ofta kaotiskt med flera katter eftersom dina djur k\u00e4mpar om utrymme och du oroar dig f\u00f6r deras s\u00e4kerhet? En ostadig kl\u00e4tterst\u00e4llning kan g\u00f6ra leken farlig. TRUUSK kattr\u00e4det skapar med sin stabila bas och tippskydd en s\u00e4ker, flerskiktad upplevelsetorn. Dina katter kan kl\u00e4ttra, leka, uppt\u00e4cka och slumra efter hj\u00e4rtats lust med kattr\u00e4det.<\/p>\n<p>Beskrivning:<\/p>\n<ul>\n<li> Kattr\u00e4det erbjuder kondos, liggytor och en h\u00e4ngmatta<\/li>\n<li> 200 cm h\u00f6gt kl\u00e4ttertr\u00e4d, l\u00e4mpligt f\u00f6r 2-3 katter att leka<\/li>\n<li> Tjocka 7 cm stolpar och en bred bas av aktivitetskl\u00e4ttertr\u00e4det ger stabilitet och s\u00e4kerhet<\/li>\n<li> Inneh\u00e5ller ett tippskyddsset<\/li>\n<li> T\u00e4ckt med mjuk plyschtyg, erbjuder en mysig och varm viloplats<\/li>\n<li> Flera sisalkl\u00e4tterstolpar av det stora kl\u00e4ttertr\u00e4det hj\u00e4lper till att h\u00e5lla dina katters klor h\u00e4lsosamma och skarpa<\/li>\n<li> Tv\u00e5 interaktiva h\u00e4ngande bollar ing\u00e5r f\u00f6r att stimulera dina katters jaktinstinkter<\/li>\n<li> Montering kr\u00e4vs<\/li>\n<\/ul>\n<p> Tekniska data:<\/p>\n<ul>\n<li> F\u00e4rg: Beige+Cremevit<\/li>\n<li> Material: Sp\u00e5nskiva, plysch, PP-bomull, sisal<\/li>\n<li> Totala dimensioner: 59B x 59T x 200H cm<\/li>\n<li> Storlek p\u00e5 \u00f6vre liggytan: 59B x 33T x 8H cm<\/li>\n<li> Storlek p\u00e5 mellersta liggytan: \u00d839 x 8H cm<\/li>\n<li> Storlek p\u00e5 nedre grottan: 35B x 40T x 29H cm<\/li>\n<li> Storlek p\u00e5 mellersta grottan: 40B x 40T x 29H cm<\/li>\n<li> Plattformsstorlek: 53B x 53T cm<\/li>\n<li> Storlek p\u00e5 hoppplattform: 39L x 30B cm<\/li>\n<li> H\u00e4ngmattestorlek: \u00d840 cm<\/li>\n<li> Basstorlek: 59B x 59T cm<\/li>\n<li> Stolpdiameter: \u00d87 cm<\/li>\n<li> Maximal belastning: 20 kg<\/li>\n<li> Husdjurets vikt: Under 6 kg<\/li>\n<\/ul>\n<p>Leveransinneh\u00e5ll:<\/p>\n<ul>\n<li> 1 x Kattr\u00e4d<\/li>\n<li> 1 x Tippskyddsrep<\/li>\n<li> 1 x Handbok<\/li>\n<\/ul>\n","protected":false},"excerpt":{"rendered":"<p>\u00c4r ditt hush\u00e5ll ofta kaotiskt med flera katter eftersom dina djur k\u00e4mpar om utrymme och du oroar dig f\u00f6r deras&#8230;<\/p>\n","protected":false},"featured_media":93285,"template":"","meta":[],"product_brand":[],"product_cat":[878,588,879],"product_tag":[],"class_list":{"0":"post-93294","1":"product","2":"type-product","3":"status-publish","4":"has-post-thumbnail","6":"product_cat-djurbehov","7":"product_cat-katttillbehor","8":"product_cat-klostrad","10":"first","11":"instock","12":"sale","13":"taxable","14":"shipping-taxable","15":"purchasable","16":"product-type-simple"},"yoast_head":"<!-- This site is optimized with the Yoast SEO plugin v25.4 - https:\/\/yoast.com\/wordpress\/plugins\/seo\/ -->\n<title>TRUUSK 2 Meter H\u00f6gt Kl\u00e4ttertr\u00e4d F\u00f6r 2-3 Katter - Kl\u00f6spelare - Grottor - H\u00e4ngmatta - G\u00f6mst\u00e4llen - Beige - TRUUSK - Hem, Tr\u00e4dg\u00e5rd &amp; Fritid<\/title>\n<meta name=\"robots\" content=\"index, follow, max-snippet:-1, max-image-preview:large, max-video-preview:-1\" \/>\n<link rel=\"canonical\" href=\"https:\/\/truusk.store\/sv\/produkt\/truusk-2-meter-hogt-klattertrad-for-2-3-katter-klospelare-grottor-hangmatta-gomstallen-beige\/\" \/>\n<meta property=\"og:locale\" content=\"sv_SE\" \/>\n<meta property=\"og:type\" content=\"article\" \/>\n<meta property=\"og:title\" content=\"TRUUSK 2 Meter H\u00f6gt Kl\u00e4ttertr\u00e4d F\u00f6r 2-3 Katter - Kl\u00f6spelare - Grottor - H\u00e4ngmatta - G\u00f6mst\u00e4llen - Beige - TRUUSK - Hem, Tr\u00e4dg\u00e5rd &amp; Fritid\" \/>\n<meta property=\"og:description\" content=\"\u00c4r ditt hush\u00e5ll ofta kaotiskt med flera katter eftersom dina djur k\u00e4mpar om utrymme och du oroar dig f\u00f6r deras...\" \/>\n<meta property=\"og:url\" content=\"https:\/\/truusk.store\/sv\/produkt\/truusk-2-meter-hogt-klattertrad-for-2-3-katter-klospelare-grottor-hangmatta-gomstallen-beige\/\" \/>\n<meta property=\"og:site_name\" content=\"TRUUSK - Hem, Tr\u00e4dg\u00e5rd &amp; Fritid\" \/>\n<meta property=\"article:modified_time\" content=\"2026-03-12T07:50:45+00:00\" \/>\n<meta property=\"og:image\" content=\"https:\/\/i0.wp.com\/truusk.se\/wp-content\/uploads\/2025\/10\/2-meter-hogt-klattertrad-for-2-3-katter-klospelare-grottor-hangmatta-gomstallen-flervaningsdesign-sisal-tra-plysch-beige-1.webp?fit=2000%2C2000&ssl=1\" \/>\n\t<meta property=\"og:image:width\" content=\"2000\" \/>\n\t<meta property=\"og:image:height\" content=\"2000\" \/>\n\t<meta property=\"og:image:type\" content=\"image\/webp\" \/>\n<meta name=\"twitter:card\" content=\"summary_large_image\" \/>\n<meta name=\"twitter:label1\" content=\"Ber\u00e4knad l\u00e4stid\" \/>\n\t<meta name=\"twitter:data1\" content=\"1 minut\" \/>\n<!-- \/ Yoast SEO plugin. -->","yoast_head_json":{"title":"TRUUSK 2 Meter H\u00f6gt Kl\u00e4ttertr\u00e4d F\u00f6r 2-3 Katter - Kl\u00f6spelare - Grottor - H\u00e4ngmatta - G\u00f6mst\u00e4llen - Beige - TRUUSK - Hem, Tr\u00e4dg\u00e5rd &amp; Fritid","robots":{"index":"index","follow":"follow","max-snippet":"max-snippet:-1","max-image-preview":"max-image-preview:large","max-video-preview":"max-video-preview:-1"},"canonical":"https:\/\/truusk.store\/sv\/produkt\/truusk-2-meter-hogt-klattertrad-for-2-3-katter-klospelare-grottor-hangmatta-gomstallen-beige\/","og_locale":"sv_SE","og_type":"article","og_title":"TRUUSK 2 Meter H\u00f6gt Kl\u00e4ttertr\u00e4d F\u00f6r 2-3 Katter - Kl\u00f6spelare - Grottor - H\u00e4ngmatta - G\u00f6mst\u00e4llen - Beige - TRUUSK - Hem, Tr\u00e4dg\u00e5rd &amp; Fritid","og_description":"\u00c4r ditt hush\u00e5ll ofta kaotiskt med flera katter eftersom dina djur k\u00e4mpar om utrymme och du oroar dig f\u00f6r deras...","og_url":"https:\/\/truusk.store\/sv\/produkt\/truusk-2-meter-hogt-klattertrad-for-2-3-katter-klospelare-grottor-hangmatta-gomstallen-beige\/","og_site_name":"TRUUSK - Hem, Tr\u00e4dg\u00e5rd &amp; Fritid","article_modified_time":"2026-03-12T07:50:45+00:00","og_image":[{"width":2000,"height":2000,"url":"https:\/\/i0.wp.com\/truusk.se\/wp-content\/uploads\/2025\/10\/2-meter-hogt-klattertrad-for-2-3-katter-klospelare-grottor-hangmatta-gomstallen-flervaningsdesign-sisal-tra-plysch-beige-1.webp?fit=2000%2C2000&ssl=1","type":"image\/webp"}],"twitter_card":"summary_large_image","twitter_misc":{"Ber\u00e4knad l\u00e4stid":"1 minut"},"schema":{"@context":"https:\/\/schema.org","@graph":[{"@type":"WebPage","@id":"https:\/\/truusk.store\/sv\/produkt\/truusk-2-meter-hogt-klattertrad-for-2-3-katter-klospelare-grottor-hangmatta-gomstallen-beige\/","url":"https:\/\/truusk.store\/sv\/produkt\/truusk-2-meter-hogt-klattertrad-for-2-3-katter-klospelare-grottor-hangmatta-gomstallen-beige\/","name":"TRUUSK 2 Meter H\u00f6gt Kl\u00e4ttertr\u00e4d F\u00f6r 2-3 Katter - Kl\u00f6spelare - Grottor - H\u00e4ngmatta - G\u00f6mst\u00e4llen - Beige - TRUUSK - Hem, Tr\u00e4dg\u00e5rd &amp; Fritid","isPartOf":{"@id":"https:\/\/truusk.store\/sv\/#website"},"primaryImageOfPage":{"@id":"https:\/\/truusk.store\/sv\/produkt\/truusk-2-meter-hogt-klattertrad-for-2-3-katter-klospelare-grottor-hangmatta-gomstallen-beige\/#primaryimage"},"image":{"@id":"https:\/\/truusk.store\/sv\/produkt\/truusk-2-meter-hogt-klattertrad-for-2-3-katter-klospelare-grottor-hangmatta-gomstallen-beige\/#primaryimage"},"thumbnailUrl":"https:\/\/i0.wp.com\/truusk.store\/wp-content\/uploads\/2025\/10\/2-meter-hogt-klattertrad-for-2-3-katter-klospelare-grottor-hangmatta-gomstallen-flervaningsdesign-sisal-tra-plysch-beige-1.webp?fit=2000%2C2000&ssl=1","datePublished":"2025-10-09T12:50:36+00:00","dateModified":"2026-03-12T07:50:45+00:00","breadcrumb":{"@id":"https:\/\/truusk.store\/sv\/produkt\/truusk-2-meter-hogt-klattertrad-for-2-3-katter-klospelare-grottor-hangmatta-gomstallen-beige\/#breadcrumb"},"inLanguage":"sv-SE","potentialAction":[{"@type":"ReadAction","target":["https:\/\/truusk.store\/sv\/produkt\/truusk-2-meter-hogt-klattertrad-for-2-3-katter-klospelare-grottor-hangmatta-gomstallen-beige\/"]}]},{"@type":"ImageObject","inLanguage":"sv-SE","@id":"https:\/\/truusk.store\/sv\/produkt\/truusk-2-meter-hogt-klattertrad-for-2-3-katter-klospelare-grottor-hangmatta-gomstallen-beige\/#primaryimage","url":"https:\/\/i0.wp.com\/truusk.store\/wp-content\/uploads\/2025\/10\/2-meter-hogt-klattertrad-for-2-3-katter-klospelare-grottor-hangmatta-gomstallen-flervaningsdesign-sisal-tra-plysch-beige-1.webp?fit=2000%2C2000&ssl=1","contentUrl":"https:\/\/i0.wp.com\/truusk.store\/wp-content\/uploads\/2025\/10\/2-meter-hogt-klattertrad-for-2-3-katter-klospelare-grottor-hangmatta-gomstallen-flervaningsdesign-sisal-tra-plysch-beige-1.webp?fit=2000%2C2000&ssl=1","width":2000,"height":2000},{"@type":"BreadcrumbList","@id":"https:\/\/truusk.store\/sv\/produkt\/truusk-2-meter-hogt-klattertrad-for-2-3-katter-klospelare-grottor-hangmatta-gomstallen-beige\/#breadcrumb","itemListElement":[{"@type":"ListItem","position":1,"name":"Home","item":"https:\/\/truusk.store\/sv\/"},{"@type":"ListItem","position":2,"name":"Shop","item":"https:\/\/truusk.store\/shop\/"},{"@type":"ListItem","position":3,"name":"TRUUSK 2 Meter H\u00f6gt Kl\u00e4ttertr\u00e4d F\u00f6r 2-3 Katter &#8211; Kl\u00f6spelare &#8211; Grottor &#8211; H\u00e4ngmatta &#8211; G\u00f6mst\u00e4llen &#8211; Beige"}]},{"@type":"WebSite","@id":"https:\/\/truusk.store\/sv\/#website","url":"https:\/\/truusk.store\/sv\/","name":"TRUUSK - Hem, Tr\u00e4dg\u00e5rd & Fritid","description":"","publisher":{"@id":"https:\/\/truusk.store\/sv\/#organization"},"potentialAction":[{"@type":"SearchAction","target":{"@type":"EntryPoint","urlTemplate":"https:\/\/truusk.store\/sv\/?s={search_term_string}"},"query-input":{"@type":"PropertyValueSpecification","valueRequired":true,"valueName":"search_term_string"}}],"inLanguage":"sv-SE"},{"@type":"Organization","@id":"https:\/\/truusk.store\/sv\/#organization","name":"TRUUSK - Hem, Tr\u00e4dg\u00e5rd & Fritid","url":"https:\/\/truusk.store\/sv\/","logo":{"@type":"ImageObject","inLanguage":"sv-SE","@id":"https:\/\/truusk.store\/sv\/#\/schema\/logo\/image\/","url":"https:\/\/i0.wp.com\/truusk.store\/wp-content\/uploads\/2026\/03\/cropped-TRUUSK.png?fit=2032%2C917&ssl=1","contentUrl":"https:\/\/i0.wp.com\/truusk.store\/wp-content\/uploads\/2026\/03\/cropped-TRUUSK.png?fit=2032%2C917&ssl=1","width":2032,"height":917,"caption":"TRUUSK - Hem, Tr\u00e4dg\u00e5rd & Fritid"},"image":{"@id":"https:\/\/truusk.store\/sv\/#\/schema\/logo\/image\/"}}]}},"jetpack_sharing_enabled":true,"_links":{"self":[{"href":"https:\/\/truusk.store\/sv\/wp-json\/wp\/v2\/product\/93294","targetHints":{"allow":["GET"]}}],"collection":[{"href":"https:\/\/truusk.store\/sv\/wp-json\/wp\/v2\/product"}],"about":[{"href":"https:\/\/truusk.store\/sv\/wp-json\/wp\/v2\/types\/product"}],"wp:featuredmedia":[{"embeddable":true,"href":"https:\/\/truusk.store\/sv\/wp-json\/wp\/v2\/media\/93285"}],"wp:attachment":[{"href":"https:\/\/truusk.store\/sv\/wp-json\/wp\/v2\/media?parent=93294"}],"wp:term":[{"taxonomy":"product_brand","embeddable":true,"href":"https:\/\/truusk.store\/sv\/wp-json\/wp\/v2\/product_brand?post=93294"},{"taxonomy":"product_cat","embeddable":true,"href":"https:\/\/truusk.store\/sv\/wp-json\/wp\/v2\/product_cat?post=93294"},{"taxonomy":"product_tag","embeddable":true,"href":"https:\/\/truusk.store\/sv\/wp-json\/wp\/v2\/product_tag?post=93294"}],"curies":[{"name":"wp","href":"https:\/\/api.w.org\/{rel}","templated":true}]}}