{"id":93304,"date":"2025-10-09T13:51:42","date_gmt":"2025-10-09T12:51:42","guid":{"rendered":"https:\/\/truusk.store\/product\/aiyaplay-7-i-1-barnrutschkana-inomhus-lekplats-klatterstallning-hus-tavla-basketkorg-1-4-ar-plast-gulgron\/"},"modified":"2026-03-12T08:50:47","modified_gmt":"2026-03-12T07:50:47","slug":"truusk-7-i-1-barnrutschkana-inomhus-lekplats-klatterstallning-hus-tavla-basketkorg-for-barn-1-4-ar-plast-gulgron","status":"publish","type":"product","link":"https:\/\/truusk.store\/sv\/produkt\/truusk-7-i-1-barnrutschkana-inomhus-lekplats-klatterstallning-hus-tavla-basketkorg-for-barn-1-4-ar-plast-gulgron\/","title":{"rendered":"TRUUSK 7-i-1 Barnrutschkana &#8211; Inomhus Lekplats &#8211; Kl\u00e4tterst\u00e4llning &#8211; Hus &#8211; Tavla &#8211; Basketkorg &#8211; F\u00f6r Barn 1-4 \u00e5r &#8211; Plast &#8211; Gul+Gr\u00f6n"},"content":{"rendered":"<p>Letar du efter en s\u00e4ker och sp\u00e4nnande inomhus lekplats f\u00f6r ditt sm\u00e5barn? Upplev gl\u00e4djen att skapa ett privat lekomr\u00e5de direkt i vardagsrummet med AIYAPLAY barnrutschkana. Detta sju-i-ett spelset med en bred tr\u00e4dg\u00e5rdsrutschkana och stabil, sl\u00e4t konstruktion ger lugn och ro. Det f\u00f6rvandlar varje rum till ett kreativt g\u00f6mst\u00e4lle som erbjuder o\u00e4ndligt mycket kul och s\u00e4kerhet, fr\u00e5n lekhuset till ritningsh\u00f6rnet.<\/p>\n<p>Beskrivning:<\/p>\n<ul>\n<li> Den sl\u00e4ta designen p\u00e5 rutschbanan ger en s\u00e4ker, sp\u00e4nnande \u00e5ktur f\u00f6r barn<\/li>\n<li> Ett rymligt lekhus och en vit tavla fr\u00e4mjar kreativitet och lek<\/li>\n<li> Fysiska aktiviteter som kl\u00e4ttring och basket fr\u00e4mjar motoriska f\u00e4rdigheter<\/li>\n<li> Teleskop och tunnel p\u00e5 babyrutschbanan v\u00e4cker nyfikenhet och stimulerar fantasifull utforskning<\/li>\n<li> Den s\u00e4kra plastytan f\u00f6rhindrar skador<\/li>\n<li> B\u00e4r upp till 30 kg, erbjuder s\u00e4kert spel f\u00f6r v\u00e4xande sm\u00e5barn<\/li>\n<li> L\u00e4tt att installera, erbjuder m\u00e5nga \u00e5rs l\u00e4rorikt och underh\u00e5llande spel<\/li>\n<\/ul>\n<p> Tekniska specifikationer:<\/p>\n<ul>\n<li> F\u00e4rg: Gul+Gr\u00f6n<\/li>\n<li> Material: Plast<\/li>\n<li> Totala dimensioner: 189L x 180B x 111H cm<\/li>\n<li> Rutschbanans inre storlek: 133L x 36B cm<\/li>\n<li> Rutschbanans h\u00f6jd fr\u00e5n marken: 52H cm<\/li>\n<li> Kl\u00e4tterv\u00e4ggens storlek: 27B x 52H cm<\/li>\n<li> Basketkorgens h\u00f6jd fr\u00e5n marken: 82H cm<\/li>\n<li> Inre diameter p\u00e5 basketkorgen: \u00d824 cm<\/li>\n<li> Tunnelns storlek: 41B x 40H cm<\/li>\n<li> F\u00f6rvaringsutrymmets storlek: 36L x 33B x 27H cm<\/li>\n<li> Lekhusets storlek: 100L x 79,5B x 111H cm<\/li>\n<li> Inre utrymme i lekhuset: 75L x 61B x 104H cm<\/li>\n<li> D\u00f6rrstorlek: 26B x 76,5H cm<\/li>\n<li> F\u00f6nsterbr\u00e4dans h\u00f6jd fr\u00e5n marken: 38H cm<\/li>\n<li> Whiteboardens storlek: 51,5B x 25H cm<\/li>\n<li> Maximal belastning: 30 kg<\/li>\n<li> Rekommenderad \u00e5lder: 1-4 \u00e5r<\/li>\n<\/ul>\n<p>Leveransinneh\u00e5ll:<\/p>\n<ul>\n<li> 1 x Sm\u00e5barnsrutschkana<\/li>\n<li> 1 x Bruksanvisning<\/li>\n<\/ul>\n","protected":false},"excerpt":{"rendered":"<p>Letar du efter en s\u00e4ker och sp\u00e4nnande inomhus lekplats f\u00f6r ditt sm\u00e5barn? Upplev gl\u00e4djen att skapa ett privat lekomr\u00e5de direkt&#8230;<\/p>\n","protected":false},"featured_media":93295,"template":"","meta":[],"product_brand":[],"product_cat":[880,622,616],"product_tag":[],"class_list":{"0":"post-93304","1":"product","2":"type-product","3":"status-publish","4":"has-post-thumbnail","6":"product_cat-baby-barn-2","7":"product_cat-barnrutschbanor","8":"product_cat-utomhusleksaker","10":"first","11":"instock","12":"sale","13":"taxable","14":"shipping-taxable","15":"purchasable","16":"product-type-simple"},"yoast_head":"<!-- This site is optimized with the Yoast SEO plugin v25.4 - https:\/\/yoast.com\/wordpress\/plugins\/seo\/ -->\n<title>TRUUSK 7-i-1 Barnrutschkana - Inomhus Lekplats - Kl\u00e4tterst\u00e4llning - Hus - Tavla - Basketkorg - F\u00f6r Barn 1-4 \u00e5r - Plast - Gul+Gr\u00f6n - TRUUSK - Hem, Tr\u00e4dg\u00e5rd &amp; Fritid<\/title>\n<meta name=\"robots\" content=\"index, follow, max-snippet:-1, max-image-preview:large, max-video-preview:-1\" \/>\n<link rel=\"canonical\" href=\"https:\/\/truusk.store\/sv\/produkt\/truusk-7-i-1-barnrutschkana-inomhus-lekplats-klatterstallning-hus-tavla-basketkorg-for-barn-1-4-ar-plast-gulgron\/\" \/>\n<meta property=\"og:locale\" content=\"sv_SE\" \/>\n<meta property=\"og:type\" content=\"article\" \/>\n<meta property=\"og:title\" content=\"TRUUSK 7-i-1 Barnrutschkana - Inomhus Lekplats - Kl\u00e4tterst\u00e4llning - Hus - Tavla - Basketkorg - F\u00f6r Barn 1-4 \u00e5r - Plast - Gul+Gr\u00f6n - TRUUSK - Hem, Tr\u00e4dg\u00e5rd &amp; Fritid\" \/>\n<meta property=\"og:description\" content=\"Letar du efter en s\u00e4ker och sp\u00e4nnande inomhus lekplats f\u00f6r ditt sm\u00e5barn? Upplev gl\u00e4djen att skapa ett privat lekomr\u00e5de direkt...\" \/>\n<meta property=\"og:url\" content=\"https:\/\/truusk.store\/sv\/produkt\/truusk-7-i-1-barnrutschkana-inomhus-lekplats-klatterstallning-hus-tavla-basketkorg-for-barn-1-4-ar-plast-gulgron\/\" \/>\n<meta property=\"og:site_name\" content=\"TRUUSK - Hem, Tr\u00e4dg\u00e5rd &amp; Fritid\" \/>\n<meta property=\"article:modified_time\" content=\"2026-03-12T07:50:47+00:00\" \/>\n<meta property=\"og:image\" content=\"https:\/\/i0.wp.com\/truusk.se\/wp-content\/uploads\/2025\/10\/aiyaplay-7-i-1-barnrutschkana-inomhus-lekplats-klatterstallning-hus-tavla-basketkorg-1-4-ar-plast-gulgron-1.webp?fit=2000%2C2000&ssl=1\" \/>\n\t<meta property=\"og:image:width\" content=\"2000\" \/>\n\t<meta property=\"og:image:height\" content=\"2000\" \/>\n\t<meta property=\"og:image:type\" content=\"image\/webp\" \/>\n<meta name=\"twitter:card\" content=\"summary_large_image\" \/>\n<meta name=\"twitter:label1\" content=\"Ber\u00e4knad l\u00e4stid\" \/>\n\t<meta name=\"twitter:data1\" content=\"1 minut\" \/>\n<!-- \/ Yoast SEO plugin. -->","yoast_head_json":{"title":"TRUUSK 7-i-1 Barnrutschkana - Inomhus Lekplats - Kl\u00e4tterst\u00e4llning - Hus - Tavla - Basketkorg - F\u00f6r Barn 1-4 \u00e5r - Plast - Gul+Gr\u00f6n - TRUUSK - Hem, Tr\u00e4dg\u00e5rd &amp; Fritid","robots":{"index":"index","follow":"follow","max-snippet":"max-snippet:-1","max-image-preview":"max-image-preview:large","max-video-preview":"max-video-preview:-1"},"canonical":"https:\/\/truusk.store\/sv\/produkt\/truusk-7-i-1-barnrutschkana-inomhus-lekplats-klatterstallning-hus-tavla-basketkorg-for-barn-1-4-ar-plast-gulgron\/","og_locale":"sv_SE","og_type":"article","og_title":"TRUUSK 7-i-1 Barnrutschkana - Inomhus Lekplats - Kl\u00e4tterst\u00e4llning - Hus - Tavla - Basketkorg - F\u00f6r Barn 1-4 \u00e5r - Plast - Gul+Gr\u00f6n - TRUUSK - Hem, Tr\u00e4dg\u00e5rd &amp; Fritid","og_description":"Letar du efter en s\u00e4ker och sp\u00e4nnande inomhus lekplats f\u00f6r ditt sm\u00e5barn? Upplev gl\u00e4djen att skapa ett privat lekomr\u00e5de direkt...","og_url":"https:\/\/truusk.store\/sv\/produkt\/truusk-7-i-1-barnrutschkana-inomhus-lekplats-klatterstallning-hus-tavla-basketkorg-for-barn-1-4-ar-plast-gulgron\/","og_site_name":"TRUUSK - Hem, Tr\u00e4dg\u00e5rd &amp; Fritid","article_modified_time":"2026-03-12T07:50:47+00:00","og_image":[{"width":2000,"height":2000,"url":"https:\/\/i0.wp.com\/truusk.se\/wp-content\/uploads\/2025\/10\/aiyaplay-7-i-1-barnrutschkana-inomhus-lekplats-klatterstallning-hus-tavla-basketkorg-1-4-ar-plast-gulgron-1.webp?fit=2000%2C2000&ssl=1","type":"image\/webp"}],"twitter_card":"summary_large_image","twitter_misc":{"Ber\u00e4knad l\u00e4stid":"1 minut"},"schema":{"@context":"https:\/\/schema.org","@graph":[{"@type":"WebPage","@id":"https:\/\/truusk.store\/sv\/produkt\/truusk-7-i-1-barnrutschkana-inomhus-lekplats-klatterstallning-hus-tavla-basketkorg-for-barn-1-4-ar-plast-gulgron\/","url":"https:\/\/truusk.store\/sv\/produkt\/truusk-7-i-1-barnrutschkana-inomhus-lekplats-klatterstallning-hus-tavla-basketkorg-for-barn-1-4-ar-plast-gulgron\/","name":"TRUUSK 7-i-1 Barnrutschkana - Inomhus Lekplats - Kl\u00e4tterst\u00e4llning - Hus - Tavla - Basketkorg - F\u00f6r Barn 1-4 \u00e5r - Plast - Gul+Gr\u00f6n - TRUUSK - Hem, Tr\u00e4dg\u00e5rd &amp; Fritid","isPartOf":{"@id":"https:\/\/truusk.store\/sv\/#website"},"primaryImageOfPage":{"@id":"https:\/\/truusk.store\/sv\/produkt\/truusk-7-i-1-barnrutschkana-inomhus-lekplats-klatterstallning-hus-tavla-basketkorg-for-barn-1-4-ar-plast-gulgron\/#primaryimage"},"image":{"@id":"https:\/\/truusk.store\/sv\/produkt\/truusk-7-i-1-barnrutschkana-inomhus-lekplats-klatterstallning-hus-tavla-basketkorg-for-barn-1-4-ar-plast-gulgron\/#primaryimage"},"thumbnailUrl":"https:\/\/i0.wp.com\/truusk.store\/wp-content\/uploads\/2025\/10\/aiyaplay-7-i-1-barnrutschkana-inomhus-lekplats-klatterstallning-hus-tavla-basketkorg-1-4-ar-plast-gulgron-1.webp?fit=2000%2C2000&ssl=1","datePublished":"2025-10-09T12:51:42+00:00","dateModified":"2026-03-12T07:50:47+00:00","breadcrumb":{"@id":"https:\/\/truusk.store\/sv\/produkt\/truusk-7-i-1-barnrutschkana-inomhus-lekplats-klatterstallning-hus-tavla-basketkorg-for-barn-1-4-ar-plast-gulgron\/#breadcrumb"},"inLanguage":"sv-SE","potentialAction":[{"@type":"ReadAction","target":["https:\/\/truusk.store\/sv\/produkt\/truusk-7-i-1-barnrutschkana-inomhus-lekplats-klatterstallning-hus-tavla-basketkorg-for-barn-1-4-ar-plast-gulgron\/"]}]},{"@type":"ImageObject","inLanguage":"sv-SE","@id":"https:\/\/truusk.store\/sv\/produkt\/truusk-7-i-1-barnrutschkana-inomhus-lekplats-klatterstallning-hus-tavla-basketkorg-for-barn-1-4-ar-plast-gulgron\/#primaryimage","url":"https:\/\/i0.wp.com\/truusk.store\/wp-content\/uploads\/2025\/10\/aiyaplay-7-i-1-barnrutschkana-inomhus-lekplats-klatterstallning-hus-tavla-basketkorg-1-4-ar-plast-gulgron-1.webp?fit=2000%2C2000&ssl=1","contentUrl":"https:\/\/i0.wp.com\/truusk.store\/wp-content\/uploads\/2025\/10\/aiyaplay-7-i-1-barnrutschkana-inomhus-lekplats-klatterstallning-hus-tavla-basketkorg-1-4-ar-plast-gulgron-1.webp?fit=2000%2C2000&ssl=1","width":2000,"height":2000},{"@type":"BreadcrumbList","@id":"https:\/\/truusk.store\/sv\/produkt\/truusk-7-i-1-barnrutschkana-inomhus-lekplats-klatterstallning-hus-tavla-basketkorg-for-barn-1-4-ar-plast-gulgron\/#breadcrumb","itemListElement":[{"@type":"ListItem","position":1,"name":"Home","item":"https:\/\/truusk.store\/sv\/"},{"@type":"ListItem","position":2,"name":"Shop","item":"https:\/\/truusk.store\/shop\/"},{"@type":"ListItem","position":3,"name":"TRUUSK 7-i-1 Barnrutschkana &#8211; Inomhus Lekplats &#8211; Kl\u00e4tterst\u00e4llning &#8211; Hus &#8211; Tavla &#8211; Basketkorg &#8211; F\u00f6r Barn 1-4 \u00e5r &#8211; Plast &#8211; Gul+Gr\u00f6n"}]},{"@type":"WebSite","@id":"https:\/\/truusk.store\/sv\/#website","url":"https:\/\/truusk.store\/sv\/","name":"TRUUSK - Hem, Tr\u00e4dg\u00e5rd & Fritid","description":"","publisher":{"@id":"https:\/\/truusk.store\/sv\/#organization"},"potentialAction":[{"@type":"SearchAction","target":{"@type":"EntryPoint","urlTemplate":"https:\/\/truusk.store\/sv\/?s={search_term_string}"},"query-input":{"@type":"PropertyValueSpecification","valueRequired":true,"valueName":"search_term_string"}}],"inLanguage":"sv-SE"},{"@type":"Organization","@id":"https:\/\/truusk.store\/sv\/#organization","name":"TRUUSK - Hem, Tr\u00e4dg\u00e5rd & Fritid","url":"https:\/\/truusk.store\/sv\/","logo":{"@type":"ImageObject","inLanguage":"sv-SE","@id":"https:\/\/truusk.store\/sv\/#\/schema\/logo\/image\/","url":"https:\/\/i0.wp.com\/truusk.store\/wp-content\/uploads\/2026\/03\/cropped-TRUUSK.png?fit=2032%2C917&ssl=1","contentUrl":"https:\/\/i0.wp.com\/truusk.store\/wp-content\/uploads\/2026\/03\/cropped-TRUUSK.png?fit=2032%2C917&ssl=1","width":2032,"height":917,"caption":"TRUUSK - Hem, Tr\u00e4dg\u00e5rd & Fritid"},"image":{"@id":"https:\/\/truusk.store\/sv\/#\/schema\/logo\/image\/"}}]}},"jetpack_sharing_enabled":true,"_links":{"self":[{"href":"https:\/\/truusk.store\/sv\/wp-json\/wp\/v2\/product\/93304","targetHints":{"allow":["GET"]}}],"collection":[{"href":"https:\/\/truusk.store\/sv\/wp-json\/wp\/v2\/product"}],"about":[{"href":"https:\/\/truusk.store\/sv\/wp-json\/wp\/v2\/types\/product"}],"wp:featuredmedia":[{"embeddable":true,"href":"https:\/\/truusk.store\/sv\/wp-json\/wp\/v2\/media\/93295"}],"wp:attachment":[{"href":"https:\/\/truusk.store\/sv\/wp-json\/wp\/v2\/media?parent=93304"}],"wp:term":[{"taxonomy":"product_brand","embeddable":true,"href":"https:\/\/truusk.store\/sv\/wp-json\/wp\/v2\/product_brand?post=93304"},{"taxonomy":"product_cat","embeddable":true,"href":"https:\/\/truusk.store\/sv\/wp-json\/wp\/v2\/product_cat?post=93304"},{"taxonomy":"product_tag","embeddable":true,"href":"https:\/\/truusk.store\/sv\/wp-json\/wp\/v2\/product_tag?post=93304"}],"curies":[{"name":"wp","href":"https:\/\/api.w.org\/{rel}","templated":true}]}}