{"id":93314,"date":"2025-10-09T13:52:43","date_gmt":"2025-10-09T12:52:43","guid":{"rendered":"https:\/\/truusk.store\/product\/garderob-med-skohylla-kladhangare-med-sittbank-10-krokar-2-tyglador-kladstang-spanskiva-metall-brun\/"},"modified":"2026-03-12T08:51:08","modified_gmt":"2026-03-12T07:51:08","slug":"truusk-garderob-med-skohylla-kladhangare-med-sittbank-10-krokar-2-tyglador-kladstang-spanskiva-metall-brun","status":"publish","type":"product","link":"https:\/\/truusk.store\/sv\/produkt\/truusk-garderob-med-skohylla-kladhangare-med-sittbank-10-krokar-2-tyglador-kladstang-spanskiva-metall-brun\/","title":{"rendered":"TRUUSK Garderob med Skohylla &#8211; Kl\u00e4dh\u00e4ngare med Sittb\u00e4nk &#8211; 10 Krokar &#8211; 2 Tygl\u00e5dor &#8211; Kl\u00e4dst\u00e5ng &#8211; Sp\u00e5nskiva &#8211; Metall &#8211; Brun"},"content":{"rendered":"<p>St\u00f6rd av morgonkaos i hallen? Att leta efter rockar och skor i en aktiv familj kan snabbt bli stressigt. TRUUSK garderobsst\u00e4llningen erbjuder en l\u00f6sning: dess robusta konstruktion \u00e4r h\u00e5llbar, medan den integrerade kl\u00e4dst\u00e5ngen och skohyllan h\u00e5ller allt snyggt. Med tio avtagbara krokar kan garderoben f\u00f6rvandla det st\u00f6kiga h\u00f6rnet till ett ordnat, inbjudande omr\u00e5de, f\u00f6r en avslappnad start p\u00e5 dagen.<\/p>\n<p>Beskrivning:<\/p>\n<ul>\n<li> 6-i-1-design: Kombinerar en kl\u00e4dst\u00e5ng, en skob\u00e4nk, en skohylla, ett f\u00f6rvaringsfack, tygl\u00e5dor och kl\u00e4dkrokar<\/li>\n<li> 10 avtagbara krokar f\u00f6r att anpassa ditt eget upph\u00e4ngningsomr\u00e5de individuellt<\/li>\n<li> Robust metallram med X-formad st\u00f6d garanterar l\u00e5ngvarig stabilitet<\/li>\n<li> Anti-tip-remmar och justerbara fotdynor p\u00e5 kl\u00e4dst\u00e4llningen \u00f6kar ytterligare s\u00e4kerhet och stabilitet<\/li>\n<li> Industriell stil p\u00e5 jackst\u00e4llet med tr\u00e4effekt-yta och en metallram f\u00f6rb\u00e4ttrar bostadsatmosf\u00e4ren<\/li>\n<li> Montering kr\u00e4vs<\/li>\n<\/ul>\n<p> Tekniska data:<\/p>\n<ul>\n<li> F\u00e4rg: Rustik brun + svart<\/li>\n<li> Material: Sp\u00e5nskiva, metall, tyg<\/li>\n<li> Totala dimensioner: 80B x 30T x 180H cm<\/li>\n<li> Storlek p\u00e5 \u00f6vre hyllan: 80B x 20T cm<\/li>\n<li> L\u00e4ngd p\u00e5 kl\u00e4dst\u00e5ngen: 76 cm<\/li>\n<li> Sittstorlek: 76B x 30T cm<\/li>\n<li> Skohyllans storlek: 76B x 26T x 27H cm<\/li>\n<li> Storlek p\u00e5 tygl\u00e5dan: 38B x 28T x 20H cm<\/li>\n<li> B\u00e4rkapacitet: 100 kg (totalt), 15 kg (kl\u00e4dst\u00e5ng), 10 kg (hylla), 5 kg (krok)<\/li>\n<\/ul>\n<p>Leveransinneh\u00e5ll:<\/p>\n<ul>\n<li> 1 x Garderobsst\u00e4llning<\/li>\n<li> 1 x Bruksanvisning<\/li>\n<\/ul>\n","protected":false},"excerpt":{"rendered":"<p>St\u00f6rd av morgonkaos i hallen? Att leta efter rockar och skor i en aktiv familj kan snabbt bli stressigt. TRUUSK&#8230;<\/p>\n","protected":false},"featured_media":93305,"template":"","meta":[],"product_brand":[],"product_cat":[893,871,560],"product_tag":[],"class_list":{"0":"post-93314","1":"product","2":"type-product","3":"status-publish","4":"has-post-thumbnail","6":"product_cat-garderob-hall","7":"product_cat-hus-hem","8":"product_cat-kladhangare","10":"first","11":"instock","12":"sale","13":"taxable","14":"shipping-taxable","15":"purchasable","16":"product-type-simple"},"yoast_head":"<!-- This site is optimized with the Yoast SEO plugin v25.4 - https:\/\/yoast.com\/wordpress\/plugins\/seo\/ -->\n<title>TRUUSK Garderob med Skohylla - Kl\u00e4dh\u00e4ngare med Sittb\u00e4nk - 10 Krokar - 2 Tygl\u00e5dor - Kl\u00e4dst\u00e5ng - Sp\u00e5nskiva - Metall - Brun - TRUUSK - Hem, Tr\u00e4dg\u00e5rd &amp; Fritid<\/title>\n<meta name=\"robots\" content=\"index, follow, max-snippet:-1, max-image-preview:large, max-video-preview:-1\" \/>\n<link rel=\"canonical\" href=\"https:\/\/truusk.store\/sv\/produkt\/truusk-garderob-med-skohylla-kladhangare-med-sittbank-10-krokar-2-tyglador-kladstang-spanskiva-metall-brun\/\" \/>\n<meta property=\"og:locale\" content=\"sv_SE\" \/>\n<meta property=\"og:type\" content=\"article\" \/>\n<meta property=\"og:title\" content=\"TRUUSK Garderob med Skohylla - Kl\u00e4dh\u00e4ngare med Sittb\u00e4nk - 10 Krokar - 2 Tygl\u00e5dor - Kl\u00e4dst\u00e5ng - Sp\u00e5nskiva - Metall - Brun - TRUUSK - Hem, Tr\u00e4dg\u00e5rd &amp; Fritid\" \/>\n<meta property=\"og:description\" content=\"St\u00f6rd av morgonkaos i hallen? Att leta efter rockar och skor i en aktiv familj kan snabbt bli stressigt. TRUUSK...\" \/>\n<meta property=\"og:url\" content=\"https:\/\/truusk.store\/sv\/produkt\/truusk-garderob-med-skohylla-kladhangare-med-sittbank-10-krokar-2-tyglador-kladstang-spanskiva-metall-brun\/\" \/>\n<meta property=\"og:site_name\" content=\"TRUUSK - Hem, Tr\u00e4dg\u00e5rd &amp; Fritid\" \/>\n<meta property=\"article:modified_time\" content=\"2026-03-12T07:51:08+00:00\" \/>\n<meta property=\"og:image\" content=\"https:\/\/i0.wp.com\/truusk.se\/wp-content\/uploads\/2025\/10\/garderob-med-skohylla-kladhangare-med-sittbank-10-krokar-2-tyglador-kladstang-spanskiva-metall-brun-1.webp?fit=2000%2C2000&ssl=1\" \/>\n\t<meta property=\"og:image:width\" content=\"2000\" \/>\n\t<meta property=\"og:image:height\" content=\"2000\" \/>\n\t<meta property=\"og:image:type\" content=\"image\/webp\" \/>\n<meta name=\"twitter:card\" content=\"summary_large_image\" \/>\n<meta name=\"twitter:label1\" content=\"Ber\u00e4knad l\u00e4stid\" \/>\n\t<meta name=\"twitter:data1\" content=\"1 minut\" \/>\n<!-- \/ Yoast SEO plugin. -->","yoast_head_json":{"title":"TRUUSK Garderob med Skohylla - Kl\u00e4dh\u00e4ngare med Sittb\u00e4nk - 10 Krokar - 2 Tygl\u00e5dor - Kl\u00e4dst\u00e5ng - Sp\u00e5nskiva - Metall - Brun - TRUUSK - Hem, Tr\u00e4dg\u00e5rd &amp; Fritid","robots":{"index":"index","follow":"follow","max-snippet":"max-snippet:-1","max-image-preview":"max-image-preview:large","max-video-preview":"max-video-preview:-1"},"canonical":"https:\/\/truusk.store\/sv\/produkt\/truusk-garderob-med-skohylla-kladhangare-med-sittbank-10-krokar-2-tyglador-kladstang-spanskiva-metall-brun\/","og_locale":"sv_SE","og_type":"article","og_title":"TRUUSK Garderob med Skohylla - Kl\u00e4dh\u00e4ngare med Sittb\u00e4nk - 10 Krokar - 2 Tygl\u00e5dor - Kl\u00e4dst\u00e5ng - Sp\u00e5nskiva - Metall - Brun - TRUUSK - Hem, Tr\u00e4dg\u00e5rd &amp; Fritid","og_description":"St\u00f6rd av morgonkaos i hallen? Att leta efter rockar och skor i en aktiv familj kan snabbt bli stressigt. TRUUSK...","og_url":"https:\/\/truusk.store\/sv\/produkt\/truusk-garderob-med-skohylla-kladhangare-med-sittbank-10-krokar-2-tyglador-kladstang-spanskiva-metall-brun\/","og_site_name":"TRUUSK - Hem, Tr\u00e4dg\u00e5rd &amp; Fritid","article_modified_time":"2026-03-12T07:51:08+00:00","og_image":[{"width":2000,"height":2000,"url":"https:\/\/i0.wp.com\/truusk.se\/wp-content\/uploads\/2025\/10\/garderob-med-skohylla-kladhangare-med-sittbank-10-krokar-2-tyglador-kladstang-spanskiva-metall-brun-1.webp?fit=2000%2C2000&ssl=1","type":"image\/webp"}],"twitter_card":"summary_large_image","twitter_misc":{"Ber\u00e4knad l\u00e4stid":"1 minut"},"schema":{"@context":"https:\/\/schema.org","@graph":[{"@type":"WebPage","@id":"https:\/\/truusk.store\/sv\/produkt\/truusk-garderob-med-skohylla-kladhangare-med-sittbank-10-krokar-2-tyglador-kladstang-spanskiva-metall-brun\/","url":"https:\/\/truusk.store\/sv\/produkt\/truusk-garderob-med-skohylla-kladhangare-med-sittbank-10-krokar-2-tyglador-kladstang-spanskiva-metall-brun\/","name":"TRUUSK Garderob med Skohylla - Kl\u00e4dh\u00e4ngare med Sittb\u00e4nk - 10 Krokar - 2 Tygl\u00e5dor - Kl\u00e4dst\u00e5ng - Sp\u00e5nskiva - Metall - Brun - TRUUSK - Hem, Tr\u00e4dg\u00e5rd &amp; Fritid","isPartOf":{"@id":"https:\/\/truusk.store\/sv\/#website"},"primaryImageOfPage":{"@id":"https:\/\/truusk.store\/sv\/produkt\/truusk-garderob-med-skohylla-kladhangare-med-sittbank-10-krokar-2-tyglador-kladstang-spanskiva-metall-brun\/#primaryimage"},"image":{"@id":"https:\/\/truusk.store\/sv\/produkt\/truusk-garderob-med-skohylla-kladhangare-med-sittbank-10-krokar-2-tyglador-kladstang-spanskiva-metall-brun\/#primaryimage"},"thumbnailUrl":"https:\/\/i0.wp.com\/truusk.store\/wp-content\/uploads\/2025\/10\/garderob-med-skohylla-kladhangare-med-sittbank-10-krokar-2-tyglador-kladstang-spanskiva-metall-brun-1.webp?fit=2000%2C2000&ssl=1","datePublished":"2025-10-09T12:52:43+00:00","dateModified":"2026-03-12T07:51:08+00:00","breadcrumb":{"@id":"https:\/\/truusk.store\/sv\/produkt\/truusk-garderob-med-skohylla-kladhangare-med-sittbank-10-krokar-2-tyglador-kladstang-spanskiva-metall-brun\/#breadcrumb"},"inLanguage":"sv-SE","potentialAction":[{"@type":"ReadAction","target":["https:\/\/truusk.store\/sv\/produkt\/truusk-garderob-med-skohylla-kladhangare-med-sittbank-10-krokar-2-tyglador-kladstang-spanskiva-metall-brun\/"]}]},{"@type":"ImageObject","inLanguage":"sv-SE","@id":"https:\/\/truusk.store\/sv\/produkt\/truusk-garderob-med-skohylla-kladhangare-med-sittbank-10-krokar-2-tyglador-kladstang-spanskiva-metall-brun\/#primaryimage","url":"https:\/\/i0.wp.com\/truusk.store\/wp-content\/uploads\/2025\/10\/garderob-med-skohylla-kladhangare-med-sittbank-10-krokar-2-tyglador-kladstang-spanskiva-metall-brun-1.webp?fit=2000%2C2000&ssl=1","contentUrl":"https:\/\/i0.wp.com\/truusk.store\/wp-content\/uploads\/2025\/10\/garderob-med-skohylla-kladhangare-med-sittbank-10-krokar-2-tyglador-kladstang-spanskiva-metall-brun-1.webp?fit=2000%2C2000&ssl=1","width":2000,"height":2000},{"@type":"BreadcrumbList","@id":"https:\/\/truusk.store\/sv\/produkt\/truusk-garderob-med-skohylla-kladhangare-med-sittbank-10-krokar-2-tyglador-kladstang-spanskiva-metall-brun\/#breadcrumb","itemListElement":[{"@type":"ListItem","position":1,"name":"Home","item":"https:\/\/truusk.store\/sv\/"},{"@type":"ListItem","position":2,"name":"Shop","item":"https:\/\/truusk.store\/shop\/"},{"@type":"ListItem","position":3,"name":"TRUUSK Garderob med Skohylla &#8211; Kl\u00e4dh\u00e4ngare med Sittb\u00e4nk &#8211; 10 Krokar &#8211; 2 Tygl\u00e5dor &#8211; Kl\u00e4dst\u00e5ng &#8211; Sp\u00e5nskiva &#8211; Metall &#8211; Brun"}]},{"@type":"WebSite","@id":"https:\/\/truusk.store\/sv\/#website","url":"https:\/\/truusk.store\/sv\/","name":"TRUUSK - Hem, Tr\u00e4dg\u00e5rd & Fritid","description":"","publisher":{"@id":"https:\/\/truusk.store\/sv\/#organization"},"potentialAction":[{"@type":"SearchAction","target":{"@type":"EntryPoint","urlTemplate":"https:\/\/truusk.store\/sv\/?s={search_term_string}"},"query-input":{"@type":"PropertyValueSpecification","valueRequired":true,"valueName":"search_term_string"}}],"inLanguage":"sv-SE"},{"@type":"Organization","@id":"https:\/\/truusk.store\/sv\/#organization","name":"TRUUSK - Hem, Tr\u00e4dg\u00e5rd & Fritid","url":"https:\/\/truusk.store\/sv\/","logo":{"@type":"ImageObject","inLanguage":"sv-SE","@id":"https:\/\/truusk.store\/sv\/#\/schema\/logo\/image\/","url":"https:\/\/i0.wp.com\/truusk.store\/wp-content\/uploads\/2026\/03\/cropped-TRUUSK.png?fit=2032%2C917&ssl=1","contentUrl":"https:\/\/i0.wp.com\/truusk.store\/wp-content\/uploads\/2026\/03\/cropped-TRUUSK.png?fit=2032%2C917&ssl=1","width":2032,"height":917,"caption":"TRUUSK - Hem, Tr\u00e4dg\u00e5rd & Fritid"},"image":{"@id":"https:\/\/truusk.store\/sv\/#\/schema\/logo\/image\/"}}]}},"jetpack_sharing_enabled":true,"_links":{"self":[{"href":"https:\/\/truusk.store\/sv\/wp-json\/wp\/v2\/product\/93314","targetHints":{"allow":["GET"]}}],"collection":[{"href":"https:\/\/truusk.store\/sv\/wp-json\/wp\/v2\/product"}],"about":[{"href":"https:\/\/truusk.store\/sv\/wp-json\/wp\/v2\/types\/product"}],"wp:featuredmedia":[{"embeddable":true,"href":"https:\/\/truusk.store\/sv\/wp-json\/wp\/v2\/media\/93305"}],"wp:attachment":[{"href":"https:\/\/truusk.store\/sv\/wp-json\/wp\/v2\/media?parent=93314"}],"wp:term":[{"taxonomy":"product_brand","embeddable":true,"href":"https:\/\/truusk.store\/sv\/wp-json\/wp\/v2\/product_brand?post=93314"},{"taxonomy":"product_cat","embeddable":true,"href":"https:\/\/truusk.store\/sv\/wp-json\/wp\/v2\/product_cat?post=93314"},{"taxonomy":"product_tag","embeddable":true,"href":"https:\/\/truusk.store\/sv\/wp-json\/wp\/v2\/product_tag?post=93314"}],"curies":[{"name":"wp","href":"https:\/\/api.w.org\/{rel}","templated":true}]}}