{"id":93334,"date":"2025-10-09T13:54:42","date_gmt":"2025-10-09T12:54:42","guid":{"rendered":"https:\/\/truusk.store\/product\/fargsprutningssystem-700-w-elektrisk-lackpistol-200-bar-fargsprutningsapparat-med-15-l-min-flode-33-x-26-x-41-cm-bla\/"},"modified":"2026-03-12T08:52:31","modified_gmt":"2026-03-12T07:52:31","slug":"truusk-fargsprutningssystem-elektrisk-lackpistol-700-w-200-bar-15-l-min-flode-bla-33-x-26-x-41-cm","status":"publish","type":"product","link":"https:\/\/truusk.store\/sv\/produkt\/truusk-fargsprutningssystem-elektrisk-lackpistol-700-w-200-bar-15-l-min-flode-bla-33-x-26-x-41-cm\/","title":{"rendered":"TRUUSK F\u00e4rgsprutningssystem &#8211; Elektrisk Lackpistol 700 W &#8211; 200 Bar &#8211; 1,5 L\/min Fl\u00f6de &#8211; Bl\u00e5 &#8211; 33 x 26 x 41 cm"},"content":{"rendered":"<p>\u00c5teruppliva dina m\u00e5lningsprojekt med TRUUSK Airless Spray Device! Uppn\u00e5 perfekta resultat 5 g\u00e5nger snabbare \u00e4n med rullar och 12 g\u00e5nger snabbare \u00e4n med penslar. Denna m\u00e5ngsidiga elektriska f\u00e4rgspruta f\u00f6r v\u00e4ggf\u00e4rg med en 7,5 meter slang och roterande munstycke l\u00e5ter dig spraya b\u00e5de vertikalt och horisontellt f\u00f6r perfekt t\u00e4ckning &#8211; idealisk f\u00f6r emulsions- och staketm\u00e5lningar. Ingen utsp\u00e4dning beh\u00f6vs, bara enkel m\u00e5lningsgl\u00e4dje!<\/p>\n<p> Beskrivning:<\/p>\n<ul>\n<li> L\u00e4mplig f\u00f6r olika m\u00e5lningsbehov, \u00f6kar m\u00e5ngsidigheten<\/li>\n<li> L\u00e5ng slang av f\u00e4rgsprutningssystemet ut\u00f6kar r\u00e4ckvidden f\u00f6r stora ytor eller h\u00f6jder<\/li>\n<li> Ingen utsp\u00e4dning kr\u00e4vs, tack vare kraftfull motor och h\u00f6gt tryck<\/li>\n<li> Minimalt \u00f6versprut av Airless f\u00e4rgsprutningsapparat h\u00e5ller omgivningen ren<\/li>\n<li> Justerbart tryck av v\u00e4ggf\u00e4rgsprutningsapparat anpassar sig till olika f\u00e4rgtyper<\/li>\n<li> Roterande munstycke m\u00f6jligg\u00f6r horisontell och vertikal sprutning<\/li>\n<li> L\u00e4tt att reng\u00f6ra med sj\u00e4lvreng\u00f6rande design och avtagbart munstycke<\/li>\n<li> Fyrfingerutl\u00f6sardesign av f\u00e4rgsprutan f\u00f6r v\u00e4ggf\u00e4rg ger bekv\u00e4m anv\u00e4ndning<\/li>\n<li> Inkluderar f\u00f6rl\u00e4ngningsst\u00e5ng och n\u00f6dv\u00e4ndigt underh\u00e5llstillbeh\u00f6r<\/li>\n<\/ul>\n<p> Tekniska data:<\/p>\n<ul>\n<li> F\u00e4rg: Bl\u00e5<\/li>\n<li> Material: Plast<\/li>\n<li> Totala dimensioner: 33L x 26B x 41H cm<\/li>\n<li> Sprutmunnstyckets storlek: 0,5 mm<\/li>\n<li> R\u00f6rdiameter: \u00d86,4 mm<\/li>\n<li> R\u00f6rl\u00e4ngd: 7,5 m<\/li>\n<li> Maximalt driftstryck: 200 bar \/ 2900 psi<\/li>\n<li> Effektv\u00e4rdering: 1,5 L\/min<\/li>\n<li> L\u00e4ngd p\u00e5 str\u00f6mkabel: 1,5 m<\/li>\n<li> Ing\u00e5ng: 220-240 V, 50-60 Hz<\/li>\n<li> Effekt: 700 W<\/li>\n<\/ul>\n<p>Leveransinneh\u00e5ll:<\/p>\n<ul>\n<li> 1 x 30 cm f\u00f6rl\u00e4ngningsst\u00e5ng<\/li>\n<li> 1 x \u00d86.4 mm x 7.5 m h\u00f6gtrycksslang<\/li>\n<li> 1 x bruksanvisning<\/li>\n<li> 1 x skiftnyckel<\/li>\n<li> 1 x reng\u00f6ringsborste<\/li>\n<li> 1 x flaska sm\u00f6rjolja<\/li>\n<li> 1 x sprutpistol<\/li>\n<\/ul>\n","protected":false},"excerpt":{"rendered":"<p>\u00c5teruppliva dina m\u00e5lningsprojekt med TRUUSK Airless Spray Device! Uppn\u00e5 perfekta resultat 5 g\u00e5nger snabbare \u00e4n med rullar och 12 g\u00e5nger&#8230;<\/p>\n","protected":false},"featured_media":93325,"template":"","meta":[],"product_brand":[],"product_cat":[867,898],"product_tag":[],"class_list":{"0":"post-93334","1":"product","2":"type-product","3":"status-publish","4":"has-post-thumbnail","6":"product_cat-byggmarknad","7":"product_cat-gor-det-sjalv","9":"first","10":"instock","11":"sale","12":"taxable","13":"shipping-taxable","14":"purchasable","15":"product-type-simple"},"yoast_head":"<!-- This site is optimized with the Yoast SEO plugin v25.4 - https:\/\/yoast.com\/wordpress\/plugins\/seo\/ -->\n<title>TRUUSK F\u00e4rgsprutningssystem - Elektrisk Lackpistol 700 W - 200 Bar - 1,5 L\/min Fl\u00f6de - Bl\u00e5 - 33 x 26 x 41 cm - TRUUSK - Hem, Tr\u00e4dg\u00e5rd &amp; Fritid<\/title>\n<meta name=\"robots\" content=\"index, follow, max-snippet:-1, max-image-preview:large, max-video-preview:-1\" \/>\n<link rel=\"canonical\" href=\"https:\/\/truusk.store\/sv\/produkt\/truusk-fargsprutningssystem-elektrisk-lackpistol-700-w-200-bar-15-l-min-flode-bla-33-x-26-x-41-cm\/\" \/>\n<meta property=\"og:locale\" content=\"sv_SE\" \/>\n<meta property=\"og:type\" content=\"article\" \/>\n<meta property=\"og:title\" content=\"TRUUSK F\u00e4rgsprutningssystem - Elektrisk Lackpistol 700 W - 200 Bar - 1,5 L\/min Fl\u00f6de - Bl\u00e5 - 33 x 26 x 41 cm - TRUUSK - Hem, Tr\u00e4dg\u00e5rd &amp; Fritid\" \/>\n<meta property=\"og:description\" content=\"\u00c5teruppliva dina m\u00e5lningsprojekt med TRUUSK Airless Spray Device! Uppn\u00e5 perfekta resultat 5 g\u00e5nger snabbare \u00e4n med rullar och 12 g\u00e5nger...\" \/>\n<meta property=\"og:url\" content=\"https:\/\/truusk.store\/sv\/produkt\/truusk-fargsprutningssystem-elektrisk-lackpistol-700-w-200-bar-15-l-min-flode-bla-33-x-26-x-41-cm\/\" \/>\n<meta property=\"og:site_name\" content=\"TRUUSK - Hem, Tr\u00e4dg\u00e5rd &amp; Fritid\" \/>\n<meta property=\"article:modified_time\" content=\"2026-03-12T07:52:31+00:00\" \/>\n<meta property=\"og:image\" content=\"https:\/\/i0.wp.com\/truusk.se\/wp-content\/uploads\/2025\/10\/fargsprutningssystem-700-w-elektrisk-lackpistol-200-bar-fargsprutningsapparat-med-15-l-min-flode-33-x-26-x-41-cm-bla-1.webp?fit=2000%2C2000&ssl=1\" \/>\n\t<meta property=\"og:image:width\" content=\"2000\" \/>\n\t<meta property=\"og:image:height\" content=\"2000\" \/>\n\t<meta property=\"og:image:type\" content=\"image\/webp\" \/>\n<meta name=\"twitter:card\" content=\"summary_large_image\" \/>\n<meta name=\"twitter:label1\" content=\"Ber\u00e4knad l\u00e4stid\" \/>\n\t<meta name=\"twitter:data1\" content=\"1 minut\" \/>\n<!-- \/ Yoast SEO plugin. -->","yoast_head_json":{"title":"TRUUSK F\u00e4rgsprutningssystem - Elektrisk Lackpistol 700 W - 200 Bar - 1,5 L\/min Fl\u00f6de - Bl\u00e5 - 33 x 26 x 41 cm - TRUUSK - Hem, Tr\u00e4dg\u00e5rd &amp; Fritid","robots":{"index":"index","follow":"follow","max-snippet":"max-snippet:-1","max-image-preview":"max-image-preview:large","max-video-preview":"max-video-preview:-1"},"canonical":"https:\/\/truusk.store\/sv\/produkt\/truusk-fargsprutningssystem-elektrisk-lackpistol-700-w-200-bar-15-l-min-flode-bla-33-x-26-x-41-cm\/","og_locale":"sv_SE","og_type":"article","og_title":"TRUUSK F\u00e4rgsprutningssystem - Elektrisk Lackpistol 700 W - 200 Bar - 1,5 L\/min Fl\u00f6de - Bl\u00e5 - 33 x 26 x 41 cm - TRUUSK - Hem, Tr\u00e4dg\u00e5rd &amp; Fritid","og_description":"\u00c5teruppliva dina m\u00e5lningsprojekt med TRUUSK Airless Spray Device! Uppn\u00e5 perfekta resultat 5 g\u00e5nger snabbare \u00e4n med rullar och 12 g\u00e5nger...","og_url":"https:\/\/truusk.store\/sv\/produkt\/truusk-fargsprutningssystem-elektrisk-lackpistol-700-w-200-bar-15-l-min-flode-bla-33-x-26-x-41-cm\/","og_site_name":"TRUUSK - Hem, Tr\u00e4dg\u00e5rd &amp; Fritid","article_modified_time":"2026-03-12T07:52:31+00:00","og_image":[{"width":2000,"height":2000,"url":"https:\/\/i0.wp.com\/truusk.se\/wp-content\/uploads\/2025\/10\/fargsprutningssystem-700-w-elektrisk-lackpistol-200-bar-fargsprutningsapparat-med-15-l-min-flode-33-x-26-x-41-cm-bla-1.webp?fit=2000%2C2000&ssl=1","type":"image\/webp"}],"twitter_card":"summary_large_image","twitter_misc":{"Ber\u00e4knad l\u00e4stid":"1 minut"},"schema":{"@context":"https:\/\/schema.org","@graph":[{"@type":"WebPage","@id":"https:\/\/truusk.store\/sv\/produkt\/truusk-fargsprutningssystem-elektrisk-lackpistol-700-w-200-bar-15-l-min-flode-bla-33-x-26-x-41-cm\/","url":"https:\/\/truusk.store\/sv\/produkt\/truusk-fargsprutningssystem-elektrisk-lackpistol-700-w-200-bar-15-l-min-flode-bla-33-x-26-x-41-cm\/","name":"TRUUSK F\u00e4rgsprutningssystem - Elektrisk Lackpistol 700 W - 200 Bar - 1,5 L\/min Fl\u00f6de - Bl\u00e5 - 33 x 26 x 41 cm - TRUUSK - Hem, Tr\u00e4dg\u00e5rd &amp; Fritid","isPartOf":{"@id":"https:\/\/truusk.store\/sv\/#website"},"primaryImageOfPage":{"@id":"https:\/\/truusk.store\/sv\/produkt\/truusk-fargsprutningssystem-elektrisk-lackpistol-700-w-200-bar-15-l-min-flode-bla-33-x-26-x-41-cm\/#primaryimage"},"image":{"@id":"https:\/\/truusk.store\/sv\/produkt\/truusk-fargsprutningssystem-elektrisk-lackpistol-700-w-200-bar-15-l-min-flode-bla-33-x-26-x-41-cm\/#primaryimage"},"thumbnailUrl":"https:\/\/i0.wp.com\/truusk.store\/wp-content\/uploads\/2025\/10\/fargsprutningssystem-700-w-elektrisk-lackpistol-200-bar-fargsprutningsapparat-med-15-l-min-flode-33-x-26-x-41-cm-bla-1.webp?fit=2000%2C2000&ssl=1","datePublished":"2025-10-09T12:54:42+00:00","dateModified":"2026-03-12T07:52:31+00:00","breadcrumb":{"@id":"https:\/\/truusk.store\/sv\/produkt\/truusk-fargsprutningssystem-elektrisk-lackpistol-700-w-200-bar-15-l-min-flode-bla-33-x-26-x-41-cm\/#breadcrumb"},"inLanguage":"sv-SE","potentialAction":[{"@type":"ReadAction","target":["https:\/\/truusk.store\/sv\/produkt\/truusk-fargsprutningssystem-elektrisk-lackpistol-700-w-200-bar-15-l-min-flode-bla-33-x-26-x-41-cm\/"]}]},{"@type":"ImageObject","inLanguage":"sv-SE","@id":"https:\/\/truusk.store\/sv\/produkt\/truusk-fargsprutningssystem-elektrisk-lackpistol-700-w-200-bar-15-l-min-flode-bla-33-x-26-x-41-cm\/#primaryimage","url":"https:\/\/i0.wp.com\/truusk.store\/wp-content\/uploads\/2025\/10\/fargsprutningssystem-700-w-elektrisk-lackpistol-200-bar-fargsprutningsapparat-med-15-l-min-flode-33-x-26-x-41-cm-bla-1.webp?fit=2000%2C2000&ssl=1","contentUrl":"https:\/\/i0.wp.com\/truusk.store\/wp-content\/uploads\/2025\/10\/fargsprutningssystem-700-w-elektrisk-lackpistol-200-bar-fargsprutningsapparat-med-15-l-min-flode-33-x-26-x-41-cm-bla-1.webp?fit=2000%2C2000&ssl=1","width":2000,"height":2000},{"@type":"BreadcrumbList","@id":"https:\/\/truusk.store\/sv\/produkt\/truusk-fargsprutningssystem-elektrisk-lackpistol-700-w-200-bar-15-l-min-flode-bla-33-x-26-x-41-cm\/#breadcrumb","itemListElement":[{"@type":"ListItem","position":1,"name":"Home","item":"https:\/\/truusk.store\/sv\/"},{"@type":"ListItem","position":2,"name":"Shop","item":"https:\/\/truusk.store\/shop\/"},{"@type":"ListItem","position":3,"name":"TRUUSK F\u00e4rgsprutningssystem &#8211; Elektrisk Lackpistol 700 W &#8211; 200 Bar &#8211; 1,5 L\/min Fl\u00f6de &#8211; Bl\u00e5 &#8211; 33 x 26 x 41 cm"}]},{"@type":"WebSite","@id":"https:\/\/truusk.store\/sv\/#website","url":"https:\/\/truusk.store\/sv\/","name":"TRUUSK - Hem, Tr\u00e4dg\u00e5rd & Fritid","description":"","publisher":{"@id":"https:\/\/truusk.store\/sv\/#organization"},"potentialAction":[{"@type":"SearchAction","target":{"@type":"EntryPoint","urlTemplate":"https:\/\/truusk.store\/sv\/?s={search_term_string}"},"query-input":{"@type":"PropertyValueSpecification","valueRequired":true,"valueName":"search_term_string"}}],"inLanguage":"sv-SE"},{"@type":"Organization","@id":"https:\/\/truusk.store\/sv\/#organization","name":"TRUUSK - Hem, Tr\u00e4dg\u00e5rd & Fritid","url":"https:\/\/truusk.store\/sv\/","logo":{"@type":"ImageObject","inLanguage":"sv-SE","@id":"https:\/\/truusk.store\/sv\/#\/schema\/logo\/image\/","url":"https:\/\/i0.wp.com\/truusk.store\/wp-content\/uploads\/2026\/03\/cropped-TRUUSK.png?fit=2032%2C917&ssl=1","contentUrl":"https:\/\/i0.wp.com\/truusk.store\/wp-content\/uploads\/2026\/03\/cropped-TRUUSK.png?fit=2032%2C917&ssl=1","width":2032,"height":917,"caption":"TRUUSK - Hem, Tr\u00e4dg\u00e5rd & Fritid"},"image":{"@id":"https:\/\/truusk.store\/sv\/#\/schema\/logo\/image\/"}}]}},"jetpack_sharing_enabled":true,"_links":{"self":[{"href":"https:\/\/truusk.store\/sv\/wp-json\/wp\/v2\/product\/93334","targetHints":{"allow":["GET"]}}],"collection":[{"href":"https:\/\/truusk.store\/sv\/wp-json\/wp\/v2\/product"}],"about":[{"href":"https:\/\/truusk.store\/sv\/wp-json\/wp\/v2\/types\/product"}],"wp:featuredmedia":[{"embeddable":true,"href":"https:\/\/truusk.store\/sv\/wp-json\/wp\/v2\/media\/93325"}],"wp:attachment":[{"href":"https:\/\/truusk.store\/sv\/wp-json\/wp\/v2\/media?parent=93334"}],"wp:term":[{"taxonomy":"product_brand","embeddable":true,"href":"https:\/\/truusk.store\/sv\/wp-json\/wp\/v2\/product_brand?post=93334"},{"taxonomy":"product_cat","embeddable":true,"href":"https:\/\/truusk.store\/sv\/wp-json\/wp\/v2\/product_cat?post=93334"},{"taxonomy":"product_tag","embeddable":true,"href":"https:\/\/truusk.store\/sv\/wp-json\/wp\/v2\/product_tag?post=93334"}],"curies":[{"name":"wp","href":"https:\/\/api.w.org\/{rel}","templated":true}]}}