{"id":93346,"date":"2025-10-09T13:56:00","date_gmt":"2025-10-09T12:56:00","guid":{"rendered":"https:\/\/truusk.store\/product\/arbetsbank-80-x-405-x-155-cm-verktygsbank-med-halvagg-krokar-lada-2-hyllor-for-verkstad-svart\/"},"modified":"2026-03-12T08:53:22","modified_gmt":"2026-03-12T07:53:22","slug":"truusk-arbetsbank-80x405x155-cm-verktygsbank-med-halvagg-krokar-lada-2-hyllor-for-verkstad-svart","status":"publish","type":"product","link":"https:\/\/truusk.store\/sv\/produkt\/truusk-arbetsbank-80x405x155-cm-verktygsbank-med-halvagg-krokar-lada-2-hyllor-for-verkstad-svart\/","title":{"rendered":"TRUUSK Arbetsb\u00e4nk 80&#215;40,5&#215;155 cm &#8211; Verktygsb\u00e4nk med H\u00e5lv\u00e4gg, Krokar, L\u00e5da &#8211; 2 Hyllor f\u00f6r Verkstad &#8211; Svart"},"content":{"rendered":"<p>St\u00f6rd av en o\u00f6versk\u00e5dlig arbetsplats d\u00e4r verktyg f\u00f6rsvinner och projekt vacklar? En \u00f6verfullt garage och instabila arbetsytor g\u00f6r varje uppgift besv\u00e4rlig. TRUUSK arbetsb\u00e4nken skapar en effektiv trivseloas. Dess stabila ram ger ett fast grepp, medan pegboard och flerniv\u00e5hyllor p\u00e5 detta arbetsbord h\u00e5ller dina verktyg \u00f6versk\u00e5dliga och l\u00e4ttillg\u00e4ngliga, vilket ger ordning och s\u00e4kerhet i ditt arbete.<\/p>\n<p>Beskrivning:<\/p>\n<ul>\n<li> Den robusta st\u00e5lramen b\u00e4r upp till 240 kg med halkfria f\u00f6tter f\u00f6r en stabil, vackelfri arbetsplats<\/li>\n<li> En stor verktygspanel med olika medf\u00f6ljande krokar h\u00e5ller verktygen organiserade f\u00f6r snabb \u00e5tkomst<\/li>\n<li> En \u00f6vre hylla, en l\u00e5da och tv\u00e5 niv\u00e5er erbjuder m\u00e5ngsidig, organiserad f\u00f6rvaring<\/li>\n<li> Den ergonomiska h\u00f6jden p\u00e5 91,5 cm p\u00e5 arbetsbordet m\u00f6jligg\u00f6r bekv\u00e4mt arbete st\u00e5ende och minskar belastningen p\u00e5 ryggen<\/li>\n<li> Pulverlackerade st\u00e5lr\u00f6r p\u00e5 arbetsb\u00e4nken \u00e4r rostbest\u00e4ndiga<\/li>\n<li>hyllorna \u00e4r redo f\u00f6r DIY-anpassningar<\/li>\n<li> Verktygsb\u00e4nken har mjukt l\u00f6pande l\u00e5drails f\u00f6r en f\u00f6rb\u00e4ttrad anv\u00e4ndarupplevelse<\/li>\n<li> Fungerar som en m\u00e5ngsidig arbetsstation f\u00f6r ditt garage, verkstad eller hobbyrum<\/li>\n<li> Enkel montering kr\u00e4vs<\/li>\n<\/ul>\n<p> Tekniska data:<\/p>\n<ul>\n<li> F\u00e4rg: Svart<\/li>\n<li> Material: St\u00e5l, MDF<\/li>\n<li> Totala dimensioner: 80L x 40,5B x 155H cm<\/li>\n<li> M\u00e5tt p\u00e5 \u00f6vre hyllan: 80L x 28B x 3H cm<\/li>\n<li> M\u00e5tt p\u00e5 h\u00e5lv\u00e4ggen: 79L x 60B cm<\/li>\n<li> M\u00e5tt p\u00e5 bordsskivan: 80L x 40B cm<\/li>\n<li> Inre m\u00e5tt p\u00e5 l\u00e5dan: 71L x 30,5B x 5H cm<\/li>\n<li> Storlek p\u00e5 nedre hyllan: 80L x 40B cm<\/li>\n<li> H\u00f6jd fr\u00e5n golvet: 91,5 cm (bordsskiva), 45,5 cm (mellanhylla), 5 cm (nedre hylla)<\/li>\n<li> B\u00e4rkapacitet: 240 kg (totalt), 100 kg (bordsskiva), 50 kg (varje hylla), 20 kg (\u00f6vre hylla), 20 kg (h\u00e5lv\u00e4gg)<\/li>\n<\/ul>\n<p>Leveransinneh\u00e5ll:<\/p>\n<ul>\n<li>1 x arbetsb\u00e4nk<\/li>\n<li>1 x handbok<\/li>\n<\/ul>\n","protected":false},"excerpt":{"rendered":"<p>St\u00f6rd av en o\u00f6versk\u00e5dlig arbetsplats d\u00e4r verktyg f\u00f6rsvinner och projekt vacklar? En \u00f6verfullt garage och instabila arbetsytor g\u00f6r varje uppgift&#8230;<\/p>\n","protected":false},"featured_media":93335,"template":"","meta":[],"product_brand":[],"product_cat":[691,867,1041],"product_tag":[],"class_list":{"0":"post-93346","1":"product","2":"type-product","3":"status-publish","4":"has-post-thumbnail","6":"product_cat-arbetsbankar-arbetsbockar","7":"product_cat-byggmarknad","8":"product_cat-hemmafixare","10":"first","11":"instock","12":"sale","13":"taxable","14":"shipping-taxable","15":"purchasable","16":"product-type-simple"},"yoast_head":"<!-- This site is optimized with the Yoast SEO plugin v25.4 - https:\/\/yoast.com\/wordpress\/plugins\/seo\/ -->\n<title>TRUUSK Arbetsb\u00e4nk 80x40,5x155 cm - Verktygsb\u00e4nk med H\u00e5lv\u00e4gg, Krokar, L\u00e5da - 2 Hyllor f\u00f6r Verkstad - Svart - TRUUSK - Hem, Tr\u00e4dg\u00e5rd &amp; Fritid<\/title>\n<meta name=\"robots\" content=\"index, follow, max-snippet:-1, max-image-preview:large, max-video-preview:-1\" \/>\n<link rel=\"canonical\" href=\"https:\/\/truusk.store\/sv\/produkt\/truusk-arbetsbank-80x405x155-cm-verktygsbank-med-halvagg-krokar-lada-2-hyllor-for-verkstad-svart\/\" \/>\n<meta property=\"og:locale\" content=\"sv_SE\" \/>\n<meta property=\"og:type\" content=\"article\" \/>\n<meta property=\"og:title\" content=\"TRUUSK Arbetsb\u00e4nk 80x40,5x155 cm - Verktygsb\u00e4nk med H\u00e5lv\u00e4gg, Krokar, L\u00e5da - 2 Hyllor f\u00f6r Verkstad - Svart - TRUUSK - Hem, Tr\u00e4dg\u00e5rd &amp; Fritid\" \/>\n<meta property=\"og:description\" content=\"St\u00f6rd av en o\u00f6versk\u00e5dlig arbetsplats d\u00e4r verktyg f\u00f6rsvinner och projekt vacklar? En \u00f6verfullt garage och instabila arbetsytor g\u00f6r varje uppgift...\" \/>\n<meta property=\"og:url\" content=\"https:\/\/truusk.store\/sv\/produkt\/truusk-arbetsbank-80x405x155-cm-verktygsbank-med-halvagg-krokar-lada-2-hyllor-for-verkstad-svart\/\" \/>\n<meta property=\"og:site_name\" content=\"TRUUSK - Hem, Tr\u00e4dg\u00e5rd &amp; Fritid\" \/>\n<meta property=\"article:modified_time\" content=\"2026-03-12T07:53:22+00:00\" \/>\n<meta property=\"og:image\" content=\"https:\/\/i0.wp.com\/truusk.se\/wp-content\/uploads\/2025\/10\/arbetsbank-80-x-405-x-155-cm-verktygsbank-med-halvagg-krokar-lada-2-hyllor-for-verkstad-svart-1.webp?fit=2000%2C2000&ssl=1\" \/>\n\t<meta property=\"og:image:width\" content=\"2000\" \/>\n\t<meta property=\"og:image:height\" content=\"2000\" \/>\n\t<meta property=\"og:image:type\" content=\"image\/webp\" \/>\n<meta name=\"twitter:card\" content=\"summary_large_image\" \/>\n<meta name=\"twitter:label1\" content=\"Ber\u00e4knad l\u00e4stid\" \/>\n\t<meta name=\"twitter:data1\" content=\"1 minut\" \/>\n<!-- \/ Yoast SEO plugin. -->","yoast_head_json":{"title":"TRUUSK Arbetsb\u00e4nk 80x40,5x155 cm - Verktygsb\u00e4nk med H\u00e5lv\u00e4gg, Krokar, L\u00e5da - 2 Hyllor f\u00f6r Verkstad - Svart - TRUUSK - Hem, Tr\u00e4dg\u00e5rd &amp; Fritid","robots":{"index":"index","follow":"follow","max-snippet":"max-snippet:-1","max-image-preview":"max-image-preview:large","max-video-preview":"max-video-preview:-1"},"canonical":"https:\/\/truusk.store\/sv\/produkt\/truusk-arbetsbank-80x405x155-cm-verktygsbank-med-halvagg-krokar-lada-2-hyllor-for-verkstad-svart\/","og_locale":"sv_SE","og_type":"article","og_title":"TRUUSK Arbetsb\u00e4nk 80x40,5x155 cm - Verktygsb\u00e4nk med H\u00e5lv\u00e4gg, Krokar, L\u00e5da - 2 Hyllor f\u00f6r Verkstad - Svart - TRUUSK - Hem, Tr\u00e4dg\u00e5rd &amp; Fritid","og_description":"St\u00f6rd av en o\u00f6versk\u00e5dlig arbetsplats d\u00e4r verktyg f\u00f6rsvinner och projekt vacklar? En \u00f6verfullt garage och instabila arbetsytor g\u00f6r varje uppgift...","og_url":"https:\/\/truusk.store\/sv\/produkt\/truusk-arbetsbank-80x405x155-cm-verktygsbank-med-halvagg-krokar-lada-2-hyllor-for-verkstad-svart\/","og_site_name":"TRUUSK - Hem, Tr\u00e4dg\u00e5rd &amp; Fritid","article_modified_time":"2026-03-12T07:53:22+00:00","og_image":[{"width":2000,"height":2000,"url":"https:\/\/i0.wp.com\/truusk.se\/wp-content\/uploads\/2025\/10\/arbetsbank-80-x-405-x-155-cm-verktygsbank-med-halvagg-krokar-lada-2-hyllor-for-verkstad-svart-1.webp?fit=2000%2C2000&ssl=1","type":"image\/webp"}],"twitter_card":"summary_large_image","twitter_misc":{"Ber\u00e4knad l\u00e4stid":"1 minut"},"schema":{"@context":"https:\/\/schema.org","@graph":[{"@type":"WebPage","@id":"https:\/\/truusk.store\/sv\/produkt\/truusk-arbetsbank-80x405x155-cm-verktygsbank-med-halvagg-krokar-lada-2-hyllor-for-verkstad-svart\/","url":"https:\/\/truusk.store\/sv\/produkt\/truusk-arbetsbank-80x405x155-cm-verktygsbank-med-halvagg-krokar-lada-2-hyllor-for-verkstad-svart\/","name":"TRUUSK Arbetsb\u00e4nk 80x40,5x155 cm - Verktygsb\u00e4nk med H\u00e5lv\u00e4gg, Krokar, L\u00e5da - 2 Hyllor f\u00f6r Verkstad - Svart - TRUUSK - Hem, Tr\u00e4dg\u00e5rd &amp; Fritid","isPartOf":{"@id":"https:\/\/truusk.store\/sv\/#website"},"primaryImageOfPage":{"@id":"https:\/\/truusk.store\/sv\/produkt\/truusk-arbetsbank-80x405x155-cm-verktygsbank-med-halvagg-krokar-lada-2-hyllor-for-verkstad-svart\/#primaryimage"},"image":{"@id":"https:\/\/truusk.store\/sv\/produkt\/truusk-arbetsbank-80x405x155-cm-verktygsbank-med-halvagg-krokar-lada-2-hyllor-for-verkstad-svart\/#primaryimage"},"thumbnailUrl":"https:\/\/i0.wp.com\/truusk.store\/wp-content\/uploads\/2025\/10\/arbetsbank-80-x-405-x-155-cm-verktygsbank-med-halvagg-krokar-lada-2-hyllor-for-verkstad-svart-1.webp?fit=2000%2C2000&ssl=1","datePublished":"2025-10-09T12:56:00+00:00","dateModified":"2026-03-12T07:53:22+00:00","breadcrumb":{"@id":"https:\/\/truusk.store\/sv\/produkt\/truusk-arbetsbank-80x405x155-cm-verktygsbank-med-halvagg-krokar-lada-2-hyllor-for-verkstad-svart\/#breadcrumb"},"inLanguage":"sv-SE","potentialAction":[{"@type":"ReadAction","target":["https:\/\/truusk.store\/sv\/produkt\/truusk-arbetsbank-80x405x155-cm-verktygsbank-med-halvagg-krokar-lada-2-hyllor-for-verkstad-svart\/"]}]},{"@type":"ImageObject","inLanguage":"sv-SE","@id":"https:\/\/truusk.store\/sv\/produkt\/truusk-arbetsbank-80x405x155-cm-verktygsbank-med-halvagg-krokar-lada-2-hyllor-for-verkstad-svart\/#primaryimage","url":"https:\/\/i0.wp.com\/truusk.store\/wp-content\/uploads\/2025\/10\/arbetsbank-80-x-405-x-155-cm-verktygsbank-med-halvagg-krokar-lada-2-hyllor-for-verkstad-svart-1.webp?fit=2000%2C2000&ssl=1","contentUrl":"https:\/\/i0.wp.com\/truusk.store\/wp-content\/uploads\/2025\/10\/arbetsbank-80-x-405-x-155-cm-verktygsbank-med-halvagg-krokar-lada-2-hyllor-for-verkstad-svart-1.webp?fit=2000%2C2000&ssl=1","width":2000,"height":2000},{"@type":"BreadcrumbList","@id":"https:\/\/truusk.store\/sv\/produkt\/truusk-arbetsbank-80x405x155-cm-verktygsbank-med-halvagg-krokar-lada-2-hyllor-for-verkstad-svart\/#breadcrumb","itemListElement":[{"@type":"ListItem","position":1,"name":"Home","item":"https:\/\/truusk.store\/sv\/"},{"@type":"ListItem","position":2,"name":"Shop","item":"https:\/\/truusk.store\/shop\/"},{"@type":"ListItem","position":3,"name":"TRUUSK Arbetsb\u00e4nk 80&#215;40,5&#215;155 cm &#8211; Verktygsb\u00e4nk med H\u00e5lv\u00e4gg, Krokar, L\u00e5da &#8211; 2 Hyllor f\u00f6r Verkstad &#8211; Svart"}]},{"@type":"WebSite","@id":"https:\/\/truusk.store\/sv\/#website","url":"https:\/\/truusk.store\/sv\/","name":"TRUUSK - Hem, Tr\u00e4dg\u00e5rd & Fritid","description":"","publisher":{"@id":"https:\/\/truusk.store\/sv\/#organization"},"potentialAction":[{"@type":"SearchAction","target":{"@type":"EntryPoint","urlTemplate":"https:\/\/truusk.store\/sv\/?s={search_term_string}"},"query-input":{"@type":"PropertyValueSpecification","valueRequired":true,"valueName":"search_term_string"}}],"inLanguage":"sv-SE"},{"@type":"Organization","@id":"https:\/\/truusk.store\/sv\/#organization","name":"TRUUSK - Hem, Tr\u00e4dg\u00e5rd & Fritid","url":"https:\/\/truusk.store\/sv\/","logo":{"@type":"ImageObject","inLanguage":"sv-SE","@id":"https:\/\/truusk.store\/sv\/#\/schema\/logo\/image\/","url":"https:\/\/i0.wp.com\/truusk.store\/wp-content\/uploads\/2026\/03\/cropped-TRUUSK.png?fit=2032%2C917&ssl=1","contentUrl":"https:\/\/i0.wp.com\/truusk.store\/wp-content\/uploads\/2026\/03\/cropped-TRUUSK.png?fit=2032%2C917&ssl=1","width":2032,"height":917,"caption":"TRUUSK - Hem, Tr\u00e4dg\u00e5rd & Fritid"},"image":{"@id":"https:\/\/truusk.store\/sv\/#\/schema\/logo\/image\/"}}]}},"jetpack_sharing_enabled":true,"_links":{"self":[{"href":"https:\/\/truusk.store\/sv\/wp-json\/wp\/v2\/product\/93346","targetHints":{"allow":["GET"]}}],"collection":[{"href":"https:\/\/truusk.store\/sv\/wp-json\/wp\/v2\/product"}],"about":[{"href":"https:\/\/truusk.store\/sv\/wp-json\/wp\/v2\/types\/product"}],"wp:featuredmedia":[{"embeddable":true,"href":"https:\/\/truusk.store\/sv\/wp-json\/wp\/v2\/media\/93335"}],"wp:attachment":[{"href":"https:\/\/truusk.store\/sv\/wp-json\/wp\/v2\/media?parent=93346"}],"wp:term":[{"taxonomy":"product_brand","embeddable":true,"href":"https:\/\/truusk.store\/sv\/wp-json\/wp\/v2\/product_brand?post=93346"},{"taxonomy":"product_cat","embeddable":true,"href":"https:\/\/truusk.store\/sv\/wp-json\/wp\/v2\/product_cat?post=93346"},{"taxonomy":"product_tag","embeddable":true,"href":"https:\/\/truusk.store\/sv\/wp-json\/wp\/v2\/product_tag?post=93346"}],"curies":[{"name":"wp","href":"https:\/\/api.w.org\/{rel}","templated":true}]}}