{"id":93354,"date":"2025-10-09T13:56:33","date_gmt":"2025-10-09T12:56:33","guid":{"rendered":"https:\/\/truusk.store\/product\/hojdstallbart-skrivbord-koksbord-med-hylla-hjul-datorbord-i-rustikt-brunt-60-x-60-x-705-120-cm\/"},"modified":"2026-03-12T08:53:22","modified_gmt":"2026-03-12T07:53:22","slug":"truusk-justerbart-skrivbord-med-hylla-och-hjul-rustikt-brun-60x60x705-120-cm","status":"publish","type":"product","link":"https:\/\/truusk.store\/sv\/produkt\/truusk-justerbart-skrivbord-med-hylla-och-hjul-rustikt-brun-60x60x705-120-cm\/","title":{"rendered":"TRUUSK Justerbart Skrivbord med Hylla och Hjul &#8211; Rustikt Brun &#8211; 60x60x70,5-120 cm"},"content":{"rendered":"<p>K\u00e4nner du dig begr\u00e4nsad av ett fast skrivbord, lider av ryggsm\u00e4rtor och bristande koncentration? Din arbetsplats b\u00f6r vara flexibel och anpassa sig till dig. TRUUSK justerbara skrivbord revolutionerar din arbetsdag. V\u00e4xla s\u00f6ml\u00f6st mellan att sitta och st\u00e5 och flytta ditt mobila kontorsbord till vilket rum som helst. Dess tv\u00e5stegsyta ser till att dina sk\u00e4rmar och verktyg h\u00e5lls ordnade och g\u00f6r varje h\u00f6rn till produktivitetens centrum.<\/p>\n<p>Beskrivning:<\/p>\n<ul>\n<li> H\u00f6jden \u00e4r justerbar fr\u00e5n 70,5 cm till 120 cm, fr\u00e4mjar en h\u00e4lsosammare sitt-st\u00e5-arbetsstil<\/li>\n<li> Arbetsbordet har en tv\u00e5stegs arbetsyta med en 45\u00b0 roterbar topp f\u00f6r ergonomi<\/li>\n<li> Den fr\u00e4mre arbetsytan p\u00e5 skrivbordet har en stopp f\u00f6r att f\u00f6rhindra att dina saker glider ner<\/li>\n<li> Fyra hjul, varav tv\u00e5 \u00e4r l\u00e5sbara, erbjuder enkel mobilitet och stark stabilitet<\/li>\n<li> Stark ram p\u00e5 datorbordet b\u00e4r upp till 100 kg och h\u00e5ller s\u00e4kert all din utrustning<\/li>\n<li> Montering kr\u00e4vs<\/li>\n<\/ul>\n<p> Tekniska data:<\/p>\n<ul>\n<li> F\u00e4rg: Rustik Brun+Svart<\/li>\n<li> Material: MDF, St\u00e5l<\/li>\n<li> Totala dimensioner: 60L x 60B x 70,5-120H cm<\/li>\n<li> Storlek p\u00e5 bordsskiva: 60L x 30B cm (fram\/bak)<\/li>\n<li> Benutrymme: 48B x 63H cm<\/li>\n<li> Maximal belastning: 100 kg (totalt), 80 kg (l\u00e4gsta), 20 kg (h\u00f6gsta)<\/li>\n<\/ul>\n<p>Leveransinneh\u00e5ll:<\/p>\n<ul>\n<li> 1 x St\u00e5pulpet<\/li>\n<li> 1 x Handbok<\/li>\n<\/ul>\n","protected":false},"excerpt":{"rendered":"<p>K\u00e4nner du dig begr\u00e4nsad av ett fast skrivbord, lider av ryggsm\u00e4rtor och bristande koncentration? Din arbetsplats b\u00f6r vara flexibel och&#8230;<\/p>\n","protected":false},"featured_media":93343,"template":"","meta":[],"product_brand":[],"product_cat":[872,871,502],"product_tag":[],"class_list":{"0":"post-93354","1":"product","2":"type-product","3":"status-publish","4":"has-post-thumbnail","6":"product_cat-hemmakontor-arbetsplats","7":"product_cat-hus-hem","8":"product_cat-skrivbord","10":"first","11":"instock","12":"sale","13":"taxable","14":"shipping-taxable","15":"purchasable","16":"product-type-simple"},"yoast_head":"<!-- This site is optimized with the Yoast SEO plugin v25.4 - https:\/\/yoast.com\/wordpress\/plugins\/seo\/ -->\n<title>TRUUSK Justerbart Skrivbord med Hylla och Hjul - Rustikt Brun - 60x60x70,5-120 cm - TRUUSK - Hem, Tr\u00e4dg\u00e5rd &amp; Fritid<\/title>\n<meta name=\"robots\" content=\"index, follow, max-snippet:-1, max-image-preview:large, max-video-preview:-1\" \/>\n<link rel=\"canonical\" href=\"https:\/\/truusk.store\/sv\/produkt\/truusk-justerbart-skrivbord-med-hylla-och-hjul-rustikt-brun-60x60x705-120-cm\/\" \/>\n<meta property=\"og:locale\" content=\"sv_SE\" \/>\n<meta property=\"og:type\" content=\"article\" \/>\n<meta property=\"og:title\" content=\"TRUUSK Justerbart Skrivbord med Hylla och Hjul - Rustikt Brun - 60x60x70,5-120 cm - TRUUSK - Hem, Tr\u00e4dg\u00e5rd &amp; Fritid\" \/>\n<meta property=\"og:description\" content=\"K\u00e4nner du dig begr\u00e4nsad av ett fast skrivbord, lider av ryggsm\u00e4rtor och bristande koncentration? Din arbetsplats b\u00f6r vara flexibel och...\" \/>\n<meta property=\"og:url\" content=\"https:\/\/truusk.store\/sv\/produkt\/truusk-justerbart-skrivbord-med-hylla-och-hjul-rustikt-brun-60x60x705-120-cm\/\" \/>\n<meta property=\"og:site_name\" content=\"TRUUSK - Hem, Tr\u00e4dg\u00e5rd &amp; Fritid\" \/>\n<meta property=\"article:modified_time\" content=\"2026-03-12T07:53:22+00:00\" \/>\n<meta property=\"og:image\" content=\"https:\/\/i0.wp.com\/truusk.se\/wp-content\/uploads\/2025\/10\/hojdstallbart-skrivbord-koksbord-med-hylla-hjul-datorbord-i-rustikt-brunt-60-x-60-x-705-120-cm-1.webp?fit=2000%2C2000&ssl=1\" \/>\n\t<meta property=\"og:image:width\" content=\"2000\" \/>\n\t<meta property=\"og:image:height\" content=\"2000\" \/>\n\t<meta property=\"og:image:type\" content=\"image\/webp\" \/>\n<meta name=\"twitter:card\" content=\"summary_large_image\" \/>\n<meta name=\"twitter:label1\" content=\"Ber\u00e4knad l\u00e4stid\" \/>\n\t<meta name=\"twitter:data1\" content=\"1 minut\" \/>\n<!-- \/ Yoast SEO plugin. -->","yoast_head_json":{"title":"TRUUSK Justerbart Skrivbord med Hylla och Hjul - Rustikt Brun - 60x60x70,5-120 cm - TRUUSK - Hem, Tr\u00e4dg\u00e5rd &amp; Fritid","robots":{"index":"index","follow":"follow","max-snippet":"max-snippet:-1","max-image-preview":"max-image-preview:large","max-video-preview":"max-video-preview:-1"},"canonical":"https:\/\/truusk.store\/sv\/produkt\/truusk-justerbart-skrivbord-med-hylla-och-hjul-rustikt-brun-60x60x705-120-cm\/","og_locale":"sv_SE","og_type":"article","og_title":"TRUUSK Justerbart Skrivbord med Hylla och Hjul - Rustikt Brun - 60x60x70,5-120 cm - TRUUSK - Hem, Tr\u00e4dg\u00e5rd &amp; Fritid","og_description":"K\u00e4nner du dig begr\u00e4nsad av ett fast skrivbord, lider av ryggsm\u00e4rtor och bristande koncentration? Din arbetsplats b\u00f6r vara flexibel och...","og_url":"https:\/\/truusk.store\/sv\/produkt\/truusk-justerbart-skrivbord-med-hylla-och-hjul-rustikt-brun-60x60x705-120-cm\/","og_site_name":"TRUUSK - Hem, Tr\u00e4dg\u00e5rd &amp; Fritid","article_modified_time":"2026-03-12T07:53:22+00:00","og_image":[{"width":2000,"height":2000,"url":"https:\/\/i0.wp.com\/truusk.se\/wp-content\/uploads\/2025\/10\/hojdstallbart-skrivbord-koksbord-med-hylla-hjul-datorbord-i-rustikt-brunt-60-x-60-x-705-120-cm-1.webp?fit=2000%2C2000&ssl=1","type":"image\/webp"}],"twitter_card":"summary_large_image","twitter_misc":{"Ber\u00e4knad l\u00e4stid":"1 minut"},"schema":{"@context":"https:\/\/schema.org","@graph":[{"@type":"WebPage","@id":"https:\/\/truusk.store\/sv\/produkt\/truusk-justerbart-skrivbord-med-hylla-och-hjul-rustikt-brun-60x60x705-120-cm\/","url":"https:\/\/truusk.store\/sv\/produkt\/truusk-justerbart-skrivbord-med-hylla-och-hjul-rustikt-brun-60x60x705-120-cm\/","name":"TRUUSK Justerbart Skrivbord med Hylla och Hjul - Rustikt Brun - 60x60x70,5-120 cm - TRUUSK - Hem, Tr\u00e4dg\u00e5rd &amp; Fritid","isPartOf":{"@id":"https:\/\/truusk.store\/sv\/#website"},"primaryImageOfPage":{"@id":"https:\/\/truusk.store\/sv\/produkt\/truusk-justerbart-skrivbord-med-hylla-och-hjul-rustikt-brun-60x60x705-120-cm\/#primaryimage"},"image":{"@id":"https:\/\/truusk.store\/sv\/produkt\/truusk-justerbart-skrivbord-med-hylla-och-hjul-rustikt-brun-60x60x705-120-cm\/#primaryimage"},"thumbnailUrl":"https:\/\/i0.wp.com\/truusk.store\/wp-content\/uploads\/2025\/10\/hojdstallbart-skrivbord-koksbord-med-hylla-hjul-datorbord-i-rustikt-brunt-60-x-60-x-705-120-cm-1.webp?fit=2000%2C2000&ssl=1","datePublished":"2025-10-09T12:56:33+00:00","dateModified":"2026-03-12T07:53:22+00:00","breadcrumb":{"@id":"https:\/\/truusk.store\/sv\/produkt\/truusk-justerbart-skrivbord-med-hylla-och-hjul-rustikt-brun-60x60x705-120-cm\/#breadcrumb"},"inLanguage":"sv-SE","potentialAction":[{"@type":"ReadAction","target":["https:\/\/truusk.store\/sv\/produkt\/truusk-justerbart-skrivbord-med-hylla-och-hjul-rustikt-brun-60x60x705-120-cm\/"]}]},{"@type":"ImageObject","inLanguage":"sv-SE","@id":"https:\/\/truusk.store\/sv\/produkt\/truusk-justerbart-skrivbord-med-hylla-och-hjul-rustikt-brun-60x60x705-120-cm\/#primaryimage","url":"https:\/\/i0.wp.com\/truusk.store\/wp-content\/uploads\/2025\/10\/hojdstallbart-skrivbord-koksbord-med-hylla-hjul-datorbord-i-rustikt-brunt-60-x-60-x-705-120-cm-1.webp?fit=2000%2C2000&ssl=1","contentUrl":"https:\/\/i0.wp.com\/truusk.store\/wp-content\/uploads\/2025\/10\/hojdstallbart-skrivbord-koksbord-med-hylla-hjul-datorbord-i-rustikt-brunt-60-x-60-x-705-120-cm-1.webp?fit=2000%2C2000&ssl=1","width":2000,"height":2000},{"@type":"BreadcrumbList","@id":"https:\/\/truusk.store\/sv\/produkt\/truusk-justerbart-skrivbord-med-hylla-och-hjul-rustikt-brun-60x60x705-120-cm\/#breadcrumb","itemListElement":[{"@type":"ListItem","position":1,"name":"Home","item":"https:\/\/truusk.store\/sv\/"},{"@type":"ListItem","position":2,"name":"Shop","item":"https:\/\/truusk.store\/shop\/"},{"@type":"ListItem","position":3,"name":"TRUUSK Justerbart Skrivbord med Hylla och Hjul &#8211; Rustikt Brun &#8211; 60x60x70,5-120 cm"}]},{"@type":"WebSite","@id":"https:\/\/truusk.store\/sv\/#website","url":"https:\/\/truusk.store\/sv\/","name":"TRUUSK - Hem, Tr\u00e4dg\u00e5rd & Fritid","description":"","publisher":{"@id":"https:\/\/truusk.store\/sv\/#organization"},"potentialAction":[{"@type":"SearchAction","target":{"@type":"EntryPoint","urlTemplate":"https:\/\/truusk.store\/sv\/?s={search_term_string}"},"query-input":{"@type":"PropertyValueSpecification","valueRequired":true,"valueName":"search_term_string"}}],"inLanguage":"sv-SE"},{"@type":"Organization","@id":"https:\/\/truusk.store\/sv\/#organization","name":"TRUUSK - Hem, Tr\u00e4dg\u00e5rd & Fritid","url":"https:\/\/truusk.store\/sv\/","logo":{"@type":"ImageObject","inLanguage":"sv-SE","@id":"https:\/\/truusk.store\/sv\/#\/schema\/logo\/image\/","url":"https:\/\/i0.wp.com\/truusk.store\/wp-content\/uploads\/2026\/03\/cropped-TRUUSK.png?fit=2032%2C917&ssl=1","contentUrl":"https:\/\/i0.wp.com\/truusk.store\/wp-content\/uploads\/2026\/03\/cropped-TRUUSK.png?fit=2032%2C917&ssl=1","width":2032,"height":917,"caption":"TRUUSK - Hem, Tr\u00e4dg\u00e5rd & Fritid"},"image":{"@id":"https:\/\/truusk.store\/sv\/#\/schema\/logo\/image\/"}}]}},"jetpack_sharing_enabled":true,"_links":{"self":[{"href":"https:\/\/truusk.store\/sv\/wp-json\/wp\/v2\/product\/93354","targetHints":{"allow":["GET"]}}],"collection":[{"href":"https:\/\/truusk.store\/sv\/wp-json\/wp\/v2\/product"}],"about":[{"href":"https:\/\/truusk.store\/sv\/wp-json\/wp\/v2\/types\/product"}],"wp:featuredmedia":[{"embeddable":true,"href":"https:\/\/truusk.store\/sv\/wp-json\/wp\/v2\/media\/93343"}],"wp:attachment":[{"href":"https:\/\/truusk.store\/sv\/wp-json\/wp\/v2\/media?parent=93354"}],"wp:term":[{"taxonomy":"product_brand","embeddable":true,"href":"https:\/\/truusk.store\/sv\/wp-json\/wp\/v2\/product_brand?post=93354"},{"taxonomy":"product_cat","embeddable":true,"href":"https:\/\/truusk.store\/sv\/wp-json\/wp\/v2\/product_cat?post=93354"},{"taxonomy":"product_tag","embeddable":true,"href":"https:\/\/truusk.store\/sv\/wp-json\/wp\/v2\/product_tag?post=93354"}],"curies":[{"name":"wp","href":"https:\/\/api.w.org\/{rel}","templated":true}]}}