{"id":93415,"date":"2025-10-13T12:41:36","date_gmt":"2025-10-13T11:41:36","guid":{"rendered":"https:\/\/truusk.store\/product\/torkstallning-hopfallbar-stallningstorkare-med-3-justerbara-stanger-rostfritt-stal-torn-torkstallning-pa-hjul-tvatt-torn-torktumlare-for-inomhus-och-utomhus\/"},"modified":"2026-03-12T08:48:22","modified_gmt":"2026-03-12T07:48:22","slug":"truusk-hopfallbar-torkstallning-i-rostfritt-stal-3-justerbara-stanger-pa-hjul-for-inomhus-och-utomhus","status":"publish","type":"product","link":"https:\/\/truusk.store\/sv\/produkt\/truusk-hopfallbar-torkstallning-i-rostfritt-stal-3-justerbara-stanger-pa-hjul-for-inomhus-och-utomhus\/","title":{"rendered":"TRUUSK Hopf\u00e4llbar Torkst\u00e4llning i Rostfritt St\u00e5l &#8211; 3 Justerbara St\u00e4nger &#8211; P\u00e5 Hjul &#8211; F\u00f6r Inomhus och Utomhus"},"content":{"rendered":"<p>St\u00f6rd av instabila st\u00e4llningar och kl\u00e4der som sl\u00e4par p\u00e5 golvet? En tv\u00e4ttdag utan irritationen av ett kollapsande kl\u00e4dst\u00e4ll \u00e4r m\u00f6jlig. Denna TRUUSK torkst\u00e4llning i robust rostfritt st\u00e5l garanterar s\u00e4kerhet och b\u00e4r \u00e4ven tung, bl\u00f6t tv\u00e4tt utan problem. Justerbara, stegvisa st\u00e4nger erbjuder gott om plats f\u00f6r l\u00e5nga kl\u00e4nningar och tack vare de smidiga hjulen kan du enkelt f\u00f6lja solen fr\u00e5n rum till rum, vilket underl\u00e4ttar hush\u00e5llsarbetet.<\/p>\n<p>Beskrivning:<\/p>\n<ul>\n<li> Kl\u00e4dst\u00e4llningen \u00e4r utrustad med tre justerbara och utbyggbart st\u00e4nger f\u00f6r att erbjuda m\u00e5ngsidiga torkalternativ<\/li>\n<li> Tornkl\u00e4dst\u00e4llningen \u00e4r tillverkad av p\u00e5litliga rostfria st\u00e5lr\u00f6r, b\u00e4r s\u00e4kert upp till 30 kg<\/li>\n<li> Kan kompakt f\u00e4llas ihop f\u00f6r enkel f\u00f6rvaring i tr\u00e5nga utrymmen som h\u00f6rn<\/li>\n<li> Fyra 360\u00b0-styrhjul p\u00e5 kl\u00e4dst\u00e4llningen med tv\u00e5 l\u00e5sbromsar garanterar smidig, stabil r\u00f6rlighet<\/li>\n<li> Det eleganta silverdesignen p\u00e5 torkst\u00e4llningen kompletterar alla heminredningar och \u00e4r samtidigt h\u00f6gfungerande<\/li>\n<li> Montering kr\u00e4vs p\u00e5 mindre \u00e4n 20 minuter utan verktyg f\u00f6r snabb, problemfri anv\u00e4ndning<\/li>\n<\/ul>\n<p> Tekniska data:<\/p>\n<ul>\n<li> F\u00e4rg: Silver<\/li>\n<li> Material: Rostfritt st\u00e5l, plast<\/li>\n<li> Totala dimensioner: 104-150B x 103D x 145-197H cm<\/li>\n<li> F\u00e4llstorlek: 50B x 6D x 150H cm<\/li>\n<li> Plasthjulstorlek: \u00d85 cm<\/li>\n<li> Maximal belastning: 30 kg (totalt), 10 kg (per st\u00e5ng)<\/li>\n<\/ul>\n<p>Leveransinneh\u00e5ll:<\/p>\n<ul>\n<li> 1 x Kl\u00e4dst\u00e4llning<\/li>\n<li> 1 x Bruksanvisning<\/li>\n<\/ul>\n","protected":false},"excerpt":{"rendered":"<p>St\u00f6rd av instabila st\u00e4llningar och kl\u00e4der som sl\u00e4par p\u00e5 golvet? En tv\u00e4ttdag utan irritationen av ett kollapsande kl\u00e4dst\u00e4ll \u00e4r m\u00f6jlig&#8230;.<\/p>\n","protected":false},"featured_media":93406,"template":"","meta":[],"product_brand":[],"product_cat":[915,871,916],"product_tag":[],"class_list":{"0":"post-93415","1":"product","2":"type-product","3":"status-publish","4":"has-post-thumbnail","6":"product_cat-badrum","7":"product_cat-hus-hem","8":"product_cat-tvattstallningar","10":"first","11":"instock","12":"sale","13":"taxable","14":"shipping-taxable","15":"purchasable","16":"product-type-simple"},"yoast_head":"<!-- This site is optimized with the Yoast SEO plugin v25.4 - https:\/\/yoast.com\/wordpress\/plugins\/seo\/ -->\n<title>TRUUSK Hopf\u00e4llbar Torkst\u00e4llning i Rostfritt St\u00e5l - 3 Justerbara St\u00e4nger - P\u00e5 Hjul - F\u00f6r Inomhus och Utomhus - TRUUSK - Hem, Tr\u00e4dg\u00e5rd &amp; Fritid<\/title>\n<meta name=\"robots\" content=\"index, follow, max-snippet:-1, max-image-preview:large, max-video-preview:-1\" \/>\n<link rel=\"canonical\" href=\"https:\/\/truusk.store\/sv\/produkt\/truusk-hopfallbar-torkstallning-i-rostfritt-stal-3-justerbara-stanger-pa-hjul-for-inomhus-och-utomhus\/\" \/>\n<meta property=\"og:locale\" content=\"sv_SE\" \/>\n<meta property=\"og:type\" content=\"article\" \/>\n<meta property=\"og:title\" content=\"TRUUSK Hopf\u00e4llbar Torkst\u00e4llning i Rostfritt St\u00e5l - 3 Justerbara St\u00e4nger - P\u00e5 Hjul - F\u00f6r Inomhus och Utomhus - TRUUSK - Hem, Tr\u00e4dg\u00e5rd &amp; Fritid\" \/>\n<meta property=\"og:description\" content=\"St\u00f6rd av instabila st\u00e4llningar och kl\u00e4der som sl\u00e4par p\u00e5 golvet? En tv\u00e4ttdag utan irritationen av ett kollapsande kl\u00e4dst\u00e4ll \u00e4r m\u00f6jlig....\" \/>\n<meta property=\"og:url\" content=\"https:\/\/truusk.store\/sv\/produkt\/truusk-hopfallbar-torkstallning-i-rostfritt-stal-3-justerbara-stanger-pa-hjul-for-inomhus-och-utomhus\/\" \/>\n<meta property=\"og:site_name\" content=\"TRUUSK - Hem, Tr\u00e4dg\u00e5rd &amp; Fritid\" \/>\n<meta property=\"article:modified_time\" content=\"2026-03-12T07:48:22+00:00\" \/>\n<meta property=\"og:image\" content=\"https:\/\/i0.wp.com\/truusk.se\/wp-content\/uploads\/2025\/10\/torkstallning-hopfallbar-stallningstorkare-med-3-justerbara-stanger-rostfritt-stal-torn-torkstallning-pa-hjul-tvatt-torn-torktumlare-for-inomhus-och-utomhus-1.webp?fit=2000%2C2000&ssl=1\" \/>\n\t<meta property=\"og:image:width\" content=\"2000\" \/>\n\t<meta property=\"og:image:height\" content=\"2000\" \/>\n\t<meta property=\"og:image:type\" content=\"image\/webp\" \/>\n<meta name=\"twitter:card\" content=\"summary_large_image\" \/>\n<meta name=\"twitter:label1\" content=\"Ber\u00e4knad l\u00e4stid\" \/>\n\t<meta name=\"twitter:data1\" content=\"1 minut\" \/>\n<!-- \/ Yoast SEO plugin. -->","yoast_head_json":{"title":"TRUUSK Hopf\u00e4llbar Torkst\u00e4llning i Rostfritt St\u00e5l - 3 Justerbara St\u00e4nger - P\u00e5 Hjul - F\u00f6r Inomhus och Utomhus - TRUUSK - Hem, Tr\u00e4dg\u00e5rd &amp; Fritid","robots":{"index":"index","follow":"follow","max-snippet":"max-snippet:-1","max-image-preview":"max-image-preview:large","max-video-preview":"max-video-preview:-1"},"canonical":"https:\/\/truusk.store\/sv\/produkt\/truusk-hopfallbar-torkstallning-i-rostfritt-stal-3-justerbara-stanger-pa-hjul-for-inomhus-och-utomhus\/","og_locale":"sv_SE","og_type":"article","og_title":"TRUUSK Hopf\u00e4llbar Torkst\u00e4llning i Rostfritt St\u00e5l - 3 Justerbara St\u00e4nger - P\u00e5 Hjul - F\u00f6r Inomhus och Utomhus - TRUUSK - Hem, Tr\u00e4dg\u00e5rd &amp; Fritid","og_description":"St\u00f6rd av instabila st\u00e4llningar och kl\u00e4der som sl\u00e4par p\u00e5 golvet? En tv\u00e4ttdag utan irritationen av ett kollapsande kl\u00e4dst\u00e4ll \u00e4r m\u00f6jlig....","og_url":"https:\/\/truusk.store\/sv\/produkt\/truusk-hopfallbar-torkstallning-i-rostfritt-stal-3-justerbara-stanger-pa-hjul-for-inomhus-och-utomhus\/","og_site_name":"TRUUSK - Hem, Tr\u00e4dg\u00e5rd &amp; Fritid","article_modified_time":"2026-03-12T07:48:22+00:00","og_image":[{"width":2000,"height":2000,"url":"https:\/\/i0.wp.com\/truusk.se\/wp-content\/uploads\/2025\/10\/torkstallning-hopfallbar-stallningstorkare-med-3-justerbara-stanger-rostfritt-stal-torn-torkstallning-pa-hjul-tvatt-torn-torktumlare-for-inomhus-och-utomhus-1.webp?fit=2000%2C2000&ssl=1","type":"image\/webp"}],"twitter_card":"summary_large_image","twitter_misc":{"Ber\u00e4knad l\u00e4stid":"1 minut"},"schema":{"@context":"https:\/\/schema.org","@graph":[{"@type":"WebPage","@id":"https:\/\/truusk.store\/sv\/produkt\/truusk-hopfallbar-torkstallning-i-rostfritt-stal-3-justerbara-stanger-pa-hjul-for-inomhus-och-utomhus\/","url":"https:\/\/truusk.store\/sv\/produkt\/truusk-hopfallbar-torkstallning-i-rostfritt-stal-3-justerbara-stanger-pa-hjul-for-inomhus-och-utomhus\/","name":"TRUUSK Hopf\u00e4llbar Torkst\u00e4llning i Rostfritt St\u00e5l - 3 Justerbara St\u00e4nger - P\u00e5 Hjul - F\u00f6r Inomhus och Utomhus - TRUUSK - Hem, Tr\u00e4dg\u00e5rd &amp; Fritid","isPartOf":{"@id":"https:\/\/truusk.store\/sv\/#website"},"primaryImageOfPage":{"@id":"https:\/\/truusk.store\/sv\/produkt\/truusk-hopfallbar-torkstallning-i-rostfritt-stal-3-justerbara-stanger-pa-hjul-for-inomhus-och-utomhus\/#primaryimage"},"image":{"@id":"https:\/\/truusk.store\/sv\/produkt\/truusk-hopfallbar-torkstallning-i-rostfritt-stal-3-justerbara-stanger-pa-hjul-for-inomhus-och-utomhus\/#primaryimage"},"thumbnailUrl":"https:\/\/i0.wp.com\/truusk.store\/wp-content\/uploads\/2025\/10\/torkstallning-hopfallbar-stallningstorkare-med-3-justerbara-stanger-rostfritt-stal-torn-torkstallning-pa-hjul-tvatt-torn-torktumlare-for-inomhus-och-utomhus-1.webp?fit=2000%2C2000&ssl=1","datePublished":"2025-10-13T11:41:36+00:00","dateModified":"2026-03-12T07:48:22+00:00","breadcrumb":{"@id":"https:\/\/truusk.store\/sv\/produkt\/truusk-hopfallbar-torkstallning-i-rostfritt-stal-3-justerbara-stanger-pa-hjul-for-inomhus-och-utomhus\/#breadcrumb"},"inLanguage":"sv-SE","potentialAction":[{"@type":"ReadAction","target":["https:\/\/truusk.store\/sv\/produkt\/truusk-hopfallbar-torkstallning-i-rostfritt-stal-3-justerbara-stanger-pa-hjul-for-inomhus-och-utomhus\/"]}]},{"@type":"ImageObject","inLanguage":"sv-SE","@id":"https:\/\/truusk.store\/sv\/produkt\/truusk-hopfallbar-torkstallning-i-rostfritt-stal-3-justerbara-stanger-pa-hjul-for-inomhus-och-utomhus\/#primaryimage","url":"https:\/\/i0.wp.com\/truusk.store\/wp-content\/uploads\/2025\/10\/torkstallning-hopfallbar-stallningstorkare-med-3-justerbara-stanger-rostfritt-stal-torn-torkstallning-pa-hjul-tvatt-torn-torktumlare-for-inomhus-och-utomhus-1.webp?fit=2000%2C2000&ssl=1","contentUrl":"https:\/\/i0.wp.com\/truusk.store\/wp-content\/uploads\/2025\/10\/torkstallning-hopfallbar-stallningstorkare-med-3-justerbara-stanger-rostfritt-stal-torn-torkstallning-pa-hjul-tvatt-torn-torktumlare-for-inomhus-och-utomhus-1.webp?fit=2000%2C2000&ssl=1","width":2000,"height":2000},{"@type":"BreadcrumbList","@id":"https:\/\/truusk.store\/sv\/produkt\/truusk-hopfallbar-torkstallning-i-rostfritt-stal-3-justerbara-stanger-pa-hjul-for-inomhus-och-utomhus\/#breadcrumb","itemListElement":[{"@type":"ListItem","position":1,"name":"Home","item":"https:\/\/truusk.store\/sv\/"},{"@type":"ListItem","position":2,"name":"Shop","item":"https:\/\/truusk.store\/shop\/"},{"@type":"ListItem","position":3,"name":"TRUUSK Hopf\u00e4llbar Torkst\u00e4llning i Rostfritt St\u00e5l &#8211; 3 Justerbara St\u00e4nger &#8211; P\u00e5 Hjul &#8211; F\u00f6r Inomhus och Utomhus"}]},{"@type":"WebSite","@id":"https:\/\/truusk.store\/sv\/#website","url":"https:\/\/truusk.store\/sv\/","name":"TRUUSK - Hem, Tr\u00e4dg\u00e5rd & Fritid","description":"","publisher":{"@id":"https:\/\/truusk.store\/sv\/#organization"},"potentialAction":[{"@type":"SearchAction","target":{"@type":"EntryPoint","urlTemplate":"https:\/\/truusk.store\/sv\/?s={search_term_string}"},"query-input":{"@type":"PropertyValueSpecification","valueRequired":true,"valueName":"search_term_string"}}],"inLanguage":"sv-SE"},{"@type":"Organization","@id":"https:\/\/truusk.store\/sv\/#organization","name":"TRUUSK - Hem, Tr\u00e4dg\u00e5rd & Fritid","url":"https:\/\/truusk.store\/sv\/","logo":{"@type":"ImageObject","inLanguage":"sv-SE","@id":"https:\/\/truusk.store\/sv\/#\/schema\/logo\/image\/","url":"https:\/\/i0.wp.com\/truusk.store\/wp-content\/uploads\/2026\/03\/cropped-TRUUSK.png?fit=2032%2C917&ssl=1","contentUrl":"https:\/\/i0.wp.com\/truusk.store\/wp-content\/uploads\/2026\/03\/cropped-TRUUSK.png?fit=2032%2C917&ssl=1","width":2032,"height":917,"caption":"TRUUSK - Hem, Tr\u00e4dg\u00e5rd & Fritid"},"image":{"@id":"https:\/\/truusk.store\/sv\/#\/schema\/logo\/image\/"}}]}},"jetpack_sharing_enabled":true,"_links":{"self":[{"href":"https:\/\/truusk.store\/sv\/wp-json\/wp\/v2\/product\/93415","targetHints":{"allow":["GET"]}}],"collection":[{"href":"https:\/\/truusk.store\/sv\/wp-json\/wp\/v2\/product"}],"about":[{"href":"https:\/\/truusk.store\/sv\/wp-json\/wp\/v2\/types\/product"}],"wp:featuredmedia":[{"embeddable":true,"href":"https:\/\/truusk.store\/sv\/wp-json\/wp\/v2\/media\/93406"}],"wp:attachment":[{"href":"https:\/\/truusk.store\/sv\/wp-json\/wp\/v2\/media?parent=93415"}],"wp:term":[{"taxonomy":"product_brand","embeddable":true,"href":"https:\/\/truusk.store\/sv\/wp-json\/wp\/v2\/product_brand?post=93415"},{"taxonomy":"product_cat","embeddable":true,"href":"https:\/\/truusk.store\/sv\/wp-json\/wp\/v2\/product_cat?post=93415"},{"taxonomy":"product_tag","embeddable":true,"href":"https:\/\/truusk.store\/sv\/wp-json\/wp\/v2\/product_tag?post=93415"}],"curies":[{"name":"wp","href":"https:\/\/api.w.org\/{rel}","templated":true}]}}