{"id":93456,"date":"2025-10-16T04:11:42","date_gmt":"2025-10-16T03:11:42","guid":{"rendered":"https:\/\/truusk.store\/product\/konstgjord-julgran-150-cm-med-glasfiber-konstgjord-gran-med-led-belysning-180-toppar-juldekoration-inklusive-metallstall-for-inomhusbruk\/"},"modified":"2026-03-12T09:03:41","modified_gmt":"2026-03-12T08:03:41","slug":"truusk-konstgjord-julgran-150-cm-glasfiber-led-belysning-180-toppar-juldekoration-metallstall-inomhusbruk","status":"publish","type":"product","link":"https:\/\/truusk.store\/sv\/produkt\/truusk-konstgjord-julgran-150-cm-glasfiber-led-belysning-180-toppar-juldekoration-metallstall-inomhusbruk\/","title":{"rendered":"TRUUSK Konstgjord Julgran 150 cm &#8211; Glasfiber &#8211; LED-belysning &#8211; 180 toppar &#8211; Juldekoration &#8211; Metallst\u00e4ll &#8211; Inomhusbruk"},"content":{"rendered":"<p>L\u00e5t dig f\u00f6rtrollas av den festliga utstr\u00e5lningen fr\u00e5n denna 1,5 m h\u00f6ga julgran fr\u00e5n TRUUSK! Den \u00e4r utrustad med ljusdekorationer av glasfiber som lyser i r\u00f6tt, gr\u00f6nt och bl\u00e5tt. Olika f\u00f6rinst\u00e4llda m\u00f6nster skapar precis den st\u00e4mning du \u00f6nskar. Dessutom f\u00f6rblir tr\u00e4det vackert fylligt och gr\u00f6nt hela \u00e5ret runt. Den \u00e4r utrustad med en metallst\u00e4llning och en metallram som h\u00e5ller tr\u00e4det stabilt och uppr\u00e4tt.<\/p>\n<p>Beskrivning:<\/p>\n<ul>\n<li> Fyllig, konstgjord julgran<\/li>\n<li> Flerf\u00e4rgade glasfibrer, som \u00e4r direkt infogade i tr\u00e4det, ger festlig belysning<\/li>\n<li> Stabila, fylliga grenar \u00e4r idealiska f\u00f6r att h\u00e4nga upp julgransdekorationer<\/li>\n<li> En robust bas ger stabilitet<\/li>\n<li> PVC-grenar kan motst\u00e5 eld och garanterar h\u00f6gsta s\u00e4kerhet<\/li>\n<li> OBS: Endast f\u00f6r inomhusbruk, inte f\u00f6r utomhusbruk<\/li>\n<li>F\u00f6r att f\u00e5 ett fylligt utseende, f\u00f6rdela grenarna j\u00e4mnt under monteringen. Vi rekommenderar att du tar 20 &#8211; 30 minuter f\u00f6r monteringen.<\/li>\n<\/ul>\n<p>Tekniska data:<\/p>\n<ul>\n<li>Material: Metall, PVC<\/li>\n<li>F\u00e4rg: Gr\u00f6n<\/li>\n<li>Totala m\u00e5tt: \u00d875 x H150 cm<\/li>\n<li>Antal toppar: 180<\/li>\n<li>Kabell\u00e4ngd: 1,8 m<\/li>\n<li>Effekt: 3,6 W<\/li>\n<\/ul>\n<p>Leveransinneh\u00e5ll:<\/p>\n<ul>\n<li> 1 x julgran inkl. metallst\u00e4llning och Europlug<\/li>\n<li> 1 x transformator (220-240V, 50Hz)<\/li>\n<\/ul>\n","protected":false},"excerpt":{"rendered":"<p>L\u00e5t dig f\u00f6rtrollas av den festliga utstr\u00e5lningen fr\u00e5n denna 1,5 m h\u00f6ga julgran fr\u00e5n TRUUSK! Den \u00e4r utrustad med ljusdekorationer&#8230;<\/p>\n","protected":false},"featured_media":93447,"template":"","meta":[],"product_brand":[],"product_cat":[706,708,894],"product_tag":[],"class_list":{"0":"post-93456","1":"product","2":"type-product","3":"status-publish","4":"has-post-thumbnail","6":"product_cat-julgranar","7":"product_cat-julgranar-150cm","8":"product_cat-julvarld","10":"first","11":"instock","12":"sale","13":"taxable","14":"shipping-taxable","15":"purchasable","16":"product-type-simple"},"yoast_head":"<!-- This site is optimized with the Yoast SEO plugin v25.4 - https:\/\/yoast.com\/wordpress\/plugins\/seo\/ -->\n<title>TRUUSK Konstgjord Julgran 150 cm - Glasfiber - LED-belysning - 180 toppar - Juldekoration - Metallst\u00e4ll - Inomhusbruk - TRUUSK - Hem, Tr\u00e4dg\u00e5rd &amp; Fritid<\/title>\n<meta name=\"robots\" content=\"index, follow, max-snippet:-1, max-image-preview:large, max-video-preview:-1\" \/>\n<link rel=\"canonical\" href=\"https:\/\/truusk.store\/sv\/produkt\/truusk-konstgjord-julgran-150-cm-glasfiber-led-belysning-180-toppar-juldekoration-metallstall-inomhusbruk\/\" \/>\n<meta property=\"og:locale\" content=\"sv_SE\" \/>\n<meta property=\"og:type\" content=\"article\" \/>\n<meta property=\"og:title\" content=\"TRUUSK Konstgjord Julgran 150 cm - Glasfiber - LED-belysning - 180 toppar - Juldekoration - Metallst\u00e4ll - Inomhusbruk - TRUUSK - Hem, Tr\u00e4dg\u00e5rd &amp; Fritid\" \/>\n<meta property=\"og:description\" content=\"L\u00e5t dig f\u00f6rtrollas av den festliga utstr\u00e5lningen fr\u00e5n denna 1,5 m h\u00f6ga julgran fr\u00e5n TRUUSK! Den \u00e4r utrustad med ljusdekorationer...\" \/>\n<meta property=\"og:url\" content=\"https:\/\/truusk.store\/sv\/produkt\/truusk-konstgjord-julgran-150-cm-glasfiber-led-belysning-180-toppar-juldekoration-metallstall-inomhusbruk\/\" \/>\n<meta property=\"og:site_name\" content=\"TRUUSK - Hem, Tr\u00e4dg\u00e5rd &amp; Fritid\" \/>\n<meta property=\"article:modified_time\" content=\"2026-03-12T08:03:41+00:00\" \/>\n<meta property=\"og:image\" content=\"https:\/\/i0.wp.com\/truusk.se\/wp-content\/uploads\/2025\/10\/konstgjord-julgran-150-cm-med-glasfiber-konstgjord-gran-med-led-belysning-180-toppar-juldekoration-inklusive-metallstall-for-inomhusbruk-1.webp?fit=2000%2C2000&ssl=1\" \/>\n\t<meta property=\"og:image:width\" content=\"2000\" \/>\n\t<meta property=\"og:image:height\" content=\"2000\" \/>\n\t<meta property=\"og:image:type\" content=\"image\/webp\" \/>\n<meta name=\"twitter:card\" content=\"summary_large_image\" \/>\n<meta name=\"twitter:label1\" content=\"Ber\u00e4knad l\u00e4stid\" \/>\n\t<meta name=\"twitter:data1\" content=\"1 minut\" \/>\n<!-- \/ Yoast SEO plugin. -->","yoast_head_json":{"title":"TRUUSK Konstgjord Julgran 150 cm - Glasfiber - LED-belysning - 180 toppar - Juldekoration - Metallst\u00e4ll - Inomhusbruk - TRUUSK - Hem, Tr\u00e4dg\u00e5rd &amp; Fritid","robots":{"index":"index","follow":"follow","max-snippet":"max-snippet:-1","max-image-preview":"max-image-preview:large","max-video-preview":"max-video-preview:-1"},"canonical":"https:\/\/truusk.store\/sv\/produkt\/truusk-konstgjord-julgran-150-cm-glasfiber-led-belysning-180-toppar-juldekoration-metallstall-inomhusbruk\/","og_locale":"sv_SE","og_type":"article","og_title":"TRUUSK Konstgjord Julgran 150 cm - Glasfiber - LED-belysning - 180 toppar - Juldekoration - Metallst\u00e4ll - Inomhusbruk - TRUUSK - Hem, Tr\u00e4dg\u00e5rd &amp; Fritid","og_description":"L\u00e5t dig f\u00f6rtrollas av den festliga utstr\u00e5lningen fr\u00e5n denna 1,5 m h\u00f6ga julgran fr\u00e5n TRUUSK! Den \u00e4r utrustad med ljusdekorationer...","og_url":"https:\/\/truusk.store\/sv\/produkt\/truusk-konstgjord-julgran-150-cm-glasfiber-led-belysning-180-toppar-juldekoration-metallstall-inomhusbruk\/","og_site_name":"TRUUSK - Hem, Tr\u00e4dg\u00e5rd &amp; Fritid","article_modified_time":"2026-03-12T08:03:41+00:00","og_image":[{"width":2000,"height":2000,"url":"https:\/\/i0.wp.com\/truusk.se\/wp-content\/uploads\/2025\/10\/konstgjord-julgran-150-cm-med-glasfiber-konstgjord-gran-med-led-belysning-180-toppar-juldekoration-inklusive-metallstall-for-inomhusbruk-1.webp?fit=2000%2C2000&ssl=1","type":"image\/webp"}],"twitter_card":"summary_large_image","twitter_misc":{"Ber\u00e4knad l\u00e4stid":"1 minut"},"schema":{"@context":"https:\/\/schema.org","@graph":[{"@type":"WebPage","@id":"https:\/\/truusk.store\/sv\/produkt\/truusk-konstgjord-julgran-150-cm-glasfiber-led-belysning-180-toppar-juldekoration-metallstall-inomhusbruk\/","url":"https:\/\/truusk.store\/sv\/produkt\/truusk-konstgjord-julgran-150-cm-glasfiber-led-belysning-180-toppar-juldekoration-metallstall-inomhusbruk\/","name":"TRUUSK Konstgjord Julgran 150 cm - Glasfiber - LED-belysning - 180 toppar - Juldekoration - Metallst\u00e4ll - Inomhusbruk - TRUUSK - Hem, Tr\u00e4dg\u00e5rd &amp; Fritid","isPartOf":{"@id":"https:\/\/truusk.store\/sv\/#website"},"primaryImageOfPage":{"@id":"https:\/\/truusk.store\/sv\/produkt\/truusk-konstgjord-julgran-150-cm-glasfiber-led-belysning-180-toppar-juldekoration-metallstall-inomhusbruk\/#primaryimage"},"image":{"@id":"https:\/\/truusk.store\/sv\/produkt\/truusk-konstgjord-julgran-150-cm-glasfiber-led-belysning-180-toppar-juldekoration-metallstall-inomhusbruk\/#primaryimage"},"thumbnailUrl":"https:\/\/i0.wp.com\/truusk.store\/wp-content\/uploads\/2025\/10\/konstgjord-julgran-150-cm-med-glasfiber-konstgjord-gran-med-led-belysning-180-toppar-juldekoration-inklusive-metallstall-for-inomhusbruk-1.webp?fit=2000%2C2000&ssl=1","datePublished":"2025-10-16T03:11:42+00:00","dateModified":"2026-03-12T08:03:41+00:00","breadcrumb":{"@id":"https:\/\/truusk.store\/sv\/produkt\/truusk-konstgjord-julgran-150-cm-glasfiber-led-belysning-180-toppar-juldekoration-metallstall-inomhusbruk\/#breadcrumb"},"inLanguage":"sv-SE","potentialAction":[{"@type":"ReadAction","target":["https:\/\/truusk.store\/sv\/produkt\/truusk-konstgjord-julgran-150-cm-glasfiber-led-belysning-180-toppar-juldekoration-metallstall-inomhusbruk\/"]}]},{"@type":"ImageObject","inLanguage":"sv-SE","@id":"https:\/\/truusk.store\/sv\/produkt\/truusk-konstgjord-julgran-150-cm-glasfiber-led-belysning-180-toppar-juldekoration-metallstall-inomhusbruk\/#primaryimage","url":"https:\/\/i0.wp.com\/truusk.store\/wp-content\/uploads\/2025\/10\/konstgjord-julgran-150-cm-med-glasfiber-konstgjord-gran-med-led-belysning-180-toppar-juldekoration-inklusive-metallstall-for-inomhusbruk-1.webp?fit=2000%2C2000&ssl=1","contentUrl":"https:\/\/i0.wp.com\/truusk.store\/wp-content\/uploads\/2025\/10\/konstgjord-julgran-150-cm-med-glasfiber-konstgjord-gran-med-led-belysning-180-toppar-juldekoration-inklusive-metallstall-for-inomhusbruk-1.webp?fit=2000%2C2000&ssl=1","width":2000,"height":2000},{"@type":"BreadcrumbList","@id":"https:\/\/truusk.store\/sv\/produkt\/truusk-konstgjord-julgran-150-cm-glasfiber-led-belysning-180-toppar-juldekoration-metallstall-inomhusbruk\/#breadcrumb","itemListElement":[{"@type":"ListItem","position":1,"name":"Home","item":"https:\/\/truusk.store\/sv\/"},{"@type":"ListItem","position":2,"name":"Shop","item":"https:\/\/truusk.store\/shop\/"},{"@type":"ListItem","position":3,"name":"TRUUSK Konstgjord Julgran 150 cm &#8211; Glasfiber &#8211; LED-belysning &#8211; 180 toppar &#8211; Juldekoration &#8211; Metallst\u00e4ll &#8211; Inomhusbruk"}]},{"@type":"WebSite","@id":"https:\/\/truusk.store\/sv\/#website","url":"https:\/\/truusk.store\/sv\/","name":"TRUUSK - Hem, Tr\u00e4dg\u00e5rd & Fritid","description":"","publisher":{"@id":"https:\/\/truusk.store\/sv\/#organization"},"potentialAction":[{"@type":"SearchAction","target":{"@type":"EntryPoint","urlTemplate":"https:\/\/truusk.store\/sv\/?s={search_term_string}"},"query-input":{"@type":"PropertyValueSpecification","valueRequired":true,"valueName":"search_term_string"}}],"inLanguage":"sv-SE"},{"@type":"Organization","@id":"https:\/\/truusk.store\/sv\/#organization","name":"TRUUSK - Hem, Tr\u00e4dg\u00e5rd & Fritid","url":"https:\/\/truusk.store\/sv\/","logo":{"@type":"ImageObject","inLanguage":"sv-SE","@id":"https:\/\/truusk.store\/sv\/#\/schema\/logo\/image\/","url":"https:\/\/i0.wp.com\/truusk.store\/wp-content\/uploads\/2026\/03\/cropped-TRUUSK.png?fit=2032%2C917&ssl=1","contentUrl":"https:\/\/i0.wp.com\/truusk.store\/wp-content\/uploads\/2026\/03\/cropped-TRUUSK.png?fit=2032%2C917&ssl=1","width":2032,"height":917,"caption":"TRUUSK - Hem, Tr\u00e4dg\u00e5rd & Fritid"},"image":{"@id":"https:\/\/truusk.store\/sv\/#\/schema\/logo\/image\/"}}]}},"jetpack_sharing_enabled":true,"_links":{"self":[{"href":"https:\/\/truusk.store\/sv\/wp-json\/wp\/v2\/product\/93456","targetHints":{"allow":["GET"]}}],"collection":[{"href":"https:\/\/truusk.store\/sv\/wp-json\/wp\/v2\/product"}],"about":[{"href":"https:\/\/truusk.store\/sv\/wp-json\/wp\/v2\/types\/product"}],"wp:featuredmedia":[{"embeddable":true,"href":"https:\/\/truusk.store\/sv\/wp-json\/wp\/v2\/media\/93447"}],"wp:attachment":[{"href":"https:\/\/truusk.store\/sv\/wp-json\/wp\/v2\/media?parent=93456"}],"wp:term":[{"taxonomy":"product_brand","embeddable":true,"href":"https:\/\/truusk.store\/sv\/wp-json\/wp\/v2\/product_brand?post=93456"},{"taxonomy":"product_cat","embeddable":true,"href":"https:\/\/truusk.store\/sv\/wp-json\/wp\/v2\/product_cat?post=93456"},{"taxonomy":"product_tag","embeddable":true,"href":"https:\/\/truusk.store\/sv\/wp-json\/wp\/v2\/product_tag?post=93456"}],"curies":[{"name":"wp","href":"https:\/\/api.w.org\/{rel}","templated":true}]}}