{"id":93506,"date":"2025-10-16T11:55:24","date_gmt":"2025-10-16T10:55:24","guid":{"rendered":"https:\/\/truusk.store\/product\/konstgjord-julgran-180-cm-konstgjord-gran-med-390-toppar-julgran-juldekoration-for-inomhus\/"},"modified":"2026-03-12T08:57:37","modified_gmt":"2026-03-12T07:57:37","slug":"truusk-konstgjord-julgran-180-cm-390-toppar-juldekoration-for-inomhus","status":"publish","type":"product","link":"https:\/\/truusk.store\/sv\/produkt\/truusk-konstgjord-julgran-180-cm-390-toppar-juldekoration-for-inomhus\/","title":{"rendered":"TRUUSK Konstgjord Julgran 180 cm &#8211; 390 toppar &#8211; Juldekoration f\u00f6r inomhus"},"content":{"rendered":"<p>Denna vackra julgran fr\u00e5n TRUUSK \u00e4r ett utm\u00e4rkt alternativ till traditionella tr\u00e4d, eftersom den kan s\u00e4ttas upp enkelt och kr\u00e4ver knappast n\u00e5gon sk\u00f6tsel. Denna h\u00f6ga gran best\u00e5r av fylliga och realistiska plastgrenar och -barr. S\u00e4rskilt stor och st\u00e4ndigt gr\u00f6n, kommer denna julgran att f\u00f6rtrolla dig och din familj under julhelgen och skapa en sagolik, festlig st\u00e4mning.<\/p>\n<p>Beskrivning:<\/p>\n<ul>\n<li> 1,8 m h\u00f6g, konstgjord julgran<\/li>\n<li> Realistiska plastgrenar ger tr\u00e4det ett fylligt och frodigt utseende<\/li>\n<li> 390 tr\u00e4dtoppar ger gott om utrymme f\u00f6r julgransdekorationer<\/li>\n<li> St\u00e4llet \u00e4r avtagbart och f\u00e4llbart f\u00f6r enkel f\u00f6rvaring<\/li>\n<li> Robust och h\u00e5llbar bas ger s\u00e4kerhet och stabilitet<\/li>\n<li> Obs: F\u00f6r att f\u00e5 ett fylligt, frodigt utseende, v\u00e4nligen sprid ut alla grenar<\/li>\n<li>leveransen inkluderar endast tr\u00e4det med stativ. Tr\u00e4dsmycken \u00e4r INTE INKLUDERADE och visas endast som exempel p\u00e5 produktfoton av tr\u00e4det<\/li>\n<\/ul>\n<p> Tekniska data:<\/p>\n<ul>\n<li> Material: Plast<\/li>\n<li> F\u00e4rg: Vit<\/li>\n<li> Totala m\u00e5tt: \u00d855 x H180 cm<\/li>\n<li> Antal toppar: 390<\/li>\n<li> Grenm\u00e5tt: 33L x 6B cm<\/li>\n<\/ul>\n<p>Leveransinneh\u00e5ll:<\/p>\n<ul>\n<li> 1 x Julgran<\/li>\n<li> 1 x Stativ<\/li>\n<li> 1 x Instruktioner<\/li>\n<\/ul>\n","protected":false},"excerpt":{"rendered":"<p>Denna vackra julgran fr\u00e5n TRUUSK \u00e4r ett utm\u00e4rkt alternativ till traditionella tr\u00e4d, eftersom den kan s\u00e4ttas upp enkelt och kr\u00e4ver&#8230;<\/p>\n","protected":false},"featured_media":93497,"template":"","meta":[],"product_brand":[],"product_cat":[706,709,894],"product_tag":[],"class_list":{"0":"post-93506","1":"product","2":"type-product","3":"status-publish","4":"has-post-thumbnail","6":"product_cat-julgranar","7":"product_cat-julgranar-over-180cm","8":"product_cat-julvarld","10":"first","11":"instock","12":"sale","13":"taxable","14":"shipping-taxable","15":"purchasable","16":"product-type-simple"},"yoast_head":"<!-- This site is optimized with the Yoast SEO plugin v25.4 - https:\/\/yoast.com\/wordpress\/plugins\/seo\/ -->\n<title>TRUUSK Konstgjord Julgran 180 cm - 390 toppar - Juldekoration f\u00f6r inomhus - TRUUSK - Hem, Tr\u00e4dg\u00e5rd &amp; Fritid<\/title>\n<meta name=\"robots\" content=\"index, follow, max-snippet:-1, max-image-preview:large, max-video-preview:-1\" \/>\n<link rel=\"canonical\" href=\"https:\/\/truusk.store\/sv\/produkt\/truusk-konstgjord-julgran-180-cm-390-toppar-juldekoration-for-inomhus\/\" \/>\n<meta property=\"og:locale\" content=\"sv_SE\" \/>\n<meta property=\"og:type\" content=\"article\" \/>\n<meta property=\"og:title\" content=\"TRUUSK Konstgjord Julgran 180 cm - 390 toppar - Juldekoration f\u00f6r inomhus - TRUUSK - Hem, Tr\u00e4dg\u00e5rd &amp; Fritid\" \/>\n<meta property=\"og:description\" content=\"Denna vackra julgran fr\u00e5n TRUUSK \u00e4r ett utm\u00e4rkt alternativ till traditionella tr\u00e4d, eftersom den kan s\u00e4ttas upp enkelt och kr\u00e4ver...\" \/>\n<meta property=\"og:url\" content=\"https:\/\/truusk.store\/sv\/produkt\/truusk-konstgjord-julgran-180-cm-390-toppar-juldekoration-for-inomhus\/\" \/>\n<meta property=\"og:site_name\" content=\"TRUUSK - Hem, Tr\u00e4dg\u00e5rd &amp; Fritid\" \/>\n<meta property=\"article:modified_time\" content=\"2026-03-12T07:57:37+00:00\" \/>\n<meta property=\"og:image\" content=\"https:\/\/i0.wp.com\/truusk.se\/wp-content\/uploads\/2025\/10\/konstgjord-julgran-180-cm-konstgjord-gran-med-390-toppar-julgran-juldekoration-for-inomhus-1.webp?fit=2000%2C2000&ssl=1\" \/>\n\t<meta property=\"og:image:width\" content=\"2000\" \/>\n\t<meta property=\"og:image:height\" content=\"2000\" \/>\n\t<meta property=\"og:image:type\" content=\"image\/webp\" \/>\n<meta name=\"twitter:card\" content=\"summary_large_image\" \/>\n<meta name=\"twitter:label1\" content=\"Ber\u00e4knad l\u00e4stid\" \/>\n\t<meta name=\"twitter:data1\" content=\"1 minut\" \/>\n<!-- \/ Yoast SEO plugin. -->","yoast_head_json":{"title":"TRUUSK Konstgjord Julgran 180 cm - 390 toppar - Juldekoration f\u00f6r inomhus - TRUUSK - Hem, Tr\u00e4dg\u00e5rd &amp; Fritid","robots":{"index":"index","follow":"follow","max-snippet":"max-snippet:-1","max-image-preview":"max-image-preview:large","max-video-preview":"max-video-preview:-1"},"canonical":"https:\/\/truusk.store\/sv\/produkt\/truusk-konstgjord-julgran-180-cm-390-toppar-juldekoration-for-inomhus\/","og_locale":"sv_SE","og_type":"article","og_title":"TRUUSK Konstgjord Julgran 180 cm - 390 toppar - Juldekoration f\u00f6r inomhus - TRUUSK - Hem, Tr\u00e4dg\u00e5rd &amp; Fritid","og_description":"Denna vackra julgran fr\u00e5n TRUUSK \u00e4r ett utm\u00e4rkt alternativ till traditionella tr\u00e4d, eftersom den kan s\u00e4ttas upp enkelt och kr\u00e4ver...","og_url":"https:\/\/truusk.store\/sv\/produkt\/truusk-konstgjord-julgran-180-cm-390-toppar-juldekoration-for-inomhus\/","og_site_name":"TRUUSK - Hem, Tr\u00e4dg\u00e5rd &amp; Fritid","article_modified_time":"2026-03-12T07:57:37+00:00","og_image":[{"width":2000,"height":2000,"url":"https:\/\/i0.wp.com\/truusk.se\/wp-content\/uploads\/2025\/10\/konstgjord-julgran-180-cm-konstgjord-gran-med-390-toppar-julgran-juldekoration-for-inomhus-1.webp?fit=2000%2C2000&ssl=1","type":"image\/webp"}],"twitter_card":"summary_large_image","twitter_misc":{"Ber\u00e4knad l\u00e4stid":"1 minut"},"schema":{"@context":"https:\/\/schema.org","@graph":[{"@type":"WebPage","@id":"https:\/\/truusk.store\/sv\/produkt\/truusk-konstgjord-julgran-180-cm-390-toppar-juldekoration-for-inomhus\/","url":"https:\/\/truusk.store\/sv\/produkt\/truusk-konstgjord-julgran-180-cm-390-toppar-juldekoration-for-inomhus\/","name":"TRUUSK Konstgjord Julgran 180 cm - 390 toppar - Juldekoration f\u00f6r inomhus - TRUUSK - Hem, Tr\u00e4dg\u00e5rd &amp; Fritid","isPartOf":{"@id":"https:\/\/truusk.store\/sv\/#website"},"primaryImageOfPage":{"@id":"https:\/\/truusk.store\/sv\/produkt\/truusk-konstgjord-julgran-180-cm-390-toppar-juldekoration-for-inomhus\/#primaryimage"},"image":{"@id":"https:\/\/truusk.store\/sv\/produkt\/truusk-konstgjord-julgran-180-cm-390-toppar-juldekoration-for-inomhus\/#primaryimage"},"thumbnailUrl":"https:\/\/i0.wp.com\/truusk.store\/wp-content\/uploads\/2025\/10\/konstgjord-julgran-180-cm-konstgjord-gran-med-390-toppar-julgran-juldekoration-for-inomhus-1.webp?fit=2000%2C2000&ssl=1","datePublished":"2025-10-16T10:55:24+00:00","dateModified":"2026-03-12T07:57:37+00:00","breadcrumb":{"@id":"https:\/\/truusk.store\/sv\/produkt\/truusk-konstgjord-julgran-180-cm-390-toppar-juldekoration-for-inomhus\/#breadcrumb"},"inLanguage":"sv-SE","potentialAction":[{"@type":"ReadAction","target":["https:\/\/truusk.store\/sv\/produkt\/truusk-konstgjord-julgran-180-cm-390-toppar-juldekoration-for-inomhus\/"]}]},{"@type":"ImageObject","inLanguage":"sv-SE","@id":"https:\/\/truusk.store\/sv\/produkt\/truusk-konstgjord-julgran-180-cm-390-toppar-juldekoration-for-inomhus\/#primaryimage","url":"https:\/\/i0.wp.com\/truusk.store\/wp-content\/uploads\/2025\/10\/konstgjord-julgran-180-cm-konstgjord-gran-med-390-toppar-julgran-juldekoration-for-inomhus-1.webp?fit=2000%2C2000&ssl=1","contentUrl":"https:\/\/i0.wp.com\/truusk.store\/wp-content\/uploads\/2025\/10\/konstgjord-julgran-180-cm-konstgjord-gran-med-390-toppar-julgran-juldekoration-for-inomhus-1.webp?fit=2000%2C2000&ssl=1","width":2000,"height":2000},{"@type":"BreadcrumbList","@id":"https:\/\/truusk.store\/sv\/produkt\/truusk-konstgjord-julgran-180-cm-390-toppar-juldekoration-for-inomhus\/#breadcrumb","itemListElement":[{"@type":"ListItem","position":1,"name":"Home","item":"https:\/\/truusk.store\/sv\/"},{"@type":"ListItem","position":2,"name":"Shop","item":"https:\/\/truusk.store\/shop\/"},{"@type":"ListItem","position":3,"name":"TRUUSK Konstgjord Julgran 180 cm &#8211; 390 toppar &#8211; Juldekoration f\u00f6r inomhus"}]},{"@type":"WebSite","@id":"https:\/\/truusk.store\/sv\/#website","url":"https:\/\/truusk.store\/sv\/","name":"TRUUSK - Hem, Tr\u00e4dg\u00e5rd & Fritid","description":"","publisher":{"@id":"https:\/\/truusk.store\/sv\/#organization"},"potentialAction":[{"@type":"SearchAction","target":{"@type":"EntryPoint","urlTemplate":"https:\/\/truusk.store\/sv\/?s={search_term_string}"},"query-input":{"@type":"PropertyValueSpecification","valueRequired":true,"valueName":"search_term_string"}}],"inLanguage":"sv-SE"},{"@type":"Organization","@id":"https:\/\/truusk.store\/sv\/#organization","name":"TRUUSK - Hem, Tr\u00e4dg\u00e5rd & Fritid","url":"https:\/\/truusk.store\/sv\/","logo":{"@type":"ImageObject","inLanguage":"sv-SE","@id":"https:\/\/truusk.store\/sv\/#\/schema\/logo\/image\/","url":"https:\/\/i0.wp.com\/truusk.store\/wp-content\/uploads\/2026\/03\/cropped-TRUUSK.png?fit=2032%2C917&ssl=1","contentUrl":"https:\/\/i0.wp.com\/truusk.store\/wp-content\/uploads\/2026\/03\/cropped-TRUUSK.png?fit=2032%2C917&ssl=1","width":2032,"height":917,"caption":"TRUUSK - Hem, Tr\u00e4dg\u00e5rd & Fritid"},"image":{"@id":"https:\/\/truusk.store\/sv\/#\/schema\/logo\/image\/"}}]}},"jetpack_sharing_enabled":true,"_links":{"self":[{"href":"https:\/\/truusk.store\/sv\/wp-json\/wp\/v2\/product\/93506","targetHints":{"allow":["GET"]}}],"collection":[{"href":"https:\/\/truusk.store\/sv\/wp-json\/wp\/v2\/product"}],"about":[{"href":"https:\/\/truusk.store\/sv\/wp-json\/wp\/v2\/types\/product"}],"wp:featuredmedia":[{"embeddable":true,"href":"https:\/\/truusk.store\/sv\/wp-json\/wp\/v2\/media\/93497"}],"wp:attachment":[{"href":"https:\/\/truusk.store\/sv\/wp-json\/wp\/v2\/media?parent=93506"}],"wp:term":[{"taxonomy":"product_brand","embeddable":true,"href":"https:\/\/truusk.store\/sv\/wp-json\/wp\/v2\/product_brand?post=93506"},{"taxonomy":"product_cat","embeddable":true,"href":"https:\/\/truusk.store\/sv\/wp-json\/wp\/v2\/product_cat?post=93506"},{"taxonomy":"product_tag","embeddable":true,"href":"https:\/\/truusk.store\/sv\/wp-json\/wp\/v2\/product_tag?post=93506"}],"curies":[{"name":"wp","href":"https:\/\/api.w.org\/{rel}","templated":true}]}}