{"id":93526,"date":"2025-10-16T11:57:07","date_gmt":"2025-10-16T10:57:07","guid":{"rendered":"https:\/\/truusk.store\/product\/barnkeyboard-med-37-tangenter-pianopall-med-mikrofon-led-larmodus-inspelning-piano-musikinstrument-for-barn-3-6-ar-svart\/"},"modified":"2026-03-12T08:59:35","modified_gmt":"2026-03-12T07:59:35","slug":"truusk-barnkeyboard-med-37-tangenter-pianopall-med-mikrofon-led-larmodus-inspelning-for-barn-3-6-ar-svart","status":"publish","type":"product","link":"https:\/\/truusk.store\/sv\/produkt\/truusk-barnkeyboard-med-37-tangenter-pianopall-med-mikrofon-led-larmodus-inspelning-for-barn-3-6-ar-svart\/","title":{"rendered":"TRUUSK Barnkeyboard med 37 tangenter &#8211; Pianopall med mikrofon &#8211; LED-l\u00e4rmodus &#8211; Inspelning &#8211; F\u00f6r barn 3-6 \u00e5r &#8211; Svart"},"content":{"rendered":"<p>Att spela piano fr\u00e4mjar barns utveckling och \u00e4r d\u00e4rf\u00f6r s\u00e4rskilt viktigt. Med detta mini-piano, oavsett om det \u00e4r i s\u00f6t rosa design eller klassiskt i svart fr\u00e5n TRUUSK, kan barn tillbringa sin tid lyckligt och musikaliskt. Barnens talang f\u00f6r musik fr\u00e4mjas individuellt. Dessutom st\u00f6der detta leksak barnens intellektuella utveckling. Mini-pianot \u00e4r utrustat med en mikrofon, vilket ger m\u00f6jlighet att sjunga ut\u00f6ver att spela p\u00e5 pianot. Idealiskt och praktiskt f\u00f6r dina barns fortsatta utveckling!.<\/p>\n<p>Beskrivning:<\/p>\n<ul>\n<li>Mini-piano i s\u00f6t design, klassiskt i svart<\/li>\n<li>L\u00e4mplig f\u00f6r barn mellan 3-6 \u00e5r<\/li>\n<li>Funktioner: 3 ledningsmodeller, 8 rytmer, 8 typer av musikinstrument, 4 trumfunktioner, 22 demo-l\u00e5tar<\/li>\n<li>Spela musik med USB-sticka\/MP3-spelare<\/li>\n<li>Inspelnings\/uppspelningsfunktion<\/li>\n<li>Karaoke med mikrofon<\/li>\n<li>37 tangenter<\/li>\n<li>Med LED-lampor som flimrar n\u00e4r du spelar<\/li>\n<li>Automatiskt energisparl\u00e4ge f\u00f6r att spara str\u00f6m<\/li>\n<li>Drivs med 4 AA-batterier (batterier ing\u00e5r inte)<\/li>\n<li>Inkluderar pall och mikrofon<\/li>\n<li>Enkel montering<\/li>\n<\/ul>\n<p> Tekniska data:<\/p>\n<ul>\n<li>Material: ABS<\/li>\n<li>F\u00e4rg: Svart<\/li>\n<li>M\u00e5tt p\u00e5 pianot: L48 x B39 x H69 cm<\/li>\n<li>M\u00e5tt p\u00e5 pallen: \u00d822,5 x H19,5 cm<\/li>\n<li>Maxbelastning f\u00f6r pallen: 30 kg<\/li>\n<\/ul>\n<p>Leveransinneh\u00e5ll:<\/p>\n<ul>\n<li>1 x Barnpiano<\/li>\n<li>1 x Barnpall<\/li>\n<li>1 x Mikrofon<\/li>\n<li>1 x Anslutningskabel f\u00f6r MP3<\/li>\n<li>1 x Bruksanvisning<\/li>\n<\/ul>\n","protected":false},"excerpt":{"rendered":"<p>Att spela piano fr\u00e4mjar barns utveckling och \u00e4r d\u00e4rf\u00f6r s\u00e4rskilt viktigt. Med detta mini-piano, oavsett om det \u00e4r i s\u00f6t&#8230;<\/p>\n","protected":false},"featured_media":93514,"template":"","meta":[],"product_brand":[],"product_cat":[880,918,628],"product_tag":[],"class_list":{"0":"post-93526","1":"product","2":"type-product","3":"status-publish","4":"has-post-thumbnail","6":"product_cat-baby-barn-2","7":"product_cat-leksaker","8":"product_cat-musikinstrument","10":"first","11":"instock","12":"sale","13":"taxable","14":"shipping-taxable","15":"purchasable","16":"product-type-simple"},"yoast_head":"<!-- This site is optimized with the Yoast SEO plugin v25.4 - https:\/\/yoast.com\/wordpress\/plugins\/seo\/ -->\n<title>TRUUSK Barnkeyboard med 37 tangenter - Pianopall med mikrofon - LED-l\u00e4rmodus - Inspelning - F\u00f6r barn 3-6 \u00e5r - Svart - TRUUSK - Hem, Tr\u00e4dg\u00e5rd &amp; Fritid<\/title>\n<meta name=\"robots\" content=\"index, follow, max-snippet:-1, max-image-preview:large, max-video-preview:-1\" \/>\n<link rel=\"canonical\" href=\"https:\/\/truusk.store\/sv\/produkt\/truusk-barnkeyboard-med-37-tangenter-pianopall-med-mikrofon-led-larmodus-inspelning-for-barn-3-6-ar-svart\/\" \/>\n<meta property=\"og:locale\" content=\"sv_SE\" \/>\n<meta property=\"og:type\" content=\"article\" \/>\n<meta property=\"og:title\" content=\"TRUUSK Barnkeyboard med 37 tangenter - Pianopall med mikrofon - LED-l\u00e4rmodus - Inspelning - F\u00f6r barn 3-6 \u00e5r - Svart - TRUUSK - Hem, Tr\u00e4dg\u00e5rd &amp; Fritid\" \/>\n<meta property=\"og:description\" content=\"Att spela piano fr\u00e4mjar barns utveckling och \u00e4r d\u00e4rf\u00f6r s\u00e4rskilt viktigt. Med detta mini-piano, oavsett om det \u00e4r i s\u00f6t...\" \/>\n<meta property=\"og:url\" content=\"https:\/\/truusk.store\/sv\/produkt\/truusk-barnkeyboard-med-37-tangenter-pianopall-med-mikrofon-led-larmodus-inspelning-for-barn-3-6-ar-svart\/\" \/>\n<meta property=\"og:site_name\" content=\"TRUUSK - Hem, Tr\u00e4dg\u00e5rd &amp; Fritid\" \/>\n<meta property=\"article:modified_time\" content=\"2026-03-12T07:59:35+00:00\" \/>\n<meta property=\"og:image\" content=\"https:\/\/i0.wp.com\/truusk.se\/wp-content\/uploads\/2025\/10\/barnkeyboard-med-37-tangenter-pianopall-med-mikrofon-led-larmodus-inspelning-piano-musikinstrument-for-barn-3-6-ar-svart-1.webp?fit=1500%2C1500&ssl=1\" \/>\n\t<meta property=\"og:image:width\" content=\"1500\" \/>\n\t<meta property=\"og:image:height\" content=\"1500\" \/>\n\t<meta property=\"og:image:type\" content=\"image\/webp\" \/>\n<meta name=\"twitter:card\" content=\"summary_large_image\" \/>\n<meta name=\"twitter:label1\" content=\"Ber\u00e4knad l\u00e4stid\" \/>\n\t<meta name=\"twitter:data1\" content=\"1 minut\" \/>\n<!-- \/ Yoast SEO plugin. -->","yoast_head_json":{"title":"TRUUSK Barnkeyboard med 37 tangenter - Pianopall med mikrofon - LED-l\u00e4rmodus - Inspelning - F\u00f6r barn 3-6 \u00e5r - Svart - TRUUSK - Hem, Tr\u00e4dg\u00e5rd &amp; Fritid","robots":{"index":"index","follow":"follow","max-snippet":"max-snippet:-1","max-image-preview":"max-image-preview:large","max-video-preview":"max-video-preview:-1"},"canonical":"https:\/\/truusk.store\/sv\/produkt\/truusk-barnkeyboard-med-37-tangenter-pianopall-med-mikrofon-led-larmodus-inspelning-for-barn-3-6-ar-svart\/","og_locale":"sv_SE","og_type":"article","og_title":"TRUUSK Barnkeyboard med 37 tangenter - Pianopall med mikrofon - LED-l\u00e4rmodus - Inspelning - F\u00f6r barn 3-6 \u00e5r - Svart - TRUUSK - Hem, Tr\u00e4dg\u00e5rd &amp; Fritid","og_description":"Att spela piano fr\u00e4mjar barns utveckling och \u00e4r d\u00e4rf\u00f6r s\u00e4rskilt viktigt. Med detta mini-piano, oavsett om det \u00e4r i s\u00f6t...","og_url":"https:\/\/truusk.store\/sv\/produkt\/truusk-barnkeyboard-med-37-tangenter-pianopall-med-mikrofon-led-larmodus-inspelning-for-barn-3-6-ar-svart\/","og_site_name":"TRUUSK - Hem, Tr\u00e4dg\u00e5rd &amp; Fritid","article_modified_time":"2026-03-12T07:59:35+00:00","og_image":[{"width":1500,"height":1500,"url":"https:\/\/i0.wp.com\/truusk.se\/wp-content\/uploads\/2025\/10\/barnkeyboard-med-37-tangenter-pianopall-med-mikrofon-led-larmodus-inspelning-piano-musikinstrument-for-barn-3-6-ar-svart-1.webp?fit=1500%2C1500&ssl=1","type":"image\/webp"}],"twitter_card":"summary_large_image","twitter_misc":{"Ber\u00e4knad l\u00e4stid":"1 minut"},"schema":{"@context":"https:\/\/schema.org","@graph":[{"@type":"WebPage","@id":"https:\/\/truusk.store\/sv\/produkt\/truusk-barnkeyboard-med-37-tangenter-pianopall-med-mikrofon-led-larmodus-inspelning-for-barn-3-6-ar-svart\/","url":"https:\/\/truusk.store\/sv\/produkt\/truusk-barnkeyboard-med-37-tangenter-pianopall-med-mikrofon-led-larmodus-inspelning-for-barn-3-6-ar-svart\/","name":"TRUUSK Barnkeyboard med 37 tangenter - Pianopall med mikrofon - LED-l\u00e4rmodus - Inspelning - F\u00f6r barn 3-6 \u00e5r - Svart - TRUUSK - Hem, Tr\u00e4dg\u00e5rd &amp; Fritid","isPartOf":{"@id":"https:\/\/truusk.store\/sv\/#website"},"primaryImageOfPage":{"@id":"https:\/\/truusk.store\/sv\/produkt\/truusk-barnkeyboard-med-37-tangenter-pianopall-med-mikrofon-led-larmodus-inspelning-for-barn-3-6-ar-svart\/#primaryimage"},"image":{"@id":"https:\/\/truusk.store\/sv\/produkt\/truusk-barnkeyboard-med-37-tangenter-pianopall-med-mikrofon-led-larmodus-inspelning-for-barn-3-6-ar-svart\/#primaryimage"},"thumbnailUrl":"https:\/\/i0.wp.com\/truusk.store\/wp-content\/uploads\/2025\/10\/barnkeyboard-med-37-tangenter-pianopall-med-mikrofon-led-larmodus-inspelning-piano-musikinstrument-for-barn-3-6-ar-svart-1.webp?fit=1500%2C1500&ssl=1","datePublished":"2025-10-16T10:57:07+00:00","dateModified":"2026-03-12T07:59:35+00:00","breadcrumb":{"@id":"https:\/\/truusk.store\/sv\/produkt\/truusk-barnkeyboard-med-37-tangenter-pianopall-med-mikrofon-led-larmodus-inspelning-for-barn-3-6-ar-svart\/#breadcrumb"},"inLanguage":"sv-SE","potentialAction":[{"@type":"ReadAction","target":["https:\/\/truusk.store\/sv\/produkt\/truusk-barnkeyboard-med-37-tangenter-pianopall-med-mikrofon-led-larmodus-inspelning-for-barn-3-6-ar-svart\/"]}]},{"@type":"ImageObject","inLanguage":"sv-SE","@id":"https:\/\/truusk.store\/sv\/produkt\/truusk-barnkeyboard-med-37-tangenter-pianopall-med-mikrofon-led-larmodus-inspelning-for-barn-3-6-ar-svart\/#primaryimage","url":"https:\/\/i0.wp.com\/truusk.store\/wp-content\/uploads\/2025\/10\/barnkeyboard-med-37-tangenter-pianopall-med-mikrofon-led-larmodus-inspelning-piano-musikinstrument-for-barn-3-6-ar-svart-1.webp?fit=1500%2C1500&ssl=1","contentUrl":"https:\/\/i0.wp.com\/truusk.store\/wp-content\/uploads\/2025\/10\/barnkeyboard-med-37-tangenter-pianopall-med-mikrofon-led-larmodus-inspelning-piano-musikinstrument-for-barn-3-6-ar-svart-1.webp?fit=1500%2C1500&ssl=1","width":1500,"height":1500},{"@type":"BreadcrumbList","@id":"https:\/\/truusk.store\/sv\/produkt\/truusk-barnkeyboard-med-37-tangenter-pianopall-med-mikrofon-led-larmodus-inspelning-for-barn-3-6-ar-svart\/#breadcrumb","itemListElement":[{"@type":"ListItem","position":1,"name":"Home","item":"https:\/\/truusk.store\/sv\/"},{"@type":"ListItem","position":2,"name":"Shop","item":"https:\/\/truusk.store\/shop\/"},{"@type":"ListItem","position":3,"name":"TRUUSK Barnkeyboard med 37 tangenter &#8211; Pianopall med mikrofon &#8211; LED-l\u00e4rmodus &#8211; Inspelning &#8211; F\u00f6r barn 3-6 \u00e5r &#8211; Svart"}]},{"@type":"WebSite","@id":"https:\/\/truusk.store\/sv\/#website","url":"https:\/\/truusk.store\/sv\/","name":"TRUUSK - Hem, Tr\u00e4dg\u00e5rd & Fritid","description":"","publisher":{"@id":"https:\/\/truusk.store\/sv\/#organization"},"potentialAction":[{"@type":"SearchAction","target":{"@type":"EntryPoint","urlTemplate":"https:\/\/truusk.store\/sv\/?s={search_term_string}"},"query-input":{"@type":"PropertyValueSpecification","valueRequired":true,"valueName":"search_term_string"}}],"inLanguage":"sv-SE"},{"@type":"Organization","@id":"https:\/\/truusk.store\/sv\/#organization","name":"TRUUSK - Hem, Tr\u00e4dg\u00e5rd & Fritid","url":"https:\/\/truusk.store\/sv\/","logo":{"@type":"ImageObject","inLanguage":"sv-SE","@id":"https:\/\/truusk.store\/sv\/#\/schema\/logo\/image\/","url":"https:\/\/i0.wp.com\/truusk.store\/wp-content\/uploads\/2026\/03\/cropped-TRUUSK.png?fit=2032%2C917&ssl=1","contentUrl":"https:\/\/i0.wp.com\/truusk.store\/wp-content\/uploads\/2026\/03\/cropped-TRUUSK.png?fit=2032%2C917&ssl=1","width":2032,"height":917,"caption":"TRUUSK - Hem, Tr\u00e4dg\u00e5rd & Fritid"},"image":{"@id":"https:\/\/truusk.store\/sv\/#\/schema\/logo\/image\/"}}]}},"jetpack_sharing_enabled":true,"_links":{"self":[{"href":"https:\/\/truusk.store\/sv\/wp-json\/wp\/v2\/product\/93526","targetHints":{"allow":["GET"]}}],"collection":[{"href":"https:\/\/truusk.store\/sv\/wp-json\/wp\/v2\/product"}],"about":[{"href":"https:\/\/truusk.store\/sv\/wp-json\/wp\/v2\/types\/product"}],"wp:featuredmedia":[{"embeddable":true,"href":"https:\/\/truusk.store\/sv\/wp-json\/wp\/v2\/media\/93514"}],"wp:attachment":[{"href":"https:\/\/truusk.store\/sv\/wp-json\/wp\/v2\/media?parent=93526"}],"wp:term":[{"taxonomy":"product_brand","embeddable":true,"href":"https:\/\/truusk.store\/sv\/wp-json\/wp\/v2\/product_brand?post=93526"},{"taxonomy":"product_cat","embeddable":true,"href":"https:\/\/truusk.store\/sv\/wp-json\/wp\/v2\/product_cat?post=93526"},{"taxonomy":"product_tag","embeddable":true,"href":"https:\/\/truusk.store\/sv\/wp-json\/wp\/v2\/product_tag?post=93526"}],"curies":[{"name":"wp","href":"https:\/\/api.w.org\/{rel}","templated":true}]}}