{"id":93556,"date":"2025-10-16T12:01:41","date_gmt":"2025-10-16T11:01:41","guid":{"rendered":"https:\/\/truusk.store\/product\/konstgjord-julgran-210-cm-snoiga-pvc-grenar-hopfallbar-metallstall-gron-vit\/"},"modified":"2026-03-12T09:05:29","modified_gmt":"2026-03-12T08:05:29","slug":"truusk-konstgjord-julgran-210-cm-snoiga-pvc-grenar-hopfallbar-metallstall-gron-vit","status":"publish","type":"product","link":"https:\/\/truusk.store\/sv\/produkt\/truusk-konstgjord-julgran-210-cm-snoiga-pvc-grenar-hopfallbar-metallstall-gron-vit\/","title":{"rendered":"TRUUSK Konstgjord Julgran 210 cm &#8211; Sn\u00f6iga PVC-grenar &#8211; Hopf\u00e4llbar &#8211; Metallst\u00e4ll &#8211; Gr\u00f6n\/Vit"},"content":{"rendered":"<p>Ge ditt hem en festlig glans med v\u00e5rt f\u00f6rtrollande Konstgjorda Julgran! Sn\u00f6effekten skapar en magisk atmosf\u00e4r. Perfekt konformad, smalnar den Konstgjorda Julgranen av mot toppen, som \u00e4r idealisk f\u00f6r en stj\u00e4rna. De gener\u00f6sa grenarna erbjuder gott om plats f\u00f6r ljus och dekorationer. Tack vare dess robusta struktur och h\u00e5llbara material, kommer denna Konstgjorda Julgran att f\u00f6lja dig genom m\u00e5nga jular. Ett h\u00f6jdpunkt f\u00f6r varje festlig dekoration!<\/p>\n<p>Beskrivning:<\/p>\n<ul>\n<li> Smal och h\u00f6g Konstgjord Julgran, 180 cm<\/li>\n<li> Perfekt f\u00f6r h\u00f6rn, sm\u00e5 utrymmen och omr\u00e5den med lite plats<\/li>\n<li> Realistiska plastgrenar p\u00e5 den Konstgjorda Julgranen ger tr\u00e4det ett t\u00e4tt och frodigt utseende<\/li>\n<li> 390 sn\u00f6kl\u00e4dda grenar erbjuder gott om plats f\u00f6r alla dekorationer<\/li>\n<li> Stabil och s\u00e4ker tack vare den robusta och h\u00e5llbara metallst\u00e4llningen som h\u00e5ller ramen<\/li>\n<\/ul>\n<p>Tekniska specifikationer:<\/p>\n<ul>\n<li> F\u00e4rg: Gr\u00f6n+Vit<\/li>\n<li> Material: Plast, Metall<\/li>\n<li> Totala dimensioner: \u00d855 x 180H cm<\/li>\n<li> H\u00f6jd: 180 cm<\/li>\n<li> Basstorlek: \u00d855 cm<\/li>\n<li> Antal grenar: 390<\/li>\n<\/ul>\n<p>Inneh\u00e5ll:<\/p>\n<ul>\n<li> 1 x Julgran<\/li>\n<li> 1 x Instruktioner<\/li>\n<\/ul>\n","protected":false},"excerpt":{"rendered":"<p>Ge ditt hem en festlig glans med v\u00e5rt f\u00f6rtrollande Konstgjorda Julgran! Sn\u00f6effekten skapar en magisk atmosf\u00e4r. Perfekt konformad, smalnar den&#8230;<\/p>\n","protected":false},"featured_media":93547,"template":"","meta":[],"product_brand":[],"product_cat":[706,709,894],"product_tag":[],"class_list":{"0":"post-93556","1":"product","2":"type-product","3":"status-publish","4":"has-post-thumbnail","6":"product_cat-julgranar","7":"product_cat-julgranar-over-180cm","8":"product_cat-julvarld","10":"first","11":"instock","12":"sale","13":"taxable","14":"shipping-taxable","15":"purchasable","16":"product-type-simple"},"yoast_head":"<!-- This site is optimized with the Yoast SEO plugin v25.4 - https:\/\/yoast.com\/wordpress\/plugins\/seo\/ -->\n<title>TRUUSK Konstgjord Julgran 210 cm - Sn\u00f6iga PVC-grenar - Hopf\u00e4llbar - Metallst\u00e4ll - Gr\u00f6n\/Vit - TRUUSK - Hem, Tr\u00e4dg\u00e5rd &amp; Fritid<\/title>\n<meta name=\"robots\" content=\"index, follow, max-snippet:-1, max-image-preview:large, max-video-preview:-1\" \/>\n<link rel=\"canonical\" href=\"https:\/\/truusk.store\/sv\/produkt\/truusk-konstgjord-julgran-210-cm-snoiga-pvc-grenar-hopfallbar-metallstall-gron-vit\/\" \/>\n<meta property=\"og:locale\" content=\"sv_SE\" \/>\n<meta property=\"og:type\" content=\"article\" \/>\n<meta property=\"og:title\" content=\"TRUUSK Konstgjord Julgran 210 cm - Sn\u00f6iga PVC-grenar - Hopf\u00e4llbar - Metallst\u00e4ll - Gr\u00f6n\/Vit - TRUUSK - Hem, Tr\u00e4dg\u00e5rd &amp; Fritid\" \/>\n<meta property=\"og:description\" content=\"Ge ditt hem en festlig glans med v\u00e5rt f\u00f6rtrollande Konstgjorda Julgran! Sn\u00f6effekten skapar en magisk atmosf\u00e4r. Perfekt konformad, smalnar den...\" \/>\n<meta property=\"og:url\" content=\"https:\/\/truusk.store\/sv\/produkt\/truusk-konstgjord-julgran-210-cm-snoiga-pvc-grenar-hopfallbar-metallstall-gron-vit\/\" \/>\n<meta property=\"og:site_name\" content=\"TRUUSK - Hem, Tr\u00e4dg\u00e5rd &amp; Fritid\" \/>\n<meta property=\"article:modified_time\" content=\"2026-03-12T08:05:29+00:00\" \/>\n<meta property=\"og:image\" content=\"https:\/\/i0.wp.com\/truusk.se\/wp-content\/uploads\/2025\/10\/konstgjord-julgran-210-cm-snoiga-pvc-grenar-hopfallbar-metallstall-gron-vit-1.webp?fit=2000%2C2000&ssl=1\" \/>\n\t<meta property=\"og:image:width\" content=\"2000\" \/>\n\t<meta property=\"og:image:height\" content=\"2000\" \/>\n\t<meta property=\"og:image:type\" content=\"image\/webp\" \/>\n<meta name=\"twitter:card\" content=\"summary_large_image\" \/>\n<meta name=\"twitter:label1\" content=\"Ber\u00e4knad l\u00e4stid\" \/>\n\t<meta name=\"twitter:data1\" content=\"1 minut\" \/>\n<!-- \/ Yoast SEO plugin. -->","yoast_head_json":{"title":"TRUUSK Konstgjord Julgran 210 cm - Sn\u00f6iga PVC-grenar - Hopf\u00e4llbar - Metallst\u00e4ll - Gr\u00f6n\/Vit - TRUUSK - Hem, Tr\u00e4dg\u00e5rd &amp; Fritid","robots":{"index":"index","follow":"follow","max-snippet":"max-snippet:-1","max-image-preview":"max-image-preview:large","max-video-preview":"max-video-preview:-1"},"canonical":"https:\/\/truusk.store\/sv\/produkt\/truusk-konstgjord-julgran-210-cm-snoiga-pvc-grenar-hopfallbar-metallstall-gron-vit\/","og_locale":"sv_SE","og_type":"article","og_title":"TRUUSK Konstgjord Julgran 210 cm - Sn\u00f6iga PVC-grenar - Hopf\u00e4llbar - Metallst\u00e4ll - Gr\u00f6n\/Vit - TRUUSK - Hem, Tr\u00e4dg\u00e5rd &amp; Fritid","og_description":"Ge ditt hem en festlig glans med v\u00e5rt f\u00f6rtrollande Konstgjorda Julgran! Sn\u00f6effekten skapar en magisk atmosf\u00e4r. Perfekt konformad, smalnar den...","og_url":"https:\/\/truusk.store\/sv\/produkt\/truusk-konstgjord-julgran-210-cm-snoiga-pvc-grenar-hopfallbar-metallstall-gron-vit\/","og_site_name":"TRUUSK - Hem, Tr\u00e4dg\u00e5rd &amp; Fritid","article_modified_time":"2026-03-12T08:05:29+00:00","og_image":[{"width":2000,"height":2000,"url":"https:\/\/i0.wp.com\/truusk.se\/wp-content\/uploads\/2025\/10\/konstgjord-julgran-210-cm-snoiga-pvc-grenar-hopfallbar-metallstall-gron-vit-1.webp?fit=2000%2C2000&ssl=1","type":"image\/webp"}],"twitter_card":"summary_large_image","twitter_misc":{"Ber\u00e4knad l\u00e4stid":"1 minut"},"schema":{"@context":"https:\/\/schema.org","@graph":[{"@type":"WebPage","@id":"https:\/\/truusk.store\/sv\/produkt\/truusk-konstgjord-julgran-210-cm-snoiga-pvc-grenar-hopfallbar-metallstall-gron-vit\/","url":"https:\/\/truusk.store\/sv\/produkt\/truusk-konstgjord-julgran-210-cm-snoiga-pvc-grenar-hopfallbar-metallstall-gron-vit\/","name":"TRUUSK Konstgjord Julgran 210 cm - Sn\u00f6iga PVC-grenar - Hopf\u00e4llbar - Metallst\u00e4ll - Gr\u00f6n\/Vit - TRUUSK - Hem, Tr\u00e4dg\u00e5rd &amp; Fritid","isPartOf":{"@id":"https:\/\/truusk.store\/sv\/#website"},"primaryImageOfPage":{"@id":"https:\/\/truusk.store\/sv\/produkt\/truusk-konstgjord-julgran-210-cm-snoiga-pvc-grenar-hopfallbar-metallstall-gron-vit\/#primaryimage"},"image":{"@id":"https:\/\/truusk.store\/sv\/produkt\/truusk-konstgjord-julgran-210-cm-snoiga-pvc-grenar-hopfallbar-metallstall-gron-vit\/#primaryimage"},"thumbnailUrl":"https:\/\/i0.wp.com\/truusk.store\/wp-content\/uploads\/2025\/10\/konstgjord-julgran-210-cm-snoiga-pvc-grenar-hopfallbar-metallstall-gron-vit-1.webp?fit=2000%2C2000&ssl=1","datePublished":"2025-10-16T11:01:41+00:00","dateModified":"2026-03-12T08:05:29+00:00","breadcrumb":{"@id":"https:\/\/truusk.store\/sv\/produkt\/truusk-konstgjord-julgran-210-cm-snoiga-pvc-grenar-hopfallbar-metallstall-gron-vit\/#breadcrumb"},"inLanguage":"sv-SE","potentialAction":[{"@type":"ReadAction","target":["https:\/\/truusk.store\/sv\/produkt\/truusk-konstgjord-julgran-210-cm-snoiga-pvc-grenar-hopfallbar-metallstall-gron-vit\/"]}]},{"@type":"ImageObject","inLanguage":"sv-SE","@id":"https:\/\/truusk.store\/sv\/produkt\/truusk-konstgjord-julgran-210-cm-snoiga-pvc-grenar-hopfallbar-metallstall-gron-vit\/#primaryimage","url":"https:\/\/i0.wp.com\/truusk.store\/wp-content\/uploads\/2025\/10\/konstgjord-julgran-210-cm-snoiga-pvc-grenar-hopfallbar-metallstall-gron-vit-1.webp?fit=2000%2C2000&ssl=1","contentUrl":"https:\/\/i0.wp.com\/truusk.store\/wp-content\/uploads\/2025\/10\/konstgjord-julgran-210-cm-snoiga-pvc-grenar-hopfallbar-metallstall-gron-vit-1.webp?fit=2000%2C2000&ssl=1","width":2000,"height":2000},{"@type":"BreadcrumbList","@id":"https:\/\/truusk.store\/sv\/produkt\/truusk-konstgjord-julgran-210-cm-snoiga-pvc-grenar-hopfallbar-metallstall-gron-vit\/#breadcrumb","itemListElement":[{"@type":"ListItem","position":1,"name":"Home","item":"https:\/\/truusk.store\/sv\/"},{"@type":"ListItem","position":2,"name":"Shop","item":"https:\/\/truusk.store\/shop\/"},{"@type":"ListItem","position":3,"name":"TRUUSK Konstgjord Julgran 210 cm &#8211; Sn\u00f6iga PVC-grenar &#8211; Hopf\u00e4llbar &#8211; Metallst\u00e4ll &#8211; Gr\u00f6n\/Vit"}]},{"@type":"WebSite","@id":"https:\/\/truusk.store\/sv\/#website","url":"https:\/\/truusk.store\/sv\/","name":"TRUUSK - Hem, Tr\u00e4dg\u00e5rd & Fritid","description":"","publisher":{"@id":"https:\/\/truusk.store\/sv\/#organization"},"potentialAction":[{"@type":"SearchAction","target":{"@type":"EntryPoint","urlTemplate":"https:\/\/truusk.store\/sv\/?s={search_term_string}"},"query-input":{"@type":"PropertyValueSpecification","valueRequired":true,"valueName":"search_term_string"}}],"inLanguage":"sv-SE"},{"@type":"Organization","@id":"https:\/\/truusk.store\/sv\/#organization","name":"TRUUSK - Hem, Tr\u00e4dg\u00e5rd & Fritid","url":"https:\/\/truusk.store\/sv\/","logo":{"@type":"ImageObject","inLanguage":"sv-SE","@id":"https:\/\/truusk.store\/sv\/#\/schema\/logo\/image\/","url":"https:\/\/i0.wp.com\/truusk.store\/wp-content\/uploads\/2026\/03\/cropped-TRUUSK.png?fit=2032%2C917&ssl=1","contentUrl":"https:\/\/i0.wp.com\/truusk.store\/wp-content\/uploads\/2026\/03\/cropped-TRUUSK.png?fit=2032%2C917&ssl=1","width":2032,"height":917,"caption":"TRUUSK - Hem, Tr\u00e4dg\u00e5rd & Fritid"},"image":{"@id":"https:\/\/truusk.store\/sv\/#\/schema\/logo\/image\/"}}]}},"jetpack_sharing_enabled":true,"_links":{"self":[{"href":"https:\/\/truusk.store\/sv\/wp-json\/wp\/v2\/product\/93556","targetHints":{"allow":["GET"]}}],"collection":[{"href":"https:\/\/truusk.store\/sv\/wp-json\/wp\/v2\/product"}],"about":[{"href":"https:\/\/truusk.store\/sv\/wp-json\/wp\/v2\/types\/product"}],"wp:featuredmedia":[{"embeddable":true,"href":"https:\/\/truusk.store\/sv\/wp-json\/wp\/v2\/media\/93547"}],"wp:attachment":[{"href":"https:\/\/truusk.store\/sv\/wp-json\/wp\/v2\/media?parent=93556"}],"wp:term":[{"taxonomy":"product_brand","embeddable":true,"href":"https:\/\/truusk.store\/sv\/wp-json\/wp\/v2\/product_brand?post=93556"},{"taxonomy":"product_cat","embeddable":true,"href":"https:\/\/truusk.store\/sv\/wp-json\/wp\/v2\/product_cat?post=93556"},{"taxonomy":"product_tag","embeddable":true,"href":"https:\/\/truusk.store\/sv\/wp-json\/wp\/v2\/product_tag?post=93556"}],"curies":[{"name":"wp","href":"https:\/\/api.w.org\/{rel}","templated":true}]}}