{"id":93566,"date":"2025-10-16T12:04:49","date_gmt":"2025-10-16T11:04:49","guid":{"rendered":"https:\/\/truusk.store\/product\/hornsoffa-med-sovfunktion-forvaringsutrymme-hornsoffa-med-sanglada-chaiselongue-baddsoffa-tygsoffa-l-form-linne-touch-ljusgra-2115-x-146-x-85-cm\/"},"modified":"2026-03-12T09:08:42","modified_gmt":"2026-03-12T08:08:42","slug":"truusk-hornsoffa-med-sovfunktion-forvaringsutrymme-chaiselongue-baddsoffa-l-form-linne-touch-ljusgra-2115-x-146-x","status":"publish","type":"product","link":"https:\/\/truusk.store\/sv\/produkt\/truusk-hornsoffa-med-sovfunktion-forvaringsutrymme-chaiselongue-baddsoffa-l-form-linne-touch-ljusgra-2115-x-146-x\/","title":{"rendered":"TRUUSK H\u00f6rnsoffa Med Sovfunktion &#8211; F\u00f6rvaringsutrymme &#8211; Chaiselongue &#8211; B\u00e4ddsoffa &#8211; L-form &#8211; Linne-touch &#8211; Ljusgr\u00e5 &#8211; 211,5 x 146 x"},"content":{"rendered":"<p>Alla \u00e4lskar hemmam\u00f6bler som utf\u00f6r dubbla uppgifter. S\u00e4rskilt de som bor i en kompakt l\u00e4genhet. Med b\u00e4ddsoffan fr\u00e5n TRUUSK har du m\u00f6jlighet att samtidigt inr\u00e4tta en sittgrupp och ett andra sovrum, f\u00f6r en \u00f6vernattande g\u00e4st. Denna utm\u00e4rkta b\u00e4ddsoffa har ett l\u00e4ttsk\u00f6tt tyg i linneutseende och en tjock skumstoppning f\u00f6r enast\u00e5ende sittkomfort.<\/p>\n<p>Beskrivning:<\/p>\n<ul>\n<li> Den 3-sits soffan kan snabbt omvandlas till en rymlig s\u00e4ng n\u00e4r du drar ut underredet<\/li>\n<li> Rymligt f\u00f6rvaringsutrymme under chaiselongen<\/li>\n<li> Du kan placera chaiselongen till v\u00e4nster eller h\u00f6ger om soffan<\/li>\n<li> 3 ryggkuddar ing\u00e5r<\/li>\n<li>kudd\u00f6verdraget \u00e4r avtagbart och tv\u00e4ttbart<\/li>\n<li> Polyester tyget i linneutseende \u00e4r mjukt och andas, benen \u00e4r gjorda av gummitr\u00e4<\/li>\n<li> Montering kr\u00e4vs<\/li>\n<\/ul>\n<p> Tekniska data:<\/p>\n<ul>\n<li> F\u00e4rg: Ljusgr\u00e5<\/li>\n<li> Material: linne-liknande polyester, skum, plast<\/li>\n<li> Totala m\u00e5tt: 211,5B x 146D x 85H cm (soffa), 183B x 117D x 43,5H cm (s\u00e4ng)<\/li>\n<li> M\u00e5tt p\u00e5 loveseat: 122B x 54D x 43,5H cm<\/li>\n<li> M\u00e5tt p\u00e5 chaise lounge: 61B x 117D x 43,5H cm<\/li>\n<li> Tjocklek p\u00e5 sittytan: 13 cm<\/li>\n<li> L\u00e4ngd p\u00e5 ryggst\u00f6det: 44 cm<\/li>\n<li> B\u00e4rkapacitet: 135 kg (per sittplats), 150 kg (chaiselong)<\/li>\n<\/ul>\n<p>Leveransinneh\u00e5ll:<\/p>\n<ul>\n<li> 1 x B\u00e4ddsoffa<\/li>\n<li> 1 x Instruktioner<\/li>\n<\/ul>\n","protected":false},"excerpt":{"rendered":"<p>Alla \u00e4lskar hemmam\u00f6bler som utf\u00f6r dubbla uppgifter. S\u00e4rskilt de som bor i en kompakt l\u00e4genhet. Med b\u00e4ddsoffan fr\u00e5n TRUUSK har&#8230;<\/p>\n","protected":false},"featured_media":93557,"template":"","meta":[],"product_brand":[],"product_cat":[871,943,937,910],"product_tag":[],"class_list":{"0":"post-93566","1":"product","2":"type-product","3":"status-publish","4":"has-post-thumbnail","6":"product_cat-hus-hem","7":"product_cat-schlafsofas","8":"product_cat-soffor","9":"product_cat-vardagsrum","11":"first","12":"instock","13":"sale","14":"taxable","15":"shipping-taxable","16":"purchasable","17":"product-type-simple"},"yoast_head":"<!-- This site is optimized with the Yoast SEO plugin v25.4 - https:\/\/yoast.com\/wordpress\/plugins\/seo\/ -->\n<title>TRUUSK H\u00f6rnsoffa Med Sovfunktion - F\u00f6rvaringsutrymme - Chaiselongue - B\u00e4ddsoffa - L-form - Linne-touch - Ljusgr\u00e5 - 211,5 x 146 x - TRUUSK - Hem, Tr\u00e4dg\u00e5rd &amp; Fritid<\/title>\n<meta name=\"robots\" content=\"index, follow, max-snippet:-1, max-image-preview:large, max-video-preview:-1\" \/>\n<link rel=\"canonical\" href=\"https:\/\/truusk.store\/sv\/produkt\/truusk-hornsoffa-med-sovfunktion-forvaringsutrymme-chaiselongue-baddsoffa-l-form-linne-touch-ljusgra-2115-x-146-x\/\" \/>\n<meta property=\"og:locale\" content=\"sv_SE\" \/>\n<meta property=\"og:type\" content=\"article\" \/>\n<meta property=\"og:title\" content=\"TRUUSK H\u00f6rnsoffa Med Sovfunktion - F\u00f6rvaringsutrymme - Chaiselongue - B\u00e4ddsoffa - L-form - Linne-touch - Ljusgr\u00e5 - 211,5 x 146 x - TRUUSK - Hem, Tr\u00e4dg\u00e5rd &amp; Fritid\" \/>\n<meta property=\"og:description\" content=\"Alla \u00e4lskar hemmam\u00f6bler som utf\u00f6r dubbla uppgifter. S\u00e4rskilt de som bor i en kompakt l\u00e4genhet. Med b\u00e4ddsoffan fr\u00e5n TRUUSK har...\" \/>\n<meta property=\"og:url\" content=\"https:\/\/truusk.store\/sv\/produkt\/truusk-hornsoffa-med-sovfunktion-forvaringsutrymme-chaiselongue-baddsoffa-l-form-linne-touch-ljusgra-2115-x-146-x\/\" \/>\n<meta property=\"og:site_name\" content=\"TRUUSK - Hem, Tr\u00e4dg\u00e5rd &amp; Fritid\" \/>\n<meta property=\"article:modified_time\" content=\"2026-03-12T08:08:42+00:00\" \/>\n<meta property=\"og:image\" content=\"https:\/\/i0.wp.com\/truusk.se\/wp-content\/uploads\/2025\/10\/hornsoffa-med-sovfunktion-forvaringsutrymme-hornsoffa-med-sanglada-chaiselongue-baddsoffa-tygsoffa-l-form-linne-touch-ljusgra-2115-x-146-x-85-cm-1.webp?fit=2000%2C2000&ssl=1\" \/>\n\t<meta property=\"og:image:width\" content=\"2000\" \/>\n\t<meta property=\"og:image:height\" content=\"2000\" \/>\n\t<meta property=\"og:image:type\" content=\"image\/webp\" \/>\n<meta name=\"twitter:card\" content=\"summary_large_image\" \/>\n<meta name=\"twitter:label1\" content=\"Ber\u00e4knad l\u00e4stid\" \/>\n\t<meta name=\"twitter:data1\" content=\"1 minut\" \/>\n<!-- \/ Yoast SEO plugin. -->","yoast_head_json":{"title":"TRUUSK H\u00f6rnsoffa Med Sovfunktion - F\u00f6rvaringsutrymme - Chaiselongue - B\u00e4ddsoffa - L-form - Linne-touch - Ljusgr\u00e5 - 211,5 x 146 x - TRUUSK - Hem, Tr\u00e4dg\u00e5rd &amp; Fritid","robots":{"index":"index","follow":"follow","max-snippet":"max-snippet:-1","max-image-preview":"max-image-preview:large","max-video-preview":"max-video-preview:-1"},"canonical":"https:\/\/truusk.store\/sv\/produkt\/truusk-hornsoffa-med-sovfunktion-forvaringsutrymme-chaiselongue-baddsoffa-l-form-linne-touch-ljusgra-2115-x-146-x\/","og_locale":"sv_SE","og_type":"article","og_title":"TRUUSK H\u00f6rnsoffa Med Sovfunktion - F\u00f6rvaringsutrymme - Chaiselongue - B\u00e4ddsoffa - L-form - Linne-touch - Ljusgr\u00e5 - 211,5 x 146 x - TRUUSK - Hem, Tr\u00e4dg\u00e5rd &amp; Fritid","og_description":"Alla \u00e4lskar hemmam\u00f6bler som utf\u00f6r dubbla uppgifter. S\u00e4rskilt de som bor i en kompakt l\u00e4genhet. Med b\u00e4ddsoffan fr\u00e5n TRUUSK har...","og_url":"https:\/\/truusk.store\/sv\/produkt\/truusk-hornsoffa-med-sovfunktion-forvaringsutrymme-chaiselongue-baddsoffa-l-form-linne-touch-ljusgra-2115-x-146-x\/","og_site_name":"TRUUSK - Hem, Tr\u00e4dg\u00e5rd &amp; Fritid","article_modified_time":"2026-03-12T08:08:42+00:00","og_image":[{"width":2000,"height":2000,"url":"https:\/\/i0.wp.com\/truusk.se\/wp-content\/uploads\/2025\/10\/hornsoffa-med-sovfunktion-forvaringsutrymme-hornsoffa-med-sanglada-chaiselongue-baddsoffa-tygsoffa-l-form-linne-touch-ljusgra-2115-x-146-x-85-cm-1.webp?fit=2000%2C2000&ssl=1","type":"image\/webp"}],"twitter_card":"summary_large_image","twitter_misc":{"Ber\u00e4knad l\u00e4stid":"1 minut"},"schema":{"@context":"https:\/\/schema.org","@graph":[{"@type":"WebPage","@id":"https:\/\/truusk.store\/sv\/produkt\/truusk-hornsoffa-med-sovfunktion-forvaringsutrymme-chaiselongue-baddsoffa-l-form-linne-touch-ljusgra-2115-x-146-x\/","url":"https:\/\/truusk.store\/sv\/produkt\/truusk-hornsoffa-med-sovfunktion-forvaringsutrymme-chaiselongue-baddsoffa-l-form-linne-touch-ljusgra-2115-x-146-x\/","name":"TRUUSK H\u00f6rnsoffa Med Sovfunktion - F\u00f6rvaringsutrymme - Chaiselongue - B\u00e4ddsoffa - L-form - Linne-touch - Ljusgr\u00e5 - 211,5 x 146 x - TRUUSK - Hem, Tr\u00e4dg\u00e5rd &amp; Fritid","isPartOf":{"@id":"https:\/\/truusk.store\/sv\/#website"},"primaryImageOfPage":{"@id":"https:\/\/truusk.store\/sv\/produkt\/truusk-hornsoffa-med-sovfunktion-forvaringsutrymme-chaiselongue-baddsoffa-l-form-linne-touch-ljusgra-2115-x-146-x\/#primaryimage"},"image":{"@id":"https:\/\/truusk.store\/sv\/produkt\/truusk-hornsoffa-med-sovfunktion-forvaringsutrymme-chaiselongue-baddsoffa-l-form-linne-touch-ljusgra-2115-x-146-x\/#primaryimage"},"thumbnailUrl":"https:\/\/i0.wp.com\/truusk.store\/wp-content\/uploads\/2025\/10\/hornsoffa-med-sovfunktion-forvaringsutrymme-hornsoffa-med-sanglada-chaiselongue-baddsoffa-tygsoffa-l-form-linne-touch-ljusgra-2115-x-146-x-85-cm-1.webp?fit=2000%2C2000&ssl=1","datePublished":"2025-10-16T11:04:49+00:00","dateModified":"2026-03-12T08:08:42+00:00","breadcrumb":{"@id":"https:\/\/truusk.store\/sv\/produkt\/truusk-hornsoffa-med-sovfunktion-forvaringsutrymme-chaiselongue-baddsoffa-l-form-linne-touch-ljusgra-2115-x-146-x\/#breadcrumb"},"inLanguage":"sv-SE","potentialAction":[{"@type":"ReadAction","target":["https:\/\/truusk.store\/sv\/produkt\/truusk-hornsoffa-med-sovfunktion-forvaringsutrymme-chaiselongue-baddsoffa-l-form-linne-touch-ljusgra-2115-x-146-x\/"]}]},{"@type":"ImageObject","inLanguage":"sv-SE","@id":"https:\/\/truusk.store\/sv\/produkt\/truusk-hornsoffa-med-sovfunktion-forvaringsutrymme-chaiselongue-baddsoffa-l-form-linne-touch-ljusgra-2115-x-146-x\/#primaryimage","url":"https:\/\/i0.wp.com\/truusk.store\/wp-content\/uploads\/2025\/10\/hornsoffa-med-sovfunktion-forvaringsutrymme-hornsoffa-med-sanglada-chaiselongue-baddsoffa-tygsoffa-l-form-linne-touch-ljusgra-2115-x-146-x-85-cm-1.webp?fit=2000%2C2000&ssl=1","contentUrl":"https:\/\/i0.wp.com\/truusk.store\/wp-content\/uploads\/2025\/10\/hornsoffa-med-sovfunktion-forvaringsutrymme-hornsoffa-med-sanglada-chaiselongue-baddsoffa-tygsoffa-l-form-linne-touch-ljusgra-2115-x-146-x-85-cm-1.webp?fit=2000%2C2000&ssl=1","width":2000,"height":2000},{"@type":"BreadcrumbList","@id":"https:\/\/truusk.store\/sv\/produkt\/truusk-hornsoffa-med-sovfunktion-forvaringsutrymme-chaiselongue-baddsoffa-l-form-linne-touch-ljusgra-2115-x-146-x\/#breadcrumb","itemListElement":[{"@type":"ListItem","position":1,"name":"Home","item":"https:\/\/truusk.store\/sv\/"},{"@type":"ListItem","position":2,"name":"Shop","item":"https:\/\/truusk.store\/shop\/"},{"@type":"ListItem","position":3,"name":"TRUUSK H\u00f6rnsoffa Med Sovfunktion &#8211; F\u00f6rvaringsutrymme &#8211; Chaiselongue &#8211; B\u00e4ddsoffa &#8211; L-form &#8211; Linne-touch &#8211; Ljusgr\u00e5 &#8211; 211,5 x 146 x"}]},{"@type":"WebSite","@id":"https:\/\/truusk.store\/sv\/#website","url":"https:\/\/truusk.store\/sv\/","name":"TRUUSK - Hem, Tr\u00e4dg\u00e5rd & Fritid","description":"","publisher":{"@id":"https:\/\/truusk.store\/sv\/#organization"},"potentialAction":[{"@type":"SearchAction","target":{"@type":"EntryPoint","urlTemplate":"https:\/\/truusk.store\/sv\/?s={search_term_string}"},"query-input":{"@type":"PropertyValueSpecification","valueRequired":true,"valueName":"search_term_string"}}],"inLanguage":"sv-SE"},{"@type":"Organization","@id":"https:\/\/truusk.store\/sv\/#organization","name":"TRUUSK - Hem, Tr\u00e4dg\u00e5rd & Fritid","url":"https:\/\/truusk.store\/sv\/","logo":{"@type":"ImageObject","inLanguage":"sv-SE","@id":"https:\/\/truusk.store\/sv\/#\/schema\/logo\/image\/","url":"https:\/\/i0.wp.com\/truusk.store\/wp-content\/uploads\/2026\/03\/cropped-TRUUSK.png?fit=2032%2C917&ssl=1","contentUrl":"https:\/\/i0.wp.com\/truusk.store\/wp-content\/uploads\/2026\/03\/cropped-TRUUSK.png?fit=2032%2C917&ssl=1","width":2032,"height":917,"caption":"TRUUSK - Hem, Tr\u00e4dg\u00e5rd & Fritid"},"image":{"@id":"https:\/\/truusk.store\/sv\/#\/schema\/logo\/image\/"}}]}},"jetpack_sharing_enabled":true,"_links":{"self":[{"href":"https:\/\/truusk.store\/sv\/wp-json\/wp\/v2\/product\/93566","targetHints":{"allow":["GET"]}}],"collection":[{"href":"https:\/\/truusk.store\/sv\/wp-json\/wp\/v2\/product"}],"about":[{"href":"https:\/\/truusk.store\/sv\/wp-json\/wp\/v2\/types\/product"}],"wp:featuredmedia":[{"embeddable":true,"href":"https:\/\/truusk.store\/sv\/wp-json\/wp\/v2\/media\/93557"}],"wp:attachment":[{"href":"https:\/\/truusk.store\/sv\/wp-json\/wp\/v2\/media?parent=93566"}],"wp:term":[{"taxonomy":"product_brand","embeddable":true,"href":"https:\/\/truusk.store\/sv\/wp-json\/wp\/v2\/product_brand?post=93566"},{"taxonomy":"product_cat","embeddable":true,"href":"https:\/\/truusk.store\/sv\/wp-json\/wp\/v2\/product_cat?post=93566"},{"taxonomy":"product_tag","embeddable":true,"href":"https:\/\/truusk.store\/sv\/wp-json\/wp\/v2\/product_tag?post=93566"}],"curies":[{"name":"wp","href":"https:\/\/api.w.org\/{rel}","templated":true}]}}