{"id":93646,"date":"2025-10-16T12:14:41","date_gmt":"2025-10-16T11:14:41","guid":{"rendered":"https:\/\/truusk.store\/product\/2-pack-stolar-i-boho-stil-koksstolar-pe-rattan-56-x-60-x-79-cm-natur-vit\/"},"modified":"2026-03-12T09:26:38","modified_gmt":"2026-03-12T08:26:38","slug":"truusk-2-pack-stolar-i-boho-stil-koksstolar-av-pe-rattan-matt-56-x-60-x-79-cm-natur-vit","status":"publish","type":"product","link":"https:\/\/truusk.store\/sv\/produkt\/truusk-2-pack-stolar-i-boho-stil-koksstolar-av-pe-rattan-matt-56-x-60-x-79-cm-natur-vit\/","title":{"rendered":"TRUUSK 2-pack Stolar i Boho-stil &#8211; K\u00f6ksstolar av PE-rattan &#8211; M\u00e5tt 56 x 60 x 79 cm &#8211; Natur + vit"},"content":{"rendered":"<p>Matsalsstolarna fr\u00e5n TRUUSK \u00e4r det perfekta tillskottet till ditt k\u00f6k eller matsal. Setet best\u00e5r av tv\u00e5 karakt\u00e4rsfulla stolar med en dekorativ, behagligt b\u00f6jd sitsk\u00e5l av polyrattan. Rattanelementet ger din inredning en naturlig och vacker touch. Den b\u00f6jda rygg- och armst\u00f6det ger en bekv\u00e4m sittning, oavsett om det \u00e4r vid matbordet eller vid mysiga sammankomster, medan den starka stolramen lovar en mycket l\u00e5ng livsl\u00e4ngd.<\/p>\n<p>Beskrivning:<\/p>\n<ul>\n<li> Inneh\u00e5ller tv\u00e5 matsalsstolar, perfekta f\u00f6r att sitta vid middagen, f\u00f6r samtal, l\u00e4sning och mycket mer<\/li>\n<li> Konstrattan ger inredningen en naturlig touch<\/li>\n<li> Lutande ryggst\u00f6d och armst\u00f6d f\u00f6r bekv\u00e4m sittning<\/li>\n<li> Robusta st\u00e5lben med pulverbel\u00e4ggning f\u00f6r bekv\u00e4mt st\u00f6d<\/li>\n<li> Halkfria fotlock skyddar golvet och minskar buller<\/li>\n<li> Montering kr\u00e4vs<\/li>\n<\/ul>\n<p> Tekniska data:<\/p>\n<ul>\n<li> F\u00e4rg: Ljusbrun+Vit<\/li>\n<li> Material: Konstrattan, St\u00e5l<\/li>\n<li> Totala dimensioner: 56L x 60B x 79H cm<\/li>\n<li> Sitsstorlek: 40B x 43T cm<\/li>\n<li> Sitth\u00f6jd: 45 cm<\/li>\n<li> Storlek p\u00e5 ryggst\u00f6d: 56B x 44H cm<\/li>\n<li> Belastningskapacitet: 120 kg<\/li>\n<\/ul>\n<p>Leveransinneh\u00e5ll:<\/p>\n<ul>\n<li> 2 x K\u00f6ksstol<\/li>\n<li> 1 x Instruktioner<\/li>\n<\/ul>\n","protected":false},"excerpt":{"rendered":"<p>Matsalsstolarna fr\u00e5n TRUUSK \u00e4r det perfekta tillskottet till ditt k\u00f6k eller matsal. Setet best\u00e5r av tv\u00e5 karakt\u00e4rsfulla stolar med en&#8230;<\/p>\n","protected":false},"featured_media":93637,"template":"","meta":[],"product_brand":[],"product_cat":[871,889,518],"product_tag":[],"class_list":{"0":"post-93646","1":"product","2":"type-product","3":"status-publish","4":"has-post-thumbnail","6":"product_cat-hus-hem","7":"product_cat-kok-matsal","8":"product_cat-matsalsstolar","10":"first","11":"instock","12":"sale","13":"taxable","14":"shipping-taxable","15":"purchasable","16":"product-type-simple"},"yoast_head":"<!-- This site is optimized with the Yoast SEO plugin v25.4 - https:\/\/yoast.com\/wordpress\/plugins\/seo\/ -->\n<title>TRUUSK 2-pack Stolar i Boho-stil - K\u00f6ksstolar av PE-rattan - M\u00e5tt 56 x 60 x 79 cm - Natur + vit - TRUUSK - Hem, Tr\u00e4dg\u00e5rd &amp; Fritid<\/title>\n<meta name=\"robots\" content=\"index, follow, max-snippet:-1, max-image-preview:large, max-video-preview:-1\" \/>\n<link rel=\"canonical\" href=\"https:\/\/truusk.store\/sv\/produkt\/truusk-2-pack-stolar-i-boho-stil-koksstolar-av-pe-rattan-matt-56-x-60-x-79-cm-natur-vit\/\" \/>\n<meta property=\"og:locale\" content=\"sv_SE\" \/>\n<meta property=\"og:type\" content=\"article\" \/>\n<meta property=\"og:title\" content=\"TRUUSK 2-pack Stolar i Boho-stil - K\u00f6ksstolar av PE-rattan - M\u00e5tt 56 x 60 x 79 cm - Natur + vit - TRUUSK - Hem, Tr\u00e4dg\u00e5rd &amp; Fritid\" \/>\n<meta property=\"og:description\" content=\"Matsalsstolarna fr\u00e5n TRUUSK \u00e4r det perfekta tillskottet till ditt k\u00f6k eller matsal. Setet best\u00e5r av tv\u00e5 karakt\u00e4rsfulla stolar med en...\" \/>\n<meta property=\"og:url\" content=\"https:\/\/truusk.store\/sv\/produkt\/truusk-2-pack-stolar-i-boho-stil-koksstolar-av-pe-rattan-matt-56-x-60-x-79-cm-natur-vit\/\" \/>\n<meta property=\"og:site_name\" content=\"TRUUSK - Hem, Tr\u00e4dg\u00e5rd &amp; Fritid\" \/>\n<meta property=\"article:modified_time\" content=\"2026-03-12T08:26:38+00:00\" \/>\n<meta property=\"og:image\" content=\"https:\/\/i0.wp.com\/truusk.se\/wp-content\/uploads\/2025\/10\/2-pack-stolar-i-boho-stil-koksstolar-pe-rattan-56-x-60-x-79-cm-natur-vit-1.webp?fit=2000%2C2000&ssl=1\" \/>\n\t<meta property=\"og:image:width\" content=\"2000\" \/>\n\t<meta property=\"og:image:height\" content=\"2000\" \/>\n\t<meta property=\"og:image:type\" content=\"image\/webp\" \/>\n<meta name=\"twitter:card\" content=\"summary_large_image\" \/>\n<meta name=\"twitter:label1\" content=\"Ber\u00e4knad l\u00e4stid\" \/>\n\t<meta name=\"twitter:data1\" content=\"1 minut\" \/>\n<!-- \/ Yoast SEO plugin. -->","yoast_head_json":{"title":"TRUUSK 2-pack Stolar i Boho-stil - K\u00f6ksstolar av PE-rattan - M\u00e5tt 56 x 60 x 79 cm - Natur + vit - TRUUSK - Hem, Tr\u00e4dg\u00e5rd &amp; Fritid","robots":{"index":"index","follow":"follow","max-snippet":"max-snippet:-1","max-image-preview":"max-image-preview:large","max-video-preview":"max-video-preview:-1"},"canonical":"https:\/\/truusk.store\/sv\/produkt\/truusk-2-pack-stolar-i-boho-stil-koksstolar-av-pe-rattan-matt-56-x-60-x-79-cm-natur-vit\/","og_locale":"sv_SE","og_type":"article","og_title":"TRUUSK 2-pack Stolar i Boho-stil - K\u00f6ksstolar av PE-rattan - M\u00e5tt 56 x 60 x 79 cm - Natur + vit - TRUUSK - Hem, Tr\u00e4dg\u00e5rd &amp; Fritid","og_description":"Matsalsstolarna fr\u00e5n TRUUSK \u00e4r det perfekta tillskottet till ditt k\u00f6k eller matsal. Setet best\u00e5r av tv\u00e5 karakt\u00e4rsfulla stolar med en...","og_url":"https:\/\/truusk.store\/sv\/produkt\/truusk-2-pack-stolar-i-boho-stil-koksstolar-av-pe-rattan-matt-56-x-60-x-79-cm-natur-vit\/","og_site_name":"TRUUSK - Hem, Tr\u00e4dg\u00e5rd &amp; Fritid","article_modified_time":"2026-03-12T08:26:38+00:00","og_image":[{"width":2000,"height":2000,"url":"https:\/\/i0.wp.com\/truusk.se\/wp-content\/uploads\/2025\/10\/2-pack-stolar-i-boho-stil-koksstolar-pe-rattan-56-x-60-x-79-cm-natur-vit-1.webp?fit=2000%2C2000&ssl=1","type":"image\/webp"}],"twitter_card":"summary_large_image","twitter_misc":{"Ber\u00e4knad l\u00e4stid":"1 minut"},"schema":{"@context":"https:\/\/schema.org","@graph":[{"@type":"WebPage","@id":"https:\/\/truusk.store\/sv\/produkt\/truusk-2-pack-stolar-i-boho-stil-koksstolar-av-pe-rattan-matt-56-x-60-x-79-cm-natur-vit\/","url":"https:\/\/truusk.store\/sv\/produkt\/truusk-2-pack-stolar-i-boho-stil-koksstolar-av-pe-rattan-matt-56-x-60-x-79-cm-natur-vit\/","name":"TRUUSK 2-pack Stolar i Boho-stil - K\u00f6ksstolar av PE-rattan - M\u00e5tt 56 x 60 x 79 cm - Natur + vit - TRUUSK - Hem, Tr\u00e4dg\u00e5rd &amp; Fritid","isPartOf":{"@id":"https:\/\/truusk.store\/sv\/#website"},"primaryImageOfPage":{"@id":"https:\/\/truusk.store\/sv\/produkt\/truusk-2-pack-stolar-i-boho-stil-koksstolar-av-pe-rattan-matt-56-x-60-x-79-cm-natur-vit\/#primaryimage"},"image":{"@id":"https:\/\/truusk.store\/sv\/produkt\/truusk-2-pack-stolar-i-boho-stil-koksstolar-av-pe-rattan-matt-56-x-60-x-79-cm-natur-vit\/#primaryimage"},"thumbnailUrl":"https:\/\/i0.wp.com\/truusk.store\/wp-content\/uploads\/2025\/10\/2-pack-stolar-i-boho-stil-koksstolar-pe-rattan-56-x-60-x-79-cm-natur-vit-1.webp?fit=2000%2C2000&ssl=1","datePublished":"2025-10-16T11:14:41+00:00","dateModified":"2026-03-12T08:26:38+00:00","breadcrumb":{"@id":"https:\/\/truusk.store\/sv\/produkt\/truusk-2-pack-stolar-i-boho-stil-koksstolar-av-pe-rattan-matt-56-x-60-x-79-cm-natur-vit\/#breadcrumb"},"inLanguage":"sv-SE","potentialAction":[{"@type":"ReadAction","target":["https:\/\/truusk.store\/sv\/produkt\/truusk-2-pack-stolar-i-boho-stil-koksstolar-av-pe-rattan-matt-56-x-60-x-79-cm-natur-vit\/"]}]},{"@type":"ImageObject","inLanguage":"sv-SE","@id":"https:\/\/truusk.store\/sv\/produkt\/truusk-2-pack-stolar-i-boho-stil-koksstolar-av-pe-rattan-matt-56-x-60-x-79-cm-natur-vit\/#primaryimage","url":"https:\/\/i0.wp.com\/truusk.store\/wp-content\/uploads\/2025\/10\/2-pack-stolar-i-boho-stil-koksstolar-pe-rattan-56-x-60-x-79-cm-natur-vit-1.webp?fit=2000%2C2000&ssl=1","contentUrl":"https:\/\/i0.wp.com\/truusk.store\/wp-content\/uploads\/2025\/10\/2-pack-stolar-i-boho-stil-koksstolar-pe-rattan-56-x-60-x-79-cm-natur-vit-1.webp?fit=2000%2C2000&ssl=1","width":2000,"height":2000},{"@type":"BreadcrumbList","@id":"https:\/\/truusk.store\/sv\/produkt\/truusk-2-pack-stolar-i-boho-stil-koksstolar-av-pe-rattan-matt-56-x-60-x-79-cm-natur-vit\/#breadcrumb","itemListElement":[{"@type":"ListItem","position":1,"name":"Home","item":"https:\/\/truusk.store\/sv\/"},{"@type":"ListItem","position":2,"name":"Shop","item":"https:\/\/truusk.store\/shop\/"},{"@type":"ListItem","position":3,"name":"TRUUSK 2-pack Stolar i Boho-stil &#8211; K\u00f6ksstolar av PE-rattan &#8211; M\u00e5tt 56 x 60 x 79 cm &#8211; Natur + vit"}]},{"@type":"WebSite","@id":"https:\/\/truusk.store\/sv\/#website","url":"https:\/\/truusk.store\/sv\/","name":"TRUUSK - Hem, Tr\u00e4dg\u00e5rd & Fritid","description":"","publisher":{"@id":"https:\/\/truusk.store\/sv\/#organization"},"potentialAction":[{"@type":"SearchAction","target":{"@type":"EntryPoint","urlTemplate":"https:\/\/truusk.store\/sv\/?s={search_term_string}"},"query-input":{"@type":"PropertyValueSpecification","valueRequired":true,"valueName":"search_term_string"}}],"inLanguage":"sv-SE"},{"@type":"Organization","@id":"https:\/\/truusk.store\/sv\/#organization","name":"TRUUSK - Hem, Tr\u00e4dg\u00e5rd & Fritid","url":"https:\/\/truusk.store\/sv\/","logo":{"@type":"ImageObject","inLanguage":"sv-SE","@id":"https:\/\/truusk.store\/sv\/#\/schema\/logo\/image\/","url":"https:\/\/i0.wp.com\/truusk.store\/wp-content\/uploads\/2026\/03\/cropped-TRUUSK.png?fit=2032%2C917&ssl=1","contentUrl":"https:\/\/i0.wp.com\/truusk.store\/wp-content\/uploads\/2026\/03\/cropped-TRUUSK.png?fit=2032%2C917&ssl=1","width":2032,"height":917,"caption":"TRUUSK - Hem, Tr\u00e4dg\u00e5rd & Fritid"},"image":{"@id":"https:\/\/truusk.store\/sv\/#\/schema\/logo\/image\/"}}]}},"jetpack_sharing_enabled":true,"_links":{"self":[{"href":"https:\/\/truusk.store\/sv\/wp-json\/wp\/v2\/product\/93646","targetHints":{"allow":["GET"]}}],"collection":[{"href":"https:\/\/truusk.store\/sv\/wp-json\/wp\/v2\/product"}],"about":[{"href":"https:\/\/truusk.store\/sv\/wp-json\/wp\/v2\/types\/product"}],"wp:featuredmedia":[{"embeddable":true,"href":"https:\/\/truusk.store\/sv\/wp-json\/wp\/v2\/media\/93637"}],"wp:attachment":[{"href":"https:\/\/truusk.store\/sv\/wp-json\/wp\/v2\/media?parent=93646"}],"wp:term":[{"taxonomy":"product_brand","embeddable":true,"href":"https:\/\/truusk.store\/sv\/wp-json\/wp\/v2\/product_brand?post=93646"},{"taxonomy":"product_cat","embeddable":true,"href":"https:\/\/truusk.store\/sv\/wp-json\/wp\/v2\/product_cat?post=93646"},{"taxonomy":"product_tag","embeddable":true,"href":"https:\/\/truusk.store\/sv\/wp-json\/wp\/v2\/product_tag?post=93646"}],"curies":[{"name":"wp","href":"https:\/\/api.w.org\/{rel}","templated":true}]}}