{"id":93656,"date":"2025-10-16T12:16:31","date_gmt":"2025-10-16T11:16:31","guid":{"rendered":"https:\/\/truusk.store\/product\/vaxthusfilm-reservplan-vattentat-upprullbara-fonster-dorr-140-x-143-x-190-cm-vit\/"},"modified":"2026-03-12T09:32:18","modified_gmt":"2026-03-12T08:32:18","slug":"truusk-vaxthusfilm-med-reservplan-vattentat-upprullbara-fonster-dorr-140-x-143-x-190-cm-vit","status":"publish","type":"product","link":"https:\/\/truusk.store\/sv\/produkt\/truusk-vaxthusfilm-med-reservplan-vattentat-upprullbara-fonster-dorr-140-x-143-x-190-cm-vit\/","title":{"rendered":"TRUUSK V\u00e4xthusfilm med Reservplan &#8211; Vattent\u00e4t &#8211; Upprullbara F\u00f6nster &amp; D\u00f6rr &#8211; 140 x 143 x 190 cm &#8211; Vit"},"content":{"rendered":"<p>Skydda dina v\u00e4xter med h\u00f6gkvalitativ v\u00e4xthusfilm fr\u00e5n TRUUSK! Denna slitstarka v\u00e4xthusfilm ser till att dina v\u00e4xter trivs optimalt \u00e4ven vid vinterliga temperaturer. De praktiska, upprullbara d\u00f6rrarna och f\u00f6nstren p\u00e5 v\u00e4xthusfilmen m\u00f6jligg\u00f6r enkel \u00e5tkomst och utm\u00e4rkt ventilation. F\u00f6rl\u00e4ng livsl\u00e4ngden p\u00e5 ditt v\u00e4xthus och \u00f6ka dess v\u00e4rde. Investera i skyddet av din sk\u00f6rd och njut av friska v\u00e4xter \u00e5ret runt!<\/p>\n<p>Beskrivning:<\/p>\n<ul>\n<li> Vattent\u00e4t presenning, passar f\u00f6r TRUUSK v\u00e4xthus: 845-510<\/li>\n<li> Idealisk f\u00f6r att ers\u00e4tta skadade \u00f6verdrag, f\u00f6r att f\u00f6rl\u00e4nga produktens livsl\u00e4ngd och spara kostnader<\/li>\n<li> Kantning f\u00f6r att f\u00f6rst\u00e4rka \u00f6verdraget och f\u00f6rhindra sprickor<\/li>\n<li> UV-resistent bel\u00e4ggning p\u00e5 v\u00e4xthusfilmen skyddar dina v\u00e4xter fr\u00e5n intensivt solljus och saktar ner \u00e5ldrandet<\/li>\n<li> Upprullbara d\u00f6rrar och n\u00e4t f\u00f6nster p\u00e5 tomat husfilmen f\u00f6r enkel \u00e5tkomst och f\u00f6rb\u00e4ttrad korsventilation f\u00f6r att kontrollera temperatur och luftfuktighet<\/li>\n<li> \u00d6verl\u00e5ngt \u00f6verdrag av v\u00e4xthusfilmen ger mer stabilitet och s\u00e4kerhet till v\u00e4xthuset<\/li>\n<li> V\u00e4nligen m\u00e4t storleken p\u00e5 ditt v\u00e4xthus innan k\u00f6p<\/li>\n<\/ul>\n<p>Tekniska data:<\/p>\n<ul>\n<li> F\u00e4rg: Vit<\/li>\n<li> Material: Plast<\/li>\n<li> Totala dimensioner: 140L x 143B x 190H cm<\/li>\n<li> D\u00f6rrdimensioner: 86B x 160H cm<\/li>\n<li> F\u00f6nsterdimensioner: 30B x 30H cm<\/li>\n<\/ul>\n<p>Leveransinneh\u00e5ll:<\/p>\n<ul>\n<li> 1 x V\u00e4xthus\u00f6verdrag<\/li>\n<li> 1 x Instruktioner<\/li>\n<\/ul>\n","protected":false},"excerpt":{"rendered":"<p>Skydda dina v\u00e4xter med h\u00f6gkvalitativ v\u00e4xthusfilm fr\u00e5n TRUUSK! Denna slitstarka v\u00e4xthusfilm ser till att dina v\u00e4xter trivs optimalt \u00e4ven vid&#8230;<\/p>\n","protected":false},"featured_media":93647,"template":"","meta":[],"product_brand":[],"product_cat":[903,858,443],"product_tag":[],"class_list":{"0":"post-93656","1":"product","2":"type-product","3":"status-publish","4":"has-post-thumbnail","6":"product_cat-plastvaxthus","7":"product_cat-tradgard-terrass","8":"product_cat-vaxthus-tradgardsskotsel","10":"first","11":"instock","12":"sale","13":"taxable","14":"shipping-taxable","15":"purchasable","16":"product-type-simple"},"yoast_head":"<!-- This site is optimized with the Yoast SEO plugin v25.4 - https:\/\/yoast.com\/wordpress\/plugins\/seo\/ -->\n<title>TRUUSK V\u00e4xthusfilm med Reservplan - Vattent\u00e4t - Upprullbara F\u00f6nster &amp; D\u00f6rr - 140 x 143 x 190 cm - Vit - TRUUSK - Hem, Tr\u00e4dg\u00e5rd &amp; Fritid<\/title>\n<meta name=\"robots\" content=\"index, follow, max-snippet:-1, max-image-preview:large, max-video-preview:-1\" \/>\n<link rel=\"canonical\" href=\"https:\/\/truusk.store\/sv\/produkt\/truusk-vaxthusfilm-med-reservplan-vattentat-upprullbara-fonster-dorr-140-x-143-x-190-cm-vit\/\" \/>\n<meta property=\"og:locale\" content=\"sv_SE\" \/>\n<meta property=\"og:type\" content=\"article\" \/>\n<meta property=\"og:title\" content=\"TRUUSK V\u00e4xthusfilm med Reservplan - Vattent\u00e4t - Upprullbara F\u00f6nster &amp; D\u00f6rr - 140 x 143 x 190 cm - Vit - TRUUSK - Hem, Tr\u00e4dg\u00e5rd &amp; Fritid\" \/>\n<meta property=\"og:description\" content=\"Skydda dina v\u00e4xter med h\u00f6gkvalitativ v\u00e4xthusfilm fr\u00e5n TRUUSK! Denna slitstarka v\u00e4xthusfilm ser till att dina v\u00e4xter trivs optimalt \u00e4ven vid...\" \/>\n<meta property=\"og:url\" content=\"https:\/\/truusk.store\/sv\/produkt\/truusk-vaxthusfilm-med-reservplan-vattentat-upprullbara-fonster-dorr-140-x-143-x-190-cm-vit\/\" \/>\n<meta property=\"og:site_name\" content=\"TRUUSK - Hem, Tr\u00e4dg\u00e5rd &amp; Fritid\" \/>\n<meta property=\"article:modified_time\" content=\"2026-03-12T08:32:18+00:00\" \/>\n<meta property=\"og:image\" content=\"https:\/\/i0.wp.com\/truusk.se\/wp-content\/uploads\/2025\/10\/vaxthusfilm-reservplan-vattentat-upprullbara-fonster-dorr-140-x-143-x-190-cm-vit-1.webp?fit=2000%2C2000&ssl=1\" \/>\n\t<meta property=\"og:image:width\" content=\"2000\" \/>\n\t<meta property=\"og:image:height\" content=\"2000\" \/>\n\t<meta property=\"og:image:type\" content=\"image\/webp\" \/>\n<meta name=\"twitter:card\" content=\"summary_large_image\" \/>\n<meta name=\"twitter:label1\" content=\"Ber\u00e4knad l\u00e4stid\" \/>\n\t<meta name=\"twitter:data1\" content=\"1 minut\" \/>\n<!-- \/ Yoast SEO plugin. -->","yoast_head_json":{"title":"TRUUSK V\u00e4xthusfilm med Reservplan - Vattent\u00e4t - Upprullbara F\u00f6nster &amp; D\u00f6rr - 140 x 143 x 190 cm - Vit - TRUUSK - Hem, Tr\u00e4dg\u00e5rd &amp; Fritid","robots":{"index":"index","follow":"follow","max-snippet":"max-snippet:-1","max-image-preview":"max-image-preview:large","max-video-preview":"max-video-preview:-1"},"canonical":"https:\/\/truusk.store\/sv\/produkt\/truusk-vaxthusfilm-med-reservplan-vattentat-upprullbara-fonster-dorr-140-x-143-x-190-cm-vit\/","og_locale":"sv_SE","og_type":"article","og_title":"TRUUSK V\u00e4xthusfilm med Reservplan - Vattent\u00e4t - Upprullbara F\u00f6nster &amp; D\u00f6rr - 140 x 143 x 190 cm - Vit - TRUUSK - Hem, Tr\u00e4dg\u00e5rd &amp; Fritid","og_description":"Skydda dina v\u00e4xter med h\u00f6gkvalitativ v\u00e4xthusfilm fr\u00e5n TRUUSK! Denna slitstarka v\u00e4xthusfilm ser till att dina v\u00e4xter trivs optimalt \u00e4ven vid...","og_url":"https:\/\/truusk.store\/sv\/produkt\/truusk-vaxthusfilm-med-reservplan-vattentat-upprullbara-fonster-dorr-140-x-143-x-190-cm-vit\/","og_site_name":"TRUUSK - Hem, Tr\u00e4dg\u00e5rd &amp; Fritid","article_modified_time":"2026-03-12T08:32:18+00:00","og_image":[{"width":2000,"height":2000,"url":"https:\/\/i0.wp.com\/truusk.se\/wp-content\/uploads\/2025\/10\/vaxthusfilm-reservplan-vattentat-upprullbara-fonster-dorr-140-x-143-x-190-cm-vit-1.webp?fit=2000%2C2000&ssl=1","type":"image\/webp"}],"twitter_card":"summary_large_image","twitter_misc":{"Ber\u00e4knad l\u00e4stid":"1 minut"},"schema":{"@context":"https:\/\/schema.org","@graph":[{"@type":"WebPage","@id":"https:\/\/truusk.store\/sv\/produkt\/truusk-vaxthusfilm-med-reservplan-vattentat-upprullbara-fonster-dorr-140-x-143-x-190-cm-vit\/","url":"https:\/\/truusk.store\/sv\/produkt\/truusk-vaxthusfilm-med-reservplan-vattentat-upprullbara-fonster-dorr-140-x-143-x-190-cm-vit\/","name":"TRUUSK V\u00e4xthusfilm med Reservplan - Vattent\u00e4t - Upprullbara F\u00f6nster &amp; D\u00f6rr - 140 x 143 x 190 cm - Vit - TRUUSK - Hem, Tr\u00e4dg\u00e5rd &amp; Fritid","isPartOf":{"@id":"https:\/\/truusk.store\/sv\/#website"},"primaryImageOfPage":{"@id":"https:\/\/truusk.store\/sv\/produkt\/truusk-vaxthusfilm-med-reservplan-vattentat-upprullbara-fonster-dorr-140-x-143-x-190-cm-vit\/#primaryimage"},"image":{"@id":"https:\/\/truusk.store\/sv\/produkt\/truusk-vaxthusfilm-med-reservplan-vattentat-upprullbara-fonster-dorr-140-x-143-x-190-cm-vit\/#primaryimage"},"thumbnailUrl":"https:\/\/i0.wp.com\/truusk.store\/wp-content\/uploads\/2025\/10\/vaxthusfilm-reservplan-vattentat-upprullbara-fonster-dorr-140-x-143-x-190-cm-vit-1.webp?fit=2000%2C2000&ssl=1","datePublished":"2025-10-16T11:16:31+00:00","dateModified":"2026-03-12T08:32:18+00:00","breadcrumb":{"@id":"https:\/\/truusk.store\/sv\/produkt\/truusk-vaxthusfilm-med-reservplan-vattentat-upprullbara-fonster-dorr-140-x-143-x-190-cm-vit\/#breadcrumb"},"inLanguage":"sv-SE","potentialAction":[{"@type":"ReadAction","target":["https:\/\/truusk.store\/sv\/produkt\/truusk-vaxthusfilm-med-reservplan-vattentat-upprullbara-fonster-dorr-140-x-143-x-190-cm-vit\/"]}]},{"@type":"ImageObject","inLanguage":"sv-SE","@id":"https:\/\/truusk.store\/sv\/produkt\/truusk-vaxthusfilm-med-reservplan-vattentat-upprullbara-fonster-dorr-140-x-143-x-190-cm-vit\/#primaryimage","url":"https:\/\/i0.wp.com\/truusk.store\/wp-content\/uploads\/2025\/10\/vaxthusfilm-reservplan-vattentat-upprullbara-fonster-dorr-140-x-143-x-190-cm-vit-1.webp?fit=2000%2C2000&ssl=1","contentUrl":"https:\/\/i0.wp.com\/truusk.store\/wp-content\/uploads\/2025\/10\/vaxthusfilm-reservplan-vattentat-upprullbara-fonster-dorr-140-x-143-x-190-cm-vit-1.webp?fit=2000%2C2000&ssl=1","width":2000,"height":2000},{"@type":"BreadcrumbList","@id":"https:\/\/truusk.store\/sv\/produkt\/truusk-vaxthusfilm-med-reservplan-vattentat-upprullbara-fonster-dorr-140-x-143-x-190-cm-vit\/#breadcrumb","itemListElement":[{"@type":"ListItem","position":1,"name":"Home","item":"https:\/\/truusk.store\/sv\/"},{"@type":"ListItem","position":2,"name":"Shop","item":"https:\/\/truusk.store\/shop\/"},{"@type":"ListItem","position":3,"name":"TRUUSK V\u00e4xthusfilm med Reservplan &#8211; Vattent\u00e4t &#8211; Upprullbara F\u00f6nster &amp; D\u00f6rr &#8211; 140 x 143 x 190 cm &#8211; Vit"}]},{"@type":"WebSite","@id":"https:\/\/truusk.store\/sv\/#website","url":"https:\/\/truusk.store\/sv\/","name":"TRUUSK - Hem, Tr\u00e4dg\u00e5rd & Fritid","description":"","publisher":{"@id":"https:\/\/truusk.store\/sv\/#organization"},"potentialAction":[{"@type":"SearchAction","target":{"@type":"EntryPoint","urlTemplate":"https:\/\/truusk.store\/sv\/?s={search_term_string}"},"query-input":{"@type":"PropertyValueSpecification","valueRequired":true,"valueName":"search_term_string"}}],"inLanguage":"sv-SE"},{"@type":"Organization","@id":"https:\/\/truusk.store\/sv\/#organization","name":"TRUUSK - Hem, Tr\u00e4dg\u00e5rd & Fritid","url":"https:\/\/truusk.store\/sv\/","logo":{"@type":"ImageObject","inLanguage":"sv-SE","@id":"https:\/\/truusk.store\/sv\/#\/schema\/logo\/image\/","url":"https:\/\/i0.wp.com\/truusk.store\/wp-content\/uploads\/2026\/03\/cropped-TRUUSK.png?fit=2032%2C917&ssl=1","contentUrl":"https:\/\/i0.wp.com\/truusk.store\/wp-content\/uploads\/2026\/03\/cropped-TRUUSK.png?fit=2032%2C917&ssl=1","width":2032,"height":917,"caption":"TRUUSK - Hem, Tr\u00e4dg\u00e5rd & Fritid"},"image":{"@id":"https:\/\/truusk.store\/sv\/#\/schema\/logo\/image\/"}}]}},"jetpack_sharing_enabled":true,"_links":{"self":[{"href":"https:\/\/truusk.store\/sv\/wp-json\/wp\/v2\/product\/93656","targetHints":{"allow":["GET"]}}],"collection":[{"href":"https:\/\/truusk.store\/sv\/wp-json\/wp\/v2\/product"}],"about":[{"href":"https:\/\/truusk.store\/sv\/wp-json\/wp\/v2\/types\/product"}],"wp:featuredmedia":[{"embeddable":true,"href":"https:\/\/truusk.store\/sv\/wp-json\/wp\/v2\/media\/93647"}],"wp:attachment":[{"href":"https:\/\/truusk.store\/sv\/wp-json\/wp\/v2\/media?parent=93656"}],"wp:term":[{"taxonomy":"product_brand","embeddable":true,"href":"https:\/\/truusk.store\/sv\/wp-json\/wp\/v2\/product_brand?post=93656"},{"taxonomy":"product_cat","embeddable":true,"href":"https:\/\/truusk.store\/sv\/wp-json\/wp\/v2\/product_cat?post=93656"},{"taxonomy":"product_tag","embeddable":true,"href":"https:\/\/truusk.store\/sv\/wp-json\/wp\/v2\/product_tag?post=93656"}],"curies":[{"name":"wp","href":"https:\/\/api.w.org\/{rel}","templated":true}]}}