{"id":93676,"date":"2025-10-16T12:19:39","date_gmt":"2025-10-16T11:19:39","guid":{"rendered":"https:\/\/truusk.store\/product\/sidovagn-med-hjul-3-korgar-for-transport-och-forvaring-koksvagn-408l-x-335b-x-605h-cm-svart\/"},"modified":"2026-03-12T09:37:23","modified_gmt":"2026-03-12T08:37:23","slug":"truusk-sidovagn-med-hjul-3-korgar-koksvagn-forvaring-408l-x-335b-x-605h-cm-svart","status":"publish","type":"product","link":"https:\/\/truusk.store\/sv\/produkt\/truusk-sidovagn-med-hjul-3-korgar-koksvagn-forvaring-408l-x-335b-x-605h-cm-svart\/","title":{"rendered":"TRUUSK Sidovagn med Hjul &#8211; 3 Korgar &#8211; K\u00f6ksvagn &#8211; F\u00f6rvaring &#8211; 40,8L x 33,5B x 60,5H cm &#8211; Svart"},"content":{"rendered":"<p>Med TRUUSK f\u00f6rvaringsvagnen f\u00e5r du mer ordning i ditt hem. Denna praktiska rullvagn \u00e4r den idealiska hj\u00e4lparen f\u00f6r din vardag. Tack vare de tre stora korgarna kan alla m\u00f6jliga tillbeh\u00f6r f\u00f6rvaras \u00f6versk\u00e5dligt och enkelt transporteras fr\u00e5n rum till rum. Den kompakta designen och den stabila, lackerade st\u00e5lramen p\u00e5 nischvagnen ger ocks\u00e5 ett attraktivt utseende som passar i alla inredningsstilar.<\/p>\n<p>Beskrivning:<\/p>\n<ul>\n<li> Denna sidovagn med hjul har tre f\u00f6rvaringskorgar f\u00f6r att ordna m\u00e5nga saker snyggt<\/li>\n<li> Utrustad med fyra hjul som f\u00f6rb\u00e4ttrar dess r\u00f6rlighet<\/li>\n<li> Tv\u00e5 av hjulen kan l\u00e5sas f\u00f6r att s\u00e4kerst\u00e4lla stabilitet n\u00e4r den \u00e4r parkerad<\/li>\n<li> Tack vare den kompakta och flexibla designen p\u00e5 serveringsvagnen \u00e4r denna sidovagn l\u00e4mplig f\u00f6r olika rum<\/li>\n<li> Denna nischhylla har en robust ram av lackerat st\u00e5l och korgar av plast. D\u00e4rf\u00f6r \u00e4r den slitstark och l\u00e4tt att reng\u00f6ra<\/li>\n<li> L\u00e4tt att montera<\/li>\n<\/ul>\n<p>Tekniska data:<\/p>\n<ul>\n<li> F\u00e4rg: Svart<\/li>\n<li> Material: St\u00e5l, plast<\/li>\n<li> Totala dimensioner: 40,8L x 33,5B x 60,5H cm<\/li>\n<li> Korgm\u00e5tt: 37,5L x 33B x 11H cm<\/li>\n<li> H\u00f6jd p\u00e5 korgniv\u00e5: 3 cm<\/li>\n<li> H\u00f6jd fr\u00e5n golvet: 10,5 cm<\/li>\n<li> B\u00e4rkapacitet: 12 kg (totalt), 3 kg (per niv\u00e5), 3 kg (arbetsyta)<\/li>\n<\/ul>\n<p>Leveransinneh\u00e5ll:<\/p>\n<ul>\n<li> 1 x Sidovagn<\/li>\n<li> 1 x Bruksanvisning<\/li>\n<\/ul>\n","protected":false},"excerpt":{"rendered":"<p>Med TRUUSK f\u00f6rvaringsvagnen f\u00e5r du mer ordning i ditt hem. Denna praktiska rullvagn \u00e4r den idealiska hj\u00e4lparen f\u00f6r din vardag&#8230;.<\/p>\n","protected":false},"featured_media":93660,"template":"","meta":[],"product_brand":[],"product_cat":[871,889,503],"product_tag":[],"class_list":{"0":"post-93676","1":"product","2":"type-product","3":"status-publish","4":"has-post-thumbnail","6":"product_cat-hus-hem","7":"product_cat-kok-matsal","8":"product_cat-serveringsvagn","10":"first","11":"instock","12":"sale","13":"taxable","14":"shipping-taxable","15":"purchasable","16":"product-type-simple"},"yoast_head":"<!-- This site is optimized with the Yoast SEO plugin v25.4 - https:\/\/yoast.com\/wordpress\/plugins\/seo\/ -->\n<title>TRUUSK Sidovagn med Hjul - 3 Korgar - K\u00f6ksvagn - F\u00f6rvaring - 40,8L x 33,5B x 60,5H cm - Svart - TRUUSK - Hem, Tr\u00e4dg\u00e5rd &amp; Fritid<\/title>\n<meta name=\"robots\" content=\"index, follow, max-snippet:-1, max-image-preview:large, max-video-preview:-1\" \/>\n<link rel=\"canonical\" href=\"https:\/\/truusk.store\/sv\/produkt\/truusk-sidovagn-med-hjul-3-korgar-koksvagn-forvaring-408l-x-335b-x-605h-cm-svart\/\" \/>\n<meta property=\"og:locale\" content=\"sv_SE\" \/>\n<meta property=\"og:type\" content=\"article\" \/>\n<meta property=\"og:title\" content=\"TRUUSK Sidovagn med Hjul - 3 Korgar - K\u00f6ksvagn - F\u00f6rvaring - 40,8L x 33,5B x 60,5H cm - Svart - TRUUSK - Hem, Tr\u00e4dg\u00e5rd &amp; Fritid\" \/>\n<meta property=\"og:description\" content=\"Med TRUUSK f\u00f6rvaringsvagnen f\u00e5r du mer ordning i ditt hem. Denna praktiska rullvagn \u00e4r den idealiska hj\u00e4lparen f\u00f6r din vardag....\" \/>\n<meta property=\"og:url\" content=\"https:\/\/truusk.store\/sv\/produkt\/truusk-sidovagn-med-hjul-3-korgar-koksvagn-forvaring-408l-x-335b-x-605h-cm-svart\/\" \/>\n<meta property=\"og:site_name\" content=\"TRUUSK - Hem, Tr\u00e4dg\u00e5rd &amp; Fritid\" \/>\n<meta property=\"article:modified_time\" content=\"2026-03-12T08:37:23+00:00\" \/>\n<meta property=\"og:image\" content=\"https:\/\/i0.wp.com\/truusk.se\/wp-content\/uploads\/2025\/10\/sidovagn-med-hjul-3-korgar-for-transport-och-forvaring-koksvagn-408l-x-335b-x-605h-cm-svart-1.webp?fit=2000%2C2000&ssl=1\" \/>\n\t<meta property=\"og:image:width\" content=\"2000\" \/>\n\t<meta property=\"og:image:height\" content=\"2000\" \/>\n\t<meta property=\"og:image:type\" content=\"image\/webp\" \/>\n<meta name=\"twitter:card\" content=\"summary_large_image\" \/>\n<meta name=\"twitter:label1\" content=\"Ber\u00e4knad l\u00e4stid\" \/>\n\t<meta name=\"twitter:data1\" content=\"1 minut\" \/>\n<!-- \/ Yoast SEO plugin. -->","yoast_head_json":{"title":"TRUUSK Sidovagn med Hjul - 3 Korgar - K\u00f6ksvagn - F\u00f6rvaring - 40,8L x 33,5B x 60,5H cm - Svart - TRUUSK - Hem, Tr\u00e4dg\u00e5rd &amp; Fritid","robots":{"index":"index","follow":"follow","max-snippet":"max-snippet:-1","max-image-preview":"max-image-preview:large","max-video-preview":"max-video-preview:-1"},"canonical":"https:\/\/truusk.store\/sv\/produkt\/truusk-sidovagn-med-hjul-3-korgar-koksvagn-forvaring-408l-x-335b-x-605h-cm-svart\/","og_locale":"sv_SE","og_type":"article","og_title":"TRUUSK Sidovagn med Hjul - 3 Korgar - K\u00f6ksvagn - F\u00f6rvaring - 40,8L x 33,5B x 60,5H cm - Svart - TRUUSK - Hem, Tr\u00e4dg\u00e5rd &amp; Fritid","og_description":"Med TRUUSK f\u00f6rvaringsvagnen f\u00e5r du mer ordning i ditt hem. Denna praktiska rullvagn \u00e4r den idealiska hj\u00e4lparen f\u00f6r din vardag....","og_url":"https:\/\/truusk.store\/sv\/produkt\/truusk-sidovagn-med-hjul-3-korgar-koksvagn-forvaring-408l-x-335b-x-605h-cm-svart\/","og_site_name":"TRUUSK - Hem, Tr\u00e4dg\u00e5rd &amp; Fritid","article_modified_time":"2026-03-12T08:37:23+00:00","og_image":[{"width":2000,"height":2000,"url":"https:\/\/i0.wp.com\/truusk.se\/wp-content\/uploads\/2025\/10\/sidovagn-med-hjul-3-korgar-for-transport-och-forvaring-koksvagn-408l-x-335b-x-605h-cm-svart-1.webp?fit=2000%2C2000&ssl=1","type":"image\/webp"}],"twitter_card":"summary_large_image","twitter_misc":{"Ber\u00e4knad l\u00e4stid":"1 minut"},"schema":{"@context":"https:\/\/schema.org","@graph":[{"@type":"WebPage","@id":"https:\/\/truusk.store\/sv\/produkt\/truusk-sidovagn-med-hjul-3-korgar-koksvagn-forvaring-408l-x-335b-x-605h-cm-svart\/","url":"https:\/\/truusk.store\/sv\/produkt\/truusk-sidovagn-med-hjul-3-korgar-koksvagn-forvaring-408l-x-335b-x-605h-cm-svart\/","name":"TRUUSK Sidovagn med Hjul - 3 Korgar - K\u00f6ksvagn - F\u00f6rvaring - 40,8L x 33,5B x 60,5H cm - Svart - TRUUSK - Hem, Tr\u00e4dg\u00e5rd &amp; Fritid","isPartOf":{"@id":"https:\/\/truusk.store\/sv\/#website"},"primaryImageOfPage":{"@id":"https:\/\/truusk.store\/sv\/produkt\/truusk-sidovagn-med-hjul-3-korgar-koksvagn-forvaring-408l-x-335b-x-605h-cm-svart\/#primaryimage"},"image":{"@id":"https:\/\/truusk.store\/sv\/produkt\/truusk-sidovagn-med-hjul-3-korgar-koksvagn-forvaring-408l-x-335b-x-605h-cm-svart\/#primaryimage"},"thumbnailUrl":"https:\/\/i0.wp.com\/truusk.store\/wp-content\/uploads\/2025\/10\/sidovagn-med-hjul-3-korgar-for-transport-och-forvaring-koksvagn-408l-x-335b-x-605h-cm-svart-1.webp?fit=2000%2C2000&ssl=1","datePublished":"2025-10-16T11:19:39+00:00","dateModified":"2026-03-12T08:37:23+00:00","breadcrumb":{"@id":"https:\/\/truusk.store\/sv\/produkt\/truusk-sidovagn-med-hjul-3-korgar-koksvagn-forvaring-408l-x-335b-x-605h-cm-svart\/#breadcrumb"},"inLanguage":"sv-SE","potentialAction":[{"@type":"ReadAction","target":["https:\/\/truusk.store\/sv\/produkt\/truusk-sidovagn-med-hjul-3-korgar-koksvagn-forvaring-408l-x-335b-x-605h-cm-svart\/"]}]},{"@type":"ImageObject","inLanguage":"sv-SE","@id":"https:\/\/truusk.store\/sv\/produkt\/truusk-sidovagn-med-hjul-3-korgar-koksvagn-forvaring-408l-x-335b-x-605h-cm-svart\/#primaryimage","url":"https:\/\/i0.wp.com\/truusk.store\/wp-content\/uploads\/2025\/10\/sidovagn-med-hjul-3-korgar-for-transport-och-forvaring-koksvagn-408l-x-335b-x-605h-cm-svart-1.webp?fit=2000%2C2000&ssl=1","contentUrl":"https:\/\/i0.wp.com\/truusk.store\/wp-content\/uploads\/2025\/10\/sidovagn-med-hjul-3-korgar-for-transport-och-forvaring-koksvagn-408l-x-335b-x-605h-cm-svart-1.webp?fit=2000%2C2000&ssl=1","width":2000,"height":2000},{"@type":"BreadcrumbList","@id":"https:\/\/truusk.store\/sv\/produkt\/truusk-sidovagn-med-hjul-3-korgar-koksvagn-forvaring-408l-x-335b-x-605h-cm-svart\/#breadcrumb","itemListElement":[{"@type":"ListItem","position":1,"name":"Home","item":"https:\/\/truusk.store\/sv\/"},{"@type":"ListItem","position":2,"name":"Shop","item":"https:\/\/truusk.store\/shop\/"},{"@type":"ListItem","position":3,"name":"TRUUSK Sidovagn med Hjul &#8211; 3 Korgar &#8211; K\u00f6ksvagn &#8211; F\u00f6rvaring &#8211; 40,8L x 33,5B x 60,5H cm &#8211; Svart"}]},{"@type":"WebSite","@id":"https:\/\/truusk.store\/sv\/#website","url":"https:\/\/truusk.store\/sv\/","name":"TRUUSK - Hem, Tr\u00e4dg\u00e5rd & Fritid","description":"","publisher":{"@id":"https:\/\/truusk.store\/sv\/#organization"},"potentialAction":[{"@type":"SearchAction","target":{"@type":"EntryPoint","urlTemplate":"https:\/\/truusk.store\/sv\/?s={search_term_string}"},"query-input":{"@type":"PropertyValueSpecification","valueRequired":true,"valueName":"search_term_string"}}],"inLanguage":"sv-SE"},{"@type":"Organization","@id":"https:\/\/truusk.store\/sv\/#organization","name":"TRUUSK - Hem, Tr\u00e4dg\u00e5rd & Fritid","url":"https:\/\/truusk.store\/sv\/","logo":{"@type":"ImageObject","inLanguage":"sv-SE","@id":"https:\/\/truusk.store\/sv\/#\/schema\/logo\/image\/","url":"https:\/\/i0.wp.com\/truusk.store\/wp-content\/uploads\/2026\/03\/cropped-TRUUSK.png?fit=2032%2C917&ssl=1","contentUrl":"https:\/\/i0.wp.com\/truusk.store\/wp-content\/uploads\/2026\/03\/cropped-TRUUSK.png?fit=2032%2C917&ssl=1","width":2032,"height":917,"caption":"TRUUSK - Hem, Tr\u00e4dg\u00e5rd & Fritid"},"image":{"@id":"https:\/\/truusk.store\/sv\/#\/schema\/logo\/image\/"}}]}},"jetpack_sharing_enabled":true,"_links":{"self":[{"href":"https:\/\/truusk.store\/sv\/wp-json\/wp\/v2\/product\/93676","targetHints":{"allow":["GET"]}}],"collection":[{"href":"https:\/\/truusk.store\/sv\/wp-json\/wp\/v2\/product"}],"about":[{"href":"https:\/\/truusk.store\/sv\/wp-json\/wp\/v2\/types\/product"}],"wp:featuredmedia":[{"embeddable":true,"href":"https:\/\/truusk.store\/sv\/wp-json\/wp\/v2\/media\/93660"}],"wp:attachment":[{"href":"https:\/\/truusk.store\/sv\/wp-json\/wp\/v2\/media?parent=93676"}],"wp:term":[{"taxonomy":"product_brand","embeddable":true,"href":"https:\/\/truusk.store\/sv\/wp-json\/wp\/v2\/product_brand?post=93676"},{"taxonomy":"product_cat","embeddable":true,"href":"https:\/\/truusk.store\/sv\/wp-json\/wp\/v2\/product_cat?post=93676"},{"taxonomy":"product_tag","embeddable":true,"href":"https:\/\/truusk.store\/sv\/wp-json\/wp\/v2\/product_tag?post=93676"}],"curies":[{"name":"wp","href":"https:\/\/api.w.org\/{rel}","templated":true}]}}