{"id":93686,"date":"2025-10-16T12:20:47","date_gmt":"2025-10-16T11:20:47","guid":{"rendered":"https:\/\/truusk.store\/product\/hundbadd-utomhus-hundbadd-vaderbestandig-hojd-ram-106-x-76-x-94-cm-ljusgra\/"},"modified":"2026-03-12T09:38:07","modified_gmt":"2026-03-12T08:38:07","slug":"truusk-hundbadd-utomhus-vaderbestandig-hojd-ram-106-x-76-x-94-cm-ljusgra","status":"publish","type":"product","link":"https:\/\/truusk.store\/sv\/produkt\/truusk-hundbadd-utomhus-vaderbestandig-hojd-ram-106-x-76-x-94-cm-ljusgra\/","title":{"rendered":"TRUUSK Hundb\u00e4dd Utomhus &#8211; V\u00e4derbest\u00e4ndig &#8211; H\u00f6jd Ram &#8211; 106 x 76 x 94 cm &#8211; Ljusgr\u00e5"},"content":{"rendered":"<p>Sk\u00e4m bort din Bello med den stiliga hundb\u00e4dden fr\u00e5n TRUUSK, som erbjuder h\u00f6gsta komfort. Takduken som \u00e4r vatten- och UV-resistent skyddar din fyrbenta v\u00e4n fr\u00e5n sol och regn, medan det andningsbara n\u00e4t\u00f6verdraget ger en behaglig kylning. Perfekt f\u00f6r utomhus\u00e4ventyr, erbjuder denna kylande hundb\u00e4dd den perfekta tillflyktsorten f\u00f6r din favorit. Ge din hund den komfort han f\u00f6rtj\u00e4nar och njut av avkopplande timmar utomhus tillsammans.<\/p>\n<p>Beskrivning:<\/p>\n<ul>\n<li> Vattenavvisande och UV-resistent tak skyddar din hund fr\u00e5n elementen<\/li>\n<li> Andningsbart n\u00e4t\u00f6verdrag p\u00e5 liggytan ger kylande luftcirkulation<\/li>\n<li> Inkluderar b\u00e4rp\u00e5se f\u00f6r bekv\u00e4m transport och f\u00f6rvaring<\/li>\n<li> Rivbest\u00e4ndigt Oxford-polyester garanterar en l\u00e5ng livsl\u00e4ngd<\/li>\n<li> H\u00f6jt design f\u00f6rb\u00e4ttrar luftcirkulationen och f\u00f6rhindrar \u00f6verhettning<\/li>\n<li> Robust st\u00e5lram t\u00e5l h\u00f6g vikt utan att b\u00f6ja sig<\/li>\n<li> F\u00f6r mini- och sm\u00e5 hundar med en l\u00e4ngd under 65 cm och en vikt under 30 kg<\/li>\n<li> Enkel montering<\/li>\n<\/ul>\n<p> Tekniska data:<\/p>\n<ul>\n<li> F\u00e4rg: Ljusgr\u00e5<\/li>\n<li> Material: Oxfordpolyester, st\u00e5l, n\u00e4ttyg, polyester<\/li>\n<li> Totala dimensioner: 106L x 76B x 94H cm<\/li>\n<li> B\u00e4ddens dimensioner: 106L x 76B cm<\/li>\n<li> N\u00e4tomr\u00e5dets dimensioner: 16L x 46B cm\/26L x 46B cm<\/li>\n<li> B\u00e4rp\u00e5se: 80L x 26B cm<\/li>\n<li> Avst\u00e5nd till golvet: 18 cm<\/li>\n<\/ul>\n<p>Ing\u00e5r i leveransen:<\/p>\n<ul>\n<li> 1 x Husdjursb\u00e4dd<\/li>\n<li> 1 x Handbok<\/li>\n<\/ul>\n","protected":false},"excerpt":{"rendered":"<p>Sk\u00e4m bort din Bello med den stiliga hundb\u00e4dden fr\u00e5n TRUUSK, som erbjuder h\u00f6gsta komfort. Takduken som \u00e4r vatten- och UV-resistent&#8230;<\/p>\n","protected":false},"featured_media":93677,"template":"","meta":[],"product_brand":[],"product_cat":[947,576,574],"product_tag":[],"class_list":{"0":"post-93686","1":"product","2":"type-product","3":"status-publish","4":"has-post-thumbnail","6":"product_cat-djurtillbehor","7":"product_cat-hundsangar-hundsoffor","8":"product_cat-hundtillbehor","10":"first","11":"instock","12":"sale","13":"taxable","14":"shipping-taxable","15":"purchasable","16":"product-type-simple"},"yoast_head":"<!-- This site is optimized with the Yoast SEO plugin v25.4 - https:\/\/yoast.com\/wordpress\/plugins\/seo\/ -->\n<title>TRUUSK Hundb\u00e4dd Utomhus - V\u00e4derbest\u00e4ndig - H\u00f6jd Ram - 106 x 76 x 94 cm - Ljusgr\u00e5 - TRUUSK - Hem, Tr\u00e4dg\u00e5rd &amp; Fritid<\/title>\n<meta name=\"robots\" content=\"index, follow, max-snippet:-1, max-image-preview:large, max-video-preview:-1\" \/>\n<link rel=\"canonical\" href=\"https:\/\/truusk.store\/sv\/produkt\/truusk-hundbadd-utomhus-vaderbestandig-hojd-ram-106-x-76-x-94-cm-ljusgra\/\" \/>\n<meta property=\"og:locale\" content=\"sv_SE\" \/>\n<meta property=\"og:type\" content=\"article\" \/>\n<meta property=\"og:title\" content=\"TRUUSK Hundb\u00e4dd Utomhus - V\u00e4derbest\u00e4ndig - H\u00f6jd Ram - 106 x 76 x 94 cm - Ljusgr\u00e5 - TRUUSK - Hem, Tr\u00e4dg\u00e5rd &amp; Fritid\" \/>\n<meta property=\"og:description\" content=\"Sk\u00e4m bort din Bello med den stiliga hundb\u00e4dden fr\u00e5n TRUUSK, som erbjuder h\u00f6gsta komfort. Takduken som \u00e4r vatten- och UV-resistent...\" \/>\n<meta property=\"og:url\" content=\"https:\/\/truusk.store\/sv\/produkt\/truusk-hundbadd-utomhus-vaderbestandig-hojd-ram-106-x-76-x-94-cm-ljusgra\/\" \/>\n<meta property=\"og:site_name\" content=\"TRUUSK - Hem, Tr\u00e4dg\u00e5rd &amp; Fritid\" \/>\n<meta property=\"article:modified_time\" content=\"2026-03-12T08:38:07+00:00\" \/>\n<meta property=\"og:image\" content=\"https:\/\/i0.wp.com\/truusk.se\/wp-content\/uploads\/2025\/10\/hundbadd-utomhus-hundbadd-vaderbestandig-hojd-ram-106-x-76-x-94-cm-ljusgra-1.webp?fit=2000%2C2000&ssl=1\" \/>\n\t<meta property=\"og:image:width\" content=\"2000\" \/>\n\t<meta property=\"og:image:height\" content=\"2000\" \/>\n\t<meta property=\"og:image:type\" content=\"image\/webp\" \/>\n<meta name=\"twitter:card\" content=\"summary_large_image\" \/>\n<meta name=\"twitter:label1\" content=\"Ber\u00e4knad l\u00e4stid\" \/>\n\t<meta name=\"twitter:data1\" content=\"1 minut\" \/>\n<!-- \/ Yoast SEO plugin. -->","yoast_head_json":{"title":"TRUUSK Hundb\u00e4dd Utomhus - V\u00e4derbest\u00e4ndig - H\u00f6jd Ram - 106 x 76 x 94 cm - Ljusgr\u00e5 - TRUUSK - Hem, Tr\u00e4dg\u00e5rd &amp; Fritid","robots":{"index":"index","follow":"follow","max-snippet":"max-snippet:-1","max-image-preview":"max-image-preview:large","max-video-preview":"max-video-preview:-1"},"canonical":"https:\/\/truusk.store\/sv\/produkt\/truusk-hundbadd-utomhus-vaderbestandig-hojd-ram-106-x-76-x-94-cm-ljusgra\/","og_locale":"sv_SE","og_type":"article","og_title":"TRUUSK Hundb\u00e4dd Utomhus - V\u00e4derbest\u00e4ndig - H\u00f6jd Ram - 106 x 76 x 94 cm - Ljusgr\u00e5 - TRUUSK - Hem, Tr\u00e4dg\u00e5rd &amp; Fritid","og_description":"Sk\u00e4m bort din Bello med den stiliga hundb\u00e4dden fr\u00e5n TRUUSK, som erbjuder h\u00f6gsta komfort. Takduken som \u00e4r vatten- och UV-resistent...","og_url":"https:\/\/truusk.store\/sv\/produkt\/truusk-hundbadd-utomhus-vaderbestandig-hojd-ram-106-x-76-x-94-cm-ljusgra\/","og_site_name":"TRUUSK - Hem, Tr\u00e4dg\u00e5rd &amp; Fritid","article_modified_time":"2026-03-12T08:38:07+00:00","og_image":[{"width":2000,"height":2000,"url":"https:\/\/i0.wp.com\/truusk.se\/wp-content\/uploads\/2025\/10\/hundbadd-utomhus-hundbadd-vaderbestandig-hojd-ram-106-x-76-x-94-cm-ljusgra-1.webp?fit=2000%2C2000&ssl=1","type":"image\/webp"}],"twitter_card":"summary_large_image","twitter_misc":{"Ber\u00e4knad l\u00e4stid":"1 minut"},"schema":{"@context":"https:\/\/schema.org","@graph":[{"@type":"WebPage","@id":"https:\/\/truusk.store\/sv\/produkt\/truusk-hundbadd-utomhus-vaderbestandig-hojd-ram-106-x-76-x-94-cm-ljusgra\/","url":"https:\/\/truusk.store\/sv\/produkt\/truusk-hundbadd-utomhus-vaderbestandig-hojd-ram-106-x-76-x-94-cm-ljusgra\/","name":"TRUUSK Hundb\u00e4dd Utomhus - V\u00e4derbest\u00e4ndig - H\u00f6jd Ram - 106 x 76 x 94 cm - Ljusgr\u00e5 - TRUUSK - Hem, Tr\u00e4dg\u00e5rd &amp; Fritid","isPartOf":{"@id":"https:\/\/truusk.store\/sv\/#website"},"primaryImageOfPage":{"@id":"https:\/\/truusk.store\/sv\/produkt\/truusk-hundbadd-utomhus-vaderbestandig-hojd-ram-106-x-76-x-94-cm-ljusgra\/#primaryimage"},"image":{"@id":"https:\/\/truusk.store\/sv\/produkt\/truusk-hundbadd-utomhus-vaderbestandig-hojd-ram-106-x-76-x-94-cm-ljusgra\/#primaryimage"},"thumbnailUrl":"https:\/\/i0.wp.com\/truusk.store\/wp-content\/uploads\/2025\/10\/hundbadd-utomhus-hundbadd-vaderbestandig-hojd-ram-106-x-76-x-94-cm-ljusgra-1.webp?fit=2000%2C2000&ssl=1","datePublished":"2025-10-16T11:20:47+00:00","dateModified":"2026-03-12T08:38:07+00:00","breadcrumb":{"@id":"https:\/\/truusk.store\/sv\/produkt\/truusk-hundbadd-utomhus-vaderbestandig-hojd-ram-106-x-76-x-94-cm-ljusgra\/#breadcrumb"},"inLanguage":"sv-SE","potentialAction":[{"@type":"ReadAction","target":["https:\/\/truusk.store\/sv\/produkt\/truusk-hundbadd-utomhus-vaderbestandig-hojd-ram-106-x-76-x-94-cm-ljusgra\/"]}]},{"@type":"ImageObject","inLanguage":"sv-SE","@id":"https:\/\/truusk.store\/sv\/produkt\/truusk-hundbadd-utomhus-vaderbestandig-hojd-ram-106-x-76-x-94-cm-ljusgra\/#primaryimage","url":"https:\/\/i0.wp.com\/truusk.store\/wp-content\/uploads\/2025\/10\/hundbadd-utomhus-hundbadd-vaderbestandig-hojd-ram-106-x-76-x-94-cm-ljusgra-1.webp?fit=2000%2C2000&ssl=1","contentUrl":"https:\/\/i0.wp.com\/truusk.store\/wp-content\/uploads\/2025\/10\/hundbadd-utomhus-hundbadd-vaderbestandig-hojd-ram-106-x-76-x-94-cm-ljusgra-1.webp?fit=2000%2C2000&ssl=1","width":2000,"height":2000},{"@type":"BreadcrumbList","@id":"https:\/\/truusk.store\/sv\/produkt\/truusk-hundbadd-utomhus-vaderbestandig-hojd-ram-106-x-76-x-94-cm-ljusgra\/#breadcrumb","itemListElement":[{"@type":"ListItem","position":1,"name":"Home","item":"https:\/\/truusk.store\/sv\/"},{"@type":"ListItem","position":2,"name":"Shop","item":"https:\/\/truusk.store\/shop\/"},{"@type":"ListItem","position":3,"name":"TRUUSK Hundb\u00e4dd Utomhus &#8211; V\u00e4derbest\u00e4ndig &#8211; H\u00f6jd Ram &#8211; 106 x 76 x 94 cm &#8211; Ljusgr\u00e5"}]},{"@type":"WebSite","@id":"https:\/\/truusk.store\/sv\/#website","url":"https:\/\/truusk.store\/sv\/","name":"TRUUSK - Hem, Tr\u00e4dg\u00e5rd & Fritid","description":"","publisher":{"@id":"https:\/\/truusk.store\/sv\/#organization"},"potentialAction":[{"@type":"SearchAction","target":{"@type":"EntryPoint","urlTemplate":"https:\/\/truusk.store\/sv\/?s={search_term_string}"},"query-input":{"@type":"PropertyValueSpecification","valueRequired":true,"valueName":"search_term_string"}}],"inLanguage":"sv-SE"},{"@type":"Organization","@id":"https:\/\/truusk.store\/sv\/#organization","name":"TRUUSK - Hem, Tr\u00e4dg\u00e5rd & Fritid","url":"https:\/\/truusk.store\/sv\/","logo":{"@type":"ImageObject","inLanguage":"sv-SE","@id":"https:\/\/truusk.store\/sv\/#\/schema\/logo\/image\/","url":"https:\/\/i0.wp.com\/truusk.store\/wp-content\/uploads\/2026\/03\/cropped-TRUUSK.png?fit=2032%2C917&ssl=1","contentUrl":"https:\/\/i0.wp.com\/truusk.store\/wp-content\/uploads\/2026\/03\/cropped-TRUUSK.png?fit=2032%2C917&ssl=1","width":2032,"height":917,"caption":"TRUUSK - Hem, Tr\u00e4dg\u00e5rd & Fritid"},"image":{"@id":"https:\/\/truusk.store\/sv\/#\/schema\/logo\/image\/"}}]}},"jetpack_sharing_enabled":true,"_links":{"self":[{"href":"https:\/\/truusk.store\/sv\/wp-json\/wp\/v2\/product\/93686","targetHints":{"allow":["GET"]}}],"collection":[{"href":"https:\/\/truusk.store\/sv\/wp-json\/wp\/v2\/product"}],"about":[{"href":"https:\/\/truusk.store\/sv\/wp-json\/wp\/v2\/types\/product"}],"wp:featuredmedia":[{"embeddable":true,"href":"https:\/\/truusk.store\/sv\/wp-json\/wp\/v2\/media\/93677"}],"wp:attachment":[{"href":"https:\/\/truusk.store\/sv\/wp-json\/wp\/v2\/media?parent=93686"}],"wp:term":[{"taxonomy":"product_brand","embeddable":true,"href":"https:\/\/truusk.store\/sv\/wp-json\/wp\/v2\/product_brand?post=93686"},{"taxonomy":"product_cat","embeddable":true,"href":"https:\/\/truusk.store\/sv\/wp-json\/wp\/v2\/product_cat?post=93686"},{"taxonomy":"product_tag","embeddable":true,"href":"https:\/\/truusk.store\/sv\/wp-json\/wp\/v2\/product_tag?post=93686"}],"curies":[{"name":"wp","href":"https:\/\/api.w.org\/{rel}","templated":true}]}}