{"id":93716,"date":"2025-10-16T12:25:48","date_gmt":"2025-10-16T11:25:48","guid":{"rendered":"https:\/\/truusk.store\/product\/modern-golvlampa-med-3-lampskarmar-med-fotomkopplare-for-vardagsrum-sovrum-3-x-e27-sockel-guldton\/"},"modified":"2026-03-12T09:42:17","modified_gmt":"2026-03-12T08:42:17","slug":"truusk-modern-golvlampa-med-3-lampskarmar-fotomkopplare-for-vardagsrum-sovrum-3-x-e27-sockel-guldton","status":"publish","type":"product","link":"https:\/\/truusk.store\/sv\/produkt\/truusk-modern-golvlampa-med-3-lampskarmar-fotomkopplare-for-vardagsrum-sovrum-3-x-e27-sockel-guldton\/","title":{"rendered":"TRUUSK Modern Golvlampa Med 3 Lampsk\u00e4rmar &#8211; Fotomkopplare &#8211; F\u00f6r Vardagsrum &amp; Sovrum &#8211; 3 X E27-sockel &#8211; Guldton"},"content":{"rendered":"<p>Belys dina rum stilfullt med TRUUSK golvlampan. Den har tre justerbara lampsk\u00e4rmar som kan roteras 350\u00b0, vilket ger flexibla belysningsalternativ. Den eleganta, moderna designen p\u00e5 vardagsrumsgolvlampan med en guldram och matta vita sk\u00e4rmar ger varje rum en speciell touch. Tack vare den stabila, runda basen st\u00e5r golvlampan s\u00e4kert och blir en blickf\u00e5ng var som helst, oavsett om det \u00e4r bredvid soffan eller i h\u00f6rnet.<\/p>\n<p>Beskrivning:<\/p>\n<ul>\n<li> Tre roterande sk\u00e4rmar p\u00e5 olika h\u00f6jder p\u00e5 golvlampan ger individuell belysning<\/li>\n<li> Guldram med vittonade sk\u00e4rmar framh\u00e4ver modern inredning<\/li>\n<li> Stabil rund fot och robusta st\u00e4nger p\u00e5 golvlampan garanterar h\u00e5llbarhet<\/li>\n<li> Kompatibel med E27-sockel, st\u00f6der olika lampor<\/li>\n<li> Fotbrytare m\u00f6jligg\u00f6r enkel p\u00e5- och avst\u00e4ngning<\/li>\n<li> 1,8 m l\u00e5ng str\u00f6mkabel p\u00e5 golvlampan ger mycket r\u00e4ckvidd<\/li>\n<li> Enkel montering<\/li>\n<\/ul>\n<p>Tekniska data:<\/p>\n<ul>\n<li> F\u00e4rg: Guld<\/li>\n<li> Material: Metall, Glas<\/li>\n<li> Totala dimensioner: 41-55L x 28B x 165H cm<\/li>\n<li> Storlek p\u00e5 lampsk\u00e4rm: \u00d815 cm<\/li>\n<li> Storlek p\u00e5 bas: \u00d828 x 3H cm<\/li>\n<li> Passande sockelstorlek: \u2264\u00d86,5 cm (diameter p\u00e5 skruvsockel)<\/li>\n<li> Passande sockeltyp: E27 (gl\u00f6dlampor ing\u00e5r inte)<\/li>\n<li> Nominell sp\u00e4nning: 220-240V, 50Hz<\/li>\n<li> Nominell effekt: 3 x 40W=120W<\/li>\n<li> L\u00e4ngd p\u00e5 str\u00f6mkabel: 1,8 m<\/li>\n<\/ul>\n<p>Leveransinneh\u00e5ll:<\/p>\n<ul>\n<li> 1 x Golvlampa<\/li>\n<li> 1 x Bruksanvisning<\/li>\n<\/ul>\n","protected":false},"excerpt":{"rendered":"<p>Belys dina rum stilfullt med TRUUSK golvlampan. Den har tre justerbara lampsk\u00e4rmar som kan roteras 350\u00b0, vilket ger flexibla belysningsalternativ&#8230;.<\/p>\n","protected":false},"featured_media":93707,"template":"","meta":[],"product_brand":[],"product_cat":[486,907,871],"product_tag":[],"class_list":{"0":"post-93716","1":"product","2":"type-product","3":"status-publish","4":"has-post-thumbnail","6":"product_cat-belysning","7":"product_cat-golvlampor","8":"product_cat-hus-hem","10":"first","11":"instock","12":"sale","13":"taxable","14":"shipping-taxable","15":"purchasable","16":"product-type-simple"},"yoast_head":"<!-- This site is optimized with the Yoast SEO plugin v25.4 - https:\/\/yoast.com\/wordpress\/plugins\/seo\/ -->\n<title>TRUUSK Modern Golvlampa Med 3 Lampsk\u00e4rmar - Fotomkopplare - F\u00f6r Vardagsrum &amp; Sovrum - 3 X E27-sockel - Guldton - TRUUSK - Hem, Tr\u00e4dg\u00e5rd &amp; Fritid<\/title>\n<meta name=\"robots\" content=\"index, follow, max-snippet:-1, max-image-preview:large, max-video-preview:-1\" \/>\n<link rel=\"canonical\" href=\"https:\/\/truusk.store\/sv\/produkt\/truusk-modern-golvlampa-med-3-lampskarmar-fotomkopplare-for-vardagsrum-sovrum-3-x-e27-sockel-guldton\/\" \/>\n<meta property=\"og:locale\" content=\"sv_SE\" \/>\n<meta property=\"og:type\" content=\"article\" \/>\n<meta property=\"og:title\" content=\"TRUUSK Modern Golvlampa Med 3 Lampsk\u00e4rmar - Fotomkopplare - F\u00f6r Vardagsrum &amp; Sovrum - 3 X E27-sockel - Guldton - TRUUSK - Hem, Tr\u00e4dg\u00e5rd &amp; Fritid\" \/>\n<meta property=\"og:description\" content=\"Belys dina rum stilfullt med TRUUSK golvlampan. Den har tre justerbara lampsk\u00e4rmar som kan roteras 350\u00b0, vilket ger flexibla belysningsalternativ....\" \/>\n<meta property=\"og:url\" content=\"https:\/\/truusk.store\/sv\/produkt\/truusk-modern-golvlampa-med-3-lampskarmar-fotomkopplare-for-vardagsrum-sovrum-3-x-e27-sockel-guldton\/\" \/>\n<meta property=\"og:site_name\" content=\"TRUUSK - Hem, Tr\u00e4dg\u00e5rd &amp; Fritid\" \/>\n<meta property=\"article:modified_time\" content=\"2026-03-12T08:42:17+00:00\" \/>\n<meta property=\"og:image\" content=\"https:\/\/i0.wp.com\/truusk.se\/wp-content\/uploads\/2025\/10\/modern-golvlampa-med-3-lampskarmar-med-fotomkopplare-for-vardagsrum-sovrum-3-x-e27-sockel-guldton-1.webp?fit=2000%2C2000&ssl=1\" \/>\n\t<meta property=\"og:image:width\" content=\"2000\" \/>\n\t<meta property=\"og:image:height\" content=\"2000\" \/>\n\t<meta property=\"og:image:type\" content=\"image\/webp\" \/>\n<meta name=\"twitter:card\" content=\"summary_large_image\" \/>\n<meta name=\"twitter:label1\" content=\"Ber\u00e4knad l\u00e4stid\" \/>\n\t<meta name=\"twitter:data1\" content=\"1 minut\" \/>\n<!-- \/ Yoast SEO plugin. -->","yoast_head_json":{"title":"TRUUSK Modern Golvlampa Med 3 Lampsk\u00e4rmar - Fotomkopplare - F\u00f6r Vardagsrum &amp; Sovrum - 3 X E27-sockel - Guldton - TRUUSK - Hem, Tr\u00e4dg\u00e5rd &amp; Fritid","robots":{"index":"index","follow":"follow","max-snippet":"max-snippet:-1","max-image-preview":"max-image-preview:large","max-video-preview":"max-video-preview:-1"},"canonical":"https:\/\/truusk.store\/sv\/produkt\/truusk-modern-golvlampa-med-3-lampskarmar-fotomkopplare-for-vardagsrum-sovrum-3-x-e27-sockel-guldton\/","og_locale":"sv_SE","og_type":"article","og_title":"TRUUSK Modern Golvlampa Med 3 Lampsk\u00e4rmar - Fotomkopplare - F\u00f6r Vardagsrum &amp; Sovrum - 3 X E27-sockel - Guldton - TRUUSK - Hem, Tr\u00e4dg\u00e5rd &amp; Fritid","og_description":"Belys dina rum stilfullt med TRUUSK golvlampan. Den har tre justerbara lampsk\u00e4rmar som kan roteras 350\u00b0, vilket ger flexibla belysningsalternativ....","og_url":"https:\/\/truusk.store\/sv\/produkt\/truusk-modern-golvlampa-med-3-lampskarmar-fotomkopplare-for-vardagsrum-sovrum-3-x-e27-sockel-guldton\/","og_site_name":"TRUUSK - Hem, Tr\u00e4dg\u00e5rd &amp; Fritid","article_modified_time":"2026-03-12T08:42:17+00:00","og_image":[{"width":2000,"height":2000,"url":"https:\/\/i0.wp.com\/truusk.se\/wp-content\/uploads\/2025\/10\/modern-golvlampa-med-3-lampskarmar-med-fotomkopplare-for-vardagsrum-sovrum-3-x-e27-sockel-guldton-1.webp?fit=2000%2C2000&ssl=1","type":"image\/webp"}],"twitter_card":"summary_large_image","twitter_misc":{"Ber\u00e4knad l\u00e4stid":"1 minut"},"schema":{"@context":"https:\/\/schema.org","@graph":[{"@type":"WebPage","@id":"https:\/\/truusk.store\/sv\/produkt\/truusk-modern-golvlampa-med-3-lampskarmar-fotomkopplare-for-vardagsrum-sovrum-3-x-e27-sockel-guldton\/","url":"https:\/\/truusk.store\/sv\/produkt\/truusk-modern-golvlampa-med-3-lampskarmar-fotomkopplare-for-vardagsrum-sovrum-3-x-e27-sockel-guldton\/","name":"TRUUSK Modern Golvlampa Med 3 Lampsk\u00e4rmar - Fotomkopplare - F\u00f6r Vardagsrum &amp; Sovrum - 3 X E27-sockel - Guldton - TRUUSK - Hem, Tr\u00e4dg\u00e5rd &amp; Fritid","isPartOf":{"@id":"https:\/\/truusk.store\/sv\/#website"},"primaryImageOfPage":{"@id":"https:\/\/truusk.store\/sv\/produkt\/truusk-modern-golvlampa-med-3-lampskarmar-fotomkopplare-for-vardagsrum-sovrum-3-x-e27-sockel-guldton\/#primaryimage"},"image":{"@id":"https:\/\/truusk.store\/sv\/produkt\/truusk-modern-golvlampa-med-3-lampskarmar-fotomkopplare-for-vardagsrum-sovrum-3-x-e27-sockel-guldton\/#primaryimage"},"thumbnailUrl":"https:\/\/i0.wp.com\/truusk.store\/wp-content\/uploads\/2025\/10\/modern-golvlampa-med-3-lampskarmar-med-fotomkopplare-for-vardagsrum-sovrum-3-x-e27-sockel-guldton-1.webp?fit=2000%2C2000&ssl=1","datePublished":"2025-10-16T11:25:48+00:00","dateModified":"2026-03-12T08:42:17+00:00","breadcrumb":{"@id":"https:\/\/truusk.store\/sv\/produkt\/truusk-modern-golvlampa-med-3-lampskarmar-fotomkopplare-for-vardagsrum-sovrum-3-x-e27-sockel-guldton\/#breadcrumb"},"inLanguage":"sv-SE","potentialAction":[{"@type":"ReadAction","target":["https:\/\/truusk.store\/sv\/produkt\/truusk-modern-golvlampa-med-3-lampskarmar-fotomkopplare-for-vardagsrum-sovrum-3-x-e27-sockel-guldton\/"]}]},{"@type":"ImageObject","inLanguage":"sv-SE","@id":"https:\/\/truusk.store\/sv\/produkt\/truusk-modern-golvlampa-med-3-lampskarmar-fotomkopplare-for-vardagsrum-sovrum-3-x-e27-sockel-guldton\/#primaryimage","url":"https:\/\/i0.wp.com\/truusk.store\/wp-content\/uploads\/2025\/10\/modern-golvlampa-med-3-lampskarmar-med-fotomkopplare-for-vardagsrum-sovrum-3-x-e27-sockel-guldton-1.webp?fit=2000%2C2000&ssl=1","contentUrl":"https:\/\/i0.wp.com\/truusk.store\/wp-content\/uploads\/2025\/10\/modern-golvlampa-med-3-lampskarmar-med-fotomkopplare-for-vardagsrum-sovrum-3-x-e27-sockel-guldton-1.webp?fit=2000%2C2000&ssl=1","width":2000,"height":2000},{"@type":"BreadcrumbList","@id":"https:\/\/truusk.store\/sv\/produkt\/truusk-modern-golvlampa-med-3-lampskarmar-fotomkopplare-for-vardagsrum-sovrum-3-x-e27-sockel-guldton\/#breadcrumb","itemListElement":[{"@type":"ListItem","position":1,"name":"Home","item":"https:\/\/truusk.store\/sv\/"},{"@type":"ListItem","position":2,"name":"Shop","item":"https:\/\/truusk.store\/shop\/"},{"@type":"ListItem","position":3,"name":"TRUUSK Modern Golvlampa Med 3 Lampsk\u00e4rmar &#8211; Fotomkopplare &#8211; F\u00f6r Vardagsrum &amp; Sovrum &#8211; 3 X E27-sockel &#8211; Guldton"}]},{"@type":"WebSite","@id":"https:\/\/truusk.store\/sv\/#website","url":"https:\/\/truusk.store\/sv\/","name":"TRUUSK - Hem, Tr\u00e4dg\u00e5rd & Fritid","description":"","publisher":{"@id":"https:\/\/truusk.store\/sv\/#organization"},"potentialAction":[{"@type":"SearchAction","target":{"@type":"EntryPoint","urlTemplate":"https:\/\/truusk.store\/sv\/?s={search_term_string}"},"query-input":{"@type":"PropertyValueSpecification","valueRequired":true,"valueName":"search_term_string"}}],"inLanguage":"sv-SE"},{"@type":"Organization","@id":"https:\/\/truusk.store\/sv\/#organization","name":"TRUUSK - Hem, Tr\u00e4dg\u00e5rd & Fritid","url":"https:\/\/truusk.store\/sv\/","logo":{"@type":"ImageObject","inLanguage":"sv-SE","@id":"https:\/\/truusk.store\/sv\/#\/schema\/logo\/image\/","url":"https:\/\/i0.wp.com\/truusk.store\/wp-content\/uploads\/2026\/03\/cropped-TRUUSK.png?fit=2032%2C917&ssl=1","contentUrl":"https:\/\/i0.wp.com\/truusk.store\/wp-content\/uploads\/2026\/03\/cropped-TRUUSK.png?fit=2032%2C917&ssl=1","width":2032,"height":917,"caption":"TRUUSK - Hem, Tr\u00e4dg\u00e5rd & Fritid"},"image":{"@id":"https:\/\/truusk.store\/sv\/#\/schema\/logo\/image\/"}}]}},"jetpack_sharing_enabled":true,"_links":{"self":[{"href":"https:\/\/truusk.store\/sv\/wp-json\/wp\/v2\/product\/93716","targetHints":{"allow":["GET"]}}],"collection":[{"href":"https:\/\/truusk.store\/sv\/wp-json\/wp\/v2\/product"}],"about":[{"href":"https:\/\/truusk.store\/sv\/wp-json\/wp\/v2\/types\/product"}],"wp:featuredmedia":[{"embeddable":true,"href":"https:\/\/truusk.store\/sv\/wp-json\/wp\/v2\/media\/93707"}],"wp:attachment":[{"href":"https:\/\/truusk.store\/sv\/wp-json\/wp\/v2\/media?parent=93716"}],"wp:term":[{"taxonomy":"product_brand","embeddable":true,"href":"https:\/\/truusk.store\/sv\/wp-json\/wp\/v2\/product_brand?post=93716"},{"taxonomy":"product_cat","embeddable":true,"href":"https:\/\/truusk.store\/sv\/wp-json\/wp\/v2\/product_cat?post=93716"},{"taxonomy":"product_tag","embeddable":true,"href":"https:\/\/truusk.store\/sv\/wp-json\/wp\/v2\/product_tag?post=93716"}],"curies":[{"name":"wp","href":"https:\/\/api.w.org\/{rel}","templated":true}]}}